{"id":7990,"date":"2025-07-12T10:05:53","date_gmt":"2025-07-12T10:05:53","guid":{"rendered":"https:\/\/jinsuncarbon.com\/?post_type=product&#038;p=7990"},"modified":"2025-07-12T10:05:55","modified_gmt":"2025-07-12T10:05:55","slug":"graphite-revetu-de-carbure-de-silicium","status":"publish","type":"product","link":"https:\/\/jinsuncarbon.com\/fr\/produit-2\/graphite-revetu-de-carbure-de-silicium\/","title":{"rendered":"Graphite rev\u00eatu de carbure de silicium"},"content":{"rendered":"<h2>Avantages du graphite rev\u00eatu de carbure de silicium<\/h2>\n<p>G\u00e9n\u00e9ralement, le graphite rev\u00eatu de carbure de silicium (SiC) se pr\u00e9sente sous la forme de blocs, de plaques ou de tubes et pr\u00e9sente des avantages remarquables.<\/p>\n<p><strong><b>E<\/b><\/strong><strong><b>xcellente stabilit\u00e9 \u00e0 haute temp\u00e9rature<\/b><\/strong><\/p>\n<p>Il peut rester stable dans une large gamme de temp\u00e9ratures allant de -200\u00b0C \u00e0 1600\u00b0C.<\/p>\n<p>&nbsp;<\/p>\n<p><strong><b>H<\/b><\/strong><strong><b>Duret\u00e9 \u00e9lev\u00e9e de la surface<\/b><\/strong><\/p>\n<p>Il s'agit donc d'une couche extr\u00eamement r\u00e9sistante \u00e0 l'usure. Elle peut r\u00e9duire les pertes par frottement, prolonger la dur\u00e9e de vie des \u00e9quipements et am\u00e9liorer l'efficacit\u00e9 op\u00e9rationnelle.<\/p>\n<p>&nbsp;<\/p>\n<p><strong><b>Propri\u00e9t\u00e9s chimiques stables<\/b><\/strong><\/p>\n<p>Il pr\u00e9sente une forte tol\u00e9rance \u00e0 diverses substances chimiques.<\/p>\n<p>&nbsp;<\/p>\n<p><strong><b>S<\/b><\/strong><strong><b>forte r\u00e9sistance \u00e0 l'oxydation<\/b><\/strong><\/p>\n<p>Vous pouvez l'utiliser comme mat\u00e9riau de protection \u00e0 haute temp\u00e9rature et il est tr\u00e8s durable.<\/p>\n<p>&nbsp;<\/p>\n<p><strong><b>E<\/b><\/strong><strong><b>xcellente conductivit\u00e9 thermique<\/b><\/strong><\/p>\n<p>Cela lui permet de conduire rapidement la chaleur, ce qui est crucial dans de nombreuses applications de gestion thermique \u00e0 haute temp\u00e9rature.<\/p>\n<p>&nbsp;<\/p>\n<p><strong><b>G<\/b><\/strong><strong><b>Bonne conductivit\u00e9 \u00e9lectrique <\/b><\/strong><\/p>\n<p>Il peut transmettre le courant de mani\u00e8re stable \u00e0 des temp\u00e9ratures \u00e9lev\u00e9es et dans des environnements corrosifs, et convient \u00e0 divers sc\u00e9narios conducteurs.<\/p>\n<p><strong><b>\u00a0<\/b><\/strong><\/p>\n<h2>Utilisations du graphite rev\u00eatu de carbure de silicium<\/h2>\n<p><strong><b>Dans le domaine de la m\u00e9tallurgie<\/b><\/strong><\/p>\n<p>Le graphite rev\u00eatu de carbure de silicium pr\u00e9sente une forte r\u00e9sistance \u00e0 la corrosion et peut prot\u00e9ger efficacement les \u00e9lectrodes contre les dommages. Pendant le fonctionnement de l'\u00e9quipement m\u00e9tallurgique, il est confront\u00e9 \u00e0 l'\u00e9rosion \u00e0 haute temp\u00e9rature et peut donc \u00eatre utilis\u00e9 pour la protection des \u00e9lectrodes.<strong><b>\u00a0<\/b><\/strong>Elle peut r\u00e9duire la probabilit\u00e9 de d\u00e9faillance des \u00e9quipements et am\u00e9liorer les performances et la stabilit\u00e9.<\/p>\n<p><strong><b>\u00a0<\/b><\/strong><\/p>\n<p><strong><b>Dans le domaine de l'\u00e9nergie<\/b><\/strong><\/p>\n<p><strong><b>Dans les piles \u00e0 combustible \u00e0 haute temp\u00e9rature<\/b><\/strong><\/p>\n<p>Vous pouvez l'utiliser comme <a href=\"https:\/\/jinsuncarbon.com\/fr\/produit-2\/plaque-bipolaire-en-graphite\/\">bipolar plates<\/a> pour s\u00e9parer le combustible et l'oxydant, collecter et conduire l'\u00e9lectricit\u00e9. Il soutient \u00e9galement l'\u00e9lectrode \u00e0 membrane, garantissant ainsi la stabilit\u00e9 \u00e0 long terme de la production d'\u00e9nergie de la batterie.<\/p>\n<p>&nbsp;<\/p>\n<p><strong><b>Dans les \u00e9quipements industriels nucl\u00e9aires<\/b><\/strong><\/p>\n<p>En raison de sa r\u00e9sistance aux radiations et de sa stabilit\u00e9 chimique, il peut \u00eatre utilis\u00e9 comme composant structurel ou comme mat\u00e9riau de protection pour les produits suivants <a href=\"https:\/\/en.wikipedia.org\/wiki\/Nuclear_reactor\" target=\"_blank\" rel=\"noopener\">r\u00e9acteurs nucl\u00e9aires<\/a>. Il peut contribuer \u00e0 am\u00e9liorer la s\u00e9curit\u00e9 et la stabilit\u00e9 de l'exploitation des \u00e9quipements nucl\u00e9aires.<\/p>\n<p><strong><b>\u00a0<\/b><\/strong><\/p>\n<p><strong><b>Dans l'industrie chimique<\/b><\/strong><\/p>\n<p>Il peut \u00eatre utilis\u00e9 comme mat\u00e9riau de rev\u00eatement id\u00e9al pour le rev\u00eatement int\u00e9rieur des cuves de r\u00e9action et des pipelines d'\u00e9changeurs de chaleur. Gr\u00e2ce \u00e0 son inertie chimique, il peut isoler la source de corrosion et prot\u00e9ger la base de l'\u00e9quipement. En m\u00eame temps, il est possible d'utiliser sa conductivit\u00e9 thermique pour obtenir un contr\u00f4le uniforme de la temp\u00e9rature du milieu. Son utilisation sur la surface de l'\u00e9lectrode d'une cellule \u00e9lectrolytique peut am\u00e9liorer la stabilit\u00e9 de l'\u00e9lectrode \u00e0 haute temp\u00e9rature. Cela peut am\u00e9liorer l'efficacit\u00e9 de l'\u00e9lectrolyse et la qualit\u00e9 du produit.<\/p>\n<p>&nbsp;<\/p>\n<p><strong><b>Dans l'industrie des machines<\/b><\/strong><\/p>\n<p><strong><b>Production de composants r\u00e9sistants \u00e0 l'usure<\/b><\/strong><\/p>\n<p>En raison de son excellente duret\u00e9, de sa r\u00e9sistance \u00e0 l'usure et de sa stabilit\u00e9 \u00e0 haute temp\u00e9rature, il peut \u00eatre transform\u00e9 en rouleaux m\u00e9tallurgiques et en rev\u00eatements r\u00e9sistants \u00e0 l'usure. Il peut \u00eatre largement utilis\u00e9 pour la protection contre l'usure des \u00e9quipements, des tuyaux, des vannes et d'autres composants dans l'industrie. Il peut r\u00e9duire l'usure des composants et prolonger les cycles de remplacement.<\/p>\n<p>&nbsp;<\/p>\n<p><strong><b>P<\/b><\/strong><strong><b>couche protectrice pour les moules \u00e0 haute temp\u00e9rature<\/b><\/strong><\/p>\n<p>Gr\u00e2ce \u00e0 sa r\u00e9sistance aux temp\u00e9ratures \u00e9lev\u00e9es et \u00e0 ses propri\u00e9t\u00e9s antiadh\u00e9sives, il peut r\u00e9duire l'usure des moules et am\u00e9liorer la pr\u00e9cision et l'efficacit\u00e9 du moulage.<\/p>","protected":false},"excerpt":{"rendered":"<p>Le graphite rev\u00eatu de carbure de silicium est un mat\u00e9riau composite qui recouvre la surface du substrat de graphite d'un film de carbure de silicium. Gr\u00e2ce \u00e0 ses propri\u00e9t\u00e9s thermiques, \u00e9lectriques, chimiques et de r\u00e9sistance \u00e0 l'usure uniques, il convient parfaitement \u00e0 un large \u00e9ventail d'applications industrielles modernes. Il s'agit d'un mat\u00e9riau robuste et durable, qui convient parfaitement aux exigences dynamiques dans des conditions difficiles. Il est par exemple utilis\u00e9 comme composant de champ thermique dans les fours monocristallins, comme creuset r\u00e9sistant \u00e0 l'usure dans l'industrie m\u00e9tallurgique, etc.<\/p>","protected":false},"featured_media":7995,"template":"","meta":[],"product_brand":[],"product_cat":[67],"product_tag":[],"class_list":{"0":"post-7990","1":"product","2":"type-product","3":"status-publish","4":"has-post-thumbnail","6":"product_cat-graphite-material","8":"first","9":"instock","10":"shipping-taxable","11":"product-type-simple"},"yoast_head":"<!-- This site is optimized with the Yoast SEO Premium plugin v19.2.1 (Yoast SEO v25.3) - https:\/\/yoast.com\/wordpress\/plugins\/seo\/ -->\n<title>Silicon Carbide Coated Graphite | Jinsun Carbon<\/title>\n<meta name=\"description\" content=\"Silicon carbide coated graphite manufacturer in China. The coating is typically applied to the graphite substrate using a chemical vapor deposition (CVD) technique.\" \/>\n<meta name=\"robots\" content=\"index, follow, max-snippet:-1, max-image-preview:large, max-video-preview:-1\" \/>\n<link rel=\"canonical\" href=\"https:\/\/jinsuncarbon.com\/fr\/produit-2\/graphite-revetu-de-carbure-de-silicium\/\" \/>\n<meta property=\"og:locale\" content=\"fr_FR\" \/>\n<meta property=\"og:type\" content=\"article\" \/>\n<meta property=\"og:title\" content=\"Silicon Carbide Coated Graphite\" \/>\n<meta property=\"og:description\" content=\"Silicon carbide coated graphite manufacturer in China. The coating is typically applied to the graphite substrate using a chemical vapor deposition (CVD) technique.\" \/>\n<meta property=\"og:url\" content=\"https:\/\/jinsuncarbon.com\/fr\/produit-2\/graphite-revetu-de-carbure-de-silicium\/\" \/>\n<meta property=\"og:site_name\" content=\"Jinsun Carbon\" \/>\n<meta property=\"article:publisher\" content=\"https:\/\/www.facebook.com\/Graphite-Electrode-109336238661595\" \/>\n<meta property=\"article:modified_time\" content=\"2025-07-12T10:05:55+00:00\" \/>\n<meta property=\"og:image\" content=\"https:\/\/jinsuncarbon.com\/wp-content\/uploads\/2025\/07\/Silicon-Carbide-Coated-Graphite.jpg\" \/>\n\t<meta property=\"og:image:width\" content=\"1024\" \/>\n\t<meta property=\"og:image:height\" content=\"763\" \/>\n\t<meta property=\"og:image:type\" content=\"image\/jpeg\" \/>\n<meta name=\"twitter:card\" content=\"summary_large_image\" \/>\n<meta name=\"twitter:site\" content=\"@jinsuncarbon_\" \/>\n<meta name=\"twitter:label1\" content=\"Dur\u00e9e de lecture estim\u00e9e\" \/>\n\t<meta name=\"twitter:data1\" content=\"3 minutes\" \/>\n<script type=\"application\/ld+json\" class=\"yoast-schema-graph\">{\"@context\":\"https:\/\/schema.org\",\"@graph\":[{\"@type\":\"WebPage\",\"@id\":\"https:\/\/jinsuncarbon.com\/product\/silicon-carbide-coated-graphite\/\",\"url\":\"https:\/\/jinsuncarbon.com\/product\/silicon-carbide-coated-graphite\/\",\"name\":\"Silicon Carbide Coated Graphite | Jinsun Carbon\",\"isPartOf\":{\"@id\":\"https:\/\/jinsuncarbon.com\/#website\"},\"primaryImageOfPage\":{\"@id\":\"https:\/\/jinsuncarbon.com\/product\/silicon-carbide-coated-graphite\/#primaryimage\"},\"image\":{\"@id\":\"https:\/\/jinsuncarbon.com\/product\/silicon-carbide-coated-graphite\/#primaryimage\"},\"thumbnailUrl\":\"https:\/\/jinsuncarbon.com\/wp-content\/uploads\/2025\/07\/Silicon-Carbide-Coated-Graphite.jpg\",\"datePublished\":\"2025-07-12T10:05:53+00:00\",\"dateModified\":\"2025-07-12T10:05:55+00:00\",\"description\":\"Silicon carbide coated graphite manufacturer in China. The coating is typically applied to the graphite substrate using a chemical vapor deposition (CVD) technique.\",\"breadcrumb\":{\"@id\":\"https:\/\/jinsuncarbon.com\/product\/silicon-carbide-coated-graphite\/#breadcrumb\"},\"inLanguage\":\"fr-FR\",\"potentialAction\":[{\"@type\":\"ReadAction\",\"target\":[\"https:\/\/jinsuncarbon.com\/product\/silicon-carbide-coated-graphite\/\"]}]},{\"@type\":\"ImageObject\",\"inLanguage\":\"fr-FR\",\"@id\":\"https:\/\/jinsuncarbon.com\/product\/silicon-carbide-coated-graphite\/#primaryimage\",\"url\":\"https:\/\/jinsuncarbon.com\/wp-content\/uploads\/2025\/07\/Silicon-Carbide-Coated-Graphite.jpg\",\"contentUrl\":\"https:\/\/jinsuncarbon.com\/wp-content\/uploads\/2025\/07\/Silicon-Carbide-Coated-Graphite.jpg\",\"width\":1024,\"height\":763,\"caption\":\"Silicon Carbide Coated Graphite\"},{\"@type\":\"BreadcrumbList\",\"@id\":\"https:\/\/jinsuncarbon.com\/product\/silicon-carbide-coated-graphite\/#breadcrumb\",\"itemListElement\":[{\"@type\":\"ListItem\",\"position\":1,\"name\":\"Home\",\"item\":\"https:\/\/jinsuncarbon.com\/\"},{\"@type\":\"ListItem\",\"position\":2,\"name\":\"Products\",\"item\":\"https:\/\/jinsuncarbon.com\/graphite-carbon\/\"},{\"@type\":\"ListItem\",\"position\":3,\"name\":\"Silicon Carbide Coated Graphite\"}]},{\"@type\":\"WebSite\",\"@id\":\"https:\/\/jinsuncarbon.com\/#website\",\"url\":\"https:\/\/jinsuncarbon.com\/\",\"name\":\"Jinsun Carbon\",\"description\":\"We are the successful graphite electrode manufacturer in China\",\"publisher\":{\"@id\":\"https:\/\/jinsuncarbon.com\/#organization\"},\"potentialAction\":[{\"@type\":\"SearchAction\",\"target\":{\"@type\":\"EntryPoint\",\"urlTemplate\":\"https:\/\/jinsuncarbon.com\/?s={search_term_string}\"},\"query-input\":{\"@type\":\"PropertyValueSpecification\",\"valueRequired\":true,\"valueName\":\"search_term_string\"}}],\"inLanguage\":\"fr-FR\"},{\"@type\":\"Organization\",\"@id\":\"https:\/\/jinsuncarbon.com\/#organization\",\"name\":\"Jinsun Carbon\",\"alternateName\":\"Jinsun Carbon\",\"url\":\"https:\/\/jinsuncarbon.com\/\",\"logo\":{\"@type\":\"ImageObject\",\"inLanguage\":\"fr-FR\",\"@id\":\"https:\/\/jinsuncarbon.com\/#\/schema\/logo\/image\/\",\"url\":\"https:\/\/jinsuncarbon.com\/wp-content\/uploads\/2022\/12\/LOGO-1.png\",\"contentUrl\":\"https:\/\/jinsuncarbon.com\/wp-content\/uploads\/2022\/12\/LOGO-1.png\",\"width\":207,\"height\":80,\"caption\":\"Jinsun Carbon\"},\"image\":{\"@id\":\"https:\/\/jinsuncarbon.com\/#\/schema\/logo\/image\/\"},\"sameAs\":[\"https:\/\/www.facebook.com\/Graphite-Electrode-109336238661595\",\"https:\/\/x.com\/jinsuncarbon_\",\"https:\/\/www.linkedin.com\/in\/jinsungraphite\",\"https:\/\/www.youtube.com\/channel\/UCysDNyvyR5-3cCWEmpkVC0g\"]}]}<\/script>\n<!-- \/ Yoast SEO Premium plugin. -->","yoast_head_json":{"title":"Graphite rev\u00eatu de carbure de silicium | Jinsun Carbon","description":"Fabricant de graphite rev\u00eatu de carbure de silicium en Chine. Le rev\u00eatement est g\u00e9n\u00e9ralement appliqu\u00e9 sur le substrat de graphite \u00e0 l'aide d'une technique de d\u00e9p\u00f4t chimique en phase vapeur (CVD).","robots":{"index":"index","follow":"follow","max-snippet":"max-snippet:-1","max-image-preview":"max-image-preview:large","max-video-preview":"max-video-preview:-1"},"canonical":"https:\/\/jinsuncarbon.com\/fr\/produit-2\/graphite-revetu-de-carbure-de-silicium\/","og_locale":"fr_FR","og_type":"article","og_title":"Silicon Carbide Coated Graphite","og_description":"Silicon carbide coated graphite manufacturer in China. The coating is typically applied to the graphite substrate using a chemical vapor deposition (CVD) technique.","og_url":"https:\/\/jinsuncarbon.com\/fr\/produit-2\/graphite-revetu-de-carbure-de-silicium\/","og_site_name":"Jinsun Carbon","article_publisher":"https:\/\/www.facebook.com\/Graphite-Electrode-109336238661595","article_modified_time":"2025-07-12T10:05:55+00:00","og_image":[{"width":1024,"height":763,"url":"https:\/\/jinsuncarbon.com\/wp-content\/uploads\/2025\/07\/Silicon-Carbide-Coated-Graphite.jpg","type":"image\/jpeg"}],"twitter_card":"summary_large_image","twitter_site":"@jinsuncarbon_","twitter_misc":{"Dur\u00e9e de lecture estim\u00e9e":"3 minutes"},"schema":{"@context":"https:\/\/schema.org","@graph":[{"@type":"WebPage","@id":"https:\/\/jinsuncarbon.com\/product\/silicon-carbide-coated-graphite\/","url":"https:\/\/jinsuncarbon.com\/product\/silicon-carbide-coated-graphite\/","name":"Graphite rev\u00eatu de carbure de silicium | Jinsun Carbon","isPartOf":{"@id":"https:\/\/jinsuncarbon.com\/#website"},"primaryImageOfPage":{"@id":"https:\/\/jinsuncarbon.com\/product\/silicon-carbide-coated-graphite\/#primaryimage"},"image":{"@id":"https:\/\/jinsuncarbon.com\/product\/silicon-carbide-coated-graphite\/#primaryimage"},"thumbnailUrl":"https:\/\/jinsuncarbon.com\/wp-content\/uploads\/2025\/07\/Silicon-Carbide-Coated-Graphite.jpg","datePublished":"2025-07-12T10:05:53+00:00","dateModified":"2025-07-12T10:05:55+00:00","description":"Fabricant de graphite rev\u00eatu de carbure de silicium en Chine. Le rev\u00eatement est g\u00e9n\u00e9ralement appliqu\u00e9 sur le substrat de graphite \u00e0 l'aide d'une technique de d\u00e9p\u00f4t chimique en phase vapeur (CVD).","breadcrumb":{"@id":"https:\/\/jinsuncarbon.com\/product\/silicon-carbide-coated-graphite\/#breadcrumb"},"inLanguage":"fr-FR","potentialAction":[{"@type":"ReadAction","target":["https:\/\/jinsuncarbon.com\/product\/silicon-carbide-coated-graphite\/"]}]},{"@type":"ImageObject","inLanguage":"fr-FR","@id":"https:\/\/jinsuncarbon.com\/product\/silicon-carbide-coated-graphite\/#primaryimage","url":"https:\/\/jinsuncarbon.com\/wp-content\/uploads\/2025\/07\/Silicon-Carbide-Coated-Graphite.jpg","contentUrl":"https:\/\/jinsuncarbon.com\/wp-content\/uploads\/2025\/07\/Silicon-Carbide-Coated-Graphite.jpg","width":1024,"height":763,"caption":"Silicon Carbide Coated Graphite"},{"@type":"BreadcrumbList","@id":"https:\/\/jinsuncarbon.com\/product\/silicon-carbide-coated-graphite\/#breadcrumb","itemListElement":[{"@type":"ListItem","position":1,"name":"Home","item":"https:\/\/jinsuncarbon.com\/"},{"@type":"ListItem","position":2,"name":"Products","item":"https:\/\/jinsuncarbon.com\/graphite-carbon\/"},{"@type":"ListItem","position":3,"name":"Silicon Carbide Coated Graphite"}]},{"@type":"WebSite","@id":"https:\/\/jinsuncarbon.com\/#website","url":"https:\/\/jinsuncarbon.com\/","name":"Jinsun Carbon","description":"Nous sommes le fabricant d'\u00e9lectrodes en graphite le plus performant de Chine.","publisher":{"@id":"https:\/\/jinsuncarbon.com\/#organization"},"potentialAction":[{"@type":"SearchAction","target":{"@type":"EntryPoint","urlTemplate":"https:\/\/jinsuncarbon.com\/?s={search_term_string}"},"query-input":{"@type":"PropertyValueSpecification","valueRequired":true,"valueName":"search_term_string"}}],"inLanguage":"fr-FR"},{"@type":"Organization","@id":"https:\/\/jinsuncarbon.com\/#organization","name":"Jinsun Carbon","alternateName":"Jinsun Carbon","url":"https:\/\/jinsuncarbon.com\/","logo":{"@type":"ImageObject","inLanguage":"fr-FR","@id":"https:\/\/jinsuncarbon.com\/#\/schema\/logo\/image\/","url":"https:\/\/jinsuncarbon.com\/wp-content\/uploads\/2022\/12\/LOGO-1.png","contentUrl":"https:\/\/jinsuncarbon.com\/wp-content\/uploads\/2022\/12\/LOGO-1.png","width":207,"height":80,"caption":"Jinsun Carbon"},"image":{"@id":"https:\/\/jinsuncarbon.com\/#\/schema\/logo\/image\/"},"sameAs":["https:\/\/www.facebook.com\/Graphite-Electrode-109336238661595","https:\/\/x.com\/jinsuncarbon_","https:\/\/www.linkedin.com\/in\/jinsungraphite","https:\/\/www.youtube.com\/channel\/UCysDNyvyR5-3cCWEmpkVC0g"]}]}},"_links":{"self":[{"href":"https:\/\/jinsuncarbon.com\/fr\/wp-json\/wp\/v2\/product\/7990","targetHints":{"allow":["GET"]}}],"collection":[{"href":"https:\/\/jinsuncarbon.com\/fr\/wp-json\/wp\/v2\/product"}],"about":[{"href":"https:\/\/jinsuncarbon.com\/fr\/wp-json\/wp\/v2\/types\/product"}],"wp:featuredmedia":[{"embeddable":true,"href":"https:\/\/jinsuncarbon.com\/fr\/wp-json\/wp\/v2\/media\/7995"}],"wp:attachment":[{"href":"https:\/\/jinsuncarbon.com\/fr\/wp-json\/wp\/v2\/media?parent=7990"}],"wp:term":[{"taxonomy":"product_brand","embeddable":true,"href":"https:\/\/jinsuncarbon.com\/fr\/wp-json\/wp\/v2\/product_brand?post=7990"},{"taxonomy":"product_cat","embeddable":true,"href":"https:\/\/jinsuncarbon.com\/fr\/wp-json\/wp\/v2\/product_cat?post=7990"},{"taxonomy":"product_tag","embeddable":true,"href":"https:\/\/jinsuncarbon.com\/fr\/wp-json\/wp\/v2\/product_tag?post=7990"}],"curies":[{"name":"wp","href":"https:\/\/api.w.org\/{rel}","templated":true}]}}