{"id":7941,"date":"2025-05-10T09:15:32","date_gmt":"2025-05-10T09:15:32","guid":{"rendered":"https:\/\/jinsuncarbon.com\/?post_type=product&#038;p=7941"},"modified":"2025-05-10T09:15:33","modified_gmt":"2025-05-10T09:15:33","slug":"girouette-en-graphite","status":"publish","type":"product","link":"https:\/\/jinsuncarbon.com\/fr\/produit-2\/girouette-en-graphite\/","title":{"rendered":"Palette en graphite"},"content":{"rendered":"<h2>Avantages des palettes en graphite<\/h2>\n<p><strong><b>Superbe<\/b><\/strong><strong><b>\u00a0stabilit\u00e9 thermique <\/b><\/strong><\/p>\n<p>Il peut maintenir la stabilit\u00e9 de la structure et des performances dans une large gamme de temp\u00e9ratures allant de -200\u2103 \u00e0 450\u2103, s'adaptant ainsi efficacement aux environnements \u00e0 haute ou basse temp\u00e9rature.<\/p>\n<p>&nbsp;<\/p>\n<p><strong><b>Stable <\/b><\/strong><strong><b>propri\u00e9t\u00e9s chimiques<\/b><\/strong><\/p>\n<p>Il ne r\u00e9agit pratiquement pas aux substances chimiques courantes et peut donc \u00eatre utilis\u00e9 pendant longtemps, m\u00eame dans des environnements chimiquement corrosifs.<\/p>\n<p>&nbsp;<\/p>\n<p><strong><b>Coefficient de frottement extr\u00eamement faible <\/b><\/strong><\/p>\n<p>Cela lui permet d'avoir une capacit\u00e9 d'autolubrification, ce qui peut r\u00e9duire de mani\u00e8re significative la perte de friction avec d'autres composants et diminuer la fr\u00e9quence de l'entretien.<\/p>\n<p>&nbsp;<\/p>\n<p><strong><b>Excellente conductivit\u00e9 thermique et \u00e9lectrique<\/b><\/strong><\/p>\n<p>Il peut conduire rapidement la chaleur, emp\u00eacher une surchauffe locale et r\u00e9pondre aux exigences d'application dans des environnements \u00e9lectromagn\u00e9tiques sp\u00e9cifiques.<\/p>\n<p>&nbsp;<\/p>\n<p><strong><b>Faible densit\u00e9<\/b><\/strong><\/p>\n<p>Le poids est l\u00e9ger, ce qui permet de r\u00e9duire la charge globale de l'\u00e9quipement et d'am\u00e9liorer l'efficacit\u00e9 op\u00e9rationnelle.<\/p>\n<p>&nbsp;<\/p>\n<p><strong><b>Bonne performance de transformation<\/b><\/strong><\/p>\n<p>Il est possible de personnaliser les formes et les tailles en fonction de diff\u00e9rents besoins, tels que les aubes creuses en graphite, les aubes pleines en graphite, etc. En outre, vous pouvez \u00e9galement choisir diff\u00e9rents types d'ailettes en graphite fabriqu\u00e9es par des proc\u00e9d\u00e9s de pressage et des techniques de traitement de pr\u00e9cision.<\/p>\n<p><strong><b>\u00a0<\/b><\/strong><\/p>\n<h2>Utilisations de la palette en graphite<\/h2>\n<h3>Champ \u00e9nerg\u00e9tique :<\/h3>\n<p><strong><b>Production d'\u00e9nergie \u00e9olienne<\/b><\/strong><\/p>\n<p>En raison de leur grande solidit\u00e9 et de leur r\u00e9sistance aux intemp\u00e9ries, les aubes en graphite peuvent \u00eatre utilis\u00e9es comme pales d'\u00e9oliennes. Elles peuvent fonctionner de mani\u00e8re stable dans des environnements ext\u00e9rieurs expos\u00e9s \u00e0 long terme \u00e0 l'\u00e9rosion due au vent, au soleil, au sable et \u00e0 la poussi\u00e8re. Elles permettent ainsi de capter efficacement l'\u00e9nergie \u00e9olienne et d'am\u00e9liorer l'efficacit\u00e9 de la production d'\u00e9lectricit\u00e9.<\/p>\n<p>&nbsp;<\/p>\n<p><strong><b>Syst\u00e8me d'\u00e9nergie nucl\u00e9aire<\/b><\/strong><\/p>\n<p>Les palettes en graphite de haute puret\u00e9 peuvent fonctionner de mani\u00e8re fiable dans des environnements \u00e0 haute temp\u00e9rature et sous rayonnement.<\/p>\n<p>Vous pouvez donc les utiliser dans le syst\u00e8me de circulation du froid de <a href=\"https:\/\/en.wikipedia.org\/wiki\/Nuclear_reactor\" target=\"_blank\" rel=\"noopener\">r\u00e9acteurs nucl\u00e9aires<\/a>\u00a0afin d'assurer la stabilit\u00e9 de l'alimentation en fluide frigorig\u00e8ne.<\/p>\n<p>&nbsp;<\/p>\n<h3>Fabrication industrielle :<\/h3>\n<p><strong><b>\u00c9quipement chimique<\/b><\/strong><\/p>\n<p>Vous pouvez les utiliser dans les dispositifs d'agitation des cuves de r\u00e9action chimique et dans les pompes de transfert de solutions acides et alcalines. Gr\u00e2ce \u00e0 leur inertie chimique, ils r\u00e9sistent \u00e0 l'\u00e9rosion des milieux fortement corrosifs, ce qui prolonge la dur\u00e9e de vie de l'\u00e9quipement. Dans les centrifugeuses, la propri\u00e9t\u00e9 autolubrifiante r\u00e9duit la friction et am\u00e9liore l'efficacit\u00e9 de la s\u00e9paration.<\/p>\n<p>&nbsp;<\/p>\n<p><strong><b>Industrie m\u00e9tallurgique<\/b><\/strong><\/p>\n<p>Ils peuvent \u00e9galement \u00eatre utilis\u00e9s dans le syst\u00e8me de ventilation des fours \u00e0 haute temp\u00e9rature. Ils peuvent r\u00e9sister aux environnements poussi\u00e9reux \u00e0 haute temp\u00e9rature et maintenir la circulation de l'air et la stabilit\u00e9 de la temp\u00e9rature \u00e0 l'int\u00e9rieur du four. <a href=\"https:\/\/jinsuncarbon.com\/fr\/graphite-dans-un-four-sous-vide\/\">fours<\/a>.<\/p>\n<p>&nbsp;<\/p>\n<h3>\u00c9lectronique et a\u00e9rospatiale :<\/h3>\n<p><strong><b>Dissipation de la chaleur \u00e9lectronique<\/b><\/strong><\/p>\n<p>Dans les ventilateurs de refroidissement des serveurs et des ordinateurs \u00e0 haute performance, les ailettes en graphite jouent \u00e9galement un r\u00f4le crucial. Gr\u00e2ce \u00e0 leur conductivit\u00e9 thermique \u00e9lev\u00e9e et \u00e0 leur faible r\u00e9sistance au vent, elles dissipent rapidement la chaleur, assurant ainsi un fonctionnement stable des composants \u00e9lectroniques.<\/p>\n<p>&nbsp;<\/p>\n<p><strong><b>A\u00e9rospatiale<\/b><\/strong><\/p>\n<p>En outre, ils sont utilis\u00e9s dans le syst\u00e8me de contr\u00f4le environnemental des avions pour r\u00e9guler la circulation de l'air dans la cabine. Leurs caract\u00e9ristiques de l\u00e9g\u00e8ret\u00e9, de r\u00e9sistance \u00e0 la chaleur et de haute r\u00e9sistance r\u00e9pondent aux exigences strictes des \u00e9quipements a\u00e9rospatiaux en mati\u00e8re de l\u00e9g\u00e8ret\u00e9 et de fiabilit\u00e9.<\/p>","protected":false},"excerpt":{"rendered":"<p>Les aubes en graphite sont des pales ou des composants de guidage fabriqu\u00e9s \u00e0 partir de graphite de haute puret\u00e9, que l'on trouve couramment dans certains \u00e9quipements industriels ou syst\u00e8mes m\u00e9caniques. Par exemple, dans le syst\u00e8me d'agitation des cuves de r\u00e9action chimique, les \u00e9oliennes, les ventilateurs de refroidissement des \u00e9quipements \u00e9lectroniques, etc. Gr\u00e2ce \u00e0 l'optimisation de la structure cristalline du graphite, il combine les caract\u00e9ristiques intrins\u00e8ques des mat\u00e9riaux en graphite et la morphologie fonctionnelle sp\u00e9ciale des aubes. Il pr\u00e9sente donc une r\u00e9sistance exceptionnelle aux temp\u00e9ratures \u00e9lev\u00e9es, une r\u00e9sistance \u00e0 la corrosion chimique, une autolubrification et une bonne r\u00e9sistance m\u00e9canique. Il pr\u00e9sente des avantages en termes de performances qui d\u00e9passent de loin ceux des mat\u00e9riaux traditionnels des aubes dans des conditions de travail difficiles telles que des temp\u00e9ratures \u00e9lev\u00e9es, une forte corrosion et un frottement important.<\/p>","protected":false},"featured_media":7948,"template":"","meta":[],"product_brand":[],"product_cat":[38],"product_tag":[],"class_list":{"0":"post-7941","1":"product","2":"type-product","3":"status-publish","4":"has-post-thumbnail","6":"product_cat-graphite-products","8":"first","9":"instock","10":"shipping-taxable","11":"product-type-simple"},"yoast_head":"<!-- This site is optimized with the Yoast SEO Premium plugin v19.2.1 (Yoast SEO v25.3) - https:\/\/yoast.com\/wordpress\/plugins\/seo\/ -->\n<title>Graphite Vane Manufacturer in China | Jinsun Carbon<\/title>\n<meta name=\"robots\" content=\"index, follow, max-snippet:-1, max-image-preview:large, max-video-preview:-1\" \/>\n<link rel=\"canonical\" href=\"https:\/\/jinsuncarbon.com\/fr\/produit-2\/girouette-en-graphite\/\" \/>\n<meta property=\"og:locale\" content=\"fr_FR\" \/>\n<meta property=\"og:type\" content=\"article\" \/>\n<meta property=\"og:title\" content=\"Graphite Vane\" \/>\n<meta property=\"og:description\" content=\"Graphite vanes are blades or guiding components made from high-purity graphite as the base material, which are commonly found in certain industrial equipment or mechanical systems. For example, in the stirring system of chemical reaction vessels, wind turbines, cooling fans of electronic equipment, etc. Through the optimization of the graphite crystal structure, it combines the intrinsic characteristics of graphite materials and the special functional morphology of vanes. So it has outstanding high-temperature resistance, chemical corrosion resistance, self-lubrication and good mechanical strength. And it demonstrates performance advantages far exceeding those of traditional blade materials under harsh working conditions such as high temperature, strong corrosion and high friction.\" \/>\n<meta property=\"og:url\" content=\"https:\/\/jinsuncarbon.com\/fr\/produit-2\/girouette-en-graphite\/\" \/>\n<meta property=\"og:site_name\" content=\"Jinsun Carbon\" \/>\n<meta property=\"article:publisher\" content=\"https:\/\/www.facebook.com\/Graphite-Electrode-109336238661595\" \/>\n<meta property=\"article:modified_time\" content=\"2025-05-10T09:15:33+00:00\" \/>\n<meta property=\"og:image\" content=\"https:\/\/jinsuncarbon.com\/wp-content\/uploads\/2025\/05\/Graphite-Vane.jpg\" \/>\n\t<meta property=\"og:image:width\" content=\"1024\" \/>\n\t<meta property=\"og:image:height\" content=\"774\" \/>\n\t<meta property=\"og:image:type\" content=\"image\/jpeg\" \/>\n<meta name=\"twitter:card\" content=\"summary_large_image\" \/>\n<meta name=\"twitter:site\" content=\"@jinsuncarbon_\" \/>\n<meta name=\"twitter:label1\" content=\"Dur\u00e9e de lecture estim\u00e9e\" \/>\n\t<meta name=\"twitter:data1\" content=\"3 minutes\" \/>\n<script type=\"application\/ld+json\" class=\"yoast-schema-graph\">{\"@context\":\"https:\/\/schema.org\",\"@graph\":[{\"@type\":\"WebPage\",\"@id\":\"https:\/\/jinsuncarbon.com\/product\/graphite-vane\/\",\"url\":\"https:\/\/jinsuncarbon.com\/product\/graphite-vane\/\",\"name\":\"Graphite Vane Manufacturer in China | Jinsun Carbon\",\"isPartOf\":{\"@id\":\"https:\/\/jinsuncarbon.com\/#website\"},\"primaryImageOfPage\":{\"@id\":\"https:\/\/jinsuncarbon.com\/product\/graphite-vane\/#primaryimage\"},\"image\":{\"@id\":\"https:\/\/jinsuncarbon.com\/product\/graphite-vane\/#primaryimage\"},\"thumbnailUrl\":\"https:\/\/jinsuncarbon.com\/wp-content\/uploads\/2025\/05\/Graphite-Vane.jpg\",\"datePublished\":\"2025-05-10T09:15:32+00:00\",\"dateModified\":\"2025-05-10T09:15:33+00:00\",\"breadcrumb\":{\"@id\":\"https:\/\/jinsuncarbon.com\/product\/graphite-vane\/#breadcrumb\"},\"inLanguage\":\"fr-FR\",\"potentialAction\":[{\"@type\":\"ReadAction\",\"target\":[\"https:\/\/jinsuncarbon.com\/product\/graphite-vane\/\"]}]},{\"@type\":\"ImageObject\",\"inLanguage\":\"fr-FR\",\"@id\":\"https:\/\/jinsuncarbon.com\/product\/graphite-vane\/#primaryimage\",\"url\":\"https:\/\/jinsuncarbon.com\/wp-content\/uploads\/2025\/05\/Graphite-Vane.jpg\",\"contentUrl\":\"https:\/\/jinsuncarbon.com\/wp-content\/uploads\/2025\/05\/Graphite-Vane.jpg\",\"width\":1024,\"height\":774,\"caption\":\"Graphite Vane\"},{\"@type\":\"BreadcrumbList\",\"@id\":\"https:\/\/jinsuncarbon.com\/product\/graphite-vane\/#breadcrumb\",\"itemListElement\":[{\"@type\":\"ListItem\",\"position\":1,\"name\":\"Home\",\"item\":\"https:\/\/jinsuncarbon.com\/\"},{\"@type\":\"ListItem\",\"position\":2,\"name\":\"Products\",\"item\":\"https:\/\/jinsuncarbon.com\/graphite-carbon\/\"},{\"@type\":\"ListItem\",\"position\":3,\"name\":\"Graphite Vane\"}]},{\"@type\":\"WebSite\",\"@id\":\"https:\/\/jinsuncarbon.com\/#website\",\"url\":\"https:\/\/jinsuncarbon.com\/\",\"name\":\"Jinsun Carbon\",\"description\":\"We are the successful graphite electrode manufacturer in China\",\"publisher\":{\"@id\":\"https:\/\/jinsuncarbon.com\/#organization\"},\"potentialAction\":[{\"@type\":\"SearchAction\",\"target\":{\"@type\":\"EntryPoint\",\"urlTemplate\":\"https:\/\/jinsuncarbon.com\/?s={search_term_string}\"},\"query-input\":{\"@type\":\"PropertyValueSpecification\",\"valueRequired\":true,\"valueName\":\"search_term_string\"}}],\"inLanguage\":\"fr-FR\"},{\"@type\":\"Organization\",\"@id\":\"https:\/\/jinsuncarbon.com\/#organization\",\"name\":\"Jinsun Carbon\",\"alternateName\":\"Jinsun Carbon\",\"url\":\"https:\/\/jinsuncarbon.com\/\",\"logo\":{\"@type\":\"ImageObject\",\"inLanguage\":\"fr-FR\",\"@id\":\"https:\/\/jinsuncarbon.com\/#\/schema\/logo\/image\/\",\"url\":\"https:\/\/jinsuncarbon.com\/wp-content\/uploads\/2022\/12\/LOGO-1.png\",\"contentUrl\":\"https:\/\/jinsuncarbon.com\/wp-content\/uploads\/2022\/12\/LOGO-1.png\",\"width\":207,\"height\":80,\"caption\":\"Jinsun Carbon\"},\"image\":{\"@id\":\"https:\/\/jinsuncarbon.com\/#\/schema\/logo\/image\/\"},\"sameAs\":[\"https:\/\/www.facebook.com\/Graphite-Electrode-109336238661595\",\"https:\/\/x.com\/jinsuncarbon_\",\"https:\/\/www.linkedin.com\/in\/jinsungraphite\",\"https:\/\/www.youtube.com\/channel\/UCysDNyvyR5-3cCWEmpkVC0g\"]}]}<\/script>\n<!-- \/ Yoast SEO Premium plugin. -->","yoast_head_json":{"title":"Fabricant d'aubes en graphite en Chine | Jinsun Carbon","robots":{"index":"index","follow":"follow","max-snippet":"max-snippet:-1","max-image-preview":"max-image-preview:large","max-video-preview":"max-video-preview:-1"},"canonical":"https:\/\/jinsuncarbon.com\/fr\/produit-2\/girouette-en-graphite\/","og_locale":"fr_FR","og_type":"article","og_title":"Graphite Vane","og_description":"Graphite vanes are blades or guiding components made from high-purity graphite as the base material, which are commonly found in certain industrial equipment or mechanical systems. For example, in the stirring system of chemical reaction vessels, wind turbines, cooling fans of electronic equipment, etc. Through the optimization of the graphite crystal structure, it combines the intrinsic characteristics of graphite materials and the special functional morphology of vanes. So it has outstanding high-temperature resistance, chemical corrosion resistance, self-lubrication and good mechanical strength. And it demonstrates performance advantages far exceeding those of traditional blade materials under harsh working conditions such as high temperature, strong corrosion and high friction.","og_url":"https:\/\/jinsuncarbon.com\/fr\/produit-2\/girouette-en-graphite\/","og_site_name":"Jinsun Carbon","article_publisher":"https:\/\/www.facebook.com\/Graphite-Electrode-109336238661595","article_modified_time":"2025-05-10T09:15:33+00:00","og_image":[{"width":1024,"height":774,"url":"https:\/\/jinsuncarbon.com\/wp-content\/uploads\/2025\/05\/Graphite-Vane.jpg","type":"image\/jpeg"}],"twitter_card":"summary_large_image","twitter_site":"@jinsuncarbon_","twitter_misc":{"Dur\u00e9e de lecture estim\u00e9e":"3 minutes"},"schema":{"@context":"https:\/\/schema.org","@graph":[{"@type":"WebPage","@id":"https:\/\/jinsuncarbon.com\/product\/graphite-vane\/","url":"https:\/\/jinsuncarbon.com\/product\/graphite-vane\/","name":"Fabricant d'aubes en graphite en Chine | Jinsun Carbon","isPartOf":{"@id":"https:\/\/jinsuncarbon.com\/#website"},"primaryImageOfPage":{"@id":"https:\/\/jinsuncarbon.com\/product\/graphite-vane\/#primaryimage"},"image":{"@id":"https:\/\/jinsuncarbon.com\/product\/graphite-vane\/#primaryimage"},"thumbnailUrl":"https:\/\/jinsuncarbon.com\/wp-content\/uploads\/2025\/05\/Graphite-Vane.jpg","datePublished":"2025-05-10T09:15:32+00:00","dateModified":"2025-05-10T09:15:33+00:00","breadcrumb":{"@id":"https:\/\/jinsuncarbon.com\/product\/graphite-vane\/#breadcrumb"},"inLanguage":"fr-FR","potentialAction":[{"@type":"ReadAction","target":["https:\/\/jinsuncarbon.com\/product\/graphite-vane\/"]}]},{"@type":"ImageObject","inLanguage":"fr-FR","@id":"https:\/\/jinsuncarbon.com\/product\/graphite-vane\/#primaryimage","url":"https:\/\/jinsuncarbon.com\/wp-content\/uploads\/2025\/05\/Graphite-Vane.jpg","contentUrl":"https:\/\/jinsuncarbon.com\/wp-content\/uploads\/2025\/05\/Graphite-Vane.jpg","width":1024,"height":774,"caption":"Graphite Vane"},{"@type":"BreadcrumbList","@id":"https:\/\/jinsuncarbon.com\/product\/graphite-vane\/#breadcrumb","itemListElement":[{"@type":"ListItem","position":1,"name":"Home","item":"https:\/\/jinsuncarbon.com\/"},{"@type":"ListItem","position":2,"name":"Products","item":"https:\/\/jinsuncarbon.com\/graphite-carbon\/"},{"@type":"ListItem","position":3,"name":"Graphite Vane"}]},{"@type":"WebSite","@id":"https:\/\/jinsuncarbon.com\/#website","url":"https:\/\/jinsuncarbon.com\/","name":"Jinsun Carbon","description":"Nous sommes le fabricant d'\u00e9lectrodes en graphite le plus performant de Chine.","publisher":{"@id":"https:\/\/jinsuncarbon.com\/#organization"},"potentialAction":[{"@type":"SearchAction","target":{"@type":"EntryPoint","urlTemplate":"https:\/\/jinsuncarbon.com\/?s={search_term_string}"},"query-input":{"@type":"PropertyValueSpecification","valueRequired":true,"valueName":"search_term_string"}}],"inLanguage":"fr-FR"},{"@type":"Organization","@id":"https:\/\/jinsuncarbon.com\/#organization","name":"Jinsun Carbon","alternateName":"Jinsun Carbon","url":"https:\/\/jinsuncarbon.com\/","logo":{"@type":"ImageObject","inLanguage":"fr-FR","@id":"https:\/\/jinsuncarbon.com\/#\/schema\/logo\/image\/","url":"https:\/\/jinsuncarbon.com\/wp-content\/uploads\/2022\/12\/LOGO-1.png","contentUrl":"https:\/\/jinsuncarbon.com\/wp-content\/uploads\/2022\/12\/LOGO-1.png","width":207,"height":80,"caption":"Jinsun Carbon"},"image":{"@id":"https:\/\/jinsuncarbon.com\/#\/schema\/logo\/image\/"},"sameAs":["https:\/\/www.facebook.com\/Graphite-Electrode-109336238661595","https:\/\/x.com\/jinsuncarbon_","https:\/\/www.linkedin.com\/in\/jinsungraphite","https:\/\/www.youtube.com\/channel\/UCysDNyvyR5-3cCWEmpkVC0g"]}]}},"_links":{"self":[{"href":"https:\/\/jinsuncarbon.com\/fr\/wp-json\/wp\/v2\/product\/7941","targetHints":{"allow":["GET"]}}],"collection":[{"href":"https:\/\/jinsuncarbon.com\/fr\/wp-json\/wp\/v2\/product"}],"about":[{"href":"https:\/\/jinsuncarbon.com\/fr\/wp-json\/wp\/v2\/types\/product"}],"wp:featuredmedia":[{"embeddable":true,"href":"https:\/\/jinsuncarbon.com\/fr\/wp-json\/wp\/v2\/media\/7948"}],"wp:attachment":[{"href":"https:\/\/jinsuncarbon.com\/fr\/wp-json\/wp\/v2\/media?parent=7941"}],"wp:term":[{"taxonomy":"product_brand","embeddable":true,"href":"https:\/\/jinsuncarbon.com\/fr\/wp-json\/wp\/v2\/product_brand?post=7941"},{"taxonomy":"product_cat","embeddable":true,"href":"https:\/\/jinsuncarbon.com\/fr\/wp-json\/wp\/v2\/product_cat?post=7941"},{"taxonomy":"product_tag","embeddable":true,"href":"https:\/\/jinsuncarbon.com\/fr\/wp-json\/wp\/v2\/product_tag?post=7941"}],"curies":[{"name":"wp","href":"https:\/\/api.w.org\/{rel}","templated":true}]}}