{"id":7898,"date":"2025-04-30T10:03:10","date_gmt":"2025-04-30T10:03:10","guid":{"rendered":"https:\/\/jinsuncarbon.com\/?post_type=product&#038;p=7898"},"modified":"2025-04-30T10:03:11","modified_gmt":"2025-04-30T10:03:11","slug":"creuset-en-graphite-pour-laluminium","status":"publish","type":"product","link":"https:\/\/jinsuncarbon.com\/fr\/produit-2\/creuset-en-graphite-pour-laluminium\/","title":{"rendered":"Creuset en graphite pour l'aluminium"},"content":{"rendered":"<h2 class=\"ql-align-justify\">Avantages du creuset en graphite pour l'aluminium<\/h2>\n<p class=\"ql-align-justify\">En g\u00e9n\u00e9ral, le creuset en graphite utilis\u00e9 pour l'aluminium a des sp\u00e9cifications et des formes vari\u00e9es et ses avantages sont tr\u00e8s importants.<\/p>\n<p class=\"ql-align-justify\"><strong>Excellente r\u00e9sistance aux hautes temp\u00e9ratures<\/strong><\/p>\n<p class=\"ql-align-justify\">Il peut r\u00e9sister \u00e0 des temp\u00e9ratures de plus de 1000\u00b0C, ce qui d\u00e9passe de loin le point de fusion de l'aluminium, qui se situe aux alentours de 660\u00b0C. Il garantit donc la stabilit\u00e9 et la fiabilit\u00e9 du processus de fusion de l'aluminium.<\/p>\n<p class=\"ql-align-justify\">\n<p class=\"ql-align-justify\"><strong>Propri\u00e9t\u00e9s chimiques extr\u00eamement stables<\/strong><\/p>\n<p class=\"ql-align-justify\">Il pr\u00e9sente une excellente r\u00e9sistance \u00e0 l'\u00e9rosion de l'aluminium en fusion et emp\u00eache les r\u00e9actions chimiques entre le mat\u00e9riau du creuset et l'aluminium. Il peut \u00e9galement garantir la puret\u00e9 de l'aluminium fondu.<\/p>\n<p class=\"ql-align-justify\">\n<p class=\"ql-align-justify\"><strong>Excellente conductivit\u00e9 thermique<\/strong><\/p>\n<p class=\"ql-align-justify\">Il peut transf\u00e9rer uniform\u00e9ment la chaleur, favoriser la fusion rapide de l'aluminium et raccourcir le temps de fusion.<\/p>\n<p class=\"ql-align-justify\">\n<p class=\"ql-align-justify\"><strong>R\u00e9sistance m\u00e9canique \u00e9lev\u00e9e<\/strong><\/p>\n<p class=\"ql-align-justify\">Il peut r\u00e9sister \u00e0 la force gravitationnelle et \u00e0 l'agitation de l'aluminium en fusion ainsi qu'\u00e0 d'autres forces externes, et n'est pas facile \u00e0 briser.<\/p>\n<p class=\"ql-align-justify\">\n<p class=\"ql-align-justify\"><strong>Paroi int\u00e9rieure lisse<\/strong><\/p>\n<p class=\"ql-align-justify\">Cela permet de couler et de fa\u00e7onner l'aluminium en fusion et de r\u00e9duire les r\u00e9sidus d'aluminium en fusion. Il am\u00e9liore donc le taux d'utilisation des mat\u00e9riaux.<\/p>\n<p class=\"ql-align-justify\">\n<p class=\"ql-align-justify\"><strong>Longue dur\u00e9e de vie<\/strong><\/p>\n<p class=\"ql-align-justify\">Dans des conditions normales d'utilisation et d'entretien, vous pouvez le r\u00e9utiliser plusieurs fois, ce qui r\u00e9duit efficacement les co\u00fbts de production.<\/p>\n<p class=\"ql-align-justify\">\n<h2 class=\"ql-align-justify\">Utilisations du creuset en graphite pour l'aluminium<\/h2>\n<h3 class=\"ql-align-justify\">Industrie de la fonderie<\/h3>\n<p class=\"ql-align-justify\"><strong>Production de pi\u00e8ces moul\u00e9es en aluminium :<\/strong><\/p>\n<p class=\"ql-align-justify\">Vous pouvez l'utiliser pour le processus de moulage de diverses pi\u00e8ces en aluminium, telles que les blocs moteurs, les culasses et les roues d'automobiles. Il peut \u00eatre utilis\u00e9 pour contenir l'aluminium en fusion et le verser en douceur dans les moules. Il garantit la puret\u00e9 de l'aluminium en fusion et la qualit\u00e9 du processus de formage, et produit des pi\u00e8ces moul\u00e9es en aluminium de haute pr\u00e9cision et de haute qualit\u00e9.<\/p>\n<p class=\"ql-align-justify\">\n<p class=\"ql-align-justify\"><strong>Coul\u00e9e en sable :<\/strong><\/p>\n<p class=\"ql-align-justify\">Dans ce processus de moulage, vous devez injecter avec pr\u00e9cision l'aluminium en fusion dans le moule. <a href=\"https:\/\/jinsuncarbon.com\/fr\/produit-2\/creuset-en-graphite\/\">creuset en graphite<\/a> dans la cavit\u00e9 du moule en sable. Apr\u00e8s refroidissement et solidification, vous pouvez obtenir des produits en aluminium qui r\u00e9pondent aux exigences.<\/p>\n<p class=\"ql-align-justify\">\n<h3 class=\"ql-align-justify\">Industrie de la fonte d'aluminium<\/h3>\n<p class=\"ql-align-justify\"><strong>Purification de l'aluminium primaire :<\/strong><\/p>\n<p class=\"ql-align-justify\">Au cours du raffinage et de la <a href=\"https:\/\/en.wikipedia.org\/wiki\/Ritual_purification\" target=\"_blank\" rel=\"noopener\">purification<\/a> Dans le processus de fabrication de l'aluminium primaire, vous pouvez utiliser un creuset en graphite comme r\u00e9cipient. Il peut fonctionner de mani\u00e8re stable \u00e0 des temp\u00e9ratures \u00e9lev\u00e9es, ce qui permet d'\u00e9liminer les impuret\u00e9s de l'aluminium en fusion. Il am\u00e9liore \u00e9galement la puret\u00e9 de l'aluminium et r\u00e9pond aux exigences de qualit\u00e9 des diff\u00e9rentes industries de l'aluminium.<\/p>\n<p class=\"ql-align-justify\">\n<p class=\"ql-align-justify\"><strong>Fusion d'alliages :<\/strong><\/p>\n<p class=\"ql-align-justify\">Lors de la production d'alliages d'aluminium, vous pouvez placer de l'aluminium et d'autres \u00e9l\u00e9ments d'alliage dans un creuset en graphite pour les fondre ensemble. Le m\u00e9lange uniforme des composants permet de pr\u00e9parer des alliages d'aluminium aux propri\u00e9t\u00e9s sp\u00e9cifiques, tels que l'aluminium dur et l'aluminium super-dur. Ils peuvent \u00eatre utilis\u00e9s dans l'a\u00e9rospatiale, les transports et d'autres domaines.<\/p>\n<p class=\"ql-align-justify\">\n<h2 class=\"ql-align-justify\">Autres domaines<\/h2>\n<h3 class=\"ql-align-justify\">Recherche et exp\u00e9rimentation :<\/h3>\n<p class=\"ql-align-justify\"><strong>Recherche et d\u00e9veloppement de nouveaux mat\u00e9riaux en aluminium<\/strong><\/p>\n<p class=\"ql-align-justify\">Vous pouvez l'utiliser pour r\u00e9aliser des exp\u00e9riences de fusion dans diff\u00e9rentes conditions de temp\u00e9rature et d'atmosph\u00e8re.<\/p>\n<p class=\"ql-align-justify\">\n<p class=\"ql-align-justify\"><strong>Dans l'exp\u00e9rience d'essai de performance des mat\u00e9riaux<\/strong><\/p>\n<p class=\"ql-align-justify\">Vous pouvez l'utiliser pour la fusion par petits lots d'\u00e9chantillons d'aluminium avec des composants sp\u00e9cifiques afin de pr\u00e9parer des \u00e9chantillons standard. Il peut servir de base \u00e0 l'analyse des performances des mat\u00e9riaux.<\/p>\n<p class=\"ql-align-justify\">\n<p class=\"ql-align-justify\"><strong>Recyclage de l'aluminium recycl\u00e9 :<\/strong><\/p>\n<p class=\"ql-align-justify\">Il peut s\u00e9parer l'aluminium des impuret\u00e9s et assurer le recyclage des ressources en aluminium. Lorsqu'il s'agit de d\u00e9chets d'aluminium provenant de diff\u00e9rentes sources et de compositions complexes, sa propri\u00e9t\u00e9 anticorrosion garantit qu'il n'est pas corrod\u00e9 et que la qualit\u00e9 de l'aluminium recycl\u00e9 est stable.<\/p>","protected":false},"excerpt":{"rendered":"<p>Le creuset en graphite pour l'aluminium est un r\u00e9cipient sp\u00e9cial m\u00e9ticuleusement fabriqu\u00e9 \u00e0 partir de graphite de haute puret\u00e9. En raison de ses propri\u00e9t\u00e9s exceptionnelles, telles que la r\u00e9sistance aux hautes temp\u00e9ratures et \u00e0 la corrosion, il est devenu un outil cl\u00e9 indispensable dans le domaine de la transformation de l'aluminium. Le creuset en graphite peut contenir et fondre l'aluminium de mani\u00e8re stable dans des environnements \u00e0 haute temp\u00e9rature. Son excellente stabilit\u00e9 chimique permet d'\u00e9viter les r\u00e9actions avec l'aluminium fondu, ce qui garantit la qualit\u00e9 des produits en aluminium. Il joue donc un r\u00f4le crucial dans le moulage et la fusion de l'aluminium, ainsi que dans d'autres processus. Il s'agit d'un type de mat\u00e9riau durable qui r\u00e9pond aux exigences strictes de l'industrie de transformation de l'aluminium.<\/p>","protected":false},"featured_media":7899,"template":"","meta":[],"product_brand":[],"product_cat":[38],"product_tag":[],"class_list":{"0":"post-7898","1":"product","2":"type-product","3":"status-publish","4":"has-post-thumbnail","6":"product_cat-graphite-products","8":"first","9":"instock","10":"shipping-taxable","11":"product-type-simple"},"yoast_head":"<!-- This site is optimized with the Yoast SEO Premium plugin v19.2.1 (Yoast SEO v25.3) - https:\/\/yoast.com\/wordpress\/plugins\/seo\/ -->\n<title>Graphite Crucible for Aluminum | Jinsun Carbon<\/title>\n<meta name=\"robots\" content=\"index, follow, max-snippet:-1, max-image-preview:large, max-video-preview:-1\" \/>\n<link rel=\"canonical\" href=\"https:\/\/jinsuncarbon.com\/fr\/produit-2\/creuset-en-graphite-pour-laluminium\/\" \/>\n<meta property=\"og:locale\" content=\"fr_FR\" \/>\n<meta property=\"og:type\" content=\"article\" \/>\n<meta property=\"og:title\" content=\"Graphite Crucible for Aluminum\" \/>\n<meta property=\"og:description\" content=\"The graphite crucible for aluminum is a special container meticulously crafted from high-purity graphite material. Because of its outstanding properties such as high-temperature resistance and corrosion resistance, it has become an indispensable key tool in the field of aluminum processing. Graphite crucible can stably hold and melt aluminum in high-temperature environments. And its excellent chemical stability can prevent reactions with molten aluminum, which ensures the quality of aluminum products. So it plays a crucial role in aluminum casting, smelting and other processes. And it is a kind of durable materials that meets the strict requirements of the aluminum processing industry.\" \/>\n<meta property=\"og:url\" content=\"https:\/\/jinsuncarbon.com\/fr\/produit-2\/creuset-en-graphite-pour-laluminium\/\" \/>\n<meta property=\"og:site_name\" content=\"Jinsun Carbon\" \/>\n<meta property=\"article:publisher\" content=\"https:\/\/www.facebook.com\/Graphite-Electrode-109336238661595\" \/>\n<meta property=\"article:modified_time\" content=\"2025-04-30T10:03:11+00:00\" \/>\n<meta property=\"og:image\" content=\"https:\/\/jinsuncarbon.com\/wp-content\/uploads\/2025\/04\/Graphite-Crucible-for-Aluminum.jpg\" \/>\n\t<meta property=\"og:image:width\" content=\"1024\" \/>\n\t<meta property=\"og:image:height\" content=\"763\" \/>\n\t<meta property=\"og:image:type\" content=\"image\/jpeg\" \/>\n<meta name=\"twitter:card\" content=\"summary_large_image\" \/>\n<meta name=\"twitter:site\" content=\"@jinsuncarbon_\" \/>\n<meta name=\"twitter:label1\" content=\"Dur\u00e9e de lecture estim\u00e9e\" \/>\n\t<meta name=\"twitter:data1\" content=\"3 minutes\" \/>\n<script type=\"application\/ld+json\" class=\"yoast-schema-graph\">{\"@context\":\"https:\/\/schema.org\",\"@graph\":[{\"@type\":\"WebPage\",\"@id\":\"https:\/\/jinsuncarbon.com\/product\/graphite-crucible-for-aluminum\/\",\"url\":\"https:\/\/jinsuncarbon.com\/product\/graphite-crucible-for-aluminum\/\",\"name\":\"Graphite Crucible for Aluminum | Jinsun Carbon\",\"isPartOf\":{\"@id\":\"https:\/\/jinsuncarbon.com\/#website\"},\"primaryImageOfPage\":{\"@id\":\"https:\/\/jinsuncarbon.com\/product\/graphite-crucible-for-aluminum\/#primaryimage\"},\"image\":{\"@id\":\"https:\/\/jinsuncarbon.com\/product\/graphite-crucible-for-aluminum\/#primaryimage\"},\"thumbnailUrl\":\"https:\/\/jinsuncarbon.com\/wp-content\/uploads\/2025\/04\/Graphite-Crucible-for-Aluminum.jpg\",\"datePublished\":\"2025-04-30T10:03:10+00:00\",\"dateModified\":\"2025-04-30T10:03:11+00:00\",\"breadcrumb\":{\"@id\":\"https:\/\/jinsuncarbon.com\/product\/graphite-crucible-for-aluminum\/#breadcrumb\"},\"inLanguage\":\"fr-FR\",\"potentialAction\":[{\"@type\":\"ReadAction\",\"target\":[\"https:\/\/jinsuncarbon.com\/product\/graphite-crucible-for-aluminum\/\"]}]},{\"@type\":\"ImageObject\",\"inLanguage\":\"fr-FR\",\"@id\":\"https:\/\/jinsuncarbon.com\/product\/graphite-crucible-for-aluminum\/#primaryimage\",\"url\":\"https:\/\/jinsuncarbon.com\/wp-content\/uploads\/2025\/04\/Graphite-Crucible-for-Aluminum.jpg\",\"contentUrl\":\"https:\/\/jinsuncarbon.com\/wp-content\/uploads\/2025\/04\/Graphite-Crucible-for-Aluminum.jpg\",\"width\":1024,\"height\":763,\"caption\":\"Graphite Crucible for Aluminum\"},{\"@type\":\"BreadcrumbList\",\"@id\":\"https:\/\/jinsuncarbon.com\/product\/graphite-crucible-for-aluminum\/#breadcrumb\",\"itemListElement\":[{\"@type\":\"ListItem\",\"position\":1,\"name\":\"Home\",\"item\":\"https:\/\/jinsuncarbon.com\/\"},{\"@type\":\"ListItem\",\"position\":2,\"name\":\"Products\",\"item\":\"https:\/\/jinsuncarbon.com\/graphite-carbon\/\"},{\"@type\":\"ListItem\",\"position\":3,\"name\":\"Graphite Crucible for Aluminum\"}]},{\"@type\":\"WebSite\",\"@id\":\"https:\/\/jinsuncarbon.com\/#website\",\"url\":\"https:\/\/jinsuncarbon.com\/\",\"name\":\"Jinsun Carbon\",\"description\":\"We are the successful graphite electrode manufacturer in China\",\"publisher\":{\"@id\":\"https:\/\/jinsuncarbon.com\/#organization\"},\"potentialAction\":[{\"@type\":\"SearchAction\",\"target\":{\"@type\":\"EntryPoint\",\"urlTemplate\":\"https:\/\/jinsuncarbon.com\/?s={search_term_string}\"},\"query-input\":{\"@type\":\"PropertyValueSpecification\",\"valueRequired\":true,\"valueName\":\"search_term_string\"}}],\"inLanguage\":\"fr-FR\"},{\"@type\":\"Organization\",\"@id\":\"https:\/\/jinsuncarbon.com\/#organization\",\"name\":\"Jinsun Carbon\",\"alternateName\":\"Jinsun Carbon\",\"url\":\"https:\/\/jinsuncarbon.com\/\",\"logo\":{\"@type\":\"ImageObject\",\"inLanguage\":\"fr-FR\",\"@id\":\"https:\/\/jinsuncarbon.com\/#\/schema\/logo\/image\/\",\"url\":\"https:\/\/jinsuncarbon.com\/wp-content\/uploads\/2022\/12\/LOGO-1.png\",\"contentUrl\":\"https:\/\/jinsuncarbon.com\/wp-content\/uploads\/2022\/12\/LOGO-1.png\",\"width\":207,\"height\":80,\"caption\":\"Jinsun Carbon\"},\"image\":{\"@id\":\"https:\/\/jinsuncarbon.com\/#\/schema\/logo\/image\/\"},\"sameAs\":[\"https:\/\/www.facebook.com\/Graphite-Electrode-109336238661595\",\"https:\/\/x.com\/jinsuncarbon_\",\"https:\/\/www.linkedin.com\/in\/jinsungraphite\",\"https:\/\/www.youtube.com\/channel\/UCysDNyvyR5-3cCWEmpkVC0g\"]}]}<\/script>\n<!-- \/ Yoast SEO Premium plugin. -->","yoast_head_json":{"title":"Creuset en graphite pour l'aluminium | Jinsun Carbon","robots":{"index":"index","follow":"follow","max-snippet":"max-snippet:-1","max-image-preview":"max-image-preview:large","max-video-preview":"max-video-preview:-1"},"canonical":"https:\/\/jinsuncarbon.com\/fr\/produit-2\/creuset-en-graphite-pour-laluminium\/","og_locale":"fr_FR","og_type":"article","og_title":"Graphite Crucible for Aluminum","og_description":"The graphite crucible for aluminum is a special container meticulously crafted from high-purity graphite material. Because of its outstanding properties such as high-temperature resistance and corrosion resistance, it has become an indispensable key tool in the field of aluminum processing. Graphite crucible can stably hold and melt aluminum in high-temperature environments. And its excellent chemical stability can prevent reactions with molten aluminum, which ensures the quality of aluminum products. So it plays a crucial role in aluminum casting, smelting and other processes. And it is a kind of durable materials that meets the strict requirements of the aluminum processing industry.","og_url":"https:\/\/jinsuncarbon.com\/fr\/produit-2\/creuset-en-graphite-pour-laluminium\/","og_site_name":"Jinsun Carbon","article_publisher":"https:\/\/www.facebook.com\/Graphite-Electrode-109336238661595","article_modified_time":"2025-04-30T10:03:11+00:00","og_image":[{"width":1024,"height":763,"url":"https:\/\/jinsuncarbon.com\/wp-content\/uploads\/2025\/04\/Graphite-Crucible-for-Aluminum.jpg","type":"image\/jpeg"}],"twitter_card":"summary_large_image","twitter_site":"@jinsuncarbon_","twitter_misc":{"Dur\u00e9e de lecture estim\u00e9e":"3 minutes"},"schema":{"@context":"https:\/\/schema.org","@graph":[{"@type":"WebPage","@id":"https:\/\/jinsuncarbon.com\/product\/graphite-crucible-for-aluminum\/","url":"https:\/\/jinsuncarbon.com\/product\/graphite-crucible-for-aluminum\/","name":"Creuset en graphite pour l'aluminium | Jinsun Carbon","isPartOf":{"@id":"https:\/\/jinsuncarbon.com\/#website"},"primaryImageOfPage":{"@id":"https:\/\/jinsuncarbon.com\/product\/graphite-crucible-for-aluminum\/#primaryimage"},"image":{"@id":"https:\/\/jinsuncarbon.com\/product\/graphite-crucible-for-aluminum\/#primaryimage"},"thumbnailUrl":"https:\/\/jinsuncarbon.com\/wp-content\/uploads\/2025\/04\/Graphite-Crucible-for-Aluminum.jpg","datePublished":"2025-04-30T10:03:10+00:00","dateModified":"2025-04-30T10:03:11+00:00","breadcrumb":{"@id":"https:\/\/jinsuncarbon.com\/product\/graphite-crucible-for-aluminum\/#breadcrumb"},"inLanguage":"fr-FR","potentialAction":[{"@type":"ReadAction","target":["https:\/\/jinsuncarbon.com\/product\/graphite-crucible-for-aluminum\/"]}]},{"@type":"ImageObject","inLanguage":"fr-FR","@id":"https:\/\/jinsuncarbon.com\/product\/graphite-crucible-for-aluminum\/#primaryimage","url":"https:\/\/jinsuncarbon.com\/wp-content\/uploads\/2025\/04\/Graphite-Crucible-for-Aluminum.jpg","contentUrl":"https:\/\/jinsuncarbon.com\/wp-content\/uploads\/2025\/04\/Graphite-Crucible-for-Aluminum.jpg","width":1024,"height":763,"caption":"Graphite Crucible for Aluminum"},{"@type":"BreadcrumbList","@id":"https:\/\/jinsuncarbon.com\/product\/graphite-crucible-for-aluminum\/#breadcrumb","itemListElement":[{"@type":"ListItem","position":1,"name":"Home","item":"https:\/\/jinsuncarbon.com\/"},{"@type":"ListItem","position":2,"name":"Products","item":"https:\/\/jinsuncarbon.com\/graphite-carbon\/"},{"@type":"ListItem","position":3,"name":"Graphite Crucible for Aluminum"}]},{"@type":"WebSite","@id":"https:\/\/jinsuncarbon.com\/#website","url":"https:\/\/jinsuncarbon.com\/","name":"Jinsun Carbon","description":"Nous sommes le fabricant d'\u00e9lectrodes en graphite le plus performant de Chine.","publisher":{"@id":"https:\/\/jinsuncarbon.com\/#organization"},"potentialAction":[{"@type":"SearchAction","target":{"@type":"EntryPoint","urlTemplate":"https:\/\/jinsuncarbon.com\/?s={search_term_string}"},"query-input":{"@type":"PropertyValueSpecification","valueRequired":true,"valueName":"search_term_string"}}],"inLanguage":"fr-FR"},{"@type":"Organization","@id":"https:\/\/jinsuncarbon.com\/#organization","name":"Jinsun Carbon","alternateName":"Jinsun Carbon","url":"https:\/\/jinsuncarbon.com\/","logo":{"@type":"ImageObject","inLanguage":"fr-FR","@id":"https:\/\/jinsuncarbon.com\/#\/schema\/logo\/image\/","url":"https:\/\/jinsuncarbon.com\/wp-content\/uploads\/2022\/12\/LOGO-1.png","contentUrl":"https:\/\/jinsuncarbon.com\/wp-content\/uploads\/2022\/12\/LOGO-1.png","width":207,"height":80,"caption":"Jinsun Carbon"},"image":{"@id":"https:\/\/jinsuncarbon.com\/#\/schema\/logo\/image\/"},"sameAs":["https:\/\/www.facebook.com\/Graphite-Electrode-109336238661595","https:\/\/x.com\/jinsuncarbon_","https:\/\/www.linkedin.com\/in\/jinsungraphite","https:\/\/www.youtube.com\/channel\/UCysDNyvyR5-3cCWEmpkVC0g"]}]}},"_links":{"self":[{"href":"https:\/\/jinsuncarbon.com\/fr\/wp-json\/wp\/v2\/product\/7898","targetHints":{"allow":["GET"]}}],"collection":[{"href":"https:\/\/jinsuncarbon.com\/fr\/wp-json\/wp\/v2\/product"}],"about":[{"href":"https:\/\/jinsuncarbon.com\/fr\/wp-json\/wp\/v2\/types\/product"}],"wp:featuredmedia":[{"embeddable":true,"href":"https:\/\/jinsuncarbon.com\/fr\/wp-json\/wp\/v2\/media\/7899"}],"wp:attachment":[{"href":"https:\/\/jinsuncarbon.com\/fr\/wp-json\/wp\/v2\/media?parent=7898"}],"wp:term":[{"taxonomy":"product_brand","embeddable":true,"href":"https:\/\/jinsuncarbon.com\/fr\/wp-json\/wp\/v2\/product_brand?post=7898"},{"taxonomy":"product_cat","embeddable":true,"href":"https:\/\/jinsuncarbon.com\/fr\/wp-json\/wp\/v2\/product_cat?post=7898"},{"taxonomy":"product_tag","embeddable":true,"href":"https:\/\/jinsuncarbon.com\/fr\/wp-json\/wp\/v2\/product_tag?post=7898"}],"curies":[{"name":"wp","href":"https:\/\/api.w.org\/{rel}","templated":true}]}}