{"id":7895,"date":"2025-04-30T09:26:18","date_gmt":"2025-04-30T09:26:18","guid":{"rendered":"https:\/\/jinsuncarbon.com\/?post_type=product&#038;p=7895"},"modified":"2025-04-30T09:26:19","modified_gmt":"2025-04-30T09:26:19","slug":"plaque-de-glissement-en-graphite","status":"publish","type":"product","link":"https:\/\/jinsuncarbon.com\/fr\/produit-2\/plaque-de-glissement-en-graphite\/","title":{"rendered":"Plaque de glissement en graphite"},"content":{"rendered":"<h2 class=\"ql-align-justify\">Avantages des plaques de glissement en graphite<\/h2>\n<p class=\"ql-align-justify\">Les plaques de glissement en graphite sont g\u00e9n\u00e9ralement pr\u00e9sent\u00e9es sous forme de plaques r\u00e9guli\u00e8res, et certaines peuvent \u00e9galement \u00eatre personnalis\u00e9es dans des formes sp\u00e9ciales en fonction des besoins. Selon les exigences sp\u00e9cifiques d'un \u00e9quipement ou d'un processus particulier, vous pouvez personnaliser les plaques de glissement en leur donnant des dimensions, des formes ou des performances sp\u00e9ciales. Il s'agit par exemple de pi\u00e8ces de glissement d\u00e9di\u00e9es dans des structures m\u00e9caniques de forme irr\u00e9guli\u00e8re pour r\u00e9pondre \u00e0 des exigences d'utilisation personnalis\u00e9es.<\/p>\n<p class=\"ql-align-justify\">Ses avantages sont les suivants :<\/p>\n<p class=\"ql-align-justify\"><strong>Excellente performance d'autolubrification<\/strong><\/p>\n<p class=\"ql-align-justify\">Il permet d'obtenir un glissement \u00e0 faible frottement sans n\u00e9cessiter de lubrifiants suppl\u00e9mentaires, ce qui r\u00e9duit efficacement la consommation d'\u00e9nergie.<\/p>\n<p class=\"ql-align-justify\">\n<p class=\"ql-align-justify\"><strong>Coefficient de frottement extr\u00eamement faible<\/strong><\/p>\n<p class=\"ql-align-justify\">Il peut consid\u00e9rablement\u00a0<span data-type=\"0\" data-index=\"1\" data-gid=\"0\">r\u00e9duire l'usure entre les composants et prolonger la dur\u00e9e de vie de l'appareil.<\/span>\u00a0l'\u00e9quipement.<\/p>\n<p class=\"ql-align-justify\">\n<p class=\"ql-align-justify\"><strong>Excellente r\u00e9sistance aux hautes temp\u00e9ratures<\/strong><\/p>\n<p class=\"ql-align-justify\">Il peut fonctionner de mani\u00e8re stable \u00e0 des temp\u00e9ratures \u00e9lev\u00e9es et r\u00e9pond donc aux exigences d'utilisation dans des conditions de travail \u00e0 haute temp\u00e9rature.<\/p>\n<p class=\"ql-align-justify\">\n<p class=\"ql-align-justify\"><strong>Propri\u00e9t\u00e9s chimiques stables<\/strong><\/p>\n<p class=\"ql-align-justify\">Il pr\u00e9sente une bonne r\u00e9sistance \u00e0 la plupart des milieux corrosifs et n'est pas sujet \u00e0 des r\u00e9actions chimiques.<\/p>\n<p class=\"ql-align-justify\">\n<p class=\"ql-align-justify\"><strong>R\u00e9sistance m\u00e9canique relativement \u00e9lev\u00e9e<\/strong><\/p>\n<p class=\"ql-align-justify\">Il peut r\u00e9sister \u00e0 certaines pressions et forces d'impact, en maintenant l'int\u00e9grit\u00e9 structurelle pendant le processus de glissement.<\/p>\n<p class=\"ql-align-justify\">\n<p class=\"ql-align-justify\"><strong>Excellente conductivit\u00e9 thermique<\/strong><\/p>\n<p class=\"ql-align-justify\">Il peut dissiper rapidement la chaleur et pr\u00e9venir la surchauffe locale caus\u00e9e par la production de chaleur par friction, \u00e9vitant ainsi l'impact sur le fonctionnement de l'\u00e9quipement.<\/p>\n<p class=\"ql-align-justify\">\n<h2 class=\"ql-align-justify\">Utilisation des plaques de glissement en graphite<\/h2>\n<h3 class=\"ql-align-justify\">Industrie m\u00e9tallurgique<\/h3>\n<p class=\"ql-align-justify\"><strong>Proc\u00e9d\u00e9 de coul\u00e9e continue :<\/strong><\/p>\n<p class=\"ql-align-justify\">Vous pouvez l'utiliser comme composant de r\u00e9gulation de d\u00e9bit, qui contr\u00f4le avec pr\u00e9cision le d\u00e9bit de l'acier en fusion. Il garantit la qualit\u00e9 de l'acier en fusion. <a href=\"https:\/\/en.wikipedia.org\/wiki\/Continuous_casting#:~:text=Continuous%20casting%2C%20also%20called%20strand,stationary%20molds%20to%20form%20ingots.\" target=\"_blank\" rel=\"noopener\">coul\u00e9e continue<\/a> et l'efficacit\u00e9 de la production et a une longue dur\u00e9e de vie.<\/p>\n<p class=\"ql-align-justify\">\n<p class=\"ql-align-justify\"><strong>Fusion de m\u00e9taux non ferreux :<\/strong><\/p>\n<p class=\"ql-align-justify\">Vous pouvez l'utiliser pour contr\u00f4ler le d\u00e9bit et la direction du m\u00e9tal en fusion tel que le cuivre et l'aluminium. Il peut assurer la stabilit\u00e9 et la pr\u00e9cision du processus de moulage et am\u00e9liorer la qualit\u00e9 de formage des produits.<\/p>\n<p class=\"ql-align-justify\">\n<h3 class=\"ql-align-justify\">Le domaine de la fabrication m\u00e9canique<\/h3>\n<p class=\"ql-align-justify\"><strong>Roulements et rails de guidage :<\/strong><\/p>\n<p class=\"ql-align-justify\">Ses caract\u00e9ristiques de faible frottement permettent aux pi\u00e8ces m\u00e9caniques de fonctionner en douceur et efficacement, et r\u00e9duisent les pertes par frottement. Il am\u00e9liore \u00e9galement la pr\u00e9cision op\u00e9rationnelle et la fiabilit\u00e9 de l'\u00e9quipement. Il est largement utilis\u00e9 dans les machines-outils, les lignes de production automatis\u00e9es et d'autres \u00e9quipements.<\/p>\n<p class=\"ql-align-justify\">\n<p class=\"ql-align-justify\"><strong>\u00c9quipement de transport :<\/strong><\/p>\n<p class=\"ql-align-justify\">Il peut r\u00e9duire la friction entre la bande transporteuse et les composants de support, diminuer l'usure de la bande transporteuse. Et am\u00e9liorer la stabilit\u00e9 et la dur\u00e9e de vie du syst\u00e8me de transport.<\/p>\n<p class=\"ql-align-justify\">\n<h3 class=\"ql-align-justify\">Industrie de l'\u00e9lectronique et des semi-conducteurs<\/h3>\n<p class=\"ql-align-justify\"><strong>\u00c9quipement de fabrication de puces :<\/strong><\/p>\n<p class=\"ql-align-justify\">Vous pouvez utiliser <a href=\"https:\/\/jinsuncarbon.com\/fr\/produit-2\/plaque-de-graphite\/\">plaque de graphite<\/a> comme composants de glissement dans les \u00e9quipements de pr\u00e9cision tels que les machines de photolithographie et les machines de gravure. Sa grande puret\u00e9 et ses faibles performances en mati\u00e8re de frottement permettent d'assurer le mouvement de haute pr\u00e9cision de l'\u00e9quipement. Cela permet d'\u00e9viter la contamination des particules caus\u00e9e par le frottement et de garantir le taux de rendement de la fabrication des puces.<\/p>\n<p class=\"ql-align-justify\">\n<p class=\"ql-align-justify\"><strong>Dissipation de la chaleur des appareils \u00e9lectroniques :<\/strong><\/p>\n<p class=\"ql-align-justify\">Gr\u00e2ce \u00e0 son excellente conductivit\u00e9 thermique, il peut \u00eatre utilis\u00e9 comme tampon de dissipation thermique pour les appareils \u00e9lectroniques. Il peut rapidement conduire et dissiper la chaleur g\u00e9n\u00e9r\u00e9e pendant le fonctionnement de l'\u00e9quipement. Il am\u00e9liore ainsi l'efficacit\u00e9 de la dissipation thermique des appareils \u00e9lectroniques et garantit un fonctionnement stable.<\/p>\n<p class=\"ql-align-justify\">\n<p class=\"ql-align-justify\"><strong>Domaine a\u00e9rospatial<\/strong><\/p>\n<p class=\"ql-align-justify\">Dans l'\u00e9quipement a\u00e9rospatial, vous pouvez l'appliquer \u00e0 certains composants m\u00e9caniques qui n\u00e9cessitent un faible frottement et une grande fiabilit\u00e9. Il s'agit par exemple de la structure coulissante du train d'atterrissage des avions et du m\u00e9canisme de d\u00e9ploiement des antennes de satellite. Il peut maintenir de bonnes performances dans des conditions environnementales extr\u00eames et assurer le fonctionnement normal de l'\u00e9quipement.<\/p>","protected":false},"excerpt":{"rendered":"<p>La plaque de glissement en graphite est un produit en forme de plaque fabriqu\u00e9 \u00e0 partir de mat\u00e9riaux en graphite de haute puret\u00e9 gr\u00e2ce \u00e0 des techniques de traitement sp\u00e9ciales. Elle poss\u00e8de d'excellentes propri\u00e9t\u00e9s autolubrifiantes, un faible coefficient de frottement, une r\u00e9sistance aux temp\u00e9ratures \u00e9lev\u00e9es et une bonne stabilit\u00e9 chimique. Il offre des performances exceptionnelles dans de nombreux sc\u00e9narios industriels exigeant des performances de glissement et une adaptabilit\u00e9 environnementale strictes. Par exemple, vous pouvez l'utiliser pour la coul\u00e9e continue, la fusion des m\u00e9taux, la fabrication de puces, etc. Il s'agit d'un mat\u00e9riau tr\u00e8s performant qui peut r\u00e9pondre efficacement aux exigences dynamiques de conditions de travail complexes.<\/p>","protected":false},"featured_media":7896,"template":"","meta":[],"product_brand":[],"product_cat":[38],"product_tag":[],"class_list":{"0":"post-7895","1":"product","2":"type-product","3":"status-publish","4":"has-post-thumbnail","6":"product_cat-graphite-products","8":"first","9":"instock","10":"shipping-taxable","11":"product-type-simple"},"yoast_head":"<!-- This site is optimized with the Yoast SEO Premium plugin v19.2.1 (Yoast SEO v25.3) - https:\/\/yoast.com\/wordpress\/plugins\/seo\/ -->\n<title>Graphite Slide Plate Manufacturer in China | Jinsun Carbon<\/title>\n<meta name=\"description\" content=\"Graphite slide plate manufacturer and supplier, we can provide high-quality products with different specifications for your industrial production.\" \/>\n<meta name=\"robots\" content=\"index, follow, max-snippet:-1, max-image-preview:large, max-video-preview:-1\" \/>\n<link rel=\"canonical\" href=\"https:\/\/jinsuncarbon.com\/fr\/produit-2\/plaque-de-glissement-en-graphite\/\" \/>\n<meta property=\"og:locale\" content=\"fr_FR\" \/>\n<meta property=\"og:type\" content=\"article\" \/>\n<meta property=\"og:title\" content=\"Graphite Slide Plate\" \/>\n<meta property=\"og:description\" content=\"Graphite slide plate manufacturer and supplier, we can provide high-quality products with different specifications for your industrial production.\" \/>\n<meta property=\"og:url\" content=\"https:\/\/jinsuncarbon.com\/fr\/produit-2\/plaque-de-glissement-en-graphite\/\" \/>\n<meta property=\"og:site_name\" content=\"Jinsun Carbon\" \/>\n<meta property=\"article:publisher\" content=\"https:\/\/www.facebook.com\/Graphite-Electrode-109336238661595\" \/>\n<meta property=\"article:modified_time\" content=\"2025-04-30T09:26:19+00:00\" \/>\n<meta property=\"og:image\" content=\"https:\/\/jinsuncarbon.com\/wp-content\/uploads\/2025\/04\/Graphite-Slide-Plate.jpg\" \/>\n\t<meta property=\"og:image:width\" content=\"1024\" \/>\n\t<meta property=\"og:image:height\" content=\"763\" \/>\n\t<meta property=\"og:image:type\" content=\"image\/jpeg\" \/>\n<meta name=\"twitter:card\" content=\"summary_large_image\" \/>\n<meta name=\"twitter:site\" content=\"@jinsuncarbon_\" \/>\n<meta name=\"twitter:label1\" content=\"Dur\u00e9e de lecture estim\u00e9e\" \/>\n\t<meta name=\"twitter:data1\" content=\"3 minutes\" \/>\n<script type=\"application\/ld+json\" class=\"yoast-schema-graph\">{\"@context\":\"https:\/\/schema.org\",\"@graph\":[{\"@type\":\"WebPage\",\"@id\":\"https:\/\/jinsuncarbon.com\/product\/graphite-slide-plate\/\",\"url\":\"https:\/\/jinsuncarbon.com\/product\/graphite-slide-plate\/\",\"name\":\"Graphite Slide Plate Manufacturer in China | Jinsun Carbon\",\"isPartOf\":{\"@id\":\"https:\/\/jinsuncarbon.com\/#website\"},\"primaryImageOfPage\":{\"@id\":\"https:\/\/jinsuncarbon.com\/product\/graphite-slide-plate\/#primaryimage\"},\"image\":{\"@id\":\"https:\/\/jinsuncarbon.com\/product\/graphite-slide-plate\/#primaryimage\"},\"thumbnailUrl\":\"https:\/\/jinsuncarbon.com\/wp-content\/uploads\/2025\/04\/Graphite-Slide-Plate.jpg\",\"datePublished\":\"2025-04-30T09:26:18+00:00\",\"dateModified\":\"2025-04-30T09:26:19+00:00\",\"description\":\"Graphite slide plate manufacturer and supplier, we can provide high-quality products with different specifications for your industrial production.\",\"breadcrumb\":{\"@id\":\"https:\/\/jinsuncarbon.com\/product\/graphite-slide-plate\/#breadcrumb\"},\"inLanguage\":\"fr-FR\",\"potentialAction\":[{\"@type\":\"ReadAction\",\"target\":[\"https:\/\/jinsuncarbon.com\/product\/graphite-slide-plate\/\"]}]},{\"@type\":\"ImageObject\",\"inLanguage\":\"fr-FR\",\"@id\":\"https:\/\/jinsuncarbon.com\/product\/graphite-slide-plate\/#primaryimage\",\"url\":\"https:\/\/jinsuncarbon.com\/wp-content\/uploads\/2025\/04\/Graphite-Slide-Plate.jpg\",\"contentUrl\":\"https:\/\/jinsuncarbon.com\/wp-content\/uploads\/2025\/04\/Graphite-Slide-Plate.jpg\",\"width\":1024,\"height\":763,\"caption\":\"Graphite Slide Plate\"},{\"@type\":\"BreadcrumbList\",\"@id\":\"https:\/\/jinsuncarbon.com\/product\/graphite-slide-plate\/#breadcrumb\",\"itemListElement\":[{\"@type\":\"ListItem\",\"position\":1,\"name\":\"Home\",\"item\":\"https:\/\/jinsuncarbon.com\/\"},{\"@type\":\"ListItem\",\"position\":2,\"name\":\"Products\",\"item\":\"https:\/\/jinsuncarbon.com\/graphite-carbon\/\"},{\"@type\":\"ListItem\",\"position\":3,\"name\":\"Graphite Slide Plate\"}]},{\"@type\":\"WebSite\",\"@id\":\"https:\/\/jinsuncarbon.com\/#website\",\"url\":\"https:\/\/jinsuncarbon.com\/\",\"name\":\"Jinsun Carbon\",\"description\":\"We are the successful graphite electrode manufacturer in China\",\"publisher\":{\"@id\":\"https:\/\/jinsuncarbon.com\/#organization\"},\"potentialAction\":[{\"@type\":\"SearchAction\",\"target\":{\"@type\":\"EntryPoint\",\"urlTemplate\":\"https:\/\/jinsuncarbon.com\/?s={search_term_string}\"},\"query-input\":{\"@type\":\"PropertyValueSpecification\",\"valueRequired\":true,\"valueName\":\"search_term_string\"}}],\"inLanguage\":\"fr-FR\"},{\"@type\":\"Organization\",\"@id\":\"https:\/\/jinsuncarbon.com\/#organization\",\"name\":\"Jinsun Carbon\",\"alternateName\":\"Jinsun Carbon\",\"url\":\"https:\/\/jinsuncarbon.com\/\",\"logo\":{\"@type\":\"ImageObject\",\"inLanguage\":\"fr-FR\",\"@id\":\"https:\/\/jinsuncarbon.com\/#\/schema\/logo\/image\/\",\"url\":\"https:\/\/jinsuncarbon.com\/wp-content\/uploads\/2022\/12\/LOGO-1.png\",\"contentUrl\":\"https:\/\/jinsuncarbon.com\/wp-content\/uploads\/2022\/12\/LOGO-1.png\",\"width\":207,\"height\":80,\"caption\":\"Jinsun Carbon\"},\"image\":{\"@id\":\"https:\/\/jinsuncarbon.com\/#\/schema\/logo\/image\/\"},\"sameAs\":[\"https:\/\/www.facebook.com\/Graphite-Electrode-109336238661595\",\"https:\/\/x.com\/jinsuncarbon_\",\"https:\/\/www.linkedin.com\/in\/jinsungraphite\",\"https:\/\/www.youtube.com\/channel\/UCysDNyvyR5-3cCWEmpkVC0g\"]}]}<\/script>\n<!-- \/ Yoast SEO Premium plugin. -->","yoast_head_json":{"title":"Plaque de glissement en graphite fabriqu\u00e9e en Chine | Jinsun Carbon","description":"Fabricant et fournisseur de plaques de glissement en graphite, nous pouvons fournir des produits de haute qualit\u00e9 avec diff\u00e9rentes sp\u00e9cifications pour votre production industrielle.","robots":{"index":"index","follow":"follow","max-snippet":"max-snippet:-1","max-image-preview":"max-image-preview:large","max-video-preview":"max-video-preview:-1"},"canonical":"https:\/\/jinsuncarbon.com\/fr\/produit-2\/plaque-de-glissement-en-graphite\/","og_locale":"fr_FR","og_type":"article","og_title":"Graphite Slide Plate","og_description":"Graphite slide plate manufacturer and supplier, we can provide high-quality products with different specifications for your industrial production.","og_url":"https:\/\/jinsuncarbon.com\/fr\/produit-2\/plaque-de-glissement-en-graphite\/","og_site_name":"Jinsun Carbon","article_publisher":"https:\/\/www.facebook.com\/Graphite-Electrode-109336238661595","article_modified_time":"2025-04-30T09:26:19+00:00","og_image":[{"width":1024,"height":763,"url":"https:\/\/jinsuncarbon.com\/wp-content\/uploads\/2025\/04\/Graphite-Slide-Plate.jpg","type":"image\/jpeg"}],"twitter_card":"summary_large_image","twitter_site":"@jinsuncarbon_","twitter_misc":{"Dur\u00e9e de lecture estim\u00e9e":"3 minutes"},"schema":{"@context":"https:\/\/schema.org","@graph":[{"@type":"WebPage","@id":"https:\/\/jinsuncarbon.com\/product\/graphite-slide-plate\/","url":"https:\/\/jinsuncarbon.com\/product\/graphite-slide-plate\/","name":"Plaque de glissement en graphite fabriqu\u00e9e en Chine | Jinsun Carbon","isPartOf":{"@id":"https:\/\/jinsuncarbon.com\/#website"},"primaryImageOfPage":{"@id":"https:\/\/jinsuncarbon.com\/product\/graphite-slide-plate\/#primaryimage"},"image":{"@id":"https:\/\/jinsuncarbon.com\/product\/graphite-slide-plate\/#primaryimage"},"thumbnailUrl":"https:\/\/jinsuncarbon.com\/wp-content\/uploads\/2025\/04\/Graphite-Slide-Plate.jpg","datePublished":"2025-04-30T09:26:18+00:00","dateModified":"2025-04-30T09:26:19+00:00","description":"Fabricant et fournisseur de plaques de glissement en graphite, nous pouvons fournir des produits de haute qualit\u00e9 avec diff\u00e9rentes sp\u00e9cifications pour votre production industrielle.","breadcrumb":{"@id":"https:\/\/jinsuncarbon.com\/product\/graphite-slide-plate\/#breadcrumb"},"inLanguage":"fr-FR","potentialAction":[{"@type":"ReadAction","target":["https:\/\/jinsuncarbon.com\/product\/graphite-slide-plate\/"]}]},{"@type":"ImageObject","inLanguage":"fr-FR","@id":"https:\/\/jinsuncarbon.com\/product\/graphite-slide-plate\/#primaryimage","url":"https:\/\/jinsuncarbon.com\/wp-content\/uploads\/2025\/04\/Graphite-Slide-Plate.jpg","contentUrl":"https:\/\/jinsuncarbon.com\/wp-content\/uploads\/2025\/04\/Graphite-Slide-Plate.jpg","width":1024,"height":763,"caption":"Graphite Slide Plate"},{"@type":"BreadcrumbList","@id":"https:\/\/jinsuncarbon.com\/product\/graphite-slide-plate\/#breadcrumb","itemListElement":[{"@type":"ListItem","position":1,"name":"Home","item":"https:\/\/jinsuncarbon.com\/"},{"@type":"ListItem","position":2,"name":"Products","item":"https:\/\/jinsuncarbon.com\/graphite-carbon\/"},{"@type":"ListItem","position":3,"name":"Graphite Slide Plate"}]},{"@type":"WebSite","@id":"https:\/\/jinsuncarbon.com\/#website","url":"https:\/\/jinsuncarbon.com\/","name":"Jinsun Carbon","description":"Nous sommes le fabricant d'\u00e9lectrodes en graphite le plus performant de Chine.","publisher":{"@id":"https:\/\/jinsuncarbon.com\/#organization"},"potentialAction":[{"@type":"SearchAction","target":{"@type":"EntryPoint","urlTemplate":"https:\/\/jinsuncarbon.com\/?s={search_term_string}"},"query-input":{"@type":"PropertyValueSpecification","valueRequired":true,"valueName":"search_term_string"}}],"inLanguage":"fr-FR"},{"@type":"Organization","@id":"https:\/\/jinsuncarbon.com\/#organization","name":"Jinsun Carbon","alternateName":"Jinsun Carbon","url":"https:\/\/jinsuncarbon.com\/","logo":{"@type":"ImageObject","inLanguage":"fr-FR","@id":"https:\/\/jinsuncarbon.com\/#\/schema\/logo\/image\/","url":"https:\/\/jinsuncarbon.com\/wp-content\/uploads\/2022\/12\/LOGO-1.png","contentUrl":"https:\/\/jinsuncarbon.com\/wp-content\/uploads\/2022\/12\/LOGO-1.png","width":207,"height":80,"caption":"Jinsun Carbon"},"image":{"@id":"https:\/\/jinsuncarbon.com\/#\/schema\/logo\/image\/"},"sameAs":["https:\/\/www.facebook.com\/Graphite-Electrode-109336238661595","https:\/\/x.com\/jinsuncarbon_","https:\/\/www.linkedin.com\/in\/jinsungraphite","https:\/\/www.youtube.com\/channel\/UCysDNyvyR5-3cCWEmpkVC0g"]}]}},"_links":{"self":[{"href":"https:\/\/jinsuncarbon.com\/fr\/wp-json\/wp\/v2\/product\/7895","targetHints":{"allow":["GET"]}}],"collection":[{"href":"https:\/\/jinsuncarbon.com\/fr\/wp-json\/wp\/v2\/product"}],"about":[{"href":"https:\/\/jinsuncarbon.com\/fr\/wp-json\/wp\/v2\/types\/product"}],"wp:featuredmedia":[{"embeddable":true,"href":"https:\/\/jinsuncarbon.com\/fr\/wp-json\/wp\/v2\/media\/7896"}],"wp:attachment":[{"href":"https:\/\/jinsuncarbon.com\/fr\/wp-json\/wp\/v2\/media?parent=7895"}],"wp:term":[{"taxonomy":"product_brand","embeddable":true,"href":"https:\/\/jinsuncarbon.com\/fr\/wp-json\/wp\/v2\/product_brand?post=7895"},{"taxonomy":"product_cat","embeddable":true,"href":"https:\/\/jinsuncarbon.com\/fr\/wp-json\/wp\/v2\/product_cat?post=7895"},{"taxonomy":"product_tag","embeddable":true,"href":"https:\/\/jinsuncarbon.com\/fr\/wp-json\/wp\/v2\/product_tag?post=7895"}],"curies":[{"name":"wp","href":"https:\/\/api.w.org\/{rel}","templated":true}]}}