{"id":7892,"date":"2025-04-30T08:55:44","date_gmt":"2025-04-30T08:55:44","guid":{"rendered":"https:\/\/jinsuncarbon.com\/?post_type=product&#038;p=7892"},"modified":"2025-04-30T08:55:45","modified_gmt":"2025-04-30T08:55:45","slug":"poudre-de-graphite-artificiel","status":"publish","type":"product","link":"https:\/\/jinsuncarbon.com\/fr\/produit-2\/poudre-de-graphite-artificiel\/","title":{"rendered":"Poudre de graphite artificiel"},"content":{"rendered":"<h2 class=\"ql-align-justify\">Avantages de la poudre de graphite artificiel<\/h2>\n<p class=\"ql-align-justify\">La poudre de graphite artificiel se pr\u00e9sente g\u00e9n\u00e9ralement sous la forme d'une poudre fine. La taille des particules, la puret\u00e9 et la morphologie peuvent \u00eatre ajust\u00e9es de mani\u00e8re flexible en fonction des exigences des diff\u00e9rents processus et applications. Elle pr\u00e9sente donc de nombreux avantages.<\/p>\n<p class=\"ql-align-justify\"><strong>Grande conductivit\u00e9 \u00e9lectrique<\/strong><\/p>\n<p class=\"ql-align-justify\">Il peut conduire le courant \u00e9lectrique rapidement, ce qui en fait un composant additif id\u00e9al pour divers mat\u00e9riaux conducteurs.<\/p>\n<p class=\"ql-align-justify\"><strong>Excellente r\u00e9sistance aux hautes temp\u00e9ratures<\/strong><\/p>\n<p class=\"ql-align-justify\">Il peut rester stable dans des environnements \u00e0 haute temp\u00e9rature sup\u00e9rieure \u00e0 2000\u00b0C sans se d\u00e9composer ou se d\u00e9t\u00e9riorer facilement.<\/p>\n<p class=\"ql-align-justify\"><strong>Propri\u00e9t\u00e9s chimiques extr\u00eamement inertes<\/strong><\/p>\n<p class=\"ql-align-justify\">Il ne r\u00e9agit pas aux acides, aux alcalis et \u00e0 d'autres substances chimiques, et convient donc aux environnements corrosifs.<\/p>\n<p class=\"ql-align-justify\"><strong>Forte capacit\u00e9 de traitement<\/strong><\/p>\n<p class=\"ql-align-justify\">Il peut \u00eatre transform\u00e9 en produits de diff\u00e9rentes formes par des proc\u00e9d\u00e9s tels que le pressage et le frittage.<\/p>\n<p class=\"ql-align-justify\"><strong>La surface sp\u00e9cifique peut \u00eatre r\u00e9gl\u00e9e en fonction des besoins<\/strong><\/p>\n<p class=\"ql-align-justify\">Cela offre diverses options pour des applications telles que l'adsorption et la catalyse.<\/p>\n<p class=\"ql-align-justify\">En outre, sa forme de poudre se pr\u00eate \u00e0 un m\u00e9lange uniforme avec d'autres mat\u00e9riaux. Ainsi, gr\u00e2ce aux proc\u00e9d\u00e9s composites, il est possible de pr\u00e9parer de nouveaux mat\u00e9riaux aux propri\u00e9t\u00e9s particuli\u00e8res.<\/p>\n<p>&nbsp;<\/p>\n<h2 class=\"ql-align-justify\">Utilisations de la poudre de graphite artificiel<\/h2>\n<h3 class=\"ql-align-justify\">Dans le domaine des nouvelles \u00e9nergies :<\/h3>\n<p class=\"ql-align-justify\"><strong>Dans les batteries lithium-ion<\/strong><\/p>\n<p class=\"ql-align-justify\">Gr\u00e2ce \u00e0 sa structure cristalline unique et \u00e0 ses propri\u00e9t\u00e9s stables, il peut \u00eatre utilis\u00e9 comme mat\u00e9riau de base de l'\u00e9lectrode n\u00e9gative. Il am\u00e9liore consid\u00e9rablement la densit\u00e9 \u00e9nerg\u00e9tique et l'efficacit\u00e9 de la charge et de la d\u00e9charge de la batterie, ce qui en fait le choix le plus courant dans l'industrie.<\/p>\n<p class=\"ql-align-justify\"><strong>Dans les piles \u00e0 combustible<\/strong><\/p>\n<p class=\"ql-align-justify\">Vous pouvez l'utiliser pour pr\u00e9parer des \u00e9lectrodes et <a href=\"https:\/\/jinsuncarbon.com\/fr\/produit-2\/plaque-bipolaire-en-graphite\/\">bipolar plates<\/a>. Il peut am\u00e9liorer la densit\u00e9 de puissance gr\u00e2ce \u00e0 une conductivit\u00e9 \u00e9lectrique et une stabilit\u00e9 chimique \u00e9lev\u00e9es et r\u00e9duire la r\u00e9sistance interne et les risques de corrosion.<\/p>\n<h3 class=\"ql-align-justify\"><strong>Dans le domaine de l'information \u00e9lectronique :<\/strong><\/h3>\n<p class=\"ql-align-justify\"><strong>Rev\u00eatement conducteur<\/strong><\/p>\n<p class=\"ql-align-justify\">Les rev\u00eatements conducteurs fabriqu\u00e9s en ajoutant de la poudre de graphite artificiel dans le rev\u00eatement conducteur assurent efficacement le blindage \u00e9lectromagn\u00e9tique et l'antistatique et garantissent le fonctionnement normal de l'\u00e9quipement. Ils peuvent \u00eatre appliqu\u00e9s sur les bo\u00eetiers des \u00e9quipements \u00e9lectroniques, les murs des salles informatiques, etc.<\/p>\n<p class=\"ql-align-justify\"><strong>Dans le processus de fabrication des semi-conducteurs<\/strong><\/p>\n<p class=\"ql-align-justify\">Gr\u00e2ce \u00e0 sa r\u00e9sistance aux temp\u00e9ratures \u00e9lev\u00e9es et \u00e0 son faible coefficient de dilatation, la poudre de graphite artificiel peut \u00eatre utilis\u00e9e pour fabriquer des mat\u00e9riaux auxiliaires tels que des moules et des fixations. Elle peut r\u00e9pondre aux exigences dimensionnelles de haute pr\u00e9cision dans le cadre de processus \u00e0 haute temp\u00e9rature.<\/p>\n<h3 class=\"ql-align-justify\">Dans le domaine de l'industrie des machines :<\/h3>\n<p class=\"ql-align-justify\"><strong>Mat\u00e9riau lubrifiant<\/strong><\/p>\n<p class=\"ql-align-justify\">Gr\u00e2ce \u00e0 sa structure cristalline en couches, il s'agit d'un lubrifiant solide de haute qualit\u00e9, qui convient aux huiles lubrifiantes et aux conditions de travail sp\u00e9ciales. <a href=\"https:\/\/jinsuncarbon.com\/fr\/produit-2\/poudre-de-graphite\/\">Poudre de graphite<\/a> peut r\u00e9duire consid\u00e9rablement le frottement, minimiser l'usure et am\u00e9liorer l'efficacit\u00e9 op\u00e9rationnelle et la dur\u00e9e de vie de l'\u00e9quipement.<\/p>\n<p class=\"ql-align-justify\"><strong>Dans la fabrication de moules<\/strong><\/p>\n<p class=\"ql-align-justify\">Son excellent pouvoir lubrifiant et sa r\u00e9sistance aux temp\u00e9ratures \u00e9lev\u00e9es en font un agent de d\u00e9moulage id\u00e9al. Il peut optimiser la surface du moule, am\u00e9liorer la qualit\u00e9 du formage du produit et la dur\u00e9e de vie du moule.<\/p>\n<h3 class=\"ql-align-justify\">Dans le domaine du g\u00e9nie chimique :<\/h3>\n<p class=\"ql-align-justify\"><strong>Support de catalyseur<\/strong><\/p>\n<p class=\"ql-align-justify\">En raison de sa grande surface sp\u00e9cifique et de ses propri\u00e9t\u00e9s chimiques stables, vous pouvez l'utiliser en tant que <a href=\"https:\/\/en.wikipedia.org\/wiki\/Catalyst_support\" target=\"_blank\" rel=\"noopener\">support de catalyseur<\/a> pour charger les composants actifs. Il peut am\u00e9liorer l'activit\u00e9, la s\u00e9lectivit\u00e9 et la stabilit\u00e9 des catalyseurs dans les r\u00e9actions chimiques, ce qui est largement appliqu\u00e9 dans les industries p\u00e9trochimiques et chimiques du charbon.<\/p>\n<p class=\"ql-align-justify\"><strong>Mat\u00e9riau anti-rotation<\/strong><\/p>\n<p class=\"ql-align-justify\">Vous pouvez l'ajouter aux rev\u00eatements anticorrosion ou aux plastiques pour r\u00e9sister aux milieux corrosifs. Il prolonge ainsi la dur\u00e9e de vie des pipelines dans les \u00e9quipements de g\u00e9nie chimique et maritime.<\/p>","protected":false},"excerpt":{"rendered":"<p>La poudre de graphite artificiel est un mat\u00e9riau en poudre fabriqu\u00e9 en synth\u00e9tisant artificiellement des mati\u00e8res premi\u00e8res carbon\u00e9es par une s\u00e9rie de traitements \u00e0 haute temp\u00e9rature et de processus de modification. Il n'est pas form\u00e9 naturellement mais dot\u00e9 de structures cristallines et de propri\u00e9t\u00e9s physiques et chimiques sp\u00e9cifiques gr\u00e2ce \u00e0 la r\u00e9gulation artificielle des param\u00e8tres du processus. Il pr\u00e9sente une conductivit\u00e9 \u00e9lectrique exceptionnelle, une r\u00e9sistance aux temp\u00e9ratures \u00e9lev\u00e9es, une stabilit\u00e9 chimique et des propri\u00e9t\u00e9s particulaires personnalisables. Il a donc de nombreuses applications, notamment dans la fabrication de semi-conducteurs, les batteries lithium-ion, les mat\u00e9riaux lubrifiants, etc.<\/p>","protected":false},"featured_media":7893,"template":"","meta":[],"product_brand":[],"product_cat":[38],"product_tag":[],"class_list":{"0":"post-7892","1":"product","2":"type-product","3":"status-publish","4":"has-post-thumbnail","6":"product_cat-graphite-products","8":"first","9":"instock","10":"shipping-taxable","11":"product-type-simple"},"yoast_head":"<!-- This site is optimized with the Yoast SEO Premium plugin v19.2.1 (Yoast SEO v25.3) - https:\/\/yoast.com\/wordpress\/plugins\/seo\/ -->\n<title>Artificial Graphite Powder Manufacturer in China | Jinsun Carbon<\/title>\n<meta name=\"description\" content=\"Artificial graphite powder producer\uff0cJinsun can supply different types of graphite powder. Contact us today and get the best price.\" \/>\n<meta name=\"robots\" content=\"index, follow, max-snippet:-1, max-image-preview:large, max-video-preview:-1\" \/>\n<link rel=\"canonical\" href=\"https:\/\/jinsuncarbon.com\/fr\/produit-2\/poudre-de-graphite-artificiel\/\" \/>\n<meta property=\"og:locale\" content=\"fr_FR\" \/>\n<meta property=\"og:type\" content=\"article\" \/>\n<meta property=\"og:title\" content=\"Artificial Graphite Powder\" \/>\n<meta property=\"og:description\" content=\"Artificial graphite powder producer\uff0cJinsun can supply different types of graphite powder. Contact us today and get the best price.\" \/>\n<meta property=\"og:url\" content=\"https:\/\/jinsuncarbon.com\/fr\/produit-2\/poudre-de-graphite-artificiel\/\" \/>\n<meta property=\"og:site_name\" content=\"Jinsun Carbon\" \/>\n<meta property=\"article:publisher\" content=\"https:\/\/www.facebook.com\/Graphite-Electrode-109336238661595\" \/>\n<meta property=\"article:modified_time\" content=\"2025-04-30T08:55:45+00:00\" \/>\n<meta property=\"og:image\" content=\"https:\/\/jinsuncarbon.com\/wp-content\/uploads\/2025\/04\/Artificial-Graphite-Powder.jpg\" \/>\n\t<meta property=\"og:image:width\" content=\"1024\" \/>\n\t<meta property=\"og:image:height\" content=\"763\" \/>\n\t<meta property=\"og:image:type\" content=\"image\/jpeg\" \/>\n<meta name=\"twitter:card\" content=\"summary_large_image\" \/>\n<meta name=\"twitter:site\" content=\"@jinsuncarbon_\" \/>\n<meta name=\"twitter:label1\" content=\"Dur\u00e9e de lecture estim\u00e9e\" \/>\n\t<meta name=\"twitter:data1\" content=\"3 minutes\" \/>\n<script type=\"application\/ld+json\" class=\"yoast-schema-graph\">{\"@context\":\"https:\/\/schema.org\",\"@graph\":[{\"@type\":\"WebPage\",\"@id\":\"https:\/\/jinsuncarbon.com\/product\/artificial-graphite-powder\/\",\"url\":\"https:\/\/jinsuncarbon.com\/product\/artificial-graphite-powder\/\",\"name\":\"Artificial Graphite Powder Manufacturer in China | Jinsun Carbon\",\"isPartOf\":{\"@id\":\"https:\/\/jinsuncarbon.com\/#website\"},\"primaryImageOfPage\":{\"@id\":\"https:\/\/jinsuncarbon.com\/product\/artificial-graphite-powder\/#primaryimage\"},\"image\":{\"@id\":\"https:\/\/jinsuncarbon.com\/product\/artificial-graphite-powder\/#primaryimage\"},\"thumbnailUrl\":\"https:\/\/jinsuncarbon.com\/wp-content\/uploads\/2025\/04\/Artificial-Graphite-Powder.jpg\",\"datePublished\":\"2025-04-30T08:55:44+00:00\",\"dateModified\":\"2025-04-30T08:55:45+00:00\",\"description\":\"Artificial graphite powder producer\uff0cJinsun can supply different types of graphite powder. Contact us today and get the best price.\",\"breadcrumb\":{\"@id\":\"https:\/\/jinsuncarbon.com\/product\/artificial-graphite-powder\/#breadcrumb\"},\"inLanguage\":\"fr-FR\",\"potentialAction\":[{\"@type\":\"ReadAction\",\"target\":[\"https:\/\/jinsuncarbon.com\/product\/artificial-graphite-powder\/\"]}]},{\"@type\":\"ImageObject\",\"inLanguage\":\"fr-FR\",\"@id\":\"https:\/\/jinsuncarbon.com\/product\/artificial-graphite-powder\/#primaryimage\",\"url\":\"https:\/\/jinsuncarbon.com\/wp-content\/uploads\/2025\/04\/Artificial-Graphite-Powder.jpg\",\"contentUrl\":\"https:\/\/jinsuncarbon.com\/wp-content\/uploads\/2025\/04\/Artificial-Graphite-Powder.jpg\",\"width\":1024,\"height\":763,\"caption\":\"Artificial Graphite Powder\"},{\"@type\":\"BreadcrumbList\",\"@id\":\"https:\/\/jinsuncarbon.com\/product\/artificial-graphite-powder\/#breadcrumb\",\"itemListElement\":[{\"@type\":\"ListItem\",\"position\":1,\"name\":\"Home\",\"item\":\"https:\/\/jinsuncarbon.com\/\"},{\"@type\":\"ListItem\",\"position\":2,\"name\":\"Products\",\"item\":\"https:\/\/jinsuncarbon.com\/graphite-carbon\/\"},{\"@type\":\"ListItem\",\"position\":3,\"name\":\"Artificial Graphite Powder\"}]},{\"@type\":\"WebSite\",\"@id\":\"https:\/\/jinsuncarbon.com\/#website\",\"url\":\"https:\/\/jinsuncarbon.com\/\",\"name\":\"Jinsun Carbon\",\"description\":\"We are the successful graphite electrode manufacturer in China\",\"publisher\":{\"@id\":\"https:\/\/jinsuncarbon.com\/#organization\"},\"potentialAction\":[{\"@type\":\"SearchAction\",\"target\":{\"@type\":\"EntryPoint\",\"urlTemplate\":\"https:\/\/jinsuncarbon.com\/?s={search_term_string}\"},\"query-input\":{\"@type\":\"PropertyValueSpecification\",\"valueRequired\":true,\"valueName\":\"search_term_string\"}}],\"inLanguage\":\"fr-FR\"},{\"@type\":\"Organization\",\"@id\":\"https:\/\/jinsuncarbon.com\/#organization\",\"name\":\"Jinsun Carbon\",\"alternateName\":\"Jinsun Carbon\",\"url\":\"https:\/\/jinsuncarbon.com\/\",\"logo\":{\"@type\":\"ImageObject\",\"inLanguage\":\"fr-FR\",\"@id\":\"https:\/\/jinsuncarbon.com\/#\/schema\/logo\/image\/\",\"url\":\"https:\/\/jinsuncarbon.com\/wp-content\/uploads\/2022\/12\/LOGO-1.png\",\"contentUrl\":\"https:\/\/jinsuncarbon.com\/wp-content\/uploads\/2022\/12\/LOGO-1.png\",\"width\":207,\"height\":80,\"caption\":\"Jinsun Carbon\"},\"image\":{\"@id\":\"https:\/\/jinsuncarbon.com\/#\/schema\/logo\/image\/\"},\"sameAs\":[\"https:\/\/www.facebook.com\/Graphite-Electrode-109336238661595\",\"https:\/\/x.com\/jinsuncarbon_\",\"https:\/\/www.linkedin.com\/in\/jinsungraphite\",\"https:\/\/www.youtube.com\/channel\/UCysDNyvyR5-3cCWEmpkVC0g\"]}]}<\/script>\n<!-- \/ Yoast SEO Premium plugin. -->","yoast_head_json":{"title":"Fabricant de poudre de graphite artificiel en Chine | Jinsun Carbon","description":"Le producteur de poudre de graphite artificiel\uff0cJinsun peut fournir diff\u00e9rents types de poudre de graphite. Contactez-nous d\u00e8s aujourd'hui pour obtenir le meilleur prix.","robots":{"index":"index","follow":"follow","max-snippet":"max-snippet:-1","max-image-preview":"max-image-preview:large","max-video-preview":"max-video-preview:-1"},"canonical":"https:\/\/jinsuncarbon.com\/fr\/produit-2\/poudre-de-graphite-artificiel\/","og_locale":"fr_FR","og_type":"article","og_title":"Artificial Graphite Powder","og_description":"Artificial graphite powder producer\uff0cJinsun can supply different types of graphite powder. Contact us today and get the best price.","og_url":"https:\/\/jinsuncarbon.com\/fr\/produit-2\/poudre-de-graphite-artificiel\/","og_site_name":"Jinsun Carbon","article_publisher":"https:\/\/www.facebook.com\/Graphite-Electrode-109336238661595","article_modified_time":"2025-04-30T08:55:45+00:00","og_image":[{"width":1024,"height":763,"url":"https:\/\/jinsuncarbon.com\/wp-content\/uploads\/2025\/04\/Artificial-Graphite-Powder.jpg","type":"image\/jpeg"}],"twitter_card":"summary_large_image","twitter_site":"@jinsuncarbon_","twitter_misc":{"Dur\u00e9e de lecture estim\u00e9e":"3 minutes"},"schema":{"@context":"https:\/\/schema.org","@graph":[{"@type":"WebPage","@id":"https:\/\/jinsuncarbon.com\/product\/artificial-graphite-powder\/","url":"https:\/\/jinsuncarbon.com\/product\/artificial-graphite-powder\/","name":"Fabricant de poudre de graphite artificiel en Chine | Jinsun Carbon","isPartOf":{"@id":"https:\/\/jinsuncarbon.com\/#website"},"primaryImageOfPage":{"@id":"https:\/\/jinsuncarbon.com\/product\/artificial-graphite-powder\/#primaryimage"},"image":{"@id":"https:\/\/jinsuncarbon.com\/product\/artificial-graphite-powder\/#primaryimage"},"thumbnailUrl":"https:\/\/jinsuncarbon.com\/wp-content\/uploads\/2025\/04\/Artificial-Graphite-Powder.jpg","datePublished":"2025-04-30T08:55:44+00:00","dateModified":"2025-04-30T08:55:45+00:00","description":"Le producteur de poudre de graphite artificiel\uff0cJinsun peut fournir diff\u00e9rents types de poudre de graphite. Contactez-nous d\u00e8s aujourd'hui pour obtenir le meilleur prix.","breadcrumb":{"@id":"https:\/\/jinsuncarbon.com\/product\/artificial-graphite-powder\/#breadcrumb"},"inLanguage":"fr-FR","potentialAction":[{"@type":"ReadAction","target":["https:\/\/jinsuncarbon.com\/product\/artificial-graphite-powder\/"]}]},{"@type":"ImageObject","inLanguage":"fr-FR","@id":"https:\/\/jinsuncarbon.com\/product\/artificial-graphite-powder\/#primaryimage","url":"https:\/\/jinsuncarbon.com\/wp-content\/uploads\/2025\/04\/Artificial-Graphite-Powder.jpg","contentUrl":"https:\/\/jinsuncarbon.com\/wp-content\/uploads\/2025\/04\/Artificial-Graphite-Powder.jpg","width":1024,"height":763,"caption":"Artificial Graphite Powder"},{"@type":"BreadcrumbList","@id":"https:\/\/jinsuncarbon.com\/product\/artificial-graphite-powder\/#breadcrumb","itemListElement":[{"@type":"ListItem","position":1,"name":"Home","item":"https:\/\/jinsuncarbon.com\/"},{"@type":"ListItem","position":2,"name":"Products","item":"https:\/\/jinsuncarbon.com\/graphite-carbon\/"},{"@type":"ListItem","position":3,"name":"Artificial Graphite Powder"}]},{"@type":"WebSite","@id":"https:\/\/jinsuncarbon.com\/#website","url":"https:\/\/jinsuncarbon.com\/","name":"Jinsun Carbon","description":"Nous sommes le fabricant d'\u00e9lectrodes en graphite le plus performant de Chine.","publisher":{"@id":"https:\/\/jinsuncarbon.com\/#organization"},"potentialAction":[{"@type":"SearchAction","target":{"@type":"EntryPoint","urlTemplate":"https:\/\/jinsuncarbon.com\/?s={search_term_string}"},"query-input":{"@type":"PropertyValueSpecification","valueRequired":true,"valueName":"search_term_string"}}],"inLanguage":"fr-FR"},{"@type":"Organization","@id":"https:\/\/jinsuncarbon.com\/#organization","name":"Jinsun Carbon","alternateName":"Jinsun Carbon","url":"https:\/\/jinsuncarbon.com\/","logo":{"@type":"ImageObject","inLanguage":"fr-FR","@id":"https:\/\/jinsuncarbon.com\/#\/schema\/logo\/image\/","url":"https:\/\/jinsuncarbon.com\/wp-content\/uploads\/2022\/12\/LOGO-1.png","contentUrl":"https:\/\/jinsuncarbon.com\/wp-content\/uploads\/2022\/12\/LOGO-1.png","width":207,"height":80,"caption":"Jinsun Carbon"},"image":{"@id":"https:\/\/jinsuncarbon.com\/#\/schema\/logo\/image\/"},"sameAs":["https:\/\/www.facebook.com\/Graphite-Electrode-109336238661595","https:\/\/x.com\/jinsuncarbon_","https:\/\/www.linkedin.com\/in\/jinsungraphite","https:\/\/www.youtube.com\/channel\/UCysDNyvyR5-3cCWEmpkVC0g"]}]}},"_links":{"self":[{"href":"https:\/\/jinsuncarbon.com\/fr\/wp-json\/wp\/v2\/product\/7892","targetHints":{"allow":["GET"]}}],"collection":[{"href":"https:\/\/jinsuncarbon.com\/fr\/wp-json\/wp\/v2\/product"}],"about":[{"href":"https:\/\/jinsuncarbon.com\/fr\/wp-json\/wp\/v2\/types\/product"}],"wp:featuredmedia":[{"embeddable":true,"href":"https:\/\/jinsuncarbon.com\/fr\/wp-json\/wp\/v2\/media\/7893"}],"wp:attachment":[{"href":"https:\/\/jinsuncarbon.com\/fr\/wp-json\/wp\/v2\/media?parent=7892"}],"wp:term":[{"taxonomy":"product_brand","embeddable":true,"href":"https:\/\/jinsuncarbon.com\/fr\/wp-json\/wp\/v2\/product_brand?post=7892"},{"taxonomy":"product_cat","embeddable":true,"href":"https:\/\/jinsuncarbon.com\/fr\/wp-json\/wp\/v2\/product_cat?post=7892"},{"taxonomy":"product_tag","embeddable":true,"href":"https:\/\/jinsuncarbon.com\/fr\/wp-json\/wp\/v2\/product_tag?post=7892"}],"curies":[{"name":"wp","href":"https:\/\/api.w.org\/{rel}","templated":true}]}}