{"id":7881,"date":"2025-04-18T01:56:46","date_gmt":"2025-04-18T01:56:46","guid":{"rendered":"https:\/\/jinsuncarbon.com\/?post_type=product&#038;p=7881"},"modified":"2025-04-18T01:56:46","modified_gmt":"2025-04-18T01:56:46","slug":"revetement-en-graphite-2","status":"publish","type":"product","link":"https:\/\/jinsuncarbon.com\/fr\/produit-2\/revetement-en-graphite-2\/","title":{"rendered":"Doublure en graphite"},"content":{"rendered":"<h2>Avantages du rev\u00eatement en graphite<\/h2>\n<p>Il est g\u00e9n\u00e9ralement fabriqu\u00e9 en m\u00e9langeant de la poudre de graphite avec un liant sp\u00e9cifique. Un processus de moulage, tel que le moulage, l'extrusion ou le pressage isostatique, permet ensuite de lui donner la forme et la taille souhait\u00e9es. Apr\u00e8s le grillage \u00e0 haute temp\u00e9rature et d'autres traitements pour am\u00e9liorer sa densit\u00e9, sa r\u00e9sistance et ses performances. Le rev\u00eatement en graphite pr\u00e9sente donc des avantages exceptionnels.<\/p>\n<p><strong><b>S<\/b><\/strong><strong><b>uper r\u00e9sistance aux hautes temp\u00e9ratures<\/b><\/strong><\/p>\n<p>Il peut rester stable dans un environnement \u00e0 haute temp\u00e9rature sup\u00e9rieure \u00e0 1000\u00b0C, sans fondre ni se d\u00e9composer.<\/p>\n<p>&nbsp;<\/p>\n<p><strong><b>Excellente stabilit\u00e9 chimique<\/b><\/strong><\/p>\n<p>Il peut r\u00e9sister efficacement \u00e0 une vari\u00e9t\u00e9 d'acides forts, d'alcalis et d'\u00e9rosion par gaz corrosifs, car il ne r\u00e9agit pratiquement pas avec les substances chimiques.<\/p>\n<p>&nbsp;<\/p>\n<p><strong><b>Bonne r\u00e9sistance \u00e0 l'usure<\/b><\/strong><\/p>\n<p>Il peut r\u00e9sister \u00e0 l'\u00e9rosion et au frottement des mat\u00e9riaux et r\u00e9duire l'usure des \u00e9quipements.<\/p>\n<p>&nbsp;<\/p>\n<p><strong><b>G<\/b><\/strong><strong><b>Bonne autolubrification<\/b><\/strong><\/p>\n<p>Il peut r\u00e9duire la r\u00e9sistance du mat\u00e9riel circulant dans l'\u00e9quipement.<\/p>\n<p>&nbsp;<\/p>\n<p><strong><b>Faible<\/b><\/strong><strong><b>\u00a0coefficient de dilatation thermique<\/b><\/strong><\/p>\n<p>Sa structure peut rester stable en cas de changements de temp\u00e9rature importants. Elle n'est pas facilement endommag\u00e9e par la dilatation thermique et la contraction \u00e0 froid.<\/p>\n<p>&nbsp;<\/p>\n<p><strong><b>C<\/b><\/strong><strong><b>une certaine conductivit\u00e9 \u00e9lectrique<\/b><\/strong><\/p>\n<p>Il peut jouer un r\u00f4le unique dans certains \u00e9quipements impliquant des processus \u00e9lectrochimiques.<\/p>\n<p><strong><b>\u00a0<\/b><\/strong><\/p>\n<h2>Utilisations des rev\u00eatements en graphite<\/h2>\n<p>Les rev\u00eatements en graphite pr\u00e9sentent une bonne r\u00e9sistance \u00e0 la corrosion, une bonne conductivit\u00e9 thermique et une bonne r\u00e9sistance \u00e0 l'usure, de sorte qu'ils sont largement utilis\u00e9s dans de nombreux domaines. Voici quelques-unes des principales utilisations :<\/p>\n<p><strong><b>Industrie chimique<\/b><\/strong><\/p>\n<p>Il peut \u00eatre utilis\u00e9 pour le rev\u00eatement des r\u00e9acteurs, des r\u00e9servoirs de stockage, des pipelines et d'autres \u00e9quipements. Parce qu'il peut r\u00e9sister \u00e0 la corrosion de divers acides forts, alcalis forts et solvants organiques, il garantit la s\u00e9curit\u00e9 et la stabilit\u00e9 du processus de production chimique.<\/p>\n<p>&nbsp;<\/p>\n<p><strong><b>Industrie m\u00e9tallurgique<\/b><\/strong><\/p>\n<p>Dans les cellules \u00e9lectrolytiques, on peut utiliser des chemises en graphite comme cathode. <a href=\"https:\/\/jinsuncarbon.com\/fr\/produit-2\/revetement-de-four-en-graphite\/\">doublure<\/a> mat\u00e9riau. Gr\u00e2ce \u00e0 sa bonne conductivit\u00e9 \u00e9lectrique et \u00e0 sa r\u00e9sistance \u00e0 l'\u00e9rosion par les sels fondus, il permet d'am\u00e9liorer l'efficacit\u00e9 \u00e9lectrolytique et de prolonger la dur\u00e9e de vie des \u00e9quipements. En outre, dans certains fours \u00e0 haute temp\u00e9rature, il peut \u00e9galement jouer le r\u00f4le d'isolant thermique et de protection du corps du four.<\/p>\n<p>&nbsp;<\/p>\n<p><strong><b>Industrie \u00e9lectronique<\/b><\/strong><\/p>\n<p>Vous pouvez l'utiliser pour fabriquer des bateaux en graphite et des fixations en graphite dans le processus de fabrication des puces semi-conductrices. Les rev\u00eatements en graphite peuvent fournir un environnement thermique stable et un bon support m\u00e9canique pour la fabrication des puces. Sa grande puret\u00e9 et sa faible teneur en impuret\u00e9s permettent de r\u00e9pondre aux exigences strictes de l'industrie \u00e9lectronique en mati\u00e8re de mat\u00e9riaux.<\/p>\n<p>&nbsp;<\/p>\n<p><strong><b>Industrie des machines<\/b><\/strong><\/p>\n<p>Vous pouvez utiliser le rev\u00eatement en graphite pour la production de garnitures m\u00e9caniques, de roulements et d'autres pi\u00e8ces du rev\u00eatement. Il pr\u00e9sente une bonne autolubrification et une bonne r\u00e9sistance \u00e0 l'usure, ce qui permet de r\u00e9duire le coefficient de frottement entre les pi\u00e8ces m\u00e9caniques. Il am\u00e9liore \u00e9galement l'efficacit\u00e9 op\u00e9rationnelle et la fiabilit\u00e9 de l'\u00e9quipement.<\/p>\n<p>&nbsp;<\/p>\n<p><strong><b>Industrie de la protection de l'environnement<\/b><\/strong><\/p>\n<p>Dans les \u00e9quipements de traitement des eaux us\u00e9es, il peut \u00eatre utilis\u00e9 pour le rev\u00eatement du bassin d'a\u00e9ration, du bassin de s\u00e9dimentation, etc. Gr\u00e2ce \u00e0 sa r\u00e9sistance \u00e0 la corrosion et \u00e0 l'adh\u00e9sion biologique, il peut am\u00e9liorer l'efficacit\u00e9 op\u00e9rationnelle et la dur\u00e9e de vie de l'\u00e9quipement. En outre, dans certains \u00e9quipements de traitement des gaz d'\u00e9chappement, il peut \u00e9galement \u00eatre utilis\u00e9 comme support de <a href=\"https:\/\/www.sciencedirect.com\/topics\/engineering\/adsorbent-material\" target=\"_blank\" rel=\"noopener\">mat\u00e9riaux adsorb\u00e9s<\/a>. Il peut am\u00e9liorer l'effet du traitement des gaz d'\u00e9chappement.<\/p>","protected":false},"excerpt":{"rendered":"<p>Le rev\u00eatement en graphite est une structure en graphite de haute puret\u00e9 destin\u00e9e \u00e0 la protection interne des \u00e9quipements. En raison des excellentes caract\u00e9ristiques du graphite lui-m\u00eame, il joue un r\u00f4le cl\u00e9 dans de nombreuses conditions de travail complexes. Par exemple, dans les r\u00e9acteurs de l'industrie chimique, les fours \u00e0 haute temp\u00e9rature du secteur m\u00e9tallurgique et d'autres \u00e9quipements. Il peut fournir une garantie fiable pour le fonctionnement stable de l'\u00e9quipement, qui est un composant indispensable pour assurer le fonctionnement stable de toutes sortes d'\u00e9quipements industriels.<\/p>","protected":false},"featured_media":7882,"template":"","meta":[],"product_brand":[],"product_cat":[38],"product_tag":[],"class_list":{"0":"post-7881","1":"product","2":"type-product","3":"status-publish","4":"has-post-thumbnail","6":"product_cat-graphite-products","8":"first","9":"instock","10":"shipping-taxable","11":"product-type-simple"},"yoast_head":"<!-- This site is optimized with the Yoast SEO Premium plugin v19.2.1 (Yoast SEO v25.3) - https:\/\/yoast.com\/wordpress\/plugins\/seo\/ -->\n<title>Graphite Liner Manufacturer in China | Jinsun Carbon<\/title>\n<meta name=\"description\" content=\"Graphite Liners manufacturers and suppliers. Jinsun can supply graphite liners in a range of sizes for your application, please contact us now.\" \/>\n<meta name=\"robots\" content=\"index, follow, max-snippet:-1, max-image-preview:large, max-video-preview:-1\" \/>\n<link rel=\"canonical\" href=\"https:\/\/jinsuncarbon.com\/fr\/produit-2\/revetement-en-graphite-2\/\" \/>\n<meta property=\"og:locale\" content=\"fr_FR\" \/>\n<meta property=\"og:type\" content=\"article\" \/>\n<meta property=\"og:title\" content=\"Graphite Liner\" \/>\n<meta property=\"og:description\" content=\"Graphite Liners manufacturers and suppliers. Jinsun can supply graphite liners in a range of sizes for your application, please contact us now.\" \/>\n<meta property=\"og:url\" content=\"https:\/\/jinsuncarbon.com\/fr\/produit-2\/revetement-en-graphite-2\/\" \/>\n<meta property=\"og:site_name\" content=\"Jinsun Carbon\" \/>\n<meta property=\"article:publisher\" content=\"https:\/\/www.facebook.com\/Graphite-Electrode-109336238661595\" \/>\n<meta property=\"og:image\" content=\"https:\/\/jinsuncarbon.com\/wp-content\/uploads\/2025\/04\/Graphite-Liner.jpg\" \/>\n\t<meta property=\"og:image:width\" content=\"1024\" \/>\n\t<meta property=\"og:image:height\" content=\"763\" \/>\n\t<meta property=\"og:image:type\" content=\"image\/jpeg\" \/>\n<meta name=\"twitter:card\" content=\"summary_large_image\" \/>\n<meta name=\"twitter:site\" content=\"@jinsuncarbon_\" \/>\n<meta name=\"twitter:label1\" content=\"Dur\u00e9e de lecture estim\u00e9e\" \/>\n\t<meta name=\"twitter:data1\" content=\"3 minutes\" \/>\n<script type=\"application\/ld+json\" class=\"yoast-schema-graph\">{\"@context\":\"https:\/\/schema.org\",\"@graph\":[{\"@type\":\"WebPage\",\"@id\":\"https:\/\/jinsuncarbon.com\/product\/graphite-liner\/\",\"url\":\"https:\/\/jinsuncarbon.com\/product\/graphite-liner\/\",\"name\":\"Graphite Liner Manufacturer in China | Jinsun Carbon\",\"isPartOf\":{\"@id\":\"https:\/\/jinsuncarbon.com\/#website\"},\"primaryImageOfPage\":{\"@id\":\"https:\/\/jinsuncarbon.com\/product\/graphite-liner\/#primaryimage\"},\"image\":{\"@id\":\"https:\/\/jinsuncarbon.com\/product\/graphite-liner\/#primaryimage\"},\"thumbnailUrl\":\"https:\/\/jinsuncarbon.com\/wp-content\/uploads\/2025\/04\/Graphite-Liner.jpg\",\"datePublished\":\"2025-04-18T01:56:46+00:00\",\"description\":\"Graphite Liners manufacturers and suppliers. Jinsun can supply graphite liners in a range of sizes for your application, please contact us now.\",\"breadcrumb\":{\"@id\":\"https:\/\/jinsuncarbon.com\/product\/graphite-liner\/#breadcrumb\"},\"inLanguage\":\"fr-FR\",\"potentialAction\":[{\"@type\":\"ReadAction\",\"target\":[\"https:\/\/jinsuncarbon.com\/product\/graphite-liner\/\"]}]},{\"@type\":\"ImageObject\",\"inLanguage\":\"fr-FR\",\"@id\":\"https:\/\/jinsuncarbon.com\/product\/graphite-liner\/#primaryimage\",\"url\":\"https:\/\/jinsuncarbon.com\/wp-content\/uploads\/2025\/04\/Graphite-Liner.jpg\",\"contentUrl\":\"https:\/\/jinsuncarbon.com\/wp-content\/uploads\/2025\/04\/Graphite-Liner.jpg\",\"width\":1024,\"height\":763,\"caption\":\"Graphite Liner\"},{\"@type\":\"BreadcrumbList\",\"@id\":\"https:\/\/jinsuncarbon.com\/product\/graphite-liner\/#breadcrumb\",\"itemListElement\":[{\"@type\":\"ListItem\",\"position\":1,\"name\":\"Home\",\"item\":\"https:\/\/jinsuncarbon.com\/\"},{\"@type\":\"ListItem\",\"position\":2,\"name\":\"Products\",\"item\":\"https:\/\/jinsuncarbon.com\/graphite-carbon\/\"},{\"@type\":\"ListItem\",\"position\":3,\"name\":\"Graphite Liner\"}]},{\"@type\":\"WebSite\",\"@id\":\"https:\/\/jinsuncarbon.com\/#website\",\"url\":\"https:\/\/jinsuncarbon.com\/\",\"name\":\"Jinsun Carbon\",\"description\":\"We are the successful graphite electrode manufacturer in China\",\"publisher\":{\"@id\":\"https:\/\/jinsuncarbon.com\/#organization\"},\"potentialAction\":[{\"@type\":\"SearchAction\",\"target\":{\"@type\":\"EntryPoint\",\"urlTemplate\":\"https:\/\/jinsuncarbon.com\/?s={search_term_string}\"},\"query-input\":{\"@type\":\"PropertyValueSpecification\",\"valueRequired\":true,\"valueName\":\"search_term_string\"}}],\"inLanguage\":\"fr-FR\"},{\"@type\":\"Organization\",\"@id\":\"https:\/\/jinsuncarbon.com\/#organization\",\"name\":\"Jinsun Carbon\",\"alternateName\":\"Jinsun Carbon\",\"url\":\"https:\/\/jinsuncarbon.com\/\",\"logo\":{\"@type\":\"ImageObject\",\"inLanguage\":\"fr-FR\",\"@id\":\"https:\/\/jinsuncarbon.com\/#\/schema\/logo\/image\/\",\"url\":\"https:\/\/jinsuncarbon.com\/wp-content\/uploads\/2022\/12\/LOGO-1.png\",\"contentUrl\":\"https:\/\/jinsuncarbon.com\/wp-content\/uploads\/2022\/12\/LOGO-1.png\",\"width\":207,\"height\":80,\"caption\":\"Jinsun Carbon\"},\"image\":{\"@id\":\"https:\/\/jinsuncarbon.com\/#\/schema\/logo\/image\/\"},\"sameAs\":[\"https:\/\/www.facebook.com\/Graphite-Electrode-109336238661595\",\"https:\/\/x.com\/jinsuncarbon_\",\"https:\/\/www.linkedin.com\/in\/jinsungraphite\",\"https:\/\/www.youtube.com\/channel\/UCysDNyvyR5-3cCWEmpkVC0g\"]}]}<\/script>\n<!-- \/ Yoast SEO Premium plugin. -->","yoast_head_json":{"title":"Fabricant de rev\u00eatements en graphite en Chine | Jinsun Carbon","description":"Fabricants et fournisseurs de rev\u00eatements en graphite. Jinsun peut fournir des rev\u00eatements en graphite dans une gamme de tailles pour votre application, veuillez nous contacter maintenant.","robots":{"index":"index","follow":"follow","max-snippet":"max-snippet:-1","max-image-preview":"max-image-preview:large","max-video-preview":"max-video-preview:-1"},"canonical":"https:\/\/jinsuncarbon.com\/fr\/produit-2\/revetement-en-graphite-2\/","og_locale":"fr_FR","og_type":"article","og_title":"Graphite Liner","og_description":"Graphite Liners manufacturers and suppliers. Jinsun can supply graphite liners in a range of sizes for your application, please contact us now.","og_url":"https:\/\/jinsuncarbon.com\/fr\/produit-2\/revetement-en-graphite-2\/","og_site_name":"Jinsun Carbon","article_publisher":"https:\/\/www.facebook.com\/Graphite-Electrode-109336238661595","og_image":[{"width":1024,"height":763,"url":"https:\/\/jinsuncarbon.com\/wp-content\/uploads\/2025\/04\/Graphite-Liner.jpg","type":"image\/jpeg"}],"twitter_card":"summary_large_image","twitter_site":"@jinsuncarbon_","twitter_misc":{"Dur\u00e9e de lecture estim\u00e9e":"3 minutes"},"schema":{"@context":"https:\/\/schema.org","@graph":[{"@type":"WebPage","@id":"https:\/\/jinsuncarbon.com\/product\/graphite-liner\/","url":"https:\/\/jinsuncarbon.com\/product\/graphite-liner\/","name":"Fabricant de rev\u00eatements en graphite en Chine | Jinsun Carbon","isPartOf":{"@id":"https:\/\/jinsuncarbon.com\/#website"},"primaryImageOfPage":{"@id":"https:\/\/jinsuncarbon.com\/product\/graphite-liner\/#primaryimage"},"image":{"@id":"https:\/\/jinsuncarbon.com\/product\/graphite-liner\/#primaryimage"},"thumbnailUrl":"https:\/\/jinsuncarbon.com\/wp-content\/uploads\/2025\/04\/Graphite-Liner.jpg","datePublished":"2025-04-18T01:56:46+00:00","description":"Fabricants et fournisseurs de rev\u00eatements en graphite. Jinsun peut fournir des rev\u00eatements en graphite dans une gamme de tailles pour votre application, veuillez nous contacter maintenant.","breadcrumb":{"@id":"https:\/\/jinsuncarbon.com\/product\/graphite-liner\/#breadcrumb"},"inLanguage":"fr-FR","potentialAction":[{"@type":"ReadAction","target":["https:\/\/jinsuncarbon.com\/product\/graphite-liner\/"]}]},{"@type":"ImageObject","inLanguage":"fr-FR","@id":"https:\/\/jinsuncarbon.com\/product\/graphite-liner\/#primaryimage","url":"https:\/\/jinsuncarbon.com\/wp-content\/uploads\/2025\/04\/Graphite-Liner.jpg","contentUrl":"https:\/\/jinsuncarbon.com\/wp-content\/uploads\/2025\/04\/Graphite-Liner.jpg","width":1024,"height":763,"caption":"Graphite Liner"},{"@type":"BreadcrumbList","@id":"https:\/\/jinsuncarbon.com\/product\/graphite-liner\/#breadcrumb","itemListElement":[{"@type":"ListItem","position":1,"name":"Home","item":"https:\/\/jinsuncarbon.com\/"},{"@type":"ListItem","position":2,"name":"Products","item":"https:\/\/jinsuncarbon.com\/graphite-carbon\/"},{"@type":"ListItem","position":3,"name":"Graphite Liner"}]},{"@type":"WebSite","@id":"https:\/\/jinsuncarbon.com\/#website","url":"https:\/\/jinsuncarbon.com\/","name":"Jinsun Carbon","description":"Nous sommes le fabricant d'\u00e9lectrodes en graphite le plus performant de Chine.","publisher":{"@id":"https:\/\/jinsuncarbon.com\/#organization"},"potentialAction":[{"@type":"SearchAction","target":{"@type":"EntryPoint","urlTemplate":"https:\/\/jinsuncarbon.com\/?s={search_term_string}"},"query-input":{"@type":"PropertyValueSpecification","valueRequired":true,"valueName":"search_term_string"}}],"inLanguage":"fr-FR"},{"@type":"Organization","@id":"https:\/\/jinsuncarbon.com\/#organization","name":"Jinsun Carbon","alternateName":"Jinsun Carbon","url":"https:\/\/jinsuncarbon.com\/","logo":{"@type":"ImageObject","inLanguage":"fr-FR","@id":"https:\/\/jinsuncarbon.com\/#\/schema\/logo\/image\/","url":"https:\/\/jinsuncarbon.com\/wp-content\/uploads\/2022\/12\/LOGO-1.png","contentUrl":"https:\/\/jinsuncarbon.com\/wp-content\/uploads\/2022\/12\/LOGO-1.png","width":207,"height":80,"caption":"Jinsun Carbon"},"image":{"@id":"https:\/\/jinsuncarbon.com\/#\/schema\/logo\/image\/"},"sameAs":["https:\/\/www.facebook.com\/Graphite-Electrode-109336238661595","https:\/\/x.com\/jinsuncarbon_","https:\/\/www.linkedin.com\/in\/jinsungraphite","https:\/\/www.youtube.com\/channel\/UCysDNyvyR5-3cCWEmpkVC0g"]}]}},"_links":{"self":[{"href":"https:\/\/jinsuncarbon.com\/fr\/wp-json\/wp\/v2\/product\/7881","targetHints":{"allow":["GET"]}}],"collection":[{"href":"https:\/\/jinsuncarbon.com\/fr\/wp-json\/wp\/v2\/product"}],"about":[{"href":"https:\/\/jinsuncarbon.com\/fr\/wp-json\/wp\/v2\/types\/product"}],"wp:featuredmedia":[{"embeddable":true,"href":"https:\/\/jinsuncarbon.com\/fr\/wp-json\/wp\/v2\/media\/7882"}],"wp:attachment":[{"href":"https:\/\/jinsuncarbon.com\/fr\/wp-json\/wp\/v2\/media?parent=7881"}],"wp:term":[{"taxonomy":"product_brand","embeddable":true,"href":"https:\/\/jinsuncarbon.com\/fr\/wp-json\/wp\/v2\/product_brand?post=7881"},{"taxonomy":"product_cat","embeddable":true,"href":"https:\/\/jinsuncarbon.com\/fr\/wp-json\/wp\/v2\/product_cat?post=7881"},{"taxonomy":"product_tag","embeddable":true,"href":"https:\/\/jinsuncarbon.com\/fr\/wp-json\/wp\/v2\/product_tag?post=7881"}],"curies":[{"name":"wp","href":"https:\/\/api.w.org\/{rel}","templated":true}]}}