{"id":7877,"date":"2025-04-18T01:26:55","date_gmt":"2025-04-18T01:26:55","guid":{"rendered":"https:\/\/jinsuncarbon.com\/?post_type=product&#038;p=7877"},"modified":"2025-04-18T01:26:56","modified_gmt":"2025-04-18T01:26:56","slug":"cylindre-en-graphite","status":"publish","type":"product","link":"https:\/\/jinsuncarbon.com\/fr\/produit-2\/cylindre-en-graphite\/","title":{"rendered":"Cylindre en graphite"},"content":{"rendered":"<h2>Avantages du cylindre en graphite<\/h2>\n<p>Le cylindre en graphite a la forme d'un cylindre creux et pr\u00e9sente un certain nombre d'avantages significatifs.<\/p>\n<p><strong><b>E<\/b><\/strong><strong><b>xcellente stabilit\u00e9 thermique<\/b><\/strong><\/p>\n<p>Il est capable de maintenir sa stabilit\u00e9 dans une plage de temp\u00e9ratures extr\u00eamement large, allant de -200\u00b0C \u00e0 environ 1500\u00b0C.<\/p>\n<p><strong><b>G<\/b><\/strong><strong><b>Bonne conductivit\u00e9 \u00e9lectrique<\/b><\/strong><\/p>\n<p>Vous pouvez l'utiliser comme support de haute qualit\u00e9 pour la transmission de courant.<\/p>\n<p><strong><b>Propri\u00e9t\u00e9s chimiques stables<\/b><\/strong><\/p>\n<p>Il pr\u00e9sente une forte tol\u00e9rance \u00e0 diverses substances chimiques.<\/p>\n<p><strong><b>Bonne r\u00e9sistance \u00e0 l'usure<\/b><\/strong><\/p>\n<p>Il peut r\u00e9sister \u00e0 une perte de friction m\u00e9canique \u00e0 long terme.<\/p>\n<p><strong><b>R\u00e9sistance m\u00e9canique \u00e9lev\u00e9e<\/b><\/strong><\/p>\n<p>Sous l'action d'une certaine force ext\u00e9rieure, il n'est pas facile de le d\u00e9former et de l'endommager.<\/p>\n<p><strong><b>Remarquable<\/b><\/strong><strong><b>\u00a0<\/b><\/strong><strong><b>performance de l'isolation thermique <\/b><\/strong><\/p>\n<p>Il peut bloquer efficacement le transfert de chaleur.<\/p>\n<p><strong><b>\u00a0<\/b><\/strong><\/p>\n<h2>Utilisations du cylindre en graphite<\/h2>\n<p>Les cylindres en graphite ont un large \u00e9ventail d'utilisations.<\/p>\n<h3>Domaine \u00e9lectronique et \u00e9lectrique<\/h3>\n<p>En raison de sa bonne isolation et de sa stabilit\u00e9 thermique, il peut \u00eatre utilis\u00e9 comme enveloppe du tube \u00e9lectronique. Il peut prot\u00e9ger les composants \u00e9lectroniques internes des interf\u00e9rences externes et de la chaleur.<\/p>\n<p>&nbsp;<\/p>\n<p>Parall\u00e8lement, dans certains grands transformateurs, on peut utiliser un cylindre en graphite comme structure de support du bobinage. Il peut non seulement supporter le poids du bobinage, mais aussi jouer un r\u00f4le d'isolation et de dissipation de la chaleur. Il garantit ainsi un fonctionnement s\u00fbr et stable du transformateur.<\/p>\n<p>&nbsp;<\/p>\n<h3>Dans le domaine de l'\u00e9nergie<\/h3>\n<p>Dans les r\u00e9acteurs nucl\u00e9aires<\/p>\n<p>Il peut \u00eatre utilis\u00e9 comme mod\u00e9rateur et r\u00e9flecteur de neutrons. Il peut aider \u00e0 contr\u00f4ler le taux de r\u00e9actions nucl\u00e9aires et \u00e0 am\u00e9liorer l'efficacit\u00e9 et la s\u00e9curit\u00e9 du r\u00e9acteur.<\/p>\n<p>&nbsp;<\/p>\n<p>Dans la production de batteries lithium-ion<\/p>\n<p>Il peut \u00eatre utilis\u00e9 comme moule de frittage pour les mat\u00e9riaux d'\u00e9lectrodes de batteries. Il peut maintenir la stabilit\u00e9 de la forme pendant le processus de frittage \u00e0 haute temp\u00e9rature et fournir un environnement de moulage pr\u00e9cis pour les mat\u00e9riaux d'\u00e9lectrodes. Il contribue \u00e9galement \u00e0 am\u00e9liorer les performances et l'homog\u00e9n\u00e9it\u00e9 de la batterie.<\/p>\n<p>&nbsp;<\/p>\n<h3>Industrie chimique<\/h3>\n<p>En tant que rev\u00eatement du r\u00e9acteur chimique, il peut r\u00e9sister \u00e0 l'\u00e9rosion de divers milieux corrosifs et prolonger la dur\u00e9e de vie du r\u00e9acteur.<\/p>\n<p>&nbsp;<\/p>\n<p>Dans l'\u00e9quipement de s\u00e9paration des gaz, la structure \u00e0 micropores du cylindre de graphite peut \u00eatre utilis\u00e9e pour la filtration et la s\u00e9paration des gaz. Elle permet de purifier efficacement diff\u00e9rents gaz.<\/p>\n<p>&nbsp;<\/p>\n<h3>M\u00e9tallurgie<\/h3>\n<p>Dans le processus de fusion des m\u00e9taux<\/p>\n<p>Vous pouvez l'utiliser comme <a href=\"https:\/\/jinsuncarbon.com\/fr\/produit-2\/grand-creuset-en-graphite\/\">creuset<\/a>Il peut r\u00e9sister \u00e0 l'\u00e9rosion des liquides m\u00e9talliques \u00e0 haute temp\u00e9rature. Gr\u00e2ce \u00e0 ses bonnes performances en mati\u00e8re d'isolation thermique, il contribue \u00e0 am\u00e9liorer la qualit\u00e9 et l'efficacit\u00e9 de la fusion des m\u00e9taux.<\/p>\n<p>&nbsp;<\/p>\n<p>Dans le processus de coul\u00e9e continue de l'acier<\/p>\n<p>Vous pouvez l'utiliser comme mat\u00e9riau de rev\u00eatement du r\u00e9partiteur pour r\u00e9duire l'adh\u00e9rence et la r\u00e9action de l'acier en fusion et de la paroi de rev\u00eatement. Il garantit \u00e9galement la puret\u00e9 de l'acier en fusion et le bon d\u00e9roulement de l'op\u00e9ration. <a href=\"https:\/\/en.wikipedia.org\/wiki\/Continuous_casting\" target=\"_blank\" rel=\"noopener\">coul\u00e9e continue<\/a> processus.<\/p>","protected":false},"excerpt":{"rendered":"<p>Le cylindre en graphite est un mat\u00e9riau cylindrique creux fabriqu\u00e9 \u00e0 partir de graphite de haute puret\u00e9 comme mati\u00e8re premi\u00e8re. Sa teneur en carbone est g\u00e9n\u00e9ralement comprise entre 95% et 98%, et certains atteignent m\u00eame plus de 99%. Gr\u00e2ce \u00e0 ses bonnes propri\u00e9t\u00e9s thermiques, \u00e9lectriques, chimiques et m\u00e9caniques, il peut \u00eatre largement utilis\u00e9 dans des domaines industriels modernes complexes et vari\u00e9s. Il s'agit notamment des fours \u00e0 haute temp\u00e9rature de l'industrie m\u00e9tallurgique, de la fabrication de puces dans le domaine de l'\u00e9lectronique et des dispositifs de r\u00e9action dans l'industrie chimique. Il s'agit \u00e9galement d'un mat\u00e9riau qui peut s'adapter aux besoins des diff\u00e9rentes conditions de travail et dont les performances sont fiables.<\/p>","protected":false},"featured_media":7878,"template":"","meta":[],"product_brand":[],"product_cat":[38],"product_tag":[],"class_list":{"0":"post-7877","1":"product","2":"type-product","3":"status-publish","4":"has-post-thumbnail","6":"product_cat-graphite-products","8":"first","9":"instock","10":"shipping-taxable","11":"product-type-simple"},"yoast_head":"<!-- This site is optimized with the Yoast SEO Premium plugin v19.2.1 (Yoast SEO v25.3) - https:\/\/yoast.com\/wordpress\/plugins\/seo\/ -->\n<title>Graphite Cylinder Manufacturer in China<\/title>\n<meta name=\"description\" content=\"Graphite cylinder for sale, Jinsun manufacturing graphite cylinder s in a range of sizes for your application, please contact us to explain your needs.\" \/>\n<meta name=\"robots\" content=\"index, follow, max-snippet:-1, max-image-preview:large, max-video-preview:-1\" \/>\n<link rel=\"canonical\" href=\"https:\/\/jinsuncarbon.com\/fr\/produit-2\/cylindre-en-graphite\/\" \/>\n<meta property=\"og:locale\" content=\"fr_FR\" \/>\n<meta property=\"og:type\" content=\"article\" \/>\n<meta property=\"og:title\" content=\"Graphite Cylinder\" \/>\n<meta property=\"og:description\" content=\"Graphite cylinder for sale, Jinsun manufacturing graphite cylinder s in a range of sizes for your application, please contact us to explain your needs.\" \/>\n<meta property=\"og:url\" content=\"https:\/\/jinsuncarbon.com\/fr\/produit-2\/cylindre-en-graphite\/\" \/>\n<meta property=\"og:site_name\" content=\"Jinsun Carbon\" \/>\n<meta property=\"article:publisher\" content=\"https:\/\/www.facebook.com\/Graphite-Electrode-109336238661595\" \/>\n<meta property=\"article:modified_time\" content=\"2025-04-18T01:26:56+00:00\" \/>\n<meta property=\"og:image\" content=\"https:\/\/jinsuncarbon.com\/wp-content\/uploads\/2025\/04\/Graphite-Cylinder.jpg\" \/>\n\t<meta property=\"og:image:width\" content=\"1024\" \/>\n\t<meta property=\"og:image:height\" content=\"763\" \/>\n\t<meta property=\"og:image:type\" content=\"image\/jpeg\" \/>\n<meta name=\"twitter:card\" content=\"summary_large_image\" \/>\n<meta name=\"twitter:site\" content=\"@jinsuncarbon_\" \/>\n<meta name=\"twitter:label1\" content=\"Dur\u00e9e de lecture estim\u00e9e\" \/>\n\t<meta name=\"twitter:data1\" content=\"3 minutes\" \/>\n<script type=\"application\/ld+json\" class=\"yoast-schema-graph\">{\"@context\":\"https:\/\/schema.org\",\"@graph\":[{\"@type\":\"WebPage\",\"@id\":\"https:\/\/jinsuncarbon.com\/product\/graphite-cylinder\/\",\"url\":\"https:\/\/jinsuncarbon.com\/product\/graphite-cylinder\/\",\"name\":\"Graphite Cylinder Manufacturer in China\",\"isPartOf\":{\"@id\":\"https:\/\/jinsuncarbon.com\/#website\"},\"primaryImageOfPage\":{\"@id\":\"https:\/\/jinsuncarbon.com\/product\/graphite-cylinder\/#primaryimage\"},\"image\":{\"@id\":\"https:\/\/jinsuncarbon.com\/product\/graphite-cylinder\/#primaryimage\"},\"thumbnailUrl\":\"https:\/\/jinsuncarbon.com\/wp-content\/uploads\/2025\/04\/Graphite-Cylinder.jpg\",\"datePublished\":\"2025-04-18T01:26:55+00:00\",\"dateModified\":\"2025-04-18T01:26:56+00:00\",\"description\":\"Graphite cylinder for sale, Jinsun manufacturing graphite cylinder s in a range of sizes for your application, please contact us to explain your needs.\",\"breadcrumb\":{\"@id\":\"https:\/\/jinsuncarbon.com\/product\/graphite-cylinder\/#breadcrumb\"},\"inLanguage\":\"fr-FR\",\"potentialAction\":[{\"@type\":\"ReadAction\",\"target\":[\"https:\/\/jinsuncarbon.com\/product\/graphite-cylinder\/\"]}]},{\"@type\":\"ImageObject\",\"inLanguage\":\"fr-FR\",\"@id\":\"https:\/\/jinsuncarbon.com\/product\/graphite-cylinder\/#primaryimage\",\"url\":\"https:\/\/jinsuncarbon.com\/wp-content\/uploads\/2025\/04\/Graphite-Cylinder.jpg\",\"contentUrl\":\"https:\/\/jinsuncarbon.com\/wp-content\/uploads\/2025\/04\/Graphite-Cylinder.jpg\",\"width\":1024,\"height\":763,\"caption\":\"Graphite Cylinder\"},{\"@type\":\"BreadcrumbList\",\"@id\":\"https:\/\/jinsuncarbon.com\/product\/graphite-cylinder\/#breadcrumb\",\"itemListElement\":[{\"@type\":\"ListItem\",\"position\":1,\"name\":\"Home\",\"item\":\"https:\/\/jinsuncarbon.com\/\"},{\"@type\":\"ListItem\",\"position\":2,\"name\":\"Products\",\"item\":\"https:\/\/jinsuncarbon.com\/graphite-carbon\/\"},{\"@type\":\"ListItem\",\"position\":3,\"name\":\"Graphite Cylinder\"}]},{\"@type\":\"WebSite\",\"@id\":\"https:\/\/jinsuncarbon.com\/#website\",\"url\":\"https:\/\/jinsuncarbon.com\/\",\"name\":\"Jinsun Carbon\",\"description\":\"We are the successful graphite electrode manufacturer in China\",\"publisher\":{\"@id\":\"https:\/\/jinsuncarbon.com\/#organization\"},\"potentialAction\":[{\"@type\":\"SearchAction\",\"target\":{\"@type\":\"EntryPoint\",\"urlTemplate\":\"https:\/\/jinsuncarbon.com\/?s={search_term_string}\"},\"query-input\":{\"@type\":\"PropertyValueSpecification\",\"valueRequired\":true,\"valueName\":\"search_term_string\"}}],\"inLanguage\":\"fr-FR\"},{\"@type\":\"Organization\",\"@id\":\"https:\/\/jinsuncarbon.com\/#organization\",\"name\":\"Jinsun Carbon\",\"alternateName\":\"Jinsun Carbon\",\"url\":\"https:\/\/jinsuncarbon.com\/\",\"logo\":{\"@type\":\"ImageObject\",\"inLanguage\":\"fr-FR\",\"@id\":\"https:\/\/jinsuncarbon.com\/#\/schema\/logo\/image\/\",\"url\":\"https:\/\/jinsuncarbon.com\/wp-content\/uploads\/2022\/12\/LOGO-1.png\",\"contentUrl\":\"https:\/\/jinsuncarbon.com\/wp-content\/uploads\/2022\/12\/LOGO-1.png\",\"width\":207,\"height\":80,\"caption\":\"Jinsun Carbon\"},\"image\":{\"@id\":\"https:\/\/jinsuncarbon.com\/#\/schema\/logo\/image\/\"},\"sameAs\":[\"https:\/\/www.facebook.com\/Graphite-Electrode-109336238661595\",\"https:\/\/x.com\/jinsuncarbon_\",\"https:\/\/www.linkedin.com\/in\/jinsungraphite\",\"https:\/\/www.youtube.com\/channel\/UCysDNyvyR5-3cCWEmpkVC0g\"]}]}<\/script>\n<!-- \/ Yoast SEO Premium plugin. -->","yoast_head_json":{"title":"Fabricant de cylindres en graphite en Chine","description":"Cylindre en graphite pour la vente, Jinsun manufacturing graphite cylinder s dans une gamme de tailles pour votre application, s'il vous pla\u00eet contactez-nous pour expliquer vos besoins.","robots":{"index":"index","follow":"follow","max-snippet":"max-snippet:-1","max-image-preview":"max-image-preview:large","max-video-preview":"max-video-preview:-1"},"canonical":"https:\/\/jinsuncarbon.com\/fr\/produit-2\/cylindre-en-graphite\/","og_locale":"fr_FR","og_type":"article","og_title":"Graphite Cylinder","og_description":"Graphite cylinder for sale, Jinsun manufacturing graphite cylinder s in a range of sizes for your application, please contact us to explain your needs.","og_url":"https:\/\/jinsuncarbon.com\/fr\/produit-2\/cylindre-en-graphite\/","og_site_name":"Jinsun Carbon","article_publisher":"https:\/\/www.facebook.com\/Graphite-Electrode-109336238661595","article_modified_time":"2025-04-18T01:26:56+00:00","og_image":[{"width":1024,"height":763,"url":"https:\/\/jinsuncarbon.com\/wp-content\/uploads\/2025\/04\/Graphite-Cylinder.jpg","type":"image\/jpeg"}],"twitter_card":"summary_large_image","twitter_site":"@jinsuncarbon_","twitter_misc":{"Dur\u00e9e de lecture estim\u00e9e":"3 minutes"},"schema":{"@context":"https:\/\/schema.org","@graph":[{"@type":"WebPage","@id":"https:\/\/jinsuncarbon.com\/product\/graphite-cylinder\/","url":"https:\/\/jinsuncarbon.com\/product\/graphite-cylinder\/","name":"Fabricant de cylindres en graphite en Chine","isPartOf":{"@id":"https:\/\/jinsuncarbon.com\/#website"},"primaryImageOfPage":{"@id":"https:\/\/jinsuncarbon.com\/product\/graphite-cylinder\/#primaryimage"},"image":{"@id":"https:\/\/jinsuncarbon.com\/product\/graphite-cylinder\/#primaryimage"},"thumbnailUrl":"https:\/\/jinsuncarbon.com\/wp-content\/uploads\/2025\/04\/Graphite-Cylinder.jpg","datePublished":"2025-04-18T01:26:55+00:00","dateModified":"2025-04-18T01:26:56+00:00","description":"Cylindre en graphite pour la vente, Jinsun manufacturing graphite cylinder s dans une gamme de tailles pour votre application, s'il vous pla\u00eet contactez-nous pour expliquer vos besoins.","breadcrumb":{"@id":"https:\/\/jinsuncarbon.com\/product\/graphite-cylinder\/#breadcrumb"},"inLanguage":"fr-FR","potentialAction":[{"@type":"ReadAction","target":["https:\/\/jinsuncarbon.com\/product\/graphite-cylinder\/"]}]},{"@type":"ImageObject","inLanguage":"fr-FR","@id":"https:\/\/jinsuncarbon.com\/product\/graphite-cylinder\/#primaryimage","url":"https:\/\/jinsuncarbon.com\/wp-content\/uploads\/2025\/04\/Graphite-Cylinder.jpg","contentUrl":"https:\/\/jinsuncarbon.com\/wp-content\/uploads\/2025\/04\/Graphite-Cylinder.jpg","width":1024,"height":763,"caption":"Graphite Cylinder"},{"@type":"BreadcrumbList","@id":"https:\/\/jinsuncarbon.com\/product\/graphite-cylinder\/#breadcrumb","itemListElement":[{"@type":"ListItem","position":1,"name":"Home","item":"https:\/\/jinsuncarbon.com\/"},{"@type":"ListItem","position":2,"name":"Products","item":"https:\/\/jinsuncarbon.com\/graphite-carbon\/"},{"@type":"ListItem","position":3,"name":"Graphite Cylinder"}]},{"@type":"WebSite","@id":"https:\/\/jinsuncarbon.com\/#website","url":"https:\/\/jinsuncarbon.com\/","name":"Jinsun Carbon","description":"Nous sommes le fabricant d'\u00e9lectrodes en graphite le plus performant de Chine.","publisher":{"@id":"https:\/\/jinsuncarbon.com\/#organization"},"potentialAction":[{"@type":"SearchAction","target":{"@type":"EntryPoint","urlTemplate":"https:\/\/jinsuncarbon.com\/?s={search_term_string}"},"query-input":{"@type":"PropertyValueSpecification","valueRequired":true,"valueName":"search_term_string"}}],"inLanguage":"fr-FR"},{"@type":"Organization","@id":"https:\/\/jinsuncarbon.com\/#organization","name":"Jinsun Carbon","alternateName":"Jinsun Carbon","url":"https:\/\/jinsuncarbon.com\/","logo":{"@type":"ImageObject","inLanguage":"fr-FR","@id":"https:\/\/jinsuncarbon.com\/#\/schema\/logo\/image\/","url":"https:\/\/jinsuncarbon.com\/wp-content\/uploads\/2022\/12\/LOGO-1.png","contentUrl":"https:\/\/jinsuncarbon.com\/wp-content\/uploads\/2022\/12\/LOGO-1.png","width":207,"height":80,"caption":"Jinsun Carbon"},"image":{"@id":"https:\/\/jinsuncarbon.com\/#\/schema\/logo\/image\/"},"sameAs":["https:\/\/www.facebook.com\/Graphite-Electrode-109336238661595","https:\/\/x.com\/jinsuncarbon_","https:\/\/www.linkedin.com\/in\/jinsungraphite","https:\/\/www.youtube.com\/channel\/UCysDNyvyR5-3cCWEmpkVC0g"]}]}},"_links":{"self":[{"href":"https:\/\/jinsuncarbon.com\/fr\/wp-json\/wp\/v2\/product\/7877","targetHints":{"allow":["GET"]}}],"collection":[{"href":"https:\/\/jinsuncarbon.com\/fr\/wp-json\/wp\/v2\/product"}],"about":[{"href":"https:\/\/jinsuncarbon.com\/fr\/wp-json\/wp\/v2\/types\/product"}],"wp:featuredmedia":[{"embeddable":true,"href":"https:\/\/jinsuncarbon.com\/fr\/wp-json\/wp\/v2\/media\/7878"}],"wp:attachment":[{"href":"https:\/\/jinsuncarbon.com\/fr\/wp-json\/wp\/v2\/media?parent=7877"}],"wp:term":[{"taxonomy":"product_brand","embeddable":true,"href":"https:\/\/jinsuncarbon.com\/fr\/wp-json\/wp\/v2\/product_brand?post=7877"},{"taxonomy":"product_cat","embeddable":true,"href":"https:\/\/jinsuncarbon.com\/fr\/wp-json\/wp\/v2\/product_cat?post=7877"},{"taxonomy":"product_tag","embeddable":true,"href":"https:\/\/jinsuncarbon.com\/fr\/wp-json\/wp\/v2\/product_tag?post=7877"}],"curies":[{"name":"wp","href":"https:\/\/api.w.org\/{rel}","templated":true}]}}