{"id":7688,"date":"2025-02-25T03:40:27","date_gmt":"2025-02-25T03:40:27","guid":{"rendered":"https:\/\/jinsuncarbon.com\/?post_type=product&#038;p=7688"},"modified":"2025-02-25T03:40:28","modified_gmt":"2025-02-25T03:40:28","slug":"module-de-mise-a-la-terre-en-graphite","status":"publish","type":"product","link":"https:\/\/jinsuncarbon.com\/fr\/produit-2\/module-de-mise-a-la-terre-en-graphite\/","title":{"rendered":"Module de mise \u00e0 la terre en graphite"},"content":{"rendered":"<h2 class=\"ql-align-justify\">Avantages du module de mise \u00e0 la terre en graphite<\/h2>\n<p class=\"ql-align-justify\"><strong>Excellente conductivit\u00e9 \u00e9lectrique<\/strong><\/p>\n<p class=\"ql-align-justify\">Il pr\u00e9sente une bonne conductivit\u00e9, une faible r\u00e9sistance et une conduction rapide du module de mise \u00e0 la terre, afin de garantir la s\u00e9curit\u00e9 \u00e9lectrique et la fiabilit\u00e9 de la mise \u00e0 la terre.<\/p>\n<p class=\"ql-align-justify\"><strong>Forte stabilit\u00e9 chimique<\/strong><\/p>\n<p class=\"ql-align-justify\">Excellente r\u00e9sistance \u00e0 la corrosion, il n'est pas facile \u00e0 corroder dans des environnements de sol complexes, ce qui prolonge la dur\u00e9e de vie et r\u00e9duit les co\u00fbts de maintenance.<\/p>\n<p class=\"ql-align-justify\"><strong>R\u00e9sistance m\u00e9canique \u00e9lev\u00e9e<\/strong><\/p>\n<p class=\"ql-align-justify\">Compression et <a href=\"https:\/\/jinsuncarbon.com\/fr\/proprietes-mecaniques-du-graphite\/\">r\u00e9sistance \u00e0 la traction<\/a>Il peut r\u00e9sister \u00e0 la pression du sol et \u00e0 l'impact externe, et peut maintenir la fonction de mise \u00e0 la terre dans des conditions difficiles.<\/p>\n<p class=\"ql-align-justify\"><strong>Installation facile et flexible<\/strong><\/p>\n<p class=\"ql-align-justify\">L\u00e9ger, volume personnalisable, pas besoin de grands \u00e9quipements, disposition flexible du syst\u00e8me de mise \u00e0 la terre en fonction du terrain et des besoins.<\/p>\n<p class=\"ql-align-justify\"><strong>Effet de r\u00e9duction de la r\u00e9sistance \u00e0 long terme<\/strong><\/p>\n<p class=\"ql-align-justify\">Par rapport aux mat\u00e9riaux traditionnels, la r\u00e9sistance au sol est faible et moins affect\u00e9e par l'environnement. L'effet de r\u00e9duction de la r\u00e9sistance est stable et \u00e0 long terme.<\/p>\n<p class=\"ql-align-justify\">En outre, nous pouvons les usiner pour r\u00e9pondre \u00e0 vos sp\u00e9cifications, tant en termes de taille que de connexion. Vous pouvez \u00e9galement choisir des modules de mise \u00e0 la terre en graphite simple, des modules de mise \u00e0 la terre en graphite combin\u00e9s, des modules de mise \u00e0 la terre en graphite contenant des oligo-\u00e9l\u00e9ments ou d'autres types de modules de mise \u00e0 la terre en graphite.<\/p>\n<p>&nbsp;<\/p>\n<h2 class=\"ql-align-justify\">Utilisations des modules de mise \u00e0 la terre en graphite<\/h2>\n<p class=\"ql-align-justify\"><strong>Dans le cadre de la <a href=\"https:\/\/en.wikipedia.org\/wiki\/Electric_power_system\" target=\"_blank\" rel=\"noopener\">syst\u00e8me d'alimentation<\/a><\/strong><\/p>\n<p class=\"ql-align-justify\">Dans les centrales \u00e9lectriques, vous pouvez utiliser le module de mise \u00e0 la terre en graphite pour vous connecter \u00e0 l'\u00e9quipement de production d'\u00e9nergie. Il permet d'\u00e9liminer rapidement le courant de fuite et de r\u00e9duire la probabilit\u00e9 de d\u00e9faillance. Dans la sous-station, il relie le transformateur et d'autres \u00e9quipements pour d\u00e9river le courant de d\u00e9faut et \u00e9viter l'expansion de l'accident. Les poteaux et les tours des lignes de transmission l'utilisent pour r\u00e9duire la r\u00e9sistance de la mise \u00e0 la terre \u00e0 la foudre et assurer une transmission stable de l'\u00e9nergie.<\/p>\n<p class=\"ql-align-justify\"><strong>Dans le domaine de la communication<\/strong><\/p>\n<p class=\"ql-align-justify\">La station de base de communication utilise le module de mise \u00e0 la terre en graphite pour relier l'enveloppe de l'\u00e9quipement \u00e0 la couche de blindage du c\u00e2ble. Pour \u00e9viter la foudre et les interf\u00e9rences \u00e9lectromagn\u00e9tiques et assurer la stabilit\u00e9 du signal de communication. Les tours de transmission de radio et de t\u00e9l\u00e9vision sont prot\u00e9g\u00e9es contre la foudre afin d'assurer la transmission normale des signaux. La continuit\u00e9 des activit\u00e9s de communication est ainsi assur\u00e9e.<\/p>\n<p class=\"ql-align-justify\"><strong>Industrie de la construction<\/strong><\/p>\n<p class=\"ql-align-justify\">Dans les immeubles de grande hauteur du secteur de la construction, le module de mise \u00e0 la terre en graphite introduit le courant de foudre dans le sol, prot\u00e9geant ainsi la structure de l'immeuble. Il assure une mise \u00e0 la terre s\u00fbre des \u00e9quipements \u00e9lectriques et r\u00e9duit le risque d'\u00e9lectrocution. Dans les installations industrielles, il draine l'\u00e9lectricit\u00e9 statique et les courants de fuite pour garantir la s\u00e9curit\u00e9 de la production industrielle.<\/p>\n<p class=\"ql-align-justify\"><strong>Fabrication d'\u00e9quipements \u00e9lectroniques<\/strong><\/p>\n<p class=\"ql-align-justify\">Atelier de production d'\u00e9quipements \u00e9lectroniques, composants \u00e9lectrostatiques vuln\u00e9rables. Il permet de lib\u00e9rer rapidement l'\u00e9lectricit\u00e9 statique, de pr\u00e9venir les dommages caus\u00e9s par l'\u00e9lectricit\u00e9 statique, d'am\u00e9liorer le rendement des produits et de garantir la qualit\u00e9 et la stabilit\u00e9 de l'\u00e9quipement \u00e9lectronique produit.<\/p>\n<p class=\"ql-align-justify\"><strong>P\u00e9trochimie<\/strong><\/p>\n<p class=\"ql-align-justify\">L'environnement des entreprises p\u00e9trochimiques est complexe, inflammable et explosif. Vous pouvez utiliser le module de mise \u00e0 la terre en graphite pour la mise \u00e0 la terre des \u00e9quipements et des r\u00e9servoirs de stockage afin de pr\u00e9venir les accidents caus\u00e9s par les fuites. Sa r\u00e9sistance \u00e0 la corrosion lui permet de s'adapter \u00e0 un environnement difficile et de garantir la s\u00e9curit\u00e9 et la continuit\u00e9 de la production chimique.<\/p>","protected":false},"excerpt":{"rendered":"<p class=\"ql-align-justify\">Le module de mise \u00e0 la terre en graphite est un type de dispositif de mise \u00e0 la terre fabriqu\u00e9 \u00e0 partir de graphite de haute puret\u00e9 selon un processus sp\u00e9cial. Dans les r\u00e9seaux \u00e9lectriques, il peut \u00eatre utilis\u00e9 dans les sous-stations pour introduire les courants de d\u00e9faut dans la terre. Dans les stations de base de communication, il peut prot\u00e9ger contre la foudre et les interf\u00e9rences \u00e9lectromagn\u00e9tiques. Gr\u00e2ce \u00e0 son excellente conductivit\u00e9 \u00e9lectrique, \u00e0 sa stabilit\u00e9 chimique et \u00e0 sa r\u00e9sistance \u00e0 la corrosion, il fonctionne bien dans divers syst\u00e8mes \u00e9lectriques, stations de base de communication et autres sc\u00e9narios. Il s'agit d'un \u00e9quipement essentiel pour garantir un fonctionnement \u00e9lectrique s\u00fbr et stable, et il peut s'adapter \u00e0 des exigences de mise \u00e0 la terre complexes et changeantes.<\/p>\n<p class=\"ql-align-justify\">","protected":false},"featured_media":7703,"template":"","meta":[],"product_brand":[],"product_cat":[38],"product_tag":[],"class_list":{"0":"post-7688","1":"product","2":"type-product","3":"status-publish","4":"has-post-thumbnail","6":"product_cat-graphite-products","8":"first","9":"instock","10":"shipping-taxable","11":"product-type-simple"},"yoast_head":"<!-- This site is optimized with the Yoast SEO Premium plugin v19.2.1 (Yoast SEO v25.3) - https:\/\/yoast.com\/wordpress\/plugins\/seo\/ -->\n<title>Graphite Grounding Module Manufacturer in China | Jinsun Carbon<\/title>\n<meta name=\"description\" content=\"Graphite grounding module manufacturer in China, Jinsun can supply types of graphite grounding modules are used in power industry lightning protection systems.\" \/>\n<meta name=\"robots\" content=\"index, follow, max-snippet:-1, max-image-preview:large, max-video-preview:-1\" \/>\n<link rel=\"canonical\" href=\"https:\/\/jinsuncarbon.com\/fr\/produit-2\/module-de-mise-a-la-terre-en-graphite\/\" \/>\n<meta property=\"og:locale\" content=\"fr_FR\" \/>\n<meta property=\"og:type\" content=\"article\" \/>\n<meta property=\"og:title\" content=\"Graphite Grounding Module\" \/>\n<meta property=\"og:description\" content=\"Graphite grounding module manufacturer in China, Jinsun can supply types of graphite grounding modules are used in power industry lightning protection systems.\" \/>\n<meta property=\"og:url\" content=\"https:\/\/jinsuncarbon.com\/fr\/produit-2\/module-de-mise-a-la-terre-en-graphite\/\" \/>\n<meta property=\"og:site_name\" content=\"Jinsun Carbon\" \/>\n<meta property=\"article:publisher\" content=\"https:\/\/www.facebook.com\/Graphite-Electrode-109336238661595\" \/>\n<meta property=\"article:modified_time\" content=\"2025-02-25T03:40:28+00:00\" \/>\n<meta property=\"og:image\" content=\"https:\/\/jinsuncarbon.com\/wp-content\/uploads\/2025\/02\/Graphite-grounding-module-1.jpg\" \/>\n\t<meta property=\"og:image:width\" content=\"1024\" \/>\n\t<meta property=\"og:image:height\" content=\"763\" \/>\n\t<meta property=\"og:image:type\" content=\"image\/jpeg\" \/>\n<meta name=\"twitter:card\" content=\"summary_large_image\" \/>\n<meta name=\"twitter:site\" content=\"@jinsuncarbon_\" \/>\n<meta name=\"twitter:label1\" content=\"Dur\u00e9e de lecture estim\u00e9e\" \/>\n\t<meta name=\"twitter:data1\" content=\"3 minutes\" \/>\n<script type=\"application\/ld+json\" class=\"yoast-schema-graph\">{\"@context\":\"https:\/\/schema.org\",\"@graph\":[{\"@type\":\"WebPage\",\"@id\":\"https:\/\/jinsuncarbon.com\/product\/graphite-grounding-module\/\",\"url\":\"https:\/\/jinsuncarbon.com\/product\/graphite-grounding-module\/\",\"name\":\"Graphite Grounding Module Manufacturer in China | Jinsun Carbon\",\"isPartOf\":{\"@id\":\"https:\/\/jinsuncarbon.com\/#website\"},\"primaryImageOfPage\":{\"@id\":\"https:\/\/jinsuncarbon.com\/product\/graphite-grounding-module\/#primaryimage\"},\"image\":{\"@id\":\"https:\/\/jinsuncarbon.com\/product\/graphite-grounding-module\/#primaryimage\"},\"thumbnailUrl\":\"https:\/\/jinsuncarbon.com\/wp-content\/uploads\/2025\/02\/Graphite-grounding-module-1.jpg\",\"datePublished\":\"2025-02-25T03:40:27+00:00\",\"dateModified\":\"2025-02-25T03:40:28+00:00\",\"description\":\"Graphite grounding module manufacturer in China, Jinsun can supply types of graphite grounding modules are used in power industry lightning protection systems.\",\"breadcrumb\":{\"@id\":\"https:\/\/jinsuncarbon.com\/product\/graphite-grounding-module\/#breadcrumb\"},\"inLanguage\":\"fr-FR\",\"potentialAction\":[{\"@type\":\"ReadAction\",\"target\":[\"https:\/\/jinsuncarbon.com\/product\/graphite-grounding-module\/\"]}]},{\"@type\":\"ImageObject\",\"inLanguage\":\"fr-FR\",\"@id\":\"https:\/\/jinsuncarbon.com\/product\/graphite-grounding-module\/#primaryimage\",\"url\":\"https:\/\/jinsuncarbon.com\/wp-content\/uploads\/2025\/02\/Graphite-grounding-module-1.jpg\",\"contentUrl\":\"https:\/\/jinsuncarbon.com\/wp-content\/uploads\/2025\/02\/Graphite-grounding-module-1.jpg\",\"width\":1024,\"height\":763,\"caption\":\"Graphite grounding module\"},{\"@type\":\"BreadcrumbList\",\"@id\":\"https:\/\/jinsuncarbon.com\/product\/graphite-grounding-module\/#breadcrumb\",\"itemListElement\":[{\"@type\":\"ListItem\",\"position\":1,\"name\":\"Home\",\"item\":\"https:\/\/jinsuncarbon.com\/\"},{\"@type\":\"ListItem\",\"position\":2,\"name\":\"Products\",\"item\":\"https:\/\/jinsuncarbon.com\/graphite-carbon\/\"},{\"@type\":\"ListItem\",\"position\":3,\"name\":\"Graphite Grounding Module\"}]},{\"@type\":\"WebSite\",\"@id\":\"https:\/\/jinsuncarbon.com\/#website\",\"url\":\"https:\/\/jinsuncarbon.com\/\",\"name\":\"Jinsun Carbon\",\"description\":\"We are the successful graphite electrode manufacturer in China\",\"publisher\":{\"@id\":\"https:\/\/jinsuncarbon.com\/#organization\"},\"potentialAction\":[{\"@type\":\"SearchAction\",\"target\":{\"@type\":\"EntryPoint\",\"urlTemplate\":\"https:\/\/jinsuncarbon.com\/?s={search_term_string}\"},\"query-input\":{\"@type\":\"PropertyValueSpecification\",\"valueRequired\":true,\"valueName\":\"search_term_string\"}}],\"inLanguage\":\"fr-FR\"},{\"@type\":\"Organization\",\"@id\":\"https:\/\/jinsuncarbon.com\/#organization\",\"name\":\"Jinsun Carbon\",\"alternateName\":\"Jinsun Carbon\",\"url\":\"https:\/\/jinsuncarbon.com\/\",\"logo\":{\"@type\":\"ImageObject\",\"inLanguage\":\"fr-FR\",\"@id\":\"https:\/\/jinsuncarbon.com\/#\/schema\/logo\/image\/\",\"url\":\"https:\/\/jinsuncarbon.com\/wp-content\/uploads\/2022\/12\/LOGO-1.png\",\"contentUrl\":\"https:\/\/jinsuncarbon.com\/wp-content\/uploads\/2022\/12\/LOGO-1.png\",\"width\":207,\"height\":80,\"caption\":\"Jinsun Carbon\"},\"image\":{\"@id\":\"https:\/\/jinsuncarbon.com\/#\/schema\/logo\/image\/\"},\"sameAs\":[\"https:\/\/www.facebook.com\/Graphite-Electrode-109336238661595\",\"https:\/\/x.com\/jinsuncarbon_\",\"https:\/\/www.linkedin.com\/in\/jinsungraphite\",\"https:\/\/www.youtube.com\/channel\/UCysDNyvyR5-3cCWEmpkVC0g\"]}]}<\/script>\n<!-- \/ Yoast SEO Premium plugin. -->","yoast_head_json":{"title":"Fabricant de modules de mise \u00e0 la terre en graphite en Chine | Jinsun Carbon","description":"Fabricant de modules de mise \u00e0 la terre en graphite en Chine, Jinsun peut fournir des types de modules de mise \u00e0 la terre en graphite utilis\u00e9s dans les syst\u00e8mes de protection contre la foudre de l'industrie \u00e9lectrique.","robots":{"index":"index","follow":"follow","max-snippet":"max-snippet:-1","max-image-preview":"max-image-preview:large","max-video-preview":"max-video-preview:-1"},"canonical":"https:\/\/jinsuncarbon.com\/fr\/produit-2\/module-de-mise-a-la-terre-en-graphite\/","og_locale":"fr_FR","og_type":"article","og_title":"Graphite Grounding Module","og_description":"Graphite grounding module manufacturer in China, Jinsun can supply types of graphite grounding modules are used in power industry lightning protection systems.","og_url":"https:\/\/jinsuncarbon.com\/fr\/produit-2\/module-de-mise-a-la-terre-en-graphite\/","og_site_name":"Jinsun Carbon","article_publisher":"https:\/\/www.facebook.com\/Graphite-Electrode-109336238661595","article_modified_time":"2025-02-25T03:40:28+00:00","og_image":[{"width":1024,"height":763,"url":"https:\/\/jinsuncarbon.com\/wp-content\/uploads\/2025\/02\/Graphite-grounding-module-1.jpg","type":"image\/jpeg"}],"twitter_card":"summary_large_image","twitter_site":"@jinsuncarbon_","twitter_misc":{"Dur\u00e9e de lecture estim\u00e9e":"3 minutes"},"schema":{"@context":"https:\/\/schema.org","@graph":[{"@type":"WebPage","@id":"https:\/\/jinsuncarbon.com\/product\/graphite-grounding-module\/","url":"https:\/\/jinsuncarbon.com\/product\/graphite-grounding-module\/","name":"Fabricant de modules de mise \u00e0 la terre en graphite en Chine | Jinsun Carbon","isPartOf":{"@id":"https:\/\/jinsuncarbon.com\/#website"},"primaryImageOfPage":{"@id":"https:\/\/jinsuncarbon.com\/product\/graphite-grounding-module\/#primaryimage"},"image":{"@id":"https:\/\/jinsuncarbon.com\/product\/graphite-grounding-module\/#primaryimage"},"thumbnailUrl":"https:\/\/jinsuncarbon.com\/wp-content\/uploads\/2025\/02\/Graphite-grounding-module-1.jpg","datePublished":"2025-02-25T03:40:27+00:00","dateModified":"2025-02-25T03:40:28+00:00","description":"Fabricant de modules de mise \u00e0 la terre en graphite en Chine, Jinsun peut fournir des types de modules de mise \u00e0 la terre en graphite utilis\u00e9s dans les syst\u00e8mes de protection contre la foudre de l'industrie \u00e9lectrique.","breadcrumb":{"@id":"https:\/\/jinsuncarbon.com\/product\/graphite-grounding-module\/#breadcrumb"},"inLanguage":"fr-FR","potentialAction":[{"@type":"ReadAction","target":["https:\/\/jinsuncarbon.com\/product\/graphite-grounding-module\/"]}]},{"@type":"ImageObject","inLanguage":"fr-FR","@id":"https:\/\/jinsuncarbon.com\/product\/graphite-grounding-module\/#primaryimage","url":"https:\/\/jinsuncarbon.com\/wp-content\/uploads\/2025\/02\/Graphite-grounding-module-1.jpg","contentUrl":"https:\/\/jinsuncarbon.com\/wp-content\/uploads\/2025\/02\/Graphite-grounding-module-1.jpg","width":1024,"height":763,"caption":"Graphite grounding module"},{"@type":"BreadcrumbList","@id":"https:\/\/jinsuncarbon.com\/product\/graphite-grounding-module\/#breadcrumb","itemListElement":[{"@type":"ListItem","position":1,"name":"Home","item":"https:\/\/jinsuncarbon.com\/"},{"@type":"ListItem","position":2,"name":"Products","item":"https:\/\/jinsuncarbon.com\/graphite-carbon\/"},{"@type":"ListItem","position":3,"name":"Graphite Grounding Module"}]},{"@type":"WebSite","@id":"https:\/\/jinsuncarbon.com\/#website","url":"https:\/\/jinsuncarbon.com\/","name":"Jinsun Carbon","description":"Nous sommes le fabricant d'\u00e9lectrodes en graphite le plus performant de Chine.","publisher":{"@id":"https:\/\/jinsuncarbon.com\/#organization"},"potentialAction":[{"@type":"SearchAction","target":{"@type":"EntryPoint","urlTemplate":"https:\/\/jinsuncarbon.com\/?s={search_term_string}"},"query-input":{"@type":"PropertyValueSpecification","valueRequired":true,"valueName":"search_term_string"}}],"inLanguage":"fr-FR"},{"@type":"Organization","@id":"https:\/\/jinsuncarbon.com\/#organization","name":"Jinsun Carbon","alternateName":"Jinsun Carbon","url":"https:\/\/jinsuncarbon.com\/","logo":{"@type":"ImageObject","inLanguage":"fr-FR","@id":"https:\/\/jinsuncarbon.com\/#\/schema\/logo\/image\/","url":"https:\/\/jinsuncarbon.com\/wp-content\/uploads\/2022\/12\/LOGO-1.png","contentUrl":"https:\/\/jinsuncarbon.com\/wp-content\/uploads\/2022\/12\/LOGO-1.png","width":207,"height":80,"caption":"Jinsun Carbon"},"image":{"@id":"https:\/\/jinsuncarbon.com\/#\/schema\/logo\/image\/"},"sameAs":["https:\/\/www.facebook.com\/Graphite-Electrode-109336238661595","https:\/\/x.com\/jinsuncarbon_","https:\/\/www.linkedin.com\/in\/jinsungraphite","https:\/\/www.youtube.com\/channel\/UCysDNyvyR5-3cCWEmpkVC0g"]}]}},"_links":{"self":[{"href":"https:\/\/jinsuncarbon.com\/fr\/wp-json\/wp\/v2\/product\/7688","targetHints":{"allow":["GET"]}}],"collection":[{"href":"https:\/\/jinsuncarbon.com\/fr\/wp-json\/wp\/v2\/product"}],"about":[{"href":"https:\/\/jinsuncarbon.com\/fr\/wp-json\/wp\/v2\/types\/product"}],"wp:featuredmedia":[{"embeddable":true,"href":"https:\/\/jinsuncarbon.com\/fr\/wp-json\/wp\/v2\/media\/7703"}],"wp:attachment":[{"href":"https:\/\/jinsuncarbon.com\/fr\/wp-json\/wp\/v2\/media?parent=7688"}],"wp:term":[{"taxonomy":"product_brand","embeddable":true,"href":"https:\/\/jinsuncarbon.com\/fr\/wp-json\/wp\/v2\/product_brand?post=7688"},{"taxonomy":"product_cat","embeddable":true,"href":"https:\/\/jinsuncarbon.com\/fr\/wp-json\/wp\/v2\/product_cat?post=7688"},{"taxonomy":"product_tag","embeddable":true,"href":"https:\/\/jinsuncarbon.com\/fr\/wp-json\/wp\/v2\/product_tag?post=7688"}],"curies":[{"name":"wp","href":"https:\/\/api.w.org\/{rel}","templated":true}]}}