{"id":7637,"date":"2025-02-20T00:56:08","date_gmt":"2025-02-20T00:56:08","guid":{"rendered":"https:\/\/jinsuncarbon.com\/?post_type=product&#038;p=7637"},"modified":"2025-02-20T00:56:09","modified_gmt":"2025-02-20T00:56:09","slug":"chauffage-au-graphite","status":"publish","type":"product","link":"https:\/\/jinsuncarbon.com\/fr\/produit-2\/chauffage-au-graphite\/","title":{"rendered":"Chauffage en graphite"},"content":{"rendered":"<h2>Avantages du chauffage au graphite<\/h2>\n<p><strong><b>R\u00e9sistance aux hautes temp\u00e9ratures<\/b><\/strong><\/p>\n<p>Il peut fonctionner de mani\u00e8re stable \u00e0 des temp\u00e9ratures \u00e9lev\u00e9es sup\u00e9rieures \u00e0 2000\u00b0C, fournissant un chauffage continu pour la croissance des cristaux de saphir.<\/p>\n<p>&nbsp;<\/p>\n<p><strong><b>Chauffage \u00e0 haut rendement<\/b><\/strong><\/p>\n<p>Sa r\u00e9sistivit\u00e9 est faible, le chauffage rapide apr\u00e8s l'alimentation, l'efficacit\u00e9 thermique \u00e9lev\u00e9e. Il permet de raccourcir le cycle de production, de r\u00e9duire la consommation d'\u00e9nergie et d'am\u00e9liorer l'efficacit\u00e9.<\/p>\n<p>&nbsp;<\/p>\n<p><strong><b>Forte stabilit\u00e9 chimique<\/b><\/strong><\/p>\n<p>Presque aucune r\u00e9action avec les substances chimiques courantes \u00e0 haute temp\u00e9rature. Dans la synth\u00e8se chimique, la purification des mat\u00e9riaux et d'autres sc\u00e9narios, pour garantir que la qualit\u00e9 du produit n'est pas pollu\u00e9e.<\/p>\n<p>&nbsp;<\/p>\n<p><strong><b>Bonne uniformit\u00e9 thermique<\/b><\/strong><\/p>\n<p>Sa bonne conductivit\u00e9 thermique permet un transfert uniforme de la chaleur, \u00e9vitant ainsi toute surchauffe ou sous-refroidissement local.<\/p>\n<p>&nbsp;<\/p>\n<p><strong><b>R\u00e9sistance m\u00e9canique \u00e9lev\u00e9e<\/b><\/strong><\/p>\n<p>Bien qu'il s'agisse d'un mat\u00e9riau fragile, il peut r\u00e9sister \u00e0 certaines vibrations et \u00e0 certains chocs, et il est facile \u00e0 installer. Il peut en outre s'adapter \u00e0 divers environnements de travail.<\/p>\n<p>&nbsp;<\/p>\n<p><strong><b>Bonne personnalisation<\/b><\/strong><\/p>\n<p>Bonne performance de traitement, vous pouvez le transformer en barres, en tubes, <a href=\"https:\/\/jinsuncarbon.com\/fr\/produit-2\/plaque-de-graphite\/\">assiette<\/a>etc., afin de r\u00e9pondre aux diff\u00e9rents besoins en mati\u00e8re d'\u00e9quipement et de processus.<\/p>\n<p><strong><b>\u00a0<\/b><\/strong><\/p>\n<h2>Utilisations des r\u00e9chauffeurs en graphite<\/h2>\n<h3>Industrie des semi-conducteurs<\/h3>\n<p>Dans le processus de fabrication des puces semi-conductrices, les plaquettes de silicium doivent subir un traitement thermique complexe. Lorsque la plaquette est recuite, le r\u00e9chauffeur en graphite \u00e9limine la tension interne de la plaquette de silicium et \u00e9vite la d\u00e9formation gr\u00e2ce \u00e0 une capacit\u00e9 de contr\u00f4le pr\u00e9cis de la temp\u00e9rature. Dans le processus de croissance \u00e9pitaxiale, il cr\u00e9e un environnement stable \u00e0 haute temp\u00e9rature. Les atomes sont ainsi dispos\u00e9s de mani\u00e8re ordonn\u00e9e selon la structure du r\u00e9seau. Cela am\u00e9liore consid\u00e9rablement la pr\u00e9cision et le rendement de la fabrication de la puce et jette les bases d'une performance stable de la puce.<\/p>\n<p>&nbsp;<\/p>\n<h3>Industrie m\u00e9tallurgique<\/h3>\n<p>Vous pouvez utiliser sa conductivit\u00e9 thermique \u00e9lev\u00e9e pour chauffer rapidement le m\u00e9tal jusqu'au point de fusion, ce qui raccourcit le cycle de fusion. Pendant la phase de purification, sa stabilit\u00e9 chimique emp\u00eache la contamination du m\u00e9tal et garantit sa puret\u00e9. Dans le processus de coul\u00e9e, le r\u00e9chauffeur en graphite contr\u00f4le avec pr\u00e9cision la temp\u00e9rature, fait en sorte que le m\u00e9tal liquide remplisse uniform\u00e9ment le moule et r\u00e9duit les d\u00e9fauts internes. Il am\u00e9liore la qualit\u00e9 des mat\u00e9riaux m\u00e9talliques et r\u00e9pond aux exigences strictes des diff\u00e9rentes industries en mati\u00e8re de m\u00e9taux.<\/p>\n<p>&nbsp;<\/p>\n<h3>Exp\u00e9rience de recherche scientifique<\/h3>\n<p>Il fournit une source de chaleur stable pour les exp\u00e9riences de r\u00e9action chimique \u00e0 haute temp\u00e9rature. Il aide \u00e9galement les chercheurs \u00e0 observer le chemin de r\u00e9action et les changements de produit des substances \u00e0 haute temp\u00e9rature. Dans les essais de performance des mat\u00e9riaux, il r\u00e9gule pr\u00e9cis\u00e9ment la temp\u00e9rature, ce qui facilite le d\u00e9veloppement de nouveaux mat\u00e9riaux et l'optimisation des performances.<\/p>\n<p>&nbsp;<\/p>\n<h3>Fabrication de batteries pour les \u00e9nergies nouvelles<\/h3>\n<p>Lorsque le <a href=\"https:\/\/en.wikipedia.org\/wiki\/Electrode\" target=\"_blank\" rel=\"noopener\">\u00e9lectrode<\/a> est fritt\u00e9, il chauffe uniform\u00e9ment le mat\u00e9riau pour rendre la cristallisation plus dense et augmenter la densit\u00e9 \u00e9nerg\u00e9tique de la batterie. Lors du processus de s\u00e9chage, vous pouvez utiliser un r\u00e9chauffeur en graphite pour \u00e9liminer rapidement l'eau afin d'\u00e9viter qu'elle n'affecte l'activit\u00e9 de l'\u00e9lectrode. Et optimiser l'efficacit\u00e9 de la charge et de la d\u00e9charge de la batterie ainsi que la dur\u00e9e de vie du cycle.<\/p>\n<p>&nbsp;<\/p>\n<h3>Fabrication de verre<\/h3>\n<p>Il peut chauffer le verre liquide localement, ajuster avec pr\u00e9cision la viscosit\u00e9 et la fluidit\u00e9 du verre liquide, de sorte que le verre s'\u00e9tende uniform\u00e9ment. Dans la fabrication du verre optique, il stabilise le contr\u00f4le de la temp\u00e9rature et r\u00e9duit la tension interne du verre. Il r\u00e9duit efficacement la distorsion optique et permet d'obtenir des produits en verre avec une surface lisse et d'excellentes propri\u00e9t\u00e9s optiques.<\/p>","protected":false},"excerpt":{"rendered":"<p>Le r\u00e9chauffeur en graphite est un type d'\u00e9quipement qui utilise la bonne conductivit\u00e9 \u00e9lectrique et la r\u00e9sistance \u00e0 la temp\u00e9rature \u00e9lev\u00e9e du graphite pour r\u00e9aliser la fonction de chauffage. Il est g\u00e9n\u00e9ralement compos\u00e9 d'un corps de chauffe en graphite, d'une couche d'isolation, d'une coque de protection et d'autres pi\u00e8ces. Gr\u00e2ce \u00e0 ces caract\u00e9ristiques et \u00e0 sa bonne stabilit\u00e9 chimique, il peut s'adapter \u00e0 une vari\u00e9t\u00e9 de conditions complexes. Il joue un r\u00f4le cl\u00e9 dans divers sc\u00e9narios n\u00e9cessitant un contr\u00f4le pr\u00e9cis de la temp\u00e9rature et un chauffage efficace. Il peut par exemple contribuer \u00e0 la fusion \u00e0 haute temp\u00e9rature des m\u00e9taux dans l'industrie m\u00e9tallurgique. Fournir une source de chaleur stable pour les exp\u00e9riences de frittage des mat\u00e9riaux dans les laboratoires de recherche scientifique. le s\u00e9chage rapide des mat\u00e9riaux d'\u00e9lectrodes dans la production de nouvelles batteries d'\u00e9nergie.<\/p>\n<p>&nbsp;<\/p>","protected":false},"featured_media":7667,"template":"","meta":[],"product_brand":[],"product_cat":[38],"product_tag":[],"class_list":{"0":"post-7637","1":"product","2":"type-product","3":"status-publish","4":"has-post-thumbnail","6":"product_cat-graphite-products","8":"first","9":"instock","10":"shipping-taxable","11":"product-type-simple"},"yoast_head":"<!-- This site is optimized with the Yoast SEO Premium plugin v19.2.1 (Yoast SEO v25.3) - https:\/\/yoast.com\/wordpress\/plugins\/seo\/ -->\n<title>Graphite Heater Manufacturer in China | Jinsun Carbon<\/title>\n<meta name=\"description\" content=\"Graphite Heater Manufacturer in China, we can supply graphite heaters in a range of sizes for your application, please contact us to explain your needs.\" \/>\n<meta name=\"robots\" content=\"index, follow, max-snippet:-1, max-image-preview:large, max-video-preview:-1\" \/>\n<link rel=\"canonical\" href=\"https:\/\/jinsuncarbon.com\/fr\/produit-2\/chauffage-au-graphite\/\" \/>\n<meta property=\"og:locale\" content=\"fr_FR\" \/>\n<meta property=\"og:type\" content=\"article\" \/>\n<meta property=\"og:title\" content=\"Graphite Heater\" \/>\n<meta property=\"og:description\" content=\"Graphite Heater Manufacturer in China, we can supply graphite heaters in a range of sizes for your application, please contact us to explain your needs.\" \/>\n<meta property=\"og:url\" content=\"https:\/\/jinsuncarbon.com\/fr\/produit-2\/chauffage-au-graphite\/\" \/>\n<meta property=\"og:site_name\" content=\"Jinsun Carbon\" \/>\n<meta property=\"article:publisher\" content=\"https:\/\/www.facebook.com\/Graphite-Electrode-109336238661595\" \/>\n<meta property=\"article:modified_time\" content=\"2025-02-20T00:56:09+00:00\" \/>\n<meta property=\"og:image\" content=\"https:\/\/jinsuncarbon.com\/wp-content\/uploads\/2025\/02\/Graphite-heater.jpg\" \/>\n\t<meta property=\"og:image:width\" content=\"1024\" \/>\n\t<meta property=\"og:image:height\" content=\"763\" \/>\n\t<meta property=\"og:image:type\" content=\"image\/jpeg\" \/>\n<meta name=\"twitter:card\" content=\"summary_large_image\" \/>\n<meta name=\"twitter:site\" content=\"@jinsuncarbon_\" \/>\n<meta name=\"twitter:label1\" content=\"Dur\u00e9e de lecture estim\u00e9e\" \/>\n\t<meta name=\"twitter:data1\" content=\"3 minutes\" \/>\n<script type=\"application\/ld+json\" class=\"yoast-schema-graph\">{\"@context\":\"https:\/\/schema.org\",\"@graph\":[{\"@type\":\"WebPage\",\"@id\":\"https:\/\/jinsuncarbon.com\/product\/graphite-heater\/\",\"url\":\"https:\/\/jinsuncarbon.com\/product\/graphite-heater\/\",\"name\":\"Graphite Heater Manufacturer in China | Jinsun Carbon\",\"isPartOf\":{\"@id\":\"https:\/\/jinsuncarbon.com\/#website\"},\"primaryImageOfPage\":{\"@id\":\"https:\/\/jinsuncarbon.com\/product\/graphite-heater\/#primaryimage\"},\"image\":{\"@id\":\"https:\/\/jinsuncarbon.com\/product\/graphite-heater\/#primaryimage\"},\"thumbnailUrl\":\"https:\/\/jinsuncarbon.com\/wp-content\/uploads\/2025\/02\/Graphite-heater.jpg\",\"datePublished\":\"2025-02-20T00:56:08+00:00\",\"dateModified\":\"2025-02-20T00:56:09+00:00\",\"description\":\"Graphite Heater Manufacturer in China, we can supply graphite heaters in a range of sizes for your application, please contact us to explain your needs.\",\"breadcrumb\":{\"@id\":\"https:\/\/jinsuncarbon.com\/product\/graphite-heater\/#breadcrumb\"},\"inLanguage\":\"fr-FR\",\"potentialAction\":[{\"@type\":\"ReadAction\",\"target\":[\"https:\/\/jinsuncarbon.com\/product\/graphite-heater\/\"]}]},{\"@type\":\"ImageObject\",\"inLanguage\":\"fr-FR\",\"@id\":\"https:\/\/jinsuncarbon.com\/product\/graphite-heater\/#primaryimage\",\"url\":\"https:\/\/jinsuncarbon.com\/wp-content\/uploads\/2025\/02\/Graphite-heater.jpg\",\"contentUrl\":\"https:\/\/jinsuncarbon.com\/wp-content\/uploads\/2025\/02\/Graphite-heater.jpg\",\"width\":1024,\"height\":763,\"caption\":\"Graphite heater\"},{\"@type\":\"BreadcrumbList\",\"@id\":\"https:\/\/jinsuncarbon.com\/product\/graphite-heater\/#breadcrumb\",\"itemListElement\":[{\"@type\":\"ListItem\",\"position\":1,\"name\":\"Home\",\"item\":\"https:\/\/jinsuncarbon.com\/\"},{\"@type\":\"ListItem\",\"position\":2,\"name\":\"Products\",\"item\":\"https:\/\/jinsuncarbon.com\/graphite-carbon\/\"},{\"@type\":\"ListItem\",\"position\":3,\"name\":\"Graphite Heater\"}]},{\"@type\":\"WebSite\",\"@id\":\"https:\/\/jinsuncarbon.com\/#website\",\"url\":\"https:\/\/jinsuncarbon.com\/\",\"name\":\"Jinsun Carbon\",\"description\":\"We are the successful graphite electrode manufacturer in China\",\"publisher\":{\"@id\":\"https:\/\/jinsuncarbon.com\/#organization\"},\"potentialAction\":[{\"@type\":\"SearchAction\",\"target\":{\"@type\":\"EntryPoint\",\"urlTemplate\":\"https:\/\/jinsuncarbon.com\/?s={search_term_string}\"},\"query-input\":{\"@type\":\"PropertyValueSpecification\",\"valueRequired\":true,\"valueName\":\"search_term_string\"}}],\"inLanguage\":\"fr-FR\"},{\"@type\":\"Organization\",\"@id\":\"https:\/\/jinsuncarbon.com\/#organization\",\"name\":\"Jinsun Carbon\",\"alternateName\":\"Jinsun Carbon\",\"url\":\"https:\/\/jinsuncarbon.com\/\",\"logo\":{\"@type\":\"ImageObject\",\"inLanguage\":\"fr-FR\",\"@id\":\"https:\/\/jinsuncarbon.com\/#\/schema\/logo\/image\/\",\"url\":\"https:\/\/jinsuncarbon.com\/wp-content\/uploads\/2022\/12\/LOGO-1.png\",\"contentUrl\":\"https:\/\/jinsuncarbon.com\/wp-content\/uploads\/2022\/12\/LOGO-1.png\",\"width\":207,\"height\":80,\"caption\":\"Jinsun Carbon\"},\"image\":{\"@id\":\"https:\/\/jinsuncarbon.com\/#\/schema\/logo\/image\/\"},\"sameAs\":[\"https:\/\/www.facebook.com\/Graphite-Electrode-109336238661595\",\"https:\/\/x.com\/jinsuncarbon_\",\"https:\/\/www.linkedin.com\/in\/jinsungraphite\",\"https:\/\/www.youtube.com\/channel\/UCysDNyvyR5-3cCWEmpkVC0g\"]}]}<\/script>\n<!-- \/ Yoast SEO Premium plugin. -->","yoast_head_json":{"title":"Fabricant de r\u00e9chauffeurs en graphite en Chine | Jinsun Carbon","description":"Fabricant de r\u00e9chauffeurs en graphite en Chine, nous pouvons fournir des r\u00e9chauffeurs en graphite dans une gamme de tailles pour votre application, veuillez nous contacter pour expliquer vos besoins.","robots":{"index":"index","follow":"follow","max-snippet":"max-snippet:-1","max-image-preview":"max-image-preview:large","max-video-preview":"max-video-preview:-1"},"canonical":"https:\/\/jinsuncarbon.com\/fr\/produit-2\/chauffage-au-graphite\/","og_locale":"fr_FR","og_type":"article","og_title":"Graphite Heater","og_description":"Graphite Heater Manufacturer in China, we can supply graphite heaters in a range of sizes for your application, please contact us to explain your needs.","og_url":"https:\/\/jinsuncarbon.com\/fr\/produit-2\/chauffage-au-graphite\/","og_site_name":"Jinsun Carbon","article_publisher":"https:\/\/www.facebook.com\/Graphite-Electrode-109336238661595","article_modified_time":"2025-02-20T00:56:09+00:00","og_image":[{"width":1024,"height":763,"url":"https:\/\/jinsuncarbon.com\/wp-content\/uploads\/2025\/02\/Graphite-heater.jpg","type":"image\/jpeg"}],"twitter_card":"summary_large_image","twitter_site":"@jinsuncarbon_","twitter_misc":{"Dur\u00e9e de lecture estim\u00e9e":"3 minutes"},"schema":{"@context":"https:\/\/schema.org","@graph":[{"@type":"WebPage","@id":"https:\/\/jinsuncarbon.com\/product\/graphite-heater\/","url":"https:\/\/jinsuncarbon.com\/product\/graphite-heater\/","name":"Fabricant de r\u00e9chauffeurs en graphite en Chine | Jinsun Carbon","isPartOf":{"@id":"https:\/\/jinsuncarbon.com\/#website"},"primaryImageOfPage":{"@id":"https:\/\/jinsuncarbon.com\/product\/graphite-heater\/#primaryimage"},"image":{"@id":"https:\/\/jinsuncarbon.com\/product\/graphite-heater\/#primaryimage"},"thumbnailUrl":"https:\/\/jinsuncarbon.com\/wp-content\/uploads\/2025\/02\/Graphite-heater.jpg","datePublished":"2025-02-20T00:56:08+00:00","dateModified":"2025-02-20T00:56:09+00:00","description":"Fabricant de r\u00e9chauffeurs en graphite en Chine, nous pouvons fournir des r\u00e9chauffeurs en graphite dans une gamme de tailles pour votre application, veuillez nous contacter pour expliquer vos besoins.","breadcrumb":{"@id":"https:\/\/jinsuncarbon.com\/product\/graphite-heater\/#breadcrumb"},"inLanguage":"fr-FR","potentialAction":[{"@type":"ReadAction","target":["https:\/\/jinsuncarbon.com\/product\/graphite-heater\/"]}]},{"@type":"ImageObject","inLanguage":"fr-FR","@id":"https:\/\/jinsuncarbon.com\/product\/graphite-heater\/#primaryimage","url":"https:\/\/jinsuncarbon.com\/wp-content\/uploads\/2025\/02\/Graphite-heater.jpg","contentUrl":"https:\/\/jinsuncarbon.com\/wp-content\/uploads\/2025\/02\/Graphite-heater.jpg","width":1024,"height":763,"caption":"Graphite heater"},{"@type":"BreadcrumbList","@id":"https:\/\/jinsuncarbon.com\/product\/graphite-heater\/#breadcrumb","itemListElement":[{"@type":"ListItem","position":1,"name":"Home","item":"https:\/\/jinsuncarbon.com\/"},{"@type":"ListItem","position":2,"name":"Products","item":"https:\/\/jinsuncarbon.com\/graphite-carbon\/"},{"@type":"ListItem","position":3,"name":"Graphite Heater"}]},{"@type":"WebSite","@id":"https:\/\/jinsuncarbon.com\/#website","url":"https:\/\/jinsuncarbon.com\/","name":"Jinsun Carbon","description":"Nous sommes le fabricant d'\u00e9lectrodes en graphite le plus performant de Chine.","publisher":{"@id":"https:\/\/jinsuncarbon.com\/#organization"},"potentialAction":[{"@type":"SearchAction","target":{"@type":"EntryPoint","urlTemplate":"https:\/\/jinsuncarbon.com\/?s={search_term_string}"},"query-input":{"@type":"PropertyValueSpecification","valueRequired":true,"valueName":"search_term_string"}}],"inLanguage":"fr-FR"},{"@type":"Organization","@id":"https:\/\/jinsuncarbon.com\/#organization","name":"Jinsun Carbon","alternateName":"Jinsun Carbon","url":"https:\/\/jinsuncarbon.com\/","logo":{"@type":"ImageObject","inLanguage":"fr-FR","@id":"https:\/\/jinsuncarbon.com\/#\/schema\/logo\/image\/","url":"https:\/\/jinsuncarbon.com\/wp-content\/uploads\/2022\/12\/LOGO-1.png","contentUrl":"https:\/\/jinsuncarbon.com\/wp-content\/uploads\/2022\/12\/LOGO-1.png","width":207,"height":80,"caption":"Jinsun Carbon"},"image":{"@id":"https:\/\/jinsuncarbon.com\/#\/schema\/logo\/image\/"},"sameAs":["https:\/\/www.facebook.com\/Graphite-Electrode-109336238661595","https:\/\/x.com\/jinsuncarbon_","https:\/\/www.linkedin.com\/in\/jinsungraphite","https:\/\/www.youtube.com\/channel\/UCysDNyvyR5-3cCWEmpkVC0g"]}]}},"_links":{"self":[{"href":"https:\/\/jinsuncarbon.com\/fr\/wp-json\/wp\/v2\/product\/7637","targetHints":{"allow":["GET"]}}],"collection":[{"href":"https:\/\/jinsuncarbon.com\/fr\/wp-json\/wp\/v2\/product"}],"about":[{"href":"https:\/\/jinsuncarbon.com\/fr\/wp-json\/wp\/v2\/types\/product"}],"wp:featuredmedia":[{"embeddable":true,"href":"https:\/\/jinsuncarbon.com\/fr\/wp-json\/wp\/v2\/media\/7667"}],"wp:attachment":[{"href":"https:\/\/jinsuncarbon.com\/fr\/wp-json\/wp\/v2\/media?parent=7637"}],"wp:term":[{"taxonomy":"product_brand","embeddable":true,"href":"https:\/\/jinsuncarbon.com\/fr\/wp-json\/wp\/v2\/product_brand?post=7637"},{"taxonomy":"product_cat","embeddable":true,"href":"https:\/\/jinsuncarbon.com\/fr\/wp-json\/wp\/v2\/product_cat?post=7637"},{"taxonomy":"product_tag","embeddable":true,"href":"https:\/\/jinsuncarbon.com\/fr\/wp-json\/wp\/v2\/product_tag?post=7637"}],"curies":[{"name":"wp","href":"https:\/\/api.w.org\/{rel}","templated":true}]}}