{"id":7632,"date":"2025-02-15T11:35:11","date_gmt":"2025-02-15T11:35:11","guid":{"rendered":"https:\/\/jinsuncarbon.com\/?post_type=product&#038;p=7632"},"modified":"2025-02-17T05:24:07","modified_gmt":"2025-02-17T05:24:07","slug":"disque-en-graphite","status":"publish","type":"product","link":"https:\/\/jinsuncarbon.com\/fr\/produit-2\/disque-en-graphite\/","title":{"rendered":"Disque en graphite"},"content":{"rendered":"<h3>Le disque en graphite se pr\u00e9sente sous la forme d'un disque r\u00e9gulier. Ses avantages sont remarquables.<\/h3>\n<p><strong><b>Excellente stabilit\u00e9 thermique<\/b><\/strong><\/p>\n<p>Il est capable de maintenir sa stabilit\u00e9 dans une large gamme de temp\u00e9ratures allant de -200\u00b0C \u00e0 environ 450\u00b0C.<\/p>\n<p>&nbsp;<\/p>\n<p><strong><b>H<\/b><\/strong><strong><b>Haute r\u00e9flectivit\u00e9 de la surface<\/b><\/strong><\/p>\n<p>Vous pouvez l'utiliser comme \u00e9l\u00e9ment d'isolation thermique de haute qualit\u00e9.<\/p>\n<p>&nbsp;<\/p>\n<p><strong><b>Stable<\/b><\/strong><strong><b>\u00a0<\/b><\/strong><strong><b>propri\u00e9t\u00e9s chimiques <\/b><\/strong><\/p>\n<p>Il est chimiquement inerte et r\u00e9sistant \u00e0 toutes sortes de substances chimiques.<\/p>\n<p>&nbsp;<\/p>\n<p><strong><b>Faible coefficient de frottement<\/b><\/strong><\/p>\n<p>Vous pouvez l'utiliser comme pi\u00e8ce autolubrifiante.<\/p>\n<p>&nbsp;<\/p>\n<p><strong><b>E<\/b><\/strong><strong><b>xcellente conductivit\u00e9 thermique <\/b><\/strong><\/p>\n<p>Il peut conduire rapidement la chaleur, ce qui joue un r\u00f4le cl\u00e9 dans de nombreux sc\u00e9narios de gestion thermique.<\/p>\n<p>&nbsp;<\/p>\n<p><strong><b>G<\/b><\/strong><strong><b>Bonne conductivit\u00e9 \u00e9lectrique <\/b><\/strong><\/p>\n<p>Cela lui conf\u00e8re \u00e9galement de vastes perspectives d'application dans les domaines de l'\u00e9lectronique et de l'\u00e9lectricit\u00e9.<\/p>\n<p>&nbsp;<\/p>\n<p><strong><b>G<\/b><\/strong><strong><b>excellent<\/b><\/strong><strong><b>\u00a0performance de traitement<\/b><\/strong><\/p>\n<p>Il est facile \u00e0 couper, \u00e0 percer et \u00e0 effectuer d'autres op\u00e9rations. Il est solide et durable et a une longue dur\u00e9e de vie.<\/p>\n<p>&nbsp;<\/p>\n<p>En outre, vous pouvez choisir des disques de graphite de puret\u00e9 standard, des disques de graphite de haute puret\u00e9, des disques de graphite press\u00e9s ordinaires, des disques de graphite d'usinage de pr\u00e9cision ou d'autres types de disques de graphite.<\/p>\n<p>&nbsp;<\/p>\n<h2>Utilisations du disque de graphite<\/h2>\n<p>Les disques en graphite sont largement utilis\u00e9s, et voici quelques domaines d'application courants.<\/p>\n<p>&nbsp;<\/p>\n<h2>Domaine de l'\u00e9lectronique et de l'\u00e9lectricit\u00e9 :<\/h2>\n<p><strong><b>Pi\u00e8ces de refroidissement<\/b><\/strong><\/p>\n<p>Les \u00e9quipements \u00e9lectroniques g\u00e9n\u00e8rent beaucoup de chaleur lorsqu'ils fonctionnent. Gr\u00e2ce \u00e0 leur conductivit\u00e9 thermique \u00e9lev\u00e9e, ils peuvent rapidement exporter la chaleur. Le dic de graphite r\u00e9duit efficacement la temp\u00e9rature de l'\u00e9quipement, am\u00e9liore les performances et la stabilit\u00e9 de l'\u00e9quipement. Dans le module de dissipation thermique du serveur, il peut aider les composants principaux tels que le CPU \u00e0 dissiper efficacement la chaleur.<\/p>\n<p>&nbsp;<\/p>\n<h3>Champ \u00e9nerg\u00e9tique :<\/h3>\n<p><strong><b>Secteur de l'\u00e9nergie<\/b><\/strong><\/p>\n<p>Dans la nouvelle batterie, vous pouvez l'utiliser comme mat\u00e9riau d'\u00e9lectrode ou comme s\u00e9parateur thermique \u00e0 l'int\u00e9rieur de la batterie. Pour am\u00e9liorer les performances de charge et de d\u00e9charge et la s\u00e9curit\u00e9 de la batterie. Dans certaines batteries au lithium de haute performance, vous pouvez l'utiliser pour optimiser les performances de la batterie.<\/p>\n<p>&nbsp;<\/p>\n<h3>Industrie des machines :<\/h3>\n<p><strong><b>Composants d'\u00e9tanch\u00e9it\u00e9<\/b><\/strong><\/p>\n<p>Il poss\u00e8de une excellente flexibilit\u00e9, une r\u00e9sistance \u00e0 la corrosion et une stabilit\u00e9 \u00e0 haute temp\u00e9rature. C'est le mat\u00e9riau id\u00e9al pour la fabrication de bagues d'\u00e9tanch\u00e9it\u00e9 m\u00e9caniques. Le disque de graphite est largement utilis\u00e9 dans les moteurs automobiles, les pipelines p\u00e9trochimiques, les \u00e9quipements de papeterie et d'autres pi\u00e8ces d'\u00e9tanch\u00e9it\u00e9. Il peut emp\u00eacher efficacement les fuites de liquides et de gaz.<\/p>\n<p>&nbsp;<\/p>\n<p><strong><b>Fabrication de moules<\/b><\/strong><\/p>\n<p>En raison de sa bonne stabilit\u00e9 thermique et de sa facilit\u00e9 de travail, vous pouvez l'utiliser pour fabriquer des produits de haute pr\u00e9cision. <a href=\"https:\/\/jinsuncarbon.com\/fr\/produit-2\/moule-de-frittage-du-graphite\/\">moules<\/a>. En particulier dans certains proc\u00e9d\u00e9s de moulage de pr\u00e9cision qui exigent un coefficient de dilatation thermique strict des moules.<\/p>\n<p>&nbsp;<\/p>\n<h3>Industrie chimique :<\/h3>\n<p><strong><b>A<\/b><\/strong><strong><b>rev\u00eatement anticorrosion <\/b><\/strong><\/p>\n<p>Vous pouvez utiliser le disque de graphite comme mat\u00e9riau de rev\u00eatement des conteneurs de produits chimiques, des r\u00e9acteurs, etc. Pour \u00e9viter que le milieu corrosif pr\u00e9sent dans le conteneur n'\u00e9rode l'\u00e9quipement et pour prolonger la dur\u00e9e de vie de l'\u00e9quipement. Dans les \u00e9quipements tels que les r\u00e9servoirs de stockage d'acide chlorhydrique, le rev\u00eatement en graphite peut r\u00e9sister efficacement \u00e0 la corrosion de l'acide chlorhydrique.<\/p>\n<p><strong><b>\u00a0<\/b><\/strong><\/p>\n<p><strong><b>Mat\u00e9riau de l'\u00e9lectrode<\/b><\/strong><\/p>\n<p>Dans le processus \u00e9lectrolytique, vous pouvez l'utiliser comme une \u00e9lectrode qui peut r\u00e9sister \u00e0 des temp\u00e9ratures \u00e9lev\u00e9es et \u00e0 d'autres environnements difficiles. Il peut am\u00e9liorer l'efficacit\u00e9 des <a href=\"https:\/\/en.wikipedia.org\/wiki\/Electrolysis\" target=\"_blank\" rel=\"noopener\">\u00e9lectrolyse<\/a> et la qualit\u00e9 du produit, comme dans l'industrie du chlore et de la soude, la cellule \u00e9lectrolytique utilisera une \u00e9lectrode \u00e0 disque de graphite.<\/p>","protected":false},"excerpt":{"rendered":"<p>Le disque de graphite est une sorte de mat\u00e9riau graphite de haute qualit\u00e9, soigneusement constitu\u00e9 de produits en forme de disque. Gr\u00e2ce \u00e0 ses excellentes propri\u00e9t\u00e9s thermiques, \u00e9lectriques, chimiques et m\u00e9caniques, il brille dans de nombreux domaines industriels modernes. Il est notamment utilis\u00e9 dans les modules de dissipation thermique \u00e9lectroniques et \u00e9lectriques, dans la fabrication d'\u00e9quipements de stockage d'\u00e9nergie dans le domaine de l'\u00e9nergie, dans les joints d'\u00e9tanch\u00e9it\u00e9 dans l'industrie m\u00e9canique et dans le traitement anticorrosion dans l'industrie chimique. Il s'agit d'un mat\u00e9riau dot\u00e9 d'excellentes performances et d'une forte capacit\u00e9 d'adaptation, qui peut r\u00e9pondre aux besoins diversifi\u00e9s de l'industrie.<\/p>","protected":false},"featured_media":7633,"template":"","meta":[],"product_brand":[],"product_cat":[38],"product_tag":[],"class_list":{"0":"post-7632","1":"product","2":"type-product","3":"status-publish","4":"has-post-thumbnail","6":"product_cat-graphite-products","8":"first","9":"instock","10":"shipping-taxable","11":"product-type-simple"},"yoast_head":"<!-- This site is optimized with the Yoast SEO Premium plugin v19.2.1 (Yoast SEO v25.3) - https:\/\/yoast.com\/wordpress\/plugins\/seo\/ -->\n<title>Graphite Disc Manufacturer in China | Jinsun Carbon<\/title>\n<meta name=\"description\" content=\"Graphite Disc Manufacturer\/supplier in China. Jinsun can supply graphite disc in a range of sizes for your application, please contact us to explain your needs.\" \/>\n<meta name=\"robots\" content=\"index, follow, max-snippet:-1, max-image-preview:large, max-video-preview:-1\" \/>\n<link rel=\"canonical\" href=\"https:\/\/jinsuncarbon.com\/fr\/produit-2\/disque-en-graphite\/\" \/>\n<meta property=\"og:locale\" content=\"fr_FR\" \/>\n<meta property=\"og:type\" content=\"article\" \/>\n<meta property=\"og:title\" content=\"Graphite Disc\" \/>\n<meta property=\"og:description\" content=\"Graphite Disc Manufacturer\/supplier in China. Jinsun can supply graphite disc in a range of sizes for your application, please contact us to explain your needs.\" \/>\n<meta property=\"og:url\" content=\"https:\/\/jinsuncarbon.com\/fr\/produit-2\/disque-en-graphite\/\" \/>\n<meta property=\"og:site_name\" content=\"Jinsun Carbon\" \/>\n<meta property=\"article:publisher\" content=\"https:\/\/www.facebook.com\/Graphite-Electrode-109336238661595\" \/>\n<meta property=\"article:modified_time\" content=\"2025-02-17T05:24:07+00:00\" \/>\n<meta property=\"og:image\" content=\"https:\/\/jinsuncarbon.com\/wp-content\/uploads\/2025\/02\/Graphite-disk.jpg\" \/>\n\t<meta property=\"og:image:width\" content=\"1024\" \/>\n\t<meta property=\"og:image:height\" content=\"763\" \/>\n\t<meta property=\"og:image:type\" content=\"image\/jpeg\" \/>\n<meta name=\"twitter:card\" content=\"summary_large_image\" \/>\n<meta name=\"twitter:site\" content=\"@jinsuncarbon_\" \/>\n<meta name=\"twitter:label1\" content=\"Dur\u00e9e de lecture estim\u00e9e\" \/>\n\t<meta name=\"twitter:data1\" content=\"3 minutes\" \/>\n<script type=\"application\/ld+json\" class=\"yoast-schema-graph\">{\"@context\":\"https:\/\/schema.org\",\"@graph\":[{\"@type\":\"WebPage\",\"@id\":\"https:\/\/jinsuncarbon.com\/product\/graphite-disc\/\",\"url\":\"https:\/\/jinsuncarbon.com\/product\/graphite-disc\/\",\"name\":\"Graphite Disc Manufacturer in China | Jinsun Carbon\",\"isPartOf\":{\"@id\":\"https:\/\/jinsuncarbon.com\/#website\"},\"primaryImageOfPage\":{\"@id\":\"https:\/\/jinsuncarbon.com\/product\/graphite-disc\/#primaryimage\"},\"image\":{\"@id\":\"https:\/\/jinsuncarbon.com\/product\/graphite-disc\/#primaryimage\"},\"thumbnailUrl\":\"https:\/\/jinsuncarbon.com\/wp-content\/uploads\/2025\/02\/Graphite-disk.jpg\",\"datePublished\":\"2025-02-15T11:35:11+00:00\",\"dateModified\":\"2025-02-17T05:24:07+00:00\",\"description\":\"Graphite Disc Manufacturer\/supplier in China. Jinsun can supply graphite disc in a range of sizes for your application, please contact us to explain your needs.\",\"breadcrumb\":{\"@id\":\"https:\/\/jinsuncarbon.com\/product\/graphite-disc\/#breadcrumb\"},\"inLanguage\":\"fr-FR\",\"potentialAction\":[{\"@type\":\"ReadAction\",\"target\":[\"https:\/\/jinsuncarbon.com\/product\/graphite-disc\/\"]}]},{\"@type\":\"ImageObject\",\"inLanguage\":\"fr-FR\",\"@id\":\"https:\/\/jinsuncarbon.com\/product\/graphite-disc\/#primaryimage\",\"url\":\"https:\/\/jinsuncarbon.com\/wp-content\/uploads\/2025\/02\/Graphite-disk.jpg\",\"contentUrl\":\"https:\/\/jinsuncarbon.com\/wp-content\/uploads\/2025\/02\/Graphite-disk.jpg\",\"width\":1024,\"height\":763,\"caption\":\"Graphite disk\"},{\"@type\":\"BreadcrumbList\",\"@id\":\"https:\/\/jinsuncarbon.com\/product\/graphite-disc\/#breadcrumb\",\"itemListElement\":[{\"@type\":\"ListItem\",\"position\":1,\"name\":\"Home\",\"item\":\"https:\/\/jinsuncarbon.com\/\"},{\"@type\":\"ListItem\",\"position\":2,\"name\":\"Products\",\"item\":\"https:\/\/jinsuncarbon.com\/graphite-carbon\/\"},{\"@type\":\"ListItem\",\"position\":3,\"name\":\"Graphite Disc\"}]},{\"@type\":\"WebSite\",\"@id\":\"https:\/\/jinsuncarbon.com\/#website\",\"url\":\"https:\/\/jinsuncarbon.com\/\",\"name\":\"Jinsun Carbon\",\"description\":\"We are the successful graphite electrode manufacturer in China\",\"publisher\":{\"@id\":\"https:\/\/jinsuncarbon.com\/#organization\"},\"potentialAction\":[{\"@type\":\"SearchAction\",\"target\":{\"@type\":\"EntryPoint\",\"urlTemplate\":\"https:\/\/jinsuncarbon.com\/?s={search_term_string}\"},\"query-input\":{\"@type\":\"PropertyValueSpecification\",\"valueRequired\":true,\"valueName\":\"search_term_string\"}}],\"inLanguage\":\"fr-FR\"},{\"@type\":\"Organization\",\"@id\":\"https:\/\/jinsuncarbon.com\/#organization\",\"name\":\"Jinsun Carbon\",\"alternateName\":\"Jinsun Carbon\",\"url\":\"https:\/\/jinsuncarbon.com\/\",\"logo\":{\"@type\":\"ImageObject\",\"inLanguage\":\"fr-FR\",\"@id\":\"https:\/\/jinsuncarbon.com\/#\/schema\/logo\/image\/\",\"url\":\"https:\/\/jinsuncarbon.com\/wp-content\/uploads\/2022\/12\/LOGO-1.png\",\"contentUrl\":\"https:\/\/jinsuncarbon.com\/wp-content\/uploads\/2022\/12\/LOGO-1.png\",\"width\":207,\"height\":80,\"caption\":\"Jinsun Carbon\"},\"image\":{\"@id\":\"https:\/\/jinsuncarbon.com\/#\/schema\/logo\/image\/\"},\"sameAs\":[\"https:\/\/www.facebook.com\/Graphite-Electrode-109336238661595\",\"https:\/\/x.com\/jinsuncarbon_\",\"https:\/\/www.linkedin.com\/in\/jinsungraphite\",\"https:\/\/www.youtube.com\/channel\/UCysDNyvyR5-3cCWEmpkVC0g\"]}]}<\/script>\n<!-- \/ Yoast SEO Premium plugin. -->","yoast_head_json":{"title":"Fabricant de disques en graphite en Chine | Jinsun Carbon","description":"Disque en graphite Fabricant\/fournisseur en Chine. Jinsun peut fournir des disques de graphite dans une gamme de tailles pour votre application, veuillez nous contacter pour expliquer vos besoins.","robots":{"index":"index","follow":"follow","max-snippet":"max-snippet:-1","max-image-preview":"max-image-preview:large","max-video-preview":"max-video-preview:-1"},"canonical":"https:\/\/jinsuncarbon.com\/fr\/produit-2\/disque-en-graphite\/","og_locale":"fr_FR","og_type":"article","og_title":"Graphite Disc","og_description":"Graphite Disc Manufacturer\/supplier in China. Jinsun can supply graphite disc in a range of sizes for your application, please contact us to explain your needs.","og_url":"https:\/\/jinsuncarbon.com\/fr\/produit-2\/disque-en-graphite\/","og_site_name":"Jinsun Carbon","article_publisher":"https:\/\/www.facebook.com\/Graphite-Electrode-109336238661595","article_modified_time":"2025-02-17T05:24:07+00:00","og_image":[{"width":1024,"height":763,"url":"https:\/\/jinsuncarbon.com\/wp-content\/uploads\/2025\/02\/Graphite-disk.jpg","type":"image\/jpeg"}],"twitter_card":"summary_large_image","twitter_site":"@jinsuncarbon_","twitter_misc":{"Dur\u00e9e de lecture estim\u00e9e":"3 minutes"},"schema":{"@context":"https:\/\/schema.org","@graph":[{"@type":"WebPage","@id":"https:\/\/jinsuncarbon.com\/product\/graphite-disc\/","url":"https:\/\/jinsuncarbon.com\/product\/graphite-disc\/","name":"Fabricant de disques en graphite en Chine | Jinsun Carbon","isPartOf":{"@id":"https:\/\/jinsuncarbon.com\/#website"},"primaryImageOfPage":{"@id":"https:\/\/jinsuncarbon.com\/product\/graphite-disc\/#primaryimage"},"image":{"@id":"https:\/\/jinsuncarbon.com\/product\/graphite-disc\/#primaryimage"},"thumbnailUrl":"https:\/\/jinsuncarbon.com\/wp-content\/uploads\/2025\/02\/Graphite-disk.jpg","datePublished":"2025-02-15T11:35:11+00:00","dateModified":"2025-02-17T05:24:07+00:00","description":"Disque en graphite Fabricant\/fournisseur en Chine. Jinsun peut fournir des disques de graphite dans une gamme de tailles pour votre application, veuillez nous contacter pour expliquer vos besoins.","breadcrumb":{"@id":"https:\/\/jinsuncarbon.com\/product\/graphite-disc\/#breadcrumb"},"inLanguage":"fr-FR","potentialAction":[{"@type":"ReadAction","target":["https:\/\/jinsuncarbon.com\/product\/graphite-disc\/"]}]},{"@type":"ImageObject","inLanguage":"fr-FR","@id":"https:\/\/jinsuncarbon.com\/product\/graphite-disc\/#primaryimage","url":"https:\/\/jinsuncarbon.com\/wp-content\/uploads\/2025\/02\/Graphite-disk.jpg","contentUrl":"https:\/\/jinsuncarbon.com\/wp-content\/uploads\/2025\/02\/Graphite-disk.jpg","width":1024,"height":763,"caption":"Graphite disk"},{"@type":"BreadcrumbList","@id":"https:\/\/jinsuncarbon.com\/product\/graphite-disc\/#breadcrumb","itemListElement":[{"@type":"ListItem","position":1,"name":"Home","item":"https:\/\/jinsuncarbon.com\/"},{"@type":"ListItem","position":2,"name":"Products","item":"https:\/\/jinsuncarbon.com\/graphite-carbon\/"},{"@type":"ListItem","position":3,"name":"Graphite Disc"}]},{"@type":"WebSite","@id":"https:\/\/jinsuncarbon.com\/#website","url":"https:\/\/jinsuncarbon.com\/","name":"Jinsun Carbon","description":"Nous sommes le fabricant d'\u00e9lectrodes en graphite le plus performant de Chine.","publisher":{"@id":"https:\/\/jinsuncarbon.com\/#organization"},"potentialAction":[{"@type":"SearchAction","target":{"@type":"EntryPoint","urlTemplate":"https:\/\/jinsuncarbon.com\/?s={search_term_string}"},"query-input":{"@type":"PropertyValueSpecification","valueRequired":true,"valueName":"search_term_string"}}],"inLanguage":"fr-FR"},{"@type":"Organization","@id":"https:\/\/jinsuncarbon.com\/#organization","name":"Jinsun Carbon","alternateName":"Jinsun Carbon","url":"https:\/\/jinsuncarbon.com\/","logo":{"@type":"ImageObject","inLanguage":"fr-FR","@id":"https:\/\/jinsuncarbon.com\/#\/schema\/logo\/image\/","url":"https:\/\/jinsuncarbon.com\/wp-content\/uploads\/2022\/12\/LOGO-1.png","contentUrl":"https:\/\/jinsuncarbon.com\/wp-content\/uploads\/2022\/12\/LOGO-1.png","width":207,"height":80,"caption":"Jinsun Carbon"},"image":{"@id":"https:\/\/jinsuncarbon.com\/#\/schema\/logo\/image\/"},"sameAs":["https:\/\/www.facebook.com\/Graphite-Electrode-109336238661595","https:\/\/x.com\/jinsuncarbon_","https:\/\/www.linkedin.com\/in\/jinsungraphite","https:\/\/www.youtube.com\/channel\/UCysDNyvyR5-3cCWEmpkVC0g"]}]}},"_links":{"self":[{"href":"https:\/\/jinsuncarbon.com\/fr\/wp-json\/wp\/v2\/product\/7632","targetHints":{"allow":["GET"]}}],"collection":[{"href":"https:\/\/jinsuncarbon.com\/fr\/wp-json\/wp\/v2\/product"}],"about":[{"href":"https:\/\/jinsuncarbon.com\/fr\/wp-json\/wp\/v2\/types\/product"}],"wp:featuredmedia":[{"embeddable":true,"href":"https:\/\/jinsuncarbon.com\/fr\/wp-json\/wp\/v2\/media\/7633"}],"wp:attachment":[{"href":"https:\/\/jinsuncarbon.com\/fr\/wp-json\/wp\/v2\/media?parent=7632"}],"wp:term":[{"taxonomy":"product_brand","embeddable":true,"href":"https:\/\/jinsuncarbon.com\/fr\/wp-json\/wp\/v2\/product_brand?post=7632"},{"taxonomy":"product_cat","embeddable":true,"href":"https:\/\/jinsuncarbon.com\/fr\/wp-json\/wp\/v2\/product_cat?post=7632"},{"taxonomy":"product_tag","embeddable":true,"href":"https:\/\/jinsuncarbon.com\/fr\/wp-json\/wp\/v2\/product_tag?post=7632"}],"curies":[{"name":"wp","href":"https:\/\/api.w.org\/{rel}","templated":true}]}}