{"id":7551,"date":"2025-02-12T14:56:56","date_gmt":"2025-02-12T14:56:56","guid":{"rendered":"https:\/\/jinsuncarbon.com\/?post_type=product&#038;p=7551"},"modified":"2025-02-12T14:57:39","modified_gmt":"2025-02-12T14:57:39","slug":"graphite-isotrope","status":"publish","type":"product","link":"https:\/\/jinsuncarbon.com\/fr\/produit-2\/graphite-isotrope\/","title":{"rendered":"Graphite isotrope"},"content":{"rendered":"<p>Le graphite isotrope, \u00e9galement connu sous le nom de graphite de sp\u00e9cialit\u00e9, se pr\u00e9sente g\u00e9n\u00e9ralement en vrac ou sous des formes personnalis\u00e9es. En fonction de vos sc\u00e9narios d'application uniques et de vos normes de traitement, ils peuvent \u00eatre adapt\u00e9s avec pr\u00e9cision \u00e0 vos sp\u00e9cifications et \u00e0 vos exigences de performance gr\u00e2ce \u00e0 des processus d'usinage sp\u00e9ciaux. Ses avantages sont extr\u00eamement remarquables.<\/p>\n<p>&nbsp;<\/p>\n<p><strong><b>Excellente stabilit\u00e9 thermique<\/b><\/strong><\/p>\n<p>Il peut conserver des propri\u00e9t\u00e9s physiques et chimiques stables \u00e0 des temp\u00e9ratures \u00e9lev\u00e9es allant jusqu'\u00e0 2000\u00b0C.<\/p>\n<p>&nbsp;<\/p>\n<p><strong><b>G<\/b><\/strong><strong><b>Bonne r\u00e9sistance aux chocs thermiques<\/b><\/strong><\/p>\n<p>Il peut r\u00e9sister \u00e0 des changements de temp\u00e9rature rapides sans se fissurer.<\/p>\n<p>&nbsp;<\/p>\n<p><strong><b>R\u00e9sistance m\u00e9canique \u00e9lev\u00e9e<\/b><\/strong><\/p>\n<p>Qu'il s'agisse de compression, de traction ou de flexion, les performances sont excellentes.<\/p>\n<p>&nbsp;<\/p>\n<p><strong><b>Densit\u00e9 uniforme<\/b><\/strong><\/p>\n<p>Il est ainsi facile de contr\u00f4ler la pr\u00e9cision des dimensions pendant le traitement.<\/p>\n<p>&nbsp;<\/p>\n<p><strong><b>G<\/b><\/strong><strong><b>Conductivit\u00e9 de l'eau<\/b><\/strong><\/p>\n<p>Sa faible r\u00e9sistivit\u00e9 lui conf\u00e8re des avantages \u00e9vidents dans les applications \u00e9lectroniques et \u00e9lectriques.<\/p>\n<p>&nbsp;<\/p>\n<p><strong><b>Forte stabilit\u00e9 chimique<\/b><\/strong><\/p>\n<p>Il peut r\u00e9sister \u00e0 l'\u00e9rosion de diverses substances chimiques.<\/p>\n<p>&nbsp;<\/p>\n<p><strong><b>U<\/b><\/strong><strong><b>conductivit\u00e9 thermique uniforme<\/b><\/strong><\/p>\n<p>Dans les applications thermiques sur le terrain, cela garantit une distribution uniforme de la temp\u00e9rature, \u00e9vitant l'impact d'une surchauffe ou d'un sous-refroidissement local sur la qualit\u00e9 du produit.<\/p>\n<p>&nbsp;<\/p>\n<p><strong><b>H<\/b><\/strong><strong><b>R\u00e9sistance m\u00e9canique \u00e9lev\u00e9e et structure uniforme<\/b><\/strong><\/p>\n<p>Dans le domaine de l'usinage, elles lui permettent de supporter des traitements de haute pr\u00e9cision et de r\u00e9aliser des pi\u00e8ces de forme complexe.<\/p>\n<p>&nbsp;<\/p>\n<h2>Utilisations du graphite isotrope<\/h2>\n<h3>Industrie des semi-conducteurs<\/h3>\n<p>&nbsp;<\/p>\n<p><strong><b>W<\/b><\/strong><strong><b>apr\u00e8s la fabrication : <\/b><\/strong><\/p>\n<p>Vous pouvez l'utiliser pour produire des supports de plaquettes, des fixations en graphite, avec une bonne stabilit\u00e9 thermique et une bonne pr\u00e9cision dimensionnelle. Il peut garantir la stabilit\u00e9 du processus de lithographie \u00e0 haute temp\u00e9rature, am\u00e9liorer le rendement de la production.<\/p>\n<p>&nbsp;<\/p>\n<p><strong><b>Gravure et rev\u00eatement : <\/b><\/strong><\/p>\n<p>Il peut \u00eatre utilis\u00e9 comme composant d'\u00e9quipement de gravure et de d\u00e9p\u00f4t chimique en phase vapeur, tel que le rev\u00eatement de la chambre de r\u00e9action, le chauffage. Sa r\u00e9sistance \u00e0 la forte corrosion et aux temp\u00e9ratures \u00e9lev\u00e9es garantit un processus stable et r\u00e9p\u00e9titif.<\/p>\n<p>&nbsp;<\/p>\n<h3>Domaine a\u00e9rospatial<\/h3>\n<p><strong><b>T<\/b><\/strong><strong><b>syst\u00e8me de protection thermique : <\/b><\/strong><\/p>\n<p>Il devient un mat\u00e9riau de protection thermique pour le bord d'attaque et l'aile de l'avion. Il r\u00e9siste aux temp\u00e9ratures \u00e9lev\u00e9es des vols \u00e0 grande vitesse et \u00e0 la rentr\u00e9e dans l'atmosph\u00e8re pour assurer la s\u00e9curit\u00e9 de la structure.<\/p>\n<p><strong><b>\u00a0<\/b><\/strong><\/p>\n<p><strong><b>Composants du moteur : <\/b><\/strong><\/p>\n<p>Vous pouvez l'utiliser pour fabriquer des chambres de combustion et des aubes de turbine pour moteurs a\u00e9ronautiques. Il permet de r\u00e9duire le poids et d'am\u00e9liorer le rapport pouss\u00e9e\/poids gr\u00e2ce \u00e0 sa faible densit\u00e9 et \u00e0 sa grande r\u00e9sistance.<\/p>\n<p>&nbsp;<\/p>\n<h3>Industrie nucl\u00e9aire<\/h3>\n<p><strong><b>N<\/b><\/strong><strong><b>mod\u00e9ration et r\u00e9flexion de l'eutron : <\/b><\/strong><\/p>\n<p>Il agit comme un mod\u00e9rateur de neutrons et comme un mat\u00e9riau de r\u00e9flexion dans le cadre de l'\u00e9tude de faisabilit\u00e9. <a href=\"https:\/\/en.wikipedia.org\/wiki\/Nuclear_reactor\" target=\"_blank\" rel=\"noopener\">r\u00e9acteurs nucl\u00e9aires<\/a>. R\u00e9guler le taux de r\u00e9action nucl\u00e9aire et am\u00e9liorer le taux d'utilisation du combustible nucl\u00e9aire.<\/p>\n<p>&nbsp;<\/p>\n<p><strong><b>Composants nucl\u00e9aires en graphite : <\/b><\/strong><\/p>\n<p>Le graphite isotrope peut \u00eatre utilis\u00e9 pour les mat\u00e9riaux de structure et les barres de contr\u00f4le. Dot\u00e9 d'une bonne stabilit\u00e9 chimique et d'irradiation, il peut fonctionner de mani\u00e8re stable sous de fortes radiations pendant une longue p\u00e9riode.<\/p>\n<p>&nbsp;<\/p>\n<h3>Nouveau champ \u00e9nerg\u00e9tique<\/h3>\n<p><strong><b>L<\/b><\/strong><strong><b>la production de batteries au lithium : <\/b><\/strong><\/p>\n<p>Vous pouvez l'utiliser pour produire le frittage du mat\u00e9riau de l'\u00e9lectrode, <a href=\"https:\/\/en.wikipedia.org\/wiki\/Hot_pressing\" target=\"_blank\" rel=\"noopener\">pressage \u00e0 chaud<\/a> moule de moulage. D'une grande puret\u00e9 et d'une structure uniforme, il am\u00e9liore l'homog\u00e9n\u00e9it\u00e9 des performances des \u00e9lectrodes.<\/p>\n<p>&nbsp;<\/p>\n<p><strong><b>Pile \u00e0 combustible : <\/b><\/strong><\/p>\n<p>Vous pouvez l'utiliser comme <a href=\"https:\/\/jinsuncarbon.com\/fr\/produit-2\/plaque-bipolaire-en-graphite\/\">bipolar plate<\/a> transmet le courant, distribue le gaz r\u00e9actif. Il prolonge la dur\u00e9e de vie des piles gr\u00e2ce \u00e0 sa bonne conductivit\u00e9 et \u00e0 sa barri\u00e8re contre les gaz.<\/p>\n<p>&nbsp;<\/p>\n<h3>Fabrication de moules et usinage<\/h3>\n<p><strong><b>\u00c9lectrode EDM : <\/b><\/strong><\/p>\n<p>Il s'agit d'un mat\u00e9riau d'\u00e9lectrode id\u00e9al, capable de reproduire avec pr\u00e9cision la forme du moule, de r\u00e9duire les pertes et d'am\u00e9liorer la pr\u00e9cision du traitement.<\/p>\n<p>&nbsp;<\/p>\n<p><strong><b>Joints m\u00e9caniques : <\/b><\/strong><\/p>\n<p>Vous pouvez l'utiliser pour fabriquer <a href=\"https:\/\/jinsuncarbon.com\/fr\/produit-2\/bague-detancheite-en-graphite\/\">bagues d'\u00e9tanch\u00e9it\u00e9<\/a> avec un faible coefficient de frottement et une bonne r\u00e9sistance \u00e0 l'usure. Cela garantit l'\u00e9tanch\u00e9it\u00e9 dans des conditions difficiles et prolonge la dur\u00e9e de vie de l'\u00e9quipement.<\/p>\n<p>&nbsp;<\/p>\n<h3>Autres domaines<\/h3>\n<p><strong><b>P<\/b><\/strong><strong><b>l'industrie photovolta\u00efque : <\/b><\/strong><\/p>\n<p>Vous pouvez utiliser le graphite isotrope pour les syst\u00e8mes de champ thermique en graphite de polysilicium, tels que les creusets, les \u00e9l\u00e9ments chauffants. Pour fournir un environnement stable \u00e0 haute temp\u00e9rature, am\u00e9liorer la qualit\u00e9 de la production de polysilicium.<\/p>\n<p>&nbsp;<\/p>\n<p><strong><b>Domaine m\u00e9dical : <\/b><\/strong><\/p>\n<p>Il peut \u00eatre utilis\u00e9 comme collimateur dans les \u00e9quipements de radioth\u00e9rapie. L'utilisation des caract\u00e9ristiques d'absorption et de diffusion des rayons permet de contr\u00f4ler avec pr\u00e9cision la direction de la dose de rayons.<\/p>","protected":false},"excerpt":{"rendered":"<p>Le graphite isotrope est un mat\u00e9riau graphite \u00e0 la structure tr\u00e8s uniforme, pr\u00e9sentant des propri\u00e9t\u00e9s physiques presque constantes dans toutes les directions. Il est fabriqu\u00e9 \u00e0 l'aide de proc\u00e9d\u00e9s de moulage sp\u00e9ciaux et d'un traitement fin, avec une excellente uniformit\u00e9 de densit\u00e9 et une stabilit\u00e9 des performances. Cela en fait un mat\u00e9riau cl\u00e9 indispensable dans de nombreux domaines technologiques de pointe, pour r\u00e9pondre aux besoins d'applications exigeantes. Il s'agit notamment de la production de supports de plaquettes, de syst\u00e8mes de protection thermique pour les avions, etc.<\/p>","protected":false},"featured_media":7580,"template":"","meta":[],"product_brand":[],"product_cat":[67],"product_tag":[],"class_list":{"0":"post-7551","1":"product","2":"type-product","3":"status-publish","4":"has-post-thumbnail","6":"product_cat-graphite-material","8":"first","9":"instock","10":"shipping-taxable","11":"product-type-simple"},"yoast_head":"<!-- This site is optimized with the Yoast SEO Premium plugin v19.2.1 (Yoast SEO v25.3) - https:\/\/yoast.com\/wordpress\/plugins\/seo\/ -->\n<title>Isotropic Graphite | Special Graphite Manufacturer| Jinsun Carbon<\/title>\n<meta name=\"description\" content=\"Isotropic Graphite (Special Graphite) Manufacturer in China, High-purity, high-strength and high-density materials are used in the industrial field.\" \/>\n<meta name=\"robots\" content=\"index, follow, max-snippet:-1, max-image-preview:large, max-video-preview:-1\" \/>\n<link rel=\"canonical\" href=\"https:\/\/jinsuncarbon.com\/fr\/produit-2\/graphite-isotrope\/\" \/>\n<meta property=\"og:locale\" content=\"fr_FR\" \/>\n<meta property=\"og:type\" content=\"article\" \/>\n<meta property=\"og:title\" content=\"Isotropic Graphite\" \/>\n<meta property=\"og:description\" content=\"Isotropic Graphite (Special Graphite) Manufacturer in China, High-purity, high-strength and high-density materials are used in the industrial field.\" \/>\n<meta property=\"og:url\" content=\"https:\/\/jinsuncarbon.com\/fr\/produit-2\/graphite-isotrope\/\" \/>\n<meta property=\"og:site_name\" content=\"Jinsun Carbon\" \/>\n<meta property=\"article:publisher\" content=\"https:\/\/www.facebook.com\/Graphite-Electrode-109336238661595\" \/>\n<meta property=\"article:modified_time\" content=\"2025-02-12T14:57:39+00:00\" \/>\n<meta property=\"og:image\" content=\"https:\/\/jinsuncarbon.com\/wp-content\/uploads\/2025\/02\/Isotropic-graphite.jpg\" \/>\n\t<meta property=\"og:image:width\" content=\"1024\" \/>\n\t<meta property=\"og:image:height\" content=\"763\" \/>\n\t<meta property=\"og:image:type\" content=\"image\/jpeg\" \/>\n<meta name=\"twitter:card\" content=\"summary_large_image\" \/>\n<meta name=\"twitter:site\" content=\"@jinsuncarbon_\" \/>\n<meta name=\"twitter:label1\" content=\"Dur\u00e9e de lecture estim\u00e9e\" \/>\n\t<meta name=\"twitter:data1\" content=\"3 minutes\" \/>\n<script type=\"application\/ld+json\" class=\"yoast-schema-graph\">{\"@context\":\"https:\/\/schema.org\",\"@graph\":[{\"@type\":\"WebPage\",\"@id\":\"https:\/\/jinsuncarbon.com\/product\/isotropic-graphite\/\",\"url\":\"https:\/\/jinsuncarbon.com\/product\/isotropic-graphite\/\",\"name\":\"Isotropic Graphite | Special Graphite Manufacturer| Jinsun Carbon\",\"isPartOf\":{\"@id\":\"https:\/\/jinsuncarbon.com\/#website\"},\"primaryImageOfPage\":{\"@id\":\"https:\/\/jinsuncarbon.com\/product\/isotropic-graphite\/#primaryimage\"},\"image\":{\"@id\":\"https:\/\/jinsuncarbon.com\/product\/isotropic-graphite\/#primaryimage\"},\"thumbnailUrl\":\"https:\/\/jinsuncarbon.com\/wp-content\/uploads\/2025\/02\/Isotropic-graphite.jpg\",\"datePublished\":\"2025-02-12T14:56:56+00:00\",\"dateModified\":\"2025-02-12T14:57:39+00:00\",\"description\":\"Isotropic Graphite (Special Graphite) Manufacturer in China, High-purity, high-strength and high-density materials are used in the industrial field.\",\"breadcrumb\":{\"@id\":\"https:\/\/jinsuncarbon.com\/product\/isotropic-graphite\/#breadcrumb\"},\"inLanguage\":\"fr-FR\",\"potentialAction\":[{\"@type\":\"ReadAction\",\"target\":[\"https:\/\/jinsuncarbon.com\/product\/isotropic-graphite\/\"]}]},{\"@type\":\"ImageObject\",\"inLanguage\":\"fr-FR\",\"@id\":\"https:\/\/jinsuncarbon.com\/product\/isotropic-graphite\/#primaryimage\",\"url\":\"https:\/\/jinsuncarbon.com\/wp-content\/uploads\/2025\/02\/Isotropic-graphite.jpg\",\"contentUrl\":\"https:\/\/jinsuncarbon.com\/wp-content\/uploads\/2025\/02\/Isotropic-graphite.jpg\",\"width\":1024,\"height\":763,\"caption\":\"Isotropic graphite\"},{\"@type\":\"BreadcrumbList\",\"@id\":\"https:\/\/jinsuncarbon.com\/product\/isotropic-graphite\/#breadcrumb\",\"itemListElement\":[{\"@type\":\"ListItem\",\"position\":1,\"name\":\"Home\",\"item\":\"https:\/\/jinsuncarbon.com\/\"},{\"@type\":\"ListItem\",\"position\":2,\"name\":\"Products\",\"item\":\"https:\/\/jinsuncarbon.com\/graphite-carbon\/\"},{\"@type\":\"ListItem\",\"position\":3,\"name\":\"Isotropic Graphite\"}]},{\"@type\":\"WebSite\",\"@id\":\"https:\/\/jinsuncarbon.com\/#website\",\"url\":\"https:\/\/jinsuncarbon.com\/\",\"name\":\"Jinsun Carbon\",\"description\":\"We are the successful graphite electrode manufacturer in China\",\"publisher\":{\"@id\":\"https:\/\/jinsuncarbon.com\/#organization\"},\"potentialAction\":[{\"@type\":\"SearchAction\",\"target\":{\"@type\":\"EntryPoint\",\"urlTemplate\":\"https:\/\/jinsuncarbon.com\/?s={search_term_string}\"},\"query-input\":{\"@type\":\"PropertyValueSpecification\",\"valueRequired\":true,\"valueName\":\"search_term_string\"}}],\"inLanguage\":\"fr-FR\"},{\"@type\":\"Organization\",\"@id\":\"https:\/\/jinsuncarbon.com\/#organization\",\"name\":\"Jinsun Carbon\",\"alternateName\":\"Jinsun Carbon\",\"url\":\"https:\/\/jinsuncarbon.com\/\",\"logo\":{\"@type\":\"ImageObject\",\"inLanguage\":\"fr-FR\",\"@id\":\"https:\/\/jinsuncarbon.com\/#\/schema\/logo\/image\/\",\"url\":\"https:\/\/jinsuncarbon.com\/wp-content\/uploads\/2022\/12\/LOGO-1.png\",\"contentUrl\":\"https:\/\/jinsuncarbon.com\/wp-content\/uploads\/2022\/12\/LOGO-1.png\",\"width\":207,\"height\":80,\"caption\":\"Jinsun Carbon\"},\"image\":{\"@id\":\"https:\/\/jinsuncarbon.com\/#\/schema\/logo\/image\/\"},\"sameAs\":[\"https:\/\/www.facebook.com\/Graphite-Electrode-109336238661595\",\"https:\/\/x.com\/jinsuncarbon_\",\"https:\/\/www.linkedin.com\/in\/jinsungraphite\",\"https:\/\/www.youtube.com\/channel\/UCysDNyvyR5-3cCWEmpkVC0g\"]}]}<\/script>\n<!-- \/ Yoast SEO Premium plugin. -->","yoast_head_json":{"title":"Graphite isotrope | Fabricant de graphite sp\u00e9cial| Jinsun Carbon","description":"Fabricant de graphite isotrope (graphite sp\u00e9cial) en Chine, Les mat\u00e9riaux de haute puret\u00e9, de haute r\u00e9sistance et de haute densit\u00e9 sont utilis\u00e9s dans le domaine industriel.","robots":{"index":"index","follow":"follow","max-snippet":"max-snippet:-1","max-image-preview":"max-image-preview:large","max-video-preview":"max-video-preview:-1"},"canonical":"https:\/\/jinsuncarbon.com\/fr\/produit-2\/graphite-isotrope\/","og_locale":"fr_FR","og_type":"article","og_title":"Isotropic Graphite","og_description":"Isotropic Graphite (Special Graphite) Manufacturer in China, High-purity, high-strength and high-density materials are used in the industrial field.","og_url":"https:\/\/jinsuncarbon.com\/fr\/produit-2\/graphite-isotrope\/","og_site_name":"Jinsun Carbon","article_publisher":"https:\/\/www.facebook.com\/Graphite-Electrode-109336238661595","article_modified_time":"2025-02-12T14:57:39+00:00","og_image":[{"width":1024,"height":763,"url":"https:\/\/jinsuncarbon.com\/wp-content\/uploads\/2025\/02\/Isotropic-graphite.jpg","type":"image\/jpeg"}],"twitter_card":"summary_large_image","twitter_site":"@jinsuncarbon_","twitter_misc":{"Dur\u00e9e de lecture estim\u00e9e":"3 minutes"},"schema":{"@context":"https:\/\/schema.org","@graph":[{"@type":"WebPage","@id":"https:\/\/jinsuncarbon.com\/product\/isotropic-graphite\/","url":"https:\/\/jinsuncarbon.com\/product\/isotropic-graphite\/","name":"Graphite isotrope | Fabricant de graphite sp\u00e9cial| Jinsun Carbon","isPartOf":{"@id":"https:\/\/jinsuncarbon.com\/#website"},"primaryImageOfPage":{"@id":"https:\/\/jinsuncarbon.com\/product\/isotropic-graphite\/#primaryimage"},"image":{"@id":"https:\/\/jinsuncarbon.com\/product\/isotropic-graphite\/#primaryimage"},"thumbnailUrl":"https:\/\/jinsuncarbon.com\/wp-content\/uploads\/2025\/02\/Isotropic-graphite.jpg","datePublished":"2025-02-12T14:56:56+00:00","dateModified":"2025-02-12T14:57:39+00:00","description":"Fabricant de graphite isotrope (graphite sp\u00e9cial) en Chine, Les mat\u00e9riaux de haute puret\u00e9, de haute r\u00e9sistance et de haute densit\u00e9 sont utilis\u00e9s dans le domaine industriel.","breadcrumb":{"@id":"https:\/\/jinsuncarbon.com\/product\/isotropic-graphite\/#breadcrumb"},"inLanguage":"fr-FR","potentialAction":[{"@type":"ReadAction","target":["https:\/\/jinsuncarbon.com\/product\/isotropic-graphite\/"]}]},{"@type":"ImageObject","inLanguage":"fr-FR","@id":"https:\/\/jinsuncarbon.com\/product\/isotropic-graphite\/#primaryimage","url":"https:\/\/jinsuncarbon.com\/wp-content\/uploads\/2025\/02\/Isotropic-graphite.jpg","contentUrl":"https:\/\/jinsuncarbon.com\/wp-content\/uploads\/2025\/02\/Isotropic-graphite.jpg","width":1024,"height":763,"caption":"Isotropic graphite"},{"@type":"BreadcrumbList","@id":"https:\/\/jinsuncarbon.com\/product\/isotropic-graphite\/#breadcrumb","itemListElement":[{"@type":"ListItem","position":1,"name":"Home","item":"https:\/\/jinsuncarbon.com\/"},{"@type":"ListItem","position":2,"name":"Products","item":"https:\/\/jinsuncarbon.com\/graphite-carbon\/"},{"@type":"ListItem","position":3,"name":"Isotropic Graphite"}]},{"@type":"WebSite","@id":"https:\/\/jinsuncarbon.com\/#website","url":"https:\/\/jinsuncarbon.com\/","name":"Jinsun Carbon","description":"Nous sommes le fabricant d'\u00e9lectrodes en graphite le plus performant de Chine.","publisher":{"@id":"https:\/\/jinsuncarbon.com\/#organization"},"potentialAction":[{"@type":"SearchAction","target":{"@type":"EntryPoint","urlTemplate":"https:\/\/jinsuncarbon.com\/?s={search_term_string}"},"query-input":{"@type":"PropertyValueSpecification","valueRequired":true,"valueName":"search_term_string"}}],"inLanguage":"fr-FR"},{"@type":"Organization","@id":"https:\/\/jinsuncarbon.com\/#organization","name":"Jinsun Carbon","alternateName":"Jinsun Carbon","url":"https:\/\/jinsuncarbon.com\/","logo":{"@type":"ImageObject","inLanguage":"fr-FR","@id":"https:\/\/jinsuncarbon.com\/#\/schema\/logo\/image\/","url":"https:\/\/jinsuncarbon.com\/wp-content\/uploads\/2022\/12\/LOGO-1.png","contentUrl":"https:\/\/jinsuncarbon.com\/wp-content\/uploads\/2022\/12\/LOGO-1.png","width":207,"height":80,"caption":"Jinsun Carbon"},"image":{"@id":"https:\/\/jinsuncarbon.com\/#\/schema\/logo\/image\/"},"sameAs":["https:\/\/www.facebook.com\/Graphite-Electrode-109336238661595","https:\/\/x.com\/jinsuncarbon_","https:\/\/www.linkedin.com\/in\/jinsungraphite","https:\/\/www.youtube.com\/channel\/UCysDNyvyR5-3cCWEmpkVC0g"]}]}},"_links":{"self":[{"href":"https:\/\/jinsuncarbon.com\/fr\/wp-json\/wp\/v2\/product\/7551","targetHints":{"allow":["GET"]}}],"collection":[{"href":"https:\/\/jinsuncarbon.com\/fr\/wp-json\/wp\/v2\/product"}],"about":[{"href":"https:\/\/jinsuncarbon.com\/fr\/wp-json\/wp\/v2\/types\/product"}],"wp:featuredmedia":[{"embeddable":true,"href":"https:\/\/jinsuncarbon.com\/fr\/wp-json\/wp\/v2\/media\/7580"}],"wp:attachment":[{"href":"https:\/\/jinsuncarbon.com\/fr\/wp-json\/wp\/v2\/media?parent=7551"}],"wp:term":[{"taxonomy":"product_brand","embeddable":true,"href":"https:\/\/jinsuncarbon.com\/fr\/wp-json\/wp\/v2\/product_brand?post=7551"},{"taxonomy":"product_cat","embeddable":true,"href":"https:\/\/jinsuncarbon.com\/fr\/wp-json\/wp\/v2\/product_cat?post=7551"},{"taxonomy":"product_tag","embeddable":true,"href":"https:\/\/jinsuncarbon.com\/fr\/wp-json\/wp\/v2\/product_tag?post=7551"}],"curies":[{"name":"wp","href":"https:\/\/api.w.org\/{rel}","templated":true}]}}