{"id":7512,"date":"2025-02-08T03:01:29","date_gmt":"2025-02-08T03:01:29","guid":{"rendered":"https:\/\/jinsuncarbon.com\/?post_type=product&#038;p=7512"},"modified":"2025-02-08T03:01:31","modified_gmt":"2025-02-08T03:01:31","slug":"echangeur-de-chaleur-a-calandre-et-tube-en-graphite","status":"publish","type":"product","link":"https:\/\/jinsuncarbon.com\/fr\/produit-2\/echangeur-de-chaleur-a-calandre-et-tube-en-graphite\/","title":{"rendered":"\u00c9changeur de chaleur \u00e0 faisceau tubulaire en graphite"},"content":{"rendered":"<h2>Avantages des \u00e9changeurs de chaleur \u00e0 calandre et \u00e0 tubes en graphite<\/h2>\n<p>L'\u00e9changeur de chaleur \u00e0 calandre et \u00e0 tubes en graphite permet d'obtenir une grande surface d'\u00e9change de chaleur dans un espace limit\u00e9, ce qui est facile \u00e0 installer et \u00e0 am\u00e9nager dans diff\u00e9rents sites de production. Il pr\u00e9sente \u00e9galement de nombreux avantages.<\/p>\n<p><strong><b>Efficacit\u00e9 de transfert de chaleur extr\u00eamement \u00e9lev\u00e9e <\/b><\/strong><\/p>\n<p>Il peut \u00e9changer une grande quantit\u00e9 de chaleur avec une faible diff\u00e9rence de temp\u00e9rature.<\/p>\n<p><strong><b>Propri\u00e9t\u00e9s chimiques stables <\/b><\/strong><\/p>\n<p>Il peut r\u00e9sister \u00e0 l'acide, \u00e0 l'alcali et \u00e0 d'autres substances chimiques. Il peut fonctionner de mani\u00e8re stable dans un environnement fortement corrosif pendant une longue p\u00e9riode.<\/p>\n<p><strong><b>Faible coefficient de dilatation thermique <\/b><\/strong><\/p>\n<p>Il peut conserver sa stabilit\u00e9 structurelle en cas de fortes variations de temp\u00e9rature et n'est pas facile \u00e0 d\u00e9former ou \u00e0 endommager.<\/p>\n<p><strong><b>Bonne r\u00e9sistance aux temp\u00e9ratures \u00e9lev\u00e9es <\/b><\/strong><\/p>\n<p>Il peut supporter des fluides de traitement \u00e0 temp\u00e9rature plus \u00e9lev\u00e9e, ce qui \u00e9largit la gamme d'applications. Dans certains processus de r\u00e9action chimique \u00e0 haute temp\u00e9rature et \u00e0 forte corrosion, il peut accomplir de mani\u00e8re fiable la t\u00e2che d'\u00e9change de chaleur. Pour assurer la continuit\u00e9 et la stabilit\u00e9 de la production.<\/p>\n<p>&nbsp;<\/p>\n<p>En outre, en fonction de l'environnement d'utilisation sp\u00e9cifique et des exigences de performance, vous pouvez choisir diff\u00e9rents types. Tels que les plaques tubulaires fixes <a href=\"https:\/\/jinsuncarbon.com\/fr\/produit-2\/tube-en-graphite-pour-la-vente\/\">tube en graphite<\/a> \u00e9changeur de chaleur \u00e0 t\u00eate flottante en graphite, \u00e9changeur de chaleur \u00e0 t\u00eate flottante en graphite, \u00e9changeur de chaleur \u00e0 t\u00eate flottante en U, ou toute autre conception structurelle sp\u00e9ciale d'\u00e9changeur de chaleur \u00e0 t\u00eate flottante en graphite.<\/p>\n<p><strong><b>\u00a0<\/b><\/strong><\/p>\n<h2>Utilisations des \u00e9changeurs de chaleur \u00e0 calandre et \u00e0 tubes en graphite<\/h2>\n<h3>Industrie chimique<\/h3>\n<p><strong><b>R<\/b><\/strong><strong><b>eaction \u00e9change de chaleur : <\/b><\/strong><\/p>\n<p>Il peut \u00eatre utilis\u00e9 pour la production d'acide sulfurique, d'acide nitrique et d'autres acides forts, pour le refroidissement et la r\u00e9cup\u00e9ration de la chaleur des gaz de r\u00e9action. Vous pouvez \u00e9galement l'utiliser pour le refroidissement des mati\u00e8res organiques synth\u00e9tiques.<\/p>\n<p>&nbsp;<\/p>\n<p><strong><b>Distillation et rectification :<\/b><\/strong><\/p>\n<p>Dans la distillation p\u00e9trochimique, la rectification, agissant en tant que <a href=\"https:\/\/en.wikipedia.org\/wiki\/Condenser_(heat_transfer)#:~:text=A%20condenser%20is%20designed%20to,a%20vapor%20into%20a%20liquid.\" target=\"_blank\" rel=\"noopener\">condenseur<\/a> ou le rebouilleur, afin de r\u00e9aliser la s\u00e9paration et la purification des mat\u00e9riaux.<\/p>\n<p>&nbsp;<\/p>\n<p><strong><b>Transport des mat\u00e9riaux : <\/b><\/strong><\/p>\n<p>Il peut chauffer ou refroidir des mat\u00e9riaux chimiques hautement corrosifs pour assurer le transport et emp\u00eacher la cristallisation et la solidification.<\/p>\n<p>&nbsp;<\/p>\n<h3>Domaine \u00e9lectronique<\/h3>\n<p><strong><b>C<\/b><\/strong><strong><b>la fabrication de hanches : <\/b><\/strong><\/p>\n<p>Dans le processus de photolithographie et de gravure, il peut contr\u00f4ler avec pr\u00e9cision la temp\u00e9rature du r\u00e9v\u00e9lateur ultra-pur et du liquide de gravure. Il garantit la pr\u00e9cision de la fabrication des puces.<\/p>\n<p>&nbsp;<\/p>\n<p><strong><b>Refroidissement de l'\u00e9quipement : <\/b><\/strong><\/p>\n<p>Transfert de chaleur du liquide de refroidissement corrosif pour les syst\u00e8mes de refroidissement de la production d'\u00e9quipement \u00e9lectronique, prolongeant la dur\u00e9e de vie de l'\u00e9quipement.<\/p>\n<p>&nbsp;<\/p>\n<h3>Nouveau champ \u00e9nerg\u00e9tique<\/h3>\n<p><strong><b>la production de batteries au lithium : <\/b><\/strong><\/p>\n<p>Lors de la pr\u00e9paration de l'\u00e9lectrolyte des batteries au lithium, il est possible de contr\u00f4ler la temp\u00e9rature des mati\u00e8res premi\u00e8res corrosives et des produits interm\u00e9diaires. Cela permet de garantir la performance et la qualit\u00e9 de l'\u00e9lectrolyte.<\/p>\n<p>&nbsp;<\/p>\n<p><strong><b>Industrie de l'hydrog\u00e8ne : <\/b><\/strong><\/p>\n<p>Lors de l'\u00e9lectrolyse de l'eau pour produire des <a href=\"https:\/\/en.wikipedia.org\/wiki\/Hydrogen\" target=\"_blank\" rel=\"noopener\">hydrog\u00e8ne<\/a>Il peut \u00eatre utilis\u00e9 pour refroidir la cellule d'\u00e9lectrolyse ou ajuster la temp\u00e9rature de l'\u00e9lectrolyte. Pour am\u00e9liorer l'efficacit\u00e9 et la puret\u00e9 de l'hydrog\u00e8ne.<\/p>\n<p>&nbsp;<\/p>\n<h3>Domaine pharmaceutique<\/h3>\n<p><strong><b>D<\/b><\/strong><strong><b>synth\u00e8se des tapis : <\/b><\/strong><\/p>\n<p>Il permet de contr\u00f4ler la temp\u00e9rature des antibiotiques, des vitamines et d'autres mat\u00e9riaux de r\u00e9action pour la synth\u00e8se de m\u00e9dicaments, d'am\u00e9liorer le taux de conversion et la qualit\u00e9 du produit.<\/p>\n<p>&nbsp;<\/p>\n<p><strong><b>Cristallisation concentr\u00e9e : <\/b><\/strong><\/p>\n<p>Vous pouvez l'utiliser pour contr\u00f4ler avec pr\u00e9cision la temp\u00e9rature de la solution pendant la concentration et la cristallisation du m\u00e9dicament. Pour garantir la puret\u00e9 et la forme cristalline du m\u00e9dicament.<\/p>\n<p>&nbsp;<\/p>\n<h3>Protection de l'environnement<\/h3>\n<p><strong><b>W<\/b><\/strong><strong><b>e traitement des eaux us\u00e9es : <\/b><\/strong><\/p>\n<p>Vous pouvez utiliser <a href=\"https:\/\/jinsuncarbon.com\/fr\/quest-ce-quun-echangeur-de-chaleur-en-graphite\/\">\u00e9changeur de chaleur en graphite<\/a> pour traiter les eaux us\u00e9es industrielles contenant des acides et des alcalis, les eaux us\u00e9es de pr\u00e9chauffage ou de refroidissement. Il permet d'am\u00e9liorer l'efficacit\u00e9 du traitement et de r\u00e9duire les co\u00fbts.<\/p>\n<p>&nbsp;<\/p>\n<p><strong><b>Traitement des gaz d'\u00e9chappement : <\/b><\/strong><\/p>\n<p>Il peut refroidir le liquide d'absorption de d\u00e9sulfuration des gaz d'\u00e9chappement et de d\u00e9nitrification, am\u00e9liorer l'effet d'absorption et r\u00e9duire les \u00e9missions de gaz nocifs.<\/p>\n<p>&nbsp;<\/p>","protected":false},"excerpt":{"rendered":"<p>Graphite shell and tube heat exchanger is a kind of equipment to realize heat exchange by using the excellent properties of graphite. It is composed of a tube bundle and a shell made of graphite. With its thermal conductivity, chemical stability and corrosion resistance, you can use it for cooling of reaction liquid, heat exchange during drug concentration process, etc.. And this heat exchanger performs well in many industries where corrosion resistance and heat transfer are critical, making it ideal for dealing with the heat exchange needs under complex conditions.<\/p>\n<p>&nbsp;<\/p>\n<p>According to different working conditions and process requirements, its pipe diameter, pipe length, tube bundle arrangement and shell size can be customized. To meet various complex heat exchange needs.<\/p>","protected":false},"featured_media":7521,"template":"","meta":[],"product_brand":[],"product_cat":[38],"product_tag":[],"class_list":{"0":"post-7512","1":"product","2":"type-product","3":"status-publish","4":"has-post-thumbnail","6":"product_cat-graphite-products","8":"first","9":"instock","10":"shipping-taxable","11":"product-type-simple"},"yoast_head":"<!-- This site is optimized with the Yoast SEO Premium plugin v19.2.1 (Yoast SEO v25.3) - https:\/\/yoast.com\/wordpress\/plugins\/seo\/ -->\n<title>Graphite\u00a0Shell and Tube Heat Exchanger | Jinsun Carbon<\/title>\n<meta name=\"description\" content=\"Graphite shell and tube heat exchanger manufacturer in China, It is primarily used in industrial applications where highly corrosive fluids need to be heated or cooled.\" \/>\n<meta name=\"robots\" content=\"index, follow, max-snippet:-1, max-image-preview:large, max-video-preview:-1\" \/>\n<link rel=\"canonical\" href=\"https:\/\/jinsuncarbon.com\/fr\/produit-2\/echangeur-de-chaleur-a-calandre-et-tube-en-graphite\/\" \/>\n<meta property=\"og:locale\" content=\"fr_FR\" \/>\n<meta property=\"og:type\" content=\"article\" \/>\n<meta property=\"og:title\" content=\"Graphite\u00a0Shell and Tube Heat Exchanger\" \/>\n<meta property=\"og:description\" content=\"Graphite shell and tube heat exchanger manufacturer in China, It is primarily used in industrial applications where highly corrosive fluids need to be heated or cooled.\" \/>\n<meta property=\"og:url\" content=\"https:\/\/jinsuncarbon.com\/fr\/produit-2\/echangeur-de-chaleur-a-calandre-et-tube-en-graphite\/\" \/>\n<meta property=\"og:site_name\" content=\"Jinsun Carbon\" \/>\n<meta property=\"article:publisher\" content=\"https:\/\/www.facebook.com\/Graphite-Electrode-109336238661595\" \/>\n<meta property=\"article:modified_time\" content=\"2025-02-08T03:01:31+00:00\" \/>\n<meta property=\"og:image\" content=\"https:\/\/jinsuncarbon.com\/wp-content\/uploads\/2025\/02\/graphite-shell-and-tube-heat-exchanger.jpg\" \/>\n\t<meta property=\"og:image:width\" content=\"1024\" \/>\n\t<meta property=\"og:image:height\" content=\"763\" \/>\n\t<meta property=\"og:image:type\" content=\"image\/jpeg\" \/>\n<meta name=\"twitter:card\" content=\"summary_large_image\" \/>\n<meta name=\"twitter:site\" content=\"@jinsuncarbon_\" \/>\n<meta name=\"twitter:label1\" content=\"Dur\u00e9e de lecture estim\u00e9e\" \/>\n\t<meta name=\"twitter:data1\" content=\"3 minutes\" \/>\n<script type=\"application\/ld+json\" class=\"yoast-schema-graph\">{\"@context\":\"https:\/\/schema.org\",\"@graph\":[{\"@type\":\"WebPage\",\"@id\":\"https:\/\/jinsuncarbon.com\/product\/graphite-shell-and-tube-heat-exchanger\/\",\"url\":\"https:\/\/jinsuncarbon.com\/product\/graphite-shell-and-tube-heat-exchanger\/\",\"name\":\"Graphite\u00a0Shell and Tube Heat Exchanger | Jinsun Carbon\",\"isPartOf\":{\"@id\":\"https:\/\/jinsuncarbon.com\/#website\"},\"primaryImageOfPage\":{\"@id\":\"https:\/\/jinsuncarbon.com\/product\/graphite-shell-and-tube-heat-exchanger\/#primaryimage\"},\"image\":{\"@id\":\"https:\/\/jinsuncarbon.com\/product\/graphite-shell-and-tube-heat-exchanger\/#primaryimage\"},\"thumbnailUrl\":\"https:\/\/jinsuncarbon.com\/wp-content\/uploads\/2025\/02\/graphite-shell-and-tube-heat-exchanger.jpg\",\"datePublished\":\"2025-02-08T03:01:29+00:00\",\"dateModified\":\"2025-02-08T03:01:31+00:00\",\"description\":\"Graphite shell and tube heat exchanger manufacturer in China, It is primarily used in industrial applications where highly corrosive fluids need to be heated or cooled.\",\"breadcrumb\":{\"@id\":\"https:\/\/jinsuncarbon.com\/product\/graphite-shell-and-tube-heat-exchanger\/#breadcrumb\"},\"inLanguage\":\"fr-FR\",\"potentialAction\":[{\"@type\":\"ReadAction\",\"target\":[\"https:\/\/jinsuncarbon.com\/product\/graphite-shell-and-tube-heat-exchanger\/\"]}]},{\"@type\":\"ImageObject\",\"inLanguage\":\"fr-FR\",\"@id\":\"https:\/\/jinsuncarbon.com\/product\/graphite-shell-and-tube-heat-exchanger\/#primaryimage\",\"url\":\"https:\/\/jinsuncarbon.com\/wp-content\/uploads\/2025\/02\/graphite-shell-and-tube-heat-exchanger.jpg\",\"contentUrl\":\"https:\/\/jinsuncarbon.com\/wp-content\/uploads\/2025\/02\/graphite-shell-and-tube-heat-exchanger.jpg\",\"width\":1024,\"height\":763,\"caption\":\"Graphite shell and tube heat exchanger\"},{\"@type\":\"BreadcrumbList\",\"@id\":\"https:\/\/jinsuncarbon.com\/product\/graphite-shell-and-tube-heat-exchanger\/#breadcrumb\",\"itemListElement\":[{\"@type\":\"ListItem\",\"position\":1,\"name\":\"Home\",\"item\":\"https:\/\/jinsuncarbon.com\/\"},{\"@type\":\"ListItem\",\"position\":2,\"name\":\"Products\",\"item\":\"https:\/\/jinsuncarbon.com\/graphite-carbon\/\"},{\"@type\":\"ListItem\",\"position\":3,\"name\":\"Graphite\u00a0Shell and Tube Heat Exchanger\"}]},{\"@type\":\"WebSite\",\"@id\":\"https:\/\/jinsuncarbon.com\/#website\",\"url\":\"https:\/\/jinsuncarbon.com\/\",\"name\":\"Jinsun Carbon\",\"description\":\"We are the successful graphite electrode manufacturer in China\",\"publisher\":{\"@id\":\"https:\/\/jinsuncarbon.com\/#organization\"},\"potentialAction\":[{\"@type\":\"SearchAction\",\"target\":{\"@type\":\"EntryPoint\",\"urlTemplate\":\"https:\/\/jinsuncarbon.com\/?s={search_term_string}\"},\"query-input\":{\"@type\":\"PropertyValueSpecification\",\"valueRequired\":true,\"valueName\":\"search_term_string\"}}],\"inLanguage\":\"fr-FR\"},{\"@type\":\"Organization\",\"@id\":\"https:\/\/jinsuncarbon.com\/#organization\",\"name\":\"Jinsun Carbon\",\"alternateName\":\"Jinsun Carbon\",\"url\":\"https:\/\/jinsuncarbon.com\/\",\"logo\":{\"@type\":\"ImageObject\",\"inLanguage\":\"fr-FR\",\"@id\":\"https:\/\/jinsuncarbon.com\/#\/schema\/logo\/image\/\",\"url\":\"https:\/\/jinsuncarbon.com\/wp-content\/uploads\/2022\/12\/LOGO-1.png\",\"contentUrl\":\"https:\/\/jinsuncarbon.com\/wp-content\/uploads\/2022\/12\/LOGO-1.png\",\"width\":207,\"height\":80,\"caption\":\"Jinsun Carbon\"},\"image\":{\"@id\":\"https:\/\/jinsuncarbon.com\/#\/schema\/logo\/image\/\"},\"sameAs\":[\"https:\/\/www.facebook.com\/Graphite-Electrode-109336238661595\",\"https:\/\/x.com\/jinsuncarbon_\",\"https:\/\/www.linkedin.com\/in\/jinsungraphite\",\"https:\/\/www.youtube.com\/channel\/UCysDNyvyR5-3cCWEmpkVC0g\"]}]}<\/script>\n<!-- \/ Yoast SEO Premium plugin. -->","yoast_head_json":{"title":"\u00c9changeur de chaleur \u00e0 calandre en graphite | Jinsun Carbon","description":"Il est principalement utilis\u00e9 dans les applications industrielles o\u00f9 des fluides hautement corrosifs doivent \u00eatre chauff\u00e9s ou refroidis.","robots":{"index":"index","follow":"follow","max-snippet":"max-snippet:-1","max-image-preview":"max-image-preview:large","max-video-preview":"max-video-preview:-1"},"canonical":"https:\/\/jinsuncarbon.com\/fr\/produit-2\/echangeur-de-chaleur-a-calandre-et-tube-en-graphite\/","og_locale":"fr_FR","og_type":"article","og_title":"Graphite\u00a0Shell and Tube Heat Exchanger","og_description":"Graphite shell and tube heat exchanger manufacturer in China, It is primarily used in industrial applications where highly corrosive fluids need to be heated or cooled.","og_url":"https:\/\/jinsuncarbon.com\/fr\/produit-2\/echangeur-de-chaleur-a-calandre-et-tube-en-graphite\/","og_site_name":"Jinsun Carbon","article_publisher":"https:\/\/www.facebook.com\/Graphite-Electrode-109336238661595","article_modified_time":"2025-02-08T03:01:31+00:00","og_image":[{"width":1024,"height":763,"url":"https:\/\/jinsuncarbon.com\/wp-content\/uploads\/2025\/02\/graphite-shell-and-tube-heat-exchanger.jpg","type":"image\/jpeg"}],"twitter_card":"summary_large_image","twitter_site":"@jinsuncarbon_","twitter_misc":{"Dur\u00e9e de lecture estim\u00e9e":"3 minutes"},"schema":{"@context":"https:\/\/schema.org","@graph":[{"@type":"WebPage","@id":"https:\/\/jinsuncarbon.com\/product\/graphite-shell-and-tube-heat-exchanger\/","url":"https:\/\/jinsuncarbon.com\/product\/graphite-shell-and-tube-heat-exchanger\/","name":"\u00c9changeur de chaleur \u00e0 calandre en graphite | Jinsun Carbon","isPartOf":{"@id":"https:\/\/jinsuncarbon.com\/#website"},"primaryImageOfPage":{"@id":"https:\/\/jinsuncarbon.com\/product\/graphite-shell-and-tube-heat-exchanger\/#primaryimage"},"image":{"@id":"https:\/\/jinsuncarbon.com\/product\/graphite-shell-and-tube-heat-exchanger\/#primaryimage"},"thumbnailUrl":"https:\/\/jinsuncarbon.com\/wp-content\/uploads\/2025\/02\/graphite-shell-and-tube-heat-exchanger.jpg","datePublished":"2025-02-08T03:01:29+00:00","dateModified":"2025-02-08T03:01:31+00:00","description":"Il est principalement utilis\u00e9 dans les applications industrielles o\u00f9 des fluides hautement corrosifs doivent \u00eatre chauff\u00e9s ou refroidis.","breadcrumb":{"@id":"https:\/\/jinsuncarbon.com\/product\/graphite-shell-and-tube-heat-exchanger\/#breadcrumb"},"inLanguage":"fr-FR","potentialAction":[{"@type":"ReadAction","target":["https:\/\/jinsuncarbon.com\/product\/graphite-shell-and-tube-heat-exchanger\/"]}]},{"@type":"ImageObject","inLanguage":"fr-FR","@id":"https:\/\/jinsuncarbon.com\/product\/graphite-shell-and-tube-heat-exchanger\/#primaryimage","url":"https:\/\/jinsuncarbon.com\/wp-content\/uploads\/2025\/02\/graphite-shell-and-tube-heat-exchanger.jpg","contentUrl":"https:\/\/jinsuncarbon.com\/wp-content\/uploads\/2025\/02\/graphite-shell-and-tube-heat-exchanger.jpg","width":1024,"height":763,"caption":"Graphite shell and tube heat exchanger"},{"@type":"BreadcrumbList","@id":"https:\/\/jinsuncarbon.com\/product\/graphite-shell-and-tube-heat-exchanger\/#breadcrumb","itemListElement":[{"@type":"ListItem","position":1,"name":"Home","item":"https:\/\/jinsuncarbon.com\/"},{"@type":"ListItem","position":2,"name":"Products","item":"https:\/\/jinsuncarbon.com\/graphite-carbon\/"},{"@type":"ListItem","position":3,"name":"Graphite\u00a0Shell and Tube Heat Exchanger"}]},{"@type":"WebSite","@id":"https:\/\/jinsuncarbon.com\/#website","url":"https:\/\/jinsuncarbon.com\/","name":"Jinsun Carbon","description":"Nous sommes le fabricant d'\u00e9lectrodes en graphite le plus performant de Chine.","publisher":{"@id":"https:\/\/jinsuncarbon.com\/#organization"},"potentialAction":[{"@type":"SearchAction","target":{"@type":"EntryPoint","urlTemplate":"https:\/\/jinsuncarbon.com\/?s={search_term_string}"},"query-input":{"@type":"PropertyValueSpecification","valueRequired":true,"valueName":"search_term_string"}}],"inLanguage":"fr-FR"},{"@type":"Organization","@id":"https:\/\/jinsuncarbon.com\/#organization","name":"Jinsun Carbon","alternateName":"Jinsun Carbon","url":"https:\/\/jinsuncarbon.com\/","logo":{"@type":"ImageObject","inLanguage":"fr-FR","@id":"https:\/\/jinsuncarbon.com\/#\/schema\/logo\/image\/","url":"https:\/\/jinsuncarbon.com\/wp-content\/uploads\/2022\/12\/LOGO-1.png","contentUrl":"https:\/\/jinsuncarbon.com\/wp-content\/uploads\/2022\/12\/LOGO-1.png","width":207,"height":80,"caption":"Jinsun Carbon"},"image":{"@id":"https:\/\/jinsuncarbon.com\/#\/schema\/logo\/image\/"},"sameAs":["https:\/\/www.facebook.com\/Graphite-Electrode-109336238661595","https:\/\/x.com\/jinsuncarbon_","https:\/\/www.linkedin.com\/in\/jinsungraphite","https:\/\/www.youtube.com\/channel\/UCysDNyvyR5-3cCWEmpkVC0g"]}]}},"_links":{"self":[{"href":"https:\/\/jinsuncarbon.com\/fr\/wp-json\/wp\/v2\/product\/7512","targetHints":{"allow":["GET"]}}],"collection":[{"href":"https:\/\/jinsuncarbon.com\/fr\/wp-json\/wp\/v2\/product"}],"about":[{"href":"https:\/\/jinsuncarbon.com\/fr\/wp-json\/wp\/v2\/types\/product"}],"wp:featuredmedia":[{"embeddable":true,"href":"https:\/\/jinsuncarbon.com\/fr\/wp-json\/wp\/v2\/media\/7521"}],"wp:attachment":[{"href":"https:\/\/jinsuncarbon.com\/fr\/wp-json\/wp\/v2\/media?parent=7512"}],"wp:term":[{"taxonomy":"product_brand","embeddable":true,"href":"https:\/\/jinsuncarbon.com\/fr\/wp-json\/wp\/v2\/product_brand?post=7512"},{"taxonomy":"product_cat","embeddable":true,"href":"https:\/\/jinsuncarbon.com\/fr\/wp-json\/wp\/v2\/product_cat?post=7512"},{"taxonomy":"product_tag","embeddable":true,"href":"https:\/\/jinsuncarbon.com\/fr\/wp-json\/wp\/v2\/product_tag?post=7512"}],"curies":[{"name":"wp","href":"https:\/\/api.w.org\/{rel}","templated":true}]}}