{"id":7511,"date":"2025-02-07T22:55:11","date_gmt":"2025-02-07T22:55:11","guid":{"rendered":"https:\/\/jinsuncarbon.com\/?post_type=product&#038;p=7511"},"modified":"2025-02-07T23:02:52","modified_gmt":"2025-02-07T23:02:52","slug":"bague-detancheite-en-graphite","status":"publish","type":"product","link":"https:\/\/jinsuncarbon.com\/fr\/produit-2\/bague-detancheite-en-graphite\/","title":{"rendered":"Bague d'\u00e9tanch\u00e9it\u00e9 en graphite"},"content":{"rendered":"<h2>Fabricants de bagues d'\u00e9tanch\u00e9it\u00e9 en graphite<\/h2>\n<p>La bague d'\u00e9tanch\u00e9it\u00e9 en graphite est g\u00e9n\u00e9ralement une structure circulaire. Ses avantages sont remarquables.<\/p>\n<p><strong><b>Excellente stabilit\u00e9 chimique<\/b><\/strong><\/p>\n<p>Il est inerte \u00e0 la plupart des substances chimiques et peut \u00eatre utilis\u00e9 dans un environnement corrosif pendant une longue p\u00e9riode.<\/p>\n<p><strong><b>Excellente r\u00e9sistance aux hautes temp\u00e9ratures<\/b><\/strong><\/p>\n<p>Il peut r\u00e9sister \u00e0 des temp\u00e9ratures allant jusqu'\u00e0 800\u00b0C ou plus, ce qui le rend adapt\u00e9 aux conditions de haute temp\u00e9rature.<\/p>\n<p><strong><b>Faible coefficient de frottement<\/b><\/strong><\/p>\n<p>Il peut r\u00e9duire efficacement le frottement entre la surface d'\u00e9tanch\u00e9it\u00e9 et la consommation d'\u00e9nergie. De plus, il poss\u00e8de des caract\u00e9ristiques autolubrifiantes, sans lubrification suppl\u00e9mentaire, ce qui permet de r\u00e9duire les co\u00fbts de maintenance.<\/p>\n<p><strong><b>Bonne r\u00e9sistance<\/b><\/strong><\/p>\n<p>M\u00eame dans un environnement de compression ou de vibration \u00e0 long terme, il peut maintenir un joint \u00e9tanche.<\/p>\n<p>&nbsp;<\/p>\n<p>En outre, ses propri\u00e9t\u00e9s d'\u00e9tanch\u00e9it\u00e9 ne sont pas affect\u00e9es par les fluctuations de pression et peuvent fonctionner de mani\u00e8re stable dans diff\u00e9rentes conditions de pression.<\/p>\n<p><strong><b>\u00a0<\/b><\/strong><\/p>\n<h2>Types de bagues d'\u00e9tanch\u00e9it\u00e9 en graphite<\/h2>\n<p><strong><b>Bague d'\u00e9tanch\u00e9it\u00e9 en graphite press\u00e9 ordinaire : <\/b><\/strong><\/p>\n<p>L'utilisation d'un processus de pressage conventionnel, un faible co\u00fbt de production, convient \u00e0 l'\u00e9tanch\u00e9it\u00e9 de l'\u00e9quipement industriel g\u00e9n\u00e9ral. Tels que les raccords de tuyauterie ordinaires, les joints de corps de pompe, etc. Il peut r\u00e9pondre aux besoins d'\u00e9tanch\u00e9it\u00e9 de l'eau, de l'air, des gaz faiblement corrosifs et d'autres milieux.<\/p>\n<p><strong><b>\u00a0<\/b><\/strong><\/p>\n<p><strong><b>Bague d'\u00e9tanch\u00e9it\u00e9 en graphite impr\u00e9gn\u00e9 : <\/b><\/strong><\/p>\n<p>Apr\u00e8s un traitement sp\u00e9cial d'impr\u00e9gnation, la r\u00e9sine, le m\u00e9tal et d'autres substances sont introduits dans les pores du graphite pour am\u00e9liorer sa r\u00e9sistance m\u00e9canique et sa r\u00e9sistance \u00e0 la corrosion. Il est couramment utilis\u00e9 dans les industries chimiques, p\u00e9troli\u00e8res et autres pour sceller des liquides ou des gaz hautement corrosifs. Comme l'acide sulfurique, <a href=\"https:\/\/en.wikipedia.org\/wiki\/Hydrochloric_acid\" target=\"_blank\" rel=\"noopener\">chlorhydrique<\/a> l'acide et d'autres m\u00e9dias.<\/p>\n<p><strong><b>\u00a0<\/b><\/strong><\/p>\n<p><strong><b>Bague d'\u00e9tanch\u00e9it\u00e9 en graphite fritt\u00e9 : <\/b><\/strong><\/p>\n<p>Fabriqu\u00e9 par un proc\u00e9d\u00e9 de frittage \u00e0 haute temp\u00e9rature, il pr\u00e9sente des caract\u00e9ristiques plus \u00e9lev\u00e9es. <a href=\"https:\/\/jinsuncarbon.com\/fr\/quelle-est-la-densite-du-graphite\/\">densit\u00e9<\/a> et la duret\u00e9, une excellente r\u00e9sistance \u00e0 l'usure. Il convient aux exigences \u00e9lev\u00e9es en mati\u00e8re de vitesse et de pression et aux exigences strictes en mati\u00e8re d'\u00e9tanch\u00e9it\u00e9, comme les pi\u00e8ces de garniture m\u00e9canique rotative \u00e0 grande vitesse.<\/p>\n<p><strong><b>\u00a0<\/b><\/strong><\/p>\n<h2>Utilisation de la bague d'\u00e9tanch\u00e9it\u00e9 en graphite<\/h2>\n<p><strong><b>Industrie p\u00e9trochimique :<\/b><\/strong><\/p>\n<p>Dans les unit\u00e9s de raffinage, les r\u00e9acteurs chimiques, les vannes de pipeline et d'autres \u00e9quipements, vous pouvez l'utiliser pour sceller une vari\u00e9t\u00e9 de liquides et de gaz corrosifs. Comme le p\u00e9trole brut, le p\u00e9trole raffin\u00e9, les compos\u00e9s organiques, etc., pour \u00e9viter les fuites de fluides et garantir une production s\u00fbre.<\/p>\n<p>&nbsp;<\/p>\n<p><strong><b>Industrie de l'\u00e9nergie : <\/b><\/strong><\/p>\n<p>La bague d'\u00e9tanch\u00e9it\u00e9 en graphite peut \u00eatre utilis\u00e9e dans les turbines \u00e0 vapeur, les pompes \u00e0 eau, les pipelines et d'autres pi\u00e8ces, pour sceller la vapeur, l'eau, les agents chimiques et d'autres milieux. Pour assurer un fonctionnement efficace et stable des \u00e9quipements de production d'\u00e9nergie, r\u00e9duire la consommation d'\u00e9nergie et la pollution de l'environnement.<\/p>\n<p>&nbsp;<\/p>\n<p><strong><b>Industrie de la fabrication de machines : <\/b><\/strong><\/p>\n<p>Dans l'arbre rotatif et les pi\u00e8ces alternatives de divers \u00e9quipements m\u00e9caniques, tels que les compresseurs, les pompes, les cylindres hydrauliques, etc., il joue un r\u00f4le d'\u00e9tanch\u00e9it\u00e9 et d'imperm\u00e9abilisation \u00e0 la poussi\u00e8re. Il r\u00e9duit l'usure de l'\u00e9quipement, prolonge la dur\u00e9e de vie et am\u00e9liore l'efficacit\u00e9 m\u00e9canique.<\/p>\n<p>&nbsp;<\/p>\n<p><strong><b>Industrie automobile : <\/b><\/strong><\/p>\n<p>Vous pouvez utiliser <a href=\"https:\/\/jinsuncarbon.com\/fr\/produit-2\/anneau-en-graphite\/\">anneaux en graphite<\/a> pour l'\u00e9tanch\u00e9it\u00e9 des composants cl\u00e9s tels que le moteur automobile, la transmission et le syst\u00e8me de freinage. Assurer la puissance du moteur, la fluidit\u00e9 de la transmission et la fiabilit\u00e9 du syst\u00e8me de freinage. Et am\u00e9liorer les performances globales et la s\u00e9curit\u00e9 des v\u00e9hicules.<\/p>\n<p>&nbsp;<\/p>\n<p><strong><b>Domaine a\u00e9rospatial : <\/b><\/strong><\/p>\n<p>Gr\u00e2ce \u00e0 sa r\u00e9sistance aux hautes et basses temp\u00e9ratures, \u00e0 sa l\u00e9g\u00e8ret\u00e9 et \u00e0 d'autres caract\u00e9ristiques, il r\u00e9pond aux exigences d'\u00e9tanch\u00e9it\u00e9 des \u00e9quipements a\u00e9rospatiaux dans des environnements extr\u00eames. Par exemple, dans les <a href=\"https:\/\/en.wikipedia.org\/wiki\/Aircraft_engine\" target=\"_blank\" rel=\"noopener\">moteur d'aviation<\/a>Le syst\u00e8me hydraulique de l'avion et d'autres composants garantissent la s\u00e9curit\u00e9 du vol.<\/p>\n<p>&nbsp;<\/p>","protected":false},"excerpt":{"rendered":"<p>La bague d'\u00e9tanch\u00e9it\u00e9 en graphite est une sorte de graphite de grande puret\u00e9 utilis\u00e9 comme mati\u00e8re premi\u00e8re, qui est transform\u00e9 en \u00e9l\u00e9ments d'\u00e9tanch\u00e9it\u00e9 par un processus sp\u00e9cial. Il utilise la structure cristalline unique du graphite, poss\u00e8de d'excellentes performances d'\u00e9tanch\u00e9it\u00e9 et joue un r\u00f4le cl\u00e9 dans de nombreux sc\u00e9narios industriels. Il est couramment utilis\u00e9 dans les pompes, les compresseurs, les r\u00e9acteurs, les vannes et d'autres \u00e9quipements. Il s'agit d'un choix fiable pour assurer un fonctionnement stable des \u00e9quipements et pr\u00e9venir les fuites de fluides.<\/p>\n<p>Qu'il s'agisse des caract\u00e9ristiques du fluide d'\u00e9tanch\u00e9it\u00e9, de la pression de service ou des conditions de temp\u00e9rature, vous pouvez le personnaliser par un processus professionnel pour l'adapter pr\u00e9cis\u00e9ment \u00e0 vos sp\u00e9cifications. Il peut s'agir d'un anneau de pression en graphite ou d'un anneau d'\u00e9tanch\u00e9it\u00e9 en carbone graphite.<\/p>\n<p>&nbsp;<\/p>","protected":false},"featured_media":7518,"template":"","meta":[],"product_brand":[],"product_cat":[38],"product_tag":[],"class_list":{"0":"post-7511","1":"product","2":"type-product","3":"status-publish","4":"has-post-thumbnail","6":"product_cat-graphite-products","8":"first","9":"instock","10":"shipping-taxable","11":"product-type-simple"},"yoast_head":"<!-- This site is optimized with the Yoast SEO Premium plugin v19.2.1 (Yoast SEO v25.3) - https:\/\/yoast.com\/wordpress\/plugins\/seo\/ -->\n<title>Graphite Seal Ring Manufacturers | Jinsun Carbon<\/title>\n<meta name=\"description\" content=\"Graphite Seal Ring Manufacturer in China, It can be widely used as seals in pumps, compressors, reactors, valves and other equipment.\" \/>\n<meta name=\"robots\" content=\"index, follow, max-snippet:-1, max-image-preview:large, max-video-preview:-1\" \/>\n<link rel=\"canonical\" href=\"https:\/\/jinsuncarbon.com\/fr\/produit-2\/bague-detancheite-en-graphite\/\" \/>\n<meta property=\"og:locale\" content=\"fr_FR\" \/>\n<meta property=\"og:type\" content=\"article\" \/>\n<meta property=\"og:title\" content=\"Graphite Seal Ring\" \/>\n<meta property=\"og:description\" content=\"Graphite Seal Ring Manufacturer in China, It can be widely used as seals in pumps, compressors, reactors, valves and other equipment.\" \/>\n<meta property=\"og:url\" content=\"https:\/\/jinsuncarbon.com\/fr\/produit-2\/bague-detancheite-en-graphite\/\" \/>\n<meta property=\"og:site_name\" content=\"Jinsun Carbon\" \/>\n<meta property=\"article:publisher\" content=\"https:\/\/www.facebook.com\/Graphite-Electrode-109336238661595\" \/>\n<meta property=\"article:modified_time\" content=\"2025-02-07T23:02:52+00:00\" \/>\n<meta property=\"og:image\" content=\"https:\/\/jinsuncarbon.com\/wp-content\/uploads\/2025\/02\/Graphite-Seal-Ring.jpg\" \/>\n\t<meta property=\"og:image:width\" content=\"1024\" \/>\n\t<meta property=\"og:image:height\" content=\"763\" \/>\n\t<meta property=\"og:image:type\" content=\"image\/jpeg\" \/>\n<meta name=\"twitter:card\" content=\"summary_large_image\" \/>\n<meta name=\"twitter:site\" content=\"@jinsuncarbon_\" \/>\n<meta name=\"twitter:label1\" content=\"Dur\u00e9e de lecture estim\u00e9e\" \/>\n\t<meta name=\"twitter:data1\" content=\"3 minutes\" \/>\n<script type=\"application\/ld+json\" class=\"yoast-schema-graph\">{\"@context\":\"https:\/\/schema.org\",\"@graph\":[{\"@type\":\"WebPage\",\"@id\":\"https:\/\/jinsuncarbon.com\/product\/graphite-seal-ring\/\",\"url\":\"https:\/\/jinsuncarbon.com\/product\/graphite-seal-ring\/\",\"name\":\"Graphite Seal Ring Manufacturers | Jinsun Carbon\",\"isPartOf\":{\"@id\":\"https:\/\/jinsuncarbon.com\/#website\"},\"primaryImageOfPage\":{\"@id\":\"https:\/\/jinsuncarbon.com\/product\/graphite-seal-ring\/#primaryimage\"},\"image\":{\"@id\":\"https:\/\/jinsuncarbon.com\/product\/graphite-seal-ring\/#primaryimage\"},\"thumbnailUrl\":\"https:\/\/jinsuncarbon.com\/wp-content\/uploads\/2025\/02\/Graphite-Seal-Ring.jpg\",\"datePublished\":\"2025-02-07T22:55:11+00:00\",\"dateModified\":\"2025-02-07T23:02:52+00:00\",\"description\":\"Graphite Seal Ring Manufacturer in China, It can be widely used as seals in pumps, compressors, reactors, valves and other equipment.\",\"breadcrumb\":{\"@id\":\"https:\/\/jinsuncarbon.com\/product\/graphite-seal-ring\/#breadcrumb\"},\"inLanguage\":\"fr-FR\",\"potentialAction\":[{\"@type\":\"ReadAction\",\"target\":[\"https:\/\/jinsuncarbon.com\/product\/graphite-seal-ring\/\"]}]},{\"@type\":\"ImageObject\",\"inLanguage\":\"fr-FR\",\"@id\":\"https:\/\/jinsuncarbon.com\/product\/graphite-seal-ring\/#primaryimage\",\"url\":\"https:\/\/jinsuncarbon.com\/wp-content\/uploads\/2025\/02\/Graphite-Seal-Ring.jpg\",\"contentUrl\":\"https:\/\/jinsuncarbon.com\/wp-content\/uploads\/2025\/02\/Graphite-Seal-Ring.jpg\",\"width\":1024,\"height\":763,\"caption\":\"Graphite Seal Ring\"},{\"@type\":\"BreadcrumbList\",\"@id\":\"https:\/\/jinsuncarbon.com\/product\/graphite-seal-ring\/#breadcrumb\",\"itemListElement\":[{\"@type\":\"ListItem\",\"position\":1,\"name\":\"Home\",\"item\":\"https:\/\/jinsuncarbon.com\/\"},{\"@type\":\"ListItem\",\"position\":2,\"name\":\"Products\",\"item\":\"https:\/\/jinsuncarbon.com\/graphite-carbon\/\"},{\"@type\":\"ListItem\",\"position\":3,\"name\":\"Graphite Seal Ring\"}]},{\"@type\":\"WebSite\",\"@id\":\"https:\/\/jinsuncarbon.com\/#website\",\"url\":\"https:\/\/jinsuncarbon.com\/\",\"name\":\"Jinsun Carbon\",\"description\":\"We are the successful graphite electrode manufacturer in China\",\"publisher\":{\"@id\":\"https:\/\/jinsuncarbon.com\/#organization\"},\"potentialAction\":[{\"@type\":\"SearchAction\",\"target\":{\"@type\":\"EntryPoint\",\"urlTemplate\":\"https:\/\/jinsuncarbon.com\/?s={search_term_string}\"},\"query-input\":{\"@type\":\"PropertyValueSpecification\",\"valueRequired\":true,\"valueName\":\"search_term_string\"}}],\"inLanguage\":\"fr-FR\"},{\"@type\":\"Organization\",\"@id\":\"https:\/\/jinsuncarbon.com\/#organization\",\"name\":\"Jinsun Carbon\",\"alternateName\":\"Jinsun Carbon\",\"url\":\"https:\/\/jinsuncarbon.com\/\",\"logo\":{\"@type\":\"ImageObject\",\"inLanguage\":\"fr-FR\",\"@id\":\"https:\/\/jinsuncarbon.com\/#\/schema\/logo\/image\/\",\"url\":\"https:\/\/jinsuncarbon.com\/wp-content\/uploads\/2022\/12\/LOGO-1.png\",\"contentUrl\":\"https:\/\/jinsuncarbon.com\/wp-content\/uploads\/2022\/12\/LOGO-1.png\",\"width\":207,\"height\":80,\"caption\":\"Jinsun Carbon\"},\"image\":{\"@id\":\"https:\/\/jinsuncarbon.com\/#\/schema\/logo\/image\/\"},\"sameAs\":[\"https:\/\/www.facebook.com\/Graphite-Electrode-109336238661595\",\"https:\/\/x.com\/jinsuncarbon_\",\"https:\/\/www.linkedin.com\/in\/jinsungraphite\",\"https:\/\/www.youtube.com\/channel\/UCysDNyvyR5-3cCWEmpkVC0g\"]}]}<\/script>\n<!-- \/ Yoast SEO Premium plugin. -->","yoast_head_json":{"title":"Joints d'\u00e9tanch\u00e9it\u00e9 en graphite Fabricants | Jinsun Carbon","description":"Il peut \u00eatre largement utilis\u00e9 comme joint d'\u00e9tanch\u00e9it\u00e9 dans les pompes, les compresseurs, les r\u00e9acteurs, les vannes et d'autres \u00e9quipements.","robots":{"index":"index","follow":"follow","max-snippet":"max-snippet:-1","max-image-preview":"max-image-preview:large","max-video-preview":"max-video-preview:-1"},"canonical":"https:\/\/jinsuncarbon.com\/fr\/produit-2\/bague-detancheite-en-graphite\/","og_locale":"fr_FR","og_type":"article","og_title":"Graphite Seal Ring","og_description":"Graphite Seal Ring Manufacturer in China, It can be widely used as seals in pumps, compressors, reactors, valves and other equipment.","og_url":"https:\/\/jinsuncarbon.com\/fr\/produit-2\/bague-detancheite-en-graphite\/","og_site_name":"Jinsun Carbon","article_publisher":"https:\/\/www.facebook.com\/Graphite-Electrode-109336238661595","article_modified_time":"2025-02-07T23:02:52+00:00","og_image":[{"width":1024,"height":763,"url":"https:\/\/jinsuncarbon.com\/wp-content\/uploads\/2025\/02\/Graphite-Seal-Ring.jpg","type":"image\/jpeg"}],"twitter_card":"summary_large_image","twitter_site":"@jinsuncarbon_","twitter_misc":{"Dur\u00e9e de lecture estim\u00e9e":"3 minutes"},"schema":{"@context":"https:\/\/schema.org","@graph":[{"@type":"WebPage","@id":"https:\/\/jinsuncarbon.com\/product\/graphite-seal-ring\/","url":"https:\/\/jinsuncarbon.com\/product\/graphite-seal-ring\/","name":"Joints d'\u00e9tanch\u00e9it\u00e9 en graphite Fabricants | Jinsun Carbon","isPartOf":{"@id":"https:\/\/jinsuncarbon.com\/#website"},"primaryImageOfPage":{"@id":"https:\/\/jinsuncarbon.com\/product\/graphite-seal-ring\/#primaryimage"},"image":{"@id":"https:\/\/jinsuncarbon.com\/product\/graphite-seal-ring\/#primaryimage"},"thumbnailUrl":"https:\/\/jinsuncarbon.com\/wp-content\/uploads\/2025\/02\/Graphite-Seal-Ring.jpg","datePublished":"2025-02-07T22:55:11+00:00","dateModified":"2025-02-07T23:02:52+00:00","description":"Il peut \u00eatre largement utilis\u00e9 comme joint d'\u00e9tanch\u00e9it\u00e9 dans les pompes, les compresseurs, les r\u00e9acteurs, les vannes et d'autres \u00e9quipements.","breadcrumb":{"@id":"https:\/\/jinsuncarbon.com\/product\/graphite-seal-ring\/#breadcrumb"},"inLanguage":"fr-FR","potentialAction":[{"@type":"ReadAction","target":["https:\/\/jinsuncarbon.com\/product\/graphite-seal-ring\/"]}]},{"@type":"ImageObject","inLanguage":"fr-FR","@id":"https:\/\/jinsuncarbon.com\/product\/graphite-seal-ring\/#primaryimage","url":"https:\/\/jinsuncarbon.com\/wp-content\/uploads\/2025\/02\/Graphite-Seal-Ring.jpg","contentUrl":"https:\/\/jinsuncarbon.com\/wp-content\/uploads\/2025\/02\/Graphite-Seal-Ring.jpg","width":1024,"height":763,"caption":"Graphite Seal Ring"},{"@type":"BreadcrumbList","@id":"https:\/\/jinsuncarbon.com\/product\/graphite-seal-ring\/#breadcrumb","itemListElement":[{"@type":"ListItem","position":1,"name":"Home","item":"https:\/\/jinsuncarbon.com\/"},{"@type":"ListItem","position":2,"name":"Products","item":"https:\/\/jinsuncarbon.com\/graphite-carbon\/"},{"@type":"ListItem","position":3,"name":"Graphite Seal Ring"}]},{"@type":"WebSite","@id":"https:\/\/jinsuncarbon.com\/#website","url":"https:\/\/jinsuncarbon.com\/","name":"Jinsun Carbon","description":"Nous sommes le fabricant d'\u00e9lectrodes en graphite le plus performant de Chine.","publisher":{"@id":"https:\/\/jinsuncarbon.com\/#organization"},"potentialAction":[{"@type":"SearchAction","target":{"@type":"EntryPoint","urlTemplate":"https:\/\/jinsuncarbon.com\/?s={search_term_string}"},"query-input":{"@type":"PropertyValueSpecification","valueRequired":true,"valueName":"search_term_string"}}],"inLanguage":"fr-FR"},{"@type":"Organization","@id":"https:\/\/jinsuncarbon.com\/#organization","name":"Jinsun Carbon","alternateName":"Jinsun Carbon","url":"https:\/\/jinsuncarbon.com\/","logo":{"@type":"ImageObject","inLanguage":"fr-FR","@id":"https:\/\/jinsuncarbon.com\/#\/schema\/logo\/image\/","url":"https:\/\/jinsuncarbon.com\/wp-content\/uploads\/2022\/12\/LOGO-1.png","contentUrl":"https:\/\/jinsuncarbon.com\/wp-content\/uploads\/2022\/12\/LOGO-1.png","width":207,"height":80,"caption":"Jinsun Carbon"},"image":{"@id":"https:\/\/jinsuncarbon.com\/#\/schema\/logo\/image\/"},"sameAs":["https:\/\/www.facebook.com\/Graphite-Electrode-109336238661595","https:\/\/x.com\/jinsuncarbon_","https:\/\/www.linkedin.com\/in\/jinsungraphite","https:\/\/www.youtube.com\/channel\/UCysDNyvyR5-3cCWEmpkVC0g"]}]}},"_links":{"self":[{"href":"https:\/\/jinsuncarbon.com\/fr\/wp-json\/wp\/v2\/product\/7511","targetHints":{"allow":["GET"]}}],"collection":[{"href":"https:\/\/jinsuncarbon.com\/fr\/wp-json\/wp\/v2\/product"}],"about":[{"href":"https:\/\/jinsuncarbon.com\/fr\/wp-json\/wp\/v2\/types\/product"}],"wp:featuredmedia":[{"embeddable":true,"href":"https:\/\/jinsuncarbon.com\/fr\/wp-json\/wp\/v2\/media\/7518"}],"wp:attachment":[{"href":"https:\/\/jinsuncarbon.com\/fr\/wp-json\/wp\/v2\/media?parent=7511"}],"wp:term":[{"taxonomy":"product_brand","embeddable":true,"href":"https:\/\/jinsuncarbon.com\/fr\/wp-json\/wp\/v2\/product_brand?post=7511"},{"taxonomy":"product_cat","embeddable":true,"href":"https:\/\/jinsuncarbon.com\/fr\/wp-json\/wp\/v2\/product_cat?post=7511"},{"taxonomy":"product_tag","embeddable":true,"href":"https:\/\/jinsuncarbon.com\/fr\/wp-json\/wp\/v2\/product_tag?post=7511"}],"curies":[{"name":"wp","href":"https:\/\/api.w.org\/{rel}","templated":true}]}}