{"id":7453,"date":"2025-01-27T02:20:01","date_gmt":"2025-01-27T02:20:01","guid":{"rendered":"https:\/\/jinsuncarbon.com\/?post_type=product&#038;p=7453"},"modified":"2025-01-27T02:21:16","modified_gmt":"2025-01-27T02:21:16","slug":"moules-pour-barres-dor","status":"publish","type":"product","link":"https:\/\/jinsuncarbon.com\/fr\/produit-2\/moules-pour-barres-dor\/","title":{"rendered":"Moules pour barres d'or"},"content":{"rendered":"<h2 class=\"ql-align-justify\">Moules pour barres d'or \u00e0 vendre<\/h2>\n<h3 class=\"ql-align-justify\">Avantages du moule de coul\u00e9e de barres d'or<\/h3>\n<ul>\n<li class=\"ql-align-justify\"><strong>Grande pr\u00e9cision dimensionnelle<\/strong><\/li>\n<\/ul>\n<p class=\"ql-align-justify\">L'\u00e9cart est tr\u00e8s faible, il peut r\u00e9pondre aux exigences strictes du stockage financier, du commerce et de la fabrication industrielle en mati\u00e8re de sp\u00e9cifications.<\/p>\n<ul>\n<li class=\"ql-align-justify\"><strong>Grande r\u00e9sistance structurelle<\/strong><\/li>\n<\/ul>\n<p class=\"ql-align-justify\">Il peut r\u00e9sister \u00e0 l'impact et \u00e0 la pression de l'or liquide \u00e0 haute temp\u00e9rature, l'utilisation r\u00e9p\u00e9t\u00e9e n'est pas facile \u00e0 d\u00e9former, \u00e0 endommager.<\/p>\n<ul>\n<li class=\"ql-align-justify\"><strong>Surface tr\u00e8s lisse<\/strong><\/li>\n<\/ul>\n<p class=\"ql-align-justify\">Cela favorise le d\u00e9capage de la barre d'or et n'endommage pas la surface de la barre d'or. Veiller \u00e0 ce que la surface soit lisse.<\/p>\n<ul>\n<li class=\"ql-align-justify\"><strong>Forte stabilit\u00e9 chimique<\/strong><\/li>\n<\/ul>\n<p class=\"ql-align-justify\">Il ne r\u00e9agit pas avec l'or, ce qui garantit la puret\u00e9 et la qualit\u00e9 des lingots d'or.<\/p>\n<p>&nbsp;<\/p>\n<h2 class=\"ql-align-justify\">Processus de production des moules pour barres d'or<\/h2>\n<p class=\"ql-align-justify\">Nous produisons des barres d'or en graphite de haute qualit\u00e9 <a href=\"https:\/\/jinsuncarbon.com\/fr\/produit-2\/moule-en-graphite\/\">moule<\/a>et nous devons suivre des \u00e9tapes strictes :<\/p>\n<p class=\"ql-align-justify\"><strong>\u00c9tape 1. S\u00e9lectionner le mat\u00e9riau du moule :<\/strong><\/p>\n<p class=\"ql-align-justify\">La s\u00e9lection de produits de haute puret\u00e9 <a href=\"https:\/\/jinsuncarbon.com\/fr\/produit-2\/graphite-naturel-en-paillettes\/\">graphite lamellaire<\/a> comme mat\u00e9riau pour la fabrication de moules pour lingots d'or. Il pr\u00e9sente d'excellentes caract\u00e9ristiques de r\u00e9sistance aux temp\u00e9ratures \u00e9lev\u00e9es et de non-adh\u00e9sion, afin de garantir les meilleures performances dans le processus de coulage des barres d'or.<\/p>\n<p class=\"ql-align-justify\"><strong>\u00c9tape 2. Transformation des mati\u00e8res premi\u00e8res :<\/strong><\/p>\n<p class=\"ql-align-justify\">Nous commen\u00e7ons par broyer le graphite pour que la taille de ses particules atteigne le niveau appropri\u00e9. Des op\u00e9rations de purification ult\u00e9rieures \u00e9liminent les impuret\u00e9s pour am\u00e9liorer la puret\u00e9. Enfin, nous transformons le graphite trait\u00e9 en \u00e9bauche de moule au moyen d'un pressage de moule ou d'un pressage isostatique.<\/p>\n<p class=\"ql-align-justify\"><strong>\u00c9tape 3. Formage et finition du moule :<\/strong><\/p>\n<p class=\"ql-align-justify\">L'utilisation d'\u00e9quipements de traitement CNC, selon les dessins pr\u00e9cis de conception du moule, la d\u00e9coupe pr\u00e9liminaire du graphite, le per\u00e7age, le meulage et d'autres op\u00e9rations de traitement m\u00e9canique. Nous produisons un moule pour barres d'or qui r\u00e9pond aux exigences en mati\u00e8re de pr\u00e9cision dimensionnelle et de qualit\u00e9 de surface. Enfin, nous ajustons le moule et traitons le rev\u00eatement de surface afin d'am\u00e9liorer sa durabilit\u00e9 et ses performances de d\u00e9moulage.<\/p>\n<p>&nbsp;<\/p>\n<h2 class=\"ql-align-justify\">Utilisations des moules de coul\u00e9e de barres d'or<\/h2>\n<p class=\"ql-align-justify\">Le moule pour barres d'or est largement utilis\u00e9, principalement dans les domaines suivants.<\/p>\n<p class=\"ql-align-justify\"><strong>Domaine de l'investissement financier :<\/strong><\/p>\n<p class=\"ql-align-justify\">Nous disposons d'un grand nombre de sp\u00e9cifications standard de lingots d'or pour r\u00e9pondre \u00e0 la demande des investisseurs en mati\u00e8re d'investissement dans l'or. Par exemple, 1 once, 10 onces, 1 kilogramme, etc. Il s'agit d'un support important de la circulation de l'or sur le march\u00e9 financier.<\/p>\n<p class=\"ql-align-justify\"><strong>Champ de collection comm\u00e9moratif :<\/strong><\/p>\n<p class=\"ql-align-justify\">Fabrication d'une vari\u00e9t\u00e9 de lingots d'or ayant une signification comm\u00e9morative et une valeur de collection, tels que les lingots d'or comm\u00e9morant des \u00e9v\u00e9nements historiques majeurs, des activit\u00e9s culturelles, etc. Gr\u00e2ce \u00e0 une conception et \u00e0 une technologie uniques, am\u00e9liorer la valeur artistique et la valeur de collection des lingots d'or.<\/p>\n<p class=\"ql-align-justify\"><strong>Fabrication industrielle :<\/strong><\/p>\n<p class=\"ql-align-justify\">Fournir des billettes pour certaines productions industrielles ayant des exigences particuli\u00e8res en mati\u00e8re de forme et de taille de l'or. Il s'agit par exemple des connecteurs en or utilis\u00e9s dans les <a href=\"https:\/\/en.wikipedia.org\/wiki\/Electronics_industry\" target=\"_blank\" rel=\"noopener\">l'industrie \u00e9lectronique<\/a>Il s'agit d'un proc\u00e9d\u00e9 qui permet d'obtenir des pi\u00e8ces d\u00e9coratives en or dans l'industrie de la d\u00e9coration haut de gamme, etc. Il garantit la pr\u00e9cision et la qualit\u00e9 des billettes, jetant ainsi les bases du traitement ult\u00e9rieur.<\/p>\n<p class=\"ql-align-justify\">","protected":false},"excerpt":{"rendered":"<p class=\"ql-align-justify\">Le moule pour barres d'or est un instrument sp\u00e9cialement utilis\u00e9 pour couler de l'or liquide dans des barres d'or. Il est g\u00e9n\u00e9ralement fabriqu\u00e9 \u00e0 partir de mat\u00e9riaux r\u00e9sistants aux temp\u00e9ratures \u00e9lev\u00e9es, tr\u00e8s solides et chimiquement stables, tels que le graphite de haute qualit\u00e9.<\/p>\n<p class=\"ql-align-justify\">Gr\u00e2ce \u00e0 une conception pr\u00e9cise du moule, il peut cr\u00e9er des lingots d'or de taille pr\u00e9cise et de forme r\u00e9guli\u00e8re. Il joue un r\u00f4le cl\u00e9 dans la production et le traitement de l'or. En fonction de vos besoins particuliers, nous pouvons personnaliser les moules pour barres d'or en diff\u00e9rents poids, formes ou avec un logo unique.<\/p>\n<p class=\"ql-align-justify\">","protected":false},"featured_media":7457,"template":"","meta":[],"product_brand":[],"product_cat":[38],"product_tag":[],"class_list":{"0":"post-7453","1":"product","2":"type-product","3":"status-publish","4":"has-post-thumbnail","6":"product_cat-graphite-products","8":"first","9":"instock","10":"shipping-taxable","11":"product-type-simple"},"yoast_head":"<!-- This site is optimized with the Yoast SEO Premium plugin v19.2.1 (Yoast SEO v25.3) - https:\/\/yoast.com\/wordpress\/plugins\/seo\/ -->\n<title>Gold Bar Molds Manufacturer in China | Jinsun Carbon<\/title>\n<meta name=\"description\" content=\"Gold bar molds for sale, Graphite has good high temperature resistance and high thermal conductivity, making it suitable for the melting process of gold.\" \/>\n<meta name=\"robots\" content=\"index, follow, max-snippet:-1, max-image-preview:large, max-video-preview:-1\" \/>\n<link rel=\"canonical\" href=\"https:\/\/jinsuncarbon.com\/fr\/produit-2\/moules-pour-barres-dor\/\" \/>\n<meta property=\"og:locale\" content=\"fr_FR\" \/>\n<meta property=\"og:type\" content=\"article\" \/>\n<meta property=\"og:title\" content=\"Gold Bar Molds\" \/>\n<meta property=\"og:description\" content=\"Gold bar molds for sale, Graphite has good high temperature resistance and high thermal conductivity, making it suitable for the melting process of gold.\" \/>\n<meta property=\"og:url\" content=\"https:\/\/jinsuncarbon.com\/fr\/produit-2\/moules-pour-barres-dor\/\" \/>\n<meta property=\"og:site_name\" content=\"Jinsun Carbon\" \/>\n<meta property=\"article:publisher\" content=\"https:\/\/www.facebook.com\/Graphite-Electrode-109336238661595\" \/>\n<meta property=\"article:modified_time\" content=\"2025-01-27T02:21:16+00:00\" \/>\n<meta property=\"og:image\" content=\"https:\/\/jinsuncarbon.com\/wp-content\/uploads\/2025\/01\/Gold-Bar-Mold.jpg\" \/>\n\t<meta property=\"og:image:width\" content=\"1024\" \/>\n\t<meta property=\"og:image:height\" content=\"763\" \/>\n\t<meta property=\"og:image:type\" content=\"image\/jpeg\" \/>\n<meta name=\"twitter:card\" content=\"summary_large_image\" \/>\n<meta name=\"twitter:site\" content=\"@jinsuncarbon_\" \/>\n<meta name=\"twitter:label1\" content=\"Dur\u00e9e de lecture estim\u00e9e\" \/>\n\t<meta name=\"twitter:data1\" content=\"3 minutes\" \/>\n<script type=\"application\/ld+json\" class=\"yoast-schema-graph\">{\"@context\":\"https:\/\/schema.org\",\"@graph\":[{\"@type\":\"WebPage\",\"@id\":\"https:\/\/jinsuncarbon.com\/product\/gold-bar-molds\/\",\"url\":\"https:\/\/jinsuncarbon.com\/product\/gold-bar-molds\/\",\"name\":\"Gold Bar Molds Manufacturer in China | Jinsun Carbon\",\"isPartOf\":{\"@id\":\"https:\/\/jinsuncarbon.com\/#website\"},\"primaryImageOfPage\":{\"@id\":\"https:\/\/jinsuncarbon.com\/product\/gold-bar-molds\/#primaryimage\"},\"image\":{\"@id\":\"https:\/\/jinsuncarbon.com\/product\/gold-bar-molds\/#primaryimage\"},\"thumbnailUrl\":\"https:\/\/jinsuncarbon.com\/wp-content\/uploads\/2025\/01\/Gold-Bar-Mold.jpg\",\"datePublished\":\"2025-01-27T02:20:01+00:00\",\"dateModified\":\"2025-01-27T02:21:16+00:00\",\"description\":\"Gold bar molds for sale, Graphite has good high temperature resistance and high thermal conductivity, making it suitable for the melting process of gold.\",\"breadcrumb\":{\"@id\":\"https:\/\/jinsuncarbon.com\/product\/gold-bar-molds\/#breadcrumb\"},\"inLanguage\":\"fr-FR\",\"potentialAction\":[{\"@type\":\"ReadAction\",\"target\":[\"https:\/\/jinsuncarbon.com\/product\/gold-bar-molds\/\"]}]},{\"@type\":\"ImageObject\",\"inLanguage\":\"fr-FR\",\"@id\":\"https:\/\/jinsuncarbon.com\/product\/gold-bar-molds\/#primaryimage\",\"url\":\"https:\/\/jinsuncarbon.com\/wp-content\/uploads\/2025\/01\/Gold-Bar-Mold.jpg\",\"contentUrl\":\"https:\/\/jinsuncarbon.com\/wp-content\/uploads\/2025\/01\/Gold-Bar-Mold.jpg\",\"width\":1024,\"height\":763,\"caption\":\"Gold Bar Mold\"},{\"@type\":\"BreadcrumbList\",\"@id\":\"https:\/\/jinsuncarbon.com\/product\/gold-bar-molds\/#breadcrumb\",\"itemListElement\":[{\"@type\":\"ListItem\",\"position\":1,\"name\":\"Home\",\"item\":\"https:\/\/jinsuncarbon.com\/\"},{\"@type\":\"ListItem\",\"position\":2,\"name\":\"Products\",\"item\":\"https:\/\/jinsuncarbon.com\/graphite-carbon\/\"},{\"@type\":\"ListItem\",\"position\":3,\"name\":\"Gold Bar Molds\"}]},{\"@type\":\"WebSite\",\"@id\":\"https:\/\/jinsuncarbon.com\/#website\",\"url\":\"https:\/\/jinsuncarbon.com\/\",\"name\":\"Jinsun Carbon\",\"description\":\"We are the successful graphite electrode manufacturer in China\",\"publisher\":{\"@id\":\"https:\/\/jinsuncarbon.com\/#organization\"},\"potentialAction\":[{\"@type\":\"SearchAction\",\"target\":{\"@type\":\"EntryPoint\",\"urlTemplate\":\"https:\/\/jinsuncarbon.com\/?s={search_term_string}\"},\"query-input\":{\"@type\":\"PropertyValueSpecification\",\"valueRequired\":true,\"valueName\":\"search_term_string\"}}],\"inLanguage\":\"fr-FR\"},{\"@type\":\"Organization\",\"@id\":\"https:\/\/jinsuncarbon.com\/#organization\",\"name\":\"Jinsun Carbon\",\"alternateName\":\"Jinsun Carbon\",\"url\":\"https:\/\/jinsuncarbon.com\/\",\"logo\":{\"@type\":\"ImageObject\",\"inLanguage\":\"fr-FR\",\"@id\":\"https:\/\/jinsuncarbon.com\/#\/schema\/logo\/image\/\",\"url\":\"https:\/\/jinsuncarbon.com\/wp-content\/uploads\/2022\/12\/LOGO-1.png\",\"contentUrl\":\"https:\/\/jinsuncarbon.com\/wp-content\/uploads\/2022\/12\/LOGO-1.png\",\"width\":207,\"height\":80,\"caption\":\"Jinsun Carbon\"},\"image\":{\"@id\":\"https:\/\/jinsuncarbon.com\/#\/schema\/logo\/image\/\"},\"sameAs\":[\"https:\/\/www.facebook.com\/Graphite-Electrode-109336238661595\",\"https:\/\/x.com\/jinsuncarbon_\",\"https:\/\/www.linkedin.com\/in\/jinsungraphite\",\"https:\/\/www.youtube.com\/channel\/UCysDNyvyR5-3cCWEmpkVC0g\"]}]}<\/script>\n<!-- \/ Yoast SEO Premium plugin. -->","yoast_head_json":{"title":"Moules pour barres d'or en Chine | Jinsun Carbon","description":"Moules pour barres d'or \u00e0 vendre, Le graphite pr\u00e9sente une bonne r\u00e9sistance aux temp\u00e9ratures \u00e9lev\u00e9es et une conductivit\u00e9 thermique \u00e9lev\u00e9e, ce qui le rend adapt\u00e9 au processus de fusion de l'or.","robots":{"index":"index","follow":"follow","max-snippet":"max-snippet:-1","max-image-preview":"max-image-preview:large","max-video-preview":"max-video-preview:-1"},"canonical":"https:\/\/jinsuncarbon.com\/fr\/produit-2\/moules-pour-barres-dor\/","og_locale":"fr_FR","og_type":"article","og_title":"Gold Bar Molds","og_description":"Gold bar molds for sale, Graphite has good high temperature resistance and high thermal conductivity, making it suitable for the melting process of gold.","og_url":"https:\/\/jinsuncarbon.com\/fr\/produit-2\/moules-pour-barres-dor\/","og_site_name":"Jinsun Carbon","article_publisher":"https:\/\/www.facebook.com\/Graphite-Electrode-109336238661595","article_modified_time":"2025-01-27T02:21:16+00:00","og_image":[{"width":1024,"height":763,"url":"https:\/\/jinsuncarbon.com\/wp-content\/uploads\/2025\/01\/Gold-Bar-Mold.jpg","type":"image\/jpeg"}],"twitter_card":"summary_large_image","twitter_site":"@jinsuncarbon_","twitter_misc":{"Dur\u00e9e de lecture estim\u00e9e":"3 minutes"},"schema":{"@context":"https:\/\/schema.org","@graph":[{"@type":"WebPage","@id":"https:\/\/jinsuncarbon.com\/product\/gold-bar-molds\/","url":"https:\/\/jinsuncarbon.com\/product\/gold-bar-molds\/","name":"Moules pour barres d'or en Chine | Jinsun Carbon","isPartOf":{"@id":"https:\/\/jinsuncarbon.com\/#website"},"primaryImageOfPage":{"@id":"https:\/\/jinsuncarbon.com\/product\/gold-bar-molds\/#primaryimage"},"image":{"@id":"https:\/\/jinsuncarbon.com\/product\/gold-bar-molds\/#primaryimage"},"thumbnailUrl":"https:\/\/jinsuncarbon.com\/wp-content\/uploads\/2025\/01\/Gold-Bar-Mold.jpg","datePublished":"2025-01-27T02:20:01+00:00","dateModified":"2025-01-27T02:21:16+00:00","description":"Moules pour barres d'or \u00e0 vendre, Le graphite pr\u00e9sente une bonne r\u00e9sistance aux temp\u00e9ratures \u00e9lev\u00e9es et une conductivit\u00e9 thermique \u00e9lev\u00e9e, ce qui le rend adapt\u00e9 au processus de fusion de l'or.","breadcrumb":{"@id":"https:\/\/jinsuncarbon.com\/product\/gold-bar-molds\/#breadcrumb"},"inLanguage":"fr-FR","potentialAction":[{"@type":"ReadAction","target":["https:\/\/jinsuncarbon.com\/product\/gold-bar-molds\/"]}]},{"@type":"ImageObject","inLanguage":"fr-FR","@id":"https:\/\/jinsuncarbon.com\/product\/gold-bar-molds\/#primaryimage","url":"https:\/\/jinsuncarbon.com\/wp-content\/uploads\/2025\/01\/Gold-Bar-Mold.jpg","contentUrl":"https:\/\/jinsuncarbon.com\/wp-content\/uploads\/2025\/01\/Gold-Bar-Mold.jpg","width":1024,"height":763,"caption":"Gold Bar Mold"},{"@type":"BreadcrumbList","@id":"https:\/\/jinsuncarbon.com\/product\/gold-bar-molds\/#breadcrumb","itemListElement":[{"@type":"ListItem","position":1,"name":"Home","item":"https:\/\/jinsuncarbon.com\/"},{"@type":"ListItem","position":2,"name":"Products","item":"https:\/\/jinsuncarbon.com\/graphite-carbon\/"},{"@type":"ListItem","position":3,"name":"Gold Bar Molds"}]},{"@type":"WebSite","@id":"https:\/\/jinsuncarbon.com\/#website","url":"https:\/\/jinsuncarbon.com\/","name":"Jinsun Carbon","description":"Nous sommes le fabricant d'\u00e9lectrodes en graphite le plus performant de Chine.","publisher":{"@id":"https:\/\/jinsuncarbon.com\/#organization"},"potentialAction":[{"@type":"SearchAction","target":{"@type":"EntryPoint","urlTemplate":"https:\/\/jinsuncarbon.com\/?s={search_term_string}"},"query-input":{"@type":"PropertyValueSpecification","valueRequired":true,"valueName":"search_term_string"}}],"inLanguage":"fr-FR"},{"@type":"Organization","@id":"https:\/\/jinsuncarbon.com\/#organization","name":"Jinsun Carbon","alternateName":"Jinsun Carbon","url":"https:\/\/jinsuncarbon.com\/","logo":{"@type":"ImageObject","inLanguage":"fr-FR","@id":"https:\/\/jinsuncarbon.com\/#\/schema\/logo\/image\/","url":"https:\/\/jinsuncarbon.com\/wp-content\/uploads\/2022\/12\/LOGO-1.png","contentUrl":"https:\/\/jinsuncarbon.com\/wp-content\/uploads\/2022\/12\/LOGO-1.png","width":207,"height":80,"caption":"Jinsun Carbon"},"image":{"@id":"https:\/\/jinsuncarbon.com\/#\/schema\/logo\/image\/"},"sameAs":["https:\/\/www.facebook.com\/Graphite-Electrode-109336238661595","https:\/\/x.com\/jinsuncarbon_","https:\/\/www.linkedin.com\/in\/jinsungraphite","https:\/\/www.youtube.com\/channel\/UCysDNyvyR5-3cCWEmpkVC0g"]}]}},"_links":{"self":[{"href":"https:\/\/jinsuncarbon.com\/fr\/wp-json\/wp\/v2\/product\/7453","targetHints":{"allow":["GET"]}}],"collection":[{"href":"https:\/\/jinsuncarbon.com\/fr\/wp-json\/wp\/v2\/product"}],"about":[{"href":"https:\/\/jinsuncarbon.com\/fr\/wp-json\/wp\/v2\/types\/product"}],"wp:featuredmedia":[{"embeddable":true,"href":"https:\/\/jinsuncarbon.com\/fr\/wp-json\/wp\/v2\/media\/7457"}],"wp:attachment":[{"href":"https:\/\/jinsuncarbon.com\/fr\/wp-json\/wp\/v2\/media?parent=7453"}],"wp:term":[{"taxonomy":"product_brand","embeddable":true,"href":"https:\/\/jinsuncarbon.com\/fr\/wp-json\/wp\/v2\/product_brand?post=7453"},{"taxonomy":"product_cat","embeddable":true,"href":"https:\/\/jinsuncarbon.com\/fr\/wp-json\/wp\/v2\/product_cat?post=7453"},{"taxonomy":"product_tag","embeddable":true,"href":"https:\/\/jinsuncarbon.com\/fr\/wp-json\/wp\/v2\/product_tag?post=7453"}],"curies":[{"name":"wp","href":"https:\/\/api.w.org\/{rel}","templated":true}]}}