{"id":7441,"date":"2025-01-25T14:52:45","date_gmt":"2025-01-25T14:52:45","guid":{"rendered":"https:\/\/jinsuncarbon.com\/?post_type=product&#038;p=7441"},"modified":"2025-10-07T02:21:55","modified_gmt":"2025-10-07T02:21:55","slug":"electrode-a-tige-de-carbone","status":"publish","type":"product","link":"https:\/\/jinsuncarbon.com\/fr\/produit-2\/electrode-a-tige-de-carbone\/","title":{"rendered":"\u00c9lectrode \u00e0 tige de carbone"},"content":{"rendered":"<h2>Avantages de l'\u00e9lectrode \u00e0 tige de carbone<\/h2>\n<p>L'\u00e9lectrode de carbone en forme de tige est cylindrique. Ses avantages sont remarquables.<\/p>\n<p><strong><b>G<\/b><\/strong><strong><b>Bonne conductivit\u00e9 \u00e9lectrique<\/b><\/strong><\/p>\n<p>Il peut conduire efficacement le courant, afin d'assurer le bon d\u00e9roulement de la r\u00e9action \u00e9lectrochimique.<\/p>\n<p>&nbsp;<\/p>\n<p><strong><b>Propri\u00e9t\u00e9s chimiques stables<\/b><\/strong><\/p>\n<p>Dans une vari\u00e9t\u00e9 d'environnements chimiques, ils ne sont pas faciles \u00e0 corroder et \u00e0 oxyder, et peuvent maintenir une stabilit\u00e9 \u00e0 long terme.<\/p>\n<p><strong><b>\u00a0<\/b><\/strong><\/p>\n<p><strong><b>Excellente r\u00e9sistance aux hautes temp\u00e9ratures<\/b><\/strong><\/p>\n<p>Il peut r\u00e9sister \u00e0 des temp\u00e9ratures \u00e9lev\u00e9es sans d\u00e9formation ni dommages \u00e9vidents, et il est adapt\u00e9 aux sc\u00e9narios de fonctionnement \u00e0 haute temp\u00e9rature.<\/p>\n<p><strong><b>\u00a0<\/b><\/strong><\/p>\n<p><strong><b>R\u00e9sistance m\u00e9canique \u00e9lev\u00e9e<\/b><\/strong><\/p>\n<p>Il ne se casse pas facilement et est facile \u00e0 installer et \u00e0 utiliser.<\/p>\n<p>&nbsp;<\/p>\n<p><strong><b>R<\/b><\/strong><strong><b>un co\u00fbt relativement faible <\/b><\/strong><\/p>\n<p>Il est rentable et convient aux applications \u00e0 grande \u00e9chelle.<\/p>\n<p>&nbsp;<\/p>\n<p><strong><b>G<\/b><\/strong><strong><b>Bonne performance de traitement <\/b><\/strong><\/p>\n<p>Elles peuvent \u00eatre coup\u00e9es, rectifi\u00e9es et soumises \u00e0 d'autres op\u00e9rations de traitement en fonction des diff\u00e9rents besoins. En fonction de vos besoins sp\u00e9cifiques, les \u00e9lectrodes en barres de carbone sont usin\u00e9es pour s'adapter \u00e0 votre taille et aux exigences de votre application.<\/p>\n<p>&nbsp;<\/p>\n<p>En outre, vous pouvez choisir une \u00e9lectrode de carbone ordinaire, une \u00e9lectrode de carbone de haute puret\u00e9, une \u00e9lectrode de carbone droite standard, une \u00e9lectrode de carbone de forme personnalis\u00e9e ou d'autres types d'\u00e9lectrodes de carbone.<\/p>\n<p>&nbsp;<\/p>\n<h2>Utilisations de l'\u00e9lectrode \u00e0 tige de carbone<\/h2>\n<p>L'utilisation de l'\u00e9lectrode \u00e0 tige de carbone est tr\u00e8s large et comprend principalement les aspects suivants.<\/p>\n<h3>Industrie \u00e9lectrochimique<\/h3>\n<p><strong><b>E<\/b><\/strong><strong><b>lectroplacage : <\/b><\/strong><\/p>\n<p>En tant qu'anode dans le processus de galvanoplastie, il fournit un courant stable pour la solution de placage. Les ions m\u00e9talliques sont ainsi d\u00e9pos\u00e9s uniform\u00e9ment sur la surface des pi\u00e8ces \u00e0 rev\u00eatir. Tels que le placage de cuivre et le placage de chrome des produits de quincaillerie.<\/p>\n<p>&nbsp;<\/p>\n<h4>\u00c9lectrode \u00e0 tige de carbone pour <strong>l'\u00e9lectrolyse : <\/strong><\/h4>\n<p>Vous pouvez l'utiliser dans l'industrie du chlore et de la soude caustique pour \u00e9lectrolyser l'eau afin de produire de l'hydrog\u00e8ne et de l'oxyg\u00e8ne. Et l'\u00e9lectrolyse de l'eau sal\u00e9e pour produire de la soude caustique, du chlore gazeux et de l'hydrog\u00e8ne. Il peut \u00eatre utilis\u00e9 comme mat\u00e9riau anodique pour r\u00e9sister \u00e0 une forte concentration d'\u00e9lectrolyte et \u00e0 un courant puissant afin d'obtenir une r\u00e9action \u00e9lectrolytique efficace.<\/p>\n<p>&nbsp;<\/p>\n<h3>\u00c9lectrode \u00e0 tige de carbone dans le domaine des batteries<\/h3>\n<p><strong><b>P<\/b><\/strong><strong><b>rimaire : <\/b><\/strong><\/p>\n<p>Comme les piles s\u00e8ches courantes au zinc-mangan\u00e8se, la tige de carbone sert de mat\u00e9riau d'\u00e9lectrode positive. Il participe au processus de d\u00e9charge de la batterie, \u00e0 la conduction des \u00e9lectrons, de sorte que l'\u00e9lectrolyte positif se transforme en \u00e9lectrolyte positif. <a href=\"https:\/\/www.energy.gov\/science\/doe-explainsbatteries\" target=\"_blank\" rel=\"noopener\">batterie<\/a> peut produire de l'\u00e9nergie \u00e9lectrique.<\/p>\n<p>&nbsp;<\/p>\n<p><strong><b>Batteries secondaires : <\/b><\/strong><\/p>\n<p>Dans le cadre de la recherche et de la production de nouvelles batteries secondaires, vous pouvez \u00e9galement choisir des mat\u00e9riaux d'\u00e9lectrode. Pour participer \u00e0 la r\u00e9action de charge et de d\u00e9charge de la batterie, comme certaines nouvelles batteries \u00e0 eau.<\/p>\n<p>&nbsp;<\/p>\n<h3>Application de l'arc<\/h3>\n<p><strong><b>Four \u00e0 arc :<\/b><\/strong><\/p>\n<p>Dans le four \u00e0 arc \u00e9lectrique de la fonte du fer et de l'acier et d'autres industries, vous pouvez utiliser une \u00e9lectrode \u00e0 tige de carbone pour g\u00e9n\u00e9rer un arc. La temp\u00e9rature \u00e9lev\u00e9e de l'arc est utilis\u00e9e pour faire fondre les mati\u00e8res premi\u00e8res m\u00e9talliques. Cela permet de fondre l'acier et d'autres m\u00e9taux.<\/p>\n<p>&nbsp;<\/p>\n<h4>\u00c9lectrode en baguette de carbone pour le soudage \u00e0 l'arc :<\/h4>\n<p>Dans le cadre de la <a href=\"https:\/\/jinsuncarbon.com\/fr\/soudage-a-larc-au-carbone\/\">soudage \u00e0 l'arc<\/a> vous pouvez l'utiliser comme outil auxiliaire pour l'amor\u00e7age de l'arc ou le chauffage local dans des cas sp\u00e9cifiques.<\/p>\n<p>&nbsp;<\/p>\n<h3>Autres domaines<\/h3>\n<p><strong><b>EDM :<\/b><\/strong><\/p>\n<p>Dans le cadre de la <a href=\"https:\/\/en.wikipedia.org\/wiki\/Electrical_discharge_machining\" target=\"_blank\" rel=\"noopener\">EDM<\/a> dans le domaine de la fabrication de moules et dans d'autres domaines, vous pouvez l'utiliser comme \u00e9lectrode d'outil. Elle peut traiter la pi\u00e8ce \u00e0 usiner par d\u00e9charge EDM et traiter la cavit\u00e9 du moule de forme complexe.<\/p>\n<p>&nbsp;<\/p>\n<p><strong><b>Analyse et d\u00e9tection : <\/b><\/strong><\/p>\n<p>Dans certaines exp\u00e9riences d'analyse chimique et de d\u00e9tection, telles que l'analyse par voltamp\u00e9rom\u00e9trie, vous pouvez l'utiliser comme outil de travail. <a href=\"https:\/\/jinsuncarbon.com\/fr\/differences-entre-les-electrodes-en-graphite-et-les-electrodes-en-carbone\/\">\u00e9lectrodes<\/a>. D\u00e9tecter les propri\u00e9t\u00e9s \u00e9lectrochimiques des substances en solution et aider \u00e0 analyser la composition et le contenu des substances.<\/p>","protected":false},"excerpt":{"rendered":"<p>L'\u00e9lectrode \u00e0 tige de carbone est une \u00e9lectrode en forme de tige fabriqu\u00e9e \u00e0 partir d'un mat\u00e9riau \u00e0 base de carbone. Elle est g\u00e9n\u00e9ralement fabriqu\u00e9e \u00e0 partir de mati\u00e8res premi\u00e8res de carbone de haute puret\u00e9 et trait\u00e9e selon un processus sp\u00e9cifique. Gr\u00e2ce \u00e0 sa bonne conductivit\u00e9 \u00e9lectrique, sa stabilit\u00e9 chimique et sa r\u00e9sistance aux temp\u00e9ratures \u00e9lev\u00e9es, elle joue un r\u00f4le cl\u00e9 dans de nombreux domaines de la production \u00e9lectrochimique et industrielle. Il s'agit notamment de la galvanoplastie, de l'\u00e9lectrolyse, de la fabrication de batteries et de l'industrie du chlore et de la soude caustique. Il s'agit d'un mat\u00e9riau d'\u00e9lectrode pratique qui peut s'adapter \u00e0 une vari\u00e9t\u00e9 de conditions complexes.<\/p>","protected":false},"featured_media":7442,"template":"","meta":[],"product_brand":[],"product_cat":[39],"product_tag":[],"class_list":{"0":"post-7441","1":"product","2":"type-product","3":"status-publish","4":"has-post-thumbnail","6":"product_cat-carbon-products","8":"first","9":"instock","10":"shipping-taxable","11":"product-type-simple"},"yoast_head":"<!-- This site is optimized with the Yoast SEO Premium plugin v19.2.1 (Yoast SEO v25.3) - https:\/\/yoast.com\/wordpress\/plugins\/seo\/ -->\n<title>Carbon Rod Electrode Manufacturer in China | Jinsun Carbon<\/title>\n<meta name=\"description\" content=\"Carbon electrodes for sale, The purity is as high as 99.99% and can be used in arc welding, fuel cells, electrolysis, electroplating and other industries.\" \/>\n<meta name=\"robots\" content=\"index, follow, max-snippet:-1, max-image-preview:large, max-video-preview:-1\" \/>\n<link rel=\"canonical\" href=\"https:\/\/jinsuncarbon.com\/fr\/produit-2\/electrode-a-tige-de-carbone\/\" \/>\n<meta property=\"og:locale\" content=\"fr_FR\" \/>\n<meta property=\"og:type\" content=\"article\" \/>\n<meta property=\"og:title\" content=\"Carbon Rod Electrode\" \/>\n<meta property=\"og:description\" content=\"Carbon electrodes for sale, The purity is as high as 99.99% and can be used in arc welding, fuel cells, electrolysis, electroplating and other industries.\" \/>\n<meta property=\"og:url\" content=\"https:\/\/jinsuncarbon.com\/fr\/produit-2\/electrode-a-tige-de-carbone\/\" \/>\n<meta property=\"og:site_name\" content=\"Jinsun Carbon\" \/>\n<meta property=\"article:publisher\" content=\"https:\/\/www.facebook.com\/Graphite-Electrode-109336238661595\" \/>\n<meta property=\"article:modified_time\" content=\"2025-10-07T02:21:55+00:00\" \/>\n<meta property=\"og:image\" content=\"https:\/\/jinsuncarbon.com\/wp-content\/uploads\/2025\/01\/Carbon-rod-electrode.jpg\" \/>\n\t<meta property=\"og:image:width\" content=\"1024\" \/>\n\t<meta property=\"og:image:height\" content=\"763\" \/>\n\t<meta property=\"og:image:type\" content=\"image\/jpeg\" \/>\n<meta name=\"twitter:card\" content=\"summary_large_image\" \/>\n<meta name=\"twitter:site\" content=\"@jinsuncarbon_\" \/>\n<meta name=\"twitter:label1\" content=\"Dur\u00e9e de lecture estim\u00e9e\" \/>\n\t<meta name=\"twitter:data1\" content=\"3 minutes\" \/>\n<script type=\"application\/ld+json\" class=\"yoast-schema-graph\">{\"@context\":\"https:\/\/schema.org\",\"@graph\":[{\"@type\":\"WebPage\",\"@id\":\"https:\/\/jinsuncarbon.com\/product\/carbon-rod-electrode\/\",\"url\":\"https:\/\/jinsuncarbon.com\/product\/carbon-rod-electrode\/\",\"name\":\"Carbon Rod Electrode Manufacturer in China | Jinsun Carbon\",\"isPartOf\":{\"@id\":\"https:\/\/jinsuncarbon.com\/#website\"},\"primaryImageOfPage\":{\"@id\":\"https:\/\/jinsuncarbon.com\/product\/carbon-rod-electrode\/#primaryimage\"},\"image\":{\"@id\":\"https:\/\/jinsuncarbon.com\/product\/carbon-rod-electrode\/#primaryimage\"},\"thumbnailUrl\":\"https:\/\/jinsuncarbon.com\/wp-content\/uploads\/2025\/01\/Carbon-rod-electrode.jpg\",\"datePublished\":\"2025-01-25T14:52:45+00:00\",\"dateModified\":\"2025-10-07T02:21:55+00:00\",\"description\":\"Carbon electrodes for sale, The purity is as high as 99.99% and can be used in arc welding, fuel cells, electrolysis, electroplating and other industries.\",\"breadcrumb\":{\"@id\":\"https:\/\/jinsuncarbon.com\/product\/carbon-rod-electrode\/#breadcrumb\"},\"inLanguage\":\"fr-FR\",\"potentialAction\":[{\"@type\":\"ReadAction\",\"target\":[\"https:\/\/jinsuncarbon.com\/product\/carbon-rod-electrode\/\"]}]},{\"@type\":\"ImageObject\",\"inLanguage\":\"fr-FR\",\"@id\":\"https:\/\/jinsuncarbon.com\/product\/carbon-rod-electrode\/#primaryimage\",\"url\":\"https:\/\/jinsuncarbon.com\/wp-content\/uploads\/2025\/01\/Carbon-rod-electrode.jpg\",\"contentUrl\":\"https:\/\/jinsuncarbon.com\/wp-content\/uploads\/2025\/01\/Carbon-rod-electrode.jpg\",\"width\":1024,\"height\":763,\"caption\":\"Carbon rod electrode\"},{\"@type\":\"BreadcrumbList\",\"@id\":\"https:\/\/jinsuncarbon.com\/product\/carbon-rod-electrode\/#breadcrumb\",\"itemListElement\":[{\"@type\":\"ListItem\",\"position\":1,\"name\":\"Home\",\"item\":\"https:\/\/jinsuncarbon.com\/\"},{\"@type\":\"ListItem\",\"position\":2,\"name\":\"Products\",\"item\":\"https:\/\/jinsuncarbon.com\/graphite-carbon\/\"},{\"@type\":\"ListItem\",\"position\":3,\"name\":\"Carbon Rod Electrode\"}]},{\"@type\":\"WebSite\",\"@id\":\"https:\/\/jinsuncarbon.com\/#website\",\"url\":\"https:\/\/jinsuncarbon.com\/\",\"name\":\"Jinsun Carbon\",\"description\":\"We are the successful graphite electrode manufacturer in China\",\"publisher\":{\"@id\":\"https:\/\/jinsuncarbon.com\/#organization\"},\"potentialAction\":[{\"@type\":\"SearchAction\",\"target\":{\"@type\":\"EntryPoint\",\"urlTemplate\":\"https:\/\/jinsuncarbon.com\/?s={search_term_string}\"},\"query-input\":{\"@type\":\"PropertyValueSpecification\",\"valueRequired\":true,\"valueName\":\"search_term_string\"}}],\"inLanguage\":\"fr-FR\"},{\"@type\":\"Organization\",\"@id\":\"https:\/\/jinsuncarbon.com\/#organization\",\"name\":\"Jinsun Carbon\",\"alternateName\":\"Jinsun Carbon\",\"url\":\"https:\/\/jinsuncarbon.com\/\",\"logo\":{\"@type\":\"ImageObject\",\"inLanguage\":\"fr-FR\",\"@id\":\"https:\/\/jinsuncarbon.com\/#\/schema\/logo\/image\/\",\"url\":\"https:\/\/jinsuncarbon.com\/wp-content\/uploads\/2022\/12\/LOGO-1.png\",\"contentUrl\":\"https:\/\/jinsuncarbon.com\/wp-content\/uploads\/2022\/12\/LOGO-1.png\",\"width\":207,\"height\":80,\"caption\":\"Jinsun Carbon\"},\"image\":{\"@id\":\"https:\/\/jinsuncarbon.com\/#\/schema\/logo\/image\/\"},\"sameAs\":[\"https:\/\/www.facebook.com\/Graphite-Electrode-109336238661595\",\"https:\/\/x.com\/jinsuncarbon_\",\"https:\/\/www.linkedin.com\/in\/jinsungraphite\",\"https:\/\/www.youtube.com\/channel\/UCysDNyvyR5-3cCWEmpkVC0g\"]}]}<\/script>\n<!-- \/ Yoast SEO Premium plugin. -->","yoast_head_json":{"title":"Electrode de barre de carbone fabriqu\u00e9e en Chine | Jinsun Carbon","description":"\u00c9lectrodes de carbone \u00e0 vendre, La puret\u00e9 est aussi \u00e9lev\u00e9e que 99,99% et peut \u00eatre utilis\u00e9e dans le soudage \u00e0 l'arc, les piles \u00e0 combustible, l'\u00e9lectrolyse, l'\u00e9lectroplastie et d'autres industries.","robots":{"index":"index","follow":"follow","max-snippet":"max-snippet:-1","max-image-preview":"max-image-preview:large","max-video-preview":"max-video-preview:-1"},"canonical":"https:\/\/jinsuncarbon.com\/fr\/produit-2\/electrode-a-tige-de-carbone\/","og_locale":"fr_FR","og_type":"article","og_title":"Carbon Rod Electrode","og_description":"Carbon electrodes for sale, The purity is as high as 99.99% and can be used in arc welding, fuel cells, electrolysis, electroplating and other industries.","og_url":"https:\/\/jinsuncarbon.com\/fr\/produit-2\/electrode-a-tige-de-carbone\/","og_site_name":"Jinsun Carbon","article_publisher":"https:\/\/www.facebook.com\/Graphite-Electrode-109336238661595","article_modified_time":"2025-10-07T02:21:55+00:00","og_image":[{"width":1024,"height":763,"url":"https:\/\/jinsuncarbon.com\/wp-content\/uploads\/2025\/01\/Carbon-rod-electrode.jpg","type":"image\/jpeg"}],"twitter_card":"summary_large_image","twitter_site":"@jinsuncarbon_","twitter_misc":{"Dur\u00e9e de lecture estim\u00e9e":"3 minutes"},"schema":{"@context":"https:\/\/schema.org","@graph":[{"@type":"WebPage","@id":"https:\/\/jinsuncarbon.com\/product\/carbon-rod-electrode\/","url":"https:\/\/jinsuncarbon.com\/product\/carbon-rod-electrode\/","name":"Electrode de barre de carbone fabriqu\u00e9e en Chine | Jinsun Carbon","isPartOf":{"@id":"https:\/\/jinsuncarbon.com\/#website"},"primaryImageOfPage":{"@id":"https:\/\/jinsuncarbon.com\/product\/carbon-rod-electrode\/#primaryimage"},"image":{"@id":"https:\/\/jinsuncarbon.com\/product\/carbon-rod-electrode\/#primaryimage"},"thumbnailUrl":"https:\/\/jinsuncarbon.com\/wp-content\/uploads\/2025\/01\/Carbon-rod-electrode.jpg","datePublished":"2025-01-25T14:52:45+00:00","dateModified":"2025-10-07T02:21:55+00:00","description":"\u00c9lectrodes de carbone \u00e0 vendre, La puret\u00e9 est aussi \u00e9lev\u00e9e que 99,99% et peut \u00eatre utilis\u00e9e dans le soudage \u00e0 l'arc, les piles \u00e0 combustible, l'\u00e9lectrolyse, l'\u00e9lectroplastie et d'autres industries.","breadcrumb":{"@id":"https:\/\/jinsuncarbon.com\/product\/carbon-rod-electrode\/#breadcrumb"},"inLanguage":"fr-FR","potentialAction":[{"@type":"ReadAction","target":["https:\/\/jinsuncarbon.com\/product\/carbon-rod-electrode\/"]}]},{"@type":"ImageObject","inLanguage":"fr-FR","@id":"https:\/\/jinsuncarbon.com\/product\/carbon-rod-electrode\/#primaryimage","url":"https:\/\/jinsuncarbon.com\/wp-content\/uploads\/2025\/01\/Carbon-rod-electrode.jpg","contentUrl":"https:\/\/jinsuncarbon.com\/wp-content\/uploads\/2025\/01\/Carbon-rod-electrode.jpg","width":1024,"height":763,"caption":"Carbon rod electrode"},{"@type":"BreadcrumbList","@id":"https:\/\/jinsuncarbon.com\/product\/carbon-rod-electrode\/#breadcrumb","itemListElement":[{"@type":"ListItem","position":1,"name":"Home","item":"https:\/\/jinsuncarbon.com\/"},{"@type":"ListItem","position":2,"name":"Products","item":"https:\/\/jinsuncarbon.com\/graphite-carbon\/"},{"@type":"ListItem","position":3,"name":"Carbon Rod Electrode"}]},{"@type":"WebSite","@id":"https:\/\/jinsuncarbon.com\/#website","url":"https:\/\/jinsuncarbon.com\/","name":"Jinsun Carbon","description":"Nous sommes le fabricant d'\u00e9lectrodes en graphite le plus performant de Chine.","publisher":{"@id":"https:\/\/jinsuncarbon.com\/#organization"},"potentialAction":[{"@type":"SearchAction","target":{"@type":"EntryPoint","urlTemplate":"https:\/\/jinsuncarbon.com\/?s={search_term_string}"},"query-input":{"@type":"PropertyValueSpecification","valueRequired":true,"valueName":"search_term_string"}}],"inLanguage":"fr-FR"},{"@type":"Organization","@id":"https:\/\/jinsuncarbon.com\/#organization","name":"Jinsun Carbon","alternateName":"Jinsun Carbon","url":"https:\/\/jinsuncarbon.com\/","logo":{"@type":"ImageObject","inLanguage":"fr-FR","@id":"https:\/\/jinsuncarbon.com\/#\/schema\/logo\/image\/","url":"https:\/\/jinsuncarbon.com\/wp-content\/uploads\/2022\/12\/LOGO-1.png","contentUrl":"https:\/\/jinsuncarbon.com\/wp-content\/uploads\/2022\/12\/LOGO-1.png","width":207,"height":80,"caption":"Jinsun Carbon"},"image":{"@id":"https:\/\/jinsuncarbon.com\/#\/schema\/logo\/image\/"},"sameAs":["https:\/\/www.facebook.com\/Graphite-Electrode-109336238661595","https:\/\/x.com\/jinsuncarbon_","https:\/\/www.linkedin.com\/in\/jinsungraphite","https:\/\/www.youtube.com\/channel\/UCysDNyvyR5-3cCWEmpkVC0g"]}]}},"_links":{"self":[{"href":"https:\/\/jinsuncarbon.com\/fr\/wp-json\/wp\/v2\/product\/7441","targetHints":{"allow":["GET"]}}],"collection":[{"href":"https:\/\/jinsuncarbon.com\/fr\/wp-json\/wp\/v2\/product"}],"about":[{"href":"https:\/\/jinsuncarbon.com\/fr\/wp-json\/wp\/v2\/types\/product"}],"wp:featuredmedia":[{"embeddable":true,"href":"https:\/\/jinsuncarbon.com\/fr\/wp-json\/wp\/v2\/media\/7442"}],"wp:attachment":[{"href":"https:\/\/jinsuncarbon.com\/fr\/wp-json\/wp\/v2\/media?parent=7441"}],"wp:term":[{"taxonomy":"product_brand","embeddable":true,"href":"https:\/\/jinsuncarbon.com\/fr\/wp-json\/wp\/v2\/product_brand?post=7441"},{"taxonomy":"product_cat","embeddable":true,"href":"https:\/\/jinsuncarbon.com\/fr\/wp-json\/wp\/v2\/product_cat?post=7441"},{"taxonomy":"product_tag","embeddable":true,"href":"https:\/\/jinsuncarbon.com\/fr\/wp-json\/wp\/v2\/product_tag?post=7441"}],"curies":[{"name":"wp","href":"https:\/\/api.w.org\/{rel}","templated":true}]}}