{"id":7375,"date":"2025-01-18T12:58:06","date_gmt":"2025-01-18T12:58:06","guid":{"rendered":"https:\/\/jinsuncarbon.com\/?post_type=product&#038;p=7375"},"modified":"2025-01-18T13:25:02","modified_gmt":"2025-01-18T13:25:02","slug":"moule-de-frittage-du-graphite","status":"publish","type":"product","link":"https:\/\/jinsuncarbon.com\/fr\/produit-2\/moule-de-frittage-du-graphite\/","title":{"rendered":"Moule de frittage du graphite"},"content":{"rendered":"<h2 class=\"ql-align-justify\">Moules de frittage du graphite<\/h2>\n<p class=\"ql-align-justify\"><span data-type=\"2\" data-index=\"3\" data-gid=\"0\">Le moule de frittage en graphite se pr\u00e9sente principalement sous la forme d'une vari\u00e9t\u00e9 de formes adapt\u00e9es \u00e0 la pi\u00e8ce \u00e0 former.<\/span>\u00a0Il peut s'agir de formes sp\u00e9ciales complexes, de cylindres r\u00e9guliers, etc. Il pr\u00e9sente de nombreux avantages.<\/p>\n<p class=\"ql-align-justify\"><strong>R\u00e9sistance aux hautes temp\u00e9ratures<\/strong><\/p>\n<p class=\"ql-align-justify\">Il peut r\u00e9sister \u00e0 des temp\u00e9ratures extr\u00eamement \u00e9lev\u00e9es, et peut g\u00e9n\u00e9ralement fonctionner de mani\u00e8re stable \u00e0 1500\u00b0C ou m\u00eame \u00e0 des temp\u00e9ratures plus \u00e9lev\u00e9es. Il ne se d\u00e9forme pas et ne fond pas sous l'effet des temp\u00e9ratures \u00e9lev\u00e9es, ce qui le rend tr\u00e8s adapt\u00e9 au processus de frittage \u00e0 haute temp\u00e9rature.<\/p>\n<p class=\"ql-align-justify\"><strong>Stabilit\u00e9 chimique<\/strong><\/p>\n<p class=\"ql-align-justify\">Il est inerte \u00e0 la plupart des substances chimiques et ne r\u00e9agit pas chimiquement avec le mat\u00e9riau fritt\u00e9 pendant le processus de frittage. Il garantit la puret\u00e9 et la stabilit\u00e9 de la qualit\u00e9 du produit.<\/p>\n<p class=\"ql-align-justify\"><strong>Bonne conductivit\u00e9 thermique<\/strong><\/p>\n<p class=\"ql-align-justify\">Il peut transf\u00e9rer la chaleur rapidement et uniform\u00e9ment, de sorte que le mat\u00e9riau fritt\u00e9 est chauff\u00e9 de mani\u00e8re homog\u00e8ne. Il \u00e9vite efficacement les ph\u00e9nom\u00e8nes de surchauffe ou de sous-refroidissement locaux et am\u00e9liore l'homog\u00e9n\u00e9it\u00e9 de la qualit\u00e9 des produits fritt\u00e9s.<\/p>\n<p class=\"ql-align-justify\"><strong>Bonne usinabilit\u00e9<\/strong><\/p>\n<p class=\"ql-align-justify\">Il est facile \u00e0 traiter m\u00e9caniquement. Il peut \u00eatre transform\u00e9 en une vari\u00e9t\u00e9 de formes complexes selon diff\u00e9rentes exigences de conception, afin de r\u00e9pondre \u00e0 des besoins de production diversifi\u00e9s.<\/p>\n<p class=\"ql-align-justify\"><strong>Grande pr\u00e9cision dimensionnelle<\/strong><\/p>\n<p class=\"ql-align-justify\">La pr\u00e9cision dimensionnelle du moule de frittage en graphite trait\u00e9 est \u00e9lev\u00e9e. Cela permet de garantir la pr\u00e9cision dimensionnelle des produits fritt\u00e9s et de r\u00e9duire le taux de rebut.<\/p>\n<p class=\"ql-align-justify\"><strong>Longue dur\u00e9e de vie<\/strong><\/p>\n<p class=\"ql-align-justify\">Gr\u00e2ce \u00e0 ses performances stables et \u00e0 sa structure solide, il a une longue dur\u00e9e de vie dans des conditions d'utilisation normales, ce qui permet de r\u00e9duire les co\u00fbts de production.<\/p>\n<p>&nbsp;<\/p>\n<h2 class=\"ql-align-justify\">Utilisations des moules de frittage en graphite<\/h2>\n<p class=\"ql-align-justify\"><strong>Industrie de la m\u00e9tallurgie des poudres :<\/strong><\/p>\n<p class=\"ql-align-justify\">Vous pouvez utiliser <span data-type=\"2\" data-index=\"3\" data-gid=\"0\">moule de frittage du graphite <\/span>pour la fabrication de divers <a href=\"https:\/\/en.wikipedia.org\/wiki\/Powder_metallurgy\" target=\"_blank\" rel=\"noopener\">m\u00e9tallurgie des poudres<\/a> telles que les pi\u00e8ces m\u00e9caniques, les pi\u00e8ces automobiles, les pi\u00e8ces a\u00e9rospatiales, etc. <span class=\"\" data-type=\"2\" data-index=\"5\" data-gid=\"1\">En pla\u00e7ant des poudres m\u00e9talliques dans des moules de frittage en graphite et en les densifiant \u00e0 haute temp\u00e9rature, on obtient des produits ayant des formes, des dimensions et des propri\u00e9t\u00e9s m\u00e9caniques sp\u00e9cifiques.<\/span><\/p>\n<p>&nbsp;<\/p>\n<p class=\"ql-align-justify\"><strong>Fabrication de composants \u00e9lectroniques :<\/strong><\/p>\n<p class=\"ql-align-justify\">Vous pouvez l'utiliser pour fabriquer des substrats c\u00e9ramiques et des mat\u00e9riaux magn\u00e9tiques dans les composants \u00e9lectroniques. Dans le processus de production des composants \u00e9lectroniques, il peut garantir la pr\u00e9cision dimensionnelle et la stabilit\u00e9 des performances des produits. Il r\u00e9pond \u00e9galement aux exigences de l'industrie \u00e9lectronique en mati\u00e8re de produits de haute pr\u00e9cision.<\/p>\n<p>&nbsp;<\/p>\n<p class=\"ql-align-justify\"><strong><span data-type=\"2\" data-index=\"7\" data-gid=\"2\">Industrie de la fabrication de c\u00e9ramiques :<\/span><\/strong><\/p>\n<p class=\"ql-align-justify\"><span data-type=\"2\" data-index=\"9\" data-gid=\"2\">Les moules de frittage du graphite sont<\/span><strong>\u00a0<\/strong><span class=\"\" data-type=\"2\" data-index=\"11\" data-gid=\"2\">largement utilis\u00e9 pour le frittage de produits c\u00e9ramiques.<\/span>\u00a0Par exemple, avec une bonne conductivit\u00e9 thermique, il peut contr\u00f4ler avec pr\u00e9cision la microstructure, am\u00e9liorer l'isolation et la fiabilit\u00e9 \u00e9lectrique des substrats c\u00e9ramiques \u00e9lectroniques. Il peut aider les mat\u00e9riaux c\u00e9ramiques \u00e0 se densifier \u00e0 haute temp\u00e9rature et am\u00e9liorer la r\u00e9sistance et les performances des produits c\u00e9ramiques.<\/p>\n<p>&nbsp;<\/p>\n<p class=\"ql-align-justify\"><strong>Production de carbure c\u00e9ment\u00e9 :<\/strong><\/p>\n<p class=\"ql-align-justify\">Le moulage par frittage du carbure c\u00e9ment\u00e9 est indissociable du moulage par frittage du graphite. En frittant la poudre de carbure c\u00e9ment\u00e9 \u00e0 haute temp\u00e9rature dans le moule de frittage en graphite. <a href=\"https:\/\/jinsuncarbon.com\/fr\/produit-2\/moule-en-graphite\/\">moule<\/a>Les produits en carbure c\u00e9ment\u00e9 d'une grande duret\u00e9 et d'une grande r\u00e9sistance sont form\u00e9s. Ils peuvent \u00eatre largement utilis\u00e9s dans les outils de coupe, les outils miniers et d'autres domaines.<\/p>\n<p>&nbsp;<\/p>\n<p class=\"ql-align-justify\"><strong>Traitement d'autres mat\u00e9riaux \u00e0 haute temp\u00e9rature :<\/strong><\/p>\n<p class=\"ql-align-justify\">Il joue \u00e9galement un r\u00f4le important dans le d\u00e9veloppement et la production de nouveaux mat\u00e9riaux \u00e0 haute temp\u00e9rature. Il peut fournir des outils fiables pour le moulage et l'optimisation des performances de ces mat\u00e9riaux \u00e0 haute temp\u00e9rature.<\/p>\n<p>&nbsp;<\/p>\n<p><strong>Fabrication d'outils diamant\u00e9s<\/strong><\/p>\n<p>Les moules de frittage en graphite sont utilis\u00e9s dans le processus de fabrication des outils diamant\u00e9s. Ils sont des \u00e9l\u00e9ments chauffants et jouent \u00e9galement le r\u00f4le de support de moule. Les mat\u00e9riaux en graphite ont une faible porosit\u00e9, une structure dense et une forte r\u00e9sistance \u00e0 l'oxydation, ce qui garantit la pr\u00e9cision dimensionnelle et la forme des outils diamant\u00e9s.<\/p>","protected":false},"excerpt":{"rendered":"<p class=\"ql-align-justify\">Le moule de frittage en graphite est un type de moule soigneusement fabriqu\u00e9 en graphite de haute puret\u00e9. Gr\u00e2ce aux excellentes caract\u00e9ristiques du graphite, il pr\u00e9sente d'excellentes performances dans divers processus de frittage \u00e0 haute temp\u00e9rature. Il a un large \u00e9ventail d'applications, telles que la m\u00e9tallurgie des poudres, la cuisson de la c\u00e9ramique, la fabrication de composants \u00e9lectroniques et d'autres industries.<\/p>\n<p class=\"ql-align-justify\">Ce moule peut donner une forme pr\u00e9cise \u00e0 divers mat\u00e9riaux pour r\u00e9pondre aux besoins de haute pr\u00e9cision de diff\u00e9rentes productions industrielles. Il s'agit d'un \u00e9l\u00e9ment cl\u00e9 indispensable \u00e0 la fabrication industrielle moderne.<\/p>","protected":false},"featured_media":7376,"template":"","meta":[],"product_brand":[],"product_cat":[38],"product_tag":[],"class_list":{"0":"post-7375","1":"product","2":"type-product","3":"status-publish","4":"has-post-thumbnail","6":"product_cat-graphite-products","8":"first","9":"instock","10":"shipping-taxable","11":"product-type-simple"},"yoast_head":"<!-- This site is optimized with the Yoast SEO Premium plugin v19.2.1 (Yoast SEO v25.3) - https:\/\/yoast.com\/wordpress\/plugins\/seo\/ -->\n<title>Graphite Sintering Mold Manufacturer in China | Jinsun Carbon<\/title>\n<meta name=\"description\" content=\"Graphite Sintering Mold Manufacturer in China, custom graphite sintering molds are used in powder metallurgy, heat treatment, diamond tool manufacturing processes.\" \/>\n<meta name=\"robots\" content=\"index, follow, max-snippet:-1, max-image-preview:large, max-video-preview:-1\" \/>\n<link rel=\"canonical\" href=\"https:\/\/jinsuncarbon.com\/fr\/produit-2\/moule-de-frittage-du-graphite\/\" \/>\n<meta property=\"og:locale\" content=\"fr_FR\" \/>\n<meta property=\"og:type\" content=\"article\" \/>\n<meta property=\"og:title\" content=\"Graphite Sintering Mold\" \/>\n<meta property=\"og:description\" content=\"Graphite Sintering Mold Manufacturer in China, custom graphite sintering molds are used in powder metallurgy, heat treatment, diamond tool manufacturing processes.\" \/>\n<meta property=\"og:url\" content=\"https:\/\/jinsuncarbon.com\/fr\/produit-2\/moule-de-frittage-du-graphite\/\" \/>\n<meta property=\"og:site_name\" content=\"Jinsun Carbon\" \/>\n<meta property=\"article:publisher\" content=\"https:\/\/www.facebook.com\/Graphite-Electrode-109336238661595\" \/>\n<meta property=\"article:modified_time\" content=\"2025-01-18T13:25:02+00:00\" \/>\n<meta property=\"og:image\" content=\"https:\/\/jinsuncarbon.com\/wp-content\/uploads\/2025\/01\/Graphite-Sintering-Mold-.jpg\" \/>\n\t<meta property=\"og:image:width\" content=\"1024\" \/>\n\t<meta property=\"og:image:height\" content=\"763\" \/>\n\t<meta property=\"og:image:type\" content=\"image\/jpeg\" \/>\n<meta name=\"twitter:card\" content=\"summary_large_image\" \/>\n<meta name=\"twitter:site\" content=\"@jinsuncarbon_\" \/>\n<meta name=\"twitter:label1\" content=\"Dur\u00e9e de lecture estim\u00e9e\" \/>\n\t<meta name=\"twitter:data1\" content=\"3 minutes\" \/>\n<script type=\"application\/ld+json\" class=\"yoast-schema-graph\">{\"@context\":\"https:\/\/schema.org\",\"@graph\":[{\"@type\":\"WebPage\",\"@id\":\"https:\/\/jinsuncarbon.com\/product\/graphite-sintering-mold\/\",\"url\":\"https:\/\/jinsuncarbon.com\/product\/graphite-sintering-mold\/\",\"name\":\"Graphite Sintering Mold Manufacturer in China | Jinsun Carbon\",\"isPartOf\":{\"@id\":\"https:\/\/jinsuncarbon.com\/#website\"},\"primaryImageOfPage\":{\"@id\":\"https:\/\/jinsuncarbon.com\/product\/graphite-sintering-mold\/#primaryimage\"},\"image\":{\"@id\":\"https:\/\/jinsuncarbon.com\/product\/graphite-sintering-mold\/#primaryimage\"},\"thumbnailUrl\":\"https:\/\/jinsuncarbon.com\/wp-content\/uploads\/2025\/01\/Graphite-Sintering-Mold-.jpg\",\"datePublished\":\"2025-01-18T12:58:06+00:00\",\"dateModified\":\"2025-01-18T13:25:02+00:00\",\"description\":\"Graphite Sintering Mold Manufacturer in China, custom graphite sintering molds are used in powder metallurgy, heat treatment, diamond tool manufacturing processes.\",\"breadcrumb\":{\"@id\":\"https:\/\/jinsuncarbon.com\/product\/graphite-sintering-mold\/#breadcrumb\"},\"inLanguage\":\"fr-FR\",\"potentialAction\":[{\"@type\":\"ReadAction\",\"target\":[\"https:\/\/jinsuncarbon.com\/product\/graphite-sintering-mold\/\"]}]},{\"@type\":\"ImageObject\",\"inLanguage\":\"fr-FR\",\"@id\":\"https:\/\/jinsuncarbon.com\/product\/graphite-sintering-mold\/#primaryimage\",\"url\":\"https:\/\/jinsuncarbon.com\/wp-content\/uploads\/2025\/01\/Graphite-Sintering-Mold-.jpg\",\"contentUrl\":\"https:\/\/jinsuncarbon.com\/wp-content\/uploads\/2025\/01\/Graphite-Sintering-Mold-.jpg\",\"width\":1024,\"height\":763,\"caption\":\"Graphite Sintering Mold\"},{\"@type\":\"BreadcrumbList\",\"@id\":\"https:\/\/jinsuncarbon.com\/product\/graphite-sintering-mold\/#breadcrumb\",\"itemListElement\":[{\"@type\":\"ListItem\",\"position\":1,\"name\":\"Home\",\"item\":\"https:\/\/jinsuncarbon.com\/\"},{\"@type\":\"ListItem\",\"position\":2,\"name\":\"Products\",\"item\":\"https:\/\/jinsuncarbon.com\/graphite-carbon\/\"},{\"@type\":\"ListItem\",\"position\":3,\"name\":\"Graphite Sintering Mold\"}]},{\"@type\":\"WebSite\",\"@id\":\"https:\/\/jinsuncarbon.com\/#website\",\"url\":\"https:\/\/jinsuncarbon.com\/\",\"name\":\"Jinsun Carbon\",\"description\":\"We are the successful graphite electrode manufacturer in China\",\"publisher\":{\"@id\":\"https:\/\/jinsuncarbon.com\/#organization\"},\"potentialAction\":[{\"@type\":\"SearchAction\",\"target\":{\"@type\":\"EntryPoint\",\"urlTemplate\":\"https:\/\/jinsuncarbon.com\/?s={search_term_string}\"},\"query-input\":{\"@type\":\"PropertyValueSpecification\",\"valueRequired\":true,\"valueName\":\"search_term_string\"}}],\"inLanguage\":\"fr-FR\"},{\"@type\":\"Organization\",\"@id\":\"https:\/\/jinsuncarbon.com\/#organization\",\"name\":\"Jinsun Carbon\",\"alternateName\":\"Jinsun Carbon\",\"url\":\"https:\/\/jinsuncarbon.com\/\",\"logo\":{\"@type\":\"ImageObject\",\"inLanguage\":\"fr-FR\",\"@id\":\"https:\/\/jinsuncarbon.com\/#\/schema\/logo\/image\/\",\"url\":\"https:\/\/jinsuncarbon.com\/wp-content\/uploads\/2022\/12\/LOGO-1.png\",\"contentUrl\":\"https:\/\/jinsuncarbon.com\/wp-content\/uploads\/2022\/12\/LOGO-1.png\",\"width\":207,\"height\":80,\"caption\":\"Jinsun Carbon\"},\"image\":{\"@id\":\"https:\/\/jinsuncarbon.com\/#\/schema\/logo\/image\/\"},\"sameAs\":[\"https:\/\/www.facebook.com\/Graphite-Electrode-109336238661595\",\"https:\/\/x.com\/jinsuncarbon_\",\"https:\/\/www.linkedin.com\/in\/jinsungraphite\",\"https:\/\/www.youtube.com\/channel\/UCysDNyvyR5-3cCWEmpkVC0g\"]}]}<\/script>\n<!-- \/ Yoast SEO Premium plugin. -->","yoast_head_json":{"title":"Fabricant de moules de frittage de graphite en Chine | Jinsun Carbon","description":"Fabricant chinois de moules de frittage du graphite, les moules de frittage du graphite sur mesure sont utilis\u00e9s dans la m\u00e9tallurgie des poudres, le traitement thermique et les processus de fabrication d'outils en diamant.","robots":{"index":"index","follow":"follow","max-snippet":"max-snippet:-1","max-image-preview":"max-image-preview:large","max-video-preview":"max-video-preview:-1"},"canonical":"https:\/\/jinsuncarbon.com\/fr\/produit-2\/moule-de-frittage-du-graphite\/","og_locale":"fr_FR","og_type":"article","og_title":"Graphite Sintering Mold","og_description":"Graphite Sintering Mold Manufacturer in China, custom graphite sintering molds are used in powder metallurgy, heat treatment, diamond tool manufacturing processes.","og_url":"https:\/\/jinsuncarbon.com\/fr\/produit-2\/moule-de-frittage-du-graphite\/","og_site_name":"Jinsun Carbon","article_publisher":"https:\/\/www.facebook.com\/Graphite-Electrode-109336238661595","article_modified_time":"2025-01-18T13:25:02+00:00","og_image":[{"width":1024,"height":763,"url":"https:\/\/jinsuncarbon.com\/wp-content\/uploads\/2025\/01\/Graphite-Sintering-Mold-.jpg","type":"image\/jpeg"}],"twitter_card":"summary_large_image","twitter_site":"@jinsuncarbon_","twitter_misc":{"Dur\u00e9e de lecture estim\u00e9e":"3 minutes"},"schema":{"@context":"https:\/\/schema.org","@graph":[{"@type":"WebPage","@id":"https:\/\/jinsuncarbon.com\/product\/graphite-sintering-mold\/","url":"https:\/\/jinsuncarbon.com\/product\/graphite-sintering-mold\/","name":"Fabricant de moules de frittage de graphite en Chine | Jinsun Carbon","isPartOf":{"@id":"https:\/\/jinsuncarbon.com\/#website"},"primaryImageOfPage":{"@id":"https:\/\/jinsuncarbon.com\/product\/graphite-sintering-mold\/#primaryimage"},"image":{"@id":"https:\/\/jinsuncarbon.com\/product\/graphite-sintering-mold\/#primaryimage"},"thumbnailUrl":"https:\/\/jinsuncarbon.com\/wp-content\/uploads\/2025\/01\/Graphite-Sintering-Mold-.jpg","datePublished":"2025-01-18T12:58:06+00:00","dateModified":"2025-01-18T13:25:02+00:00","description":"Fabricant chinois de moules de frittage du graphite, les moules de frittage du graphite sur mesure sont utilis\u00e9s dans la m\u00e9tallurgie des poudres, le traitement thermique et les processus de fabrication d'outils en diamant.","breadcrumb":{"@id":"https:\/\/jinsuncarbon.com\/product\/graphite-sintering-mold\/#breadcrumb"},"inLanguage":"fr-FR","potentialAction":[{"@type":"ReadAction","target":["https:\/\/jinsuncarbon.com\/product\/graphite-sintering-mold\/"]}]},{"@type":"ImageObject","inLanguage":"fr-FR","@id":"https:\/\/jinsuncarbon.com\/product\/graphite-sintering-mold\/#primaryimage","url":"https:\/\/jinsuncarbon.com\/wp-content\/uploads\/2025\/01\/Graphite-Sintering-Mold-.jpg","contentUrl":"https:\/\/jinsuncarbon.com\/wp-content\/uploads\/2025\/01\/Graphite-Sintering-Mold-.jpg","width":1024,"height":763,"caption":"Graphite Sintering Mold"},{"@type":"BreadcrumbList","@id":"https:\/\/jinsuncarbon.com\/product\/graphite-sintering-mold\/#breadcrumb","itemListElement":[{"@type":"ListItem","position":1,"name":"Home","item":"https:\/\/jinsuncarbon.com\/"},{"@type":"ListItem","position":2,"name":"Products","item":"https:\/\/jinsuncarbon.com\/graphite-carbon\/"},{"@type":"ListItem","position":3,"name":"Graphite Sintering Mold"}]},{"@type":"WebSite","@id":"https:\/\/jinsuncarbon.com\/#website","url":"https:\/\/jinsuncarbon.com\/","name":"Jinsun Carbon","description":"Nous sommes le fabricant d'\u00e9lectrodes en graphite le plus performant de Chine.","publisher":{"@id":"https:\/\/jinsuncarbon.com\/#organization"},"potentialAction":[{"@type":"SearchAction","target":{"@type":"EntryPoint","urlTemplate":"https:\/\/jinsuncarbon.com\/?s={search_term_string}"},"query-input":{"@type":"PropertyValueSpecification","valueRequired":true,"valueName":"search_term_string"}}],"inLanguage":"fr-FR"},{"@type":"Organization","@id":"https:\/\/jinsuncarbon.com\/#organization","name":"Jinsun Carbon","alternateName":"Jinsun Carbon","url":"https:\/\/jinsuncarbon.com\/","logo":{"@type":"ImageObject","inLanguage":"fr-FR","@id":"https:\/\/jinsuncarbon.com\/#\/schema\/logo\/image\/","url":"https:\/\/jinsuncarbon.com\/wp-content\/uploads\/2022\/12\/LOGO-1.png","contentUrl":"https:\/\/jinsuncarbon.com\/wp-content\/uploads\/2022\/12\/LOGO-1.png","width":207,"height":80,"caption":"Jinsun Carbon"},"image":{"@id":"https:\/\/jinsuncarbon.com\/#\/schema\/logo\/image\/"},"sameAs":["https:\/\/www.facebook.com\/Graphite-Electrode-109336238661595","https:\/\/x.com\/jinsuncarbon_","https:\/\/www.linkedin.com\/in\/jinsungraphite","https:\/\/www.youtube.com\/channel\/UCysDNyvyR5-3cCWEmpkVC0g"]}]}},"_links":{"self":[{"href":"https:\/\/jinsuncarbon.com\/fr\/wp-json\/wp\/v2\/product\/7375","targetHints":{"allow":["GET"]}}],"collection":[{"href":"https:\/\/jinsuncarbon.com\/fr\/wp-json\/wp\/v2\/product"}],"about":[{"href":"https:\/\/jinsuncarbon.com\/fr\/wp-json\/wp\/v2\/types\/product"}],"wp:featuredmedia":[{"embeddable":true,"href":"https:\/\/jinsuncarbon.com\/fr\/wp-json\/wp\/v2\/media\/7376"}],"wp:attachment":[{"href":"https:\/\/jinsuncarbon.com\/fr\/wp-json\/wp\/v2\/media?parent=7375"}],"wp:term":[{"taxonomy":"product_brand","embeddable":true,"href":"https:\/\/jinsuncarbon.com\/fr\/wp-json\/wp\/v2\/product_brand?post=7375"},{"taxonomy":"product_cat","embeddable":true,"href":"https:\/\/jinsuncarbon.com\/fr\/wp-json\/wp\/v2\/product_cat?post=7375"},{"taxonomy":"product_tag","embeddable":true,"href":"https:\/\/jinsuncarbon.com\/fr\/wp-json\/wp\/v2\/product_tag?post=7375"}],"curies":[{"name":"wp","href":"https:\/\/api.w.org\/{rel}","templated":true}]}}