{"id":7374,"date":"2025-01-23T15:01:34","date_gmt":"2025-01-23T15:01:34","guid":{"rendered":"https:\/\/jinsuncarbon.com\/?post_type=product&#038;p=7374"},"modified":"2025-03-24T05:01:59","modified_gmt":"2025-03-24T05:01:59","slug":"sagaie-en-graphite","status":"publish","type":"product","link":"https:\/\/jinsuncarbon.com\/fr\/produit-2\/sagaie-en-graphite\/","title":{"rendered":"Poignard en graphite"},"content":{"rendered":"<h2>Avantages du sagger en graphite<\/h2>\n<h3>R\u00e9sistance aux temp\u00e9ratures \u00e9lev\u00e9es<\/h3>\n<p>L'une des qualit\u00e9s les plus remarquables du graphite est probablement sa capacit\u00e9 \u00e0 supporter des temp\u00e9ratures extr\u00eames. Le graphite peut supporter des temp\u00e9ratures allant jusqu'\u00e0 3000\u00b0C (5432\u00b0F) sans compromettre sa robustesse ou sa solidit\u00e9. Ils conviennent donc \u00e0 des applications de haute performance telles que le chauffage et la fusion ou le frittage de mat\u00e9riaux \u00e0 des temp\u00e9ratures extr\u00eamement \u00e9lev\u00e9es. Le graphite conserve sa forme dans des circonstances similaires, l\u00e0 o\u00f9 d'autres mat\u00e9riaux peuvent se briser ou se d\u00e9former. Vous pouvez donc toujours avoir confiance dans la s\u00e9curit\u00e9 et l'uniformit\u00e9 de vos processus.<\/p>\n<h3>R\u00e9sistance chimique<\/h3>\n<p>Le graphite est chimiquement inactif, c'est-\u00e0-dire qu'il ne r\u00e9agit pas avec les principaux produits chimiques. Cette qualit\u00e9 est particuli\u00e8rement utile dans les industries o\u00f9 les substances sont confront\u00e9es \u00e0 des produits chimiques agressifs, \u00e0 des m\u00e9taux en fusion ou \u00e0 des gaz. Par exemple, le graphite ne r\u00e9agit pas avec le m\u00e9tal en fusion ou d'autres \u00e9l\u00e9ments lors de la coul\u00e9e du m\u00e9tal, ce qui le prot\u00e8ge de toute souillure. La capacit\u00e9 \u00e0 r\u00e9sister aux r\u00e9actions chimiques signifie que la composition interne de la fl\u00e8che reste intacte et qu'il n'y a pas de r\u00e9actions secondaires susceptibles de d\u00e9grader les qualit\u00e9s de vos produits.<\/p>\n<h3>Surface antiadh\u00e9sive<\/h3>\n<p>Les sagaies en graphite ont \u00e9galement une surface antiadh\u00e9sive. Contrairement \u00e0 d'autres mat\u00e9riaux, les objets plac\u00e9s dans la sagaie en graphite ne collent pas \u00e0 sa surface. Cela minimise le risque de contamination du mat\u00e9riau et facilite le retrait de la sagaie une fois le traitement termin\u00e9. Ceci est d'autant plus avantageux pour les industries telles que la c\u00e9ramique ou la m\u00e9tallurgie, dans lesquelles la propret\u00e9 et la facilit\u00e9 de manipulation sont essentielles.<\/p>\n<h3>Durabilit\u00e9<\/h3>\n<p>Le graphite est donc un mat\u00e9riau tr\u00e8s durable et les saggers en graphite ont une longue dur\u00e9e de vie et ne s'usent pas facilement. R\u00e9utilisables \u00e0 de nombreuses reprises, ils ne perdent pas leur efficacit\u00e9, devenant ainsi une solution rentable au fil du temps. Vous pouvez faire confiance aux saggers en graphite pour tenir dans le temps et minimiser les remplacements puisqu'ils sont capables de supporter les contraintes de temp\u00e9ratures \u00e9lev\u00e9es et d'environnements difficiles.<\/p>\n<h3>Conductivit\u00e9 thermique<\/h3>\n<p><a href=\"https:\/\/jinsuncarbon.com\/fr\/produit-2\/graphite-synthetique\/\">Graphite<\/a> est un conducteur thermique qui assure une distribution homog\u00e8ne de la chaleur \u00e0 la surface de la fl\u00e8che. Cela permet de familiariser les mat\u00e9riaux internes avec une temp\u00e9rature uniforme, ce qui est essentiel pour les processus tels que le frittage, la cuisson ou la production d'alliages. Le processus est ainsi plus efficace et les produits fabriqu\u00e9s sont de meilleure qualit\u00e9.<\/p>\n<h2>Utilisations des saggers en graphite<\/h2>\n<h3>Frittage du mat\u00e9riau de la cathode de lithium<\/h3>\n<p>Un autre domaine de d\u00e9veloppement important pour les agglom\u00e9rants en graphite est le frittage des mat\u00e9riaux de cathode de lithium dans la fabrication des cellules lithium-ion. Frittage : le processus de fabrication de la structure finale du mat\u00e9riau de la cathode par l'assemblage des particules \u00e0 des temp\u00e9ratures tr\u00e8s \u00e9lev\u00e9es. Ce processus n\u00e9cessite normalement le frittage du mat\u00e9riau de la cathode. <a href=\"https:\/\/en.wikipedia.org\/wiki\/Cathode\" target=\"_blank\" rel=\"noopener\">cathode<\/a> Le mat\u00e9riau de base des piles au lithium-ion est le graphite, qui assure la r\u00e9tention de la chaleur et la stabilit\u00e9 chimique n\u00e9cessaires, sans autre forme de contamination. Les saggers en graphite sont utilis\u00e9s pour fabriquer des composants de haute performance pour les batteries lithium-ion, qui sont essentielles pour plusieurs secteurs tels que les v\u00e9hicules \u00e9lectriques et le stockage des \u00e9nergies renouvelables.<\/p>\n<h3>M\u00e9tallurgie - coul\u00e9e et moulage<\/h3>\n<p>Dans l'industrie m\u00e9tallurgique, les saggers en graphite sont l'un des composants les plus importants. Elles sont utilis\u00e9es pour le traitement thermique des alliages m\u00e9talliques et la protection des fours afin de fabriquer des m\u00e9taux et des alliages de haute qualit\u00e9. Elles garantissent que le m\u00e9tal est chauff\u00e9 uniform\u00e9ment et que le processus reste contr\u00f4l\u00e9, ce qui est important pour d\u00e9velopper les propri\u00e9t\u00e9s requises du produit final. De la coul\u00e9e au forgeage en passant par l'alliage, les saggers en graphite offrent la fiabilit\u00e9 requise pour les travaux dans les domaines suivants <a href=\"https:\/\/en.wikipedia.org\/wiki\/Metallurgy\" target=\"_blank\" rel=\"noopener\">m\u00e9tallurgie<\/a>.<\/p>\n<h3>Fusion de m\u00e9taux pr\u00e9cieux et rares :<\/h3>\n<p>Dans le processus de fusion des m\u00e9taux pr\u00e9cieux tels que l'or, l'argent, le platine et les m\u00e9taux rares tels que le tungst\u00e8ne, le molybd\u00e8ne et le tantale, les baguettes en graphite peuvent r\u00e9sister \u00e0 l'\u00e9rosion due aux temp\u00e9ratures \u00e9lev\u00e9es et aux gaz corrosifs afin d'assurer le bon d\u00e9roulement du processus de fusion.<\/p>\n<h3>\u00c9lectronique<\/h3>\n<p>En outre, les saggers en graphite sont \u00e9galement utilis\u00e9s dans l'industrie \u00e9lectronique pour les processus \u00e0 haute temp\u00e9rature. Plusieurs composants \u00e9lectroniques tels que les semi-conducteurs, les condensateurs et les r\u00e9sistances d\u00e9pendent du processus de production pour garantir qu'ils sont chauff\u00e9s aux bonnes temp\u00e9ratures. La conception unique des flacons en graphite permet de contr\u00f4ler l'atmosph\u00e8re, d'\u00e9viter la contamination des composants sensibles et de pr\u00e9server leur int\u00e9grit\u00e9. Outre sa stabilit\u00e9 chimique, le graphite agit \u00e9galement comme une barri\u00e8re contre les r\u00e9actions ind\u00e9sirables entre la soudure, les produits chimiques et les m\u00e9taux dans le cadre du processus de fabrication \u00e9lectronique.<\/p>\n<h3>Production de verre<\/h3>\n<p>Les saggers en graphite sont essentiels pour la production de verre, car ils prot\u00e8gent les produits verriers pendant les processus de fusion et de fa\u00e7onnage. <a href=\"https:\/\/jinsuncarbon.com\/fr\/proprietes-du-graphite\/\">Graphite<\/a>La r\u00e9sistance \u00e0 la chaleur du verre, ainsi que sa surface non r\u00e9active, le rendent \u00e9galement parfait pour les fours o\u00f9 le verre est prot\u00e9g\u00e9 contre la contamination. Le sagger maintient la temp\u00e9rature du verre stable, ce qui lui permet de fondre uniform\u00e9ment et de minimiser les d\u00e9fauts tels que les bulles, les d\u00e9colorations ou les irr\u00e9gularit\u00e9s de texture.<\/p>\n<p>&nbsp;<\/p>\n<p class=\"ql-align-justify\">","protected":false},"excerpt":{"rendered":"<p>Le sager en graphite est un conteneur haute temp\u00e9rature fabriqu\u00e9 en graphite et con\u00e7u pour r\u00e9sister \u00e0 des temp\u00e9ratures allant jusqu'\u00e0 800-1200 \u2103. Sa fonction premi\u00e8re est de prot\u00e9ger les mat\u00e9riaux d'une exposition directe \u00e0 une chaleur \u00e9lev\u00e9e ou \u00e0 des \u00e9l\u00e9ments corrosifs (frittage ou coul\u00e9e de m\u00e9tal, par exemple). Son but est de fournir un support structurel tout en aidant \u00e0 cr\u00e9er un environnement stable pour les mat\u00e9riaux \u00e0 l'int\u00e9rieur, en \u00e9vitant les dommages et en permettant un chauffage plus uniforme.<\/p>\n<p>Le graphite est un bon mat\u00e9riau pour ce type de produit en raison de ses propri\u00e9t\u00e9s particuli\u00e8res, notamment sa grande r\u00e9sistance \u00e0 la chaleur et sa stabilit\u00e9 chimique. Le flocon de graphite joue un r\u00f4le important dans l'\u00e9tape de frittage \u00e0 haute temp\u00e9rature lors de la production de phosphate de fer lithi\u00e9 (LFP). Il est parfait pour les applications soumises \u00e0 une chaleur \u00e9lev\u00e9e ou \u00e0 des r\u00e9actions chimiques agressives.<\/p>","protected":false},"featured_media":7410,"template":"","meta":[],"product_brand":[],"product_cat":[38],"product_tag":[],"class_list":{"0":"post-7374","1":"product","2":"type-product","3":"status-publish","4":"has-post-thumbnail","6":"product_cat-graphite-products","8":"first","9":"instock","10":"shipping-taxable","11":"product-type-simple"},"yoast_head":"<!-- This site is optimized with the Yoast SEO Premium plugin v19.2.1 (Yoast SEO v25.3) - https:\/\/yoast.com\/wordpress\/plugins\/seo\/ -->\n<title>Graphite Sagger Manufacturer in China | Jinsun Carbon<\/title>\n<meta name=\"description\" content=\"Graphite sagger is used for sintering, casting, and molding in high-temperature applications. It often used in the production of lithium batteries.\" \/>\n<meta name=\"robots\" content=\"index, follow, max-snippet:-1, max-image-preview:large, max-video-preview:-1\" \/>\n<link rel=\"canonical\" href=\"https:\/\/jinsuncarbon.com\/fr\/produit-2\/sagaie-en-graphite\/\" \/>\n<meta property=\"og:locale\" content=\"fr_FR\" \/>\n<meta property=\"og:type\" content=\"article\" \/>\n<meta property=\"og:title\" content=\"Graphite Sagger\" \/>\n<meta property=\"og:description\" content=\"Graphite sagger is used for sintering, casting, and molding in high-temperature applications. It often used in the production of lithium batteries.\" \/>\n<meta property=\"og:url\" content=\"https:\/\/jinsuncarbon.com\/fr\/produit-2\/sagaie-en-graphite\/\" \/>\n<meta property=\"og:site_name\" content=\"Jinsun Carbon\" \/>\n<meta property=\"article:publisher\" content=\"https:\/\/www.facebook.com\/Graphite-Electrode-109336238661595\" \/>\n<meta property=\"article:modified_time\" content=\"2025-03-24T05:01:59+00:00\" \/>\n<meta property=\"og:image\" content=\"https:\/\/jinsuncarbon.com\/wp-content\/uploads\/2025\/01\/Graphite-sagger.jpg\" \/>\n\t<meta property=\"og:image:width\" content=\"1024\" \/>\n\t<meta property=\"og:image:height\" content=\"763\" \/>\n\t<meta property=\"og:image:type\" content=\"image\/jpeg\" \/>\n<meta name=\"twitter:card\" content=\"summary_large_image\" \/>\n<meta name=\"twitter:site\" content=\"@jinsuncarbon_\" \/>\n<meta name=\"twitter:label1\" content=\"Dur\u00e9e de lecture estim\u00e9e\" \/>\n\t<meta name=\"twitter:data1\" content=\"4 minutes\" \/>\n<script type=\"application\/ld+json\" class=\"yoast-schema-graph\">{\"@context\":\"https:\/\/schema.org\",\"@graph\":[{\"@type\":\"WebPage\",\"@id\":\"https:\/\/jinsuncarbon.com\/product\/graphite-sagger\/\",\"url\":\"https:\/\/jinsuncarbon.com\/product\/graphite-sagger\/\",\"name\":\"Graphite Sagger Manufacturer in China | Jinsun Carbon\",\"isPartOf\":{\"@id\":\"https:\/\/jinsuncarbon.com\/#website\"},\"primaryImageOfPage\":{\"@id\":\"https:\/\/jinsuncarbon.com\/product\/graphite-sagger\/#primaryimage\"},\"image\":{\"@id\":\"https:\/\/jinsuncarbon.com\/product\/graphite-sagger\/#primaryimage\"},\"thumbnailUrl\":\"https:\/\/jinsuncarbon.com\/wp-content\/uploads\/2025\/01\/Graphite-sagger.jpg\",\"datePublished\":\"2025-01-23T15:01:34+00:00\",\"dateModified\":\"2025-03-24T05:01:59+00:00\",\"description\":\"Graphite sagger is used for sintering, casting, and molding in high-temperature applications. It often used in the production of lithium batteries.\",\"breadcrumb\":{\"@id\":\"https:\/\/jinsuncarbon.com\/product\/graphite-sagger\/#breadcrumb\"},\"inLanguage\":\"fr-FR\",\"potentialAction\":[{\"@type\":\"ReadAction\",\"target\":[\"https:\/\/jinsuncarbon.com\/product\/graphite-sagger\/\"]}]},{\"@type\":\"ImageObject\",\"inLanguage\":\"fr-FR\",\"@id\":\"https:\/\/jinsuncarbon.com\/product\/graphite-sagger\/#primaryimage\",\"url\":\"https:\/\/jinsuncarbon.com\/wp-content\/uploads\/2025\/01\/Graphite-sagger.jpg\",\"contentUrl\":\"https:\/\/jinsuncarbon.com\/wp-content\/uploads\/2025\/01\/Graphite-sagger.jpg\",\"width\":1024,\"height\":763,\"caption\":\"Graphite sagger\"},{\"@type\":\"BreadcrumbList\",\"@id\":\"https:\/\/jinsuncarbon.com\/product\/graphite-sagger\/#breadcrumb\",\"itemListElement\":[{\"@type\":\"ListItem\",\"position\":1,\"name\":\"Home\",\"item\":\"https:\/\/jinsuncarbon.com\/\"},{\"@type\":\"ListItem\",\"position\":2,\"name\":\"Products\",\"item\":\"https:\/\/jinsuncarbon.com\/graphite-carbon\/\"},{\"@type\":\"ListItem\",\"position\":3,\"name\":\"Graphite Sagger\"}]},{\"@type\":\"WebSite\",\"@id\":\"https:\/\/jinsuncarbon.com\/#website\",\"url\":\"https:\/\/jinsuncarbon.com\/\",\"name\":\"Jinsun Carbon\",\"description\":\"We are the successful graphite electrode manufacturer in China\",\"publisher\":{\"@id\":\"https:\/\/jinsuncarbon.com\/#organization\"},\"potentialAction\":[{\"@type\":\"SearchAction\",\"target\":{\"@type\":\"EntryPoint\",\"urlTemplate\":\"https:\/\/jinsuncarbon.com\/?s={search_term_string}\"},\"query-input\":{\"@type\":\"PropertyValueSpecification\",\"valueRequired\":true,\"valueName\":\"search_term_string\"}}],\"inLanguage\":\"fr-FR\"},{\"@type\":\"Organization\",\"@id\":\"https:\/\/jinsuncarbon.com\/#organization\",\"name\":\"Jinsun Carbon\",\"alternateName\":\"Jinsun Carbon\",\"url\":\"https:\/\/jinsuncarbon.com\/\",\"logo\":{\"@type\":\"ImageObject\",\"inLanguage\":\"fr-FR\",\"@id\":\"https:\/\/jinsuncarbon.com\/#\/schema\/logo\/image\/\",\"url\":\"https:\/\/jinsuncarbon.com\/wp-content\/uploads\/2022\/12\/LOGO-1.png\",\"contentUrl\":\"https:\/\/jinsuncarbon.com\/wp-content\/uploads\/2022\/12\/LOGO-1.png\",\"width\":207,\"height\":80,\"caption\":\"Jinsun Carbon\"},\"image\":{\"@id\":\"https:\/\/jinsuncarbon.com\/#\/schema\/logo\/image\/\"},\"sameAs\":[\"https:\/\/www.facebook.com\/Graphite-Electrode-109336238661595\",\"https:\/\/x.com\/jinsuncarbon_\",\"https:\/\/www.linkedin.com\/in\/jinsungraphite\",\"https:\/\/www.youtube.com\/channel\/UCysDNyvyR5-3cCWEmpkVC0g\"]}]}<\/script>\n<!-- \/ Yoast SEO Premium plugin. -->","yoast_head_json":{"title":"Fabricant d'agrafes en graphite en Chine | Jinsun Carbon","description":"La sagaie de graphite est utilis\u00e9e pour le frittage, la coul\u00e9e et le moulage dans des applications \u00e0 haute temp\u00e9rature. Il est souvent utilis\u00e9 dans la production de batteries au lithium.","robots":{"index":"index","follow":"follow","max-snippet":"max-snippet:-1","max-image-preview":"max-image-preview:large","max-video-preview":"max-video-preview:-1"},"canonical":"https:\/\/jinsuncarbon.com\/fr\/produit-2\/sagaie-en-graphite\/","og_locale":"fr_FR","og_type":"article","og_title":"Graphite Sagger","og_description":"Graphite sagger is used for sintering, casting, and molding in high-temperature applications. It often used in the production of lithium batteries.","og_url":"https:\/\/jinsuncarbon.com\/fr\/produit-2\/sagaie-en-graphite\/","og_site_name":"Jinsun Carbon","article_publisher":"https:\/\/www.facebook.com\/Graphite-Electrode-109336238661595","article_modified_time":"2025-03-24T05:01:59+00:00","og_image":[{"width":1024,"height":763,"url":"https:\/\/jinsuncarbon.com\/wp-content\/uploads\/2025\/01\/Graphite-sagger.jpg","type":"image\/jpeg"}],"twitter_card":"summary_large_image","twitter_site":"@jinsuncarbon_","twitter_misc":{"Dur\u00e9e de lecture estim\u00e9e":"4 minutes"},"schema":{"@context":"https:\/\/schema.org","@graph":[{"@type":"WebPage","@id":"https:\/\/jinsuncarbon.com\/product\/graphite-sagger\/","url":"https:\/\/jinsuncarbon.com\/product\/graphite-sagger\/","name":"Fabricant d'agrafes en graphite en Chine | Jinsun Carbon","isPartOf":{"@id":"https:\/\/jinsuncarbon.com\/#website"},"primaryImageOfPage":{"@id":"https:\/\/jinsuncarbon.com\/product\/graphite-sagger\/#primaryimage"},"image":{"@id":"https:\/\/jinsuncarbon.com\/product\/graphite-sagger\/#primaryimage"},"thumbnailUrl":"https:\/\/jinsuncarbon.com\/wp-content\/uploads\/2025\/01\/Graphite-sagger.jpg","datePublished":"2025-01-23T15:01:34+00:00","dateModified":"2025-03-24T05:01:59+00:00","description":"La sagaie de graphite est utilis\u00e9e pour le frittage, la coul\u00e9e et le moulage dans des applications \u00e0 haute temp\u00e9rature. Il est souvent utilis\u00e9 dans la production de batteries au lithium.","breadcrumb":{"@id":"https:\/\/jinsuncarbon.com\/product\/graphite-sagger\/#breadcrumb"},"inLanguage":"fr-FR","potentialAction":[{"@type":"ReadAction","target":["https:\/\/jinsuncarbon.com\/product\/graphite-sagger\/"]}]},{"@type":"ImageObject","inLanguage":"fr-FR","@id":"https:\/\/jinsuncarbon.com\/product\/graphite-sagger\/#primaryimage","url":"https:\/\/jinsuncarbon.com\/wp-content\/uploads\/2025\/01\/Graphite-sagger.jpg","contentUrl":"https:\/\/jinsuncarbon.com\/wp-content\/uploads\/2025\/01\/Graphite-sagger.jpg","width":1024,"height":763,"caption":"Graphite sagger"},{"@type":"BreadcrumbList","@id":"https:\/\/jinsuncarbon.com\/product\/graphite-sagger\/#breadcrumb","itemListElement":[{"@type":"ListItem","position":1,"name":"Home","item":"https:\/\/jinsuncarbon.com\/"},{"@type":"ListItem","position":2,"name":"Products","item":"https:\/\/jinsuncarbon.com\/graphite-carbon\/"},{"@type":"ListItem","position":3,"name":"Graphite Sagger"}]},{"@type":"WebSite","@id":"https:\/\/jinsuncarbon.com\/#website","url":"https:\/\/jinsuncarbon.com\/","name":"Jinsun Carbon","description":"Nous sommes le fabricant d'\u00e9lectrodes en graphite le plus performant de Chine.","publisher":{"@id":"https:\/\/jinsuncarbon.com\/#organization"},"potentialAction":[{"@type":"SearchAction","target":{"@type":"EntryPoint","urlTemplate":"https:\/\/jinsuncarbon.com\/?s={search_term_string}"},"query-input":{"@type":"PropertyValueSpecification","valueRequired":true,"valueName":"search_term_string"}}],"inLanguage":"fr-FR"},{"@type":"Organization","@id":"https:\/\/jinsuncarbon.com\/#organization","name":"Jinsun Carbon","alternateName":"Jinsun Carbon","url":"https:\/\/jinsuncarbon.com\/","logo":{"@type":"ImageObject","inLanguage":"fr-FR","@id":"https:\/\/jinsuncarbon.com\/#\/schema\/logo\/image\/","url":"https:\/\/jinsuncarbon.com\/wp-content\/uploads\/2022\/12\/LOGO-1.png","contentUrl":"https:\/\/jinsuncarbon.com\/wp-content\/uploads\/2022\/12\/LOGO-1.png","width":207,"height":80,"caption":"Jinsun Carbon"},"image":{"@id":"https:\/\/jinsuncarbon.com\/#\/schema\/logo\/image\/"},"sameAs":["https:\/\/www.facebook.com\/Graphite-Electrode-109336238661595","https:\/\/x.com\/jinsuncarbon_","https:\/\/www.linkedin.com\/in\/jinsungraphite","https:\/\/www.youtube.com\/channel\/UCysDNyvyR5-3cCWEmpkVC0g"]}]}},"_links":{"self":[{"href":"https:\/\/jinsuncarbon.com\/fr\/wp-json\/wp\/v2\/product\/7374","targetHints":{"allow":["GET"]}}],"collection":[{"href":"https:\/\/jinsuncarbon.com\/fr\/wp-json\/wp\/v2\/product"}],"about":[{"href":"https:\/\/jinsuncarbon.com\/fr\/wp-json\/wp\/v2\/types\/product"}],"wp:featuredmedia":[{"embeddable":true,"href":"https:\/\/jinsuncarbon.com\/fr\/wp-json\/wp\/v2\/media\/7410"}],"wp:attachment":[{"href":"https:\/\/jinsuncarbon.com\/fr\/wp-json\/wp\/v2\/media?parent=7374"}],"wp:term":[{"taxonomy":"product_brand","embeddable":true,"href":"https:\/\/jinsuncarbon.com\/fr\/wp-json\/wp\/v2\/product_brand?post=7374"},{"taxonomy":"product_cat","embeddable":true,"href":"https:\/\/jinsuncarbon.com\/fr\/wp-json\/wp\/v2\/product_cat?post=7374"},{"taxonomy":"product_tag","embeddable":true,"href":"https:\/\/jinsuncarbon.com\/fr\/wp-json\/wp\/v2\/product_tag?post=7374"}],"curies":[{"name":"wp","href":"https:\/\/api.w.org\/{rel}","templated":true}]}}