{"id":7362,"date":"2025-01-17T08:13:31","date_gmt":"2025-01-17T08:13:31","guid":{"rendered":"https:\/\/jinsuncarbon.com\/?post_type=product&#038;p=7362"},"modified":"2025-01-19T06:05:03","modified_gmt":"2025-01-19T06:05:03","slug":"buse-en-graphite","status":"publish","type":"product","link":"https:\/\/jinsuncarbon.com\/fr\/produit-2\/buse-en-graphite\/","title":{"rendered":"Buse en graphite"},"content":{"rendered":"<h2>Applications des buses en graphite<\/h2>\n<h3>Fonte des m\u00e9taux<\/h3>\n<p>Les buses en graphite jouent un r\u00f4le essentiel dans la coul\u00e9e des m\u00e9taux, o\u00f9 elles dirigent les m\u00e9taux en fusion dans les moules. Gr\u00e2ce \u00e0 l'excellente r\u00e9sistance du graphite aux temp\u00e9ratures \u00e9lev\u00e9es, ces buses peuvent supporter les temp\u00e9ratures \u00e9lev\u00e9es des m\u00e9taux en fusion (aluminium, acier et laiton). Cette capacit\u00e9 \u00e0 moduler le flux de m\u00e9tal avec pr\u00e9cision permet d'obtenir une meilleure qualit\u00e9 de moulage et de r\u00e9duire les d\u00e9chets.<\/p>\n<p>Les capacit\u00e9s de r\u00e9sistance \u00e0 la corrosion et \u00e0 l'usure du graphite lui conf\u00e8rent \u00e9galement une longue dur\u00e9e de vie dans les fonderies de m\u00e9taux : ces buses \u00e9vitent \u00e9galement l'obstruction et l'accumulation de mat\u00e9riaux sur les buses, ce qui emp\u00eache le m\u00e9tal de s'\u00e9couler de mani\u00e8re fluide et sans obstruction.<\/p>\n<h3>A\u00e9rospatiale et aviation<\/h3>\n<p>Au cours de sa carri\u00e8re dans l'a\u00e9rospatiale, le mat\u00e9riau a beaucoup servi dans les composants des tuy\u00e8res des fus\u00e9es et autres cellules de propulsion. Ces tuy\u00e8res sont soumises \u00e0 une chaleur et \u00e0 une pression extr\u00eames, en particulier lors du lancement des fus\u00e9es. Le graphite est le mat\u00e9riau id\u00e9al pour ces utilisations \u00e0 hautes performances, car il est capable d'accomplir ces t\u00e2ches dans des conditions extr\u00eames sans se d\u00e9grader.<\/p>\n<p>Les buses en graphite sont \u00e9galement utilis\u00e9es dans les syst\u00e8mes spatiaux qui exigent un contr\u00f4le pr\u00e9cis de la l\u00e9gislation sur les gaz ou les carburants, en plus des moteurs de fus\u00e9e. Parce qu'elles peuvent r\u00e9sister \u00e0 des temp\u00e9ratures extr\u00eames tout en \u00e9tant super l\u00e9g\u00e8res et durables, les tuy\u00e8res en graphite sont essentielles pour assurer la s\u00e9curit\u00e9 et la reproductibilit\u00e9 des missions a\u00e9rospatiales.<\/p>\n<h3>Technologie laser<\/h3>\n<p>La d\u00e9coupe et le soudage au laser font partie des applications importantes des lasers qui n\u00e9cessitent des buses efficaces pour d\u00e9placer les gaz dans une certaine mesure. Ces applications utilisent des buses en graphite pour l'\u00e9coulement afin d'\u00e9viter la contamination du processus laser. <a href=\"https:\/\/jinsuncarbon.com\/fr\/quest-ce-que-le-graphite-et-de-quoi-est-il-fait\/\">Graphite<\/a> est le mat\u00e9riau id\u00e9al pour garantir les performances des syst\u00e8mes laser, gr\u00e2ce \u00e0 sa r\u00e9sistance \u00e0 la chaleur et \u00e0 sa surface lisse.<\/p>\n<p>La capacit\u00e9 \u00e0 maintenir le faisceau laser focalis\u00e9 et stable permet de couper et de souder avec une grande pr\u00e9cision en utilisant des buses en graphite. La faible friction du graphite minimise \u00e9galement le taux d'usure des pi\u00e8ces de la buse, ce qui permet d'obtenir des composants durables et de r\u00e9duire les co\u00fbts de maintenance.<\/p>\n<h3>Fabrication de produits \u00e9lectroniques<\/h3>\n<p>Dans l'industrie de la fabrication \u00e9lectronique, les buses en graphite sont souvent utilis\u00e9es dans des applications qui impliquent des temp\u00e9ratures \u00e9lev\u00e9es ou des mat\u00e9riaux d\u00e9licats. Dans le cas des semi-conducteurs, les buses en graphite sont utilis\u00e9es pour acheminer des m\u00e9taux ou des gaz en fusion. La r\u00e9sistance du graphite \u00e0 la chaleur et \u00e0 la corrosion garantit que la buse reste intacte dans des conditions de forte contrainte, ce qui est essentiel pour la qualit\u00e9 du produit.<\/p>\n<p>En outre, les buses en graphite sont \u00e9galement utilis\u00e9es dans des appareils tels que les machines \u00e0 souder, o\u00f9 le contr\u00f4le pr\u00e9cis du flux de mat\u00e9riau est essentiel. Par cons\u00e9quent, l'adaptation de la conception des buses dans ces applications peut am\u00e9liorer le d\u00e9p\u00f4t du mat\u00e9riau, ce qui se traduit par une meilleure qualit\u00e9 et une plus grande uniformit\u00e9 du produit final.<\/p>\n<h2>Principaux avantages des buses en graphite<\/h2>\n<h3>Excellente r\u00e9sistance \u00e0 la chaleur<\/h3>\n<p>La caract\u00e9ristique la plus remarquable des buses en graphite est leur haut niveau de r\u00e9sistance \u00e0 la chaleur. Le graphite est un excellent mat\u00e9riau haute temp\u00e9rature et peut supporter des temp\u00e9ratures extr\u00eamement \u00e9lev\u00e9es. Qu'il s'agisse de forger des m\u00e9taux dans une fonderie ou des gaz \u00e0 haute temp\u00e9rature dans un moteur a\u00e9rospatial, les tuy\u00e8res en graphite conservent leur int\u00e9grit\u00e9 structurelle dans des conditions d\u00e9favorables qui, autrement, d\u00e9graderaient d'autres mat\u00e9riaux en quelques heures.<\/p>\n<p>L'aluminium ou l'acier en fusion peuvent fondre et s'\u00e9couler \u00e0 des temp\u00e9ratures sup\u00e9rieures \u00e0 1 000\u00b0C (1 832\u00b0F) - et m\u00eame les buses en graphite peuvent br\u00fbler et se transformer en \u00e9clats d'obus dans ces endroits, sans que la ligne ne soit trop \u00e9cart\u00e9e. Sa capacit\u00e9 \u00e0 r\u00e9sister \u00e0 cet environnement \u00e0 haute temp\u00e9rature fait de ce mat\u00e9riau le choix privil\u00e9gi\u00e9 dans les industries o\u00f9 la r\u00e9sistance \u00e0 la chaleur \u00e9lev\u00e9e est une pr\u00e9occupation majeure.<\/p>\n<h3>Durabilit\u00e9 sup\u00e9rieure<\/h3>\n<p>La durabilit\u00e9 des buses en graphite est importante pour minimiser les co\u00fbts de maintenance. Le graphite r\u00e9siste \u00e0 l'usure qui affecte les diff\u00e9rents mat\u00e9riaux utilis\u00e9s pour la buse, tels que les m\u00e9taux et les c\u00e9ramiques. Il r\u00e9siste aux forces abrasives des mat\u00e9riaux ou des gaz en fusion, ce qui prolonge la dur\u00e9e de vie de la buse et la rend plus efficace au fil du temps.<\/p>\n<p>Contrairement \u00e0 de nombreux autres m\u00e9taux, le graphite r\u00e9siste \u00e0 l'\u00e9rosion et \u00e0 la d\u00e9gradation dans les environnements chauds, ce qui lui permet de conserver sa r\u00e9sistance et ses performances sur de longues p\u00e9riodes. En outre, comme les buses en graphite durent longtemps, elles doivent \u00eatre remplac\u00e9es moins souvent, ce qui signifie moins de temps d'arr\u00eat dans vos op\u00e9rations et, en fin de compte, moins d'argent et de temps d\u00e9pens\u00e9s.<\/p>\n<h3>R\u00e9sistance \u00e0 la corrosion<\/h3>\n<p>Il est naturellement r\u00e9sistant \u00e0 la corrosion, m\u00eame en pr\u00e9sence de produits chimiques agressifs et de temp\u00e9ratures extr\u00eames. Les buses utilis\u00e9es dans des industries telles que le moulage des m\u00e9taux ou le traitement chimique, par exemple, peuvent \u00eatre r\u00e9guli\u00e8rement expos\u00e9es \u00e0 des mat\u00e9riaux corrosifs qui les \u00e9rodent, les affaiblissent ou les compromettent au fil du temps. Comparaison avec les \u00e9quivalents m\u00e9talliquesLes buses en graphite sont tr\u00e8s r\u00e9sistantes \u00e0 cette corrosion et sont donc souvent consid\u00e9r\u00e9es comme une option fiable dans les environnements chimiquement agressifs.<\/p>\n<p>Le graphite r\u00e9siste \u00e0 la corrosion des m\u00e9taux en fusion, des acides et des alcalis. La buse est \u00e9galement con\u00e7ue pour durer en service, ce qui permet de rationaliser les d\u00e9chets muda dans vos op\u00e9rations, car elle fonctionnera sans entretien ni remplacement constants.<\/p>\n<h3>Faible friction<\/h3>\n<p>Le pouvoir lubrifiant inh\u00e9rent au graphite produit une surface \u00e0 faible frottement, ce qui en fait un mat\u00e9riau de choix pour les applications o\u00f9 il est important d'obtenir un \u00e9coulement r\u00e9gulier du mat\u00e9riau. Cette propri\u00e9t\u00e9 de faible friction sera avantageuse pour les buses destin\u00e9es \u00e0 <a href=\"https:\/\/en.wikipedia.org\/wiki\/Metal_casting\" target=\"_blank\" rel=\"noopener\">fonte des m\u00e9taux<\/a> ou la dynamique des fluides. Les buses en graphite r\u00e9duisent les frottements, ce qui permet d'am\u00e9liorer l'\u00e9coulement des mat\u00e9riaux, de r\u00e9duire les colmatages et de diminuer l'usure de la buse et des mat\u00e9riaux.<\/p>\n<p>Les buses en graphite offrent \u00e9galement une surface plus lisse qui permet un d\u00e9bit plus contr\u00f4l\u00e9 et plus r\u00e9gulier, ce qui est important pour les applications de pr\u00e9cision telles que la d\u00e9coupe au laser ou la propulsion a\u00e9rospatiale. Un faible frottement est un facteur cl\u00e9 qui contribue \u00e0 des performances plus r\u00e9guli\u00e8res pour un syst\u00e8me globalement plus efficace.<\/p>\n<h3>Mod\u00e8les personnalisables<\/h3>\n<p>Un autre grand avantage des buses en graphite est leur polyvalence et la possibilit\u00e9 de personnaliser leur conception. Le graphite \u00e9tant un mat\u00e9riau tr\u00e8s mall\u00e9able, les buses peuvent \u00eatre fabriqu\u00e9es dans diff\u00e9rentes formes et tailles et personnalis\u00e9es en fonction d'applications sp\u00e9cifiques. Qu'il s'agisse d'une ouverture \u00e9troite, d'une ouverture large, d'une longueur sp\u00e9cifique ou de canaux internes personnalis\u00e9s, le graphite est relativement facile \u00e0 fa\u00e7onner en fonction de vos besoins sp\u00e9cifiques.<\/p>\n<p>Les buses peuvent \u00e9galement \u00eatre personnalis\u00e9es sur d'autres aspects, tels que l'\u00e9paisseur de la paroi, les pointes de buses et d'autres dynamiques d'\u00e9coulement, afin de vous donner les performances exactes dont vous avez besoin pour votre buse. Cette flexibilit\u00e9 permet aux buses en graphite d'\u00eatre utilis\u00e9es dans presque toutes les industries et applications.<\/p>\n<p class=\"ql-align-justify\">","protected":false},"excerpt":{"rendered":"<p>La buse en graphite est un composant polyvalent de haute performance, fabriqu\u00e9 en graphite de haute qualit\u00e9. Les propri\u00e9t\u00e9s thermiques exceptionnelles du graphite le rendent r\u00e9sistant aux dommages et \u00e0 l'usure, ce qui permet l'utilisation de ces mat\u00e9riaux dans des environnements \u00e0 haute temp\u00e9rature ou dans des milieux agressifs.<\/p>\n<p>Les buses en graphite sont utilis\u00e9es dans de nombreuses industries telles que le travail des m\u00e9taux, les moteurs de fus\u00e9e, la fabrication d'appareils \u00e9lectroniques et les lasers. C'est pourquoi les buses en graphite sont parfaitement adapt\u00e9es \u00e0 ces applications, car elles peuvent supporter les contraintes li\u00e9es \u00e0 une chaleur extr\u00eamement \u00e9lev\u00e9e et \u00e0 des environnements corrosifs, au-del\u00e0 de la tol\u00e9rance de nombreux autres mat\u00e9riaux, et fournir ainsi une solution fiable pendant une p\u00e9riode plus longue.<\/p>","protected":false},"featured_media":7363,"template":"","meta":[],"product_brand":[],"product_cat":[38],"product_tag":[],"class_list":{"0":"post-7362","1":"product","2":"type-product","3":"status-publish","4":"has-post-thumbnail","6":"product_cat-graphite-products","8":"first","9":"instock","10":"shipping-taxable","11":"product-type-simple"},"yoast_head":"<!-- This site is optimized with the Yoast SEO Premium plugin v19.2.1 (Yoast SEO v25.3) - https:\/\/yoast.com\/wordpress\/plugins\/seo\/ -->\n<title>Graphite Nozzle Manufacturer in China | Jinsun Carbon<\/title>\n<meta name=\"description\" content=\"Graphite rocket nozzles for sale, it is a critical component used in rocket engines, particularly in those that utilize solid rocket propellants or hybrid propulsion systems.\" \/>\n<meta name=\"robots\" content=\"index, follow, max-snippet:-1, max-image-preview:large, max-video-preview:-1\" \/>\n<link rel=\"canonical\" href=\"https:\/\/jinsuncarbon.com\/fr\/produit-2\/buse-en-graphite\/\" \/>\n<meta property=\"og:locale\" content=\"fr_FR\" \/>\n<meta property=\"og:type\" content=\"article\" \/>\n<meta property=\"og:title\" content=\"Graphite Nozzle\" \/>\n<meta property=\"og:description\" content=\"Graphite rocket nozzles for sale, it is a critical component used in rocket engines, particularly in those that utilize solid rocket propellants or hybrid propulsion systems.\" \/>\n<meta property=\"og:url\" content=\"https:\/\/jinsuncarbon.com\/fr\/produit-2\/buse-en-graphite\/\" \/>\n<meta property=\"og:site_name\" content=\"Jinsun Carbon\" \/>\n<meta property=\"article:publisher\" content=\"https:\/\/www.facebook.com\/Graphite-Electrode-109336238661595\" \/>\n<meta property=\"article:modified_time\" content=\"2025-01-19T06:05:03+00:00\" \/>\n<meta property=\"og:image\" content=\"https:\/\/jinsuncarbon.com\/wp-content\/uploads\/2025\/01\/Graphite-nozzle.jpg\" \/>\n\t<meta property=\"og:image:width\" content=\"1024\" \/>\n\t<meta property=\"og:image:height\" content=\"763\" \/>\n\t<meta property=\"og:image:type\" content=\"image\/jpeg\" \/>\n<meta name=\"twitter:card\" content=\"summary_large_image\" \/>\n<meta name=\"twitter:site\" content=\"@jinsuncarbon_\" \/>\n<meta name=\"twitter:label1\" content=\"Dur\u00e9e de lecture estim\u00e9e\" \/>\n\t<meta name=\"twitter:data1\" content=\"5 minutes\" \/>\n<script type=\"application\/ld+json\" class=\"yoast-schema-graph\">{\"@context\":\"https:\/\/schema.org\",\"@graph\":[{\"@type\":\"WebPage\",\"@id\":\"https:\/\/jinsuncarbon.com\/product\/graphite-nozzle\/\",\"url\":\"https:\/\/jinsuncarbon.com\/product\/graphite-nozzle\/\",\"name\":\"Graphite Nozzle Manufacturer in China | Jinsun Carbon\",\"isPartOf\":{\"@id\":\"https:\/\/jinsuncarbon.com\/#website\"},\"primaryImageOfPage\":{\"@id\":\"https:\/\/jinsuncarbon.com\/product\/graphite-nozzle\/#primaryimage\"},\"image\":{\"@id\":\"https:\/\/jinsuncarbon.com\/product\/graphite-nozzle\/#primaryimage\"},\"thumbnailUrl\":\"https:\/\/jinsuncarbon.com\/wp-content\/uploads\/2025\/01\/Graphite-nozzle.jpg\",\"datePublished\":\"2025-01-17T08:13:31+00:00\",\"dateModified\":\"2025-01-19T06:05:03+00:00\",\"description\":\"Graphite rocket nozzles for sale, it is a critical component used in rocket engines, particularly in those that utilize solid rocket propellants or hybrid propulsion systems.\",\"breadcrumb\":{\"@id\":\"https:\/\/jinsuncarbon.com\/product\/graphite-nozzle\/#breadcrumb\"},\"inLanguage\":\"fr-FR\",\"potentialAction\":[{\"@type\":\"ReadAction\",\"target\":[\"https:\/\/jinsuncarbon.com\/product\/graphite-nozzle\/\"]}]},{\"@type\":\"ImageObject\",\"inLanguage\":\"fr-FR\",\"@id\":\"https:\/\/jinsuncarbon.com\/product\/graphite-nozzle\/#primaryimage\",\"url\":\"https:\/\/jinsuncarbon.com\/wp-content\/uploads\/2025\/01\/Graphite-nozzle.jpg\",\"contentUrl\":\"https:\/\/jinsuncarbon.com\/wp-content\/uploads\/2025\/01\/Graphite-nozzle.jpg\",\"width\":1024,\"height\":763,\"caption\":\"Graphite nozzle\"},{\"@type\":\"BreadcrumbList\",\"@id\":\"https:\/\/jinsuncarbon.com\/product\/graphite-nozzle\/#breadcrumb\",\"itemListElement\":[{\"@type\":\"ListItem\",\"position\":1,\"name\":\"Home\",\"item\":\"https:\/\/jinsuncarbon.com\/\"},{\"@type\":\"ListItem\",\"position\":2,\"name\":\"Products\",\"item\":\"https:\/\/jinsuncarbon.com\/graphite-carbon\/\"},{\"@type\":\"ListItem\",\"position\":3,\"name\":\"Graphite Nozzle\"}]},{\"@type\":\"WebSite\",\"@id\":\"https:\/\/jinsuncarbon.com\/#website\",\"url\":\"https:\/\/jinsuncarbon.com\/\",\"name\":\"Jinsun Carbon\",\"description\":\"We are the successful graphite electrode manufacturer in China\",\"publisher\":{\"@id\":\"https:\/\/jinsuncarbon.com\/#organization\"},\"potentialAction\":[{\"@type\":\"SearchAction\",\"target\":{\"@type\":\"EntryPoint\",\"urlTemplate\":\"https:\/\/jinsuncarbon.com\/?s={search_term_string}\"},\"query-input\":{\"@type\":\"PropertyValueSpecification\",\"valueRequired\":true,\"valueName\":\"search_term_string\"}}],\"inLanguage\":\"fr-FR\"},{\"@type\":\"Organization\",\"@id\":\"https:\/\/jinsuncarbon.com\/#organization\",\"name\":\"Jinsun Carbon\",\"alternateName\":\"Jinsun Carbon\",\"url\":\"https:\/\/jinsuncarbon.com\/\",\"logo\":{\"@type\":\"ImageObject\",\"inLanguage\":\"fr-FR\",\"@id\":\"https:\/\/jinsuncarbon.com\/#\/schema\/logo\/image\/\",\"url\":\"https:\/\/jinsuncarbon.com\/wp-content\/uploads\/2022\/12\/LOGO-1.png\",\"contentUrl\":\"https:\/\/jinsuncarbon.com\/wp-content\/uploads\/2022\/12\/LOGO-1.png\",\"width\":207,\"height\":80,\"caption\":\"Jinsun Carbon\"},\"image\":{\"@id\":\"https:\/\/jinsuncarbon.com\/#\/schema\/logo\/image\/\"},\"sameAs\":[\"https:\/\/www.facebook.com\/Graphite-Electrode-109336238661595\",\"https:\/\/x.com\/jinsuncarbon_\",\"https:\/\/www.linkedin.com\/in\/jinsungraphite\",\"https:\/\/www.youtube.com\/channel\/UCysDNyvyR5-3cCWEmpkVC0g\"]}]}<\/script>\n<!-- \/ Yoast SEO Premium plugin. -->","yoast_head_json":{"title":"Fabricant de buses en graphite en Chine | Jinsun Carbon","description":"Les tuy\u00e8res de fus\u00e9e en graphite sont un composant essentiel des moteurs de fus\u00e9e, en particulier de ceux qui utilisent des propergols solides ou des syst\u00e8mes de propulsion hybrides.","robots":{"index":"index","follow":"follow","max-snippet":"max-snippet:-1","max-image-preview":"max-image-preview:large","max-video-preview":"max-video-preview:-1"},"canonical":"https:\/\/jinsuncarbon.com\/fr\/produit-2\/buse-en-graphite\/","og_locale":"fr_FR","og_type":"article","og_title":"Graphite Nozzle","og_description":"Graphite rocket nozzles for sale, it is a critical component used in rocket engines, particularly in those that utilize solid rocket propellants or hybrid propulsion systems.","og_url":"https:\/\/jinsuncarbon.com\/fr\/produit-2\/buse-en-graphite\/","og_site_name":"Jinsun Carbon","article_publisher":"https:\/\/www.facebook.com\/Graphite-Electrode-109336238661595","article_modified_time":"2025-01-19T06:05:03+00:00","og_image":[{"width":1024,"height":763,"url":"https:\/\/jinsuncarbon.com\/wp-content\/uploads\/2025\/01\/Graphite-nozzle.jpg","type":"image\/jpeg"}],"twitter_card":"summary_large_image","twitter_site":"@jinsuncarbon_","twitter_misc":{"Dur\u00e9e de lecture estim\u00e9e":"5 minutes"},"schema":{"@context":"https:\/\/schema.org","@graph":[{"@type":"WebPage","@id":"https:\/\/jinsuncarbon.com\/product\/graphite-nozzle\/","url":"https:\/\/jinsuncarbon.com\/product\/graphite-nozzle\/","name":"Fabricant de buses en graphite en Chine | Jinsun Carbon","isPartOf":{"@id":"https:\/\/jinsuncarbon.com\/#website"},"primaryImageOfPage":{"@id":"https:\/\/jinsuncarbon.com\/product\/graphite-nozzle\/#primaryimage"},"image":{"@id":"https:\/\/jinsuncarbon.com\/product\/graphite-nozzle\/#primaryimage"},"thumbnailUrl":"https:\/\/jinsuncarbon.com\/wp-content\/uploads\/2025\/01\/Graphite-nozzle.jpg","datePublished":"2025-01-17T08:13:31+00:00","dateModified":"2025-01-19T06:05:03+00:00","description":"Les tuy\u00e8res de fus\u00e9e en graphite sont un composant essentiel des moteurs de fus\u00e9e, en particulier de ceux qui utilisent des propergols solides ou des syst\u00e8mes de propulsion hybrides.","breadcrumb":{"@id":"https:\/\/jinsuncarbon.com\/product\/graphite-nozzle\/#breadcrumb"},"inLanguage":"fr-FR","potentialAction":[{"@type":"ReadAction","target":["https:\/\/jinsuncarbon.com\/product\/graphite-nozzle\/"]}]},{"@type":"ImageObject","inLanguage":"fr-FR","@id":"https:\/\/jinsuncarbon.com\/product\/graphite-nozzle\/#primaryimage","url":"https:\/\/jinsuncarbon.com\/wp-content\/uploads\/2025\/01\/Graphite-nozzle.jpg","contentUrl":"https:\/\/jinsuncarbon.com\/wp-content\/uploads\/2025\/01\/Graphite-nozzle.jpg","width":1024,"height":763,"caption":"Graphite nozzle"},{"@type":"BreadcrumbList","@id":"https:\/\/jinsuncarbon.com\/product\/graphite-nozzle\/#breadcrumb","itemListElement":[{"@type":"ListItem","position":1,"name":"Home","item":"https:\/\/jinsuncarbon.com\/"},{"@type":"ListItem","position":2,"name":"Products","item":"https:\/\/jinsuncarbon.com\/graphite-carbon\/"},{"@type":"ListItem","position":3,"name":"Graphite Nozzle"}]},{"@type":"WebSite","@id":"https:\/\/jinsuncarbon.com\/#website","url":"https:\/\/jinsuncarbon.com\/","name":"Jinsun Carbon","description":"Nous sommes le fabricant d'\u00e9lectrodes en graphite le plus performant de Chine.","publisher":{"@id":"https:\/\/jinsuncarbon.com\/#organization"},"potentialAction":[{"@type":"SearchAction","target":{"@type":"EntryPoint","urlTemplate":"https:\/\/jinsuncarbon.com\/?s={search_term_string}"},"query-input":{"@type":"PropertyValueSpecification","valueRequired":true,"valueName":"search_term_string"}}],"inLanguage":"fr-FR"},{"@type":"Organization","@id":"https:\/\/jinsuncarbon.com\/#organization","name":"Jinsun Carbon","alternateName":"Jinsun Carbon","url":"https:\/\/jinsuncarbon.com\/","logo":{"@type":"ImageObject","inLanguage":"fr-FR","@id":"https:\/\/jinsuncarbon.com\/#\/schema\/logo\/image\/","url":"https:\/\/jinsuncarbon.com\/wp-content\/uploads\/2022\/12\/LOGO-1.png","contentUrl":"https:\/\/jinsuncarbon.com\/wp-content\/uploads\/2022\/12\/LOGO-1.png","width":207,"height":80,"caption":"Jinsun Carbon"},"image":{"@id":"https:\/\/jinsuncarbon.com\/#\/schema\/logo\/image\/"},"sameAs":["https:\/\/www.facebook.com\/Graphite-Electrode-109336238661595","https:\/\/x.com\/jinsuncarbon_","https:\/\/www.linkedin.com\/in\/jinsungraphite","https:\/\/www.youtube.com\/channel\/UCysDNyvyR5-3cCWEmpkVC0g"]}]}},"_links":{"self":[{"href":"https:\/\/jinsuncarbon.com\/fr\/wp-json\/wp\/v2\/product\/7362","targetHints":{"allow":["GET"]}}],"collection":[{"href":"https:\/\/jinsuncarbon.com\/fr\/wp-json\/wp\/v2\/product"}],"about":[{"href":"https:\/\/jinsuncarbon.com\/fr\/wp-json\/wp\/v2\/types\/product"}],"wp:featuredmedia":[{"embeddable":true,"href":"https:\/\/jinsuncarbon.com\/fr\/wp-json\/wp\/v2\/media\/7363"}],"wp:attachment":[{"href":"https:\/\/jinsuncarbon.com\/fr\/wp-json\/wp\/v2\/media?parent=7362"}],"wp:term":[{"taxonomy":"product_brand","embeddable":true,"href":"https:\/\/jinsuncarbon.com\/fr\/wp-json\/wp\/v2\/product_brand?post=7362"},{"taxonomy":"product_cat","embeddable":true,"href":"https:\/\/jinsuncarbon.com\/fr\/wp-json\/wp\/v2\/product_cat?post=7362"},{"taxonomy":"product_tag","embeddable":true,"href":"https:\/\/jinsuncarbon.com\/fr\/wp-json\/wp\/v2\/product_tag?post=7362"}],"curies":[{"name":"wp","href":"https:\/\/api.w.org\/{rel}","templated":true}]}}