{"id":7338,"date":"2025-01-24T09:22:15","date_gmt":"2025-01-24T09:22:15","guid":{"rendered":"https:\/\/jinsuncarbon.com\/?post_type=product&#038;p=7338"},"modified":"2025-01-24T11:52:53","modified_gmt":"2025-01-24T11:52:53","slug":"emballage-en-graphite","status":"publish","type":"product","link":"https:\/\/jinsuncarbon.com\/fr\/produit-2\/emballage-en-graphite\/","title":{"rendered":"Emballage en graphite"},"content":{"rendered":"<h2 class=\"ql-align-justify\">Emballage en graphite<\/h2>\n<p class=\"ql-align-justify\">Les emballages en graphite se pr\u00e9sentent g\u00e9n\u00e9ralement sous la forme de cordes, de ficelles ou sont tiss\u00e9s dans diff\u00e9rentes formes. Ses avantages sont remarquables.<\/p>\n<p class=\"ql-align-justify\"><strong>Excellente stabilit\u00e9 thermique<\/strong><\/p>\n<p class=\"ql-align-justify\">Il peut maintenir des performances stables dans une large gamme de temp\u00e9ratures allant de -200\u00b0C \u00e0 600\u00b0C. L'effet d'\u00e9tanch\u00e9it\u00e9 n'est pas affect\u00e9 par d'importantes fluctuations de temp\u00e9rature.<\/p>\n<p class=\"ql-align-justify\"><strong>Propri\u00e9t\u00e9s chimiques stables<\/strong><\/p>\n<p class=\"ql-align-justify\">Il pr\u00e9sente une excellente tol\u00e9rance \u00e0 la plupart des substances chimiques. Qu'il s'agisse d'un acide fort, d'une base ou d'un solvant organique, il est difficile de provoquer la corrosion.<\/p>\n<p class=\"ql-align-justify\"><strong>Faible coefficient de frottement<\/strong><\/p>\n<p class=\"ql-align-justify\">Dans le processus d'\u00e9tanch\u00e9it\u00e9, il peut r\u00e9duire la perte de friction entre les composants. Il joue \u00e9galement un certain r\u00f4le d'autolubrification, prolongeant ainsi la dur\u00e9e de vie de l'\u00e9quipement. I<\/p>\n<p class=\"ql-align-justify\"><strong>Bonne r\u00e9sistance \u00e0 la compression<\/strong><\/p>\n<p class=\"ql-align-justify\">M\u00eame s'il est soumis \u00e0 une pression \u00e9lev\u00e9e pendant une longue p\u00e9riode, il peut encore r\u00e9cup\u00e9rer une partie de son \u00e9lasticit\u00e9 une fois la pression rel\u00e2ch\u00e9e, ce qui garantit une \u00e9tanch\u00e9it\u00e9 continue et efficace.<\/p>\n<p class=\"ql-align-justify\">En outre, son installation et son d\u00e9montage sont relativement simples, et il peut \u00eatre ajust\u00e9 de mani\u00e8re flexible en fonction des diff\u00e9rentes exigences en mati\u00e8re d'\u00e9tanch\u00e9it\u00e9.<\/p>\n<h2 class=\"ql-align-justify\">Types d'emballages en graphite<\/h2>\n<p class=\"ql-align-justify\"><strong>Garniture en graphite tress\u00e9 :<\/strong><\/p>\n<p class=\"ql-align-justify\">Il s'agit du type le plus courant, compos\u00e9 de fibres de graphite tiss\u00e9es. Il pr\u00e9sente une bonne flexibilit\u00e9 et une bonne r\u00e9sistance, et peut s'adapter \u00e0 une vari\u00e9t\u00e9 de formes d'\u00e9tanch\u00e9it\u00e9 complexes. La structure tress\u00e9e lui permet de mieux remplir l'espace lorsqu'il est scell\u00e9, ce qui emp\u00eache efficacement les fuites de fluides. Il peut \u00eatre largement utilis\u00e9 dans les joints d'arbres d'\u00e9quipements industriels courants, les joints de vannes et d'autres sc\u00e9narios.<\/p>\n<p class=\"ql-align-justify\"><strong>Emballage en graphite expans\u00e9 :<\/strong><\/p>\n<p class=\"ql-align-justify\">Fabriqu\u00e9 \u00e0 partir d'un traitement sp\u00e9cial de <a href=\"https:\/\/jinsuncarbon.com\/fr\/les-utilisations-du-graphite\/\">graphite<\/a> pour le faire gonfler. Il poss\u00e8de une excellente r\u00e9sistance \u00e0 la compression et peut \u00eatre \u00e9troitement ajust\u00e9 \u00e0 la surface d'\u00e9tanch\u00e9it\u00e9 apr\u00e8s avoir \u00e9t\u00e9 press\u00e9 pour former un bon effet d'\u00e9tanch\u00e9it\u00e9. Dans un environnement \u00e0 haute temp\u00e9rature, ses performances d'\u00e9tanch\u00e9it\u00e9 restent stables. Il peut \u00eatre utilis\u00e9 pour l'\u00e9tanch\u00e9it\u00e9 d'\u00e9quipements \u00e0 haute temp\u00e9rature et \u00e0 haute pression, tels que les r\u00e9acteurs \u00e0 haute temp\u00e9rature et les vannes de conduites de vapeur.<\/p>\n<p class=\"ql-align-justify\"><strong>Emballage en fil de graphite :<\/strong><\/p>\n<p class=\"ql-align-justify\">L'ajout d'un fil de renforcement \u00e0 la garniture en graphite am\u00e9liore la solidit\u00e9 globale et la r\u00e9sistance \u00e0 l'usure de la garniture. Cette<strong>\u00a0<\/strong>La garniture est adapt\u00e9e \u00e0 certaines situations o\u00f9 les exigences en mati\u00e8re d'\u00e9tanch\u00e9it\u00e9 sont \u00e9lev\u00e9es et o\u00f9 les frottements et les vibrations sont plus importants dans le cadre du fonctionnement de l'\u00e9quipement. Elle permet de prolonger efficacement la dur\u00e9e de vie du joint et de r\u00e9duire la fr\u00e9quence de maintenance.<\/p>\n<p class=\"ql-align-justify\"><strong>Garniture en graphite d'impr\u00e9gnation :<\/strong><\/p>\n<p class=\"ql-align-justify\">En l'impr\u00e9gnant d'une substance chimique sp\u00e9cifique pour am\u00e9liorer ses performances dans un certain domaine. Par exemple, apr\u00e8s impr\u00e9gnation de polyt\u00e9trafluoro\u00e9thyl\u00e8ne (PTFE), la r\u00e9sistance \u00e0 la corrosion et la r\u00e9sistance chimique de la charge peuvent \u00eatre am\u00e9lior\u00e9es. Il convient donc \u00e0 l'\u00e9tanch\u00e9it\u00e9 des pipelines et des \u00e9quipements transportant des fluides hautement corrosifs dans l'industrie chimique.<\/p>\n<h2 class=\"ql-align-justify\">Utilisations de l'emballage en graphite<\/h2>\n<h3 class=\"ql-align-justify\">Industrie des machines :<\/h3>\n<p class=\"ql-align-justify\">En ce qui concerne les garnitures m\u00e9caniques, elles peuvent \u00eatre largement utilis\u00e9es pour les joints d'arbre et les joints de tige de soupape des pompes, des compresseurs, des vannes et d'autres \u00e9quipements. Sa bonne flexibilit\u00e9 et sa r\u00e9silience \u00e0 la compression permettent de remplir herm\u00e9tiquement l'espace d'\u00e9tanch\u00e9it\u00e9. Il emp\u00eache efficacement les fuites de liquides et de gaz et assure un fonctionnement stable de l'\u00e9quipement. Par exemple, dans les pompes chimiques, la garniture en graphite peut r\u00e9sister \u00e0 la haute pression et aux fluides corrosifs dans la pompe. Elle assure le fonctionnement normal de la pompe.<\/p>\n<h3 class=\"ql-align-justify\">Secteur p\u00e9trochimique :<\/h3>\n<p class=\"ql-align-justify\">Il joue un r\u00f4le cl\u00e9 dans les raccords de tuyauterie et l'\u00e9tanch\u00e9it\u00e9 des \u00e9quipements dans l'industrie p\u00e9trochimique. Qu'il s'agisse d'un r\u00e9acteur \u00e0 haute temp\u00e9rature et \u00e0 haute pression ou d'un pipeline transportant divers fluides corrosifs, il peut compter sur son excellente stabilit\u00e9 chimique et ses performances d'\u00e9tanch\u00e9it\u00e9 pour pr\u00e9venir efficacement les fuites de mat\u00e9riaux et \u00e9viter les accidents de s\u00e9curit\u00e9. Dans l'unit\u00e9 de raffinage du p\u00e9trole, vous pouvez l'utiliser pour sceller toutes sortes de tours, <a href=\"https:\/\/en.wikipedia.org\/wiki\/Heat_exchanger\" target=\"_blank\" rel=\"noopener\">\u00e9changeurs de chaleur<\/a> et d'autres \u00e9quipements.<\/p>\n<h3 class=\"ql-align-justify\">L'industrie de l'\u00e9nergie :<\/h3>\n<p class=\"ql-align-justify\">Dans le domaine de l'\u00e9nergie, vous pouvez l'utiliser pour sceller des \u00e9quipements tels que les turbines \u00e0 vapeur et les <a href=\"https:\/\/www.homedepot.com\/b\/Outdoors-Outdoor-Power-Equipment-Generators\/N-5yc1vZbx8l\" target=\"_blank\" rel=\"noopener\">G\u00e9n\u00e9rateurs<\/a>. (Ses caract\u00e9ristiques de r\u00e9sistance aux temp\u00e9ratures \u00e9lev\u00e9es et \u00e0 l'usure peuvent s'adapter aux exigences d'\u00e9tanch\u00e9it\u00e9 de ces \u00e9quipements soumis \u00e0 des temp\u00e9ratures \u00e9lev\u00e9es et \u00e0 un fonctionnement \u00e0 grande vitesse. Assurer une production d'\u00e9nergie efficace et s\u00fbre. Dans les centrales nucl\u00e9aires, il doit \u00e9galement r\u00e9pondre aux exigences de puret\u00e9 et de stabilit\u00e9 \u00e9lev\u00e9es afin de garantir la s\u00e9curit\u00e9 de fonctionnement des installations nucl\u00e9aires.<\/p>\n<h3 class=\"ql-align-justify\">Construction navale :<\/h3>\n<p class=\"ql-align-justify\">Dans le syst\u00e8me d'alimentation du navire et dans diverses tuyauteries, vous pouvez l'utiliser pour sceller les moteurs, les pompes, les vannes et d'autres composants. Sa r\u00e9sistance en fait un choix id\u00e9al pour l'\u00e9tanch\u00e9it\u00e9 des navires, qui peut emp\u00eacher efficacement les fuites d'eau de mer et de carburant.<\/p>\n<h3 class=\"ql-align-justify\">Industrie alimentaire et pharmaceutique :<\/h3>\n<p class=\"ql-align-justify\">Dans l'industrie alimentaire et pharmaceutique, o\u00f9 les exigences en mati\u00e8re d'hygi\u00e8ne sont \u00e9lev\u00e9es, il peut \u00eatre utilis\u00e9 pour sceller les \u00e9quipements de m\u00e9lange, les r\u00e9acteurs et d'autres \u00e9quipements. Gr\u00e2ce \u00e0 ses caract\u00e9ristiques non toxiques et non polluantes, il peut assurer l'\u00e9tanch\u00e9it\u00e9 et garantir que le produit n'est pas contamin\u00e9. Il peut assurer l'effet d'\u00e9tanch\u00e9it\u00e9 et garantir que le produit n'est pas contamin\u00e9.<\/p>","protected":false},"excerpt":{"rendered":"<p class=\"ql-align-justify\">La garniture en graphite, \u00e9galement connue sous le nom de charge d'\u00e9tanch\u00e9it\u00e9 flexible en graphite, est un mat\u00e9riau d'\u00e9tanch\u00e9it\u00e9 fabriqu\u00e9 \u00e0 partir de mati\u00e8res premi\u00e8res en graphite de haute puret\u00e9, par le biais d'un traitement sp\u00e9cial. Il poss\u00e8de une bonne flexibilit\u00e9 et plasticit\u00e9, et peut \u00eatre ajust\u00e9 \u00e9troitement \u00e0 diverses surfaces d'\u00e9tanch\u00e9it\u00e9 pour former une barri\u00e8re d'\u00e9tanch\u00e9it\u00e9 efficace. Gr\u00e2ce \u00e0 ses excellentes propri\u00e9t\u00e9s physiques et chimiques, il convient parfaitement aux applications d'\u00e9tanch\u00e9it\u00e9 dans de nombreux domaines industriels. Il s'agit d'un mat\u00e9riau fiable et durable qui peut r\u00e9pondre aux besoins d'\u00e9tanch\u00e9it\u00e9 dans diff\u00e9rentes conditions de travail.<\/p>\n<p class=\"ql-align-justify\">","protected":false},"featured_media":7431,"template":"","meta":[],"product_brand":[],"product_cat":[38],"product_tag":[],"class_list":{"0":"post-7338","1":"product","2":"type-product","3":"status-publish","4":"has-post-thumbnail","6":"product_cat-graphite-products","8":"first","9":"instock","10":"shipping-taxable","11":"product-type-simple"},"yoast_head":"<!-- This site is optimized with the Yoast SEO Premium plugin v19.2.1 (Yoast SEO v25.3) - https:\/\/yoast.com\/wordpress\/plugins\/seo\/ -->\n<title>Graphite Packing Manufacturer in China | Jinsun Carbon<\/title>\n<meta name=\"robots\" content=\"index, follow, max-snippet:-1, max-image-preview:large, max-video-preview:-1\" \/>\n<link rel=\"canonical\" href=\"https:\/\/jinsuncarbon.com\/fr\/produit-2\/emballage-en-graphite\/\" \/>\n<meta property=\"og:locale\" content=\"fr_FR\" \/>\n<meta property=\"og:type\" content=\"article\" \/>\n<meta property=\"og:title\" content=\"Graphite Packing\" \/>\n<meta property=\"og:description\" content=\"Graphite packing, also known as flexible graphite sealing filler, is a sealing material made of high purity graphite raw materials through special processing. It has good flexibility and plasticity, and can be tightly fitted to various sealing surfaces to form an effective sealing barrier. With its excellent physical and chemical properties, it is excellent in sealing applications in many industrial fields. And it is a reliable and durable material that can fully meet the sealing needs of different working conditions.\" \/>\n<meta property=\"og:url\" content=\"https:\/\/jinsuncarbon.com\/fr\/produit-2\/emballage-en-graphite\/\" \/>\n<meta property=\"og:site_name\" content=\"Jinsun Carbon\" \/>\n<meta property=\"article:publisher\" content=\"https:\/\/www.facebook.com\/Graphite-Electrode-109336238661595\" \/>\n<meta property=\"article:modified_time\" content=\"2025-01-24T11:52:53+00:00\" \/>\n<meta property=\"og:image\" content=\"https:\/\/jinsuncarbon.com\/wp-content\/uploads\/2025\/01\/Graphite-Packing.jpg\" \/>\n\t<meta property=\"og:image:width\" content=\"1024\" \/>\n\t<meta property=\"og:image:height\" content=\"763\" \/>\n\t<meta property=\"og:image:type\" content=\"image\/jpeg\" \/>\n<meta name=\"twitter:card\" content=\"summary_large_image\" \/>\n<meta name=\"twitter:site\" content=\"@jinsuncarbon_\" \/>\n<meta name=\"twitter:label1\" content=\"Dur\u00e9e de lecture estim\u00e9e\" \/>\n\t<meta name=\"twitter:data1\" content=\"4 minutes\" \/>\n<script type=\"application\/ld+json\" class=\"yoast-schema-graph\">{\"@context\":\"https:\/\/schema.org\",\"@graph\":[{\"@type\":\"WebPage\",\"@id\":\"https:\/\/jinsuncarbon.com\/product\/graphite-packing\/\",\"url\":\"https:\/\/jinsuncarbon.com\/product\/graphite-packing\/\",\"name\":\"Graphite Packing Manufacturer in China | Jinsun Carbon\",\"isPartOf\":{\"@id\":\"https:\/\/jinsuncarbon.com\/#website\"},\"primaryImageOfPage\":{\"@id\":\"https:\/\/jinsuncarbon.com\/product\/graphite-packing\/#primaryimage\"},\"image\":{\"@id\":\"https:\/\/jinsuncarbon.com\/product\/graphite-packing\/#primaryimage\"},\"thumbnailUrl\":\"https:\/\/jinsuncarbon.com\/wp-content\/uploads\/2025\/01\/Graphite-Packing.jpg\",\"datePublished\":\"2025-01-24T09:22:15+00:00\",\"dateModified\":\"2025-01-24T11:52:53+00:00\",\"breadcrumb\":{\"@id\":\"https:\/\/jinsuncarbon.com\/product\/graphite-packing\/#breadcrumb\"},\"inLanguage\":\"fr-FR\",\"potentialAction\":[{\"@type\":\"ReadAction\",\"target\":[\"https:\/\/jinsuncarbon.com\/product\/graphite-packing\/\"]}]},{\"@type\":\"ImageObject\",\"inLanguage\":\"fr-FR\",\"@id\":\"https:\/\/jinsuncarbon.com\/product\/graphite-packing\/#primaryimage\",\"url\":\"https:\/\/jinsuncarbon.com\/wp-content\/uploads\/2025\/01\/Graphite-Packing.jpg\",\"contentUrl\":\"https:\/\/jinsuncarbon.com\/wp-content\/uploads\/2025\/01\/Graphite-Packing.jpg\",\"width\":1024,\"height\":763,\"caption\":\"Graphite Packing\"},{\"@type\":\"BreadcrumbList\",\"@id\":\"https:\/\/jinsuncarbon.com\/product\/graphite-packing\/#breadcrumb\",\"itemListElement\":[{\"@type\":\"ListItem\",\"position\":1,\"name\":\"Home\",\"item\":\"https:\/\/jinsuncarbon.com\/\"},{\"@type\":\"ListItem\",\"position\":2,\"name\":\"Products\",\"item\":\"https:\/\/jinsuncarbon.com\/graphite-carbon\/\"},{\"@type\":\"ListItem\",\"position\":3,\"name\":\"Graphite Packing\"}]},{\"@type\":\"WebSite\",\"@id\":\"https:\/\/jinsuncarbon.com\/#website\",\"url\":\"https:\/\/jinsuncarbon.com\/\",\"name\":\"Jinsun Carbon\",\"description\":\"We are the successful graphite electrode manufacturer in China\",\"publisher\":{\"@id\":\"https:\/\/jinsuncarbon.com\/#organization\"},\"potentialAction\":[{\"@type\":\"SearchAction\",\"target\":{\"@type\":\"EntryPoint\",\"urlTemplate\":\"https:\/\/jinsuncarbon.com\/?s={search_term_string}\"},\"query-input\":{\"@type\":\"PropertyValueSpecification\",\"valueRequired\":true,\"valueName\":\"search_term_string\"}}],\"inLanguage\":\"fr-FR\"},{\"@type\":\"Organization\",\"@id\":\"https:\/\/jinsuncarbon.com\/#organization\",\"name\":\"Jinsun Carbon\",\"alternateName\":\"Jinsun Carbon\",\"url\":\"https:\/\/jinsuncarbon.com\/\",\"logo\":{\"@type\":\"ImageObject\",\"inLanguage\":\"fr-FR\",\"@id\":\"https:\/\/jinsuncarbon.com\/#\/schema\/logo\/image\/\",\"url\":\"https:\/\/jinsuncarbon.com\/wp-content\/uploads\/2022\/12\/LOGO-1.png\",\"contentUrl\":\"https:\/\/jinsuncarbon.com\/wp-content\/uploads\/2022\/12\/LOGO-1.png\",\"width\":207,\"height\":80,\"caption\":\"Jinsun Carbon\"},\"image\":{\"@id\":\"https:\/\/jinsuncarbon.com\/#\/schema\/logo\/image\/\"},\"sameAs\":[\"https:\/\/www.facebook.com\/Graphite-Electrode-109336238661595\",\"https:\/\/x.com\/jinsuncarbon_\",\"https:\/\/www.linkedin.com\/in\/jinsungraphite\",\"https:\/\/www.youtube.com\/channel\/UCysDNyvyR5-3cCWEmpkVC0g\"]}]}<\/script>\n<!-- \/ Yoast SEO Premium plugin. -->","yoast_head_json":{"title":"Fabricant d'emballages en graphite en Chine | Jinsun Carbon","robots":{"index":"index","follow":"follow","max-snippet":"max-snippet:-1","max-image-preview":"max-image-preview:large","max-video-preview":"max-video-preview:-1"},"canonical":"https:\/\/jinsuncarbon.com\/fr\/produit-2\/emballage-en-graphite\/","og_locale":"fr_FR","og_type":"article","og_title":"Graphite Packing","og_description":"Graphite packing, also known as flexible graphite sealing filler, is a sealing material made of high purity graphite raw materials through special processing. It has good flexibility and plasticity, and can be tightly fitted to various sealing surfaces to form an effective sealing barrier. With its excellent physical and chemical properties, it is excellent in sealing applications in many industrial fields. And it is a reliable and durable material that can fully meet the sealing needs of different working conditions.","og_url":"https:\/\/jinsuncarbon.com\/fr\/produit-2\/emballage-en-graphite\/","og_site_name":"Jinsun Carbon","article_publisher":"https:\/\/www.facebook.com\/Graphite-Electrode-109336238661595","article_modified_time":"2025-01-24T11:52:53+00:00","og_image":[{"width":1024,"height":763,"url":"https:\/\/jinsuncarbon.com\/wp-content\/uploads\/2025\/01\/Graphite-Packing.jpg","type":"image\/jpeg"}],"twitter_card":"summary_large_image","twitter_site":"@jinsuncarbon_","twitter_misc":{"Dur\u00e9e de lecture estim\u00e9e":"4 minutes"},"schema":{"@context":"https:\/\/schema.org","@graph":[{"@type":"WebPage","@id":"https:\/\/jinsuncarbon.com\/product\/graphite-packing\/","url":"https:\/\/jinsuncarbon.com\/product\/graphite-packing\/","name":"Fabricant d'emballages en graphite en Chine | Jinsun Carbon","isPartOf":{"@id":"https:\/\/jinsuncarbon.com\/#website"},"primaryImageOfPage":{"@id":"https:\/\/jinsuncarbon.com\/product\/graphite-packing\/#primaryimage"},"image":{"@id":"https:\/\/jinsuncarbon.com\/product\/graphite-packing\/#primaryimage"},"thumbnailUrl":"https:\/\/jinsuncarbon.com\/wp-content\/uploads\/2025\/01\/Graphite-Packing.jpg","datePublished":"2025-01-24T09:22:15+00:00","dateModified":"2025-01-24T11:52:53+00:00","breadcrumb":{"@id":"https:\/\/jinsuncarbon.com\/product\/graphite-packing\/#breadcrumb"},"inLanguage":"fr-FR","potentialAction":[{"@type":"ReadAction","target":["https:\/\/jinsuncarbon.com\/product\/graphite-packing\/"]}]},{"@type":"ImageObject","inLanguage":"fr-FR","@id":"https:\/\/jinsuncarbon.com\/product\/graphite-packing\/#primaryimage","url":"https:\/\/jinsuncarbon.com\/wp-content\/uploads\/2025\/01\/Graphite-Packing.jpg","contentUrl":"https:\/\/jinsuncarbon.com\/wp-content\/uploads\/2025\/01\/Graphite-Packing.jpg","width":1024,"height":763,"caption":"Graphite Packing"},{"@type":"BreadcrumbList","@id":"https:\/\/jinsuncarbon.com\/product\/graphite-packing\/#breadcrumb","itemListElement":[{"@type":"ListItem","position":1,"name":"Home","item":"https:\/\/jinsuncarbon.com\/"},{"@type":"ListItem","position":2,"name":"Products","item":"https:\/\/jinsuncarbon.com\/graphite-carbon\/"},{"@type":"ListItem","position":3,"name":"Graphite Packing"}]},{"@type":"WebSite","@id":"https:\/\/jinsuncarbon.com\/#website","url":"https:\/\/jinsuncarbon.com\/","name":"Jinsun Carbon","description":"Nous sommes le fabricant d'\u00e9lectrodes en graphite le plus performant de Chine.","publisher":{"@id":"https:\/\/jinsuncarbon.com\/#organization"},"potentialAction":[{"@type":"SearchAction","target":{"@type":"EntryPoint","urlTemplate":"https:\/\/jinsuncarbon.com\/?s={search_term_string}"},"query-input":{"@type":"PropertyValueSpecification","valueRequired":true,"valueName":"search_term_string"}}],"inLanguage":"fr-FR"},{"@type":"Organization","@id":"https:\/\/jinsuncarbon.com\/#organization","name":"Jinsun Carbon","alternateName":"Jinsun Carbon","url":"https:\/\/jinsuncarbon.com\/","logo":{"@type":"ImageObject","inLanguage":"fr-FR","@id":"https:\/\/jinsuncarbon.com\/#\/schema\/logo\/image\/","url":"https:\/\/jinsuncarbon.com\/wp-content\/uploads\/2022\/12\/LOGO-1.png","contentUrl":"https:\/\/jinsuncarbon.com\/wp-content\/uploads\/2022\/12\/LOGO-1.png","width":207,"height":80,"caption":"Jinsun Carbon"},"image":{"@id":"https:\/\/jinsuncarbon.com\/#\/schema\/logo\/image\/"},"sameAs":["https:\/\/www.facebook.com\/Graphite-Electrode-109336238661595","https:\/\/x.com\/jinsuncarbon_","https:\/\/www.linkedin.com\/in\/jinsungraphite","https:\/\/www.youtube.com\/channel\/UCysDNyvyR5-3cCWEmpkVC0g"]}]}},"_links":{"self":[{"href":"https:\/\/jinsuncarbon.com\/fr\/wp-json\/wp\/v2\/product\/7338","targetHints":{"allow":["GET"]}}],"collection":[{"href":"https:\/\/jinsuncarbon.com\/fr\/wp-json\/wp\/v2\/product"}],"about":[{"href":"https:\/\/jinsuncarbon.com\/fr\/wp-json\/wp\/v2\/types\/product"}],"wp:featuredmedia":[{"embeddable":true,"href":"https:\/\/jinsuncarbon.com\/fr\/wp-json\/wp\/v2\/media\/7431"}],"wp:attachment":[{"href":"https:\/\/jinsuncarbon.com\/fr\/wp-json\/wp\/v2\/media?parent=7338"}],"wp:term":[{"taxonomy":"product_brand","embeddable":true,"href":"https:\/\/jinsuncarbon.com\/fr\/wp-json\/wp\/v2\/product_brand?post=7338"},{"taxonomy":"product_cat","embeddable":true,"href":"https:\/\/jinsuncarbon.com\/fr\/wp-json\/wp\/v2\/product_cat?post=7338"},{"taxonomy":"product_tag","embeddable":true,"href":"https:\/\/jinsuncarbon.com\/fr\/wp-json\/wp\/v2\/product_tag?post=7338"}],"curies":[{"name":"wp","href":"https:\/\/api.w.org\/{rel}","templated":true}]}}