{"id":7335,"date":"2025-01-15T03:22:44","date_gmt":"2025-01-15T03:22:44","guid":{"rendered":"https:\/\/jinsuncarbon.com\/?post_type=product&#038;p=7335"},"modified":"2025-01-15T03:22:44","modified_gmt":"2025-01-15T03:22:44","slug":"boite-en-graphite","status":"publish","type":"product","link":"https:\/\/jinsuncarbon.com\/fr\/produit-2\/boite-en-graphite\/","title":{"rendered":"Bo\u00eete en graphite"},"content":{"rendered":"<h2>Fabricant de bo\u00eetes en graphite<\/h2>\n<p><strong>Avantages de la bo\u00eete en graphite<\/strong><\/p>\n<p>Les bo\u00eetes en graphite sont g\u00e9n\u00e9ralement carr\u00e9es, rondes et d'autres formes r\u00e9guli\u00e8res, faciles \u00e0 installer et \u00e0 utiliser.<\/p>\n<p><strong>Excellente stabilit\u00e9 thermique<\/strong><\/p>\n<p>Il peut conserver sa stabilit\u00e9 structurelle dans des environnements de temp\u00e9ratures extr\u00eames allant de -200\u00b0C \u00e0 1000\u2103, voire plus. De plus, il ne se d\u00e9forme pas facilement et ne s'endommage pas.<\/p>\n<p><strong>Propri\u00e9t\u00e9s chimiques extr\u00eamement stables<\/strong><\/p>\n<p>Il pr\u00e9sente une bonne r\u00e9sistance \u00e0 la corrosion et ne r\u00e9agit pratiquement pas aux substances chimiques courantes telles que les acides et les bases.<\/p>\n<p><strong>Bonne conductivit\u00e9 \u00e9lectrique <\/strong><\/p>\n<p>Il peut conduire efficacement le courant dans certaines sc\u00e8nes impliquant des r\u00e9actions \u00e9lectrochimiques.<\/p>\n<p><strong>R\u00e9sistance m\u00e9canique \u00e9lev\u00e9e<\/strong><\/p>\n<p>Il r\u00e9siste \u00e0 la pression et \u00e0 l'usure et a une longue dur\u00e9e de vie.<\/p>\n<p>&nbsp;<\/p>\n<p>En outre, sa conductivit\u00e9 thermique est \u00e9lev\u00e9e, ce qui permet de transf\u00e9rer la chaleur rapidement et uniform\u00e9ment. Elle assure une distribution \u00e9quilibr\u00e9e de la temp\u00e9rature dans le processus de traitement \u00e0 chaud.<\/p>\n<p>&nbsp;<\/p>\n<h2>Utilisations de la bo\u00eete de graphite<\/h2>\n<ul>\n<li>\n<h3>Champ de pr\u00e9paration des mat\u00e9riaux pour piles au lithium\uff1a<\/h3>\n<\/li>\n<\/ul>\n<p>&nbsp;<\/p>\n<h4>Frittage de batteries au lithium-fer-phosphate<\/h4>\n<p>La bo\u00eete en graphite a une excellente r\u00e9sistance aux temp\u00e9ratures \u00e9lev\u00e9es, une r\u00e9sistance stable \u00e0 plus de 1000\u2103 de temp\u00e9rature \u00e9lev\u00e9e et une structure stable. Son espace relativement ferm\u00e9 peut \u00e9viter le m\u00e9lange d'impuret\u00e9s, assurer la puret\u00e9 du mat\u00e9riau. Et il permet \u00e0 la chaleur de transf\u00e9rer uniform\u00e9ment, de sorte que le frittage est suffisant. Cela favorise la formation d'une structure cristalline id\u00e9ale et am\u00e9liore les performances de la batterie.<\/p>\n<p>&nbsp;<\/p>\n<h4>Carbonisation \u00e0 haute temp\u00e9rature du mat\u00e9riau de l'\u00e9lectrode n\u00e9gative<\/h4>\n<p>Ce processus est r\u00e9alis\u00e9 \u00e0 800-1500 \u2103, et la bo\u00eete de graphite peut emp\u00eacher l'oxydation du mat\u00e9riau. Il assure la distribution uniforme de la chaleur, aide \u00e0 la carbonisation compl\u00e8te, forme une structure de carbone avec de bonnes performances. Et jeter les bases de la pr\u00e9paration de l'\u00e9lectrode n\u00e9gative de la haute performance. <a href=\"https:\/\/www.energy.gov\/energysaver\/articles\/how-lithium-ion-batteries-work\" target=\"_blank\" rel=\"noopener\">batterie au lithium<\/a>.<\/p>\n<p>&nbsp;<\/p>\n<h3>M\u00e9tallurgie :<\/h3>\n<p>Dans le processus de fusion des m\u00e9taux, on peut souvent utiliser la bo\u00eete de graphite comme <a href=\"https:\/\/jinsuncarbon.com\/fr\/produit-2\/creuset-en-graphite\/\">creuset<\/a>. Ses propri\u00e9t\u00e9s chimiques sont stables et peuvent emp\u00eacher les r\u00e9actions chimiques entre les m\u00e9taux et d'autres substances. Il permet d'assurer le bon d\u00e9roulement du processus de fusion des m\u00e9taux et de garantir la puret\u00e9 et la qualit\u00e9 du m\u00e9tal. Parall\u00e8lement, dans le processus de purification de certains m\u00e9taux sp\u00e9ciaux, il peut \u00e9galement jouer un r\u00f4le important en aidant \u00e0 \u00e9liminer les impuret\u00e9s et \u00e0 am\u00e9liorer la puret\u00e9 du m\u00e9tal.<\/p>\n<p>&nbsp;<\/p>\n<h3>Industrie \u00e9lectronique :<\/h3>\n<p>Dans le processus de fabrication des semi-conducteurs, il est possible d'utiliser une bo\u00eete en graphite dans le processus de traitement thermique des puces. Elle peut fournir un environnement stable \u00e0 haute temp\u00e9rature pour la puce et n'introduira pas d'impuret\u00e9s. Elle garantit les performances et la fiabilit\u00e9 de la puce. En outre, dans le processus de frittage des composants \u00e9lectroniques, vous pouvez \u00e9galement l'utiliser comme dispositif de transport. Gr\u00e2ce \u00e0 ses bonnes performances en mati\u00e8re de conduction thermique, les composants \u00e9lectroniques sont chauff\u00e9s de mani\u00e8re homog\u00e8ne et la qualit\u00e9 du frittage s'en trouve am\u00e9lior\u00e9e.<\/p>\n<p>&nbsp;<\/p>\n<h3>Industrie chimique :<\/h3>\n<p>Dans les r\u00e9actions de synth\u00e8se chimique, si la r\u00e9action doit \u00eatre effectu\u00e9e \u00e0 haute temp\u00e9rature, \u00e0 haute pression et dans un environnement corrosif, vous pouvez l'utiliser comme conteneur de r\u00e9action. Sa stabilit\u00e9 chimique et sa r\u00e9sistance aux temp\u00e9ratures et pressions \u00e9lev\u00e9es lui permettent de r\u00e9sister efficacement \u00e0 la corrosion des substances chimiques. Il garantit la s\u00e9curit\u00e9 et la stabilit\u00e9 de la r\u00e9action. Parall\u00e8lement, dans le processus de s\u00e9chage et de torr\u00e9faction de certains produits chimiques, il peut \u00e9galement jouer un r\u00f4le dans l'efficacit\u00e9 des op\u00e9rations de s\u00e9chage et de torr\u00e9faction.<\/p>\n<p>&nbsp;<\/p>\n<h3>Autres utilisations des bo\u00eetes en graphite<\/h3>\n<p><strong>Four de traitement thermique \u00e0 haute temp\u00e9rature<\/strong><\/p>\n<p>La bo\u00eete en graphite peut fournir un environnement \u00e0 haute temp\u00e9rature relativement ind\u00e9pendant pour les articles \u00e0 traiter. Son excellente conductivit\u00e9 thermique permet de chauffer uniform\u00e9ment et d'am\u00e9liorer l'effet du traitement.<\/p>\n<p>&nbsp;<\/p>\n<p><strong>Moulage par m\u00e9tallurgie des poudres<\/strong><\/p>\n<p>Elle est couramment utilis\u00e9e pour contenir des mati\u00e8res premi\u00e8res en poudre. Pendant le processus de coul\u00e9e, la bo\u00eete en graphite peut r\u00e9sister \u00e0 des temp\u00e9ratures \u00e9lev\u00e9es et emp\u00eacher l'oxydation des poudres, ce qui permet d'obtenir des pi\u00e8ces coul\u00e9es m\u00e9tallurgiques de haute qualit\u00e9.<\/p>","protected":false},"excerpt":{"rendered":"<p>La bo\u00eete en graphite est un conteneur fabriqu\u00e9 \u00e0 partir d'un mat\u00e9riau en graphite de grande puret\u00e9. Gr\u00e2ce \u00e0 ses propri\u00e9t\u00e9s physiques et chimiques uniques, il joue un r\u00f4le important dans de nombreux domaines industriels. Il s'agit d'un mat\u00e9riau tr\u00e8s performant et fiable qui peut r\u00e9pondre \u00e0 divers besoins de production.<\/p>\n<p>Dans la fonte et le moulage, vous pouvez utiliser la bo\u00eete de graphite comme moule \u00e0 haute temp\u00e9rature pour fa\u00e7onner avec pr\u00e9cision diverses pi\u00e8ces m\u00e9talliques. Dans le processus de frittage des piles au lithium, il fournit un environnement de r\u00e9action stable \u00e0 haute temp\u00e9rature pour les mat\u00e9riaux des piles.<\/p>\n<p>En outre, vous pouvez personnaliser la taille, la forme et la structure interne de la cartouche d'encre de roche en fonction des caract\u00e9ristiques de votre processus et de vos exigences de production.<\/p>\n<p>&nbsp;<\/p>","protected":false},"featured_media":7341,"template":"","meta":[],"product_brand":[],"product_cat":[38],"product_tag":[],"class_list":{"0":"post-7335","1":"product","2":"type-product","3":"status-publish","4":"has-post-thumbnail","6":"product_cat-graphite-products","8":"first","9":"instock","10":"shipping-taxable","11":"product-type-simple"},"yoast_head":"<!-- This site is optimized with the Yoast SEO Premium plugin v19.2.1 (Yoast SEO v25.3) - https:\/\/yoast.com\/wordpress\/plugins\/seo\/ -->\n<title>Graphite Box Manufacturer in China | Jinsun Carbon<\/title>\n<meta name=\"description\" content=\"Graphite Box Manufacturer in China, It is used for smelting and casting of non-ferrous metals such as aluminum and copper alloys.\" \/>\n<meta name=\"robots\" content=\"index, follow, max-snippet:-1, max-image-preview:large, max-video-preview:-1\" \/>\n<link rel=\"canonical\" href=\"https:\/\/jinsuncarbon.com\/fr\/produit-2\/boite-en-graphite\/\" \/>\n<meta property=\"og:locale\" content=\"fr_FR\" \/>\n<meta property=\"og:type\" content=\"article\" \/>\n<meta property=\"og:title\" content=\"Graphite Box\" \/>\n<meta property=\"og:description\" content=\"Graphite Box Manufacturer in China, It is used for smelting and casting of non-ferrous metals such as aluminum and copper alloys.\" \/>\n<meta property=\"og:url\" content=\"https:\/\/jinsuncarbon.com\/fr\/produit-2\/boite-en-graphite\/\" \/>\n<meta property=\"og:site_name\" content=\"Jinsun Carbon\" \/>\n<meta property=\"article:publisher\" content=\"https:\/\/www.facebook.com\/Graphite-Electrode-109336238661595\" \/>\n<meta property=\"og:image\" content=\"https:\/\/jinsuncarbon.com\/wp-content\/uploads\/2025\/01\/Graphite-box.jpg\" \/>\n\t<meta property=\"og:image:width\" content=\"1024\" \/>\n\t<meta property=\"og:image:height\" content=\"763\" \/>\n\t<meta property=\"og:image:type\" content=\"image\/jpeg\" \/>\n<meta name=\"twitter:card\" content=\"summary_large_image\" \/>\n<meta name=\"twitter:site\" content=\"@jinsuncarbon_\" \/>\n<meta name=\"twitter:label1\" content=\"Dur\u00e9e de lecture estim\u00e9e\" \/>\n\t<meta name=\"twitter:data1\" content=\"3 minutes\" \/>\n<script type=\"application\/ld+json\" class=\"yoast-schema-graph\">{\"@context\":\"https:\/\/schema.org\",\"@graph\":[{\"@type\":\"WebPage\",\"@id\":\"https:\/\/jinsuncarbon.com\/product\/graphite-box\/\",\"url\":\"https:\/\/jinsuncarbon.com\/product\/graphite-box\/\",\"name\":\"Graphite Box Manufacturer in China | Jinsun Carbon\",\"isPartOf\":{\"@id\":\"https:\/\/jinsuncarbon.com\/#website\"},\"primaryImageOfPage\":{\"@id\":\"https:\/\/jinsuncarbon.com\/product\/graphite-box\/#primaryimage\"},\"image\":{\"@id\":\"https:\/\/jinsuncarbon.com\/product\/graphite-box\/#primaryimage\"},\"thumbnailUrl\":\"https:\/\/jinsuncarbon.com\/wp-content\/uploads\/2025\/01\/Graphite-box.jpg\",\"datePublished\":\"2025-01-15T03:22:44+00:00\",\"description\":\"Graphite Box Manufacturer in China, It is used for smelting and casting of non-ferrous metals such as aluminum and copper alloys.\",\"breadcrumb\":{\"@id\":\"https:\/\/jinsuncarbon.com\/product\/graphite-box\/#breadcrumb\"},\"inLanguage\":\"fr-FR\",\"potentialAction\":[{\"@type\":\"ReadAction\",\"target\":[\"https:\/\/jinsuncarbon.com\/product\/graphite-box\/\"]}]},{\"@type\":\"ImageObject\",\"inLanguage\":\"fr-FR\",\"@id\":\"https:\/\/jinsuncarbon.com\/product\/graphite-box\/#primaryimage\",\"url\":\"https:\/\/jinsuncarbon.com\/wp-content\/uploads\/2025\/01\/Graphite-box.jpg\",\"contentUrl\":\"https:\/\/jinsuncarbon.com\/wp-content\/uploads\/2025\/01\/Graphite-box.jpg\",\"width\":1024,\"height\":763,\"caption\":\"Graphite box\"},{\"@type\":\"BreadcrumbList\",\"@id\":\"https:\/\/jinsuncarbon.com\/product\/graphite-box\/#breadcrumb\",\"itemListElement\":[{\"@type\":\"ListItem\",\"position\":1,\"name\":\"Home\",\"item\":\"https:\/\/jinsuncarbon.com\/\"},{\"@type\":\"ListItem\",\"position\":2,\"name\":\"Products\",\"item\":\"https:\/\/jinsuncarbon.com\/graphite-carbon\/\"},{\"@type\":\"ListItem\",\"position\":3,\"name\":\"Graphite Box\"}]},{\"@type\":\"WebSite\",\"@id\":\"https:\/\/jinsuncarbon.com\/#website\",\"url\":\"https:\/\/jinsuncarbon.com\/\",\"name\":\"Jinsun Carbon\",\"description\":\"We are the successful graphite electrode manufacturer in China\",\"publisher\":{\"@id\":\"https:\/\/jinsuncarbon.com\/#organization\"},\"potentialAction\":[{\"@type\":\"SearchAction\",\"target\":{\"@type\":\"EntryPoint\",\"urlTemplate\":\"https:\/\/jinsuncarbon.com\/?s={search_term_string}\"},\"query-input\":{\"@type\":\"PropertyValueSpecification\",\"valueRequired\":true,\"valueName\":\"search_term_string\"}}],\"inLanguage\":\"fr-FR\"},{\"@type\":\"Organization\",\"@id\":\"https:\/\/jinsuncarbon.com\/#organization\",\"name\":\"Jinsun Carbon\",\"alternateName\":\"Jinsun Carbon\",\"url\":\"https:\/\/jinsuncarbon.com\/\",\"logo\":{\"@type\":\"ImageObject\",\"inLanguage\":\"fr-FR\",\"@id\":\"https:\/\/jinsuncarbon.com\/#\/schema\/logo\/image\/\",\"url\":\"https:\/\/jinsuncarbon.com\/wp-content\/uploads\/2022\/12\/LOGO-1.png\",\"contentUrl\":\"https:\/\/jinsuncarbon.com\/wp-content\/uploads\/2022\/12\/LOGO-1.png\",\"width\":207,\"height\":80,\"caption\":\"Jinsun Carbon\"},\"image\":{\"@id\":\"https:\/\/jinsuncarbon.com\/#\/schema\/logo\/image\/\"},\"sameAs\":[\"https:\/\/www.facebook.com\/Graphite-Electrode-109336238661595\",\"https:\/\/x.com\/jinsuncarbon_\",\"https:\/\/www.linkedin.com\/in\/jinsungraphite\",\"https:\/\/www.youtube.com\/channel\/UCysDNyvyR5-3cCWEmpkVC0g\"]}]}<\/script>\n<!-- \/ Yoast SEO Premium plugin. -->","yoast_head_json":{"title":"Fabricant de bo\u00eetes en graphite en Chine | Jinsun Carbon","description":"Il est utilis\u00e9 pour la fusion et le moulage de m\u00e9taux non ferreux tels que l'aluminium et les alliages de cuivre.","robots":{"index":"index","follow":"follow","max-snippet":"max-snippet:-1","max-image-preview":"max-image-preview:large","max-video-preview":"max-video-preview:-1"},"canonical":"https:\/\/jinsuncarbon.com\/fr\/produit-2\/boite-en-graphite\/","og_locale":"fr_FR","og_type":"article","og_title":"Graphite Box","og_description":"Graphite Box Manufacturer in China, It is used for smelting and casting of non-ferrous metals such as aluminum and copper alloys.","og_url":"https:\/\/jinsuncarbon.com\/fr\/produit-2\/boite-en-graphite\/","og_site_name":"Jinsun Carbon","article_publisher":"https:\/\/www.facebook.com\/Graphite-Electrode-109336238661595","og_image":[{"width":1024,"height":763,"url":"https:\/\/jinsuncarbon.com\/wp-content\/uploads\/2025\/01\/Graphite-box.jpg","type":"image\/jpeg"}],"twitter_card":"summary_large_image","twitter_site":"@jinsuncarbon_","twitter_misc":{"Dur\u00e9e de lecture estim\u00e9e":"3 minutes"},"schema":{"@context":"https:\/\/schema.org","@graph":[{"@type":"WebPage","@id":"https:\/\/jinsuncarbon.com\/product\/graphite-box\/","url":"https:\/\/jinsuncarbon.com\/product\/graphite-box\/","name":"Fabricant de bo\u00eetes en graphite en Chine | Jinsun Carbon","isPartOf":{"@id":"https:\/\/jinsuncarbon.com\/#website"},"primaryImageOfPage":{"@id":"https:\/\/jinsuncarbon.com\/product\/graphite-box\/#primaryimage"},"image":{"@id":"https:\/\/jinsuncarbon.com\/product\/graphite-box\/#primaryimage"},"thumbnailUrl":"https:\/\/jinsuncarbon.com\/wp-content\/uploads\/2025\/01\/Graphite-box.jpg","datePublished":"2025-01-15T03:22:44+00:00","description":"Il est utilis\u00e9 pour la fusion et le moulage de m\u00e9taux non ferreux tels que l'aluminium et les alliages de cuivre.","breadcrumb":{"@id":"https:\/\/jinsuncarbon.com\/product\/graphite-box\/#breadcrumb"},"inLanguage":"fr-FR","potentialAction":[{"@type":"ReadAction","target":["https:\/\/jinsuncarbon.com\/product\/graphite-box\/"]}]},{"@type":"ImageObject","inLanguage":"fr-FR","@id":"https:\/\/jinsuncarbon.com\/product\/graphite-box\/#primaryimage","url":"https:\/\/jinsuncarbon.com\/wp-content\/uploads\/2025\/01\/Graphite-box.jpg","contentUrl":"https:\/\/jinsuncarbon.com\/wp-content\/uploads\/2025\/01\/Graphite-box.jpg","width":1024,"height":763,"caption":"Graphite box"},{"@type":"BreadcrumbList","@id":"https:\/\/jinsuncarbon.com\/product\/graphite-box\/#breadcrumb","itemListElement":[{"@type":"ListItem","position":1,"name":"Home","item":"https:\/\/jinsuncarbon.com\/"},{"@type":"ListItem","position":2,"name":"Products","item":"https:\/\/jinsuncarbon.com\/graphite-carbon\/"},{"@type":"ListItem","position":3,"name":"Graphite Box"}]},{"@type":"WebSite","@id":"https:\/\/jinsuncarbon.com\/#website","url":"https:\/\/jinsuncarbon.com\/","name":"Jinsun Carbon","description":"Nous sommes le fabricant d'\u00e9lectrodes en graphite le plus performant de Chine.","publisher":{"@id":"https:\/\/jinsuncarbon.com\/#organization"},"potentialAction":[{"@type":"SearchAction","target":{"@type":"EntryPoint","urlTemplate":"https:\/\/jinsuncarbon.com\/?s={search_term_string}"},"query-input":{"@type":"PropertyValueSpecification","valueRequired":true,"valueName":"search_term_string"}}],"inLanguage":"fr-FR"},{"@type":"Organization","@id":"https:\/\/jinsuncarbon.com\/#organization","name":"Jinsun Carbon","alternateName":"Jinsun Carbon","url":"https:\/\/jinsuncarbon.com\/","logo":{"@type":"ImageObject","inLanguage":"fr-FR","@id":"https:\/\/jinsuncarbon.com\/#\/schema\/logo\/image\/","url":"https:\/\/jinsuncarbon.com\/wp-content\/uploads\/2022\/12\/LOGO-1.png","contentUrl":"https:\/\/jinsuncarbon.com\/wp-content\/uploads\/2022\/12\/LOGO-1.png","width":207,"height":80,"caption":"Jinsun Carbon"},"image":{"@id":"https:\/\/jinsuncarbon.com\/#\/schema\/logo\/image\/"},"sameAs":["https:\/\/www.facebook.com\/Graphite-Electrode-109336238661595","https:\/\/x.com\/jinsuncarbon_","https:\/\/www.linkedin.com\/in\/jinsungraphite","https:\/\/www.youtube.com\/channel\/UCysDNyvyR5-3cCWEmpkVC0g"]}]}},"_links":{"self":[{"href":"https:\/\/jinsuncarbon.com\/fr\/wp-json\/wp\/v2\/product\/7335","targetHints":{"allow":["GET"]}}],"collection":[{"href":"https:\/\/jinsuncarbon.com\/fr\/wp-json\/wp\/v2\/product"}],"about":[{"href":"https:\/\/jinsuncarbon.com\/fr\/wp-json\/wp\/v2\/types\/product"}],"wp:featuredmedia":[{"embeddable":true,"href":"https:\/\/jinsuncarbon.com\/fr\/wp-json\/wp\/v2\/media\/7341"}],"wp:attachment":[{"href":"https:\/\/jinsuncarbon.com\/fr\/wp-json\/wp\/v2\/media?parent=7335"}],"wp:term":[{"taxonomy":"product_brand","embeddable":true,"href":"https:\/\/jinsuncarbon.com\/fr\/wp-json\/wp\/v2\/product_brand?post=7335"},{"taxonomy":"product_cat","embeddable":true,"href":"https:\/\/jinsuncarbon.com\/fr\/wp-json\/wp\/v2\/product_cat?post=7335"},{"taxonomy":"product_tag","embeddable":true,"href":"https:\/\/jinsuncarbon.com\/fr\/wp-json\/wp\/v2\/product_tag?post=7335"}],"curies":[{"name":"wp","href":"https:\/\/api.w.org\/{rel}","templated":true}]}}