{"id":7327,"date":"2025-01-14T00:52:47","date_gmt":"2025-01-14T00:52:47","guid":{"rendered":"https:\/\/jinsuncarbon.com\/?post_type=product&#038;p=7327"},"modified":"2025-01-17T20:37:46","modified_gmt":"2025-01-17T20:37:46","slug":"glectrode-en-graphite-de-300-mm","status":"publish","type":"product","link":"https:\/\/jinsuncarbon.com\/fr\/produit-2\/glectrode-en-graphite-de-300-mm\/","title":{"rendered":"\u00c9lectrode en graphite de 300 mm"},"content":{"rendered":"<h2 class=\"ql-align-justify\">Electrode en graphite de 300 mm Fabricant<\/h2>\n<p class=\"ql-align-justify\">Les avantages de l'\u00e9lectrode en graphite de 300 mm sont tr\u00e8s importants.<\/p>\n<p class=\"ql-align-justify\"><strong>Excellente conductivit\u00e9 \u00e9lectrique<\/strong><\/p>\n<p class=\"ql-align-justify\">Il peut transf\u00e9rer efficacement le courant pendant les op\u00e9rations sous tension, ce qui r\u00e9duit consid\u00e9rablement les pertes de puissance. Ceci est particuli\u00e8rement important dans les sc\u00e9narios industriels o\u00f9 les exigences en mati\u00e8re de transmission de courant sont s\u00e9v\u00e8res.<\/p>\n<p class=\"ql-align-justify\"><strong>Excellente r\u00e9sistance aux hautes temp\u00e9ratures<\/strong><\/p>\n<p class=\"ql-align-justify\">Il peut r\u00e9sister \u00e0 des temp\u00e9ratures extr\u00eamement \u00e9lev\u00e9es sans ramollissement, d\u00e9formation ou autres probl\u00e8mes. Il peut fonctionner de mani\u00e8re stable dans des environnements \u00e0 haute temp\u00e9rature pendant une longue p\u00e9riode.<\/p>\n<p class=\"ql-align-justify\"><strong>Bonne stabilit\u00e9 chimique<\/strong><\/p>\n<p class=\"ql-align-justify\">C'est \u00e9galement un point fort de l'\u00e9lectrode en graphite de 300 mm, elle pr\u00e9sente une forte r\u00e9sistance \u00e0 la corrosion de diverses substances chimiques. M\u00eame dans un environnement chimique difficile, tel qu'un acide fort ou un alcali, elle peut conserver sa propre structure et la stabilit\u00e9 de ses performances.<\/p>\n<p class=\"ql-align-justify\"><strong>R\u00e9sistance m\u00e9canique \u00e9lev\u00e9e<\/strong><\/p>\n<p class=\"ql-align-justify\">Il n'est pas facile \u00e0 casser et pr\u00e9sente une bonne r\u00e9sistance aux chocs. Il peut r\u00e9sister \u00e0 un certain degr\u00e9 de force externe dans le processus d'exploitation industrielle afin d'assurer la continuit\u00e9 de la production.<\/p>\n<p class=\"ql-align-justify\">En outre, ses performances de traitement sont bonnes, ce qui lui permet de couper, de percer et d'effectuer d'autres op\u00e9rations de traitement en fonction des diff\u00e9rents besoins industriels.<\/p>\n<h2 class=\"ql-align-justify\">Utilisation des \u00e9lectrodes en graphite de 300 mm<\/h2>\n<p class=\"ql-align-justify\">L'\u00e9lectrode en graphite de 300 mm a une large gamme d'applications.<\/p>\n<p class=\"ql-align-justify\"><strong>Dans l'industrie sid\u00e9rurgique<\/strong><\/p>\n<p class=\"ql-align-justify\">Il s'agit de l'\u00e9l\u00e9ment central de la fabrication de l'acier par four \u00e0 arc \u00e9lectrique. Le courant puissant forme un arc entre les <a href=\"https:\/\/jinsuncarbon.com\/fr\/produit-2\/electrode-graphite-600mm-uhp\/\">\u00e9lectrode<\/a> et la charge, d\u00e9gageant instantan\u00e9ment une chaleur \u00e9norme. La charge fond ainsi rapidement, ce qui am\u00e9liore grandement l'efficacit\u00e9 et la qualit\u00e9 de la production. <a href=\"https:\/\/www.britannica.com\/technology\/steel\/Primary-steelmaking\" target=\"_blank\" rel=\"noopener\">sid\u00e9rurgie<\/a>. Il s'agit d'un \u00e9l\u00e9ment cl\u00e9 indispensable \u00e0 la production moderne d'acier.<\/p>\n<p class=\"ql-align-justify\"><strong>Dans le domaine de la fusion des m\u00e9taux non ferreux<\/strong><\/p>\n<p class=\"ql-align-justify\">Pour le raffinage \u00e9lectrolytique du cuivre, de l'aluminium et d'autres m\u00e9taux, l'\u00e9lectrode en graphite de 300 mm est le mat\u00e9riau de base. <a href=\"https:\/\/jinsuncarbon.com\/fr\/anode-de-carbone-production-daluminium\/\">anode<\/a>participent \u00e0 la r\u00e9action \u00e9lectrochimique. Il favorise la pr\u00e9cipitation harmonieuse des ions m\u00e9talliques dans la cathode, afin de r\u00e9aliser la purification et l'affinage des m\u00e9taux.<\/p>\n<p class=\"ql-align-justify\"><strong>Dans l'industrie chimique<\/strong><\/p>\n<p class=\"ql-align-justify\">Dans de nombreux processus \u00e9lectrolytiques, il peut jouer un r\u00f4le stable dans la cellule \u00e9lectrolytique. (Comme la production de chlore, d'hydrog\u00e8ne et de soude caustique par \u00e9lectrolyse de l'eau sal\u00e9e dans l'industrie du chlore et de la soude. Ainsi que diverses autres r\u00e9actions de synth\u00e8se \u00e9lectrolytique). Il peut r\u00e9sister \u00e0 la corrosion de l'\u00e9lectrolyte et aux diverses influences provoqu\u00e9es par la r\u00e9action \u00e9lectrochimique. Il assure un fonctionnement efficace et stable de l'installation. <a href=\"https:\/\/www.merriam-webster.com\/dictionary\/electrolytic\" target=\"_blank\" rel=\"noopener\">\u00e9lectrolytique<\/a> processus.<\/p>\n<p class=\"ql-align-justify\"><strong>Dans certains \u00e9quipements de chauffage industriels sp\u00e9ciaux<\/strong><\/p>\n<p class=\"ql-align-justify\">Vous pouvez \u00e9galement utiliser des \u00e9lectrodes en graphite de 300 mm comme \u00e9l\u00e9ments chauffants. Gr\u00e2ce \u00e0 leur bonne conductivit\u00e9 \u00e9lectrique et \u00e0 leur r\u00e9sistance aux temp\u00e9ratures \u00e9lev\u00e9es, elles peuvent rapidement g\u00e9n\u00e9rer une chaleur stable apr\u00e8s avoir \u00e9t\u00e9 mises sous tension, afin de r\u00e9pondre aux besoins de chauffage de processus de production industriels sp\u00e9cifiques.<\/p>\n<h2>Sp\u00e9cifications<\/h2>\n<div class=\"J_module\">\n<div class=\"ife-detail-decorate-table\">\n<table class=\"has-title is-zebra hight-light-first-column all magic-13\">\n<tbody>\n<tr>\n<td colspan=\"3\" rowspan=\"1\">\n<div class=\"magic-14\">\n<div class=\"magic-4\" data-spm-anchor-id=\"0.0.0.i20.40134f05OSVOko\">\u00a0\u00c9lectrode en graphite de 300 mm<\/div>\n<\/div>\n<\/td>\n<\/tr>\n<tr>\n<td colspan=\"1\" rowspan=\"1\">\n<div class=\"magic-18\">Objet<\/div>\n<\/td>\n<td colspan=\"1\" rowspan=\"1\">\n<div class=\"magic-16\">unit\u00e9<\/div>\n<\/td>\n<td colspan=\"1\" rowspan=\"1\">\n<div class=\"magic-19\">Valeur<\/div>\n<\/td>\n<\/tr>\n<tr>\n<td colspan=\"1\" rowspan=\"1\">\n<div class=\"magic-18\">Densit\u00e9 apparente<\/div>\n<\/td>\n<td colspan=\"1\" rowspan=\"1\">\n<div class=\"magic-16\">g\/cm3<\/div>\n<\/td>\n<td colspan=\"1\" rowspan=\"1\">\n<div class=\"magic-19\">1.68-1.72<\/div>\n<\/td>\n<\/tr>\n<tr>\n<td colspan=\"1\" rowspan=\"1\">\n<div class=\"magic-18\">R\u00e9sistance sp\u00e9cifique<\/div>\n<\/td>\n<td colspan=\"1\" rowspan=\"1\">\n<div class=\"magic-16\">\u03bc\u03a9-m<\/div>\n<\/td>\n<td colspan=\"1\" rowspan=\"1\">\n<div class=\"magic-19\">5.5<\/div>\n<\/td>\n<\/tr>\n<tr>\n<td colspan=\"1\" rowspan=\"1\">\n<div class=\"magic-18\">R\u00e9sistance \u00e0 la flexion<\/div>\n<\/td>\n<td colspan=\"1\" rowspan=\"1\">\n<div class=\"magic-16\">Mpa<\/div>\n<\/td>\n<td colspan=\"1\" rowspan=\"1\">\n<div class=\"magic-19\">10.5-11<\/div>\n<\/td>\n<\/tr>\n<tr>\n<td colspan=\"1\" rowspan=\"1\">\n<div class=\"magic-18\">Teneur en cendres<\/div>\n<\/td>\n<td colspan=\"1\" rowspan=\"1\">\n<div class=\"magic-16\">%<\/div>\n<\/td>\n<td colspan=\"1\" rowspan=\"1\">\n<div class=\"magic-19\">0.2-0.3<\/div>\n<\/td>\n<\/tr>\n<tr>\n<td colspan=\"1\" rowspan=\"1\">\n<div class=\"magic-18\">Module d'\u00e9lasticit\u00e9<\/div>\n<\/td>\n<td colspan=\"1\" rowspan=\"1\">\n<div class=\"magic-16\">Gpa<\/div>\n<\/td>\n<td colspan=\"1\" rowspan=\"1\">\n<div class=\"magic-19\">14<\/div>\n<\/td>\n<\/tr>\n<\/tbody>\n<\/table>\n<\/div>\n<\/div>\n<div class=\"J_module\">\n<div class=\"detail-decorate-json-renderer-container\">\n<div class=\"magic-0\"><\/div>\n<\/div>\n<\/div>","protected":false},"excerpt":{"rendered":"<p class=\"ql-align-justify\">L'\u00e9lectrode de graphite de 300 mm est une \u00e9lectrode cylindrique soigneusement fabriqu\u00e9e \u00e0 partir de mati\u00e8res premi\u00e8res de graphite de grande puret\u00e9. Gr\u00e2ce \u00e0 ses excellentes propri\u00e9t\u00e9s physiques et chimiques, elle joue un r\u00f4le cl\u00e9 dans de nombreux liens de production industrielle. Il s'agit d'un mat\u00e9riau de haute qualit\u00e9 qui peut r\u00e9pondre \u00e0 des exigences \u00e9lev\u00e9es en mati\u00e8re de r\u00e9sistance et d'op\u00e9rations industrielles.<\/p>\n<p class=\"ql-align-justify\">Dans le processus de fabrication, la s\u00e9lection des mati\u00e8res premi\u00e8res est extr\u00eamement stricte, et nous n'utilisons que des mati\u00e8res premi\u00e8res de graphite de haute qualit\u00e9 et extr\u00eamement pures. Cela constitue une garantie solide de la qualit\u00e9 du produit d\u00e8s la source. Dans le processus de production, nous utilisons une technologie de formage avanc\u00e9e, telle que le pressage isostatique, etc. Pour s'assurer que la densit\u00e9 de l'\u00e9lectrode est uniforme et que la structure est dense.<\/p>\n<p class=\"ql-align-justify\">","protected":false},"featured_media":7331,"template":"","meta":[],"product_brand":[],"product_cat":[37],"product_tag":[],"class_list":{"0":"post-7327","1":"product","2":"type-product","3":"status-publish","4":"has-post-thumbnail","6":"product_cat-graphite-electrode","8":"first","9":"instock","10":"shipping-taxable","11":"product-type-simple"},"yoast_head":"<!-- This site is optimized with the Yoast SEO Premium plugin v19.2.1 (Yoast SEO v25.3) - https:\/\/yoast.com\/wordpress\/plugins\/seo\/ -->\n<title>300mm Graphite Electrode Manufacturer | Jinsun Carbon<\/title>\n<meta name=\"description\" content=\"300mm Graphite Electrode Manufacturer in China, It is used in the smelting of non-ferrous metals, including refining and crude steelmaking in electric arc furnaces.\" \/>\n<meta name=\"robots\" content=\"index, follow, max-snippet:-1, max-image-preview:large, max-video-preview:-1\" \/>\n<link rel=\"canonical\" href=\"https:\/\/jinsuncarbon.com\/fr\/produit-2\/glectrode-en-graphite-de-300-mm\/\" \/>\n<meta property=\"og:locale\" content=\"fr_FR\" \/>\n<meta property=\"og:type\" content=\"article\" \/>\n<meta property=\"og:title\" content=\"300mm Graphite Electrode\" \/>\n<meta property=\"og:description\" content=\"300mm Graphite Electrode Manufacturer in China, It is used in the smelting of non-ferrous metals, including refining and crude steelmaking in electric arc furnaces.\" \/>\n<meta property=\"og:url\" content=\"https:\/\/jinsuncarbon.com\/fr\/produit-2\/glectrode-en-graphite-de-300-mm\/\" \/>\n<meta property=\"og:site_name\" content=\"Jinsun Carbon\" \/>\n<meta property=\"article:publisher\" content=\"https:\/\/www.facebook.com\/Graphite-Electrode-109336238661595\" \/>\n<meta property=\"article:modified_time\" content=\"2025-01-17T20:37:46+00:00\" \/>\n<meta property=\"og:image\" content=\"https:\/\/jinsuncarbon.com\/wp-content\/uploads\/2025\/01\/300mm-Graphite-Electrode.jpg\" \/>\n\t<meta property=\"og:image:width\" content=\"1024\" \/>\n\t<meta property=\"og:image:height\" content=\"763\" \/>\n\t<meta property=\"og:image:type\" content=\"image\/jpeg\" \/>\n<meta name=\"twitter:card\" content=\"summary_large_image\" \/>\n<meta name=\"twitter:site\" content=\"@jinsuncarbon_\" \/>\n<meta name=\"twitter:label1\" content=\"Dur\u00e9e de lecture estim\u00e9e\" \/>\n\t<meta name=\"twitter:data1\" content=\"3 minutes\" \/>\n<script type=\"application\/ld+json\" class=\"yoast-schema-graph\">{\"@context\":\"https:\/\/schema.org\",\"@graph\":[{\"@type\":\"WebPage\",\"@id\":\"https:\/\/jinsuncarbon.com\/product\/300mm-graphite-glectrode\/\",\"url\":\"https:\/\/jinsuncarbon.com\/product\/300mm-graphite-glectrode\/\",\"name\":\"300mm Graphite Electrode Manufacturer | Jinsun Carbon\",\"isPartOf\":{\"@id\":\"https:\/\/jinsuncarbon.com\/#website\"},\"primaryImageOfPage\":{\"@id\":\"https:\/\/jinsuncarbon.com\/product\/300mm-graphite-glectrode\/#primaryimage\"},\"image\":{\"@id\":\"https:\/\/jinsuncarbon.com\/product\/300mm-graphite-glectrode\/#primaryimage\"},\"thumbnailUrl\":\"https:\/\/jinsuncarbon.com\/wp-content\/uploads\/2025\/01\/300mm-Graphite-Electrode.jpg\",\"datePublished\":\"2025-01-14T00:52:47+00:00\",\"dateModified\":\"2025-01-17T20:37:46+00:00\",\"description\":\"300mm Graphite Electrode Manufacturer in China, It is used in the smelting of non-ferrous metals, including refining and crude steelmaking in electric arc furnaces.\",\"breadcrumb\":{\"@id\":\"https:\/\/jinsuncarbon.com\/product\/300mm-graphite-glectrode\/#breadcrumb\"},\"inLanguage\":\"fr-FR\",\"potentialAction\":[{\"@type\":\"ReadAction\",\"target\":[\"https:\/\/jinsuncarbon.com\/product\/300mm-graphite-glectrode\/\"]}]},{\"@type\":\"ImageObject\",\"inLanguage\":\"fr-FR\",\"@id\":\"https:\/\/jinsuncarbon.com\/product\/300mm-graphite-glectrode\/#primaryimage\",\"url\":\"https:\/\/jinsuncarbon.com\/wp-content\/uploads\/2025\/01\/300mm-Graphite-Electrode.jpg\",\"contentUrl\":\"https:\/\/jinsuncarbon.com\/wp-content\/uploads\/2025\/01\/300mm-Graphite-Electrode.jpg\",\"width\":1024,\"height\":763,\"caption\":\"300mm Graphite Electrode\"},{\"@type\":\"BreadcrumbList\",\"@id\":\"https:\/\/jinsuncarbon.com\/product\/300mm-graphite-glectrode\/#breadcrumb\",\"itemListElement\":[{\"@type\":\"ListItem\",\"position\":1,\"name\":\"Home\",\"item\":\"https:\/\/jinsuncarbon.com\/\"},{\"@type\":\"ListItem\",\"position\":2,\"name\":\"Products\",\"item\":\"https:\/\/jinsuncarbon.com\/graphite-carbon\/\"},{\"@type\":\"ListItem\",\"position\":3,\"name\":\"300mm Graphite Electrode\"}]},{\"@type\":\"WebSite\",\"@id\":\"https:\/\/jinsuncarbon.com\/#website\",\"url\":\"https:\/\/jinsuncarbon.com\/\",\"name\":\"Jinsun Carbon\",\"description\":\"We are the successful graphite electrode manufacturer in China\",\"publisher\":{\"@id\":\"https:\/\/jinsuncarbon.com\/#organization\"},\"potentialAction\":[{\"@type\":\"SearchAction\",\"target\":{\"@type\":\"EntryPoint\",\"urlTemplate\":\"https:\/\/jinsuncarbon.com\/?s={search_term_string}\"},\"query-input\":{\"@type\":\"PropertyValueSpecification\",\"valueRequired\":true,\"valueName\":\"search_term_string\"}}],\"inLanguage\":\"fr-FR\"},{\"@type\":\"Organization\",\"@id\":\"https:\/\/jinsuncarbon.com\/#organization\",\"name\":\"Jinsun Carbon\",\"alternateName\":\"Jinsun Carbon\",\"url\":\"https:\/\/jinsuncarbon.com\/\",\"logo\":{\"@type\":\"ImageObject\",\"inLanguage\":\"fr-FR\",\"@id\":\"https:\/\/jinsuncarbon.com\/#\/schema\/logo\/image\/\",\"url\":\"https:\/\/jinsuncarbon.com\/wp-content\/uploads\/2022\/12\/LOGO-1.png\",\"contentUrl\":\"https:\/\/jinsuncarbon.com\/wp-content\/uploads\/2022\/12\/LOGO-1.png\",\"width\":207,\"height\":80,\"caption\":\"Jinsun Carbon\"},\"image\":{\"@id\":\"https:\/\/jinsuncarbon.com\/#\/schema\/logo\/image\/\"},\"sameAs\":[\"https:\/\/www.facebook.com\/Graphite-Electrode-109336238661595\",\"https:\/\/x.com\/jinsuncarbon_\",\"https:\/\/www.linkedin.com\/in\/jinsungraphite\",\"https:\/\/www.youtube.com\/channel\/UCysDNyvyR5-3cCWEmpkVC0g\"]}]}<\/script>\n<!-- \/ Yoast SEO Premium plugin. -->","yoast_head_json":{"title":"Electrode en graphite de 300 mm | Jinsun Carbon","description":"Electrode en graphite de 300 mm fabriqu\u00e9e en Chine, Elle est utilis\u00e9e dans la fusion des m\u00e9taux non ferreux, y compris l'affinage et la fabrication d'acier brut dans les fours \u00e0 arc \u00e9lectrique.","robots":{"index":"index","follow":"follow","max-snippet":"max-snippet:-1","max-image-preview":"max-image-preview:large","max-video-preview":"max-video-preview:-1"},"canonical":"https:\/\/jinsuncarbon.com\/fr\/produit-2\/glectrode-en-graphite-de-300-mm\/","og_locale":"fr_FR","og_type":"article","og_title":"300mm Graphite Electrode","og_description":"300mm Graphite Electrode Manufacturer in China, It is used in the smelting of non-ferrous metals, including refining and crude steelmaking in electric arc furnaces.","og_url":"https:\/\/jinsuncarbon.com\/fr\/produit-2\/glectrode-en-graphite-de-300-mm\/","og_site_name":"Jinsun Carbon","article_publisher":"https:\/\/www.facebook.com\/Graphite-Electrode-109336238661595","article_modified_time":"2025-01-17T20:37:46+00:00","og_image":[{"width":1024,"height":763,"url":"https:\/\/jinsuncarbon.com\/wp-content\/uploads\/2025\/01\/300mm-Graphite-Electrode.jpg","type":"image\/jpeg"}],"twitter_card":"summary_large_image","twitter_site":"@jinsuncarbon_","twitter_misc":{"Dur\u00e9e de lecture estim\u00e9e":"3 minutes"},"schema":{"@context":"https:\/\/schema.org","@graph":[{"@type":"WebPage","@id":"https:\/\/jinsuncarbon.com\/product\/300mm-graphite-glectrode\/","url":"https:\/\/jinsuncarbon.com\/product\/300mm-graphite-glectrode\/","name":"Electrode en graphite de 300 mm | Jinsun Carbon","isPartOf":{"@id":"https:\/\/jinsuncarbon.com\/#website"},"primaryImageOfPage":{"@id":"https:\/\/jinsuncarbon.com\/product\/300mm-graphite-glectrode\/#primaryimage"},"image":{"@id":"https:\/\/jinsuncarbon.com\/product\/300mm-graphite-glectrode\/#primaryimage"},"thumbnailUrl":"https:\/\/jinsuncarbon.com\/wp-content\/uploads\/2025\/01\/300mm-Graphite-Electrode.jpg","datePublished":"2025-01-14T00:52:47+00:00","dateModified":"2025-01-17T20:37:46+00:00","description":"Electrode en graphite de 300 mm fabriqu\u00e9e en Chine, Elle est utilis\u00e9e dans la fusion des m\u00e9taux non ferreux, y compris l'affinage et la fabrication d'acier brut dans les fours \u00e0 arc \u00e9lectrique.","breadcrumb":{"@id":"https:\/\/jinsuncarbon.com\/product\/300mm-graphite-glectrode\/#breadcrumb"},"inLanguage":"fr-FR","potentialAction":[{"@type":"ReadAction","target":["https:\/\/jinsuncarbon.com\/product\/300mm-graphite-glectrode\/"]}]},{"@type":"ImageObject","inLanguage":"fr-FR","@id":"https:\/\/jinsuncarbon.com\/product\/300mm-graphite-glectrode\/#primaryimage","url":"https:\/\/jinsuncarbon.com\/wp-content\/uploads\/2025\/01\/300mm-Graphite-Electrode.jpg","contentUrl":"https:\/\/jinsuncarbon.com\/wp-content\/uploads\/2025\/01\/300mm-Graphite-Electrode.jpg","width":1024,"height":763,"caption":"300mm Graphite Electrode"},{"@type":"BreadcrumbList","@id":"https:\/\/jinsuncarbon.com\/product\/300mm-graphite-glectrode\/#breadcrumb","itemListElement":[{"@type":"ListItem","position":1,"name":"Home","item":"https:\/\/jinsuncarbon.com\/"},{"@type":"ListItem","position":2,"name":"Products","item":"https:\/\/jinsuncarbon.com\/graphite-carbon\/"},{"@type":"ListItem","position":3,"name":"300mm Graphite Electrode"}]},{"@type":"WebSite","@id":"https:\/\/jinsuncarbon.com\/#website","url":"https:\/\/jinsuncarbon.com\/","name":"Jinsun Carbon","description":"Nous sommes le fabricant d'\u00e9lectrodes en graphite le plus performant de Chine.","publisher":{"@id":"https:\/\/jinsuncarbon.com\/#organization"},"potentialAction":[{"@type":"SearchAction","target":{"@type":"EntryPoint","urlTemplate":"https:\/\/jinsuncarbon.com\/?s={search_term_string}"},"query-input":{"@type":"PropertyValueSpecification","valueRequired":true,"valueName":"search_term_string"}}],"inLanguage":"fr-FR"},{"@type":"Organization","@id":"https:\/\/jinsuncarbon.com\/#organization","name":"Jinsun Carbon","alternateName":"Jinsun Carbon","url":"https:\/\/jinsuncarbon.com\/","logo":{"@type":"ImageObject","inLanguage":"fr-FR","@id":"https:\/\/jinsuncarbon.com\/#\/schema\/logo\/image\/","url":"https:\/\/jinsuncarbon.com\/wp-content\/uploads\/2022\/12\/LOGO-1.png","contentUrl":"https:\/\/jinsuncarbon.com\/wp-content\/uploads\/2022\/12\/LOGO-1.png","width":207,"height":80,"caption":"Jinsun Carbon"},"image":{"@id":"https:\/\/jinsuncarbon.com\/#\/schema\/logo\/image\/"},"sameAs":["https:\/\/www.facebook.com\/Graphite-Electrode-109336238661595","https:\/\/x.com\/jinsuncarbon_","https:\/\/www.linkedin.com\/in\/jinsungraphite","https:\/\/www.youtube.com\/channel\/UCysDNyvyR5-3cCWEmpkVC0g"]}]}},"_links":{"self":[{"href":"https:\/\/jinsuncarbon.com\/fr\/wp-json\/wp\/v2\/product\/7327","targetHints":{"allow":["GET"]}}],"collection":[{"href":"https:\/\/jinsuncarbon.com\/fr\/wp-json\/wp\/v2\/product"}],"about":[{"href":"https:\/\/jinsuncarbon.com\/fr\/wp-json\/wp\/v2\/types\/product"}],"wp:featuredmedia":[{"embeddable":true,"href":"https:\/\/jinsuncarbon.com\/fr\/wp-json\/wp\/v2\/media\/7331"}],"wp:attachment":[{"href":"https:\/\/jinsuncarbon.com\/fr\/wp-json\/wp\/v2\/media?parent=7327"}],"wp:term":[{"taxonomy":"product_brand","embeddable":true,"href":"https:\/\/jinsuncarbon.com\/fr\/wp-json\/wp\/v2\/product_brand?post=7327"},{"taxonomy":"product_cat","embeddable":true,"href":"https:\/\/jinsuncarbon.com\/fr\/wp-json\/wp\/v2\/product_cat?post=7327"},{"taxonomy":"product_tag","embeddable":true,"href":"https:\/\/jinsuncarbon.com\/fr\/wp-json\/wp\/v2\/product_tag?post=7327"}],"curies":[{"name":"wp","href":"https:\/\/api.w.org\/{rel}","templated":true}]}}