{"id":7316,"date":"2025-01-12T13:56:18","date_gmt":"2025-01-12T13:56:18","guid":{"rendered":"https:\/\/jinsuncarbon.com\/?post_type=product&#038;p=7316"},"modified":"2025-04-06T11:14:39","modified_gmt":"2025-04-06T11:14:39","slug":"pate-delectrode-soderbergh","status":"publish","type":"product","link":"https:\/\/jinsuncarbon.com\/fr\/produit-2\/pate-delectrode-soderbergh\/","title":{"rendered":"P\u00e2te d'\u00e9lectrode Soderberg"},"content":{"rendered":"<h2>P\u00e2te d'\u00e9lectrode Soderbergh<\/h2>\n<p>La p\u00e2te d'\u00e9lectrode Soderbergh se pr\u00e9sente g\u00e9n\u00e9ralement sous la forme d'une p\u00e2te \u00e9paisse. Ses avantages sont remarquables.<\/p>\n<p><strong><b>Bonne r\u00e9sistance aux temp\u00e9ratures \u00e9lev\u00e9es<\/b><\/strong><\/p>\n<p>Il peut conserver une forme physique et des propri\u00e9t\u00e9s chimiques stables dans un environnement \u00e0 haute temp\u00e9rature (plus de 1000\u00b0C). Il ne fond pas, ne se volatilise pas et ne se d\u00e9compose pas facilement.<\/p>\n<p><strong><b>\u00a0<\/b><\/strong><\/p>\n<p><strong><b>Excellente conductivit\u00e9 \u00e9lectrique<\/b><\/strong><\/p>\n<p>Le courant peut ainsi \u00eatre transmis efficacement \u00e0 travers la p\u00e2te d'\u00e9lectrode jusqu'\u00e0 l'\u00e9lectrode. Il fournit une alimentation stable pour l'\u00e9lectrolyse, la fusion et d'autres processus de la production industrielle.<\/p>\n<p>&nbsp;<\/p>\n<p><strong><b>Forte adh\u00e9rence<\/b><\/strong><\/p>\n<p>Dans le processus de production de l'\u00e9lectrode, il peut \u00eatre \u00e9troitement li\u00e9 \u00e0 l'enveloppe de l'\u00e9lectrode et \u00e0 d'autres composants. La formation d'un ensemble solide garantit la stabilit\u00e9 structurelle de l'\u00e9lectrode.<\/p>\n<p>&nbsp;<\/p>\n<p><strong><b>Bonne plasticit\u00e9<\/b><\/strong><\/p>\n<p>Il est facile de remplir l'enveloppe de l'\u00e9lectrode, pour s'adapter aux diff\u00e9rentes formes et tailles des besoins de production d'\u00e9lectrodes.<\/p>\n<p><strong><b>\u00a0<\/b><\/strong><\/p>\n<p><strong><b>Haute stabilit\u00e9 chimique<\/b><\/strong><\/p>\n<p>Il pr\u00e9sente une forte r\u00e9sistance \u00e0 la corrosion pour la plupart des substances chimiques. Vous pouvez l'utiliser dans un environnement chimique complexe pendant longtemps sans qu'il ne s'\u00e9rode.<\/p>\n<p>&nbsp;<\/p>\n<p>En outre, la p\u00e2te d'\u00e9lectrode Soderbergh poss\u00e8de \u00e9galement certaines caract\u00e9ristiques d'auto-gu\u00e9rison. Lors de l'utilisation de l'\u00e9lectrode, s'il y a un l\u00e9ger dommage local, la p\u00e2te d'\u00e9lectrode peut \u00eatre remplie et r\u00e9par\u00e9e dans une certaine mesure. La dur\u00e9e de vie de l'\u00e9lectrode s'en trouve ainsi prolong\u00e9e.<\/p>\n<p><strong><b>\u00a0<\/b><\/strong><\/p>\n<h2>Utilisations de la p\u00e2te d'\u00e9lectrodes Soderberg<\/h2>\n<p>La p\u00e2te d'\u00e9lectrode Soderbergh est largement utilis\u00e9e et occupe une place indispensable dans de nombreux domaines industriels.<\/p>\n<p>&nbsp;<\/p>\n<p><strong><b>Industrie de la fonte des m\u00e9taux non ferreux :<\/b><\/strong><\/p>\n<p>Dans la production d'aluminium \u00e9lectrolytique, la p\u00e2te d'\u00e9lectrode Soderberg est le mat\u00e9riau cl\u00e9. Elle peut \u00eatre remplie dans l'enveloppe de l'\u00e9lectrode. Apr\u00e8s frittage, elle forme un bon mat\u00e9riau conducteur. <a href=\"https:\/\/jinsuncarbon.com\/fr\/produit-2\/electrode-a-tige-en-graphite\/\">\u00e9lectrode<\/a>Il peut fournir le courant n\u00e9cessaire \u00e0 l'\u00e9lectrolyse de l'alumine. Il favorise la r\u00e9duction des ions d'aluminium en aluminium dans la cathode et assure une production efficace d'aluminium \u00e9lectrolytique.<\/p>\n<p>&nbsp;<\/p>\n<p>Dans le processus de fusion d'autres m\u00e9taux non ferreux tels que le cuivre, le plomb, le zinc, etc., il joue \u00e9galement un r\u00f4le important dans la conduction et le soutien des \u00e9lectrodes. Il contribue \u00e0 l'extraction et \u00e0 l'affinage des m\u00e9taux.<\/p>\n<p>&nbsp;<\/p>\n<p><strong><b>Domaine de la production de ferro-alliages : <\/b><\/strong><\/p>\n<p>Dans la production de ferrosilicium, de ferromangan\u00e8se, de ferrochrome et d'autres ferroalliages, l'\u00e9lectrode fabriqu\u00e9e avec la p\u00e2te d'\u00e9lectrode Soderberg peut fournir un courant fort au four \u00e0 minerai. Ainsi, le minerai et l'agent r\u00e9ducteur dans le four r\u00e9agissent chimiquement, ce qui permet de fondre le ferro-alliage. Sa bonne r\u00e9sistance aux temp\u00e9ratures \u00e9lev\u00e9es et ses propri\u00e9t\u00e9s conductrices garantissent un fonctionnement stable de l'\u00e9lectrode \u00e0 haute temp\u00e9rature. Il garantit \u00e9galement des conditions de travail \u00e0 courant \u00e9lev\u00e9, am\u00e9liorant ainsi l'efficacit\u00e9 de la production et la qualit\u00e9 du ferro-alliage.<\/p>\n<p>&nbsp;<\/p>\n<p><strong><b>Industrie chimique : <\/b><\/strong><\/p>\n<p>Dans certains processus de production chimique n\u00e9cessitant une r\u00e9action \u00e9lectrolytique, tels que l'industrie du chlore et de la soude, vous pouvez l'utiliser comme mat\u00e9riau d'\u00e9lectrode. Il peut r\u00e9sister aux milieux corrosifs tels que les acides forts et les alcalis dans l'industrie du chlore et de la soude. <a href=\"https:\/\/en.wikipedia.org\/wiki\/Electrolysis\" target=\"_blank\" rel=\"noopener\">\u00e9lectrolytique<\/a> processus. Fournir un environnement d'\u00e9lectrode stable pour la r\u00e9action \u00e9lectrolytique et assurer la production sans heurt de produits chimiques. Parall\u00e8lement, dans la synth\u00e8se de certains produits chimiques, si la r\u00e9action \u00e9lectrochimique est impliqu\u00e9e, elle peut \u00e9galement jouer un r\u00f4le important.<\/p>\n<p>&nbsp;<\/p>\n<h2>Sp\u00e9cification de la p\u00e2te d'\u00e9lectrode Soderberg<\/h2>\n<table class=\"has-title is-zebra hight-light-first-column all magic-10\">\n<tbody>\n<tr>\n<td colspan=\"1\" rowspan=\"2\">\n<div class=\"magic-13\">Objet<\/div>\n<\/td>\n<td colspan=\"2\" rowspan=\"1\">\n<div class=\"magic-14\">P\u00e2te pour \u00e9lectrodes scell\u00e9es<\/div>\n<\/td>\n<td colspan=\"3\" rowspan=\"1\">\n<div class=\"magic-17\">P\u00e2te d'\u00e9lectrode standard<\/div>\n<\/td>\n<\/tr>\n<tr>\n<td colspan=\"1\" rowspan=\"1\">\n<div class=\"magic-21\">Groenland-1<\/div>\n<\/td>\n<td colspan=\"1\" rowspan=\"1\">\n<div class=\"magic-16\">Groenland-2<\/div>\n<\/td>\n<td colspan=\"1\" rowspan=\"1\">\n<div class=\"magic-22\">Groenland-3<\/div>\n<\/td>\n<td colspan=\"1\" rowspan=\"1\">\n<div class=\"magic-18\">Groenland-4<\/div>\n<\/td>\n<td colspan=\"1\" rowspan=\"1\">\n<div class=\"magic-23\">Groenland-5<\/div>\n<\/td>\n<\/tr>\n<tr>\n<td colspan=\"1\" rowspan=\"1\">\n<div class=\"magic-20\">Flux volatile(%)<\/div>\n<\/td>\n<td colspan=\"1\" rowspan=\"1\">\n<div class=\"magic-21\">12.0-15.5<\/div>\n<\/td>\n<td colspan=\"1\" rowspan=\"1\">\n<div class=\"magic-16\">12.0-15.5<\/div>\n<\/td>\n<td colspan=\"1\" rowspan=\"1\">\n<div class=\"magic-22\">9.5-13.5<\/div>\n<\/td>\n<td colspan=\"1\" rowspan=\"1\">\n<div class=\"magic-18\">11.5-15.5<\/div>\n<\/td>\n<td colspan=\"1\" rowspan=\"1\">\n<div class=\"magic-23\">11.5-15.5<\/div>\n<\/td>\n<\/tr>\n<tr>\n<td colspan=\"1\" rowspan=\"1\">\n<div class=\"magic-20\">R\u00e9sistance \u00e0 la compression (Mpa)<\/div>\n<\/td>\n<td colspan=\"1\" rowspan=\"1\">\n<div class=\"magic-21\">18<\/div>\n<\/td>\n<td colspan=\"1\" rowspan=\"1\">\n<div class=\"magic-16\">17<\/div>\n<\/td>\n<td colspan=\"1\" rowspan=\"1\">\n<div class=\"magic-22\">22<\/div>\n<\/td>\n<td colspan=\"1\" rowspan=\"1\">\n<div class=\"magic-18\">21<\/div>\n<\/td>\n<td colspan=\"1\" rowspan=\"1\">\n<div class=\"magic-23\">20<\/div>\n<\/td>\n<\/tr>\n<tr>\n<td colspan=\"1\" rowspan=\"1\">\n<div class=\"magic-20\">R\u00e9sistance(u\u03a9m)<\/div>\n<\/td>\n<td colspan=\"1\" rowspan=\"1\">\n<div class=\"magic-21\">65<\/div>\n<\/td>\n<td colspan=\"1\" rowspan=\"1\">\n<div class=\"magic-16\">75<\/div>\n<\/td>\n<td colspan=\"1\" rowspan=\"1\">\n<div class=\"magic-22\">80<\/div>\n<\/td>\n<td colspan=\"1\" rowspan=\"1\">\n<div class=\"magic-18\">85<\/div>\n<\/td>\n<td colspan=\"1\" rowspan=\"1\">\n<div class=\"magic-23\">90<\/div>\n<\/td>\n<\/tr>\n<tr>\n<td colspan=\"1\" rowspan=\"1\">\n<div class=\"magic-20\">Densit\u00e9 volumique (g\/cm3)<\/div>\n<\/td>\n<td colspan=\"1\" rowspan=\"1\">\n<div class=\"magic-21\">1.38<\/div>\n<\/td>\n<td colspan=\"1\" rowspan=\"1\">\n<div class=\"magic-16\">1.38<\/div>\n<\/td>\n<td colspan=\"1\" rowspan=\"1\">\n<div class=\"magic-22\">1.38<\/div>\n<\/td>\n<td colspan=\"1\" rowspan=\"1\">\n<div class=\"magic-18\">1.38<\/div>\n<\/td>\n<td colspan=\"1\" rowspan=\"1\">\n<div class=\"magic-23\">1.38<\/div>\n<\/td>\n<\/tr>\n<tr>\n<td colspan=\"1\" rowspan=\"1\">\n<div class=\"magic-20\">\u00c9longation(%)<\/div>\n<\/td>\n<td colspan=\"1\" rowspan=\"1\">\n<div class=\"magic-21\">5-20<\/div>\n<\/td>\n<td colspan=\"1\" rowspan=\"1\">\n<div class=\"magic-16\">5-20<\/div>\n<\/td>\n<td colspan=\"1\" rowspan=\"1\">\n<div class=\"magic-22\">5-30<\/div>\n<\/td>\n<td colspan=\"1\" rowspan=\"1\">\n<div class=\"magic-18\">15-40<\/div>\n<\/td>\n<td colspan=\"1\" rowspan=\"1\">\n<div class=\"magic-23\">15-40<\/div>\n<\/td>\n<\/tr>\n<tr>\n<td colspan=\"1\" rowspan=\"1\">\n<div class=\"magic-20\">Fr\u00eane (%)<\/div>\n<\/td>\n<td colspan=\"1\" rowspan=\"1\">\n<div class=\"magic-21\">4<\/div>\n<\/td>\n<td colspan=\"1\" rowspan=\"1\">\n<div class=\"magic-16\">6<\/div>\n<\/td>\n<td colspan=\"1\" rowspan=\"1\">\n<div class=\"magic-22\">7<\/div>\n<\/td>\n<td colspan=\"1\" rowspan=\"1\">\n<div class=\"magic-18\">9<\/div>\n<\/td>\n<td colspan=\"1\" rowspan=\"1\">\n<div class=\"magic-23\" data-spm-anchor-id=\"a2700.details.0.i68.2af16603U6DgBr\">11<\/div>\n<\/td>\n<\/tr>\n<\/tbody>\n<\/table>","protected":false},"excerpt":{"rendered":"<p>La p\u00e2te d'\u00e9lectrode Soderbergh est une p\u00e2te sp\u00e9ciale utilis\u00e9e pour les \u00e9lectrodes Soderbergh. Elle est fabriqu\u00e9e en m\u00e9langeant une vari\u00e9t\u00e9 de mati\u00e8res premi\u00e8res s\u00e9lectionn\u00e9es dans une proportion sp\u00e9cifique. Gr\u00e2ce \u00e0 ses propri\u00e9t\u00e9s physiques et chimiques uniques, elle joue un r\u00f4le cl\u00e9 dans de nombreux sc\u00e9narios de production industrielle. Il s'agit d'un mat\u00e9riau industriel aux performances et \u00e0 la fiabilit\u00e9 excellentes.<\/p>\n<p>&nbsp;<\/p>","protected":false},"featured_media":7317,"template":"","meta":[],"product_brand":[],"product_cat":[39],"product_tag":[],"class_list":{"0":"post-7316","1":"product","2":"type-product","3":"status-publish","4":"has-post-thumbnail","6":"product_cat-carbon-products","8":"first","9":"instock","10":"shipping-taxable","11":"product-type-simple"},"yoast_head":"<!-- This site is optimized with the Yoast SEO Premium plugin v19.2.1 (Yoast SEO v25.3) - https:\/\/yoast.com\/wordpress\/plugins\/seo\/ -->\n<title>Soderberg Electrode Paste Manufacturer in China<\/title>\n<meta name=\"robots\" content=\"index, follow, max-snippet:-1, max-image-preview:large, max-video-preview:-1\" \/>\n<link rel=\"canonical\" href=\"https:\/\/jinsuncarbon.com\/fr\/produit-2\/pate-delectrode-soderbergh\/\" \/>\n<meta property=\"og:locale\" content=\"fr_FR\" \/>\n<meta property=\"og:type\" content=\"article\" \/>\n<meta property=\"og:title\" content=\"Soderberg Electrode Paste\" \/>\n<meta property=\"og:description\" content=\"Soderbergh electrode paste is a special paste specially used for Soderbergh electrode. It is made by mixing a variety of selected raw materials in a specific proportion. And with its unique physical and chemical properties, it plays a key role in many industrial production scenarios. And it is an industrial material with excellent performance and reliability.  &nbsp;\" \/>\n<meta property=\"og:url\" content=\"https:\/\/jinsuncarbon.com\/fr\/produit-2\/pate-delectrode-soderbergh\/\" \/>\n<meta property=\"og:site_name\" content=\"Jinsun Carbon\" \/>\n<meta property=\"article:publisher\" content=\"https:\/\/www.facebook.com\/Graphite-Electrode-109336238661595\" \/>\n<meta property=\"article:modified_time\" content=\"2025-04-06T11:14:39+00:00\" \/>\n<meta property=\"og:image\" content=\"https:\/\/jinsuncarbon.com\/wp-content\/uploads\/2025\/01\/Soderbergh-electrode-paste.jpg\" \/>\n\t<meta property=\"og:image:width\" content=\"1024\" \/>\n\t<meta property=\"og:image:height\" content=\"763\" \/>\n\t<meta property=\"og:image:type\" content=\"image\/jpeg\" \/>\n<meta name=\"twitter:card\" content=\"summary_large_image\" \/>\n<meta name=\"twitter:site\" content=\"@jinsuncarbon_\" \/>\n<meta name=\"twitter:label1\" content=\"Dur\u00e9e de lecture estim\u00e9e\" \/>\n\t<meta name=\"twitter:data1\" content=\"3 minutes\" \/>\n<script type=\"application\/ld+json\" class=\"yoast-schema-graph\">{\"@context\":\"https:\/\/schema.org\",\"@graph\":[{\"@type\":\"WebPage\",\"@id\":\"https:\/\/jinsuncarbon.com\/product\/soderbergh-electrode-paste\/\",\"url\":\"https:\/\/jinsuncarbon.com\/product\/soderbergh-electrode-paste\/\",\"name\":\"Soderberg Electrode Paste Manufacturer in China\",\"isPartOf\":{\"@id\":\"https:\/\/jinsuncarbon.com\/#website\"},\"primaryImageOfPage\":{\"@id\":\"https:\/\/jinsuncarbon.com\/product\/soderbergh-electrode-paste\/#primaryimage\"},\"image\":{\"@id\":\"https:\/\/jinsuncarbon.com\/product\/soderbergh-electrode-paste\/#primaryimage\"},\"thumbnailUrl\":\"https:\/\/jinsuncarbon.com\/wp-content\/uploads\/2025\/01\/Soderbergh-electrode-paste.jpg\",\"datePublished\":\"2025-01-12T13:56:18+00:00\",\"dateModified\":\"2025-04-06T11:14:39+00:00\",\"breadcrumb\":{\"@id\":\"https:\/\/jinsuncarbon.com\/product\/soderbergh-electrode-paste\/#breadcrumb\"},\"inLanguage\":\"fr-FR\",\"potentialAction\":[{\"@type\":\"ReadAction\",\"target\":[\"https:\/\/jinsuncarbon.com\/product\/soderbergh-electrode-paste\/\"]}]},{\"@type\":\"ImageObject\",\"inLanguage\":\"fr-FR\",\"@id\":\"https:\/\/jinsuncarbon.com\/product\/soderbergh-electrode-paste\/#primaryimage\",\"url\":\"https:\/\/jinsuncarbon.com\/wp-content\/uploads\/2025\/01\/Soderbergh-electrode-paste.jpg\",\"contentUrl\":\"https:\/\/jinsuncarbon.com\/wp-content\/uploads\/2025\/01\/Soderbergh-electrode-paste.jpg\",\"width\":1024,\"height\":763,\"caption\":\"Soderbergh electrode paste\"},{\"@type\":\"BreadcrumbList\",\"@id\":\"https:\/\/jinsuncarbon.com\/product\/soderbergh-electrode-paste\/#breadcrumb\",\"itemListElement\":[{\"@type\":\"ListItem\",\"position\":1,\"name\":\"Home\",\"item\":\"https:\/\/jinsuncarbon.com\/\"},{\"@type\":\"ListItem\",\"position\":2,\"name\":\"Products\",\"item\":\"https:\/\/jinsuncarbon.com\/graphite-carbon\/\"},{\"@type\":\"ListItem\",\"position\":3,\"name\":\"Soderberg Electrode Paste\"}]},{\"@type\":\"WebSite\",\"@id\":\"https:\/\/jinsuncarbon.com\/#website\",\"url\":\"https:\/\/jinsuncarbon.com\/\",\"name\":\"Jinsun Carbon\",\"description\":\"We are the successful graphite electrode manufacturer in China\",\"publisher\":{\"@id\":\"https:\/\/jinsuncarbon.com\/#organization\"},\"potentialAction\":[{\"@type\":\"SearchAction\",\"target\":{\"@type\":\"EntryPoint\",\"urlTemplate\":\"https:\/\/jinsuncarbon.com\/?s={search_term_string}\"},\"query-input\":{\"@type\":\"PropertyValueSpecification\",\"valueRequired\":true,\"valueName\":\"search_term_string\"}}],\"inLanguage\":\"fr-FR\"},{\"@type\":\"Organization\",\"@id\":\"https:\/\/jinsuncarbon.com\/#organization\",\"name\":\"Jinsun Carbon\",\"alternateName\":\"Jinsun Carbon\",\"url\":\"https:\/\/jinsuncarbon.com\/\",\"logo\":{\"@type\":\"ImageObject\",\"inLanguage\":\"fr-FR\",\"@id\":\"https:\/\/jinsuncarbon.com\/#\/schema\/logo\/image\/\",\"url\":\"https:\/\/jinsuncarbon.com\/wp-content\/uploads\/2022\/12\/LOGO-1.png\",\"contentUrl\":\"https:\/\/jinsuncarbon.com\/wp-content\/uploads\/2022\/12\/LOGO-1.png\",\"width\":207,\"height\":80,\"caption\":\"Jinsun Carbon\"},\"image\":{\"@id\":\"https:\/\/jinsuncarbon.com\/#\/schema\/logo\/image\/\"},\"sameAs\":[\"https:\/\/www.facebook.com\/Graphite-Electrode-109336238661595\",\"https:\/\/x.com\/jinsuncarbon_\",\"https:\/\/www.linkedin.com\/in\/jinsungraphite\",\"https:\/\/www.youtube.com\/channel\/UCysDNyvyR5-3cCWEmpkVC0g\"]}]}<\/script>\n<!-- \/ Yoast SEO Premium plugin. -->","yoast_head_json":{"title":"Fabricant de p\u00e2te d'\u00e9lectrode Soderberg en Chine","robots":{"index":"index","follow":"follow","max-snippet":"max-snippet:-1","max-image-preview":"max-image-preview:large","max-video-preview":"max-video-preview:-1"},"canonical":"https:\/\/jinsuncarbon.com\/fr\/produit-2\/pate-delectrode-soderbergh\/","og_locale":"fr_FR","og_type":"article","og_title":"Soderberg Electrode Paste","og_description":"Soderbergh electrode paste is a special paste specially used for Soderbergh electrode. It is made by mixing a variety of selected raw materials in a specific proportion. And with its unique physical and chemical properties, it plays a key role in many industrial production scenarios. And it is an industrial material with excellent performance and reliability.  &nbsp;","og_url":"https:\/\/jinsuncarbon.com\/fr\/produit-2\/pate-delectrode-soderbergh\/","og_site_name":"Jinsun Carbon","article_publisher":"https:\/\/www.facebook.com\/Graphite-Electrode-109336238661595","article_modified_time":"2025-04-06T11:14:39+00:00","og_image":[{"width":1024,"height":763,"url":"https:\/\/jinsuncarbon.com\/wp-content\/uploads\/2025\/01\/Soderbergh-electrode-paste.jpg","type":"image\/jpeg"}],"twitter_card":"summary_large_image","twitter_site":"@jinsuncarbon_","twitter_misc":{"Dur\u00e9e de lecture estim\u00e9e":"3 minutes"},"schema":{"@context":"https:\/\/schema.org","@graph":[{"@type":"WebPage","@id":"https:\/\/jinsuncarbon.com\/product\/soderbergh-electrode-paste\/","url":"https:\/\/jinsuncarbon.com\/product\/soderbergh-electrode-paste\/","name":"Fabricant de p\u00e2te d'\u00e9lectrode Soderberg en Chine","isPartOf":{"@id":"https:\/\/jinsuncarbon.com\/#website"},"primaryImageOfPage":{"@id":"https:\/\/jinsuncarbon.com\/product\/soderbergh-electrode-paste\/#primaryimage"},"image":{"@id":"https:\/\/jinsuncarbon.com\/product\/soderbergh-electrode-paste\/#primaryimage"},"thumbnailUrl":"https:\/\/jinsuncarbon.com\/wp-content\/uploads\/2025\/01\/Soderbergh-electrode-paste.jpg","datePublished":"2025-01-12T13:56:18+00:00","dateModified":"2025-04-06T11:14:39+00:00","breadcrumb":{"@id":"https:\/\/jinsuncarbon.com\/product\/soderbergh-electrode-paste\/#breadcrumb"},"inLanguage":"fr-FR","potentialAction":[{"@type":"ReadAction","target":["https:\/\/jinsuncarbon.com\/product\/soderbergh-electrode-paste\/"]}]},{"@type":"ImageObject","inLanguage":"fr-FR","@id":"https:\/\/jinsuncarbon.com\/product\/soderbergh-electrode-paste\/#primaryimage","url":"https:\/\/jinsuncarbon.com\/wp-content\/uploads\/2025\/01\/Soderbergh-electrode-paste.jpg","contentUrl":"https:\/\/jinsuncarbon.com\/wp-content\/uploads\/2025\/01\/Soderbergh-electrode-paste.jpg","width":1024,"height":763,"caption":"Soderbergh electrode paste"},{"@type":"BreadcrumbList","@id":"https:\/\/jinsuncarbon.com\/product\/soderbergh-electrode-paste\/#breadcrumb","itemListElement":[{"@type":"ListItem","position":1,"name":"Home","item":"https:\/\/jinsuncarbon.com\/"},{"@type":"ListItem","position":2,"name":"Products","item":"https:\/\/jinsuncarbon.com\/graphite-carbon\/"},{"@type":"ListItem","position":3,"name":"Soderberg Electrode Paste"}]},{"@type":"WebSite","@id":"https:\/\/jinsuncarbon.com\/#website","url":"https:\/\/jinsuncarbon.com\/","name":"Jinsun Carbon","description":"Nous sommes le fabricant d'\u00e9lectrodes en graphite le plus performant de Chine.","publisher":{"@id":"https:\/\/jinsuncarbon.com\/#organization"},"potentialAction":[{"@type":"SearchAction","target":{"@type":"EntryPoint","urlTemplate":"https:\/\/jinsuncarbon.com\/?s={search_term_string}"},"query-input":{"@type":"PropertyValueSpecification","valueRequired":true,"valueName":"search_term_string"}}],"inLanguage":"fr-FR"},{"@type":"Organization","@id":"https:\/\/jinsuncarbon.com\/#organization","name":"Jinsun Carbon","alternateName":"Jinsun Carbon","url":"https:\/\/jinsuncarbon.com\/","logo":{"@type":"ImageObject","inLanguage":"fr-FR","@id":"https:\/\/jinsuncarbon.com\/#\/schema\/logo\/image\/","url":"https:\/\/jinsuncarbon.com\/wp-content\/uploads\/2022\/12\/LOGO-1.png","contentUrl":"https:\/\/jinsuncarbon.com\/wp-content\/uploads\/2022\/12\/LOGO-1.png","width":207,"height":80,"caption":"Jinsun Carbon"},"image":{"@id":"https:\/\/jinsuncarbon.com\/#\/schema\/logo\/image\/"},"sameAs":["https:\/\/www.facebook.com\/Graphite-Electrode-109336238661595","https:\/\/x.com\/jinsuncarbon_","https:\/\/www.linkedin.com\/in\/jinsungraphite","https:\/\/www.youtube.com\/channel\/UCysDNyvyR5-3cCWEmpkVC0g"]}]}},"_links":{"self":[{"href":"https:\/\/jinsuncarbon.com\/fr\/wp-json\/wp\/v2\/product\/7316","targetHints":{"allow":["GET"]}}],"collection":[{"href":"https:\/\/jinsuncarbon.com\/fr\/wp-json\/wp\/v2\/product"}],"about":[{"href":"https:\/\/jinsuncarbon.com\/fr\/wp-json\/wp\/v2\/types\/product"}],"wp:featuredmedia":[{"embeddable":true,"href":"https:\/\/jinsuncarbon.com\/fr\/wp-json\/wp\/v2\/media\/7317"}],"wp:attachment":[{"href":"https:\/\/jinsuncarbon.com\/fr\/wp-json\/wp\/v2\/media?parent=7316"}],"wp:term":[{"taxonomy":"product_brand","embeddable":true,"href":"https:\/\/jinsuncarbon.com\/fr\/wp-json\/wp\/v2\/product_brand?post=7316"},{"taxonomy":"product_cat","embeddable":true,"href":"https:\/\/jinsuncarbon.com\/fr\/wp-json\/wp\/v2\/product_cat?post=7316"},{"taxonomy":"product_tag","embeddable":true,"href":"https:\/\/jinsuncarbon.com\/fr\/wp-json\/wp\/v2\/product_tag?post=7316"}],"curies":[{"name":"wp","href":"https:\/\/api.w.org\/{rel}","templated":true}]}}