{"id":7262,"date":"2025-01-09T01:32:34","date_gmt":"2025-01-09T01:32:34","guid":{"rendered":"https:\/\/jinsuncarbon.com\/?post_type=product&#038;p=7262"},"modified":"2025-01-09T01:33:11","modified_gmt":"2025-01-09T01:33:11","slug":"moule-a-pieces-en-graphite","status":"publish","type":"product","link":"https:\/\/jinsuncarbon.com\/fr\/produit-2\/moule-a-pieces-en-graphite\/","title":{"rendered":"Moule \u00e0 monnaie en graphite"},"content":{"rendered":"<h2>Moule \u00e0 pi\u00e8ces en graphite pour la coul\u00e9e de m\u00e9taux<\/h2>\n<p><strong><b>Conductivit\u00e9 thermique \u00e9lev\u00e9e<\/b><\/strong><\/p>\n<p>Les moules en graphite poss\u00e8dent une conductivit\u00e9 thermique \u00e9lev\u00e9e. Le moule \u00e0 pi\u00e8ces r\u00e9partit uniform\u00e9ment la temp\u00e9rature de fusion, ce qui permet de r\u00e9duire les d\u00e9fauts du produit et de produire des moules \u00e0 pi\u00e8ces en graphite de haute qualit\u00e9.<\/p>\n<p><strong><b>Excellente r\u00e9sistance aux hautes temp\u00e9ratures<\/b><\/strong><\/p>\n<p>Ce moule peut rester stable \u00e0 haute temp\u00e9rature. Pendant le processus de fusion \u00e0 haute temp\u00e9rature, il maintient la stabilit\u00e9 du produit pour la production de pi\u00e8ces en graphite.<\/p>\n<p><strong><b>Traitement de haute pr\u00e9cision<\/b><\/strong><\/p>\n<p>Les moules en graphite peuvent supporter des formes g\u00e9om\u00e9triques compliqu\u00e9es et des d\u00e9tails de haute pr\u00e9cision. C'est pourquoi ce moule convient parfaitement \u00e0 la reproduction de motifs complexes et \u00e0 la fabrication de pi\u00e8ces de monnaie.<\/p>\n<p><strong><b>Anti-corrosion<\/b><\/strong><\/p>\n<p>Le graphite de ce poin\u00e7on est tr\u00e8s r\u00e9sistant aux attaques chimiques de la plupart des m\u00e9taux en fusion. Le graphite peut prolonger la dur\u00e9e de vie du poin\u00e7on.<\/p>\n<p><strong><b>Reproductibilit\u00e9<\/b><\/strong><\/p>\n<p>Les fabricants peuvent r\u00e9utiliser cette matrice pour plusieurs cycles de frappe. Avec un entretien et un nettoyage \u00e0 long terme, cette matrice produira des pi\u00e8ces de grande qualit\u00e9 au fil du temps.<\/p>\n<h2>Types de moules<\/h2>\n<h2><strong style=\"font-size: 16px;\"><b>Types de moules \u00e0 pi\u00e8ces<\/b><\/strong><\/h2>\n<p>En g\u00e9n\u00e9ral, les moules \u00e0 pi\u00e8ces sont en graphite, en acier, en silicium, en laiton, en aluminium, en aimants, en argent, etc. Les fabricants utilisent des moules en graphite et en acier pour produire des pi\u00e8ces \u00e0 grande \u00e9chelle. En raison de la temp\u00e9rature \u00e9lev\u00e9e du processus de travail, les moules en c\u00e9ramique permettent de couler des pi\u00e8ces aux motifs complexes. Les fabricants peuvent utiliser des moules en silicium, en laiton et en aluminium pour le prototypage ou les applications \u00e0 basse temp\u00e9rature. Les moules pour pi\u00e8ces de monnaie en argent exigent une grande pr\u00e9cision dans la conception des produits et une stabilit\u00e9 thermique pendant le processus de fabrication. <a href=\"https:\/\/en.wikipedia.org\/wiki\/Casting\" target=\"_blank\" rel=\"noopener\">coul\u00e9e<\/a>.<\/p>\n<p><strong><b>Types de moules \u00e0 pi\u00e8ces en graphite<\/b><\/strong><\/p>\n<p>Les fabricants classent les moules pour pi\u00e8ces de monnaie en graphite en moules \u00e0 une face, moules \u00e0 deux faces, moules \u00e0 r\u00e9sistance, moules sur mesure, moules ins\u00e9r\u00e9s et moules fendus. En fonction des diff\u00e9rences de conception et d'utilisation, il existe une classification des types de moules suivants<\/p>\n<h2>Comment mouler une pi\u00e8ce de monnaie en graphite\uff1f<\/h2>\n<h2><strong style=\"font-size: 16px;\"><b>S\u00e9lection des mat\u00e9riaux<\/b><\/strong><\/h2>\n<p>Les producteurs doivent trier les mat\u00e9riaux en graphite pour produire de bons moules en graphite. Nous devons s\u00e9lectionner du graphite tr\u00e8s pur et granuleux. L'utilisation d'un graphite de bonne qualit\u00e9 augmente la qualit\u00e9 du produit et garantit des pi\u00e8ces tr\u00e8s pr\u00e9cises.<\/p>\n<p><strong><b>Conception de moules<\/b><\/strong><\/p>\n<p>Concevez les d\u00e9tails des pi\u00e8ces \u00e0 l'aide de la CAO, c'est-\u00e0-dire la conception assist\u00e9e par ordinateur. \u00c0 l'aide de la conception par ordinateur, utiliser le logiciel de fabrication assist\u00e9e par ordinateur CAM pour construire des outils par usinage \u00e0 commande num\u00e9rique par ordinateur.<\/p>\n<p><strong><b>Traitement des moisissures<\/b><\/strong><\/p>\n<p>Les producteurs montent ensuite le bloc de graphite sur la fraiseuse CNC et gravent le motif de la pi\u00e8ce sur la surface du graphite \u00e0 l'aide de l'outil de gravure. Ensuite, il utilise du papier de verre pour polir le moule afin d'obtenir une surface de moule en graphite lisse.<\/p>\n<p><strong><b>Test des moules<\/b><\/strong><\/p>\n<p>Pour garantir la production de moules de haute qualit\u00e9, les techniciens devront tester et v\u00e9rifier la production. Ils testent ensuite le moulage pour produire les \u00e9chantillons de pi\u00e8ces requis. En outre, les techniciens v\u00e9rifient l'exactitude de la conception et la coh\u00e9rence de la taille des pi\u00e8ces produites.<\/p>\n<p><strong><b>Production de moules<\/b><\/strong><\/p>\n<p>Une fois le processus de production achev\u00e9, nous utilisons les <a href=\"https:\/\/jinsuncarbon.com\/fr\/produit-2\/moule-en-graphite\/\">moule en graphite<\/a> pour fabriquer des pi\u00e8ces de monnaie. Tout d'abord, nous versons le m\u00e9tal en fusion dans le moule. Ensuite, nous utilisons une pression \u00e9lev\u00e9e pour ramollir la pi\u00e8ce de m\u00e9tal afin qu'elle puisse \u00eatre press\u00e9e dans le moule.<\/p>\n<h2>Application du moule \u00e0 pi\u00e8ces en graphite<\/h2>\n<p><strong><b>Frappe de pi\u00e8ces<\/b><\/strong><\/p>\n<p>Les matrices en graphite sont con\u00e7ues pour la production de pi\u00e8ces de monnaie en m\u00e9tal. Cette matrice peut \u00eatre utilis\u00e9e pour r\u00e9aliser de fines gravures sur les pi\u00e8ces de monnaie.<\/p>\n<p><strong><b>Fabrication de la pi\u00e8ce comm\u00e9morative<\/b><\/strong><\/p>\n<p>Les fabricants peuvent utiliser des moules en graphite pour cr\u00e9er des pi\u00e8ces et des m\u00e9dailles comm\u00e9moratives. Il est difficile de reproduire avec pr\u00e9cision des motifs complexes sur une pi\u00e8ce ou une m\u00e9daille comm\u00e9morative ; ce moule fait parfaitement l'affaire.<\/p>\n<p><strong><b>Fabrication de pi\u00e8ces personnalis\u00e9es<\/b><\/strong><\/p>\n<p>Les matrices personnalis\u00e9es pour r\u00e9pondre aux exigences du client peuvent porter des dessins m\u00eame complexes. Vous pouvez personnaliser des pi\u00e8ces de monnaie d'organisations priv\u00e9es \u00e0 l'aide de matrices en graphite.<\/p>\n<h3>Moules en graphite pour la coul\u00e9e des m\u00e9taux<\/h3>\n<p>Vous pouvez utiliser des moules en graphite pour frapper des pi\u00e8ces de monnaie en m\u00e9taux \u00e0 point de fusion \u00e9lev\u00e9. En effet, la stabilit\u00e9 thermique des <a href=\"https:\/\/jinsuncarbon.com\/fr\/quest-ce-que-le-graphite-et-de-quoi-est-il-fait\/\">graphite<\/a> permet d'obtenir des pi\u00e8ces de bonne qualit\u00e9 \u00e0 des temp\u00e9ratures \u00e9lev\u00e9es.<\/p>\n<p>&nbsp;<\/p>\n<h2>Pourquoi choisir notre moule \u00e0 pi\u00e8ces en graphite ?<\/h2>\n<p>Nous fabriquons nos moules \u00e0 pi\u00e8ces en graphite en utilisant du graphite de haute puret\u00e9. Les pi\u00e8ces produites peuvent \u00eatre de bonne qualit\u00e9 et avoir une dur\u00e9e de vie plus longue, avec une excellente stabilit\u00e9 thermique et une r\u00e9sistance \u00e0 la corrosion. Les moules \u00e0 pi\u00e8ces en graphite produits par notre soci\u00e9t\u00e9 sont \u00e9galement r\u00e9sistants aux temp\u00e9ratures \u00e9lev\u00e9es, ce qui permet de les utiliser pour la coul\u00e9e de mat\u00e9riaux en m\u00e9taux pr\u00e9cieux, tels que <a href=\"https:\/\/en.wikipedia.org\/wiki\/Silver\" target=\"_blank\" rel=\"noopener\">argent<\/a> et les pi\u00e8ces d'or. Nous concevons des moules pour pi\u00e8ces de monnaie en graphite de haute qualit\u00e9 en fonction de la forme, de la taille et des exigences de conception sp\u00e9cifiques des clients. Nos moules pour pi\u00e8ces de monnaie en graphite personnalis\u00e9s sont capables d'\u00eatre trait\u00e9s avec une grande pr\u00e9cision, de mani\u00e8re complexe et avec un traitement de surface parfait. Pour le moulage des pi\u00e8ces comm\u00e9moratives, des pi\u00e8ces de collection et des pi\u00e8ces de circulation, le moule est le meilleur choix.<\/p>\n<p>&nbsp;<\/p>\n<p class=\"ql-align-justify\">","protected":false},"excerpt":{"rendered":"<p>Les moules \u00e0 monnaie en graphite sont des outils essentiels pour la fabrication de pi\u00e8ces de monnaie et de pi\u00e8ces comm\u00e9moratives de haute qualit\u00e9. Ce moule est fabriqu\u00e9 en graphite de haute puret\u00e9. Le moule en graphite offre une bonne stabilit\u00e9 thermique et une bonne r\u00e9sistance aux temp\u00e9ratures \u00e9lev\u00e9es. Il r\u00e9pond aux exigences de mod\u00e8les et de conceptions complexes pour les pi\u00e8ces de monnaie et les pi\u00e8ces comm\u00e9moratives personnalis\u00e9es. Ce moule permet de fabriquer des produits d'une qualit\u00e9 et d'une pr\u00e9cision excellentes.<\/p>","protected":false},"featured_media":7278,"template":"","meta":[],"product_brand":[],"product_cat":[38],"product_tag":[],"class_list":{"0":"post-7262","1":"product","2":"type-product","3":"status-publish","4":"has-post-thumbnail","6":"product_cat-graphite-products","8":"first","9":"instock","10":"shipping-taxable","11":"product-type-simple"},"yoast_head":"<!-- This site is optimized with the Yoast SEO Premium plugin v19.2.1 (Yoast SEO v25.3) - https:\/\/yoast.com\/wordpress\/plugins\/seo\/ -->\n<title>Graphite Coin Mold Manufacturer in China | Jinsun Carbon<\/title>\n<meta name=\"description\" content=\"Graphite coin mold manufacture \/ supplier, for metal casting, glass, copper, gold, silver, jewelry. Custom graphite coin mold for metal casting needs.\" \/>\n<meta name=\"robots\" content=\"index, follow, max-snippet:-1, max-image-preview:large, max-video-preview:-1\" \/>\n<link rel=\"canonical\" href=\"https:\/\/jinsuncarbon.com\/fr\/produit-2\/moule-a-pieces-en-graphite\/\" \/>\n<meta property=\"og:locale\" content=\"fr_FR\" \/>\n<meta property=\"og:type\" content=\"article\" \/>\n<meta property=\"og:title\" content=\"Graphite Coin Mold\" \/>\n<meta property=\"og:description\" content=\"Graphite coin mold manufacture \/ supplier, for metal casting, glass, copper, gold, silver, jewelry. Custom graphite coin mold for metal casting needs.\" \/>\n<meta property=\"og:url\" content=\"https:\/\/jinsuncarbon.com\/fr\/produit-2\/moule-a-pieces-en-graphite\/\" \/>\n<meta property=\"og:site_name\" content=\"Jinsun Carbon\" \/>\n<meta property=\"article:publisher\" content=\"https:\/\/www.facebook.com\/Graphite-Electrode-109336238661595\" \/>\n<meta property=\"article:modified_time\" content=\"2025-01-09T01:33:11+00:00\" \/>\n<meta property=\"og:image\" content=\"https:\/\/jinsuncarbon.com\/wp-content\/uploads\/2025\/01\/Graphite-Coin-Mold.jpg\" \/>\n\t<meta property=\"og:image:width\" content=\"1024\" \/>\n\t<meta property=\"og:image:height\" content=\"763\" \/>\n\t<meta property=\"og:image:type\" content=\"image\/jpeg\" \/>\n<meta name=\"twitter:card\" content=\"summary_large_image\" \/>\n<meta name=\"twitter:site\" content=\"@jinsuncarbon_\" \/>\n<meta name=\"twitter:label1\" content=\"Dur\u00e9e de lecture estim\u00e9e\" \/>\n\t<meta name=\"twitter:data1\" content=\"4 minutes\" \/>\n<script type=\"application\/ld+json\" class=\"yoast-schema-graph\">{\"@context\":\"https:\/\/schema.org\",\"@graph\":[{\"@type\":\"WebPage\",\"@id\":\"https:\/\/jinsuncarbon.com\/product\/graphite-coin-mold\/\",\"url\":\"https:\/\/jinsuncarbon.com\/product\/graphite-coin-mold\/\",\"name\":\"Graphite Coin Mold Manufacturer in China | Jinsun Carbon\",\"isPartOf\":{\"@id\":\"https:\/\/jinsuncarbon.com\/#website\"},\"primaryImageOfPage\":{\"@id\":\"https:\/\/jinsuncarbon.com\/product\/graphite-coin-mold\/#primaryimage\"},\"image\":{\"@id\":\"https:\/\/jinsuncarbon.com\/product\/graphite-coin-mold\/#primaryimage\"},\"thumbnailUrl\":\"https:\/\/jinsuncarbon.com\/wp-content\/uploads\/2025\/01\/Graphite-Coin-Mold.jpg\",\"datePublished\":\"2025-01-09T01:32:34+00:00\",\"dateModified\":\"2025-01-09T01:33:11+00:00\",\"description\":\"Graphite coin mold manufacture \/ supplier, for metal casting, glass, copper, gold, silver, jewelry. Custom graphite coin mold for metal casting needs.\",\"breadcrumb\":{\"@id\":\"https:\/\/jinsuncarbon.com\/product\/graphite-coin-mold\/#breadcrumb\"},\"inLanguage\":\"fr-FR\",\"potentialAction\":[{\"@type\":\"ReadAction\",\"target\":[\"https:\/\/jinsuncarbon.com\/product\/graphite-coin-mold\/\"]}]},{\"@type\":\"ImageObject\",\"inLanguage\":\"fr-FR\",\"@id\":\"https:\/\/jinsuncarbon.com\/product\/graphite-coin-mold\/#primaryimage\",\"url\":\"https:\/\/jinsuncarbon.com\/wp-content\/uploads\/2025\/01\/Graphite-Coin-Mold.jpg\",\"contentUrl\":\"https:\/\/jinsuncarbon.com\/wp-content\/uploads\/2025\/01\/Graphite-Coin-Mold.jpg\",\"width\":1024,\"height\":763,\"caption\":\"Graphite Coin Mold\"},{\"@type\":\"BreadcrumbList\",\"@id\":\"https:\/\/jinsuncarbon.com\/product\/graphite-coin-mold\/#breadcrumb\",\"itemListElement\":[{\"@type\":\"ListItem\",\"position\":1,\"name\":\"Home\",\"item\":\"https:\/\/jinsuncarbon.com\/\"},{\"@type\":\"ListItem\",\"position\":2,\"name\":\"Products\",\"item\":\"https:\/\/jinsuncarbon.com\/graphite-carbon\/\"},{\"@type\":\"ListItem\",\"position\":3,\"name\":\"Graphite Coin Mold\"}]},{\"@type\":\"WebSite\",\"@id\":\"https:\/\/jinsuncarbon.com\/#website\",\"url\":\"https:\/\/jinsuncarbon.com\/\",\"name\":\"Jinsun Carbon\",\"description\":\"We are the successful graphite electrode manufacturer in China\",\"publisher\":{\"@id\":\"https:\/\/jinsuncarbon.com\/#organization\"},\"potentialAction\":[{\"@type\":\"SearchAction\",\"target\":{\"@type\":\"EntryPoint\",\"urlTemplate\":\"https:\/\/jinsuncarbon.com\/?s={search_term_string}\"},\"query-input\":{\"@type\":\"PropertyValueSpecification\",\"valueRequired\":true,\"valueName\":\"search_term_string\"}}],\"inLanguage\":\"fr-FR\"},{\"@type\":\"Organization\",\"@id\":\"https:\/\/jinsuncarbon.com\/#organization\",\"name\":\"Jinsun Carbon\",\"alternateName\":\"Jinsun Carbon\",\"url\":\"https:\/\/jinsuncarbon.com\/\",\"logo\":{\"@type\":\"ImageObject\",\"inLanguage\":\"fr-FR\",\"@id\":\"https:\/\/jinsuncarbon.com\/#\/schema\/logo\/image\/\",\"url\":\"https:\/\/jinsuncarbon.com\/wp-content\/uploads\/2022\/12\/LOGO-1.png\",\"contentUrl\":\"https:\/\/jinsuncarbon.com\/wp-content\/uploads\/2022\/12\/LOGO-1.png\",\"width\":207,\"height\":80,\"caption\":\"Jinsun Carbon\"},\"image\":{\"@id\":\"https:\/\/jinsuncarbon.com\/#\/schema\/logo\/image\/\"},\"sameAs\":[\"https:\/\/www.facebook.com\/Graphite-Electrode-109336238661595\",\"https:\/\/x.com\/jinsuncarbon_\",\"https:\/\/www.linkedin.com\/in\/jinsungraphite\",\"https:\/\/www.youtube.com\/channel\/UCysDNyvyR5-3cCWEmpkVC0g\"]}]}<\/script>\n<!-- \/ Yoast SEO Premium plugin. -->","yoast_head_json":{"title":"Moule \u00e0 pi\u00e8ces en graphite en Chine | Jinsun Carbon","description":"Moule en graphite pour pi\u00e8ces de monnaie, fabricant \/ fournisseur, pour le moulage de m\u00e9taux, verre, cuivre, or, argent, bijoux. Moule \u00e0 pi\u00e8ces en graphite sur mesure pour les besoins de la fonderie.","robots":{"index":"index","follow":"follow","max-snippet":"max-snippet:-1","max-image-preview":"max-image-preview:large","max-video-preview":"max-video-preview:-1"},"canonical":"https:\/\/jinsuncarbon.com\/fr\/produit-2\/moule-a-pieces-en-graphite\/","og_locale":"fr_FR","og_type":"article","og_title":"Graphite Coin Mold","og_description":"Graphite coin mold manufacture \/ supplier, for metal casting, glass, copper, gold, silver, jewelry. Custom graphite coin mold for metal casting needs.","og_url":"https:\/\/jinsuncarbon.com\/fr\/produit-2\/moule-a-pieces-en-graphite\/","og_site_name":"Jinsun Carbon","article_publisher":"https:\/\/www.facebook.com\/Graphite-Electrode-109336238661595","article_modified_time":"2025-01-09T01:33:11+00:00","og_image":[{"width":1024,"height":763,"url":"https:\/\/jinsuncarbon.com\/wp-content\/uploads\/2025\/01\/Graphite-Coin-Mold.jpg","type":"image\/jpeg"}],"twitter_card":"summary_large_image","twitter_site":"@jinsuncarbon_","twitter_misc":{"Dur\u00e9e de lecture estim\u00e9e":"4 minutes"},"schema":{"@context":"https:\/\/schema.org","@graph":[{"@type":"WebPage","@id":"https:\/\/jinsuncarbon.com\/product\/graphite-coin-mold\/","url":"https:\/\/jinsuncarbon.com\/product\/graphite-coin-mold\/","name":"Moule \u00e0 pi\u00e8ces en graphite en Chine | Jinsun Carbon","isPartOf":{"@id":"https:\/\/jinsuncarbon.com\/#website"},"primaryImageOfPage":{"@id":"https:\/\/jinsuncarbon.com\/product\/graphite-coin-mold\/#primaryimage"},"image":{"@id":"https:\/\/jinsuncarbon.com\/product\/graphite-coin-mold\/#primaryimage"},"thumbnailUrl":"https:\/\/jinsuncarbon.com\/wp-content\/uploads\/2025\/01\/Graphite-Coin-Mold.jpg","datePublished":"2025-01-09T01:32:34+00:00","dateModified":"2025-01-09T01:33:11+00:00","description":"Moule en graphite pour pi\u00e8ces de monnaie, fabricant \/ fournisseur, pour le moulage de m\u00e9taux, verre, cuivre, or, argent, bijoux. Moule \u00e0 pi\u00e8ces en graphite sur mesure pour les besoins de la fonderie.","breadcrumb":{"@id":"https:\/\/jinsuncarbon.com\/product\/graphite-coin-mold\/#breadcrumb"},"inLanguage":"fr-FR","potentialAction":[{"@type":"ReadAction","target":["https:\/\/jinsuncarbon.com\/product\/graphite-coin-mold\/"]}]},{"@type":"ImageObject","inLanguage":"fr-FR","@id":"https:\/\/jinsuncarbon.com\/product\/graphite-coin-mold\/#primaryimage","url":"https:\/\/jinsuncarbon.com\/wp-content\/uploads\/2025\/01\/Graphite-Coin-Mold.jpg","contentUrl":"https:\/\/jinsuncarbon.com\/wp-content\/uploads\/2025\/01\/Graphite-Coin-Mold.jpg","width":1024,"height":763,"caption":"Graphite Coin Mold"},{"@type":"BreadcrumbList","@id":"https:\/\/jinsuncarbon.com\/product\/graphite-coin-mold\/#breadcrumb","itemListElement":[{"@type":"ListItem","position":1,"name":"Home","item":"https:\/\/jinsuncarbon.com\/"},{"@type":"ListItem","position":2,"name":"Products","item":"https:\/\/jinsuncarbon.com\/graphite-carbon\/"},{"@type":"ListItem","position":3,"name":"Graphite Coin Mold"}]},{"@type":"WebSite","@id":"https:\/\/jinsuncarbon.com\/#website","url":"https:\/\/jinsuncarbon.com\/","name":"Jinsun Carbon","description":"Nous sommes le fabricant d'\u00e9lectrodes en graphite le plus performant de Chine.","publisher":{"@id":"https:\/\/jinsuncarbon.com\/#organization"},"potentialAction":[{"@type":"SearchAction","target":{"@type":"EntryPoint","urlTemplate":"https:\/\/jinsuncarbon.com\/?s={search_term_string}"},"query-input":{"@type":"PropertyValueSpecification","valueRequired":true,"valueName":"search_term_string"}}],"inLanguage":"fr-FR"},{"@type":"Organization","@id":"https:\/\/jinsuncarbon.com\/#organization","name":"Jinsun Carbon","alternateName":"Jinsun Carbon","url":"https:\/\/jinsuncarbon.com\/","logo":{"@type":"ImageObject","inLanguage":"fr-FR","@id":"https:\/\/jinsuncarbon.com\/#\/schema\/logo\/image\/","url":"https:\/\/jinsuncarbon.com\/wp-content\/uploads\/2022\/12\/LOGO-1.png","contentUrl":"https:\/\/jinsuncarbon.com\/wp-content\/uploads\/2022\/12\/LOGO-1.png","width":207,"height":80,"caption":"Jinsun Carbon"},"image":{"@id":"https:\/\/jinsuncarbon.com\/#\/schema\/logo\/image\/"},"sameAs":["https:\/\/www.facebook.com\/Graphite-Electrode-109336238661595","https:\/\/x.com\/jinsuncarbon_","https:\/\/www.linkedin.com\/in\/jinsungraphite","https:\/\/www.youtube.com\/channel\/UCysDNyvyR5-3cCWEmpkVC0g"]}]}},"_links":{"self":[{"href":"https:\/\/jinsuncarbon.com\/fr\/wp-json\/wp\/v2\/product\/7262","targetHints":{"allow":["GET"]}}],"collection":[{"href":"https:\/\/jinsuncarbon.com\/fr\/wp-json\/wp\/v2\/product"}],"about":[{"href":"https:\/\/jinsuncarbon.com\/fr\/wp-json\/wp\/v2\/types\/product"}],"wp:featuredmedia":[{"embeddable":true,"href":"https:\/\/jinsuncarbon.com\/fr\/wp-json\/wp\/v2\/media\/7278"}],"wp:attachment":[{"href":"https:\/\/jinsuncarbon.com\/fr\/wp-json\/wp\/v2\/media?parent=7262"}],"wp:term":[{"taxonomy":"product_brand","embeddable":true,"href":"https:\/\/jinsuncarbon.com\/fr\/wp-json\/wp\/v2\/product_brand?post=7262"},{"taxonomy":"product_cat","embeddable":true,"href":"https:\/\/jinsuncarbon.com\/fr\/wp-json\/wp\/v2\/product_cat?post=7262"},{"taxonomy":"product_tag","embeddable":true,"href":"https:\/\/jinsuncarbon.com\/fr\/wp-json\/wp\/v2\/product_tag?post=7262"}],"curies":[{"name":"wp","href":"https:\/\/api.w.org\/{rel}","templated":true}]}}