{"id":7261,"date":"2025-01-07T13:11:32","date_gmt":"2025-01-07T13:11:32","guid":{"rendered":"https:\/\/jinsuncarbon.com\/?post_type=product&#038;p=7261"},"modified":"2025-01-07T13:17:25","modified_gmt":"2025-01-07T13:17:25","slug":"electrode-a-plaque-de-graphite","status":"publish","type":"product","link":"https:\/\/jinsuncarbon.com\/fr\/produit-2\/electrode-a-plaque-de-graphite\/","title":{"rendered":"\u00c9lectrode \u00e0 plaque de graphite"},"content":{"rendered":"<p class=\"ql-align-justify\">Les \u00e9lectrodes en plaques de graphite sont principalement des pi\u00e8ces fa\u00e7onn\u00e9es de diff\u00e9rentes formes, telles que rectangulaires, carr\u00e9es ou rondes. En fonction de votre sc\u00e9nario d'application sp\u00e9cifique et de vos exigences techniques, elles peuvent r\u00e9pondre pr\u00e9cis\u00e9ment aux sp\u00e9cifications de taille et aux normes de pr\u00e9cision requises gr\u00e2ce \u00e0 la d\u00e9coupe, au meulage et \u00e0 d'autres processus de traitement.<\/p>\n<h2>Avantages de l'\u00e9lectrode \u00e0 plaque de graphite<\/h2>\n<p class=\"ql-align-justify\">L'\u00e9lectrode \u00e0 plaque de graphite a g\u00e9n\u00e9ralement la forme d'une plaque r\u00e9guli\u00e8re. Ses avantages sont tr\u00e8s importants.<\/p>\n<p class=\"ql-align-justify\"><strong>Bonne conductivit\u00e9 \u00e9lectrique<\/strong><\/p>\n<p class=\"ql-align-justify\">Il peut conduire efficacement le courant, afin d'assurer le bon d\u00e9roulement du processus \u00e9lectrochimique.<\/p>\n<p class=\"ql-align-justify\"><strong>Haute stabilit\u00e9 chimique<\/strong><\/p>\n<p class=\"ql-align-justify\">Il peut conserver la stabilit\u00e9 de sa structure et de ses performances dans un environnement corrosif tel qu'un acide ou un alcali fort. Il n'est pas non plus facile \u00e0 corroder par r\u00e9action chimique.<\/p>\n<p class=\"ql-align-justify\"><strong>Excellente r\u00e9sistance aux hautes temp\u00e9ratures<\/strong><\/p>\n<p class=\"ql-align-justify\">Il peut fonctionner de mani\u00e8re stable dans un environnement \u00e0 haute temp\u00e9rature pendant une longue p\u00e9riode et s'adapter \u00e0 des sc\u00e9narios d'op\u00e9ration \u00e0 haute temp\u00e9rature tels que l'\u00e9lectrolyse et la fusion.<\/p>\n<p class=\"ql-align-justify\"><strong>R\u00e9sistance m\u00e9canique \u00e9lev\u00e9e<\/strong><\/p>\n<p class=\"ql-align-justify\">Il peut r\u00e9sister \u00e0 une certaine pression et \u00e0 une certaine friction, n'est pas facile \u00e0 casser et a une longue dur\u00e9e de vie.<\/p>\n<p class=\"ql-align-justify\">En outre, ses performances de traitement sont bonnes. Il est facile \u00e0 installer et \u00e0 utiliser en fonction des besoins r\u00e9els de coupe, de per\u00e7age et d'autres op\u00e9rations de traitement.<\/p>\n<p class=\"ql-align-justify\">Si vous souhaitez obtenir des informations d\u00e9taill\u00e9es sur les param\u00e8tres de performance tels que la conductivit\u00e9 \u00e9lectrique et la stabilit\u00e9 chimique, nous vous fournirons des conseils techniques professionnels et des r\u00e9f\u00e9rences pr\u00e9cises. Nous vous donnerons \u00e9galement des suggestions de s\u00e9lection cibl\u00e9es en fonction de vos conditions d'utilisation r\u00e9elles.<\/p>\n<h2 class=\"ql-align-justify\">Utilisations de l'\u00e9lectrode \u00e0 plaque de graphite<\/h2>\n<p class=\"ql-align-justify\">L'\u00e9lectrode \u00e0 plaque de graphite a un large \u00e9ventail d'applications, dont voici quelques exemples.<\/p>\n<p class=\"ql-align-justify\"><strong>Champ \u00e9lectrochimique :<\/strong><\/p>\n<p class=\"ql-align-justify\">Dans le processus d'\u00e9lectrolyse, l'\u00e9lectrode \u00e0 plaque de graphite sert d'anode ou d'\u00e9lectrode \u00e0 plaque de graphite. <a href=\"https:\/\/jinsuncarbon.com\/fr\/produit-2\/bloc-cathodique\/\">cathode<\/a>Les \u00e9lectrolytes peuvent conduire le courant de mani\u00e8re stable. Favorise la migration et la r\u00e9action des ions dans la solution \u00e9lectrolytique. Il peut \u00eatre largement utilis\u00e9 dans la fonte des m\u00e9taux non ferreux, l'industrie du chlore et de la soude et d'autres domaines. Il contribue \u00e0 am\u00e9liorer l'efficacit\u00e9 des <a href=\"https:\/\/en.wikipedia.org\/wiki\/Electrolysis\" target=\"_blank\" rel=\"noopener\">\u00e9lectrolyse<\/a> et la qualit\u00e9 des produits. Sa r\u00e9sistance aux temp\u00e9ratures \u00e9lev\u00e9es et \u00e0 la corrosion lui permet de fonctionner dans un environnement \u00e9lectrolytique difficile pendant une longue p\u00e9riode.<\/p>\n<p class=\"ql-align-justify\"><strong>Champ de batterie :<\/strong><\/p>\n<p class=\"ql-align-justify\">Il peut \u00eatre utilis\u00e9 comme mat\u00e9riau d'\u00e9lectrode de batterie, par exemple dans certaines batteries sp\u00e9ciales \u00e0 haute temp\u00e9rature ou dans des syst\u00e8mes de batteries \u00e0 haute temp\u00e9rature. <a href=\"https:\/\/jinsuncarbon.com\/fr\/produit-2\/electrode-en-graphite-de-petit-diametre\/\">\u00e9lectrode<\/a> exigences en mati\u00e8re de stabilit\u00e9. La bonne conductivit\u00e9 et la stabilit\u00e9 chimique des \u00e9lectrodes \u00e0 plaque de graphite peuvent garantir les performances de charge et de d\u00e9charge de la batterie. Am\u00e9liorer la dur\u00e9e de vie et l'efficacit\u00e9 de la conversion \u00e9nerg\u00e9tique de la batterie. Et fournir une base solide pour le fonctionnement stable de la batterie.<\/p>\n<p class=\"ql-align-justify\"><strong>Domaine du chauffage industriel :<\/strong><\/p>\n<p class=\"ql-align-justify\">Gr\u00e2ce \u00e0 sa bonne conductivit\u00e9 \u00e9lectrique et \u00e0 sa r\u00e9sistance aux temp\u00e9ratures \u00e9lev\u00e9es, l'\u00e9lectrode \u00e0 plaque de graphite peut \u00eatre utilis\u00e9e comme \u00e9l\u00e9ment chauffant. Afin de convertir efficacement l'\u00e9nergie \u00e9lectrique en \u00e9nergie thermique pour le chauffage des fours industriels, les \u00e9lectrodes \u00e0 haute temp\u00e9rature, les \u00e9lectrodes \u00e0 haute temp\u00e9rature, les \u00e9lectrodes \u00e0 haute temp\u00e9rature et les \u00e9lectrodes \u00e0 haute temp\u00e9rature. <a href=\"https:\/\/en.wikipedia.org\/wiki\/Furnace\" target=\"_blank\" rel=\"noopener\">fours<\/a> et d'autres \u00e9quipements. Il permet un chauffage rapide et un contr\u00f4le pr\u00e9cis de la temp\u00e9rature afin de r\u00e9pondre aux besoins des diff\u00e9rents processus de chauffage industriel. Sa stabilit\u00e9 et sa fiabilit\u00e9 garantissent un processus de chauffage continu et efficace.<\/p>","protected":false},"excerpt":{"rendered":"<p class=\"ql-align-justify\">L'\u00e9lectrode \u00e0 plaque en graphite est une \u00e9lectrode \u00e0 plaque fabriqu\u00e9e \u00e0 partir de graphite de haute qualit\u00e9 par un proc\u00e9d\u00e9 sp\u00e9cial. Elle poss\u00e8de d'excellentes caract\u00e9ristiques de conductivit\u00e9 \u00e9lectrique, de stabilit\u00e9 chimique et de r\u00e9sistance aux temp\u00e9ratures \u00e9lev\u00e9es. Gr\u00e2ce \u00e0 ces excellentes caract\u00e9ristiques, elle joue un r\u00f4le cl\u00e9 dans de nombreux domaines industriels, en particulier dans l'industrie \u00e9lectrochimique. Il s'agit d'un mat\u00e9riau d'\u00e9lectrode fiable et efficace, qui peut r\u00e9pondre aux besoins d'une vari\u00e9t\u00e9 de conditions de travail complexes.<\/p>\n<p class=\"ql-align-justify\">","protected":false},"featured_media":7265,"template":"","meta":[],"product_brand":[],"product_cat":[38],"product_tag":[],"class_list":{"0":"post-7261","1":"product","2":"type-product","3":"status-publish","4":"has-post-thumbnail","6":"product_cat-graphite-products","8":"first","9":"instock","10":"shipping-taxable","11":"product-type-simple"},"yoast_head":"<!-- This site is optimized with the Yoast SEO Premium plugin v19.2.1 (Yoast SEO v25.3) - https:\/\/yoast.com\/wordpress\/plugins\/seo\/ -->\n<title>Graphite Plate Electrode Manufacturer in China | Jinsun Carbon<\/title>\n<meta name=\"description\" content=\"Graphite plate electrodes are mainly shaped parts with various shapes such as rectangle, square or round. We supply graphite plate electrode at best price.\" \/>\n<meta name=\"robots\" content=\"index, follow, max-snippet:-1, max-image-preview:large, max-video-preview:-1\" \/>\n<link rel=\"canonical\" href=\"https:\/\/jinsuncarbon.com\/fr\/produit-2\/electrode-a-plaque-de-graphite\/\" \/>\n<meta property=\"og:locale\" content=\"fr_FR\" \/>\n<meta property=\"og:type\" content=\"article\" \/>\n<meta property=\"og:title\" content=\"Graphite Plate Electrode\" \/>\n<meta property=\"og:description\" content=\"Graphite plate electrodes are mainly shaped parts with various shapes such as rectangle, square or round. We supply graphite plate electrode at best price.\" \/>\n<meta property=\"og:url\" content=\"https:\/\/jinsuncarbon.com\/fr\/produit-2\/electrode-a-plaque-de-graphite\/\" \/>\n<meta property=\"og:site_name\" content=\"Jinsun Carbon\" \/>\n<meta property=\"article:publisher\" content=\"https:\/\/www.facebook.com\/Graphite-Electrode-109336238661595\" \/>\n<meta property=\"article:modified_time\" content=\"2025-01-07T13:17:25+00:00\" \/>\n<meta property=\"og:image\" content=\"https:\/\/jinsuncarbon.com\/wp-content\/uploads\/2025\/01\/Graphite-Plate-Electrode.jpg\" \/>\n\t<meta property=\"og:image:width\" content=\"1024\" \/>\n\t<meta property=\"og:image:height\" content=\"763\" \/>\n\t<meta property=\"og:image:type\" content=\"image\/jpeg\" \/>\n<meta name=\"twitter:card\" content=\"summary_large_image\" \/>\n<meta name=\"twitter:site\" content=\"@jinsuncarbon_\" \/>\n<meta name=\"twitter:label1\" content=\"Dur\u00e9e de lecture estim\u00e9e\" \/>\n\t<meta name=\"twitter:data1\" content=\"3 minutes\" \/>\n<script type=\"application\/ld+json\" class=\"yoast-schema-graph\">{\"@context\":\"https:\/\/schema.org\",\"@graph\":[{\"@type\":\"WebPage\",\"@id\":\"https:\/\/jinsuncarbon.com\/product\/graphite-plate-electrode\/\",\"url\":\"https:\/\/jinsuncarbon.com\/product\/graphite-plate-electrode\/\",\"name\":\"Graphite Plate Electrode Manufacturer in China | Jinsun Carbon\",\"isPartOf\":{\"@id\":\"https:\/\/jinsuncarbon.com\/#website\"},\"primaryImageOfPage\":{\"@id\":\"https:\/\/jinsuncarbon.com\/product\/graphite-plate-electrode\/#primaryimage\"},\"image\":{\"@id\":\"https:\/\/jinsuncarbon.com\/product\/graphite-plate-electrode\/#primaryimage\"},\"thumbnailUrl\":\"https:\/\/jinsuncarbon.com\/wp-content\/uploads\/2025\/01\/Graphite-Plate-Electrode.jpg\",\"datePublished\":\"2025-01-07T13:11:32+00:00\",\"dateModified\":\"2025-01-07T13:17:25+00:00\",\"description\":\"Graphite plate electrodes are mainly shaped parts with various shapes such as rectangle, square or round. We supply graphite plate electrode at best price.\",\"breadcrumb\":{\"@id\":\"https:\/\/jinsuncarbon.com\/product\/graphite-plate-electrode\/#breadcrumb\"},\"inLanguage\":\"fr-FR\",\"potentialAction\":[{\"@type\":\"ReadAction\",\"target\":[\"https:\/\/jinsuncarbon.com\/product\/graphite-plate-electrode\/\"]}]},{\"@type\":\"ImageObject\",\"inLanguage\":\"fr-FR\",\"@id\":\"https:\/\/jinsuncarbon.com\/product\/graphite-plate-electrode\/#primaryimage\",\"url\":\"https:\/\/jinsuncarbon.com\/wp-content\/uploads\/2025\/01\/Graphite-Plate-Electrode.jpg\",\"contentUrl\":\"https:\/\/jinsuncarbon.com\/wp-content\/uploads\/2025\/01\/Graphite-Plate-Electrode.jpg\",\"width\":1024,\"height\":763,\"caption\":\"Graphite Plate Electrode\"},{\"@type\":\"BreadcrumbList\",\"@id\":\"https:\/\/jinsuncarbon.com\/product\/graphite-plate-electrode\/#breadcrumb\",\"itemListElement\":[{\"@type\":\"ListItem\",\"position\":1,\"name\":\"Home\",\"item\":\"https:\/\/jinsuncarbon.com\/\"},{\"@type\":\"ListItem\",\"position\":2,\"name\":\"Products\",\"item\":\"https:\/\/jinsuncarbon.com\/graphite-carbon\/\"},{\"@type\":\"ListItem\",\"position\":3,\"name\":\"Graphite Plate Electrode\"}]},{\"@type\":\"WebSite\",\"@id\":\"https:\/\/jinsuncarbon.com\/#website\",\"url\":\"https:\/\/jinsuncarbon.com\/\",\"name\":\"Jinsun Carbon\",\"description\":\"We are the successful graphite electrode manufacturer in China\",\"publisher\":{\"@id\":\"https:\/\/jinsuncarbon.com\/#organization\"},\"potentialAction\":[{\"@type\":\"SearchAction\",\"target\":{\"@type\":\"EntryPoint\",\"urlTemplate\":\"https:\/\/jinsuncarbon.com\/?s={search_term_string}\"},\"query-input\":{\"@type\":\"PropertyValueSpecification\",\"valueRequired\":true,\"valueName\":\"search_term_string\"}}],\"inLanguage\":\"fr-FR\"},{\"@type\":\"Organization\",\"@id\":\"https:\/\/jinsuncarbon.com\/#organization\",\"name\":\"Jinsun Carbon\",\"alternateName\":\"Jinsun Carbon\",\"url\":\"https:\/\/jinsuncarbon.com\/\",\"logo\":{\"@type\":\"ImageObject\",\"inLanguage\":\"fr-FR\",\"@id\":\"https:\/\/jinsuncarbon.com\/#\/schema\/logo\/image\/\",\"url\":\"https:\/\/jinsuncarbon.com\/wp-content\/uploads\/2022\/12\/LOGO-1.png\",\"contentUrl\":\"https:\/\/jinsuncarbon.com\/wp-content\/uploads\/2022\/12\/LOGO-1.png\",\"width\":207,\"height\":80,\"caption\":\"Jinsun Carbon\"},\"image\":{\"@id\":\"https:\/\/jinsuncarbon.com\/#\/schema\/logo\/image\/\"},\"sameAs\":[\"https:\/\/www.facebook.com\/Graphite-Electrode-109336238661595\",\"https:\/\/x.com\/jinsuncarbon_\",\"https:\/\/www.linkedin.com\/in\/jinsungraphite\",\"https:\/\/www.youtube.com\/channel\/UCysDNyvyR5-3cCWEmpkVC0g\"]}]}<\/script>\n<!-- \/ Yoast SEO Premium plugin. -->","yoast_head_json":{"title":"\u00c9lectrodes en plaques de graphite fabriqu\u00e9es en Chine | Jinsun Carbon","description":"Les \u00e9lectrodes en plaques de graphite sont principalement des pi\u00e8ces fa\u00e7onn\u00e9es avec des formes vari\u00e9es telles que le rectangle, le carr\u00e9 ou le rond. Nous fournissons des \u00e9lectrodes en plaques de graphite au meilleur prix.","robots":{"index":"index","follow":"follow","max-snippet":"max-snippet:-1","max-image-preview":"max-image-preview:large","max-video-preview":"max-video-preview:-1"},"canonical":"https:\/\/jinsuncarbon.com\/fr\/produit-2\/electrode-a-plaque-de-graphite\/","og_locale":"fr_FR","og_type":"article","og_title":"Graphite Plate Electrode","og_description":"Graphite plate electrodes are mainly shaped parts with various shapes such as rectangle, square or round. We supply graphite plate electrode at best price.","og_url":"https:\/\/jinsuncarbon.com\/fr\/produit-2\/electrode-a-plaque-de-graphite\/","og_site_name":"Jinsun Carbon","article_publisher":"https:\/\/www.facebook.com\/Graphite-Electrode-109336238661595","article_modified_time":"2025-01-07T13:17:25+00:00","og_image":[{"width":1024,"height":763,"url":"https:\/\/jinsuncarbon.com\/wp-content\/uploads\/2025\/01\/Graphite-Plate-Electrode.jpg","type":"image\/jpeg"}],"twitter_card":"summary_large_image","twitter_site":"@jinsuncarbon_","twitter_misc":{"Dur\u00e9e de lecture estim\u00e9e":"3 minutes"},"schema":{"@context":"https:\/\/schema.org","@graph":[{"@type":"WebPage","@id":"https:\/\/jinsuncarbon.com\/product\/graphite-plate-electrode\/","url":"https:\/\/jinsuncarbon.com\/product\/graphite-plate-electrode\/","name":"\u00c9lectrodes en plaques de graphite fabriqu\u00e9es en Chine | Jinsun Carbon","isPartOf":{"@id":"https:\/\/jinsuncarbon.com\/#website"},"primaryImageOfPage":{"@id":"https:\/\/jinsuncarbon.com\/product\/graphite-plate-electrode\/#primaryimage"},"image":{"@id":"https:\/\/jinsuncarbon.com\/product\/graphite-plate-electrode\/#primaryimage"},"thumbnailUrl":"https:\/\/jinsuncarbon.com\/wp-content\/uploads\/2025\/01\/Graphite-Plate-Electrode.jpg","datePublished":"2025-01-07T13:11:32+00:00","dateModified":"2025-01-07T13:17:25+00:00","description":"Les \u00e9lectrodes en plaques de graphite sont principalement des pi\u00e8ces fa\u00e7onn\u00e9es avec des formes vari\u00e9es telles que le rectangle, le carr\u00e9 ou le rond. Nous fournissons des \u00e9lectrodes en plaques de graphite au meilleur prix.","breadcrumb":{"@id":"https:\/\/jinsuncarbon.com\/product\/graphite-plate-electrode\/#breadcrumb"},"inLanguage":"fr-FR","potentialAction":[{"@type":"ReadAction","target":["https:\/\/jinsuncarbon.com\/product\/graphite-plate-electrode\/"]}]},{"@type":"ImageObject","inLanguage":"fr-FR","@id":"https:\/\/jinsuncarbon.com\/product\/graphite-plate-electrode\/#primaryimage","url":"https:\/\/jinsuncarbon.com\/wp-content\/uploads\/2025\/01\/Graphite-Plate-Electrode.jpg","contentUrl":"https:\/\/jinsuncarbon.com\/wp-content\/uploads\/2025\/01\/Graphite-Plate-Electrode.jpg","width":1024,"height":763,"caption":"Graphite Plate Electrode"},{"@type":"BreadcrumbList","@id":"https:\/\/jinsuncarbon.com\/product\/graphite-plate-electrode\/#breadcrumb","itemListElement":[{"@type":"ListItem","position":1,"name":"Home","item":"https:\/\/jinsuncarbon.com\/"},{"@type":"ListItem","position":2,"name":"Products","item":"https:\/\/jinsuncarbon.com\/graphite-carbon\/"},{"@type":"ListItem","position":3,"name":"Graphite Plate Electrode"}]},{"@type":"WebSite","@id":"https:\/\/jinsuncarbon.com\/#website","url":"https:\/\/jinsuncarbon.com\/","name":"Jinsun Carbon","description":"Nous sommes le fabricant d'\u00e9lectrodes en graphite le plus performant de Chine.","publisher":{"@id":"https:\/\/jinsuncarbon.com\/#organization"},"potentialAction":[{"@type":"SearchAction","target":{"@type":"EntryPoint","urlTemplate":"https:\/\/jinsuncarbon.com\/?s={search_term_string}"},"query-input":{"@type":"PropertyValueSpecification","valueRequired":true,"valueName":"search_term_string"}}],"inLanguage":"fr-FR"},{"@type":"Organization","@id":"https:\/\/jinsuncarbon.com\/#organization","name":"Jinsun Carbon","alternateName":"Jinsun Carbon","url":"https:\/\/jinsuncarbon.com\/","logo":{"@type":"ImageObject","inLanguage":"fr-FR","@id":"https:\/\/jinsuncarbon.com\/#\/schema\/logo\/image\/","url":"https:\/\/jinsuncarbon.com\/wp-content\/uploads\/2022\/12\/LOGO-1.png","contentUrl":"https:\/\/jinsuncarbon.com\/wp-content\/uploads\/2022\/12\/LOGO-1.png","width":207,"height":80,"caption":"Jinsun Carbon"},"image":{"@id":"https:\/\/jinsuncarbon.com\/#\/schema\/logo\/image\/"},"sameAs":["https:\/\/www.facebook.com\/Graphite-Electrode-109336238661595","https:\/\/x.com\/jinsuncarbon_","https:\/\/www.linkedin.com\/in\/jinsungraphite","https:\/\/www.youtube.com\/channel\/UCysDNyvyR5-3cCWEmpkVC0g"]}]}},"_links":{"self":[{"href":"https:\/\/jinsuncarbon.com\/fr\/wp-json\/wp\/v2\/product\/7261","targetHints":{"allow":["GET"]}}],"collection":[{"href":"https:\/\/jinsuncarbon.com\/fr\/wp-json\/wp\/v2\/product"}],"about":[{"href":"https:\/\/jinsuncarbon.com\/fr\/wp-json\/wp\/v2\/types\/product"}],"wp:featuredmedia":[{"embeddable":true,"href":"https:\/\/jinsuncarbon.com\/fr\/wp-json\/wp\/v2\/media\/7265"}],"wp:attachment":[{"href":"https:\/\/jinsuncarbon.com\/fr\/wp-json\/wp\/v2\/media?parent=7261"}],"wp:term":[{"taxonomy":"product_brand","embeddable":true,"href":"https:\/\/jinsuncarbon.com\/fr\/wp-json\/wp\/v2\/product_brand?post=7261"},{"taxonomy":"product_cat","embeddable":true,"href":"https:\/\/jinsuncarbon.com\/fr\/wp-json\/wp\/v2\/product_cat?post=7261"},{"taxonomy":"product_tag","embeddable":true,"href":"https:\/\/jinsuncarbon.com\/fr\/wp-json\/wp\/v2\/product_tag?post=7261"}],"curies":[{"name":"wp","href":"https:\/\/api.w.org\/{rel}","templated":true}]}}