{"id":7260,"date":"2025-01-07T12:47:57","date_gmt":"2025-01-07T12:47:57","guid":{"rendered":"https:\/\/jinsuncarbon.com\/?post_type=product&#038;p=7260"},"modified":"2025-01-07T12:47:59","modified_gmt":"2025-01-07T12:47:59","slug":"feutre-graphite-pan","status":"publish","type":"product","link":"https:\/\/jinsuncarbon.com\/fr\/produit-2\/feutre-graphite-pan\/","title":{"rendered":"Feutre Pan Graphite"},"content":{"rendered":"<p class=\"ql-align-justify\">Le feutre de graphite Pan se pr\u00e9sente g\u00e9n\u00e9ralement sous la forme d'un feutre et pr\u00e9sente de nombreux avantages significatifs.<\/p>\n<p class=\"ql-align-justify\"><strong>Bonne stabilit\u00e9 thermique<\/strong><\/p>\n<p class=\"ql-align-justify\">Il peut maintenir la stabilit\u00e9 structurelle dans un environnement \u00e0 haute temp\u00e9rature et r\u00e9sister \u00e0 des changements de temp\u00e9rature allant de la temp\u00e9rature normale \u00e0 des milliers de degr\u00e9s Celsius. Il convient aux sc\u00e9narios de fonctionnement \u00e0 haute temp\u00e9rature, tels que le traitement thermique \u00e0 haute temp\u00e9rature, la m\u00e9tallurgie, etc.<\/p>\n<p class=\"ql-align-justify\"><strong>Forte stabilit\u00e9 chimique<\/strong><\/p>\n<p class=\"ql-align-justify\">Il pr\u00e9sente une certaine tol\u00e9rance \u00e0 la plupart des acides, bases et autres substances chimiques. Vous pouvez normalement l'utiliser dans un environnement chimique difficile sans qu'il soit facilement corrod\u00e9.<\/p>\n<p class=\"ql-align-justify\"><strong>Surface sp\u00e9cifique \u00e9lev\u00e9e<\/strong><\/p>\n<p class=\"ql-align-justify\">Cela lui conf\u00e8re des avantages potentiels en mati\u00e8re d'adsorption, de catalyse, etc., et peut fournir davantage de sites actifs pour les r\u00e9actions chimiques.<\/p>\n<p class=\"ql-align-justify\"><strong>Bonne flexibilit\u00e9<\/strong><\/p>\n<p class=\"ql-align-justify\">Il peut facilement couper, plier et courber les op\u00e9rations de traitement, afin de s'adapter aux diff\u00e9rentes formes et tailles d'\u00e9quipements ou de dispositifs n\u00e9cessaires.<\/p>\n<p class=\"ql-align-justify\"><strong>Une certaine structure des pores<\/strong><\/p>\n<p class=\"ql-align-justify\">Cela facilite la p\u00e9n\u00e9tration et la diffusion des gaz et des liquides. Il peut \u00e9galement jouer un r\u00f4le unique dans les applications impliquant la manipulation de fluides ou le transport de mat\u00e9riaux. La valeur et le champ d'application du produit s'en trouvent encore am\u00e9lior\u00e9s.<\/p>\n<p class=\"ql-align-justify\">Bien que sa conductivit\u00e9 \u00e9lectrique soit l\u00e9g\u00e8rement inf\u00e9rieure \u00e0 celle de certains produits de haute puret\u00e9, l'acide sulfurique n'a pas \u00e9t\u00e9 utilis\u00e9. <a href=\"https:\/\/jinsuncarbon.com\/fr\/produit-2\/materiau-graphite\/\">mat\u00e9riaux en graphite<\/a>Cependant, il peut encore r\u00e9pondre \u00e0 de nombreuses applications n\u00e9cessitant une conductivit\u00e9 \u00e9lectrique. Il peut \u00e9galement assurer une transmission efficace des charges.<\/p>\n<h2 class=\"ql-align-justify\">Utilisations du feutre de graphite pan<\/h2>\n<p class=\"ql-align-justify\"><strong>Nouveau champ \u00e9nerg\u00e9tique :<\/strong><\/p>\n<p class=\"ql-align-justify\">Dans les batteries lithium-ion, il peut \u00eatre utilis\u00e9 comme additif ou squelette conducteur pour les mat\u00e9riaux d'\u00e9lectrode. Gr\u00e2ce \u00e0 sa bonne conductivit\u00e9 et \u00e0 sa structure poreuse, il peut am\u00e9liorer le taux de conduction des \u00e9lectrons et l'efficacit\u00e9 de la diffusion des ions de l'\u00e9lectrode. Il am\u00e9liore ainsi les performances de charge et de d\u00e9charge et la dur\u00e9e de vie de la batterie. <a href=\"https:\/\/www.britannica.com\/technology\/battery-electronics#:~:text=battery%2C%20in%20electricity%20and%20electrochemistry,single%20cell%20of%20this%20kind.\" target=\"_blank\" rel=\"noopener\">batterie<\/a>. Fournir des solutions de stockage d'\u00e9nergie plus efficaces et plus stables pour les v\u00e9hicules \u00e0 \u00e9nergie nouvelle, les appareils \u00e9lectroniques portables, etc. Promouvoir le d\u00e9veloppement et l'application des \u00e9nergies propres.<\/p>\n<p class=\"ql-align-justify\"><strong>Dans le domaine de la protection de l'environnement :<\/strong><\/p>\n<p class=\"ql-align-justify\">Dans le traitement des eaux us\u00e9es, il peut \u00eatre utilis\u00e9 comme mat\u00e9riau d'\u00e9lectrode pour la r\u00e9action \u00e9lectrochimique REDOX. Sa grande surface sp\u00e9cifique et sa bonne conductivit\u00e9 \u00e9lectrique peuvent favoriser la d\u00e9composition et la transformation des polluants dans l'eau. Il permet ainsi de r\u00e9aliser un traitement de purification des eaux us\u00e9es ;<\/p>\n<p class=\"ql-align-justify\">Parall\u00e8lement, dans le cadre de la lutte contre la pollution de l'air, vous pouvez \u00e9galement l'utiliser pour absorber certains gaz nocifs. Gr\u00e2ce \u00e0 sa structure poreuse et \u00e0 sa stabilit\u00e9 chimique, il peut \u00e9liminer efficacement les polluants dans l'air et contribuer \u00e0 l'am\u00e9lioration de la qualit\u00e9 de l'environnement. Et aider \u00e0 atteindre les objectifs de d\u00e9veloppement durable.<\/p>\n<p class=\"ql-align-justify\"><strong>Domaine de la fabrication industrielle :<\/strong><\/p>\n<p class=\"ql-align-justify\">Dans l'industrie m\u00e9tallurgique, comme l'acier et les m\u00e9taux non ferreux, il peut \u00eatre utilis\u00e9 comme rev\u00eatement ou mat\u00e9riau d'isolation thermique \u00e0 haute temp\u00e9rature. <a href=\"https:\/\/en.wikipedia.org\/wiki\/Furnace_(central_heating)\" target=\"_blank\" rel=\"noopener\">four<\/a>. En utilisant sa r\u00e9sistance aux temp\u00e9ratures \u00e9lev\u00e9es et ses propri\u00e9t\u00e9s d'isolation thermique pour r\u00e9duire les pertes de chaleur et am\u00e9liorer l'efficacit\u00e9 \u00e9nerg\u00e9tique. Tout en prot\u00e9geant la structure du four et en prolongeant la dur\u00e9e de vie de l'\u00e9quipement ;<\/p>\n<p class=\"ql-align-justify\">Dans la production chimique, il peut \u00eatre utilis\u00e9 comme support de catalyseur. Gr\u00e2ce \u00e0 sa richesse en sites actifs et \u00e0 sa stabilit\u00e9 chimique, il am\u00e9liore l'activit\u00e9 et la s\u00e9lectivit\u00e9 du catalyseur. Optimiser le processus de r\u00e9action chimique, r\u00e9duire les co\u00fbts de production, am\u00e9liorer la qualit\u00e9 du produit et l'efficacit\u00e9 de la production. Et am\u00e9liorer la comp\u00e9titivit\u00e9 industrielle.<\/p>","protected":false},"excerpt":{"rendered":"<p>Le feutre de graphite Pan est un type de feutre de graphite pr\u00e9par\u00e9 par une s\u00e9rie de processus complexes tels que la carbonisation \u00e0 haute temp\u00e9rature avec le polyacrylonitrile comme pr\u00e9curseur. Il h\u00e9rite de certaines des excellentes caract\u00e9ristiques du graphite. De plus, gr\u00e2ce \u00e0 son processus de pr\u00e9paration unique, il pr\u00e9sente des caract\u00e9ristiques structurelles qui lui sont propres. Avec une r\u00e9sistance \u00e9lev\u00e9e, une bonne flexibilit\u00e9 et une bonne conductivit\u00e9 \u00e9lectrique, etc., il pr\u00e9sente de vastes perspectives d'application dans de nombreux domaines. Il s'agit d'un mat\u00e9riau fonctionnel dot\u00e9 d'excellentes performances, qui s'adapte \u00e0 une vari\u00e9t\u00e9 de conditions d'utilisation complexes et d'exigences en mati\u00e8re de processus.<\/p>","protected":false},"featured_media":7263,"template":"","meta":[],"product_brand":[],"product_cat":[38],"product_tag":[],"class_list":{"0":"post-7260","1":"product","2":"type-product","3":"status-publish","4":"has-post-thumbnail","6":"product_cat-graphite-products","8":"first","9":"instock","10":"shipping-taxable","11":"product-type-simple"},"yoast_head":"<!-- This site is optimized with the Yoast SEO Premium plugin v19.2.1 (Yoast SEO v25.3) - https:\/\/yoast.com\/wordpress\/plugins\/seo\/ -->\n<title>Pan Graphite Felt Manufacturer in China | Jinsun Carbon<\/title>\n<meta name=\"description\" content=\"Pan Graphite Felt for sale at good price, for your furnace insulation materials and components, heat shields and radiators, welding and battery.\" \/>\n<meta name=\"robots\" content=\"index, follow, max-snippet:-1, max-image-preview:large, max-video-preview:-1\" \/>\n<link rel=\"canonical\" href=\"https:\/\/jinsuncarbon.com\/fr\/produit-2\/feutre-graphite-pan\/\" \/>\n<meta property=\"og:locale\" content=\"fr_FR\" \/>\n<meta property=\"og:type\" content=\"article\" \/>\n<meta property=\"og:title\" content=\"Pan Graphite Felt\" \/>\n<meta property=\"og:description\" content=\"Pan Graphite Felt for sale at good price, for your furnace insulation materials and components, heat shields and radiators, welding and battery.\" \/>\n<meta property=\"og:url\" content=\"https:\/\/jinsuncarbon.com\/fr\/produit-2\/feutre-graphite-pan\/\" \/>\n<meta property=\"og:site_name\" content=\"Jinsun Carbon\" \/>\n<meta property=\"article:publisher\" content=\"https:\/\/www.facebook.com\/Graphite-Electrode-109336238661595\" \/>\n<meta property=\"article:modified_time\" content=\"2025-01-07T12:47:59+00:00\" \/>\n<meta property=\"og:image\" content=\"https:\/\/jinsuncarbon.com\/wp-content\/uploads\/2025\/01\/Pan-Graphite-Felt.jpg\" \/>\n\t<meta property=\"og:image:width\" content=\"1024\" \/>\n\t<meta property=\"og:image:height\" content=\"763\" \/>\n\t<meta property=\"og:image:type\" content=\"image\/jpeg\" \/>\n<meta name=\"twitter:card\" content=\"summary_large_image\" \/>\n<meta name=\"twitter:site\" content=\"@jinsuncarbon_\" \/>\n<meta name=\"twitter:label1\" content=\"Dur\u00e9e de lecture estim\u00e9e\" \/>\n\t<meta name=\"twitter:data1\" content=\"3 minutes\" \/>\n<script type=\"application\/ld+json\" class=\"yoast-schema-graph\">{\"@context\":\"https:\/\/schema.org\",\"@graph\":[{\"@type\":\"WebPage\",\"@id\":\"https:\/\/jinsuncarbon.com\/product\/pan-graphite-felt\/\",\"url\":\"https:\/\/jinsuncarbon.com\/product\/pan-graphite-felt\/\",\"name\":\"Pan Graphite Felt Manufacturer in China | Jinsun Carbon\",\"isPartOf\":{\"@id\":\"https:\/\/jinsuncarbon.com\/#website\"},\"primaryImageOfPage\":{\"@id\":\"https:\/\/jinsuncarbon.com\/product\/pan-graphite-felt\/#primaryimage\"},\"image\":{\"@id\":\"https:\/\/jinsuncarbon.com\/product\/pan-graphite-felt\/#primaryimage\"},\"thumbnailUrl\":\"https:\/\/jinsuncarbon.com\/wp-content\/uploads\/2025\/01\/Pan-Graphite-Felt.jpg\",\"datePublished\":\"2025-01-07T12:47:57+00:00\",\"dateModified\":\"2025-01-07T12:47:59+00:00\",\"description\":\"Pan Graphite Felt for sale at good price, for your furnace insulation materials and components, heat shields and radiators, welding and battery.\",\"breadcrumb\":{\"@id\":\"https:\/\/jinsuncarbon.com\/product\/pan-graphite-felt\/#breadcrumb\"},\"inLanguage\":\"fr-FR\",\"potentialAction\":[{\"@type\":\"ReadAction\",\"target\":[\"https:\/\/jinsuncarbon.com\/product\/pan-graphite-felt\/\"]}]},{\"@type\":\"ImageObject\",\"inLanguage\":\"fr-FR\",\"@id\":\"https:\/\/jinsuncarbon.com\/product\/pan-graphite-felt\/#primaryimage\",\"url\":\"https:\/\/jinsuncarbon.com\/wp-content\/uploads\/2025\/01\/Pan-Graphite-Felt.jpg\",\"contentUrl\":\"https:\/\/jinsuncarbon.com\/wp-content\/uploads\/2025\/01\/Pan-Graphite-Felt.jpg\",\"width\":1024,\"height\":763,\"caption\":\"Pan Graphite Felt\"},{\"@type\":\"BreadcrumbList\",\"@id\":\"https:\/\/jinsuncarbon.com\/product\/pan-graphite-felt\/#breadcrumb\",\"itemListElement\":[{\"@type\":\"ListItem\",\"position\":1,\"name\":\"Home\",\"item\":\"https:\/\/jinsuncarbon.com\/\"},{\"@type\":\"ListItem\",\"position\":2,\"name\":\"Products\",\"item\":\"https:\/\/jinsuncarbon.com\/graphite-carbon\/\"},{\"@type\":\"ListItem\",\"position\":3,\"name\":\"Pan Graphite Felt\"}]},{\"@type\":\"WebSite\",\"@id\":\"https:\/\/jinsuncarbon.com\/#website\",\"url\":\"https:\/\/jinsuncarbon.com\/\",\"name\":\"Jinsun Carbon\",\"description\":\"We are the successful graphite electrode manufacturer in China\",\"publisher\":{\"@id\":\"https:\/\/jinsuncarbon.com\/#organization\"},\"potentialAction\":[{\"@type\":\"SearchAction\",\"target\":{\"@type\":\"EntryPoint\",\"urlTemplate\":\"https:\/\/jinsuncarbon.com\/?s={search_term_string}\"},\"query-input\":{\"@type\":\"PropertyValueSpecification\",\"valueRequired\":true,\"valueName\":\"search_term_string\"}}],\"inLanguage\":\"fr-FR\"},{\"@type\":\"Organization\",\"@id\":\"https:\/\/jinsuncarbon.com\/#organization\",\"name\":\"Jinsun Carbon\",\"alternateName\":\"Jinsun Carbon\",\"url\":\"https:\/\/jinsuncarbon.com\/\",\"logo\":{\"@type\":\"ImageObject\",\"inLanguage\":\"fr-FR\",\"@id\":\"https:\/\/jinsuncarbon.com\/#\/schema\/logo\/image\/\",\"url\":\"https:\/\/jinsuncarbon.com\/wp-content\/uploads\/2022\/12\/LOGO-1.png\",\"contentUrl\":\"https:\/\/jinsuncarbon.com\/wp-content\/uploads\/2022\/12\/LOGO-1.png\",\"width\":207,\"height\":80,\"caption\":\"Jinsun Carbon\"},\"image\":{\"@id\":\"https:\/\/jinsuncarbon.com\/#\/schema\/logo\/image\/\"},\"sameAs\":[\"https:\/\/www.facebook.com\/Graphite-Electrode-109336238661595\",\"https:\/\/x.com\/jinsuncarbon_\",\"https:\/\/www.linkedin.com\/in\/jinsungraphite\",\"https:\/\/www.youtube.com\/channel\/UCysDNyvyR5-3cCWEmpkVC0g\"]}]}<\/script>\n<!-- \/ Yoast SEO Premium plugin. -->","yoast_head_json":{"title":"Pan Graphite Felt Manufacturer in China | Jinsun Carbon","description":"Le feutre de graphite pan en vente \u00e0 bon prix, pour vos mat\u00e9riaux d'isolation de four et composants, boucliers thermiques et radiateurs, soudure et batterie.","robots":{"index":"index","follow":"follow","max-snippet":"max-snippet:-1","max-image-preview":"max-image-preview:large","max-video-preview":"max-video-preview:-1"},"canonical":"https:\/\/jinsuncarbon.com\/fr\/produit-2\/feutre-graphite-pan\/","og_locale":"fr_FR","og_type":"article","og_title":"Pan Graphite Felt","og_description":"Pan Graphite Felt for sale at good price, for your furnace insulation materials and components, heat shields and radiators, welding and battery.","og_url":"https:\/\/jinsuncarbon.com\/fr\/produit-2\/feutre-graphite-pan\/","og_site_name":"Jinsun Carbon","article_publisher":"https:\/\/www.facebook.com\/Graphite-Electrode-109336238661595","article_modified_time":"2025-01-07T12:47:59+00:00","og_image":[{"width":1024,"height":763,"url":"https:\/\/jinsuncarbon.com\/wp-content\/uploads\/2025\/01\/Pan-Graphite-Felt.jpg","type":"image\/jpeg"}],"twitter_card":"summary_large_image","twitter_site":"@jinsuncarbon_","twitter_misc":{"Dur\u00e9e de lecture estim\u00e9e":"3 minutes"},"schema":{"@context":"https:\/\/schema.org","@graph":[{"@type":"WebPage","@id":"https:\/\/jinsuncarbon.com\/product\/pan-graphite-felt\/","url":"https:\/\/jinsuncarbon.com\/product\/pan-graphite-felt\/","name":"Pan Graphite Felt Manufacturer in China | Jinsun Carbon","isPartOf":{"@id":"https:\/\/jinsuncarbon.com\/#website"},"primaryImageOfPage":{"@id":"https:\/\/jinsuncarbon.com\/product\/pan-graphite-felt\/#primaryimage"},"image":{"@id":"https:\/\/jinsuncarbon.com\/product\/pan-graphite-felt\/#primaryimage"},"thumbnailUrl":"https:\/\/jinsuncarbon.com\/wp-content\/uploads\/2025\/01\/Pan-Graphite-Felt.jpg","datePublished":"2025-01-07T12:47:57+00:00","dateModified":"2025-01-07T12:47:59+00:00","description":"Le feutre de graphite pan en vente \u00e0 bon prix, pour vos mat\u00e9riaux d'isolation de four et composants, boucliers thermiques et radiateurs, soudure et batterie.","breadcrumb":{"@id":"https:\/\/jinsuncarbon.com\/product\/pan-graphite-felt\/#breadcrumb"},"inLanguage":"fr-FR","potentialAction":[{"@type":"ReadAction","target":["https:\/\/jinsuncarbon.com\/product\/pan-graphite-felt\/"]}]},{"@type":"ImageObject","inLanguage":"fr-FR","@id":"https:\/\/jinsuncarbon.com\/product\/pan-graphite-felt\/#primaryimage","url":"https:\/\/jinsuncarbon.com\/wp-content\/uploads\/2025\/01\/Pan-Graphite-Felt.jpg","contentUrl":"https:\/\/jinsuncarbon.com\/wp-content\/uploads\/2025\/01\/Pan-Graphite-Felt.jpg","width":1024,"height":763,"caption":"Pan Graphite Felt"},{"@type":"BreadcrumbList","@id":"https:\/\/jinsuncarbon.com\/product\/pan-graphite-felt\/#breadcrumb","itemListElement":[{"@type":"ListItem","position":1,"name":"Home","item":"https:\/\/jinsuncarbon.com\/"},{"@type":"ListItem","position":2,"name":"Products","item":"https:\/\/jinsuncarbon.com\/graphite-carbon\/"},{"@type":"ListItem","position":3,"name":"Pan Graphite Felt"}]},{"@type":"WebSite","@id":"https:\/\/jinsuncarbon.com\/#website","url":"https:\/\/jinsuncarbon.com\/","name":"Jinsun Carbon","description":"Nous sommes le fabricant d'\u00e9lectrodes en graphite le plus performant de Chine.","publisher":{"@id":"https:\/\/jinsuncarbon.com\/#organization"},"potentialAction":[{"@type":"SearchAction","target":{"@type":"EntryPoint","urlTemplate":"https:\/\/jinsuncarbon.com\/?s={search_term_string}"},"query-input":{"@type":"PropertyValueSpecification","valueRequired":true,"valueName":"search_term_string"}}],"inLanguage":"fr-FR"},{"@type":"Organization","@id":"https:\/\/jinsuncarbon.com\/#organization","name":"Jinsun Carbon","alternateName":"Jinsun Carbon","url":"https:\/\/jinsuncarbon.com\/","logo":{"@type":"ImageObject","inLanguage":"fr-FR","@id":"https:\/\/jinsuncarbon.com\/#\/schema\/logo\/image\/","url":"https:\/\/jinsuncarbon.com\/wp-content\/uploads\/2022\/12\/LOGO-1.png","contentUrl":"https:\/\/jinsuncarbon.com\/wp-content\/uploads\/2022\/12\/LOGO-1.png","width":207,"height":80,"caption":"Jinsun Carbon"},"image":{"@id":"https:\/\/jinsuncarbon.com\/#\/schema\/logo\/image\/"},"sameAs":["https:\/\/www.facebook.com\/Graphite-Electrode-109336238661595","https:\/\/x.com\/jinsuncarbon_","https:\/\/www.linkedin.com\/in\/jinsungraphite","https:\/\/www.youtube.com\/channel\/UCysDNyvyR5-3cCWEmpkVC0g"]}]}},"_links":{"self":[{"href":"https:\/\/jinsuncarbon.com\/fr\/wp-json\/wp\/v2\/product\/7260","targetHints":{"allow":["GET"]}}],"collection":[{"href":"https:\/\/jinsuncarbon.com\/fr\/wp-json\/wp\/v2\/product"}],"about":[{"href":"https:\/\/jinsuncarbon.com\/fr\/wp-json\/wp\/v2\/types\/product"}],"wp:featuredmedia":[{"embeddable":true,"href":"https:\/\/jinsuncarbon.com\/fr\/wp-json\/wp\/v2\/media\/7263"}],"wp:attachment":[{"href":"https:\/\/jinsuncarbon.com\/fr\/wp-json\/wp\/v2\/media?parent=7260"}],"wp:term":[{"taxonomy":"product_brand","embeddable":true,"href":"https:\/\/jinsuncarbon.com\/fr\/wp-json\/wp\/v2\/product_brand?post=7260"},{"taxonomy":"product_cat","embeddable":true,"href":"https:\/\/jinsuncarbon.com\/fr\/wp-json\/wp\/v2\/product_cat?post=7260"},{"taxonomy":"product_tag","embeddable":true,"href":"https:\/\/jinsuncarbon.com\/fr\/wp-json\/wp\/v2\/product_tag?post=7260"}],"curies":[{"name":"wp","href":"https:\/\/api.w.org\/{rel}","templated":true}]}}