{"id":7251,"date":"2025-01-06T12:38:15","date_gmt":"2025-01-06T12:38:15","guid":{"rendered":"https:\/\/jinsuncarbon.com\/?post_type=product&#038;p=7251"},"modified":"2025-01-17T20:46:07","modified_gmt":"2025-01-17T20:46:07","slug":"bloc-de-graphite-isostatique","status":"publish","type":"product","link":"https:\/\/jinsuncarbon.com\/fr\/produit-2\/bloc-de-graphite-isostatique\/","title":{"rendered":"Bloc de graphite isostatique"},"content":{"rendered":"<h2 class=\"ql-align-justify\">Blocs de graphite isostatiques<\/h2>\n<p class=\"ql-align-justify\">Le bloc de graphite isostatique est tr\u00e8s performant en mati\u00e8re de conduction \u00e9lectrique. La conductivit\u00e9 \u00e9lectrique est adapt\u00e9e aux applications \u00e9nerg\u00e9tiques. <span class=\"\" data-type=\"2\" data-index=\"9\" data-gid=\"1\">Il conserve des performances stables m\u00eame \u00e0 des temp\u00e9ratures sup\u00e9rieures \u00e0 3000\u00b0C.<\/span>\u00a0Ce mat\u00e9riau conserve \u00e9galement sa r\u00e9sistance et ne se d\u00e9forme pas \u00e0 des temp\u00e9ratures aussi \u00e9lev\u00e9es.<\/p>\n<ul>\n<li class=\"ql-align-justify\">R\u00e9sistance chimique<\/li>\n<\/ul>\n<p class=\"ql-align-justify\">Ce type de bloc de graphite isostatique peut supporter l'\u00e9rosion due aux acides forts, aux bases et aux oxydants. Il peut donc \u00eatre utilis\u00e9 pour les r\u00e9acteurs chimiques, les pipelines et d'autres applications dans des circonstances extr\u00eames.<\/p>\n<ul>\n<li class=\"ql-align-justify\">Haute r\u00e9sistance<\/li>\n<\/ul>\n<p class=\"ql-align-justify\">Les blocs de graphite isostatiques ont une grande r\u00e9sistance \u00e0 la traction et une faible densit\u00e9. Les blocs de graphite isostatiques r\u00e9duisent la consommation d'\u00e9nergie dans les transports et les applications a\u00e9rospatiales. Ce mat\u00e9riau est \u00e0 la fois solide et l\u00e9ger. Il peut supporter de lourdes charges tout en conservant son efficacit\u00e9 structurelle.<\/p>\n<ul>\n<li class=\"ql-align-justify\">Excellente isotropie<\/li>\n<\/ul>\n<p class=\"ql-align-justify\">Le graphite isostatique a un niveau d'isotropie compris entre 1,0 et 1,1. Ses propri\u00e9t\u00e9s uniformes dans toutes les directions le rendent adapt\u00e9 aux applications de pr\u00e9cision.<\/p>\n<ul>\n<li class=\"ql-align-justify\">Grande taille et structure fine<\/li>\n<\/ul>\n<p class=\"ql-align-justify\">Les blocs de graphite isostatiques se caract\u00e9risent par leur grande taille et leur structure complexe. Le pressage isostatique permet de maintenir une densit\u00e9 uniforme et de minimiser les risques de fissuration ; en outre, certaines formes complexes peuvent \u00eatre trait\u00e9es.<\/p>\n<ul>\n<li class=\"ql-align-justify\">Homog\u00e9n\u00e9it\u00e9 \u00e9lev\u00e9e<\/li>\n<\/ul>\n<p class=\"ql-align-justify\">La structure du mat\u00e9riau pr\u00e9sente une grande uniformit\u00e9. La pression dans toutes les directions \u00e0 l'int\u00e9rieur d'un bloc de graphite isostatique est uniforme, de sorte que la densit\u00e9 volumique, la r\u00e9sistivit\u00e9 et la r\u00e9sistance du bloc de graphite isostatique restent identiques.<\/p>\n<h3 class=\"ql-align-justify\">Classification du graphite isostatique<\/h3>\n<p class=\"ql-align-justify\">Il existe deux types de classification du graphite isostatique, \u00e0 savoir la classification bas\u00e9e sur la forme et les mati\u00e8res premi\u00e8res. En ce qui concerne la classification bas\u00e9e sur la forme, on distingue le graphite isostatique circulaire et le graphite isostatique rectangulaire. Selon la classification des mati\u00e8res premi\u00e8res, le graphite isostatique peut \u00eatre divis\u00e9 en graphite isostatique de coke d'asphalte et graphite isostatique de coke de p\u00e9trole.<\/p>\n<h2 class=\"ql-align-justify\">Processus de coul\u00e9e des blocs de graphite isostatiques<\/h2>\n<p class=\"ql-align-justify\">Mati\u00e8res premi\u00e8res<\/p>\n<p class=\"ql-align-justify\">Les mati\u00e8res premi\u00e8res des blocs de graphite isostatique sont le coke de p\u00e9trole, le coke de brai et les microsph\u00e8res de carbone m\u00e9sophase. Le coke de p\u00e9trole est ajout\u00e9 pour la graphitisation. Le coke de poix sert \u00e0 augmenter la r\u00e9sistance. Le brai de goudron de houille a pour fonction de lier ces mat\u00e9riaux en une p\u00e2te collante.<\/p>\n<p class=\"ql-align-justify\">M\u00e9lange et p\u00e9trissage<\/p>\n<p class=\"ql-align-justify\">M\u00e9langer de la poudre de graphite avec un liant dans une certaine proportion. Le but du processus de m\u00e9lange est simplement d'assurer l'uniformit\u00e9 du mat\u00e9riau avant le calandrage et le broyage.<\/p>\n<p class=\"ql-align-justify\">Moulage<\/p>\n<p class=\"ql-align-justify\">Le pressage isostatique \u00e0 froid peut \u00eatre utilis\u00e9 pour le moulage pr\u00e9cis du graphite. Un tel proc\u00e9d\u00e9 peut am\u00e9liorer le traitement des produits en graphite avec une grande pr\u00e9cision et r\u00e9duire les d\u00e9fauts des produits qui r\u00e9sultent des proc\u00e9d\u00e9s.<\/p>\n<p class=\"ql-align-justify\">Graphitisation<\/p>\n<p class=\"ql-align-justify\">Cette \u00e9tape permet de transformer le carbone en graphite \u00e0 des temp\u00e9ratures sup\u00e9rieures \u00e0 1 800 \u00b0C. Ce processus contr\u00f4l\u00e9 am\u00e9liore \u00e9galement la conductivit\u00e9 \u00e9lectrique et la stabilit\u00e9 du mat\u00e9riau.<\/p>\n<p class=\"ql-align-justify\">Application de la fonte<\/p>\n<p class=\"ql-align-justify\">Tout d'abord, le m\u00e9tal est chauff\u00e9 jusqu'au point de fusion pour former un liquide ; ensuite, le m\u00e9tal liquide est inject\u00e9 dans le moule en graphite. Enfin, il faut attendre que le m\u00e9tal refroidisse et se solidifie, puis retirer les pi\u00e8ces moul\u00e9es. Les blocs de graphite isostatiques ont d'excellentes performances \u00e0 haute temp\u00e9rature. Par cons\u00e9quent, pendant le processus de moulage, la r\u00e9action chimique des m\u00e9taux et la r\u00e9action n\u00e9gative du mat\u00e9riau pendant le processus de moulage sont r\u00e9duites.<\/p>\n<h2 class=\"ql-align-justify\">Bloc de graphite isostatique Applications<\/h2>\n<h3 class=\"ql-align-justify\">R\u00e9chauffeurs pour la croissance et la coul\u00e9e du silicium<\/h3>\n<p class=\"ql-align-justify\">Les blocs de graphite press\u00e9s isostatiquement sont utilis\u00e9s dans la production de silicium monocristallin et multicristallin CZ. Ils sont \u00e9galement utilis\u00e9s pour les creusets, les r\u00e9chauffeurs, les \u00e9lectrodes et les \u00e9crans d'isolation. Les r\u00e9chauffeurs en graphite peuvent supporter des temp\u00e9ratures extr\u00eamement \u00e9lev\u00e9es, ce qui permet aux cellules photovolta\u00efques de cro\u00eetre et de couler le silicium.<\/p>\n<h3 class=\"ql-align-justify\">Industrie nucl\u00e9aire<\/h3>\n<p class=\"ql-align-justify\">Parce que le graphite <a href=\"https:\/\/www.britannica.com\/dictionary\/moderate\" target=\"_blank\" rel=\"noopener\">mod\u00e9r\u00e9s<\/a> neutrons et r\u00e9fl\u00e9chit la chaleur dans les r\u00e9acteurs refroidis au gaz \u00e0 haute temp\u00e9rature. Les blocs de graphite isostatiques r\u00e9sistent aux contraintes m\u00e9caniques. Ce mat\u00e9riau est \u00e9galement l'un des mat\u00e9riaux durables pour la paroi orient\u00e9e vers le plasma dans les syst\u00e8mes nucl\u00e9aires.<\/p>\n<h3 class=\"ql-align-justify\">Usinage par \u00e9lectro-d\u00e9charge<\/h3>\n<p class=\"ql-align-justify\">Les \u00e9lectrodes en graphite fonctionnent bien dans l'\u00e9lectro\u00e9rosion et peuvent usiner avec pr\u00e9cision des moules et des pi\u00e8ces de pr\u00e9cision. L'excellente conductivit\u00e9 du graphite produit des d\u00e9charges stables dans l'\u00e9lectro\u00e9rosion, ce qui garantit l'efficacit\u00e9 et la pr\u00e9cision de l'usinage. Les \u00e9lectrodes en graphite ont une bonne durabilit\u00e9 lors des d\u00e9charges \u00e0 haute temp\u00e9rature, ce qui prolonge la dur\u00e9e de vie du produit.<\/p>\n<h3 class=\"ql-align-justify\">Moules de coul\u00e9e de m\u00e9taux non ferreux<\/h3>\n<p class=\"ql-align-justify\">Graphite isostatique <a href=\"https:\/\/jinsuncarbon.com\/fr\/comment-fabriquer-un-moule-en-graphite\/\">moules<\/a> sont indispensables dans la coul\u00e9e continue de m\u00e9taux non ferreux tels que <a href=\"https:\/\/en.wikipedia.org\/wiki\/Copper\" target=\"_blank\" rel=\"noopener\">cuivre<\/a>aluminium, zinc, etc. Les propri\u00e9t\u00e9s de stabilit\u00e9 thermique et d'autolubrification du mat\u00e9riau facilitent la production de blocs de graphite isostatique.<\/p>\n<h2 class=\"ql-align-justify\">Pourquoi choisir nos blocs de graphite isostatique ?<\/h2>\n<p class=\"ql-align-justify\">Nos blocs de graphite isostatique se caract\u00e9risent par une grande conductivit\u00e9 \u00e9lectrique, une r\u00e9sistance thermique, une stabilit\u00e9 chimique, une structure fine, une grande solidit\u00e9 et une puret\u00e9 qui r\u00e9pondent aux exigences de l'industrie photovolta\u00efque, de la machinerie et de l'\u00e9nergie nucl\u00e9aire. Ces blocs de graphite isostatique sont tr\u00e8s durables et rentables, ce qui permet de r\u00e9duire les d\u00e9penses op\u00e9rationnelles. Nous proposons des prix comp\u00e9titifs, ce qui fait de nos blocs de graphite isostatique un choix appropri\u00e9 pour leurs diverses applications.<\/p>","protected":false},"excerpt":{"rendered":"<p><span class=\"\" data-type=\"2\" data-index=\"3\" data-gid=\"0\">Les blocs de graphite isostatiques sont un type de mat\u00e9riau en graphite form\u00e9 par la technologie du pressage isostatique.<\/span> Ils sont d'une grande puret\u00e9, d'une grande r\u00e9sistance et d'une grande densit\u00e9. Bas\u00e9 sur la haute qualit\u00e9 du graphite, le bloc de graphite isostatique r\u00e9pond aux besoins de l'industrie photovolta\u00efque, des semi-conducteurs et de la m\u00e9tallurgie. Caract\u00e9ristiques principales :<\/p>\n<ul>\n<li>Grain fin<\/li>\n<li>Structure homog\u00e8ne<\/li>\n<li>Propri\u00e9t\u00e9s isotropes<\/li>\n<li>Haute densit\u00e9 et haute r\u00e9sistance m\u00e9canique<\/li>\n<\/ul>","protected":false},"featured_media":7252,"template":"","meta":[],"product_brand":[],"product_cat":[38],"product_tag":[],"class_list":{"0":"post-7251","1":"product","2":"type-product","3":"status-publish","4":"has-post-thumbnail","6":"product_cat-graphite-products","8":"first","9":"instock","10":"shipping-taxable","11":"product-type-simple"},"yoast_head":"<!-- This site is optimized with the Yoast SEO Premium plugin v19.2.1 (Yoast SEO v25.3) - https:\/\/yoast.com\/wordpress\/plugins\/seo\/ -->\n<title>Isostatic Graphite Block Manufacturer in China | Jinsun Carbon<\/title>\n<meta name=\"robots\" content=\"index, follow, max-snippet:-1, max-image-preview:large, max-video-preview:-1\" \/>\n<link rel=\"canonical\" href=\"https:\/\/jinsuncarbon.com\/fr\/produit-2\/bloc-de-graphite-isostatique\/\" \/>\n<meta property=\"og:locale\" content=\"fr_FR\" \/>\n<meta property=\"og:type\" content=\"article\" \/>\n<meta property=\"og:title\" content=\"Isostatic Graphite Block\" \/>\n<meta property=\"og:description\" content=\"Isostatic graphite blocks are a type of graphite material formed by isostatic pressing technology. They have high purity, high strength and high density. Based on the high quality of graphite, isostatic graphite block meets the needs of photovoltaic, semiconductor, and metallurgy. Main Features:   Fine grain  Homogeneous structure  Isotropic properties  High density and high mechanical strength\" \/>\n<meta property=\"og:url\" content=\"https:\/\/jinsuncarbon.com\/fr\/produit-2\/bloc-de-graphite-isostatique\/\" \/>\n<meta property=\"og:site_name\" content=\"Jinsun Carbon\" \/>\n<meta property=\"article:publisher\" content=\"https:\/\/www.facebook.com\/Graphite-Electrode-109336238661595\" \/>\n<meta property=\"article:modified_time\" content=\"2025-01-17T20:46:07+00:00\" \/>\n<meta property=\"og:image\" content=\"https:\/\/jinsuncarbon.com\/wp-content\/uploads\/2025\/01\/Isostatic-Graphite-Block.jpg\" \/>\n\t<meta property=\"og:image:width\" content=\"1024\" \/>\n\t<meta property=\"og:image:height\" content=\"680\" \/>\n\t<meta property=\"og:image:type\" content=\"image\/jpeg\" \/>\n<meta name=\"twitter:card\" content=\"summary_large_image\" \/>\n<meta name=\"twitter:site\" content=\"@jinsuncarbon_\" \/>\n<meta name=\"twitter:label1\" content=\"Dur\u00e9e de lecture estim\u00e9e\" \/>\n\t<meta name=\"twitter:data1\" content=\"4 minutes\" \/>\n<script type=\"application\/ld+json\" class=\"yoast-schema-graph\">{\"@context\":\"https:\/\/schema.org\",\"@graph\":[{\"@type\":\"WebPage\",\"@id\":\"https:\/\/jinsuncarbon.com\/product\/isostatic-graphite-block\/\",\"url\":\"https:\/\/jinsuncarbon.com\/product\/isostatic-graphite-block\/\",\"name\":\"Isostatic Graphite Block Manufacturer in China | Jinsun Carbon\",\"isPartOf\":{\"@id\":\"https:\/\/jinsuncarbon.com\/#website\"},\"primaryImageOfPage\":{\"@id\":\"https:\/\/jinsuncarbon.com\/product\/isostatic-graphite-block\/#primaryimage\"},\"image\":{\"@id\":\"https:\/\/jinsuncarbon.com\/product\/isostatic-graphite-block\/#primaryimage\"},\"thumbnailUrl\":\"https:\/\/jinsuncarbon.com\/wp-content\/uploads\/2025\/01\/Isostatic-Graphite-Block.jpg\",\"datePublished\":\"2025-01-06T12:38:15+00:00\",\"dateModified\":\"2025-01-17T20:46:07+00:00\",\"breadcrumb\":{\"@id\":\"https:\/\/jinsuncarbon.com\/product\/isostatic-graphite-block\/#breadcrumb\"},\"inLanguage\":\"fr-FR\",\"potentialAction\":[{\"@type\":\"ReadAction\",\"target\":[\"https:\/\/jinsuncarbon.com\/product\/isostatic-graphite-block\/\"]}]},{\"@type\":\"ImageObject\",\"inLanguage\":\"fr-FR\",\"@id\":\"https:\/\/jinsuncarbon.com\/product\/isostatic-graphite-block\/#primaryimage\",\"url\":\"https:\/\/jinsuncarbon.com\/wp-content\/uploads\/2025\/01\/Isostatic-Graphite-Block.jpg\",\"contentUrl\":\"https:\/\/jinsuncarbon.com\/wp-content\/uploads\/2025\/01\/Isostatic-Graphite-Block.jpg\",\"width\":1024,\"height\":680,\"caption\":\"Isostatic Graphite Block\"},{\"@type\":\"BreadcrumbList\",\"@id\":\"https:\/\/jinsuncarbon.com\/product\/isostatic-graphite-block\/#breadcrumb\",\"itemListElement\":[{\"@type\":\"ListItem\",\"position\":1,\"name\":\"Home\",\"item\":\"https:\/\/jinsuncarbon.com\/\"},{\"@type\":\"ListItem\",\"position\":2,\"name\":\"Products\",\"item\":\"https:\/\/jinsuncarbon.com\/graphite-carbon\/\"},{\"@type\":\"ListItem\",\"position\":3,\"name\":\"Isostatic Graphite Block\"}]},{\"@type\":\"WebSite\",\"@id\":\"https:\/\/jinsuncarbon.com\/#website\",\"url\":\"https:\/\/jinsuncarbon.com\/\",\"name\":\"Jinsun Carbon\",\"description\":\"We are the successful graphite electrode manufacturer in China\",\"publisher\":{\"@id\":\"https:\/\/jinsuncarbon.com\/#organization\"},\"potentialAction\":[{\"@type\":\"SearchAction\",\"target\":{\"@type\":\"EntryPoint\",\"urlTemplate\":\"https:\/\/jinsuncarbon.com\/?s={search_term_string}\"},\"query-input\":{\"@type\":\"PropertyValueSpecification\",\"valueRequired\":true,\"valueName\":\"search_term_string\"}}],\"inLanguage\":\"fr-FR\"},{\"@type\":\"Organization\",\"@id\":\"https:\/\/jinsuncarbon.com\/#organization\",\"name\":\"Jinsun Carbon\",\"alternateName\":\"Jinsun Carbon\",\"url\":\"https:\/\/jinsuncarbon.com\/\",\"logo\":{\"@type\":\"ImageObject\",\"inLanguage\":\"fr-FR\",\"@id\":\"https:\/\/jinsuncarbon.com\/#\/schema\/logo\/image\/\",\"url\":\"https:\/\/jinsuncarbon.com\/wp-content\/uploads\/2022\/12\/LOGO-1.png\",\"contentUrl\":\"https:\/\/jinsuncarbon.com\/wp-content\/uploads\/2022\/12\/LOGO-1.png\",\"width\":207,\"height\":80,\"caption\":\"Jinsun Carbon\"},\"image\":{\"@id\":\"https:\/\/jinsuncarbon.com\/#\/schema\/logo\/image\/\"},\"sameAs\":[\"https:\/\/www.facebook.com\/Graphite-Electrode-109336238661595\",\"https:\/\/x.com\/jinsuncarbon_\",\"https:\/\/www.linkedin.com\/in\/jinsungraphite\",\"https:\/\/www.youtube.com\/channel\/UCysDNyvyR5-3cCWEmpkVC0g\"]}]}<\/script>\n<!-- \/ Yoast SEO Premium plugin. -->","yoast_head_json":{"title":"Fabricant de blocs de graphite isostatiques en Chine | Jinsun Carbon","robots":{"index":"index","follow":"follow","max-snippet":"max-snippet:-1","max-image-preview":"max-image-preview:large","max-video-preview":"max-video-preview:-1"},"canonical":"https:\/\/jinsuncarbon.com\/fr\/produit-2\/bloc-de-graphite-isostatique\/","og_locale":"fr_FR","og_type":"article","og_title":"Isostatic Graphite Block","og_description":"Isostatic graphite blocks are a type of graphite material formed by isostatic pressing technology. They have high purity, high strength and high density. Based on the high quality of graphite, isostatic graphite block meets the needs of photovoltaic, semiconductor, and metallurgy. Main Features:   Fine grain  Homogeneous structure  Isotropic properties  High density and high mechanical strength","og_url":"https:\/\/jinsuncarbon.com\/fr\/produit-2\/bloc-de-graphite-isostatique\/","og_site_name":"Jinsun Carbon","article_publisher":"https:\/\/www.facebook.com\/Graphite-Electrode-109336238661595","article_modified_time":"2025-01-17T20:46:07+00:00","og_image":[{"width":1024,"height":680,"url":"https:\/\/jinsuncarbon.com\/wp-content\/uploads\/2025\/01\/Isostatic-Graphite-Block.jpg","type":"image\/jpeg"}],"twitter_card":"summary_large_image","twitter_site":"@jinsuncarbon_","twitter_misc":{"Dur\u00e9e de lecture estim\u00e9e":"4 minutes"},"schema":{"@context":"https:\/\/schema.org","@graph":[{"@type":"WebPage","@id":"https:\/\/jinsuncarbon.com\/product\/isostatic-graphite-block\/","url":"https:\/\/jinsuncarbon.com\/product\/isostatic-graphite-block\/","name":"Fabricant de blocs de graphite isostatiques en Chine | Jinsun Carbon","isPartOf":{"@id":"https:\/\/jinsuncarbon.com\/#website"},"primaryImageOfPage":{"@id":"https:\/\/jinsuncarbon.com\/product\/isostatic-graphite-block\/#primaryimage"},"image":{"@id":"https:\/\/jinsuncarbon.com\/product\/isostatic-graphite-block\/#primaryimage"},"thumbnailUrl":"https:\/\/jinsuncarbon.com\/wp-content\/uploads\/2025\/01\/Isostatic-Graphite-Block.jpg","datePublished":"2025-01-06T12:38:15+00:00","dateModified":"2025-01-17T20:46:07+00:00","breadcrumb":{"@id":"https:\/\/jinsuncarbon.com\/product\/isostatic-graphite-block\/#breadcrumb"},"inLanguage":"fr-FR","potentialAction":[{"@type":"ReadAction","target":["https:\/\/jinsuncarbon.com\/product\/isostatic-graphite-block\/"]}]},{"@type":"ImageObject","inLanguage":"fr-FR","@id":"https:\/\/jinsuncarbon.com\/product\/isostatic-graphite-block\/#primaryimage","url":"https:\/\/jinsuncarbon.com\/wp-content\/uploads\/2025\/01\/Isostatic-Graphite-Block.jpg","contentUrl":"https:\/\/jinsuncarbon.com\/wp-content\/uploads\/2025\/01\/Isostatic-Graphite-Block.jpg","width":1024,"height":680,"caption":"Isostatic Graphite Block"},{"@type":"BreadcrumbList","@id":"https:\/\/jinsuncarbon.com\/product\/isostatic-graphite-block\/#breadcrumb","itemListElement":[{"@type":"ListItem","position":1,"name":"Home","item":"https:\/\/jinsuncarbon.com\/"},{"@type":"ListItem","position":2,"name":"Products","item":"https:\/\/jinsuncarbon.com\/graphite-carbon\/"},{"@type":"ListItem","position":3,"name":"Isostatic Graphite Block"}]},{"@type":"WebSite","@id":"https:\/\/jinsuncarbon.com\/#website","url":"https:\/\/jinsuncarbon.com\/","name":"Jinsun Carbon","description":"Nous sommes le fabricant d'\u00e9lectrodes en graphite le plus performant de Chine.","publisher":{"@id":"https:\/\/jinsuncarbon.com\/#organization"},"potentialAction":[{"@type":"SearchAction","target":{"@type":"EntryPoint","urlTemplate":"https:\/\/jinsuncarbon.com\/?s={search_term_string}"},"query-input":{"@type":"PropertyValueSpecification","valueRequired":true,"valueName":"search_term_string"}}],"inLanguage":"fr-FR"},{"@type":"Organization","@id":"https:\/\/jinsuncarbon.com\/#organization","name":"Jinsun Carbon","alternateName":"Jinsun Carbon","url":"https:\/\/jinsuncarbon.com\/","logo":{"@type":"ImageObject","inLanguage":"fr-FR","@id":"https:\/\/jinsuncarbon.com\/#\/schema\/logo\/image\/","url":"https:\/\/jinsuncarbon.com\/wp-content\/uploads\/2022\/12\/LOGO-1.png","contentUrl":"https:\/\/jinsuncarbon.com\/wp-content\/uploads\/2022\/12\/LOGO-1.png","width":207,"height":80,"caption":"Jinsun Carbon"},"image":{"@id":"https:\/\/jinsuncarbon.com\/#\/schema\/logo\/image\/"},"sameAs":["https:\/\/www.facebook.com\/Graphite-Electrode-109336238661595","https:\/\/x.com\/jinsuncarbon_","https:\/\/www.linkedin.com\/in\/jinsungraphite","https:\/\/www.youtube.com\/channel\/UCysDNyvyR5-3cCWEmpkVC0g"]}]}},"_links":{"self":[{"href":"https:\/\/jinsuncarbon.com\/fr\/wp-json\/wp\/v2\/product\/7251","targetHints":{"allow":["GET"]}}],"collection":[{"href":"https:\/\/jinsuncarbon.com\/fr\/wp-json\/wp\/v2\/product"}],"about":[{"href":"https:\/\/jinsuncarbon.com\/fr\/wp-json\/wp\/v2\/types\/product"}],"wp:featuredmedia":[{"embeddable":true,"href":"https:\/\/jinsuncarbon.com\/fr\/wp-json\/wp\/v2\/media\/7252"}],"wp:attachment":[{"href":"https:\/\/jinsuncarbon.com\/fr\/wp-json\/wp\/v2\/media?parent=7251"}],"wp:term":[{"taxonomy":"product_brand","embeddable":true,"href":"https:\/\/jinsuncarbon.com\/fr\/wp-json\/wp\/v2\/product_brand?post=7251"},{"taxonomy":"product_cat","embeddable":true,"href":"https:\/\/jinsuncarbon.com\/fr\/wp-json\/wp\/v2\/product_cat?post=7251"},{"taxonomy":"product_tag","embeddable":true,"href":"https:\/\/jinsuncarbon.com\/fr\/wp-json\/wp\/v2\/product_tag?post=7251"}],"curies":[{"name":"wp","href":"https:\/\/api.w.org\/{rel}","templated":true}]}}