{"id":7192,"date":"2025-01-02T01:34:56","date_gmt":"2025-01-02T01:34:56","guid":{"rendered":"https:\/\/jinsuncarbon.com\/?post_type=product&#038;p=7192"},"modified":"2025-01-02T01:44:42","modified_gmt":"2025-01-02T01:44:42","slug":"nanopoudre-de-graphite","status":"publish","type":"product","link":"https:\/\/jinsuncarbon.com\/fr\/produit-2\/nanopoudre-de-graphite\/","title":{"rendered":"Nanopoudre de graphite"},"content":{"rendered":"<p>Nanopoudre de graphite : au cours du processus de production, la taille des particules de la nanopoudre de graphite est contr\u00f4l\u00e9e dans la plage du nanom\u00e8tre par des moyens technologiques sp\u00e9cifiques. Afin de r\u00e9pondre \u00e0 vos exigences sp\u00e9cifiques, nous pouvons poursuivre le traitement de la nanopoudre de graphite. Nous ajustons avec pr\u00e9cision la taille des particules afin de garantir qu'elles r\u00e9pondent aux besoins d'une vari\u00e9t\u00e9 de sc\u00e9narios d'application. Jinsun peut fournir de la nanopoudre de graphite de haute puret\u00e9 avec un maillage de 50 \u00e0 5500 mesh.<\/p>\n<h2 class=\"ql-align-justify\">Avantages des nanopoudres de graphite<\/h2>\n<p class=\"ql-align-justify\">En g\u00e9n\u00e9ral, la nano-poudre de graphite se pr\u00e9sente sous forme de poudre. Elle pr\u00e9sente des avantages \u00e9vidents.<\/p>\n<p class=\"ql-align-justify\"><strong>Bonne stabilit\u00e9 thermique<\/strong><\/p>\n<p class=\"ql-align-justify\">Il r\u00e9siste \u00e0 l'oxydation \u00e0 haute temp\u00e9rature.<\/p>\n<p class=\"ql-align-justify\"><strong>Propri\u00e9t\u00e9s chimiques stables<\/strong><\/p>\n<p class=\"ql-align-justify\">Il r\u00e9siste \u00e0 la corrosion acide et alcaline.<\/p>\n<p class=\"ql-align-justify\"><strong>Activit\u00e9 de surface \u00e9lev\u00e9e<\/strong><\/p>\n<p class=\"ql-align-justify\">Vous pouvez l'utiliser dans la peinture, la r\u00e9sine, etc.<\/p>\n<p class=\"ql-align-justify\"><strong>Conductivit\u00e9, lubrification et adsorption \u00e9lev\u00e9es<\/strong><\/p>\n<p class=\"ql-align-justify\">Il peut former une liaison chimique sur la surface m\u00e9tallique du nano graphite r\u00e9sistant et presque non abrasif. En suspension dans l'huile lubrifiante, un grand nombre de nano graphites r\u00e9duisent la r\u00e9sistance et le frottement, scellent l'autolubrification. Il s'agit d'un mat\u00e9riau de lubrification solide id\u00e9al.<\/p>\n<p class=\"ql-align-justify\">La poudre de graphite peut notamment former un rev\u00eatement de nanoparticules, qui pr\u00e9sente de bonnes propri\u00e9t\u00e9s de barri\u00e8re, de r\u00e9sistance \u00e0 l'usure et de r\u00e9sistance \u00e0 la corrosion.<\/p>\n<p class=\"ql-align-justify\">Par ailleurs, la nano-poudre de graphite contient des nanoparticules de graphite dont la taille est de l'ordre du nanom\u00e8tre, ce qui lui conf\u00e8re des propri\u00e9t\u00e9s exceptionnelles en mati\u00e8re de lubrification, d'adsorption, etc.<\/p>\n<h2 class=\"ql-align-justify\">Types de nanopoudres de graphite<\/h2>\n<p class=\"ql-align-justify\">Nanopoudre de graphite, <a href=\"https:\/\/jinsuncarbon.com\/fr\/utilisations-du-carbone\/\">carbone<\/a> est g\u00e9n\u00e9ralement de l'ordre de 98%-99%, voire plus. Il existe principalement les types suivants de nanopoudre de graphite.<\/p>\n<p class=\"ql-align-justify\">Poudre g\u00e9n\u00e9rale de nano graphite<\/p>\n<p class=\"ql-align-justify\">Son D50&lt;400nm, D100&lt;1000nm, lui permet d&#039;\u00eatre largement utilis\u00e9 dans l&#039;industrie chimique, la lubrification de l&#039;acier et d&#039;autres domaines.<\/p>\n<p class=\"ql-align-justify\">Poudre de graphite nanom\u00e9trique de tr\u00e8s petite taille<\/p>\n<p class=\"ql-align-justify\">Le D50 est plus petit, a une surface sp\u00e9cifique plus \u00e9lev\u00e9e et de meilleures performances. Vous pouvez souvent l'utiliser dans des domaines sp\u00e9ciaux o\u00f9 les exigences en mati\u00e8re de performance des mat\u00e9riaux sont \u00e9lev\u00e9es. Par exemple, les mat\u00e9riaux nanocomposites haut de gamme, les batteries \u00e0 haute performance, etc.<\/p>\n<h2 class=\"ql-align-justify\">Utilisations de la nanopoudre de graphite<\/h2>\n<p class=\"ql-align-justify\">La nano-poudre de graphite est largement utilis\u00e9e. Voici quelques domaines d'application courants.<\/p>\n<p class=\"ql-align-justify\"><strong>Domaine \u00e9lectronique et \u00e9lectrique :<\/strong><\/p>\n<p class=\"ql-align-justify\">En tant qu'additif conducteur, il peut \u00eatre ajout\u00e9 aux composants \u00e9lectroniques et aux rev\u00eatements conducteurs, <a href=\"https:\/\/www.britannica.com\/technology\/battery-electronics#:~:text=battery%2C%20in%20electricity%20and%20electrochemistry,single%20cell%20of%20this%20kind.\" target=\"_blank\" rel=\"noopener\">batterie<\/a> mat\u00e9riaux, etc. Pour am\u00e9liorer de mani\u00e8re significative leurs propri\u00e9t\u00e9s conductrices, contribuant ainsi \u00e0 am\u00e9liorer les performances et la stabilit\u00e9 des \u00e9quipements \u00e9lectroniques.<\/p>\n<p class=\"ql-align-justify\"><strong>Champ \u00e9nerg\u00e9tique :<\/strong><\/p>\n<p class=\"ql-align-justify\">Dans les batteries lithium-ion, les supercondensateurs, etc., il peut \u00eatre utilis\u00e9 comme mat\u00e9riau d'\u00e9lectrode ou comme additif conducteur. Pour am\u00e9liorer l'efficacit\u00e9 de la charge et de la d\u00e9charge des batteries et leur dur\u00e9e de vie. Dans les <a href=\"https:\/\/en.wikipedia.org\/wiki\/Fuel_cell\" target=\"_blank\" rel=\"noopener\">pile \u00e0 combustible<\/a>Vous pouvez l'utiliser pour pr\u00e9parer des catalyseurs de haute performance afin d'am\u00e9liorer l'efficacit\u00e9 et la stabilit\u00e9 de la pile \u00e0 combustible.<\/p>\n<p class=\"ql-align-justify\"><strong>Industrie des machines :<\/strong><\/p>\n<p class=\"ql-align-justify\">En tant que lubrifiant solide, vous pouvez l'ajouter \u00e0 l'huile lubrifiante, \u00e0 la graisse, et l'utiliser pour la lubrification des pi\u00e8ces m\u00e9caniques. Pour r\u00e9duire le frottement et l'usure, am\u00e9liorer l'efficacit\u00e9 m\u00e9canique. Dans le processus de traitement des m\u00e9taux, vous pouvez l'utiliser comme agent de d\u00e9moulage pour am\u00e9liorer l'efficacit\u00e9 du traitement et la qualit\u00e9 du produit.<\/p>\n<p class=\"ql-align-justify\"><strong>Domaine chimique :<\/strong><\/p>\n<p class=\"ql-align-justify\">En tant que catalyseur, il peut \u00eatre utilis\u00e9 dans diverses r\u00e9actions chimiques pour am\u00e9liorer l'efficacit\u00e9 et la s\u00e9lectivit\u00e9 de la r\u00e9action. Dans le rev\u00eatement anticorrosion, il permet d'am\u00e9liorer la propri\u00e9t\u00e9 anticorrosion et la r\u00e9sistance aux intemp\u00e9ries du rev\u00eatement.<\/p>\n<p class=\"ql-align-justify\"><strong>A\u00e9rospatiale :<\/strong><\/p>\n<p class=\"ql-align-justify\">En <a href=\"https:\/\/jinsuncarbon.com\/fr\/produit-2\/carbone-carbone-composite\/\">composites carbone-carbone<\/a>Il peut am\u00e9liorer la r\u00e9sistance \u00e0 l'ablation et la r\u00e9sistance \u00e0 la chaleur du composite. Le rev\u00eatement de nanoparticules peut \u00e9galement am\u00e9liorer les performances du mat\u00e9riau.<\/p>","protected":false},"excerpt":{"rendered":"<p>La nanopoudre de graphite est une sorte de poudre nanom\u00e9trique form\u00e9e par le broyage du graphite selon un processus sp\u00e9cial, avec une teneur en carbone comprise entre 99,5% et 99,9%. En raison de ses propri\u00e9t\u00e9s physiques et chimiques uniques, elle joue un r\u00f4le cl\u00e9 dans les domaines de l'\u00e9lectronique, de l'\u00e9nergie, des mat\u00e9riaux composites, etc. Sa surface sp\u00e9cifique \u00e9lev\u00e9e, sa bonne conductivit\u00e9 \u00e9lectrique et thermique peuvent am\u00e9liorer les performances de l'\u00e9lectrode de la batterie, la charge. Il favorise le taux de r\u00e9action des piles \u00e0 hydrog\u00e8ne et am\u00e9liore la r\u00e9sistance m\u00e9canique et la r\u00e9sistance \u00e0 l'usure du mat\u00e9riau.<\/p>","protected":false},"featured_media":7194,"template":"","meta":[],"product_brand":[],"product_cat":[67],"product_tag":[],"class_list":{"0":"post-7192","1":"product","2":"type-product","3":"status-publish","4":"has-post-thumbnail","6":"product_cat-graphite-material","8":"first","9":"instock","10":"shipping-taxable","11":"product-type-simple"},"yoast_head":"<!-- This site is optimized with the Yoast SEO Premium plugin v19.2.1 (Yoast SEO v25.3) - https:\/\/yoast.com\/wordpress\/plugins\/seo\/ -->\n<title>Graphite Nanopowder \/ Nanoparticles | Jinsun Carbon<\/title>\n<meta name=\"description\" content=\"Graphite nanopowder is a type of natural graphite powder with high purity and high carbon content, which is used as advanced refractory material and conductive coating in the metallurgical industry.\" \/>\n<meta name=\"robots\" content=\"index, follow, max-snippet:-1, max-image-preview:large, max-video-preview:-1\" \/>\n<link rel=\"canonical\" href=\"https:\/\/jinsuncarbon.com\/fr\/produit-2\/nanopoudre-de-graphite\/\" \/>\n<meta property=\"og:locale\" content=\"fr_FR\" \/>\n<meta property=\"og:type\" content=\"article\" \/>\n<meta property=\"og:title\" content=\"Graphite Nanopowder\" \/>\n<meta property=\"og:description\" content=\"Graphite nanopowder is a type of natural graphite powder with high purity and high carbon content, which is used as advanced refractory material and conductive coating in the metallurgical industry.\" \/>\n<meta property=\"og:url\" content=\"https:\/\/jinsuncarbon.com\/fr\/produit-2\/nanopoudre-de-graphite\/\" \/>\n<meta property=\"og:site_name\" content=\"Jinsun Carbon\" \/>\n<meta property=\"article:publisher\" content=\"https:\/\/www.facebook.com\/Graphite-Electrode-109336238661595\" \/>\n<meta property=\"article:modified_time\" content=\"2025-01-02T01:44:42+00:00\" \/>\n<meta property=\"og:image\" content=\"https:\/\/jinsuncarbon.com\/wp-content\/uploads\/2025\/01\/Graphite-nanopowder.jpg\" \/>\n\t<meta property=\"og:image:width\" content=\"1024\" \/>\n\t<meta property=\"og:image:height\" content=\"763\" \/>\n\t<meta property=\"og:image:type\" content=\"image\/jpeg\" \/>\n<meta name=\"twitter:card\" content=\"summary_large_image\" \/>\n<meta name=\"twitter:site\" content=\"@jinsuncarbon_\" \/>\n<meta name=\"twitter:label1\" content=\"Dur\u00e9e de lecture estim\u00e9e\" \/>\n\t<meta name=\"twitter:data1\" content=\"3 minutes\" \/>\n<script type=\"application\/ld+json\" class=\"yoast-schema-graph\">{\"@context\":\"https:\/\/schema.org\",\"@graph\":[{\"@type\":\"WebPage\",\"@id\":\"https:\/\/jinsuncarbon.com\/product\/graphite-nanopowder\/\",\"url\":\"https:\/\/jinsuncarbon.com\/product\/graphite-nanopowder\/\",\"name\":\"Graphite Nanopowder \/ Nanoparticles | Jinsun Carbon\",\"isPartOf\":{\"@id\":\"https:\/\/jinsuncarbon.com\/#website\"},\"primaryImageOfPage\":{\"@id\":\"https:\/\/jinsuncarbon.com\/product\/graphite-nanopowder\/#primaryimage\"},\"image\":{\"@id\":\"https:\/\/jinsuncarbon.com\/product\/graphite-nanopowder\/#primaryimage\"},\"thumbnailUrl\":\"https:\/\/jinsuncarbon.com\/wp-content\/uploads\/2025\/01\/Graphite-nanopowder.jpg\",\"datePublished\":\"2025-01-02T01:34:56+00:00\",\"dateModified\":\"2025-01-02T01:44:42+00:00\",\"description\":\"Graphite nanopowder is a type of natural graphite powder with high purity and high carbon content, which is used as advanced refractory material and conductive coating in the metallurgical industry.\",\"breadcrumb\":{\"@id\":\"https:\/\/jinsuncarbon.com\/product\/graphite-nanopowder\/#breadcrumb\"},\"inLanguage\":\"fr-FR\",\"potentialAction\":[{\"@type\":\"ReadAction\",\"target\":[\"https:\/\/jinsuncarbon.com\/product\/graphite-nanopowder\/\"]}]},{\"@type\":\"ImageObject\",\"inLanguage\":\"fr-FR\",\"@id\":\"https:\/\/jinsuncarbon.com\/product\/graphite-nanopowder\/#primaryimage\",\"url\":\"https:\/\/jinsuncarbon.com\/wp-content\/uploads\/2025\/01\/Graphite-nanopowder.jpg\",\"contentUrl\":\"https:\/\/jinsuncarbon.com\/wp-content\/uploads\/2025\/01\/Graphite-nanopowder.jpg\",\"width\":1024,\"height\":763,\"caption\":\"Graphite nanopowder\"},{\"@type\":\"BreadcrumbList\",\"@id\":\"https:\/\/jinsuncarbon.com\/product\/graphite-nanopowder\/#breadcrumb\",\"itemListElement\":[{\"@type\":\"ListItem\",\"position\":1,\"name\":\"Home\",\"item\":\"https:\/\/jinsuncarbon.com\/\"},{\"@type\":\"ListItem\",\"position\":2,\"name\":\"Products\",\"item\":\"https:\/\/jinsuncarbon.com\/graphite-carbon\/\"},{\"@type\":\"ListItem\",\"position\":3,\"name\":\"Graphite Nanopowder\"}]},{\"@type\":\"WebSite\",\"@id\":\"https:\/\/jinsuncarbon.com\/#website\",\"url\":\"https:\/\/jinsuncarbon.com\/\",\"name\":\"Jinsun Carbon\",\"description\":\"We are the successful graphite electrode manufacturer in China\",\"publisher\":{\"@id\":\"https:\/\/jinsuncarbon.com\/#organization\"},\"potentialAction\":[{\"@type\":\"SearchAction\",\"target\":{\"@type\":\"EntryPoint\",\"urlTemplate\":\"https:\/\/jinsuncarbon.com\/?s={search_term_string}\"},\"query-input\":{\"@type\":\"PropertyValueSpecification\",\"valueRequired\":true,\"valueName\":\"search_term_string\"}}],\"inLanguage\":\"fr-FR\"},{\"@type\":\"Organization\",\"@id\":\"https:\/\/jinsuncarbon.com\/#organization\",\"name\":\"Jinsun Carbon\",\"alternateName\":\"Jinsun Carbon\",\"url\":\"https:\/\/jinsuncarbon.com\/\",\"logo\":{\"@type\":\"ImageObject\",\"inLanguage\":\"fr-FR\",\"@id\":\"https:\/\/jinsuncarbon.com\/#\/schema\/logo\/image\/\",\"url\":\"https:\/\/jinsuncarbon.com\/wp-content\/uploads\/2022\/12\/LOGO-1.png\",\"contentUrl\":\"https:\/\/jinsuncarbon.com\/wp-content\/uploads\/2022\/12\/LOGO-1.png\",\"width\":207,\"height\":80,\"caption\":\"Jinsun Carbon\"},\"image\":{\"@id\":\"https:\/\/jinsuncarbon.com\/#\/schema\/logo\/image\/\"},\"sameAs\":[\"https:\/\/www.facebook.com\/Graphite-Electrode-109336238661595\",\"https:\/\/x.com\/jinsuncarbon_\",\"https:\/\/www.linkedin.com\/in\/jinsungraphite\",\"https:\/\/www.youtube.com\/channel\/UCysDNyvyR5-3cCWEmpkVC0g\"]}]}<\/script>\n<!-- \/ Yoast SEO Premium plugin. -->","yoast_head_json":{"title":"Graphite Nanopoudre \/ Nanoparticules | Jinsun Carbon","description":"La nanopoudre de graphite est un type de poudre de graphite naturel d'une grande puret\u00e9 et \u00e0 forte teneur en carbone, qui est utilis\u00e9e comme mat\u00e9riau r\u00e9fractaire avanc\u00e9 et rev\u00eatement conducteur dans l'industrie m\u00e9tallurgique.","robots":{"index":"index","follow":"follow","max-snippet":"max-snippet:-1","max-image-preview":"max-image-preview:large","max-video-preview":"max-video-preview:-1"},"canonical":"https:\/\/jinsuncarbon.com\/fr\/produit-2\/nanopoudre-de-graphite\/","og_locale":"fr_FR","og_type":"article","og_title":"Graphite Nanopowder","og_description":"Graphite nanopowder is a type of natural graphite powder with high purity and high carbon content, which is used as advanced refractory material and conductive coating in the metallurgical industry.","og_url":"https:\/\/jinsuncarbon.com\/fr\/produit-2\/nanopoudre-de-graphite\/","og_site_name":"Jinsun Carbon","article_publisher":"https:\/\/www.facebook.com\/Graphite-Electrode-109336238661595","article_modified_time":"2025-01-02T01:44:42+00:00","og_image":[{"width":1024,"height":763,"url":"https:\/\/jinsuncarbon.com\/wp-content\/uploads\/2025\/01\/Graphite-nanopowder.jpg","type":"image\/jpeg"}],"twitter_card":"summary_large_image","twitter_site":"@jinsuncarbon_","twitter_misc":{"Dur\u00e9e de lecture estim\u00e9e":"3 minutes"},"schema":{"@context":"https:\/\/schema.org","@graph":[{"@type":"WebPage","@id":"https:\/\/jinsuncarbon.com\/product\/graphite-nanopowder\/","url":"https:\/\/jinsuncarbon.com\/product\/graphite-nanopowder\/","name":"Graphite Nanopoudre \/ Nanoparticules | Jinsun Carbon","isPartOf":{"@id":"https:\/\/jinsuncarbon.com\/#website"},"primaryImageOfPage":{"@id":"https:\/\/jinsuncarbon.com\/product\/graphite-nanopowder\/#primaryimage"},"image":{"@id":"https:\/\/jinsuncarbon.com\/product\/graphite-nanopowder\/#primaryimage"},"thumbnailUrl":"https:\/\/jinsuncarbon.com\/wp-content\/uploads\/2025\/01\/Graphite-nanopowder.jpg","datePublished":"2025-01-02T01:34:56+00:00","dateModified":"2025-01-02T01:44:42+00:00","description":"La nanopoudre de graphite est un type de poudre de graphite naturel d'une grande puret\u00e9 et \u00e0 forte teneur en carbone, qui est utilis\u00e9e comme mat\u00e9riau r\u00e9fractaire avanc\u00e9 et rev\u00eatement conducteur dans l'industrie m\u00e9tallurgique.","breadcrumb":{"@id":"https:\/\/jinsuncarbon.com\/product\/graphite-nanopowder\/#breadcrumb"},"inLanguage":"fr-FR","potentialAction":[{"@type":"ReadAction","target":["https:\/\/jinsuncarbon.com\/product\/graphite-nanopowder\/"]}]},{"@type":"ImageObject","inLanguage":"fr-FR","@id":"https:\/\/jinsuncarbon.com\/product\/graphite-nanopowder\/#primaryimage","url":"https:\/\/jinsuncarbon.com\/wp-content\/uploads\/2025\/01\/Graphite-nanopowder.jpg","contentUrl":"https:\/\/jinsuncarbon.com\/wp-content\/uploads\/2025\/01\/Graphite-nanopowder.jpg","width":1024,"height":763,"caption":"Graphite nanopowder"},{"@type":"BreadcrumbList","@id":"https:\/\/jinsuncarbon.com\/product\/graphite-nanopowder\/#breadcrumb","itemListElement":[{"@type":"ListItem","position":1,"name":"Home","item":"https:\/\/jinsuncarbon.com\/"},{"@type":"ListItem","position":2,"name":"Products","item":"https:\/\/jinsuncarbon.com\/graphite-carbon\/"},{"@type":"ListItem","position":3,"name":"Graphite Nanopowder"}]},{"@type":"WebSite","@id":"https:\/\/jinsuncarbon.com\/#website","url":"https:\/\/jinsuncarbon.com\/","name":"Jinsun Carbon","description":"Nous sommes le fabricant d'\u00e9lectrodes en graphite le plus performant de Chine.","publisher":{"@id":"https:\/\/jinsuncarbon.com\/#organization"},"potentialAction":[{"@type":"SearchAction","target":{"@type":"EntryPoint","urlTemplate":"https:\/\/jinsuncarbon.com\/?s={search_term_string}"},"query-input":{"@type":"PropertyValueSpecification","valueRequired":true,"valueName":"search_term_string"}}],"inLanguage":"fr-FR"},{"@type":"Organization","@id":"https:\/\/jinsuncarbon.com\/#organization","name":"Jinsun Carbon","alternateName":"Jinsun Carbon","url":"https:\/\/jinsuncarbon.com\/","logo":{"@type":"ImageObject","inLanguage":"fr-FR","@id":"https:\/\/jinsuncarbon.com\/#\/schema\/logo\/image\/","url":"https:\/\/jinsuncarbon.com\/wp-content\/uploads\/2022\/12\/LOGO-1.png","contentUrl":"https:\/\/jinsuncarbon.com\/wp-content\/uploads\/2022\/12\/LOGO-1.png","width":207,"height":80,"caption":"Jinsun Carbon"},"image":{"@id":"https:\/\/jinsuncarbon.com\/#\/schema\/logo\/image\/"},"sameAs":["https:\/\/www.facebook.com\/Graphite-Electrode-109336238661595","https:\/\/x.com\/jinsuncarbon_","https:\/\/www.linkedin.com\/in\/jinsungraphite","https:\/\/www.youtube.com\/channel\/UCysDNyvyR5-3cCWEmpkVC0g"]}]}},"_links":{"self":[{"href":"https:\/\/jinsuncarbon.com\/fr\/wp-json\/wp\/v2\/product\/7192","targetHints":{"allow":["GET"]}}],"collection":[{"href":"https:\/\/jinsuncarbon.com\/fr\/wp-json\/wp\/v2\/product"}],"about":[{"href":"https:\/\/jinsuncarbon.com\/fr\/wp-json\/wp\/v2\/types\/product"}],"wp:featuredmedia":[{"embeddable":true,"href":"https:\/\/jinsuncarbon.com\/fr\/wp-json\/wp\/v2\/media\/7194"}],"wp:attachment":[{"href":"https:\/\/jinsuncarbon.com\/fr\/wp-json\/wp\/v2\/media?parent=7192"}],"wp:term":[{"taxonomy":"product_brand","embeddable":true,"href":"https:\/\/jinsuncarbon.com\/fr\/wp-json\/wp\/v2\/product_brand?post=7192"},{"taxonomy":"product_cat","embeddable":true,"href":"https:\/\/jinsuncarbon.com\/fr\/wp-json\/wp\/v2\/product_cat?post=7192"},{"taxonomy":"product_tag","embeddable":true,"href":"https:\/\/jinsuncarbon.com\/fr\/wp-json\/wp\/v2\/product_tag?post=7192"}],"curies":[{"name":"wp","href":"https:\/\/api.w.org\/{rel}","templated":true}]}}