{"id":7191,"date":"2025-01-02T03:14:08","date_gmt":"2025-01-02T03:14:08","guid":{"rendered":"https:\/\/jinsuncarbon.com\/?post_type=product&#038;p=7191"},"modified":"2025-01-02T03:14:09","modified_gmt":"2025-01-02T03:14:09","slug":"electrode-de-graphite-a-aiguille-de-coke","status":"publish","type":"product","link":"https:\/\/jinsuncarbon.com\/fr\/produit-2\/electrode-de-graphite-a-aiguille-de-coke\/","title":{"rendered":"\u00c9lectrode de graphite \u00e0 coke aiguille"},"content":{"rendered":"<h2>\u00a0Fabricant d'\u00e9lectrodes aiguilles en graphite pour coke<\/h2>\n<h3>Qu'est-ce que l'\u00e9lectrode de coke et de graphite ?<\/h3>\n<p>Le coke d'aiguille est un mat\u00e9riau de carbone solide blanc argent\u00e9 \u00e0 l'\u00e9clat m\u00e9tallique. Au microscope, il pr\u00e9sente une texture en forme d'aiguille et est largement utilis\u00e9 dans les mat\u00e9riaux d'\u00e9lectrodes en graphite \u00e0 haute performance. En fonction des diff\u00e9rentes mati\u00e8res premi\u00e8res utilis\u00e9es, le coke d'aiguille peut \u00eatre divis\u00e9 en deux types : \u00e0 base de p\u00e9trole et \u00e0 base de charbon. Le premier est produit \u00e0 partir de r\u00e9sidus p\u00e9troliers, tandis que le coke d'aiguille \u00e0 base de charbon est fabriqu\u00e9 \u00e0 partir de brai de goudron de houille et de ses fractions.<\/p>\n<p>Les \u00e9lectrodes en graphite sont fabriqu\u00e9es \u00e0 partir de graphite et d'un liant organique. Leur fonction est de conduire l'\u00e9nergie \u00e9lectrique de la source d'\u00e9nergie dans l'acier en fusion dans un four \u00e0 arc \u00e9lectrique.<\/p>\n<h2>Avantages de l'\u00e9lectrode graphite \u00e0 aiguille de coke<\/h2>\n<p><strong><b>Haute performance<\/b><\/strong><\/p>\n<ol>\n<li><b><\/b><strong><b>Conductivit\u00e9 \u00e9lectrique \u00e9lev\u00e9e<\/b><\/strong><\/li>\n<\/ol>\n<p>La conductivit\u00e9 du coke de l'aiguille de l'\u00e9lectrode de graphite, qui permet un transfert efficace de l'\u00e9nergie pendant la fabrication de l'acier dans le four \u00e9lectrique \u00e0 arc.<\/p>\n<ol start=\"2\">\n<li><strong><b> \u00a0Faible coefficient de dilatation thermique (CTE)<\/b><\/strong><\/li>\n<\/ol>\n<p>Un faible coefficient de dilatation thermique indique que les contraintes thermiques et les fissures sont minimes en cas de fluctuation des temp\u00e9ratures \u00e9lev\u00e9es ; il favorise donc la durabilit\u00e9 dans des conditions extr\u00eames.<\/p>\n<ol start=\"3\">\n<li><strong><b> \u00a0\u00a0R\u00e9sistance m\u00e9canique sup\u00e9rieure<\/b><\/strong><\/li>\n<\/ol>\n<p>Superbe r\u00e9sistance m\u00e9canique La microstructure en forme d'aiguille du coke offre une plus grande r\u00e9sistance m\u00e9canique contre la rupture pendant la manipulation et les op\u00e9rations.<\/p>\n<ol start=\"4\">\n<li><strong><b> \u00a0R\u00e9sistance thermique \u00e9lev\u00e9e<\/b><\/strong><\/li>\n<\/ol>\n<p>Le mat\u00e9riau pr\u00e9sente une int\u00e9grit\u00e9 structurelle \u00e0 des temp\u00e9ratures tr\u00e8s extr\u00eames, une caract\u00e9ristique tr\u00e8s importante pour une performance continue et fiable dans les processus de fabrication d'acier \u00e0 haute temp\u00e9rature.<\/p>\n<ol start=\"5\">\n<li><strong><b> \u00a0Excellente r\u00e9sistance \u00e0 l'oxydation<\/b><\/strong><\/li>\n<\/ol>\n<p>La r\u00e9sistance \u00e0 l'oxydation prolonge la dur\u00e9e de vie des \u00e9lectrodes, r\u00e9duisant ainsi la fr\u00e9quence de leur remplacement.<\/p>\n<ol start=\"6\">\n<li><strong><b> \u00a0Stabilit\u00e9 dimensionnelle constante<\/b><\/strong><\/li>\n<\/ol>\n<p>La fabrication de pr\u00e9cision garantit des dimensions constantes, un facteur important pour une meilleure compatibilit\u00e9 avec les syst\u00e8mes de FEA.<\/p>\n<p><strong><b>Avantages industriels et durables<\/b><\/strong><\/p>\n<p><a href=\"https:\/\/jinsuncarbon.com\/fr\/les-utilisations-du-graphite\/\">Graphite<\/a> est utile dans une large mesure et r\u00e9duit le co\u00fbt de production de l'acier avec des prix aussi volatiles. Pour plusieurs applications industrielles, <a href=\"https:\/\/jinsuncarbon.com\/fr\/categorie-de-produits\/electrode-en-graphite\/\">\u00c9lectrodes en graphite<\/a> sont \u00e9conomiques et tr\u00e8s fiables. Encore une fois, face aux d\u00e9fis de la fabrication durable et du choix id\u00e9al de mat\u00e9riaux pour les industries d'aujourd'hui, il s'agit d'une bonne nouvelle.<\/p>\n<h2>Application de l'\u00e9lectrode graphite \u00e0 coke aiguille<\/h2>\n<p><strong><b>Sid\u00e9rurgie et m\u00e9tallurgie<\/b><\/strong><\/p>\n<p>\u00c9lectrodes de coke aiguille Les \u00e9lectrodes sont un \u00e9l\u00e9ment indispensable dans toutes les applications li\u00e9es aux hautes temp\u00e9ratures et \u00e0 l'\u00e9nergie. Dans un four \u00e0 arc \u00e9lectrique destin\u00e9 \u00e0 la fabrication de l'acier, les \u00e9lectrodes conduisent un courant tr\u00e8s \u00e9lev\u00e9. Elles fournissent la quantit\u00e9 de chaleur n\u00e9cessaire pour faire fondre la ferraille et le fer. Ces types d'\u00e9lectrodes sont indispensables pour les op\u00e9rations \u00e0 tr\u00e8s haute puissance dans l'industrie m\u00e9tallurgique. Elles ont une grande capacit\u00e9 de charge et une faible consommation dans des conditions extr\u00eames.<\/p>\n<p>&nbsp;<\/p>\n<p><strong><b>Diverses applications industrielles<\/b><\/strong><\/p>\n<p>Ces \u00e9lectrodes jouent \u00e9galement un r\u00f4le important dans la fabrication des anodes des batteries lithium-ion, car leur grande puret\u00e9 et leur conductivit\u00e9 \u00e9lev\u00e9e am\u00e9liorent v\u00e9ritablement les performances des batteries. Dans les industries p\u00e9trochimiques et chimiques, ces \u00e9lectrodes sont indispensables pour certains processus, par exemple la production dans les industries du silicium et du phosphore. Par ailleurs, la fusion des m\u00e9taux non ferreux - les industries de l'aluminium et du magn\u00e9sium, par exemple - ne peut \u00eatre bas\u00e9e que sur ces \u00e9lectrodes. Leurs propri\u00e9t\u00e9s sup\u00e9rieures \u00e0 cet \u00e9gard garantissent l'efficacit\u00e9, la durabilit\u00e9 et la fiabilit\u00e9 dans ces domaines.<\/p>\n<h2>Comment fabriquer une \u00e9lectrode de graphite \u00e0 coke aiguille ?<\/h2>\n<ol>\n<li><strong><b> S\u00e9lection des mati\u00e8res premi\u00e8res et production de coke d'aiguille<\/b><\/strong><\/li>\n<\/ol>\n<p><a href=\"https:\/\/www.m-chemical.co.jp\/en\/products\/departments\/mcc\/coke\/product\/1201080_7940.html\" target=\"_blank\" rel=\"noopener\">Coke \u00e0 l'aiguille<\/a> est un agr\u00e9gat majeur pour les \u00e9lectrodes en graphite qui sont g\u00e9n\u00e9ralement fabriqu\u00e9es \u00e0 partir d'huiles lourdes \u00e0 base de p\u00e9trole ou de brai de goudron de houille. Au cours de la production, le CTE du coke d'aiguille est contr\u00f4l\u00e9 afin de r\u00e9duire au minimum la consommation d'\u00e9lectrodes lors de la fabrication de l'acier.<\/p>\n<ol start=\"2\">\n<li><strong><b> M\u00e9lange et mise en forme<\/b><\/strong><\/li>\n<\/ol>\n<p>Les particules de coke aiguillet\u00e9 sont m\u00e9lang\u00e9es \u00e0 du brai liant dans les proportions appropri\u00e9es, puis chauff\u00e9es, malax\u00e9es et extrud\u00e9es ou press\u00e9es dans la forme souhait\u00e9e de l'\u00e9lectrode pour produire une \"\u00e9lectrode verte\".<\/p>\n<ol start=\"3\">\n<li><strong><b> Calcination<\/b><\/strong><\/li>\n<\/ol>\n<p>La calcination de l'\u00e9lectrode verte est effectu\u00e9e par chauffage \u00e0 temp\u00e9rature contr\u00f4l\u00e9e dans le but de <a href=\"https:\/\/en.wikipedia.org\/wiki\/Carbonization\" target=\"_blank\" rel=\"noopener\">carbonisation<\/a> du mat\u00e9riau. Ainsi, la teneur en mati\u00e8res volatiles est r\u00e9duite et l'int\u00e9grit\u00e9 structurelle est am\u00e9lior\u00e9e.<\/p>\n<ol start=\"4\">\n<li><strong><b> Graphitisation<\/b><\/strong><\/li>\n<\/ol>\n<p>Ensuite, l'\u00e9lectrode calcin\u00e9e subit un traitement thermique de graphitisation dans des fours dont la temp\u00e9rature est sup\u00e9rieure \u00e0 2500\u00b0C. Ce traitement r\u00e9duit le carbone en graphite cristallin, ce qui est essentiel pour am\u00e9liorer la conductivit\u00e9 thermique et \u00e9lectrique.<\/p>\n<ol start=\"5\">\n<li><strong><b> Traitement<\/b><\/strong><\/li>\n<\/ol>\n<p>Le traitement final de l'\u00e9lectrode en graphite selon des dimensions exactes garantit l'\u00e9quipement du four \u00e9lectrique \u00e0 arc et donc la performance au cours du processus de fabrication de l'acier.<\/p>\n<ol start=\"6\">\n<li><strong><b> CTE Technologie du contr\u00f4le<\/b><\/strong><\/li>\n<\/ol>\n<p>Parmi les raisons essentielles de la durabilit\u00e9 et de la rentabilit\u00e9 des \u00e9lectrodes en graphite, le coefficient de dilatation thermique occupe la premi\u00e8re place. \u00c0 cet \u00e9gard, il est maintenu \u00e0 une temp\u00e9rature de pyrolyse rapide sup\u00e9rieure \u00e0 750\u00b0C avec un temps de s\u00e9jour inf\u00e9rieur \u00e0 5 secondes pour obtenir un coke d'aiguille \u00e0 faible coefficient de dilatation thermique. En ce qui concerne le coefficient de dilatation thermique, plus la valeur est petite, plus le coke d'aiguille est r\u00e9sistant \u00e0 la chaleur.<\/p>\n<h2>Pourquoi acheter notre \u00e9lectrode graphite aiguille coke ?<\/h2>\n<p>Nos \u00e9lectrodes en graphite de coke aiguillet\u00e9 pr\u00e9sentent un niveau \u00e9lev\u00e9 de conductivit\u00e9 et sont tr\u00e8s durables ; leur taux d'usure est donc faible. Leur r\u00e9sistance aux chocs thermiques et \u00e0 l'oxydation leur permet d'\u00eatre efficaces dans divers proc\u00e9d\u00e9s sid\u00e9rurgiques, la fabrication de batteries ou la fusion de m\u00e9taux non ferreux.<\/p>","protected":false},"excerpt":{"rendered":"<p>L'\u00e9lectrode de graphite \u00e0 aiguilles est une composition de coke de p\u00e9trole. G\u00e9n\u00e9ralement, le coke de p\u00e9trole de haute qualit\u00e9 est utilis\u00e9 dans la production. L'\u00e9lectrode en graphite de coke d'aiguille est consid\u00e9r\u00e9e comme un mat\u00e9riau \u00e0 haute performance disponible pour les fours \u00e9lectriques \u00e0 arc \u00e0 ultra-haute puissance. Elle peut \u00eatre utilis\u00e9e dans le processus d'affinage brut et secondaire de la ferraille d'acier, transmettant le courant \u00e9lectrique et g\u00e9n\u00e9rant de la chaleur pour achever la fusion.<\/p>","protected":false},"featured_media":7197,"template":"","meta":[],"product_brand":[],"product_cat":[37],"product_tag":[],"class_list":{"0":"post-7191","1":"product","2":"type-product","3":"status-publish","4":"has-post-thumbnail","6":"product_cat-graphite-electrode","8":"first","9":"instock","10":"shipping-taxable","11":"product-type-simple"},"yoast_head":"<!-- This site is optimized with the Yoast SEO Premium plugin v19.2.1 (Yoast SEO v25.3) - https:\/\/yoast.com\/wordpress\/plugins\/seo\/ -->\n<title>Needle Coke Graphite Electrode | Jinsun Carbon<\/title>\n<meta name=\"description\" content=\"Needle Coke Graphite Electrode manufacturer in China, it can used for electric arc furnace and refining furnace for melting steel and other metals.\" \/>\n<meta name=\"robots\" content=\"index, follow, max-snippet:-1, max-image-preview:large, max-video-preview:-1\" \/>\n<link rel=\"canonical\" href=\"https:\/\/jinsuncarbon.com\/fr\/produit-2\/electrode-de-graphite-a-aiguille-de-coke\/\" \/>\n<meta property=\"og:locale\" content=\"fr_FR\" \/>\n<meta property=\"og:type\" content=\"article\" \/>\n<meta property=\"og:title\" content=\"Needle Coke Graphite Electrode\" \/>\n<meta property=\"og:description\" content=\"Needle Coke Graphite Electrode manufacturer in China, it can used for electric arc furnace and refining furnace for melting steel and other metals.\" \/>\n<meta property=\"og:url\" content=\"https:\/\/jinsuncarbon.com\/fr\/produit-2\/electrode-de-graphite-a-aiguille-de-coke\/\" \/>\n<meta property=\"og:site_name\" content=\"Jinsun Carbon\" \/>\n<meta property=\"article:publisher\" content=\"https:\/\/www.facebook.com\/Graphite-Electrode-109336238661595\" \/>\n<meta property=\"article:modified_time\" content=\"2025-01-02T03:14:09+00:00\" \/>\n<meta property=\"og:image\" content=\"https:\/\/jinsuncarbon.com\/wp-content\/uploads\/2025\/01\/Needle-coke-graphite-electrode.jpg\" \/>\n\t<meta property=\"og:image:width\" content=\"1024\" \/>\n\t<meta property=\"og:image:height\" content=\"763\" \/>\n\t<meta property=\"og:image:type\" content=\"image\/jpeg\" \/>\n<meta name=\"twitter:card\" content=\"summary_large_image\" \/>\n<meta name=\"twitter:site\" content=\"@jinsuncarbon_\" \/>\n<meta name=\"twitter:label1\" content=\"Dur\u00e9e de lecture estim\u00e9e\" \/>\n\t<meta name=\"twitter:data1\" content=\"4 minutes\" \/>\n<script type=\"application\/ld+json\" class=\"yoast-schema-graph\">{\"@context\":\"https:\/\/schema.org\",\"@graph\":[{\"@type\":\"WebPage\",\"@id\":\"https:\/\/jinsuncarbon.com\/product\/needle-coke-graphite-electrode\/\",\"url\":\"https:\/\/jinsuncarbon.com\/product\/needle-coke-graphite-electrode\/\",\"name\":\"Needle Coke Graphite Electrode | Jinsun Carbon\",\"isPartOf\":{\"@id\":\"https:\/\/jinsuncarbon.com\/#website\"},\"primaryImageOfPage\":{\"@id\":\"https:\/\/jinsuncarbon.com\/product\/needle-coke-graphite-electrode\/#primaryimage\"},\"image\":{\"@id\":\"https:\/\/jinsuncarbon.com\/product\/needle-coke-graphite-electrode\/#primaryimage\"},\"thumbnailUrl\":\"https:\/\/jinsuncarbon.com\/wp-content\/uploads\/2025\/01\/Needle-coke-graphite-electrode.jpg\",\"datePublished\":\"2025-01-02T03:14:08+00:00\",\"dateModified\":\"2025-01-02T03:14:09+00:00\",\"description\":\"Needle Coke Graphite Electrode manufacturer in China, it can used for electric arc furnace and refining furnace for melting steel and other metals.\",\"breadcrumb\":{\"@id\":\"https:\/\/jinsuncarbon.com\/product\/needle-coke-graphite-electrode\/#breadcrumb\"},\"inLanguage\":\"fr-FR\",\"potentialAction\":[{\"@type\":\"ReadAction\",\"target\":[\"https:\/\/jinsuncarbon.com\/product\/needle-coke-graphite-electrode\/\"]}]},{\"@type\":\"ImageObject\",\"inLanguage\":\"fr-FR\",\"@id\":\"https:\/\/jinsuncarbon.com\/product\/needle-coke-graphite-electrode\/#primaryimage\",\"url\":\"https:\/\/jinsuncarbon.com\/wp-content\/uploads\/2025\/01\/Needle-coke-graphite-electrode.jpg\",\"contentUrl\":\"https:\/\/jinsuncarbon.com\/wp-content\/uploads\/2025\/01\/Needle-coke-graphite-electrode.jpg\",\"width\":1024,\"height\":763,\"caption\":\"Needle coke graphite electrode\"},{\"@type\":\"BreadcrumbList\",\"@id\":\"https:\/\/jinsuncarbon.com\/product\/needle-coke-graphite-electrode\/#breadcrumb\",\"itemListElement\":[{\"@type\":\"ListItem\",\"position\":1,\"name\":\"Home\",\"item\":\"https:\/\/jinsuncarbon.com\/\"},{\"@type\":\"ListItem\",\"position\":2,\"name\":\"Products\",\"item\":\"https:\/\/jinsuncarbon.com\/graphite-carbon\/\"},{\"@type\":\"ListItem\",\"position\":3,\"name\":\"Needle Coke Graphite Electrode\"}]},{\"@type\":\"WebSite\",\"@id\":\"https:\/\/jinsuncarbon.com\/#website\",\"url\":\"https:\/\/jinsuncarbon.com\/\",\"name\":\"Jinsun Carbon\",\"description\":\"We are the successful graphite electrode manufacturer in China\",\"publisher\":{\"@id\":\"https:\/\/jinsuncarbon.com\/#organization\"},\"potentialAction\":[{\"@type\":\"SearchAction\",\"target\":{\"@type\":\"EntryPoint\",\"urlTemplate\":\"https:\/\/jinsuncarbon.com\/?s={search_term_string}\"},\"query-input\":{\"@type\":\"PropertyValueSpecification\",\"valueRequired\":true,\"valueName\":\"search_term_string\"}}],\"inLanguage\":\"fr-FR\"},{\"@type\":\"Organization\",\"@id\":\"https:\/\/jinsuncarbon.com\/#organization\",\"name\":\"Jinsun Carbon\",\"alternateName\":\"Jinsun Carbon\",\"url\":\"https:\/\/jinsuncarbon.com\/\",\"logo\":{\"@type\":\"ImageObject\",\"inLanguage\":\"fr-FR\",\"@id\":\"https:\/\/jinsuncarbon.com\/#\/schema\/logo\/image\/\",\"url\":\"https:\/\/jinsuncarbon.com\/wp-content\/uploads\/2022\/12\/LOGO-1.png\",\"contentUrl\":\"https:\/\/jinsuncarbon.com\/wp-content\/uploads\/2022\/12\/LOGO-1.png\",\"width\":207,\"height\":80,\"caption\":\"Jinsun Carbon\"},\"image\":{\"@id\":\"https:\/\/jinsuncarbon.com\/#\/schema\/logo\/image\/\"},\"sameAs\":[\"https:\/\/www.facebook.com\/Graphite-Electrode-109336238661595\",\"https:\/\/x.com\/jinsuncarbon_\",\"https:\/\/www.linkedin.com\/in\/jinsungraphite\",\"https:\/\/www.youtube.com\/channel\/UCysDNyvyR5-3cCWEmpkVC0g\"]}]}<\/script>\n<!-- \/ Yoast SEO Premium plugin. -->","yoast_head_json":{"title":"\u00c9lectrode de graphite \u00e0 coke aiguille | Jinsun Carbon","description":"L'\u00e9lectrode graphite \u00e0 coke aiguille est fabriqu\u00e9e en Chine. Elle peut \u00eatre utilis\u00e9e dans les fours \u00e0 arc \u00e9lectrique et les fours d'affinage pour la fusion de l'acier et d'autres m\u00e9taux.","robots":{"index":"index","follow":"follow","max-snippet":"max-snippet:-1","max-image-preview":"max-image-preview:large","max-video-preview":"max-video-preview:-1"},"canonical":"https:\/\/jinsuncarbon.com\/fr\/produit-2\/electrode-de-graphite-a-aiguille-de-coke\/","og_locale":"fr_FR","og_type":"article","og_title":"Needle Coke Graphite Electrode","og_description":"Needle Coke Graphite Electrode manufacturer in China, it can used for electric arc furnace and refining furnace for melting steel and other metals.","og_url":"https:\/\/jinsuncarbon.com\/fr\/produit-2\/electrode-de-graphite-a-aiguille-de-coke\/","og_site_name":"Jinsun Carbon","article_publisher":"https:\/\/www.facebook.com\/Graphite-Electrode-109336238661595","article_modified_time":"2025-01-02T03:14:09+00:00","og_image":[{"width":1024,"height":763,"url":"https:\/\/jinsuncarbon.com\/wp-content\/uploads\/2025\/01\/Needle-coke-graphite-electrode.jpg","type":"image\/jpeg"}],"twitter_card":"summary_large_image","twitter_site":"@jinsuncarbon_","twitter_misc":{"Dur\u00e9e de lecture estim\u00e9e":"4 minutes"},"schema":{"@context":"https:\/\/schema.org","@graph":[{"@type":"WebPage","@id":"https:\/\/jinsuncarbon.com\/product\/needle-coke-graphite-electrode\/","url":"https:\/\/jinsuncarbon.com\/product\/needle-coke-graphite-electrode\/","name":"\u00c9lectrode de graphite \u00e0 coke aiguille | Jinsun Carbon","isPartOf":{"@id":"https:\/\/jinsuncarbon.com\/#website"},"primaryImageOfPage":{"@id":"https:\/\/jinsuncarbon.com\/product\/needle-coke-graphite-electrode\/#primaryimage"},"image":{"@id":"https:\/\/jinsuncarbon.com\/product\/needle-coke-graphite-electrode\/#primaryimage"},"thumbnailUrl":"https:\/\/jinsuncarbon.com\/wp-content\/uploads\/2025\/01\/Needle-coke-graphite-electrode.jpg","datePublished":"2025-01-02T03:14:08+00:00","dateModified":"2025-01-02T03:14:09+00:00","description":"L'\u00e9lectrode graphite \u00e0 coke aiguille est fabriqu\u00e9e en Chine. Elle peut \u00eatre utilis\u00e9e dans les fours \u00e0 arc \u00e9lectrique et les fours d'affinage pour la fusion de l'acier et d'autres m\u00e9taux.","breadcrumb":{"@id":"https:\/\/jinsuncarbon.com\/product\/needle-coke-graphite-electrode\/#breadcrumb"},"inLanguage":"fr-FR","potentialAction":[{"@type":"ReadAction","target":["https:\/\/jinsuncarbon.com\/product\/needle-coke-graphite-electrode\/"]}]},{"@type":"ImageObject","inLanguage":"fr-FR","@id":"https:\/\/jinsuncarbon.com\/product\/needle-coke-graphite-electrode\/#primaryimage","url":"https:\/\/jinsuncarbon.com\/wp-content\/uploads\/2025\/01\/Needle-coke-graphite-electrode.jpg","contentUrl":"https:\/\/jinsuncarbon.com\/wp-content\/uploads\/2025\/01\/Needle-coke-graphite-electrode.jpg","width":1024,"height":763,"caption":"Needle coke graphite electrode"},{"@type":"BreadcrumbList","@id":"https:\/\/jinsuncarbon.com\/product\/needle-coke-graphite-electrode\/#breadcrumb","itemListElement":[{"@type":"ListItem","position":1,"name":"Home","item":"https:\/\/jinsuncarbon.com\/"},{"@type":"ListItem","position":2,"name":"Products","item":"https:\/\/jinsuncarbon.com\/graphite-carbon\/"},{"@type":"ListItem","position":3,"name":"Needle Coke Graphite Electrode"}]},{"@type":"WebSite","@id":"https:\/\/jinsuncarbon.com\/#website","url":"https:\/\/jinsuncarbon.com\/","name":"Jinsun Carbon","description":"Nous sommes le fabricant d'\u00e9lectrodes en graphite le plus performant de Chine.","publisher":{"@id":"https:\/\/jinsuncarbon.com\/#organization"},"potentialAction":[{"@type":"SearchAction","target":{"@type":"EntryPoint","urlTemplate":"https:\/\/jinsuncarbon.com\/?s={search_term_string}"},"query-input":{"@type":"PropertyValueSpecification","valueRequired":true,"valueName":"search_term_string"}}],"inLanguage":"fr-FR"},{"@type":"Organization","@id":"https:\/\/jinsuncarbon.com\/#organization","name":"Jinsun Carbon","alternateName":"Jinsun Carbon","url":"https:\/\/jinsuncarbon.com\/","logo":{"@type":"ImageObject","inLanguage":"fr-FR","@id":"https:\/\/jinsuncarbon.com\/#\/schema\/logo\/image\/","url":"https:\/\/jinsuncarbon.com\/wp-content\/uploads\/2022\/12\/LOGO-1.png","contentUrl":"https:\/\/jinsuncarbon.com\/wp-content\/uploads\/2022\/12\/LOGO-1.png","width":207,"height":80,"caption":"Jinsun Carbon"},"image":{"@id":"https:\/\/jinsuncarbon.com\/#\/schema\/logo\/image\/"},"sameAs":["https:\/\/www.facebook.com\/Graphite-Electrode-109336238661595","https:\/\/x.com\/jinsuncarbon_","https:\/\/www.linkedin.com\/in\/jinsungraphite","https:\/\/www.youtube.com\/channel\/UCysDNyvyR5-3cCWEmpkVC0g"]}]}},"_links":{"self":[{"href":"https:\/\/jinsuncarbon.com\/fr\/wp-json\/wp\/v2\/product\/7191","targetHints":{"allow":["GET"]}}],"collection":[{"href":"https:\/\/jinsuncarbon.com\/fr\/wp-json\/wp\/v2\/product"}],"about":[{"href":"https:\/\/jinsuncarbon.com\/fr\/wp-json\/wp\/v2\/types\/product"}],"wp:featuredmedia":[{"embeddable":true,"href":"https:\/\/jinsuncarbon.com\/fr\/wp-json\/wp\/v2\/media\/7197"}],"wp:attachment":[{"href":"https:\/\/jinsuncarbon.com\/fr\/wp-json\/wp\/v2\/media?parent=7191"}],"wp:term":[{"taxonomy":"product_brand","embeddable":true,"href":"https:\/\/jinsuncarbon.com\/fr\/wp-json\/wp\/v2\/product_brand?post=7191"},{"taxonomy":"product_cat","embeddable":true,"href":"https:\/\/jinsuncarbon.com\/fr\/wp-json\/wp\/v2\/product_cat?post=7191"},{"taxonomy":"product_tag","embeddable":true,"href":"https:\/\/jinsuncarbon.com\/fr\/wp-json\/wp\/v2\/product_tag?post=7191"}],"curies":[{"name":"wp","href":"https:\/\/api.w.org\/{rel}","templated":true}]}}