{"id":7190,"date":"2025-01-03T14:28:13","date_gmt":"2025-01-03T14:28:13","guid":{"rendered":"https:\/\/jinsuncarbon.com\/?post_type=product&#038;p=7190"},"modified":"2025-01-03T14:28:36","modified_gmt":"2025-01-03T14:28:36","slug":"bateau-en-graphite","status":"publish","type":"product","link":"https:\/\/jinsuncarbon.com\/fr\/produit-2\/bateau-en-graphite\/","title":{"rendered":"Bateau en graphite"},"content":{"rendered":"<p>Il existe deux formes principales de bateaux en graphite : le bateau \u00e0 rainures en graphite (comme la goulotte \u00e0 deux voies W) et le bateau en graphite fin.<\/p>\n<p>Les cannelures en graphite sont principalement utilis\u00e9es dans le processus de frittage en four sous vide, en particulier dans la production de carbure c\u00e9ment\u00e9 et d'autres produits. Ils conviennent aux \u00e9chantillons ou aux mat\u00e9riaux qui n\u00e9cessitent un chauffage et une manipulation uniformes. Ils peuvent transporter de grandes quantit\u00e9s de mat\u00e9riaux et conviennent \u00e0 la production de masse.<\/p>\n<p>Les bateaux minces en graphite sont souvent utilis\u00e9s lorsqu'un contr\u00f4le pr\u00e9cis du chauffage et de la manipulation est n\u00e9cessaire. Ils conviennent aux \u00e9quipements ou aux processus n\u00e9cessitant un espace important. La conception mince permet au r\u00e9cipient d'avoir une faible capacit\u00e9 thermique et de r\u00e9agir rapidement aux changements de temp\u00e9rature. La structure compacte permet de r\u00e9duire les pertes de chaleur pendant le processus de chauffage. Facilit\u00e9 de chargement et de d\u00e9chargement des mat\u00e9riaux, am\u00e9lioration de l'efficacit\u00e9 de la production.<\/p>\n<p>&nbsp;<\/p>\n<h2>Propri\u00e9t\u00e9s des bateaux en graphite<\/h2>\n<p>R\u00e9sistance aux temp\u00e9ratures \u00e9lev\u00e9es. Les bateaux en graphite sont capables de r\u00e9sister \u00e0 des temp\u00e9ratures extr\u00eames allant jusqu'\u00e0 plus de 2000\u00b0C. Ils peuvent donc fonctionner dans des conditions extr\u00eames.<\/p>\n<p>Stabilit\u00e9 chimique. Les bateaux en graphite sont capables de r\u00e9sister \u00e0 divers acides, alcalis et sels chimiques. Cela leur permet de convenir \u00e0 la fabrication de dispositifs de r\u00e9action chimique.<\/p>\n<p>Haute r\u00e9sistance. Les bateaux en graphite peuvent r\u00e9sister \u00e0 des charges importantes et \u00e0 des conditions extr\u00eames de chauffage et de refroidissement. Ils pr\u00e9sentent en outre un faible coefficient de dilatation thermique et une longue dur\u00e9e de vie. Ces caract\u00e9ristiques sont cruciales pour leur utilisation dans des industries telles que les semi-conducteurs et l'\u00e9nergie solaire.<\/p>\n<p>Conductivit\u00e9 \u00e9lectrique. Les bateaux en graphite ont une excellente conductivit\u00e9 des \u00e9lectrons. Ils sont donc largement utilis\u00e9s dans les batteries au lithium et dans l'industrie de fabrication \u00e9lectronique.<\/p>\n<p>Conductivit\u00e9 thermique \u00e9lev\u00e9e. Le graphite a une conductivit\u00e9 thermique \u00e9lev\u00e9e \u00e0 temp\u00e9rature ambiante, et sa conductivit\u00e9 thermique peut atteindre 2,17\u00d710^6 W\/(cm-K). Cela permet au bateau en graphite de conserver une excellente conductivit\u00e9 thermique \u00e0 des temp\u00e9ratures \u00e9lev\u00e9es. Dans des conditions de tr\u00e8s haute temp\u00e9rature, <a href=\"https:\/\/jinsuncarbon.com\/fr\/les-utilisations-du-graphite\/\">graphite<\/a> peut conserver des propri\u00e9t\u00e9s stables de conduction de la chaleur, ce qui le rend important pour les \u00e9changeurs de chaleur \u00e0 haute temp\u00e9rature et les mat\u00e9riaux d'isolation.<\/p>\n<p>&nbsp;<\/p>\n<h2>Applications du bateau en graphite<\/h2>\n<p>Industrie des semi-conducteurs : En raison de l'excellente conductivit\u00e9 thermique et de la r\u00e9sistance aux temp\u00e9ratures \u00e9lev\u00e9es, les bateaux en graphite sont largement utilis\u00e9s dans les processus de traitement \u00e0 haute temp\u00e9rature. Les bateaux en graphite sont largement utilis\u00e9s dans les processus de traitement \u00e0 haute temp\u00e9rature. Comme la diffusion thermique et l'oxydation. Les barquettes en graphite monocristallin peuvent assurer la stabilit\u00e9 de la temp\u00e9rature et la distribution uniforme de la chaleur des plaquettes de silicium pendant le traitement, am\u00e9liorant ainsi la qualit\u00e9 du produit et l'efficacit\u00e9 du processus.<\/p>\n<p>Industrie de l'\u00e9nergie solaire : Les bateaux en graphite sont un \u00e9l\u00e9ment cl\u00e9 dans la fabrication de cellules solaires et de produits en verre. Ils peuvent porter et transporter des plaquettes de silicium au cours de processus \u00e0 haute temp\u00e9rature tels que le PECVD (d\u00e9p\u00f4t chimique en phase vapeur assist\u00e9 par plasma), la diffusion et la gravure. Ils am\u00e9liorent l'efficacit\u00e9 de la conversion de l'\u00e9nergie solaire.<\/p>\n<p>Dispositif de r\u00e9action chimique : Les bateaux en graphite peuvent servir de conteneurs pour les r\u00e9actifs afin d'assurer le bon d\u00e9roulement de la r\u00e9action chimique.<\/p>\n<p>Industrie des piles au lithium : Les bateaux en graphite sont \u00e9galement courants dans la fabrication de mat\u00e9riaux d'\u00e9lectrodes. Ils peuvent am\u00e9liorer les performances et la s\u00e9curit\u00e9 des <a href=\"https:\/\/en.wikipedia.org\/wiki\/Lithium-ion_battery\" target=\"_blank\" rel=\"noopener\">piles au lithium<\/a>.<\/p>\n<p>En outre, les bateaux en graphite sont \u00e9galement utiles dans les domaines suivants :<\/p>\n<p>Transporteur de mat\u00e9riaux : le bateau en graphite joue un r\u00f4le dans le transport des mat\u00e9riaux qui sont trait\u00e9s en <a href=\"https:\/\/en.wikipedia.org\/wiki\/Vacuum_furnace\" target=\"_blank\" rel=\"noopener\">four \u00e0 vide<\/a> ou un four \u00e0 haute temp\u00e9rature. Ces mat\u00e9riaux peuvent \u00eatre des mati\u00e8res premi\u00e8res utilis\u00e9es dans la production de carbure c\u00e9ment\u00e9. Ou d'autres mat\u00e9riaux qui doivent \u00eatre manipul\u00e9s \u00e0 des temp\u00e9ratures \u00e9lev\u00e9es.<\/p>\n<p>Protection des \u00e9chantillons : En laboratoire ou dans la production industrielle, les bateaux en graphite sont souvent utilis\u00e9s pour le stockage, le transfert et le traitement des \u00e9chantillons. Ses propri\u00e9t\u00e9s chimiques stables et sa r\u00e9sistance aux temp\u00e9ratures \u00e9lev\u00e9es permettent de prot\u00e9ger les \u00e9chantillons de la contamination et des dommages.<\/p>\n<p>&nbsp;<\/p>\n<p>De plus, pour am\u00e9liorer les performances des bateaux en graphite, certains mat\u00e9riaux compos\u00e9s sont ajout\u00e9s au processus de fabrication. C'est le cas, par exemple, de l'\u00e9poxy graphite.<\/p>\n<p>Le graphite \u00e9poxy est un mat\u00e9riau composite \u00e0 base de graphite. Il est compos\u00e9 de graphite et de r\u00e9sine \u00e9poxy par le biais d'un processus sp\u00e9cial. Ce mat\u00e9riau h\u00e9rite non seulement des caract\u00e9ristiques du graphite, telles que la r\u00e9sistance aux temp\u00e9ratures \u00e9lev\u00e9es et la bonne conductivit\u00e9 \u00e9lectrique, mais il am\u00e9liore \u00e9galement la solidit\u00e9 globale et la r\u00e9sistance \u00e0 la corrosion du mat\u00e9riau gr\u00e2ce \u00e0 l'ajout de r\u00e9sine \u00e9poxy. Dans certaines applications de bateaux en graphite, en particulier celles qui n\u00e9cessitent des charges importantes ou des environnements hautement corrosifs, le fond de bateau en graphite \u00e9poxy est utilis\u00e9 comme structure renforc\u00e9e pour am\u00e9liorer la durabilit\u00e9 et la dur\u00e9e de vie des bateaux.<\/p>","protected":false},"excerpt":{"rendered":"<p>Les bateaux en graphite sont des conteneurs fabriqu\u00e9s en graphite et ayant la forme d'un bateau. La forme particuli\u00e8re des bateaux en graphite leur permet d'\u00eatre principalement utilis\u00e9s comme supports de plaquettes de silicium dans le processus de rev\u00eatement. En outre, ils sont \u00e9galement des conteneurs et des supports courants dans de nombreuses industries de haute technologie.<\/p>\n<p>Nous proposons des bateaux en graphite \u00e0 pression statique, ce qui fait de notre produit un produit avanc\u00e9 sur le plan physique et chimique.<\/p>","protected":false},"featured_media":7216,"template":"","meta":[],"product_brand":[],"product_cat":[38],"product_tag":[],"class_list":{"0":"post-7190","1":"product","2":"type-product","3":"status-publish","4":"has-post-thumbnail","6":"product_cat-graphite-products","8":"first","9":"instock","10":"shipping-taxable","11":"product-type-simple"},"yoast_head":"<!-- This site is optimized with the Yoast SEO Premium plugin v19.2.1 (Yoast SEO v25.3) - https:\/\/yoast.com\/wordpress\/plugins\/seo\/ -->\n<title>Graphite Boat | Jinsun Carbon<\/title>\n<meta name=\"description\" content=\"Graphite boat manufacturer in China, mainly used in vacuum furnace sintering process, especially in the production of cemented carbide and other products.\" \/>\n<meta name=\"robots\" content=\"index, follow, max-snippet:-1, max-image-preview:large, max-video-preview:-1\" \/>\n<link rel=\"canonical\" href=\"https:\/\/jinsuncarbon.com\/fr\/produit-2\/bateau-en-graphite\/\" \/>\n<meta property=\"og:locale\" content=\"fr_FR\" \/>\n<meta property=\"og:type\" content=\"article\" \/>\n<meta property=\"og:title\" content=\"Graphite Boat\" \/>\n<meta property=\"og:description\" content=\"Graphite boat manufacturer in China, mainly used in vacuum furnace sintering process, especially in the production of cemented carbide and other products.\" \/>\n<meta property=\"og:url\" content=\"https:\/\/jinsuncarbon.com\/fr\/produit-2\/bateau-en-graphite\/\" \/>\n<meta property=\"og:site_name\" content=\"Jinsun Carbon\" \/>\n<meta property=\"article:publisher\" content=\"https:\/\/www.facebook.com\/Graphite-Electrode-109336238661595\" \/>\n<meta property=\"article:modified_time\" content=\"2025-01-03T14:28:36+00:00\" \/>\n<meta property=\"og:image\" content=\"https:\/\/jinsuncarbon.com\/wp-content\/uploads\/2025\/01\/Graphite-boat.jpg\" \/>\n\t<meta property=\"og:image:width\" content=\"1024\" \/>\n\t<meta property=\"og:image:height\" content=\"763\" \/>\n\t<meta property=\"og:image:type\" content=\"image\/jpeg\" \/>\n<meta name=\"twitter:card\" content=\"summary_large_image\" \/>\n<meta name=\"twitter:site\" content=\"@jinsuncarbon_\" \/>\n<meta name=\"twitter:label1\" content=\"Dur\u00e9e de lecture estim\u00e9e\" \/>\n\t<meta name=\"twitter:data1\" content=\"4 minutes\" \/>\n<script type=\"application\/ld+json\" class=\"yoast-schema-graph\">{\"@context\":\"https:\/\/schema.org\",\"@graph\":[{\"@type\":\"WebPage\",\"@id\":\"https:\/\/jinsuncarbon.com\/product\/graphite-boat\/\",\"url\":\"https:\/\/jinsuncarbon.com\/product\/graphite-boat\/\",\"name\":\"Graphite Boat | Jinsun Carbon\",\"isPartOf\":{\"@id\":\"https:\/\/jinsuncarbon.com\/#website\"},\"primaryImageOfPage\":{\"@id\":\"https:\/\/jinsuncarbon.com\/product\/graphite-boat\/#primaryimage\"},\"image\":{\"@id\":\"https:\/\/jinsuncarbon.com\/product\/graphite-boat\/#primaryimage\"},\"thumbnailUrl\":\"https:\/\/jinsuncarbon.com\/wp-content\/uploads\/2025\/01\/Graphite-boat.jpg\",\"datePublished\":\"2025-01-03T14:28:13+00:00\",\"dateModified\":\"2025-01-03T14:28:36+00:00\",\"description\":\"Graphite boat manufacturer in China, mainly used in vacuum furnace sintering process, especially in the production of cemented carbide and other products.\",\"breadcrumb\":{\"@id\":\"https:\/\/jinsuncarbon.com\/product\/graphite-boat\/#breadcrumb\"},\"inLanguage\":\"fr-FR\",\"potentialAction\":[{\"@type\":\"ReadAction\",\"target\":[\"https:\/\/jinsuncarbon.com\/product\/graphite-boat\/\"]}]},{\"@type\":\"ImageObject\",\"inLanguage\":\"fr-FR\",\"@id\":\"https:\/\/jinsuncarbon.com\/product\/graphite-boat\/#primaryimage\",\"url\":\"https:\/\/jinsuncarbon.com\/wp-content\/uploads\/2025\/01\/Graphite-boat.jpg\",\"contentUrl\":\"https:\/\/jinsuncarbon.com\/wp-content\/uploads\/2025\/01\/Graphite-boat.jpg\",\"width\":1024,\"height\":763,\"caption\":\"Graphite boat\"},{\"@type\":\"BreadcrumbList\",\"@id\":\"https:\/\/jinsuncarbon.com\/product\/graphite-boat\/#breadcrumb\",\"itemListElement\":[{\"@type\":\"ListItem\",\"position\":1,\"name\":\"Home\",\"item\":\"https:\/\/jinsuncarbon.com\/\"},{\"@type\":\"ListItem\",\"position\":2,\"name\":\"Products\",\"item\":\"https:\/\/jinsuncarbon.com\/graphite-carbon\/\"},{\"@type\":\"ListItem\",\"position\":3,\"name\":\"Graphite Boat\"}]},{\"@type\":\"WebSite\",\"@id\":\"https:\/\/jinsuncarbon.com\/#website\",\"url\":\"https:\/\/jinsuncarbon.com\/\",\"name\":\"Jinsun Carbon\",\"description\":\"We are the successful graphite electrode manufacturer in China\",\"publisher\":{\"@id\":\"https:\/\/jinsuncarbon.com\/#organization\"},\"potentialAction\":[{\"@type\":\"SearchAction\",\"target\":{\"@type\":\"EntryPoint\",\"urlTemplate\":\"https:\/\/jinsuncarbon.com\/?s={search_term_string}\"},\"query-input\":{\"@type\":\"PropertyValueSpecification\",\"valueRequired\":true,\"valueName\":\"search_term_string\"}}],\"inLanguage\":\"fr-FR\"},{\"@type\":\"Organization\",\"@id\":\"https:\/\/jinsuncarbon.com\/#organization\",\"name\":\"Jinsun Carbon\",\"alternateName\":\"Jinsun Carbon\",\"url\":\"https:\/\/jinsuncarbon.com\/\",\"logo\":{\"@type\":\"ImageObject\",\"inLanguage\":\"fr-FR\",\"@id\":\"https:\/\/jinsuncarbon.com\/#\/schema\/logo\/image\/\",\"url\":\"https:\/\/jinsuncarbon.com\/wp-content\/uploads\/2022\/12\/LOGO-1.png\",\"contentUrl\":\"https:\/\/jinsuncarbon.com\/wp-content\/uploads\/2022\/12\/LOGO-1.png\",\"width\":207,\"height\":80,\"caption\":\"Jinsun Carbon\"},\"image\":{\"@id\":\"https:\/\/jinsuncarbon.com\/#\/schema\/logo\/image\/\"},\"sameAs\":[\"https:\/\/www.facebook.com\/Graphite-Electrode-109336238661595\",\"https:\/\/x.com\/jinsuncarbon_\",\"https:\/\/www.linkedin.com\/in\/jinsungraphite\",\"https:\/\/www.youtube.com\/channel\/UCysDNyvyR5-3cCWEmpkVC0g\"]}]}<\/script>\n<!-- \/ Yoast SEO Premium plugin. -->","yoast_head_json":{"title":"Graphite Boat | Jinsun Carbon","description":"Fabricant chinois de bateaux en graphite, principalement utilis\u00e9s dans le processus de frittage en four sous vide, notamment pour la production de carbure c\u00e9ment\u00e9 et d'autres produits.","robots":{"index":"index","follow":"follow","max-snippet":"max-snippet:-1","max-image-preview":"max-image-preview:large","max-video-preview":"max-video-preview:-1"},"canonical":"https:\/\/jinsuncarbon.com\/fr\/produit-2\/bateau-en-graphite\/","og_locale":"fr_FR","og_type":"article","og_title":"Graphite Boat","og_description":"Graphite boat manufacturer in China, mainly used in vacuum furnace sintering process, especially in the production of cemented carbide and other products.","og_url":"https:\/\/jinsuncarbon.com\/fr\/produit-2\/bateau-en-graphite\/","og_site_name":"Jinsun Carbon","article_publisher":"https:\/\/www.facebook.com\/Graphite-Electrode-109336238661595","article_modified_time":"2025-01-03T14:28:36+00:00","og_image":[{"width":1024,"height":763,"url":"https:\/\/jinsuncarbon.com\/wp-content\/uploads\/2025\/01\/Graphite-boat.jpg","type":"image\/jpeg"}],"twitter_card":"summary_large_image","twitter_site":"@jinsuncarbon_","twitter_misc":{"Dur\u00e9e de lecture estim\u00e9e":"4 minutes"},"schema":{"@context":"https:\/\/schema.org","@graph":[{"@type":"WebPage","@id":"https:\/\/jinsuncarbon.com\/product\/graphite-boat\/","url":"https:\/\/jinsuncarbon.com\/product\/graphite-boat\/","name":"Graphite Boat | Jinsun Carbon","isPartOf":{"@id":"https:\/\/jinsuncarbon.com\/#website"},"primaryImageOfPage":{"@id":"https:\/\/jinsuncarbon.com\/product\/graphite-boat\/#primaryimage"},"image":{"@id":"https:\/\/jinsuncarbon.com\/product\/graphite-boat\/#primaryimage"},"thumbnailUrl":"https:\/\/jinsuncarbon.com\/wp-content\/uploads\/2025\/01\/Graphite-boat.jpg","datePublished":"2025-01-03T14:28:13+00:00","dateModified":"2025-01-03T14:28:36+00:00","description":"Fabricant chinois de bateaux en graphite, principalement utilis\u00e9s dans le processus de frittage en four sous vide, notamment pour la production de carbure c\u00e9ment\u00e9 et d'autres produits.","breadcrumb":{"@id":"https:\/\/jinsuncarbon.com\/product\/graphite-boat\/#breadcrumb"},"inLanguage":"fr-FR","potentialAction":[{"@type":"ReadAction","target":["https:\/\/jinsuncarbon.com\/product\/graphite-boat\/"]}]},{"@type":"ImageObject","inLanguage":"fr-FR","@id":"https:\/\/jinsuncarbon.com\/product\/graphite-boat\/#primaryimage","url":"https:\/\/jinsuncarbon.com\/wp-content\/uploads\/2025\/01\/Graphite-boat.jpg","contentUrl":"https:\/\/jinsuncarbon.com\/wp-content\/uploads\/2025\/01\/Graphite-boat.jpg","width":1024,"height":763,"caption":"Graphite boat"},{"@type":"BreadcrumbList","@id":"https:\/\/jinsuncarbon.com\/product\/graphite-boat\/#breadcrumb","itemListElement":[{"@type":"ListItem","position":1,"name":"Home","item":"https:\/\/jinsuncarbon.com\/"},{"@type":"ListItem","position":2,"name":"Products","item":"https:\/\/jinsuncarbon.com\/graphite-carbon\/"},{"@type":"ListItem","position":3,"name":"Graphite Boat"}]},{"@type":"WebSite","@id":"https:\/\/jinsuncarbon.com\/#website","url":"https:\/\/jinsuncarbon.com\/","name":"Jinsun Carbon","description":"Nous sommes le fabricant d'\u00e9lectrodes en graphite le plus performant de Chine.","publisher":{"@id":"https:\/\/jinsuncarbon.com\/#organization"},"potentialAction":[{"@type":"SearchAction","target":{"@type":"EntryPoint","urlTemplate":"https:\/\/jinsuncarbon.com\/?s={search_term_string}"},"query-input":{"@type":"PropertyValueSpecification","valueRequired":true,"valueName":"search_term_string"}}],"inLanguage":"fr-FR"},{"@type":"Organization","@id":"https:\/\/jinsuncarbon.com\/#organization","name":"Jinsun Carbon","alternateName":"Jinsun Carbon","url":"https:\/\/jinsuncarbon.com\/","logo":{"@type":"ImageObject","inLanguage":"fr-FR","@id":"https:\/\/jinsuncarbon.com\/#\/schema\/logo\/image\/","url":"https:\/\/jinsuncarbon.com\/wp-content\/uploads\/2022\/12\/LOGO-1.png","contentUrl":"https:\/\/jinsuncarbon.com\/wp-content\/uploads\/2022\/12\/LOGO-1.png","width":207,"height":80,"caption":"Jinsun Carbon"},"image":{"@id":"https:\/\/jinsuncarbon.com\/#\/schema\/logo\/image\/"},"sameAs":["https:\/\/www.facebook.com\/Graphite-Electrode-109336238661595","https:\/\/x.com\/jinsuncarbon_","https:\/\/www.linkedin.com\/in\/jinsungraphite","https:\/\/www.youtube.com\/channel\/UCysDNyvyR5-3cCWEmpkVC0g"]}]}},"_links":{"self":[{"href":"https:\/\/jinsuncarbon.com\/fr\/wp-json\/wp\/v2\/product\/7190","targetHints":{"allow":["GET"]}}],"collection":[{"href":"https:\/\/jinsuncarbon.com\/fr\/wp-json\/wp\/v2\/product"}],"about":[{"href":"https:\/\/jinsuncarbon.com\/fr\/wp-json\/wp\/v2\/types\/product"}],"wp:featuredmedia":[{"embeddable":true,"href":"https:\/\/jinsuncarbon.com\/fr\/wp-json\/wp\/v2\/media\/7216"}],"wp:attachment":[{"href":"https:\/\/jinsuncarbon.com\/fr\/wp-json\/wp\/v2\/media?parent=7190"}],"wp:term":[{"taxonomy":"product_brand","embeddable":true,"href":"https:\/\/jinsuncarbon.com\/fr\/wp-json\/wp\/v2\/product_brand?post=7190"},{"taxonomy":"product_cat","embeddable":true,"href":"https:\/\/jinsuncarbon.com\/fr\/wp-json\/wp\/v2\/product_cat?post=7190"},{"taxonomy":"product_tag","embeddable":true,"href":"https:\/\/jinsuncarbon.com\/fr\/wp-json\/wp\/v2\/product_tag?post=7190"}],"curies":[{"name":"wp","href":"https:\/\/api.w.org\/{rel}","templated":true}]}}