{"id":7166,"date":"2024-12-29T15:00:58","date_gmt":"2024-12-29T15:00:58","guid":{"rendered":"https:\/\/jinsuncarbon.com\/?post_type=product&#038;p=7166"},"modified":"2026-04-13T01:35:54","modified_gmt":"2026-04-13T01:35:54","slug":"creuset-en-carbure-de-silicium-et-graphite","status":"publish","type":"product","link":"https:\/\/jinsuncarbon.com\/fr\/produit-2\/creuset-en-carbure-de-silicium-et-graphite\/","title":{"rendered":"Creuset en graphite de carbure de silicium"},"content":{"rendered":"<h2>Sp\u00e9cification du creuset en graphite de carbure de silicium<\/h2>\n<table>\n<tbody>\n<tr>\n<td width=\"29\">NON.<\/td>\n<td width=\"45\">TYPE<\/td>\n<td width=\"71\">DIAM\u00c8TRE SUP\u00c9RIEUR<\/td>\n<td width=\"85\">HAUTEUR EXT\u00c9RIEURE<\/td>\n<td width=\"73\">DIAM\u00c8TRE INT\u00c9RIEUR<\/td>\n<td width=\"95\">DIAM\u00c8TRE EXT\u00c9RIEUR DU FOND<\/td>\n<\/tr>\n<tr>\n<td width=\"29\">1<\/td>\n<td width=\"45\">D120<\/td>\n<td width=\"71\">120<\/td>\n<td width=\"85\">135<\/td>\n<td width=\"73\">96<\/td>\n<td width=\"95\">80<\/td>\n<\/tr>\n<tr>\n<td width=\"29\">2<\/td>\n<td width=\"45\">D140<\/td>\n<td width=\"71\">140<\/td>\n<td width=\"85\">155<\/td>\n<td width=\"73\">116<\/td>\n<td width=\"95\">100<\/td>\n<\/tr>\n<tr>\n<td width=\"29\">3<\/td>\n<td width=\"45\">D160<\/td>\n<td width=\"71\">160<\/td>\n<td width=\"85\">166<\/td>\n<td width=\"73\">130<\/td>\n<td width=\"95\">109<\/td>\n<\/tr>\n<tr>\n<td width=\"29\">4<\/td>\n<td width=\"45\">D230<\/td>\n<td width=\"71\">230<\/td>\n<td width=\"85\">400<\/td>\n<td width=\"73\">190<\/td>\n<td width=\"95\">225<\/td>\n<\/tr>\n<tr>\n<td width=\"29\">5<\/td>\n<td width=\"45\">D240<\/td>\n<td width=\"71\">240<\/td>\n<td width=\"85\">335<\/td>\n<td width=\"73\">200<\/td>\n<td width=\"95\">170<\/td>\n<\/tr>\n<tr>\n<td width=\"29\">6<\/td>\n<td width=\"45\">D300<\/td>\n<td width=\"71\">300<\/td>\n<td width=\"85\">600<\/td>\n<td width=\"73\">230<\/td>\n<td width=\"95\">295<\/td>\n<\/tr>\n<tr>\n<td width=\"29\">7<\/td>\n<td width=\"45\">D340<\/td>\n<td width=\"71\">340<\/td>\n<td width=\"85\">560<\/td>\n<td width=\"73\">270<\/td>\n<td width=\"95\">180<\/td>\n<\/tr>\n<tr>\n<td width=\"29\">8<\/td>\n<td width=\"45\">D510<\/td>\n<td width=\"71\">510<\/td>\n<td width=\"85\">900<\/td>\n<td width=\"73\">430<\/td>\n<td width=\"95\">280<\/td>\n<\/tr>\n<tr>\n<td width=\"29\">9<\/td>\n<td width=\"45\">D520<\/td>\n<td width=\"71\">520<\/td>\n<td width=\"85\">760<\/td>\n<td width=\"73\">440<\/td>\n<td width=\"95\">280<\/td>\n<\/tr>\n<tr>\n<td width=\"29\">10<\/td>\n<td width=\"45\">D560<\/td>\n<td width=\"71\">560<\/td>\n<td width=\"85\">665<\/td>\n<td width=\"73\">467<\/td>\n<td width=\"95\">330<\/td>\n<\/tr>\n<tr>\n<td width=\"29\">11<\/td>\n<td width=\"45\">D615<\/td>\n<td width=\"71\">615<\/td>\n<td width=\"85\">630<\/td>\n<td width=\"73\">532.5<\/td>\n<td width=\"95\">300<\/td>\n<\/tr>\n<tr>\n<td width=\"29\">12<\/td>\n<td width=\"45\">D700<\/td>\n<td width=\"71\">700<\/td>\n<td width=\"85\">520<\/td>\n<td width=\"73\">610<\/td>\n<td width=\"95\">290<\/td>\n<\/tr>\n<tr>\n<td width=\"29\">13<\/td>\n<td width=\"45\">D710<\/td>\n<td width=\"71\">710<\/td>\n<td width=\"85\">700<\/td>\n<td width=\"73\">619<\/td>\n<td width=\"95\">285<\/td>\n<\/tr>\n<tr>\n<td width=\"29\">14<\/td>\n<td width=\"45\">D770<\/td>\n<td width=\"71\">770<\/td>\n<td width=\"85\">900<\/td>\n<td width=\"73\">680<\/td>\n<td width=\"95\">310<\/td>\n<\/tr>\n<tr>\n<td width=\"29\">15<\/td>\n<td width=\"45\">D780<\/td>\n<td width=\"71\">780<\/td>\n<td width=\"85\">750<\/td>\n<td width=\"73\">695<\/td>\n<td width=\"95\">360<\/td>\n<\/tr>\n<\/tbody>\n<\/table>\n<p>&nbsp;<\/p>\n<h2>Creuset en graphite de carbure de silicium<\/h2>\n<p>1. Performance du c\u0153ur du carbure de silicium (SiC)<\/p>\n<p>Duret\u00e9 et r\u00e9sistance m\u00e9canique \u00e9lev\u00e9es : le carbure de silicium a une duret\u00e9 de Mohs de 9,5, la deuxi\u00e8me apr\u00e8s le diamant, et pr\u00e9sente une excellente r\u00e9sistance \u00e0 l'usure et aux chocs.<\/p>\n<p>Excellente conductivit\u00e9 thermique et r\u00e9sistance aux temp\u00e9ratures \u00e9lev\u00e9es : la conductivit\u00e9 thermique peut atteindre 120-200 W\/(m-K), ce qui permet de conduire rapidement et uniform\u00e9ment la chaleur. Notre creuset peut fonctionner de mani\u00e8re stable pendant une longue p\u00e9riode dans un environnement \u00e0 haute temp\u00e9rature de **1600\u00b0C \u00e0 2000\u00b0C.<\/p>\n<p>R\u00e9sistance \u00e0 l'oxydation et r\u00e9sistance chimique : le carbure de silicium forme \u00e0 haute temp\u00e9rature une couche protectrice dense de SiO2, qui emp\u00eache efficacement l'oxydation. Il convient aux conditions de travail difficiles telles que le m\u00e9tal en fusion et les scories corrosives.<\/p>\n<p>2. Caract\u00e9ristiques et fonctions du graphite<\/p>\n<p>Conductivit\u00e9 et conductivit\u00e9 thermique \u00e9lev\u00e9es : <a href=\"https:\/\/jinsuncarbon.com\/fr\/quest-ce-que-le-graphite-et-de-quoi-est-il-fait\/\">graphite<\/a> a une conductivit\u00e9 thermique \u00e9lev\u00e9e, ce qui favorise une conduction rapide de la chaleur et am\u00e9liore l'efficacit\u00e9 de la fusion.<\/p>\n<p>Bonne r\u00e9sistance aux chocs thermiques : faible coefficient de dilatation thermique, adaptation aux changements radicaux de temp\u00e9rature, r\u00e9duction du risque de fissuration.<\/p>\n<p>3. Avantage composite du carbure de silicium et du graphite<\/p>\n<p>Synergie des mat\u00e9riaux : La structure composite de carbure de silicium et de graphite pr\u00e9sente \u00e0 la fois une r\u00e9sistance et une conductivit\u00e9 thermique \u00e9lev\u00e9es.<\/p>\n<p>Dur\u00e9e de vie prolong\u00e9e : la r\u00e9sistance aux temp\u00e9ratures \u00e9lev\u00e9es, \u00e0 l'oxydation et \u00e0 l'usure prolonge consid\u00e9rablement la dur\u00e9e de vie du produit. <a href=\"https:\/\/jinsuncarbon.com\/fr\/produit-2\/grand-creuset-en-graphite\/\">creuset<\/a>.<\/p>\n<p>4. Param\u00e8tres cl\u00e9s de performance<\/p>\n<p>Coefficient de dilatation thermique : faible dilatation thermique, bonne stabilit\u00e9 thermique.<\/p>\n<p>Indice de r\u00e9sistance \u00e0 l'oxydation : maintien d'une structure stable dans des conditions de temp\u00e9rature \u00e9lev\u00e9e.<\/p>\n<p>Conductivit\u00e9 thermique et stabilit\u00e9 aux chocs thermiques : am\u00e9lioration de l'efficacit\u00e9 du processus de fusion, adaptation \u00e0 des conditions de temp\u00e9rature complexes.<\/p>\n<p><img fetchpriority=\"high\" decoding=\"async\" class=\"alignnone wp-image-8104\" src=\"https:\/\/jinsuncarbon.com\/wp-content\/uploads\/2024\/12\/Silicon-Carbide-Graphite-Crucible-1-225x300.jpg\" alt=\"Creuset en graphite de carbure de silicium\" width=\"263\" height=\"351\" srcset=\"https:\/\/jinsuncarbon.com\/wp-content\/uploads\/2024\/12\/Silicon-Carbide-Graphite-Crucible-1-225x300.jpg 225w, https:\/\/jinsuncarbon.com\/wp-content\/uploads\/2024\/12\/Silicon-Carbide-Graphite-Crucible-1-768x1024.jpg 768w, https:\/\/jinsuncarbon.com\/wp-content\/uploads\/2024\/12\/Silicon-Carbide-Graphite-Crucible-1-9x12.jpg 9w, https:\/\/jinsuncarbon.com\/wp-content\/uploads\/2024\/12\/Silicon-Carbide-Graphite-Crucible-1-600x800.jpg 600w, https:\/\/jinsuncarbon.com\/wp-content\/uploads\/2024\/12\/Silicon-Carbide-Graphite-Crucible-1.jpg 960w\" sizes=\"(max-width: 263px) 100vw, 263px\" \/> <img decoding=\"async\" class=\"alignnone wp-image-8105\" src=\"https:\/\/jinsuncarbon.com\/wp-content\/uploads\/2024\/12\/Silicon-Carbide-Graphite-Crucible-2-225x300.jpg\" alt=\"Creuset en graphite de carbure de silicium\" width=\"262\" height=\"350\" srcset=\"https:\/\/jinsuncarbon.com\/wp-content\/uploads\/2024\/12\/Silicon-Carbide-Graphite-Crucible-2-225x300.jpg 225w, https:\/\/jinsuncarbon.com\/wp-content\/uploads\/2024\/12\/Silicon-Carbide-Graphite-Crucible-2-768x1024.jpg 768w, https:\/\/jinsuncarbon.com\/wp-content\/uploads\/2024\/12\/Silicon-Carbide-Graphite-Crucible-2-1152x1536.jpg 1152w, https:\/\/jinsuncarbon.com\/wp-content\/uploads\/2024\/12\/Silicon-Carbide-Graphite-Crucible-2-9x12.jpg 9w, https:\/\/jinsuncarbon.com\/wp-content\/uploads\/2024\/12\/Silicon-Carbide-Graphite-Crucible-2-600x800.jpg 600w, https:\/\/jinsuncarbon.com\/wp-content\/uploads\/2024\/12\/Silicon-Carbide-Graphite-Crucible-2.jpg 1280w\" sizes=\"(max-width: 262px) 100vw, 262px\" \/> <img decoding=\"async\" class=\"alignnone wp-image-8106\" src=\"https:\/\/jinsuncarbon.com\/wp-content\/uploads\/2024\/12\/Silicon-Carbide-Graphite-Crucible-3-225x300.jpg\" alt=\"Creuset en graphite de carbure de silicium \" width=\"261\" height=\"348\" srcset=\"https:\/\/jinsuncarbon.com\/wp-content\/uploads\/2024\/12\/Silicon-Carbide-Graphite-Crucible-3-225x300.jpg 225w, https:\/\/jinsuncarbon.com\/wp-content\/uploads\/2024\/12\/Silicon-Carbide-Graphite-Crucible-3-768x1024.jpg 768w, https:\/\/jinsuncarbon.com\/wp-content\/uploads\/2024\/12\/Silicon-Carbide-Graphite-Crucible-3-1152x1536.jpg 1152w, https:\/\/jinsuncarbon.com\/wp-content\/uploads\/2024\/12\/Silicon-Carbide-Graphite-Crucible-3-9x12.jpg 9w, https:\/\/jinsuncarbon.com\/wp-content\/uploads\/2024\/12\/Silicon-Carbide-Graphite-Crucible-3-600x800.jpg 600w, https:\/\/jinsuncarbon.com\/wp-content\/uploads\/2024\/12\/Silicon-Carbide-Graphite-Crucible-3.jpg 1280w\" sizes=\"(max-width: 261px) 100vw, 261px\" \/><\/p>\n<h2>Utilisations du creuset en graphite de carbure de silicium<\/h2>\n<p>Industrie m\u00e9tallurgique : utilis\u00e9e dans le processus de fusion de l'aluminium, du cuivre, du magn\u00e9sium et d'autres m\u00e9taux non ferreux, avec une conductivit\u00e9 thermique \u00e9lev\u00e9e et une bonne stabilit\u00e9 structurelle.<\/p>\n<p>Industrie de la fonderie : Assurer une fabrication de pi\u00e8ces moul\u00e9es de haute pr\u00e9cision, r\u00e9duire les pertes d'\u00e9nergie lors de la fusion et am\u00e9liorer l'efficacit\u00e9 de la production.<\/p>\n<p>Industrie des semi-conducteurs : il pr\u00e9sente une grande puret\u00e9 et une grande stabilit\u00e9 de temp\u00e9rature dans la fusion et l'\u00e9tirage des cristaux de silicium monocristallin et d'aluminium. <a href=\"https:\/\/en.wikipedia.org\/wiki\/Polycrystalline_silicon#:~:text=Polycrystalline%20silicon%20(or%20semi%2Dcrystalline,a%20%22metal%20flake%20effect%22.\" target=\"_blank\" rel=\"noopener\">silicium polycristallin<\/a>.<\/p>\n<p>Importance :<\/p>\n<p>L'application du creuset en carbure de silicium graphite am\u00e9liore l'efficacit\u00e9 de la production industrielle, r\u00e9duit les co\u00fbts de production, favorise l'innovation technologique et le d\u00e9veloppement industriel, et joue un r\u00f4le irrempla\u00e7able dans la pr\u00e9paration des mat\u00e9riaux \u00e0 haute temp\u00e9rature et dans l'industrie des nouvelles \u00e9nergies.<\/p>\n<p><strong>Avantages des fonderies de m\u00e9taux<\/strong><\/p>\n<p>Stabilit\u00e9 \u00e0 haute temp\u00e9rature et excellente conductivit\u00e9 thermique : conduction efficace et uniforme de la chaleur, stabilit\u00e9 dans un environnement \u00e0 haute temp\u00e9rature.<\/p>\n<p>Longue dur\u00e9e de vie, \u00e9conomie \u00e9lev\u00e9e : r\u00e9duction des co\u00fbts de maintenance, am\u00e9lioration des avantages \u00e9conomiques globaux.<\/p>\n<p>R\u00e9sistance \u00e0 l'oxydation, r\u00e9sistance \u00e0 la corrosion et r\u00e9sistance m\u00e9canique \u00e9lev\u00e9e : adapt\u00e9es aux conditions de travail difficiles, elles prolongent la dur\u00e9e de vie du creuset.<\/p>\n<h2>Proc\u00e9d\u00e9 de pr\u00e9paration de creusets en carbure de silicium et graphite<\/h2>\n<p>S\u00e9lection et manipulation des mati\u00e8res premi\u00e8res<\/p>\n<p>Poudre de carbure de silicium de haute puret\u00e9 et naturel\/<a href=\"https:\/\/jinsuncarbon.com\/fr\/graphite-synthetique\/\">graphite artificiel<\/a> sont s\u00e9lectionn\u00e9s.<\/p>\n<p>Contr\u00f4ler la distribution de la taille des particules et le rapport des mat\u00e9riaux pour optimiser les param\u00e8tres de performance.<\/p>\n<p>Processus de formation<\/p>\n<p>Moulage par pression isostatique : assure une densit\u00e9 uniforme du creuset et une grande pr\u00e9cision de moulage.<\/p>\n<p>Moulage : adapt\u00e9 \u00e0 la production \u00e0 grande \u00e9chelle, faible co\u00fbt du processus.<\/p>\n<p>Processus de frittage et de densification<\/p>\n<p>Frittage sous atmosph\u00e8re et frittage par r\u00e9action : augmentation de la densit\u00e9 et de la r\u00e9sistance structurelle du creuset.<\/p>\n<p>Pressage isostatique \u00e0 chaud (HIP) : optimisation des propri\u00e9t\u00e9s m\u00e9caniques et de la d\u00e9naturation.<\/p>\n<p>Technologie de rev\u00eatement r\u00e9sistant \u00e0 l'oxydation de la surface<\/p>\n<p>Les mat\u00e9riaux de rev\u00eatement tels que l'oxyde de silicium (SiO2) sont s\u00e9lectionn\u00e9s pour former une couche protectrice.<\/p>\n<p>Am\u00e9liorer la r\u00e9sistance \u00e0 l'oxydation et la dur\u00e9e de vie du creuset.<\/p>\n<p>Contr\u00f4le de la qualit\u00e9 et tests de performance<\/p>\n<p>La r\u00e9sistance m\u00e9canique, la conductivit\u00e9 thermique et la r\u00e9sistance \u00e0 l'oxydation ont \u00e9t\u00e9 test\u00e9es.<\/p>\n<p>La dur\u00e9e de vie et la r\u00e9sistance aux chocs thermiques sont test\u00e9es en simulant les conditions de travail r\u00e9elles.<\/p>","protected":false},"excerpt":{"rendered":"<p>Le creuset en graphite de carbure de silicium est une combinaison de creuset en graphite et en carbure de silicium, principalement utilis\u00e9 pour la fonte et le moulage des m\u00e9taux non ferreux. Il est utilis\u00e9 pour les fours \u00e0 induction et les fours \u00e0 gaz. Les sp\u00e9cifications du creuset en graphite de carbure de silicium :<\/p>\n<ul>\n<li class=\"ql-align-justify\">Contenu de la sic :\u00a0<strong>\u2265\u00a0<\/strong>48%<\/li>\n<li>R\u00e9fractarit\u00e9 : 1650 \u00b0C<\/li>\n<li class=\"ql-align-justify\">Teneur en carbone :\u00a0<strong>\u2265<\/strong>\u00a030-45%<\/li>\n<li class=\"ql-align-justify\">Porosit\u00e9 ouverte :\u00a0<strong>\u2264<\/strong>18-25%<\/li>\n<li class=\"ql-align-justify\">Densit\u00e9 en vrac :\u00a0<strong>\u2265<\/strong>1,9-2,1g\/cm<sup>3<\/sup><\/li>\n<\/ul>","protected":false},"featured_media":7167,"template":"","meta":[],"product_brand":[],"product_cat":[38],"product_tag":[],"class_list":{"0":"post-7166","1":"product","2":"type-product","3":"status-publish","4":"has-post-thumbnail","6":"product_cat-graphite-products","8":"first","9":"instock","10":"shipping-taxable","11":"product-type-simple"},"yoast_head":"<!-- This site is optimized with the Yoast SEO Premium plugin v19.2.1 (Yoast SEO v25.3) - https:\/\/yoast.com\/wordpress\/plugins\/seo\/ -->\n<title>Silicon Carbide Graphite Crucible Manufacturer- Best Price<\/title>\n<meta name=\"description\" content=\"Silicon carbide crucibles for sale, they are used for metal smelting and casting, and can melt aluminum, copper and other non-metals.\" \/>\n<meta name=\"robots\" content=\"index, follow, max-snippet:-1, max-image-preview:large, max-video-preview:-1\" \/>\n<link rel=\"canonical\" href=\"https:\/\/jinsuncarbon.com\/fr\/produit-2\/creuset-en-carbure-de-silicium-et-graphite\/\" \/>\n<meta property=\"og:locale\" content=\"fr_FR\" \/>\n<meta property=\"og:type\" content=\"article\" \/>\n<meta property=\"og:title\" content=\"Silicon Carbide Graphite Crucible\" \/>\n<meta property=\"og:description\" content=\"Silicon carbide crucibles for sale, they are used for metal smelting and casting, and can melt aluminum, copper and other non-metals.\" \/>\n<meta property=\"og:url\" content=\"https:\/\/jinsuncarbon.com\/fr\/produit-2\/creuset-en-carbure-de-silicium-et-graphite\/\" \/>\n<meta property=\"og:site_name\" content=\"Jinsun Carbon\" \/>\n<meta property=\"article:publisher\" content=\"https:\/\/www.facebook.com\/Graphite-Electrode-109336238661595\" \/>\n<meta property=\"article:modified_time\" content=\"2026-04-13T01:35:54+00:00\" \/>\n<meta property=\"og:image\" content=\"https:\/\/jinsuncarbon.com\/wp-content\/uploads\/2024\/12\/silicon-carbide-graphite-crucible.jpg\" \/>\n\t<meta property=\"og:image:width\" content=\"1024\" \/>\n\t<meta property=\"og:image:height\" content=\"763\" \/>\n\t<meta property=\"og:image:type\" content=\"image\/jpeg\" \/>\n<meta name=\"twitter:card\" content=\"summary_large_image\" \/>\n<meta name=\"twitter:site\" content=\"@jinsuncarbon_\" \/>\n<meta name=\"twitter:label1\" content=\"Dur\u00e9e de lecture estim\u00e9e\" \/>\n\t<meta name=\"twitter:data1\" content=\"4 minutes\" \/>\n<script type=\"application\/ld+json\" class=\"yoast-schema-graph\">{\"@context\":\"https:\/\/schema.org\",\"@graph\":[{\"@type\":\"WebPage\",\"@id\":\"https:\/\/jinsuncarbon.com\/product\/silicon-carbide-graphite-crucible\/\",\"url\":\"https:\/\/jinsuncarbon.com\/product\/silicon-carbide-graphite-crucible\/\",\"name\":\"Silicon Carbide Graphite Crucible Manufacturer- Best Price\",\"isPartOf\":{\"@id\":\"https:\/\/jinsuncarbon.com\/#website\"},\"primaryImageOfPage\":{\"@id\":\"https:\/\/jinsuncarbon.com\/product\/silicon-carbide-graphite-crucible\/#primaryimage\"},\"image\":{\"@id\":\"https:\/\/jinsuncarbon.com\/product\/silicon-carbide-graphite-crucible\/#primaryimage\"},\"thumbnailUrl\":\"https:\/\/jinsuncarbon.com\/wp-content\/uploads\/2024\/12\/silicon-carbide-graphite-crucible.jpg\",\"datePublished\":\"2024-12-29T15:00:58+00:00\",\"dateModified\":\"2026-04-13T01:35:54+00:00\",\"description\":\"Silicon carbide crucibles for sale, they are used for metal smelting and casting, and can melt aluminum, copper and other non-metals.\",\"breadcrumb\":{\"@id\":\"https:\/\/jinsuncarbon.com\/product\/silicon-carbide-graphite-crucible\/#breadcrumb\"},\"inLanguage\":\"fr-FR\",\"potentialAction\":[{\"@type\":\"ReadAction\",\"target\":[\"https:\/\/jinsuncarbon.com\/product\/silicon-carbide-graphite-crucible\/\"]}]},{\"@type\":\"ImageObject\",\"inLanguage\":\"fr-FR\",\"@id\":\"https:\/\/jinsuncarbon.com\/product\/silicon-carbide-graphite-crucible\/#primaryimage\",\"url\":\"https:\/\/jinsuncarbon.com\/wp-content\/uploads\/2024\/12\/silicon-carbide-graphite-crucible.jpg\",\"contentUrl\":\"https:\/\/jinsuncarbon.com\/wp-content\/uploads\/2024\/12\/silicon-carbide-graphite-crucible.jpg\",\"width\":1024,\"height\":763,\"caption\":\"silicon carbide graphite crucible\"},{\"@type\":\"BreadcrumbList\",\"@id\":\"https:\/\/jinsuncarbon.com\/product\/silicon-carbide-graphite-crucible\/#breadcrumb\",\"itemListElement\":[{\"@type\":\"ListItem\",\"position\":1,\"name\":\"Home\",\"item\":\"https:\/\/jinsuncarbon.com\/\"},{\"@type\":\"ListItem\",\"position\":2,\"name\":\"Products\",\"item\":\"https:\/\/jinsuncarbon.com\/graphite-carbon\/\"},{\"@type\":\"ListItem\",\"position\":3,\"name\":\"Silicon Carbide Graphite Crucible\"}]},{\"@type\":\"WebSite\",\"@id\":\"https:\/\/jinsuncarbon.com\/#website\",\"url\":\"https:\/\/jinsuncarbon.com\/\",\"name\":\"Jinsun Carbon\",\"description\":\"We are the successful graphite electrode manufacturer in China\",\"publisher\":{\"@id\":\"https:\/\/jinsuncarbon.com\/#organization\"},\"potentialAction\":[{\"@type\":\"SearchAction\",\"target\":{\"@type\":\"EntryPoint\",\"urlTemplate\":\"https:\/\/jinsuncarbon.com\/?s={search_term_string}\"},\"query-input\":{\"@type\":\"PropertyValueSpecification\",\"valueRequired\":true,\"valueName\":\"search_term_string\"}}],\"inLanguage\":\"fr-FR\"},{\"@type\":\"Organization\",\"@id\":\"https:\/\/jinsuncarbon.com\/#organization\",\"name\":\"Jinsun Carbon\",\"alternateName\":\"Jinsun Carbon\",\"url\":\"https:\/\/jinsuncarbon.com\/\",\"logo\":{\"@type\":\"ImageObject\",\"inLanguage\":\"fr-FR\",\"@id\":\"https:\/\/jinsuncarbon.com\/#\/schema\/logo\/image\/\",\"url\":\"https:\/\/jinsuncarbon.com\/wp-content\/uploads\/2022\/12\/LOGO-1.png\",\"contentUrl\":\"https:\/\/jinsuncarbon.com\/wp-content\/uploads\/2022\/12\/LOGO-1.png\",\"width\":207,\"height\":80,\"caption\":\"Jinsun Carbon\"},\"image\":{\"@id\":\"https:\/\/jinsuncarbon.com\/#\/schema\/logo\/image\/\"},\"sameAs\":[\"https:\/\/www.facebook.com\/Graphite-Electrode-109336238661595\",\"https:\/\/x.com\/jinsuncarbon_\",\"https:\/\/www.linkedin.com\/in\/jinsungraphite\",\"https:\/\/www.youtube.com\/channel\/UCysDNyvyR5-3cCWEmpkVC0g\"]}]}<\/script>\n<!-- \/ Yoast SEO Premium plugin. -->","yoast_head_json":{"title":"Creuset de graphite en carbure de silicium - Meilleur prix","description":"Silicon carbide crucibles for sale, they are used for metal smelting and casting, and can melt aluminum, copper and other non-metals.","robots":{"index":"index","follow":"follow","max-snippet":"max-snippet:-1","max-image-preview":"max-image-preview:large","max-video-preview":"max-video-preview:-1"},"canonical":"https:\/\/jinsuncarbon.com\/fr\/produit-2\/creuset-en-carbure-de-silicium-et-graphite\/","og_locale":"fr_FR","og_type":"article","og_title":"Silicon Carbide Graphite Crucible","og_description":"Silicon carbide crucibles for sale, they are used for metal smelting and casting, and can melt aluminum, copper and other non-metals.","og_url":"https:\/\/jinsuncarbon.com\/fr\/produit-2\/creuset-en-carbure-de-silicium-et-graphite\/","og_site_name":"Jinsun Carbon","article_publisher":"https:\/\/www.facebook.com\/Graphite-Electrode-109336238661595","article_modified_time":"2026-04-13T01:35:54+00:00","og_image":[{"width":1024,"height":763,"url":"https:\/\/jinsuncarbon.com\/wp-content\/uploads\/2024\/12\/silicon-carbide-graphite-crucible.jpg","type":"image\/jpeg"}],"twitter_card":"summary_large_image","twitter_site":"@jinsuncarbon_","twitter_misc":{"Dur\u00e9e de lecture estim\u00e9e":"4 minutes"},"schema":{"@context":"https:\/\/schema.org","@graph":[{"@type":"WebPage","@id":"https:\/\/jinsuncarbon.com\/product\/silicon-carbide-graphite-crucible\/","url":"https:\/\/jinsuncarbon.com\/product\/silicon-carbide-graphite-crucible\/","name":"Creuset de graphite en carbure de silicium - Meilleur prix","isPartOf":{"@id":"https:\/\/jinsuncarbon.com\/#website"},"primaryImageOfPage":{"@id":"https:\/\/jinsuncarbon.com\/product\/silicon-carbide-graphite-crucible\/#primaryimage"},"image":{"@id":"https:\/\/jinsuncarbon.com\/product\/silicon-carbide-graphite-crucible\/#primaryimage"},"thumbnailUrl":"https:\/\/jinsuncarbon.com\/wp-content\/uploads\/2024\/12\/silicon-carbide-graphite-crucible.jpg","datePublished":"2024-12-29T15:00:58+00:00","dateModified":"2026-04-13T01:35:54+00:00","description":"Silicon carbide crucibles for sale, they are used for metal smelting and casting, and can melt aluminum, copper and other non-metals.","breadcrumb":{"@id":"https:\/\/jinsuncarbon.com\/product\/silicon-carbide-graphite-crucible\/#breadcrumb"},"inLanguage":"fr-FR","potentialAction":[{"@type":"ReadAction","target":["https:\/\/jinsuncarbon.com\/product\/silicon-carbide-graphite-crucible\/"]}]},{"@type":"ImageObject","inLanguage":"fr-FR","@id":"https:\/\/jinsuncarbon.com\/product\/silicon-carbide-graphite-crucible\/#primaryimage","url":"https:\/\/jinsuncarbon.com\/wp-content\/uploads\/2024\/12\/silicon-carbide-graphite-crucible.jpg","contentUrl":"https:\/\/jinsuncarbon.com\/wp-content\/uploads\/2024\/12\/silicon-carbide-graphite-crucible.jpg","width":1024,"height":763,"caption":"silicon carbide graphite crucible"},{"@type":"BreadcrumbList","@id":"https:\/\/jinsuncarbon.com\/product\/silicon-carbide-graphite-crucible\/#breadcrumb","itemListElement":[{"@type":"ListItem","position":1,"name":"Home","item":"https:\/\/jinsuncarbon.com\/"},{"@type":"ListItem","position":2,"name":"Products","item":"https:\/\/jinsuncarbon.com\/graphite-carbon\/"},{"@type":"ListItem","position":3,"name":"Silicon Carbide Graphite Crucible"}]},{"@type":"WebSite","@id":"https:\/\/jinsuncarbon.com\/#website","url":"https:\/\/jinsuncarbon.com\/","name":"Jinsun Carbon","description":"Nous sommes le fabricant d'\u00e9lectrodes en graphite le plus performant de Chine.","publisher":{"@id":"https:\/\/jinsuncarbon.com\/#organization"},"potentialAction":[{"@type":"SearchAction","target":{"@type":"EntryPoint","urlTemplate":"https:\/\/jinsuncarbon.com\/?s={search_term_string}"},"query-input":{"@type":"PropertyValueSpecification","valueRequired":true,"valueName":"search_term_string"}}],"inLanguage":"fr-FR"},{"@type":"Organization","@id":"https:\/\/jinsuncarbon.com\/#organization","name":"Jinsun Carbon","alternateName":"Jinsun Carbon","url":"https:\/\/jinsuncarbon.com\/","logo":{"@type":"ImageObject","inLanguage":"fr-FR","@id":"https:\/\/jinsuncarbon.com\/#\/schema\/logo\/image\/","url":"https:\/\/jinsuncarbon.com\/wp-content\/uploads\/2022\/12\/LOGO-1.png","contentUrl":"https:\/\/jinsuncarbon.com\/wp-content\/uploads\/2022\/12\/LOGO-1.png","width":207,"height":80,"caption":"Jinsun Carbon"},"image":{"@id":"https:\/\/jinsuncarbon.com\/#\/schema\/logo\/image\/"},"sameAs":["https:\/\/www.facebook.com\/Graphite-Electrode-109336238661595","https:\/\/x.com\/jinsuncarbon_","https:\/\/www.linkedin.com\/in\/jinsungraphite","https:\/\/www.youtube.com\/channel\/UCysDNyvyR5-3cCWEmpkVC0g"]}]}},"_links":{"self":[{"href":"https:\/\/jinsuncarbon.com\/fr\/wp-json\/wp\/v2\/product\/7166","targetHints":{"allow":["GET"]}}],"collection":[{"href":"https:\/\/jinsuncarbon.com\/fr\/wp-json\/wp\/v2\/product"}],"about":[{"href":"https:\/\/jinsuncarbon.com\/fr\/wp-json\/wp\/v2\/types\/product"}],"wp:featuredmedia":[{"embeddable":true,"href":"https:\/\/jinsuncarbon.com\/fr\/wp-json\/wp\/v2\/media\/7167"}],"wp:attachment":[{"href":"https:\/\/jinsuncarbon.com\/fr\/wp-json\/wp\/v2\/media?parent=7166"}],"wp:term":[{"taxonomy":"product_brand","embeddable":true,"href":"https:\/\/jinsuncarbon.com\/fr\/wp-json\/wp\/v2\/product_brand?post=7166"},{"taxonomy":"product_cat","embeddable":true,"href":"https:\/\/jinsuncarbon.com\/fr\/wp-json\/wp\/v2\/product_cat?post=7166"},{"taxonomy":"product_tag","embeddable":true,"href":"https:\/\/jinsuncarbon.com\/fr\/wp-json\/wp\/v2\/product_tag?post=7166"}],"curies":[{"name":"wp","href":"https:\/\/api.w.org\/{rel}","templated":true}]}}