{"id":7140,"date":"2024-12-28T00:44:38","date_gmt":"2024-12-28T00:44:38","guid":{"rendered":"https:\/\/jinsuncarbon.com\/?post_type=product&#038;p=7140"},"modified":"2024-12-28T00:44:39","modified_gmt":"2024-12-28T00:44:39","slug":"feuille-de-graphite-pyrolytique","status":"publish","type":"product","link":"https:\/\/jinsuncarbon.com\/fr\/produit-2\/feuille-de-graphite-pyrolytique\/","title":{"rendered":"Feuilles de graphite pyrolytique"},"content":{"rendered":"<p><strong>Propri\u00e9t\u00e9s des feuilles de graphite pyrolytique<\/strong><\/p>\n<p class=\"ql-align-justify\">Les feuilles de graphite pyrolytique se pr\u00e9sentent g\u00e9n\u00e9ralement sous la forme de paillettes, de disques ou de rouleaux. Ses avantages sont \u00e9vidents.<\/p>\n<p class=\"ql-align-justify\"><strong>Excellente stabilit\u00e9 thermique<\/strong><\/p>\n<p class=\"ql-align-justify\">Il peut \u00eatre stable dans une large gamme de temp\u00e9ratures allant de -200 \u00b0C \u00e0 environ 1500 \u00b0C.<\/p>\n<p class=\"ql-align-justify\"><strong>Surface lisse et haute r\u00e9flectivit\u00e9<\/strong><\/p>\n<p class=\"ql-align-justify\">C'est un excellent mat\u00e9riau d'isolation thermique.<\/p>\n<p class=\"ql-align-justify\"><strong>Faible coefficient de frottement<\/strong><\/p>\n<p class=\"ql-align-justify\">Vous pouvez l'utiliser comme feuille autolubrifiante ; facile \u00e0 traiter, \u00e0 fa\u00e7onner ou \u00e0 couper ; grande durabilit\u00e9.<\/p>\n<p class=\"ql-align-justify\"><strong>Bonne conductivit\u00e9 thermique<\/strong><\/p>\n<p class=\"ql-align-justify\">Il est capable de conduire la chaleur rapidement, ce qui est essentiel dans de nombreuses applications de gestion thermique.<\/p>\n<p class=\"ql-align-justify\"><strong>Bonne conductivit\u00e9 \u00e9lectrique<\/strong><\/p>\n<p class=\"ql-align-justify\">Cela en fait une application potentielle dans les domaines de l'\u00e9lectronique et de l'\u00e9lectricit\u00e9. Comme dans certaines pi\u00e8ces qui n\u00e9cessitent une conductivit\u00e9 \u00e9lectrique et thermique.<\/p>\n<p>&nbsp;<\/p>\n<h3 class=\"ql-align-justify\">Types de feuilles de graphite pyrolytique<\/h3>\n<p class=\"ql-align-justify\"><strong>Feuilles de graphite pyrolytique en paillettes :<\/strong><\/p>\n<p class=\"ql-align-justify\">Il s'agit de la forme la plus courante, la forme est r\u00e9guli\u00e8re, facile \u00e0 couper et \u00e0 traiter. Elle convient \u00e0 la production de dissipateurs thermiques en graphite pyrolytique pour petits \u00e9quipements \u00e9lectroniques ou de petits joints d'\u00e9tanch\u00e9it\u00e9. Vous pouvez le couper directement en fonction des exigences de taille sp\u00e9cifiques, pour r\u00e9pondre aux besoins de forme et de taille sp\u00e9cifiques.<\/p>\n<p class=\"ql-align-justify\"><strong>Feuille de graphite pyrolytique en forme de disque :<\/strong><\/p>\n<p class=\"ql-align-justify\">Cette forme convient \u00e0 certaines applications n\u00e9cessitant des enroulements ou des bobines. Le disque de graphite pyrolytique peut \u00eatre facilement enroul\u00e9. Ses propri\u00e9t\u00e9s thermiques et isolantes permettent d'assurer un fonctionnement stable de la bobine.<\/p>\n<p class=\"ql-align-justify\"><strong>Feuilles de graphite pyrolytique lamin\u00e9es :<\/strong><\/p>\n<p class=\"ql-align-justify\">Elles sont faciles \u00e0 stocker et \u00e0 transporter et conviennent \u00e0 une utilisation \u00e0 grande \u00e9chelle. Dans la production industrielle, si un grand nombre de feuilles de graphite pyrolytique sont n\u00e9cessaires, vous pouvez utiliser efficacement les feuilles de graphite pyrolytique lamin\u00e9es pour les convertir en produit final par des m\u00e9thodes de traitement en continu.<\/p>\n<p class=\"ql-align-justify\">Le prix des paillettes de graphite pyrolytique varie en fonction de facteurs tels que la puret\u00e9, la forme, la taille et l'offre et la demande du march\u00e9. Le co\u00fbt des feuilles de graphite pyrolytique pur ordinaire est relativement faible. Le prix est relativement proche de la population. Les feuilles de graphite pyrolytique de haute puret\u00e9 sont relativement ch\u00e8res en raison de leur puret\u00e9 \u00e9lev\u00e9e et des exigences particuli\u00e8res de leur application.<\/p>\n<h2 class=\"ql-align-justify\">Utilisations des feuilles de graphite pyrolytique<\/h2>\n<p class=\"ql-align-justify\"><strong>Domaine \u00e9lectronique et \u00e9lectrique<\/strong><\/p>\n<p class=\"ql-align-justify\">Feuilles de graphite pyrolytique pour la dissipation de la chaleur. Les \u00e9quipements \u00e9lectroniques g\u00e9n\u00e8rent beaucoup de chaleur pendant leur fonctionnement, et les feuilles de graphite pyrolytique conduisent rapidement la chaleur gr\u00e2ce \u00e0 leur conductivit\u00e9 thermique \u00e9lev\u00e9e. Cela permet de r\u00e9duire efficacement la temp\u00e9rature de l'\u00e9quipement et d'am\u00e9liorer les performances et la stabilit\u00e9.<\/p>\n<p class=\"ql-align-justify\"><strong>Champ \u00e9nerg\u00e9tique<\/strong><\/p>\n<p class=\"ql-align-justify\"><strong>Piles \u00e0 combustible :<\/strong><\/p>\n<p class=\"ql-align-justify\">Elles servent \u00e9galement de support aux \u00e9lectrodes \u00e0 membrane.<\/p>\n<p class=\"ql-align-justify\"><strong>Cellules solaires :<\/strong><\/p>\n<p class=\"ql-align-justify\">Vous pouvez utiliser les feuilles de graphite pyrolytique pour <a href=\"https:\/\/en.wikipedia.org\/wiki\/Solar_cell\" target=\"_blank\" rel=\"noopener\">cellule solaire<\/a> \u00e9lectrodes ou capteurs liquides. Leur bonne conductivit\u00e9 \u00e9lectrique et leur stabilit\u00e9 chimique contribuent \u00e0 am\u00e9liorer l'efficacit\u00e9 de la conversion photo\u00e9lectrique et la stabilit\u00e9 des cellules solaires.<\/p>\n<p class=\"ql-align-justify\"><strong>Industrie m\u00e9canique<\/strong><\/p>\n<p class=\"ql-align-justify\"><strong>Mat\u00e9riau d'\u00e9tanch\u00e9it\u00e9 :<\/strong><\/p>\n<p class=\"ql-align-justify\">La feuille de graphite pyrolytique pr\u00e9sente une excellente flexibilit\u00e9, une r\u00e9sistance \u00e0 la corrosion et une stabilit\u00e9 \u00e0 haute temp\u00e9rature. C'est le mat\u00e9riau id\u00e9al pour la fabrication de joints m\u00e9caniques, <a href=\"https:\/\/jinsuncarbon.com\/fr\/produit-2\/joint-en-graphite\/\">joint<\/a>s. Il peut \u00eatre largement utilis\u00e9 dans l'industrie pour l'\u00e9tanch\u00e9it\u00e9 des tuyaux, des pompes, des vannes et d'autres \u00e9quipements, afin d'\u00e9viter les fuites de liquides et de gaz.<\/p>\n<p class=\"ql-align-justify\"><strong>Mati\u00e8re lubrifiante :<\/strong><\/p>\n<p class=\"ql-align-justify\">En raison de la structure lamellaire des <a href=\"https:\/\/jinsuncarbon.com\/fr\/graphite-pyrolytique\/\">graphite pyrolytique<\/a>Le coefficient de frottement est faible. Il peut \u00eatre utilis\u00e9 comme lubrifiant solide pour lubrifier les pi\u00e8ces m\u00e9caniques, r\u00e9duire le frottement et l'usure et am\u00e9liorer l'efficacit\u00e9 m\u00e9canique.<\/p>\n<p class=\"ql-align-justify\"><strong>Industrie chimique<\/strong><\/p>\n<p class=\"ql-align-justify\"><strong>Rev\u00eatement anticorrosion :<\/strong><\/p>\n<p class=\"ql-align-justify\">Les feuilles de graphite pyrolytique peuvent \u00eatre utilis\u00e9es comme mat\u00e9riaux de rev\u00eatement pour les conteneurs de produits chimiques, <a href=\"https:\/\/en.wikipedia.org\/wiki\/Nuclear_reactor\" target=\"_blank\" rel=\"noopener\">r\u00e9acteurs<\/a>etc. Il peut emp\u00eacher les fluides corrosifs contenus dans les conteneurs de corroder les \u00e9quipements et prolonger la dur\u00e9e de vie de ces derniers.<\/p>\n<p class=\"ql-align-justify\"><strong>\u00c9lectrode de cellule \u00e9lectrolytique :<\/strong><\/p>\n<p class=\"ql-align-justify\">La feuille de graphite pyrolytique dans le processus \u00e9lectrolytique peut r\u00e9sister \u00e0 des temp\u00e9ratures \u00e9lev\u00e9es, \u00e0 des acides et alcalins forts et \u00e0 d'autres environnements difficiles. Am\u00e9liorer l'efficacit\u00e9 de l'\u00e9lectrolyse et la qualit\u00e9 du produit.<\/p>","protected":false},"excerpt":{"rendered":"<p class=\"ql-align-justify\"><span data-type=\"2\" data-index=\"3\" data-gid=\"1\">Les feuilles de graphite pyrolytique sont des feuilles minces fabriqu\u00e9es \u00e0 partir de carbone pyrolytique.<\/span>\u00a0Il s'agit d'un mat\u00e9riau graphite avec une structure cristalline hautement orient\u00e9e, form\u00e9 dans des conditions sp\u00e9cifiques par la d\u00e9composition de compos\u00e9s organiques \u00e0 des temp\u00e9ratures \u00e9lev\u00e9es.<\/p>\n<p class=\"ql-align-justify\">Gr\u00e2ce \u00e0 ses propri\u00e9t\u00e9s thermiques, \u00e9lectriques, chimiques et de frottement uniques, il pr\u00e9sente d'excellentes performances dans une large gamme d'applications industrielles modernes. Il s'agit d'un mat\u00e9riau tr\u00e8s performant et durable qui peut r\u00e9pondre \u00e0 un large \u00e9ventail de besoins dynamiques.<\/p>","protected":false},"featured_media":7145,"template":"","meta":[],"product_brand":[],"product_cat":[38],"product_tag":[],"class_list":{"0":"post-7140","1":"product","2":"type-product","3":"status-publish","4":"has-post-thumbnail","6":"product_cat-graphite-products","8":"first","9":"instock","10":"shipping-taxable","11":"product-type-simple"},"yoast_head":"<!-- This site is optimized with the Yoast SEO Premium plugin v19.2.1 (Yoast SEO v25.3) - https:\/\/yoast.com\/wordpress\/plugins\/seo\/ -->\n<title>Pyrolytic Graphite Sheet Manufacturer - Best Price | Jinsun Carbon<\/title>\n<meta name=\"description\" content=\"Pyrolytic Graphite Sheet for sale with high conductivity, high strength and high wear resistance as heat dissipation material. Pyrolytic Graphite Sheet at the best price.\" \/>\n<meta name=\"robots\" content=\"index, follow, max-snippet:-1, max-image-preview:large, max-video-preview:-1\" \/>\n<link rel=\"canonical\" href=\"https:\/\/jinsuncarbon.com\/fr\/produit-2\/feuille-de-graphite-pyrolytique\/\" \/>\n<meta property=\"og:locale\" content=\"fr_FR\" \/>\n<meta property=\"og:type\" content=\"article\" \/>\n<meta property=\"og:title\" content=\"Pyrolytic Graphite Sheet\" \/>\n<meta property=\"og:description\" content=\"Pyrolytic Graphite Sheet for sale with high conductivity, high strength and high wear resistance as heat dissipation material. Pyrolytic Graphite Sheet at the best price.\" \/>\n<meta property=\"og:url\" content=\"https:\/\/jinsuncarbon.com\/fr\/produit-2\/feuille-de-graphite-pyrolytique\/\" \/>\n<meta property=\"og:site_name\" content=\"Jinsun Carbon\" \/>\n<meta property=\"article:publisher\" content=\"https:\/\/www.facebook.com\/Graphite-Electrode-109336238661595\" \/>\n<meta property=\"article:modified_time\" content=\"2024-12-28T00:44:39+00:00\" \/>\n<meta property=\"og:image\" content=\"https:\/\/jinsuncarbon.com\/wp-content\/uploads\/2024\/12\/pyrolytic-graphite-sheets.jpg\" \/>\n\t<meta property=\"og:image:width\" content=\"1024\" \/>\n\t<meta property=\"og:image:height\" content=\"763\" \/>\n\t<meta property=\"og:image:type\" content=\"image\/jpeg\" \/>\n<meta name=\"twitter:card\" content=\"summary_large_image\" \/>\n<meta name=\"twitter:site\" content=\"@jinsuncarbon_\" \/>\n<meta name=\"twitter:label1\" content=\"Dur\u00e9e de lecture estim\u00e9e\" \/>\n\t<meta name=\"twitter:data1\" content=\"3 minutes\" \/>\n<script type=\"application\/ld+json\" class=\"yoast-schema-graph\">{\"@context\":\"https:\/\/schema.org\",\"@graph\":[{\"@type\":\"WebPage\",\"@id\":\"https:\/\/jinsuncarbon.com\/product\/pyrolytic-graphite-sheet\/\",\"url\":\"https:\/\/jinsuncarbon.com\/product\/pyrolytic-graphite-sheet\/\",\"name\":\"Pyrolytic Graphite Sheet Manufacturer - Best Price | Jinsun Carbon\",\"isPartOf\":{\"@id\":\"https:\/\/jinsuncarbon.com\/#website\"},\"primaryImageOfPage\":{\"@id\":\"https:\/\/jinsuncarbon.com\/product\/pyrolytic-graphite-sheet\/#primaryimage\"},\"image\":{\"@id\":\"https:\/\/jinsuncarbon.com\/product\/pyrolytic-graphite-sheet\/#primaryimage\"},\"thumbnailUrl\":\"https:\/\/jinsuncarbon.com\/wp-content\/uploads\/2024\/12\/pyrolytic-graphite-sheets.jpg\",\"datePublished\":\"2024-12-28T00:44:38+00:00\",\"dateModified\":\"2024-12-28T00:44:39+00:00\",\"description\":\"Pyrolytic Graphite Sheet for sale with high conductivity, high strength and high wear resistance as heat dissipation material. Pyrolytic Graphite Sheet at the best price.\",\"breadcrumb\":{\"@id\":\"https:\/\/jinsuncarbon.com\/product\/pyrolytic-graphite-sheet\/#breadcrumb\"},\"inLanguage\":\"fr-FR\",\"potentialAction\":[{\"@type\":\"ReadAction\",\"target\":[\"https:\/\/jinsuncarbon.com\/product\/pyrolytic-graphite-sheet\/\"]}]},{\"@type\":\"ImageObject\",\"inLanguage\":\"fr-FR\",\"@id\":\"https:\/\/jinsuncarbon.com\/product\/pyrolytic-graphite-sheet\/#primaryimage\",\"url\":\"https:\/\/jinsuncarbon.com\/wp-content\/uploads\/2024\/12\/pyrolytic-graphite-sheets.jpg\",\"contentUrl\":\"https:\/\/jinsuncarbon.com\/wp-content\/uploads\/2024\/12\/pyrolytic-graphite-sheets.jpg\",\"width\":1024,\"height\":763,\"caption\":\"Pyrolytic graphite sheet\"},{\"@type\":\"BreadcrumbList\",\"@id\":\"https:\/\/jinsuncarbon.com\/product\/pyrolytic-graphite-sheet\/#breadcrumb\",\"itemListElement\":[{\"@type\":\"ListItem\",\"position\":1,\"name\":\"Home\",\"item\":\"https:\/\/jinsuncarbon.com\/\"},{\"@type\":\"ListItem\",\"position\":2,\"name\":\"Products\",\"item\":\"https:\/\/jinsuncarbon.com\/graphite-carbon\/\"},{\"@type\":\"ListItem\",\"position\":3,\"name\":\"Pyrolytic Graphite Sheet\"}]},{\"@type\":\"WebSite\",\"@id\":\"https:\/\/jinsuncarbon.com\/#website\",\"url\":\"https:\/\/jinsuncarbon.com\/\",\"name\":\"Jinsun Carbon\",\"description\":\"We are the successful graphite electrode manufacturer in China\",\"publisher\":{\"@id\":\"https:\/\/jinsuncarbon.com\/#organization\"},\"potentialAction\":[{\"@type\":\"SearchAction\",\"target\":{\"@type\":\"EntryPoint\",\"urlTemplate\":\"https:\/\/jinsuncarbon.com\/?s={search_term_string}\"},\"query-input\":{\"@type\":\"PropertyValueSpecification\",\"valueRequired\":true,\"valueName\":\"search_term_string\"}}],\"inLanguage\":\"fr-FR\"},{\"@type\":\"Organization\",\"@id\":\"https:\/\/jinsuncarbon.com\/#organization\",\"name\":\"Jinsun Carbon\",\"alternateName\":\"Jinsun Carbon\",\"url\":\"https:\/\/jinsuncarbon.com\/\",\"logo\":{\"@type\":\"ImageObject\",\"inLanguage\":\"fr-FR\",\"@id\":\"https:\/\/jinsuncarbon.com\/#\/schema\/logo\/image\/\",\"url\":\"https:\/\/jinsuncarbon.com\/wp-content\/uploads\/2022\/12\/LOGO-1.png\",\"contentUrl\":\"https:\/\/jinsuncarbon.com\/wp-content\/uploads\/2022\/12\/LOGO-1.png\",\"width\":207,\"height\":80,\"caption\":\"Jinsun Carbon\"},\"image\":{\"@id\":\"https:\/\/jinsuncarbon.com\/#\/schema\/logo\/image\/\"},\"sameAs\":[\"https:\/\/www.facebook.com\/Graphite-Electrode-109336238661595\",\"https:\/\/x.com\/jinsuncarbon_\",\"https:\/\/www.linkedin.com\/in\/jinsungraphite\",\"https:\/\/www.youtube.com\/channel\/UCysDNyvyR5-3cCWEmpkVC0g\"]}]}<\/script>\n<!-- \/ Yoast SEO Premium plugin. -->","yoast_head_json":{"title":"Feuille de graphite pyrolytique - Meilleur prix | Jinsun Carbon","description":"Feuilles de graphite pyrolytique en vente avec une haute conductivit\u00e9, une haute r\u00e9sistance et une haute r\u00e9sistance \u00e0 l'usure en tant que mat\u00e9riau de dissipation de la chaleur. Feuille de graphite pyrolytique au meilleur prix.","robots":{"index":"index","follow":"follow","max-snippet":"max-snippet:-1","max-image-preview":"max-image-preview:large","max-video-preview":"max-video-preview:-1"},"canonical":"https:\/\/jinsuncarbon.com\/fr\/produit-2\/feuille-de-graphite-pyrolytique\/","og_locale":"fr_FR","og_type":"article","og_title":"Pyrolytic Graphite Sheet","og_description":"Pyrolytic Graphite Sheet for sale with high conductivity, high strength and high wear resistance as heat dissipation material. Pyrolytic Graphite Sheet at the best price.","og_url":"https:\/\/jinsuncarbon.com\/fr\/produit-2\/feuille-de-graphite-pyrolytique\/","og_site_name":"Jinsun Carbon","article_publisher":"https:\/\/www.facebook.com\/Graphite-Electrode-109336238661595","article_modified_time":"2024-12-28T00:44:39+00:00","og_image":[{"width":1024,"height":763,"url":"https:\/\/jinsuncarbon.com\/wp-content\/uploads\/2024\/12\/pyrolytic-graphite-sheets.jpg","type":"image\/jpeg"}],"twitter_card":"summary_large_image","twitter_site":"@jinsuncarbon_","twitter_misc":{"Dur\u00e9e de lecture estim\u00e9e":"3 minutes"},"schema":{"@context":"https:\/\/schema.org","@graph":[{"@type":"WebPage","@id":"https:\/\/jinsuncarbon.com\/product\/pyrolytic-graphite-sheet\/","url":"https:\/\/jinsuncarbon.com\/product\/pyrolytic-graphite-sheet\/","name":"Feuille de graphite pyrolytique - Meilleur prix | Jinsun Carbon","isPartOf":{"@id":"https:\/\/jinsuncarbon.com\/#website"},"primaryImageOfPage":{"@id":"https:\/\/jinsuncarbon.com\/product\/pyrolytic-graphite-sheet\/#primaryimage"},"image":{"@id":"https:\/\/jinsuncarbon.com\/product\/pyrolytic-graphite-sheet\/#primaryimage"},"thumbnailUrl":"https:\/\/jinsuncarbon.com\/wp-content\/uploads\/2024\/12\/pyrolytic-graphite-sheets.jpg","datePublished":"2024-12-28T00:44:38+00:00","dateModified":"2024-12-28T00:44:39+00:00","description":"Feuilles de graphite pyrolytique en vente avec une haute conductivit\u00e9, une haute r\u00e9sistance et une haute r\u00e9sistance \u00e0 l'usure en tant que mat\u00e9riau de dissipation de la chaleur. Feuille de graphite pyrolytique au meilleur prix.","breadcrumb":{"@id":"https:\/\/jinsuncarbon.com\/product\/pyrolytic-graphite-sheet\/#breadcrumb"},"inLanguage":"fr-FR","potentialAction":[{"@type":"ReadAction","target":["https:\/\/jinsuncarbon.com\/product\/pyrolytic-graphite-sheet\/"]}]},{"@type":"ImageObject","inLanguage":"fr-FR","@id":"https:\/\/jinsuncarbon.com\/product\/pyrolytic-graphite-sheet\/#primaryimage","url":"https:\/\/jinsuncarbon.com\/wp-content\/uploads\/2024\/12\/pyrolytic-graphite-sheets.jpg","contentUrl":"https:\/\/jinsuncarbon.com\/wp-content\/uploads\/2024\/12\/pyrolytic-graphite-sheets.jpg","width":1024,"height":763,"caption":"Pyrolytic graphite sheet"},{"@type":"BreadcrumbList","@id":"https:\/\/jinsuncarbon.com\/product\/pyrolytic-graphite-sheet\/#breadcrumb","itemListElement":[{"@type":"ListItem","position":1,"name":"Home","item":"https:\/\/jinsuncarbon.com\/"},{"@type":"ListItem","position":2,"name":"Products","item":"https:\/\/jinsuncarbon.com\/graphite-carbon\/"},{"@type":"ListItem","position":3,"name":"Pyrolytic Graphite Sheet"}]},{"@type":"WebSite","@id":"https:\/\/jinsuncarbon.com\/#website","url":"https:\/\/jinsuncarbon.com\/","name":"Jinsun Carbon","description":"Nous sommes le fabricant d'\u00e9lectrodes en graphite le plus performant de Chine.","publisher":{"@id":"https:\/\/jinsuncarbon.com\/#organization"},"potentialAction":[{"@type":"SearchAction","target":{"@type":"EntryPoint","urlTemplate":"https:\/\/jinsuncarbon.com\/?s={search_term_string}"},"query-input":{"@type":"PropertyValueSpecification","valueRequired":true,"valueName":"search_term_string"}}],"inLanguage":"fr-FR"},{"@type":"Organization","@id":"https:\/\/jinsuncarbon.com\/#organization","name":"Jinsun Carbon","alternateName":"Jinsun Carbon","url":"https:\/\/jinsuncarbon.com\/","logo":{"@type":"ImageObject","inLanguage":"fr-FR","@id":"https:\/\/jinsuncarbon.com\/#\/schema\/logo\/image\/","url":"https:\/\/jinsuncarbon.com\/wp-content\/uploads\/2022\/12\/LOGO-1.png","contentUrl":"https:\/\/jinsuncarbon.com\/wp-content\/uploads\/2022\/12\/LOGO-1.png","width":207,"height":80,"caption":"Jinsun Carbon"},"image":{"@id":"https:\/\/jinsuncarbon.com\/#\/schema\/logo\/image\/"},"sameAs":["https:\/\/www.facebook.com\/Graphite-Electrode-109336238661595","https:\/\/x.com\/jinsuncarbon_","https:\/\/www.linkedin.com\/in\/jinsungraphite","https:\/\/www.youtube.com\/channel\/UCysDNyvyR5-3cCWEmpkVC0g"]}]}},"_links":{"self":[{"href":"https:\/\/jinsuncarbon.com\/fr\/wp-json\/wp\/v2\/product\/7140","targetHints":{"allow":["GET"]}}],"collection":[{"href":"https:\/\/jinsuncarbon.com\/fr\/wp-json\/wp\/v2\/product"}],"about":[{"href":"https:\/\/jinsuncarbon.com\/fr\/wp-json\/wp\/v2\/types\/product"}],"wp:featuredmedia":[{"embeddable":true,"href":"https:\/\/jinsuncarbon.com\/fr\/wp-json\/wp\/v2\/media\/7145"}],"wp:attachment":[{"href":"https:\/\/jinsuncarbon.com\/fr\/wp-json\/wp\/v2\/media?parent=7140"}],"wp:term":[{"taxonomy":"product_brand","embeddable":true,"href":"https:\/\/jinsuncarbon.com\/fr\/wp-json\/wp\/v2\/product_brand?post=7140"},{"taxonomy":"product_cat","embeddable":true,"href":"https:\/\/jinsuncarbon.com\/fr\/wp-json\/wp\/v2\/product_cat?post=7140"},{"taxonomy":"product_tag","embeddable":true,"href":"https:\/\/jinsuncarbon.com\/fr\/wp-json\/wp\/v2\/product_tag?post=7140"}],"curies":[{"name":"wp","href":"https:\/\/api.w.org\/{rel}","templated":true}]}}