{"id":7139,"date":"2024-12-28T00:12:55","date_gmt":"2024-12-28T00:12:55","guid":{"rendered":"https:\/\/jinsuncarbon.com\/?post_type=product&#038;p=7139"},"modified":"2025-10-02T07:02:55","modified_gmt":"2025-10-02T07:02:55","slug":"manchon-en-graphite","status":"publish","type":"product","link":"https:\/\/jinsuncarbon.com\/fr\/produit-2\/manchon-en-graphite\/","title":{"rendered":"Manche en graphite"},"content":{"rendered":"<h2>Manchon en graphite<\/h2>\n<p>En g\u00e9n\u00e9ral, les manchons en graphite sont tubulaires. Cela pr\u00e9sente de nombreux avantages.<\/p>\n<p><strong>Stabilit\u00e9 \u00e0 haute temp\u00e9rature<\/strong><\/p>\n<p>Le manchon en graphite peut r\u00e9sister \u00e0 des temp\u00e9ratures \u00e9lev\u00e9es de plusieurs milliers de degr\u00e9s Celsius. Il fonctionne correctement dans les fours \u00e0 haute temp\u00e9rature et dans d'autres applications.<\/p>\n<p><strong>R\u00e9flexion de surface \u00e9lev\u00e9e<\/strong><\/p>\n<p>Il s'agit d'un bon composant d'isolation thermique et ses propri\u00e9t\u00e9s chimiques sont stables.<\/p>\n<p><strong>Faible coefficient de frottement<\/strong><\/p>\n<p>Vous pouvez l'utiliser comme manchon autolubrifiant, il est tr\u00e8s durable.<\/p>\n<p><strong>Excellente conductivit\u00e9 thermique<\/strong><\/p>\n<p>Il est capable de conduire la chaleur rapidement, ce qui est important dans de nombreuses applications de gestion thermique.<\/p>\n<p><strong>Bonne conductivit\u00e9 \u00e9lectrique<\/strong><\/p>\n<p>Il s'agit donc d'une application potentielle dans les domaines de l'\u00e9lectricit\u00e9 et de l'\u00e9lectronique, par exemple dans certaines pi\u00e8ces qui n\u00e9cessitent des mat\u00e9riaux conducteurs et thermiques.<\/p>\n<p>Il est facile \u00e0 traiter et \u00e0 couper. Mais comment couper <a href=\"https:\/\/jinsuncarbon.com\/fr\/les-utilisations-du-graphite\/\">graphite<\/a> doit choisir les bons outils et les bonnes m\u00e9thodes en fonction des caract\u00e9ristiques de son mat\u00e9riau. En outre, les paliers \u00e0 manchon en graphite utilisent leur faible coefficient de frottement et leurs caract\u00e9ristiques autolubrifiantes pour r\u00e9duire les pertes par frottement.<\/p>\n<h2>Types de manchons en graphite<\/h2>\n<p><strong>Divis\u00e9 par la m\u00e9thode de chauffage<\/strong><\/p>\n<p><strong>Manchons en graphite chauff\u00e9s longitudinalement :<\/strong><\/p>\n<p>Un type courant de manchon en graphite, chauff\u00e9 dans une direction axiale, g\u00e9n\u00e8re de la chaleur \u00e0 travers le courant aux deux extr\u00e9mit\u00e9s pour chauffer l'\u00e9chantillon. La structure est simple, le co\u00fbt est faible, mais l'uniformit\u00e9 de la temp\u00e9rature est m\u00e9diocre.<\/p>\n<p><strong>Manchon chauffant transversal en graphite :<\/strong><\/p>\n<p>La direction de chauffage est perpendiculaire \u00e0 l'axe et la structure sp\u00e9ciale permet de chauffer uniform\u00e9ment le tube. Cela permet de r\u00e9duire la diff\u00e9rence de temp\u00e9rature et d'am\u00e9liorer l'exactitude et la pr\u00e9cision de l'analyse. Il convient aux travaux d'analyse exigeant une temp\u00e9rature \u00e9lev\u00e9e et un contr\u00f4le pr\u00e9cis.<\/p>\n<p><strong>Divis\u00e9 par la performance<\/strong><\/p>\n<p><strong>Manchon en graphite ordinaire (non pyrolytique) :<\/strong><\/p>\n<p><span data-type=\"2\" data-index=\"3\" data-gid=\"1\">Transform\u00e9 \u00e0 partir de <a href=\"https:\/\/jinsuncarbon.com\/fr\/produit-2\/graphite-naturel\/\">graphite naturel<\/a> il pr\u00e9sente une certaine r\u00e9sistance aux temp\u00e9ratures \u00e9lev\u00e9es et s'oxyde facilement \u00e0 haute temp\u00e9rature.<\/span>\u00a0Sa structure est simple et son co\u00fbt peu \u00e9lev\u00e9. Il convient \u00e0 l'analyse g\u00e9n\u00e9rale.<\/p>\n<p><strong>Manchon en graphite pyrolytique :<\/strong><\/p>\n<p>Fabriqu\u00e9 par des <a href=\"https:\/\/en.wikipedia.org\/wiki\/Pyrolysis\" target=\"_blank\" rel=\"noopener\">pyrolyse<\/a> Il pr\u00e9sente une grande puret\u00e9, une cristallinit\u00e9 \u00e9lev\u00e9e, une grande stabilit\u00e9 et des propri\u00e9t\u00e9s m\u00e9caniques \u00e0 haute temp\u00e9rature. Il peut r\u00e9duire les fuites de gaz et l'adsorption des impuret\u00e9s, am\u00e9liorer la sensibilit\u00e9 et la pr\u00e9cision de l'analyse. Il est souvent utilis\u00e9 pour l'analyse d'\u00e9l\u00e9ments traces et pour les analyses exigeant une grande sensibilit\u00e9.<\/p>\n<p><img fetchpriority=\"high\" decoding=\"async\" class=\"alignnone size-medium wp-image-8110\" src=\"https:\/\/jinsuncarbon.com\/wp-content\/uploads\/2024\/12\/Graphite-sleeve-300x224.jpg\" alt=\"Manchon en graphite\" width=\"300\" height=\"224\" srcset=\"https:\/\/jinsuncarbon.com\/wp-content\/uploads\/2024\/12\/Graphite-sleeve-300x224.jpg 300w, https:\/\/jinsuncarbon.com\/wp-content\/uploads\/2024\/12\/Graphite-sleeve-768x572.jpg 768w, https:\/\/jinsuncarbon.com\/wp-content\/uploads\/2024\/12\/Graphite-sleeve-16x12.jpg 16w, https:\/\/jinsuncarbon.com\/wp-content\/uploads\/2024\/12\/Graphite-sleeve-600x447.jpg 600w, https:\/\/jinsuncarbon.com\/wp-content\/uploads\/2024\/12\/Graphite-sleeve.jpg 1024w\" sizes=\"(max-width: 300px) 100vw, 300px\" \/> \u00a0<img decoding=\"async\" class=\"alignnone size-medium wp-image-8111\" src=\"https:\/\/jinsuncarbon.com\/wp-content\/uploads\/2024\/12\/Graphite-sleeves-300x224.jpg\" alt=\"Manches en graphite\" width=\"300\" height=\"224\" srcset=\"https:\/\/jinsuncarbon.com\/wp-content\/uploads\/2024\/12\/Graphite-sleeves-300x224.jpg 300w, https:\/\/jinsuncarbon.com\/wp-content\/uploads\/2024\/12\/Graphite-sleeves-768x572.jpg 768w, https:\/\/jinsuncarbon.com\/wp-content\/uploads\/2024\/12\/Graphite-sleeves-16x12.jpg 16w, https:\/\/jinsuncarbon.com\/wp-content\/uploads\/2024\/12\/Graphite-sleeves-600x447.jpg 600w, https:\/\/jinsuncarbon.com\/wp-content\/uploads\/2024\/12\/Graphite-sleeves.jpg 1024w\" sizes=\"(max-width: 300px) 100vw, 300px\" \/>\u00a0 <img decoding=\"async\" class=\"alignnone size-medium wp-image-8113\" src=\"https:\/\/jinsuncarbon.com\/wp-content\/uploads\/2024\/12\/Graphite-sleeve-1--300x224.jpg\" alt=\"Manchon en graphite \" width=\"300\" height=\"224\" srcset=\"https:\/\/jinsuncarbon.com\/wp-content\/uploads\/2024\/12\/Graphite-sleeve-1--300x224.jpg 300w, https:\/\/jinsuncarbon.com\/wp-content\/uploads\/2024\/12\/Graphite-sleeve-1--768x572.jpg 768w, https:\/\/jinsuncarbon.com\/wp-content\/uploads\/2024\/12\/Graphite-sleeve-1--16x12.jpg 16w, https:\/\/jinsuncarbon.com\/wp-content\/uploads\/2024\/12\/Graphite-sleeve-1--600x447.jpg 600w, https:\/\/jinsuncarbon.com\/wp-content\/uploads\/2024\/12\/Graphite-sleeve-1-.jpg 1024w\" sizes=\"(max-width: 300px) 100vw, 300px\" \/><\/p>\n<h2>Utilisations des manchons en graphite<\/h2>\n<p>Il a un large \u00e9ventail d'applications.<\/p>\n<p><strong>Industrie des machines<\/strong><\/p>\n<p>Le manchon en graphite est un mat\u00e9riau d'\u00e9tanch\u00e9it\u00e9 important dans l'industrie m\u00e9canique. Il r\u00e9siste \u00e0 l'usure et offre une \u00e9tanch\u00e9it\u00e9 stable dans des conditions de charge et de vitesse \u00e9lev\u00e9es. Il assure le fonctionnement normal de l'\u00e9quipement et prolonge sa dur\u00e9e de vie.<\/p>\n<p><strong>Industrie du transport maritime<\/strong><\/p>\n<p>Dans l'industrie maritime, vous pouvez utiliser le manchon en graphite pour l'\u00e9tanch\u00e9it\u00e9 de la coque et d'autres surfaces irr\u00e9guli\u00e8res. Il peut assurer la s\u00e9curit\u00e9 des navires dans des conditions de mer difficiles. Il peut \u00e9galement \u00eatre utilis\u00e9 dans les syst\u00e8mes d'eau d'importation et d'exportation et dans d'autres pi\u00e8ces.<\/p>\n<p><strong>Industrie p\u00e9trochimique<\/strong><\/p>\n<p>Les manchons en graphite jouent un r\u00f4le important dans l'industrie p\u00e9trochimique. Dans le transport d'\u00e9quipements contenant des fluides corrosifs, la r\u00e9sistance \u00e0 l'usure, la r\u00e9sistance \u00e0 la corrosion jusqu'au jeu complet, la pr\u00e9vention des fuites de fluides et l'usure de l'\u00e9quipement. Ils peuvent \u00e9galement \u00eatre utilis\u00e9s dans la fabrication d'\u00e9quipements r\u00e9sistants \u00e0 la corrosion.<\/p>\n<p><strong>Industrie de l'\u00e9nergie<\/strong><\/p>\n<p>Dans l'industrie de l'\u00e9nergie, on peut utiliser des manchons en graphite dans les cas suivants <a href=\"https:\/\/en.wikipedia.org\/wiki\/Boiler\" target=\"_blank\" rel=\"noopener\">chaudi\u00e8res<\/a>L'\u00e9tanch\u00e9it\u00e9 des \u00e9quipements, des turbines \u00e0 vapeur et d'autres \u00e9quipements. Sa r\u00e9sistance aux temp\u00e9ratures \u00e9lev\u00e9es, \u00e0 la pression et \u00e0 la corrosion le rend indispensable.<\/p>\n<p><strong>Applications en laboratoire<\/strong><\/p>\n<p>Les manchons en graphite sont largement utilis\u00e9s dans les laboratoires, notamment pour transporter et chauffer les \u00e9chantillons dans les spectrom\u00e8tres d'absorption atomique. Et dans d'autres dispositifs exp\u00e9rimentaux pour r\u00e9pondre aux besoins.<\/p>\n<p>En outre, vous pouvez \u00e9galement utiliser le manchon en graphite dans la fabrication de pi\u00e8ces automobiles, de composants de haute performance pour l'a\u00e9rospatiale, de dispositifs biom\u00e9dicaux. Gr\u00e2ce \u00e0 sa grande solidit\u00e9, sa grande r\u00e9sistance \u00e0 l'usure, sa grande r\u00e9sistance \u00e0 la corrosion et d'autres propri\u00e9t\u00e9s.<\/p>","protected":false},"excerpt":{"rendered":"<p>Le manchon en graphite est un manchon circulaire fabriqu\u00e9 \u00e0 partir de graphite de haute puret\u00e9, g\u00e9n\u00e9ralement utilis\u00e9 comme mat\u00e9riau d'\u00e9tanch\u00e9it\u00e9 dans l'industrie m\u00e9canique, comme rev\u00eatement ou comme douille. Il est tr\u00e8s performant dans les applications industrielles modernes et constitue un mat\u00e9riau r\u00e9sistant aux temp\u00e9ratures \u00e9lev\u00e9es et autolubrifiant. Les manchons en graphite sont utilis\u00e9s pour l'\u00e9tanch\u00e9it\u00e9 des vannes et des pompes, ainsi que pour le mouvement des arbres, et conviennent aux environnements \u00e0 haute temp\u00e9rature.<\/p>","protected":false},"featured_media":7143,"template":"","meta":[],"product_brand":[],"product_cat":[38],"product_tag":[],"class_list":{"0":"post-7139","1":"product","2":"type-product","3":"status-publish","4":"has-post-thumbnail","6":"product_cat-graphite-products","8":"first","9":"instock","10":"shipping-taxable","11":"product-type-simple"},"yoast_head":"<!-- This site is optimized with the Yoast SEO Premium plugin v19.2.1 (Yoast SEO v25.3) - https:\/\/yoast.com\/wordpress\/plugins\/seo\/ -->\n<title>Graphite Sleeve Manufacturer &amp; Supplier | Jinsun Carbon<\/title>\n<meta name=\"description\" content=\"Graphite sleeve is a circular sleeve made of high purity graphite processing, generally used as a sealing material in the mechanical industry, as a lining or bushing\u03a9\" \/>\n<meta name=\"robots\" content=\"index, follow, max-snippet:-1, max-image-preview:large, max-video-preview:-1\" \/>\n<link rel=\"canonical\" href=\"https:\/\/jinsuncarbon.com\/fr\/produit-2\/manchon-en-graphite\/\" \/>\n<meta property=\"og:locale\" content=\"fr_FR\" \/>\n<meta property=\"og:type\" content=\"article\" \/>\n<meta property=\"og:title\" content=\"Graphite Sleeve\" \/>\n<meta property=\"og:description\" content=\"Graphite sleeve is a circular sleeve made of high purity graphite processing, generally used as a sealing material in the mechanical industry, as a lining or bushing\u03a9\" \/>\n<meta property=\"og:url\" content=\"https:\/\/jinsuncarbon.com\/fr\/produit-2\/manchon-en-graphite\/\" \/>\n<meta property=\"og:site_name\" content=\"Jinsun Carbon\" \/>\n<meta property=\"article:publisher\" content=\"https:\/\/www.facebook.com\/Graphite-Electrode-109336238661595\" \/>\n<meta property=\"article:modified_time\" content=\"2025-10-02T07:02:55+00:00\" \/>\n<meta property=\"og:image\" content=\"https:\/\/jinsuncarbon.com\/wp-content\/uploads\/2024\/12\/Graphite-sleeve-.jpg\" \/>\n\t<meta property=\"og:image:width\" content=\"1024\" \/>\n\t<meta property=\"og:image:height\" content=\"763\" \/>\n\t<meta property=\"og:image:type\" content=\"image\/jpeg\" \/>\n<meta name=\"twitter:card\" content=\"summary_large_image\" \/>\n<meta name=\"twitter:site\" content=\"@jinsuncarbon_\" \/>\n<meta name=\"twitter:label1\" content=\"Dur\u00e9e de lecture estim\u00e9e\" \/>\n\t<meta name=\"twitter:data1\" content=\"4 minutes\" \/>\n<script type=\"application\/ld+json\" class=\"yoast-schema-graph\">{\"@context\":\"https:\/\/schema.org\",\"@graph\":[{\"@type\":\"WebPage\",\"@id\":\"https:\/\/jinsuncarbon.com\/product\/graphite-sleeve\/\",\"url\":\"https:\/\/jinsuncarbon.com\/product\/graphite-sleeve\/\",\"name\":\"Graphite Sleeve Manufacturer & Supplier | Jinsun Carbon\",\"isPartOf\":{\"@id\":\"https:\/\/jinsuncarbon.com\/#website\"},\"primaryImageOfPage\":{\"@id\":\"https:\/\/jinsuncarbon.com\/product\/graphite-sleeve\/#primaryimage\"},\"image\":{\"@id\":\"https:\/\/jinsuncarbon.com\/product\/graphite-sleeve\/#primaryimage\"},\"thumbnailUrl\":\"https:\/\/jinsuncarbon.com\/wp-content\/uploads\/2024\/12\/Graphite-sleeve-.jpg\",\"datePublished\":\"2024-12-28T00:12:55+00:00\",\"dateModified\":\"2025-10-02T07:02:55+00:00\",\"description\":\"Graphite sleeve is a circular sleeve made of high purity graphite processing, generally used as a sealing material in the mechanical industry, as a lining or bushing\u03a9\",\"breadcrumb\":{\"@id\":\"https:\/\/jinsuncarbon.com\/product\/graphite-sleeve\/#breadcrumb\"},\"inLanguage\":\"fr-FR\",\"potentialAction\":[{\"@type\":\"ReadAction\",\"target\":[\"https:\/\/jinsuncarbon.com\/product\/graphite-sleeve\/\"]}]},{\"@type\":\"ImageObject\",\"inLanguage\":\"fr-FR\",\"@id\":\"https:\/\/jinsuncarbon.com\/product\/graphite-sleeve\/#primaryimage\",\"url\":\"https:\/\/jinsuncarbon.com\/wp-content\/uploads\/2024\/12\/Graphite-sleeve-.jpg\",\"contentUrl\":\"https:\/\/jinsuncarbon.com\/wp-content\/uploads\/2024\/12\/Graphite-sleeve-.jpg\",\"width\":1024,\"height\":763,\"caption\":\"Graphite sleeve\"},{\"@type\":\"BreadcrumbList\",\"@id\":\"https:\/\/jinsuncarbon.com\/product\/graphite-sleeve\/#breadcrumb\",\"itemListElement\":[{\"@type\":\"ListItem\",\"position\":1,\"name\":\"Home\",\"item\":\"https:\/\/jinsuncarbon.com\/\"},{\"@type\":\"ListItem\",\"position\":2,\"name\":\"Products\",\"item\":\"https:\/\/jinsuncarbon.com\/graphite-carbon\/\"},{\"@type\":\"ListItem\",\"position\":3,\"name\":\"Graphite Sleeve\"}]},{\"@type\":\"WebSite\",\"@id\":\"https:\/\/jinsuncarbon.com\/#website\",\"url\":\"https:\/\/jinsuncarbon.com\/\",\"name\":\"Jinsun Carbon\",\"description\":\"We are the successful graphite electrode manufacturer in China\",\"publisher\":{\"@id\":\"https:\/\/jinsuncarbon.com\/#organization\"},\"potentialAction\":[{\"@type\":\"SearchAction\",\"target\":{\"@type\":\"EntryPoint\",\"urlTemplate\":\"https:\/\/jinsuncarbon.com\/?s={search_term_string}\"},\"query-input\":{\"@type\":\"PropertyValueSpecification\",\"valueRequired\":true,\"valueName\":\"search_term_string\"}}],\"inLanguage\":\"fr-FR\"},{\"@type\":\"Organization\",\"@id\":\"https:\/\/jinsuncarbon.com\/#organization\",\"name\":\"Jinsun Carbon\",\"alternateName\":\"Jinsun Carbon\",\"url\":\"https:\/\/jinsuncarbon.com\/\",\"logo\":{\"@type\":\"ImageObject\",\"inLanguage\":\"fr-FR\",\"@id\":\"https:\/\/jinsuncarbon.com\/#\/schema\/logo\/image\/\",\"url\":\"https:\/\/jinsuncarbon.com\/wp-content\/uploads\/2022\/12\/LOGO-1.png\",\"contentUrl\":\"https:\/\/jinsuncarbon.com\/wp-content\/uploads\/2022\/12\/LOGO-1.png\",\"width\":207,\"height\":80,\"caption\":\"Jinsun Carbon\"},\"image\":{\"@id\":\"https:\/\/jinsuncarbon.com\/#\/schema\/logo\/image\/\"},\"sameAs\":[\"https:\/\/www.facebook.com\/Graphite-Electrode-109336238661595\",\"https:\/\/x.com\/jinsuncarbon_\",\"https:\/\/www.linkedin.com\/in\/jinsungraphite\",\"https:\/\/www.youtube.com\/channel\/UCysDNyvyR5-3cCWEmpkVC0g\"]}]}<\/script>\n<!-- \/ Yoast SEO Premium plugin. -->","yoast_head_json":{"title":"Fabricant et fournisseur de manchons en graphite | Jinsun Carbon","description":"Le manchon en graphite est un manchon circulaire fabriqu\u00e9 \u00e0 partir de graphite de haute puret\u00e9, g\u00e9n\u00e9ralement utilis\u00e9 comme mat\u00e9riau d'\u00e9tanch\u00e9it\u00e9 dans l'industrie m\u00e9canique, comme rev\u00eatement ou bague.","robots":{"index":"index","follow":"follow","max-snippet":"max-snippet:-1","max-image-preview":"max-image-preview:large","max-video-preview":"max-video-preview:-1"},"canonical":"https:\/\/jinsuncarbon.com\/fr\/produit-2\/manchon-en-graphite\/","og_locale":"fr_FR","og_type":"article","og_title":"Graphite Sleeve","og_description":"Graphite sleeve is a circular sleeve made of high purity graphite processing, generally used as a sealing material in the mechanical industry, as a lining or bushing\u03a9","og_url":"https:\/\/jinsuncarbon.com\/fr\/produit-2\/manchon-en-graphite\/","og_site_name":"Jinsun Carbon","article_publisher":"https:\/\/www.facebook.com\/Graphite-Electrode-109336238661595","article_modified_time":"2025-10-02T07:02:55+00:00","og_image":[{"width":1024,"height":763,"url":"https:\/\/jinsuncarbon.com\/wp-content\/uploads\/2024\/12\/Graphite-sleeve-.jpg","type":"image\/jpeg"}],"twitter_card":"summary_large_image","twitter_site":"@jinsuncarbon_","twitter_misc":{"Dur\u00e9e de lecture estim\u00e9e":"4 minutes"},"schema":{"@context":"https:\/\/schema.org","@graph":[{"@type":"WebPage","@id":"https:\/\/jinsuncarbon.com\/product\/graphite-sleeve\/","url":"https:\/\/jinsuncarbon.com\/product\/graphite-sleeve\/","name":"Fabricant et fournisseur de manchons en graphite | Jinsun Carbon","isPartOf":{"@id":"https:\/\/jinsuncarbon.com\/#website"},"primaryImageOfPage":{"@id":"https:\/\/jinsuncarbon.com\/product\/graphite-sleeve\/#primaryimage"},"image":{"@id":"https:\/\/jinsuncarbon.com\/product\/graphite-sleeve\/#primaryimage"},"thumbnailUrl":"https:\/\/jinsuncarbon.com\/wp-content\/uploads\/2024\/12\/Graphite-sleeve-.jpg","datePublished":"2024-12-28T00:12:55+00:00","dateModified":"2025-10-02T07:02:55+00:00","description":"Le manchon en graphite est un manchon circulaire fabriqu\u00e9 \u00e0 partir de graphite de haute puret\u00e9, g\u00e9n\u00e9ralement utilis\u00e9 comme mat\u00e9riau d'\u00e9tanch\u00e9it\u00e9 dans l'industrie m\u00e9canique, comme rev\u00eatement ou bague.","breadcrumb":{"@id":"https:\/\/jinsuncarbon.com\/product\/graphite-sleeve\/#breadcrumb"},"inLanguage":"fr-FR","potentialAction":[{"@type":"ReadAction","target":["https:\/\/jinsuncarbon.com\/product\/graphite-sleeve\/"]}]},{"@type":"ImageObject","inLanguage":"fr-FR","@id":"https:\/\/jinsuncarbon.com\/product\/graphite-sleeve\/#primaryimage","url":"https:\/\/jinsuncarbon.com\/wp-content\/uploads\/2024\/12\/Graphite-sleeve-.jpg","contentUrl":"https:\/\/jinsuncarbon.com\/wp-content\/uploads\/2024\/12\/Graphite-sleeve-.jpg","width":1024,"height":763,"caption":"Graphite sleeve"},{"@type":"BreadcrumbList","@id":"https:\/\/jinsuncarbon.com\/product\/graphite-sleeve\/#breadcrumb","itemListElement":[{"@type":"ListItem","position":1,"name":"Home","item":"https:\/\/jinsuncarbon.com\/"},{"@type":"ListItem","position":2,"name":"Products","item":"https:\/\/jinsuncarbon.com\/graphite-carbon\/"},{"@type":"ListItem","position":3,"name":"Graphite Sleeve"}]},{"@type":"WebSite","@id":"https:\/\/jinsuncarbon.com\/#website","url":"https:\/\/jinsuncarbon.com\/","name":"Jinsun Carbon","description":"Nous sommes le fabricant d'\u00e9lectrodes en graphite le plus performant de Chine.","publisher":{"@id":"https:\/\/jinsuncarbon.com\/#organization"},"potentialAction":[{"@type":"SearchAction","target":{"@type":"EntryPoint","urlTemplate":"https:\/\/jinsuncarbon.com\/?s={search_term_string}"},"query-input":{"@type":"PropertyValueSpecification","valueRequired":true,"valueName":"search_term_string"}}],"inLanguage":"fr-FR"},{"@type":"Organization","@id":"https:\/\/jinsuncarbon.com\/#organization","name":"Jinsun Carbon","alternateName":"Jinsun Carbon","url":"https:\/\/jinsuncarbon.com\/","logo":{"@type":"ImageObject","inLanguage":"fr-FR","@id":"https:\/\/jinsuncarbon.com\/#\/schema\/logo\/image\/","url":"https:\/\/jinsuncarbon.com\/wp-content\/uploads\/2022\/12\/LOGO-1.png","contentUrl":"https:\/\/jinsuncarbon.com\/wp-content\/uploads\/2022\/12\/LOGO-1.png","width":207,"height":80,"caption":"Jinsun Carbon"},"image":{"@id":"https:\/\/jinsuncarbon.com\/#\/schema\/logo\/image\/"},"sameAs":["https:\/\/www.facebook.com\/Graphite-Electrode-109336238661595","https:\/\/x.com\/jinsuncarbon_","https:\/\/www.linkedin.com\/in\/jinsungraphite","https:\/\/www.youtube.com\/channel\/UCysDNyvyR5-3cCWEmpkVC0g"]}]}},"_links":{"self":[{"href":"https:\/\/jinsuncarbon.com\/fr\/wp-json\/wp\/v2\/product\/7139","targetHints":{"allow":["GET"]}}],"collection":[{"href":"https:\/\/jinsuncarbon.com\/fr\/wp-json\/wp\/v2\/product"}],"about":[{"href":"https:\/\/jinsuncarbon.com\/fr\/wp-json\/wp\/v2\/types\/product"}],"wp:featuredmedia":[{"embeddable":true,"href":"https:\/\/jinsuncarbon.com\/fr\/wp-json\/wp\/v2\/media\/7143"}],"wp:attachment":[{"href":"https:\/\/jinsuncarbon.com\/fr\/wp-json\/wp\/v2\/media?parent=7139"}],"wp:term":[{"taxonomy":"product_brand","embeddable":true,"href":"https:\/\/jinsuncarbon.com\/fr\/wp-json\/wp\/v2\/product_brand?post=7139"},{"taxonomy":"product_cat","embeddable":true,"href":"https:\/\/jinsuncarbon.com\/fr\/wp-json\/wp\/v2\/product_cat?post=7139"},{"taxonomy":"product_tag","embeddable":true,"href":"https:\/\/jinsuncarbon.com\/fr\/wp-json\/wp\/v2\/product_tag?post=7139"}],"curies":[{"name":"wp","href":"https:\/\/api.w.org\/{rel}","templated":true}]}}