{"id":7134,"date":"2024-12-26T16:02:30","date_gmt":"2024-12-26T16:02:30","guid":{"rendered":"https:\/\/jinsuncarbon.com\/?post_type=product&#038;p=7134"},"modified":"2024-12-26T16:02:31","modified_gmt":"2024-12-26T16:02:31","slug":"grand-bloc-de-graphite","status":"publish","type":"product","link":"https:\/\/jinsuncarbon.com\/fr\/produit-2\/grand-bloc-de-graphite\/","title":{"rendered":"Grand bloc de graphite"},"content":{"rendered":"<h2 class=\"ql-align-justify\">Vente de grands blocs de graphite<\/h2>\n<p class=\"ql-align-justify\">Les grands blocs de graphite sont g\u00e9n\u00e9ralement en vrac. Ses avantages sont \u00e9vidents.<\/p>\n<p class=\"ql-align-justify\"><strong>Bonne stabilit\u00e9 thermique<\/strong><\/p>\n<p class=\"ql-align-justify\">Il peut maintenir des performances stables dans une certaine plage de temp\u00e9ratures \u00e9lev\u00e9es.<\/p>\n<p class=\"ql-align-justify\"><strong>Forte stabilit\u00e9 chimique<\/strong><\/p>\n<p class=\"ql-align-justify\">Il peut r\u00e9sister \u00e0 l'\u00e9rosion de diverses substances chimiques.<\/p>\n<p class=\"ql-align-justify\"><strong>Bonne conductivit\u00e9 \u00e9lectrique<\/strong><\/p>\n<p class=\"ql-align-justify\">Vous pouvez l'utiliser dans des sc\u00e8nes li\u00e9es \u00e0 l'\u00e9lectronique et \u00e0 l'\u00e9lectricit\u00e9.<\/p>\n<p class=\"ql-align-justify\"><strong>Structure solide et durable<\/strong><\/p>\n<p class=\"ql-align-justify\">Il peut r\u00e9sister \u00e0 une pression et \u00e0 une usure plus importantes. L'usinage renforce la structure.<\/p>\n<p class=\"ql-align-justify\"><strong>Bonne conductivit\u00e9 thermique<\/strong><\/p>\n<p class=\"ql-align-justify\">Il peut conduire efficacement la chaleur, ce qui est essentiel dans de nombreuses applications n\u00e9cessitant un transfert de chaleur. Par exemple, dans certains syst\u00e8mes industriels de chauffage ou de refroidissement, une bonne conductivit\u00e9 thermique peut assurer un transfert rapide et une distribution uniforme de la chaleur. Et am\u00e9liorer l'efficacit\u00e9 thermique globale.<\/p>\n<h2 class=\"ql-align-justify\">Types de grands blocs de graphite<\/h2>\n<h3 class=\"ql-align-justify\">Blocs de graphite extrud\u00e9s<\/h3>\n<p class=\"ql-align-justify\">Gr\u00e2ce au moulage par extrusion, ils ont une forme et une pr\u00e9cision dimensionnelle sp\u00e9cifiques et sont faciles \u00e0 utiliser dans certains \u00e9quipements n\u00e9cessitant des formes personnalis\u00e9es. C'est le cas, par exemple, des rev\u00eatements de r\u00e9servoirs de r\u00e9action de forme sp\u00e9ciale dans les \u00e9quipements chimiques.<\/p>\n<h3 class=\"ql-align-justify\">Blocs en graphite moul\u00e9<\/h3>\n<p class=\"ql-align-justify\">Les blocs de graphite moul\u00e9s sont moul\u00e9s avec une forme et une pr\u00e9cision dimensionnelle sp\u00e9cifiques, ce qui les rend faciles \u00e0 utiliser dans certains appareils qui n\u00e9cessitent des formes personnalis\u00e9es. Par exemple, les blocs de graphite moul\u00e9s de forme sp\u00e9ciale <a href=\"https:\/\/jinsuncarbon.com\/fr\/produit-2\/electrode-a-tige-en-graphite\/\">\u00e9lectrodes<\/a> dans les appareils \u00e9lectroniques.<\/p>\n<h3 class=\"ql-align-justify\">Blocs de graphite vibr\u00e9s<\/h3>\n<p class=\"ql-align-justify\">Les blocs de graphite vibr\u00e9 sont form\u00e9s par vibration et ont une forme et une pr\u00e9cision dimensionnelle uniques. Ils sont faciles \u00e0 utiliser dans certains \u00e9quipements qui n\u00e9cessitent des formes personnalis\u00e9es, comme les moules pour les formes sp\u00e9ciales dans l'usinage.<\/p>\n<h3 class=\"ql-align-justify\">Blocs de graphite isostatiques<\/h3>\n<p class=\"ql-align-justify\">Par <a href=\"https:\/\/jinsuncarbon.com\/fr\/produit-2\/graphite-isostatique\/\">isostatique<\/a> press\u00e9s, ils ont une forme pr\u00e9cise et une grande exactitude dimensionnelle. Apr\u00e8s l'usinage, il est facile de les utiliser dans certains \u00e9quipements exigeants en termes de forme. Par exemple, les tables de support de plaquettes de forme sp\u00e9ciale dans la fabrication de semi-conducteurs.<\/p>\n<p>&nbsp;<\/p>\n<h2 class=\"ql-align-justify\">Utilisations du grand bloc de graphite<\/h2>\n<h3 class=\"ql-align-justify\">Pour l'industrie de la fonte et du moulage<\/h3>\n<p class=\"ql-align-justify\">En tant que mat\u00e9riau de moulage, gr\u00e2ce \u00e0 sa r\u00e9sistance \u00e9lev\u00e9e \u00e0 la temp\u00e9rature et \u00e0 son faible coefficient de dilatation thermique, il peut garantir que le moule conserve sa pr\u00e9cision dimensionnelle au cours des processus r\u00e9p\u00e9t\u00e9s de chauffage et de refroidissement. Il am\u00e9liore ainsi la qualit\u00e9 du moulage et l'efficacit\u00e9 de la production du produit. Les blocs de graphite peuvent \u00eatre utilis\u00e9s pour le moulage sous pression, le moulage par injection et d'autres processus de moulage.<\/p>\n<p class=\"ql-align-justify\"><strong>En ce qui concerne les \u00e9l\u00e9ments chauffants<\/strong><\/p>\n<p class=\"ql-align-justify\">Gr\u00e2ce \u00e0 sa bonne conductivit\u00e9 \u00e9lectrique et \u00e0 sa r\u00e9sistance aux temp\u00e9ratures \u00e9lev\u00e9es, l'\u00e9nergie \u00e9lectrique est efficacement convertie en \u00e9nergie thermique. Vous pouvez l'utiliser dans divers syst\u00e8mes de chauffage industriel <a href=\"https:\/\/en.wikipedia.org\/wiki\/Industrial_furnace\" target=\"_blank\" rel=\"noopener\">fours<\/a> pour chauffer rapidement les mat\u00e9riaux.<\/p>\n<p class=\"ql-align-justify\"><strong>Champ \u00e9nerg\u00e9tique<\/strong><\/p>\n<p class=\"ql-align-justify\">Dans les applications de l'\u00e9nergie nucl\u00e9aire, il peut \u00eatre utilis\u00e9 comme matrice des mat\u00e9riaux de d\u00e9c\u00e9l\u00e9ration des neutrons. Gr\u00e2ce \u00e0 ses propri\u00e9t\u00e9s physiques stables et \u00e0 sa structure atomique appropri\u00e9e, il r\u00e9gule efficacement la vitesse des neutrons et garantit la s\u00e9curit\u00e9 et la stabilit\u00e9 des r\u00e9actions nucl\u00e9aires.<\/p>\n<p class=\"ql-align-justify\"><strong>Dans la production de batteries pour les nouvelles \u00e9nergies<\/strong><\/p>\n<p class=\"ql-align-justify\">Vous pouvez utiliser de grands blocs de graphite comme mat\u00e9riau de base pour les \u00e9lectrodes de batterie. Gr\u00e2ce \u00e0 sa bonne conductivit\u00e9 \u00e9lectrique et \u00e0 sa stabilit\u00e9 chimique, les performances de charge et de d\u00e9charge ainsi que la dur\u00e9e de vie des \u00e9lectrodes de la batterie peuvent \u00eatre am\u00e9lior\u00e9es.<a href=\"https:\/\/www.britannica.com\/technology\/battery-electronics\" target=\"_blank\" rel=\"noopener\"> batterie<\/a> sont am\u00e9lior\u00e9es.<\/p>\n<p class=\"ql-align-justify\"><strong>Industrie chimique<\/strong><\/p>\n<p class=\"ql-align-justify\">En tant que <a href=\"https:\/\/jinsuncarbon.com\/fr\/produit-2\/revetement-de-four-en-graphite\/\">doublure<\/a> Le mat\u00e9riau de base des conteneurs r\u00e9sistants \u00e0 la corrosion peut r\u00e9sister \u00e0 l'\u00e9rosion d'une vari\u00e9t\u00e9 de milieux corrosifs tels que l'acide fort et l'alcali. Il peut prot\u00e9ger le corps du conteneur et prolonger la dur\u00e9e de vie de l'\u00e9quipement chimique. Ce mat\u00e9riau est couramment utilis\u00e9 dans divers r\u00e9acteurs de r\u00e9action, r\u00e9servoirs de stockage, etc.<\/p>\n<p class=\"ql-align-justify\"><strong>Dans le processus de transport des fluides chimiques<\/strong><\/p>\n<p class=\"ql-align-justify\">Les composants des pipelines et des vannes sont constitu\u00e9s de blocs de graphite, en raison de leur bonne r\u00e9sistance \u00e0 la corrosion et de leurs performances en mati\u00e8re d'\u00e9tanch\u00e9it\u00e9. Ils peuvent assurer le transport s\u00fbr et stable des fluides chimiques, r\u00e9duire le risque de fuite. Et am\u00e9liorer la s\u00e9curit\u00e9 et la continuit\u00e9 de la production chimique.<\/p>","protected":false},"excerpt":{"rendered":"<p>Le grand bloc de graphite est un bloc fait d'un mat\u00e9riau de graphite de grande puret\u00e9. Il poss\u00e8de d'excellentes propri\u00e9t\u00e9s physiques et chimiques. Gr\u00e2ce \u00e0 sa stabilit\u00e9 thermique, \u00e9lectrique et chimique, il joue un r\u00f4le important dans l'industrie moderne. C'est un mat\u00e9riau fiable qui peut s'adapter \u00e0 diverses conditions de travail. La taille maximale du bloc de graphite peut atteindre 800*800*3000mm.<\/p>","protected":false},"featured_media":7135,"template":"","meta":[],"product_brand":[],"product_cat":[38],"product_tag":[],"class_list":{"0":"post-7134","1":"product","2":"type-product","3":"status-publish","4":"has-post-thumbnail","6":"product_cat-graphite-products","8":"first","9":"instock","10":"shipping-taxable","11":"product-type-simple"},"yoast_head":"<!-- This site is optimized with the Yoast SEO Premium plugin v19.2.1 (Yoast SEO v25.3) - https:\/\/yoast.com\/wordpress\/plugins\/seo\/ -->\n<title>Large Graphite Block | Jinsun Carbon<\/title>\n<meta name=\"description\" content=\"Large Graphite Block manufacturers &amp; suppliers &amp;factories in China. Buy High Purity High Density Graphite Blocks for Casting at the best Price.\" \/>\n<meta name=\"robots\" content=\"index, follow, max-snippet:-1, max-image-preview:large, max-video-preview:-1\" \/>\n<link rel=\"canonical\" href=\"https:\/\/jinsuncarbon.com\/fr\/produit-2\/grand-bloc-de-graphite\/\" \/>\n<meta property=\"og:locale\" content=\"fr_FR\" \/>\n<meta property=\"og:type\" content=\"article\" \/>\n<meta property=\"og:title\" content=\"Large Graphite Block\" \/>\n<meta property=\"og:description\" content=\"Large Graphite Block manufacturers &amp; suppliers &amp;factories in China. Buy High Purity High Density Graphite Blocks for Casting at the best Price.\" \/>\n<meta property=\"og:url\" content=\"https:\/\/jinsuncarbon.com\/fr\/produit-2\/grand-bloc-de-graphite\/\" \/>\n<meta property=\"og:site_name\" content=\"Jinsun Carbon\" \/>\n<meta property=\"article:publisher\" content=\"https:\/\/www.facebook.com\/Graphite-Electrode-109336238661595\" \/>\n<meta property=\"article:modified_time\" content=\"2024-12-26T16:02:31+00:00\" \/>\n<meta property=\"og:image\" content=\"https:\/\/jinsuncarbon.com\/wp-content\/uploads\/2024\/12\/Large-Graphite-Block.jpg\" \/>\n\t<meta property=\"og:image:width\" content=\"1024\" \/>\n\t<meta property=\"og:image:height\" content=\"763\" \/>\n\t<meta property=\"og:image:type\" content=\"image\/jpeg\" \/>\n<meta name=\"twitter:card\" content=\"summary_large_image\" \/>\n<meta name=\"twitter:site\" content=\"@jinsuncarbon_\" \/>\n<meta name=\"twitter:label1\" content=\"Dur\u00e9e de lecture estim\u00e9e\" \/>\n\t<meta name=\"twitter:data1\" content=\"3 minutes\" \/>\n<script type=\"application\/ld+json\" class=\"yoast-schema-graph\">{\"@context\":\"https:\/\/schema.org\",\"@graph\":[{\"@type\":\"WebPage\",\"@id\":\"https:\/\/jinsuncarbon.com\/product\/large-graphite-block\/\",\"url\":\"https:\/\/jinsuncarbon.com\/product\/large-graphite-block\/\",\"name\":\"Large Graphite Block | Jinsun Carbon\",\"isPartOf\":{\"@id\":\"https:\/\/jinsuncarbon.com\/#website\"},\"primaryImageOfPage\":{\"@id\":\"https:\/\/jinsuncarbon.com\/product\/large-graphite-block\/#primaryimage\"},\"image\":{\"@id\":\"https:\/\/jinsuncarbon.com\/product\/large-graphite-block\/#primaryimage\"},\"thumbnailUrl\":\"https:\/\/jinsuncarbon.com\/wp-content\/uploads\/2024\/12\/Large-Graphite-Block.jpg\",\"datePublished\":\"2024-12-26T16:02:30+00:00\",\"dateModified\":\"2024-12-26T16:02:31+00:00\",\"description\":\"Large Graphite Block manufacturers & suppliers &factories in China. Buy High Purity High Density Graphite Blocks for Casting at the best Price.\",\"breadcrumb\":{\"@id\":\"https:\/\/jinsuncarbon.com\/product\/large-graphite-block\/#breadcrumb\"},\"inLanguage\":\"fr-FR\",\"potentialAction\":[{\"@type\":\"ReadAction\",\"target\":[\"https:\/\/jinsuncarbon.com\/product\/large-graphite-block\/\"]}]},{\"@type\":\"ImageObject\",\"inLanguage\":\"fr-FR\",\"@id\":\"https:\/\/jinsuncarbon.com\/product\/large-graphite-block\/#primaryimage\",\"url\":\"https:\/\/jinsuncarbon.com\/wp-content\/uploads\/2024\/12\/Large-Graphite-Block.jpg\",\"contentUrl\":\"https:\/\/jinsuncarbon.com\/wp-content\/uploads\/2024\/12\/Large-Graphite-Block.jpg\",\"width\":1024,\"height\":763,\"caption\":\"Large Graphite Block\"},{\"@type\":\"BreadcrumbList\",\"@id\":\"https:\/\/jinsuncarbon.com\/product\/large-graphite-block\/#breadcrumb\",\"itemListElement\":[{\"@type\":\"ListItem\",\"position\":1,\"name\":\"Home\",\"item\":\"https:\/\/jinsuncarbon.com\/\"},{\"@type\":\"ListItem\",\"position\":2,\"name\":\"Products\",\"item\":\"https:\/\/jinsuncarbon.com\/graphite-carbon\/\"},{\"@type\":\"ListItem\",\"position\":3,\"name\":\"Large Graphite Block\"}]},{\"@type\":\"WebSite\",\"@id\":\"https:\/\/jinsuncarbon.com\/#website\",\"url\":\"https:\/\/jinsuncarbon.com\/\",\"name\":\"Jinsun Carbon\",\"description\":\"We are the successful graphite electrode manufacturer in China\",\"publisher\":{\"@id\":\"https:\/\/jinsuncarbon.com\/#organization\"},\"potentialAction\":[{\"@type\":\"SearchAction\",\"target\":{\"@type\":\"EntryPoint\",\"urlTemplate\":\"https:\/\/jinsuncarbon.com\/?s={search_term_string}\"},\"query-input\":{\"@type\":\"PropertyValueSpecification\",\"valueRequired\":true,\"valueName\":\"search_term_string\"}}],\"inLanguage\":\"fr-FR\"},{\"@type\":\"Organization\",\"@id\":\"https:\/\/jinsuncarbon.com\/#organization\",\"name\":\"Jinsun Carbon\",\"alternateName\":\"Jinsun Carbon\",\"url\":\"https:\/\/jinsuncarbon.com\/\",\"logo\":{\"@type\":\"ImageObject\",\"inLanguage\":\"fr-FR\",\"@id\":\"https:\/\/jinsuncarbon.com\/#\/schema\/logo\/image\/\",\"url\":\"https:\/\/jinsuncarbon.com\/wp-content\/uploads\/2022\/12\/LOGO-1.png\",\"contentUrl\":\"https:\/\/jinsuncarbon.com\/wp-content\/uploads\/2022\/12\/LOGO-1.png\",\"width\":207,\"height\":80,\"caption\":\"Jinsun Carbon\"},\"image\":{\"@id\":\"https:\/\/jinsuncarbon.com\/#\/schema\/logo\/image\/\"},\"sameAs\":[\"https:\/\/www.facebook.com\/Graphite-Electrode-109336238661595\",\"https:\/\/x.com\/jinsuncarbon_\",\"https:\/\/www.linkedin.com\/in\/jinsungraphite\",\"https:\/\/www.youtube.com\/channel\/UCysDNyvyR5-3cCWEmpkVC0g\"]}]}<\/script>\n<!-- \/ Yoast SEO Premium plugin. -->","yoast_head_json":{"title":"Bloc de graphite de grande taille | Jinsun Carbon","description":"Blocs de graphite de grande taille, fabricants, fournisseurs et usines en Chine. Achetez des blocs de graphite de haute puret\u00e9 et de haute densit\u00e9 pour le moulage au meilleur prix.","robots":{"index":"index","follow":"follow","max-snippet":"max-snippet:-1","max-image-preview":"max-image-preview:large","max-video-preview":"max-video-preview:-1"},"canonical":"https:\/\/jinsuncarbon.com\/fr\/produit-2\/grand-bloc-de-graphite\/","og_locale":"fr_FR","og_type":"article","og_title":"Large Graphite Block","og_description":"Large Graphite Block manufacturers & suppliers &factories in China. Buy High Purity High Density Graphite Blocks for Casting at the best Price.","og_url":"https:\/\/jinsuncarbon.com\/fr\/produit-2\/grand-bloc-de-graphite\/","og_site_name":"Jinsun Carbon","article_publisher":"https:\/\/www.facebook.com\/Graphite-Electrode-109336238661595","article_modified_time":"2024-12-26T16:02:31+00:00","og_image":[{"width":1024,"height":763,"url":"https:\/\/jinsuncarbon.com\/wp-content\/uploads\/2024\/12\/Large-Graphite-Block.jpg","type":"image\/jpeg"}],"twitter_card":"summary_large_image","twitter_site":"@jinsuncarbon_","twitter_misc":{"Dur\u00e9e de lecture estim\u00e9e":"3 minutes"},"schema":{"@context":"https:\/\/schema.org","@graph":[{"@type":"WebPage","@id":"https:\/\/jinsuncarbon.com\/product\/large-graphite-block\/","url":"https:\/\/jinsuncarbon.com\/product\/large-graphite-block\/","name":"Bloc de graphite de grande taille | Jinsun Carbon","isPartOf":{"@id":"https:\/\/jinsuncarbon.com\/#website"},"primaryImageOfPage":{"@id":"https:\/\/jinsuncarbon.com\/product\/large-graphite-block\/#primaryimage"},"image":{"@id":"https:\/\/jinsuncarbon.com\/product\/large-graphite-block\/#primaryimage"},"thumbnailUrl":"https:\/\/jinsuncarbon.com\/wp-content\/uploads\/2024\/12\/Large-Graphite-Block.jpg","datePublished":"2024-12-26T16:02:30+00:00","dateModified":"2024-12-26T16:02:31+00:00","description":"Blocs de graphite de grande taille, fabricants, fournisseurs et usines en Chine. Achetez des blocs de graphite de haute puret\u00e9 et de haute densit\u00e9 pour le moulage au meilleur prix.","breadcrumb":{"@id":"https:\/\/jinsuncarbon.com\/product\/large-graphite-block\/#breadcrumb"},"inLanguage":"fr-FR","potentialAction":[{"@type":"ReadAction","target":["https:\/\/jinsuncarbon.com\/product\/large-graphite-block\/"]}]},{"@type":"ImageObject","inLanguage":"fr-FR","@id":"https:\/\/jinsuncarbon.com\/product\/large-graphite-block\/#primaryimage","url":"https:\/\/jinsuncarbon.com\/wp-content\/uploads\/2024\/12\/Large-Graphite-Block.jpg","contentUrl":"https:\/\/jinsuncarbon.com\/wp-content\/uploads\/2024\/12\/Large-Graphite-Block.jpg","width":1024,"height":763,"caption":"Large Graphite Block"},{"@type":"BreadcrumbList","@id":"https:\/\/jinsuncarbon.com\/product\/large-graphite-block\/#breadcrumb","itemListElement":[{"@type":"ListItem","position":1,"name":"Home","item":"https:\/\/jinsuncarbon.com\/"},{"@type":"ListItem","position":2,"name":"Products","item":"https:\/\/jinsuncarbon.com\/graphite-carbon\/"},{"@type":"ListItem","position":3,"name":"Large Graphite Block"}]},{"@type":"WebSite","@id":"https:\/\/jinsuncarbon.com\/#website","url":"https:\/\/jinsuncarbon.com\/","name":"Jinsun Carbon","description":"Nous sommes le fabricant d'\u00e9lectrodes en graphite le plus performant de Chine.","publisher":{"@id":"https:\/\/jinsuncarbon.com\/#organization"},"potentialAction":[{"@type":"SearchAction","target":{"@type":"EntryPoint","urlTemplate":"https:\/\/jinsuncarbon.com\/?s={search_term_string}"},"query-input":{"@type":"PropertyValueSpecification","valueRequired":true,"valueName":"search_term_string"}}],"inLanguage":"fr-FR"},{"@type":"Organization","@id":"https:\/\/jinsuncarbon.com\/#organization","name":"Jinsun Carbon","alternateName":"Jinsun Carbon","url":"https:\/\/jinsuncarbon.com\/","logo":{"@type":"ImageObject","inLanguage":"fr-FR","@id":"https:\/\/jinsuncarbon.com\/#\/schema\/logo\/image\/","url":"https:\/\/jinsuncarbon.com\/wp-content\/uploads\/2022\/12\/LOGO-1.png","contentUrl":"https:\/\/jinsuncarbon.com\/wp-content\/uploads\/2022\/12\/LOGO-1.png","width":207,"height":80,"caption":"Jinsun Carbon"},"image":{"@id":"https:\/\/jinsuncarbon.com\/#\/schema\/logo\/image\/"},"sameAs":["https:\/\/www.facebook.com\/Graphite-Electrode-109336238661595","https:\/\/x.com\/jinsuncarbon_","https:\/\/www.linkedin.com\/in\/jinsungraphite","https:\/\/www.youtube.com\/channel\/UCysDNyvyR5-3cCWEmpkVC0g"]}]}},"_links":{"self":[{"href":"https:\/\/jinsuncarbon.com\/fr\/wp-json\/wp\/v2\/product\/7134","targetHints":{"allow":["GET"]}}],"collection":[{"href":"https:\/\/jinsuncarbon.com\/fr\/wp-json\/wp\/v2\/product"}],"about":[{"href":"https:\/\/jinsuncarbon.com\/fr\/wp-json\/wp\/v2\/types\/product"}],"wp:featuredmedia":[{"embeddable":true,"href":"https:\/\/jinsuncarbon.com\/fr\/wp-json\/wp\/v2\/media\/7135"}],"wp:attachment":[{"href":"https:\/\/jinsuncarbon.com\/fr\/wp-json\/wp\/v2\/media?parent=7134"}],"wp:term":[{"taxonomy":"product_brand","embeddable":true,"href":"https:\/\/jinsuncarbon.com\/fr\/wp-json\/wp\/v2\/product_brand?post=7134"},{"taxonomy":"product_cat","embeddable":true,"href":"https:\/\/jinsuncarbon.com\/fr\/wp-json\/wp\/v2\/product_cat?post=7134"},{"taxonomy":"product_tag","embeddable":true,"href":"https:\/\/jinsuncarbon.com\/fr\/wp-json\/wp\/v2\/product_tag?post=7134"}],"curies":[{"name":"wp","href":"https:\/\/api.w.org\/{rel}","templated":true}]}}