{"id":7108,"date":"2024-12-22T11:48:17","date_gmt":"2024-12-22T11:48:17","guid":{"rendered":"https:\/\/jinsuncarbon.com\/?post_type=product&#038;p=7108"},"modified":"2024-12-22T11:48:52","modified_gmt":"2024-12-22T11:48:52","slug":"rotor-en-graphite","status":"publish","type":"product","link":"https:\/\/jinsuncarbon.com\/fr\/produit-2\/rotor-en-graphite\/","title":{"rendered":"Rotor en graphite"},"content":{"rendered":"<h2>Rotor et arbre en graphite<\/h2>\n<h3>Durabilit\u00e9<\/h3>\n<p>Le graphite est largement connu pour sa r\u00e9sistance dans les atmosph\u00e8res difficiles. R\u00e9sistants \u00e0 l'usure par nature, les rotors et les arbres en graphite durent plus longtemps que les rotors et les arbres en m\u00e9tal ou en polym\u00e8re. Ils peuvent r\u00e9sister au broyage continu, \u00e0 l'abrasion et aux contraintes, ce qui en fait un mat\u00e9riau id\u00e9al pour les industries qui exigent un travail intensif.<\/p>\n<h3>R\u00e9sistance \u00e0 la corrosion<\/h3>\n<p>Une autre propri\u00e9t\u00e9 \u00e9tonnante du graphite est sa r\u00e9sistance \u00e0 la corrosion de haute qualit\u00e9. Contrairement aux m\u00e9taux, le graphite ne se corrode pas et ne se d\u00e9grade pas en pr\u00e9sence d'humidit\u00e9, d'acides ou de produits chimiques. Les rotors et les arbres en graphite sont particuli\u00e8rement bien adapt\u00e9s \u00e0 une utilisation dans des industries telles que le traitement chimique et les raffineries de p\u00e9trole, o\u00f9 les substances corrosives sont courantes.<\/p>\n<h3>R\u00e9sistance aux temp\u00e9ratures \u00e9lev\u00e9es<\/h3>\n<p>Une autre raison pour laquelle le graphite convient aux applications \u00e0 haute temp\u00e9rature est qu'il r\u00e9siste aux temp\u00e9ratures \u00e9lev\u00e9es. Utilis\u00e9 dans des applications allant de la production d'\u00e9nergie aux machines dans les fours, le graphite peut fonctionner \u00e0 des temp\u00e9ratures allant jusqu'\u00e0 1649\u00b0C (3000\u00b0F) sans se d\u00e9grader. Le rotor et l'arbre r\u00e9sisteront aux environnements extr\u00eames et \u00e0 haute temp\u00e9rature sans tomber en panne et donc sans \u00eatre sabot\u00e9s.<\/p>\n<h3>Faible friction<\/h3>\n<p>Le graphite agit naturellement comme un lubrifiant, r\u00e9duisant la friction lorsque les pi\u00e8ces mobiles se heurtent les unes aux autres. Cela signifie moins d'usure, moins d'\u00e9nergie et des temp\u00e9ratures de fonctionnement plus basses. La faible friction permet \u00e9galement d'\u00e9viter la surchauffe et la n\u00e9cessit\u00e9 d'une lubrification suppl\u00e9mentaire, qui peut s'av\u00e9rer co\u00fbteuse, encombrante, etc.<\/p>\n<h3>L\u00e9ger<\/h3>\n<p>Le graphite est un mat\u00e9riau l\u00e9ger par rapport aux m\u00e9taux tels que l'acier ou le fer. Il est \u00e9galement plus facile de travailler avec des rotors et des arbres en graphite, ce qui all\u00e8ge la charge des machines. Le graphite offre tous les avantages d'une utilisation dans les moteurs \u00e9lectriques ou m\u00eame dans les \u00e9quipements a\u00e9rospatiaux, o\u00f9 le poids est un facteur \u00e0 prendre en compte.<\/p>\n<h3>Conductivit\u00e9 \u00e9lectrique<\/h3>\n<p>Le graphite est l'un des meilleurs conducteurs de couleur noire, ce qui le rend utile pour les applications o\u00f9 la r\u00e9sistance \u00e9lectrique est un probl\u00e8me, comme les moteurs \u00e9lectriques ou les g\u00e9n\u00e9rateurs \u00e9lectriques. Le graphite est \u00e9galement un excellent conducteur d'\u00e9lectricit\u00e9, ce qui en fait un mat\u00e9riau int\u00e9ressant pour les applications \u00e9lectriques et \u00e9lectroniques en raison de sa capacit\u00e9 \u00e0 transf\u00e9rer efficacement l'\u00e9nergie.<\/p>\n<h3>Personnalisation<\/h3>\n<p>Les rotors et les arbres en graphite peuvent \u00eatre personnalis\u00e9s en fonction des exigences de chaque application. Ces sp\u00e9cifications comprennent la taille, la forme et la composition du mat\u00e9riau, qui peuvent \u00eatre adapt\u00e9es pour r\u00e9pondre aux exigences de diff\u00e9rentes machines. Qu'il s'agisse d'un petit arbre pour un outil de pr\u00e9cision ou d'un grand rotor pour un \u00e9quipement \u00e0 usage industriel, le graphite se pr\u00eate \u00e0 diff\u00e9rentes conceptions.<\/p>\n<h3>Applications du rotor et de l'arbre en graphite<\/h3>\n<p>Traitement chimique<\/p>\n<p>Dans l'industrie chimique, les \u00e9quipements sont r\u00e9guli\u00e8rement en contact avec des produits chimiques agressifs, des solvants et des acides. Le graphite, dont la r\u00e9sistance \u00e0 la corrosion en fait le mat\u00e9riau de pr\u00e9dilection pour les rotors et les arbres des pompes, des m\u00e9langeurs et des r\u00e9acteurs, est un excellent exemple des avantages qu'offre l'utilisation du graphite. Ces composants offrent une fiabilit\u00e9 constante dans des environnements qui \u00e9roderaient rapidement les mat\u00e9riaux standard.<\/p>\n<p>&nbsp;<\/p>\n<p>Fonte d'aluminium<\/p>\n<p>Les arbres de rotor en graphite sont des pi\u00e8ces sp\u00e9cialement con\u00e7ues pour l'agitation des liquides d'aluminium dans l'industrie. Ces pi\u00e8ces sont souvent utilis\u00e9es dans le traitement des m\u00e9taux en fusion, o\u00f9 elles sont essentielles pour m\u00e9langer et homog\u00e9n\u00e9iser l'aluminium pendant la coul\u00e9e ou d'autres processus de production. Le graphite est s\u00e9lectionn\u00e9 en raison de ses caract\u00e9ristiques exceptionnelles, qui lui permettent de r\u00e9sister \u00e0 des conditions extr\u00eames dans lesquelles d'autres mat\u00e9riaux se d\u00e9t\u00e9rioreraient.<\/p>\n<p>Par exemple, dans le traitement de l'aluminium, le rotor et l'arbre doivent pouvoir r\u00e9sister \u00e0 une chaleur extr\u00eame, \u00e0 l'abrasion et \u00e0 la propri\u00e9t\u00e9 corrosive de l'aluminium en fusion. <a href=\"https:\/\/en.wikipedia.org\/wiki\/Aluminium#:~:text=Aluminium%20(or%20aluminum%20in%20North,surface%20when%20exposed%20to%20air.\" target=\"_blank\" rel=\"noopener\">aluminium<\/a>. Le graphite r\u00e9siste \u00e0 ces conditions et garantit que l'\u00e9quipement continue \u00e0 se d\u00e9velopper pendant de longues p\u00e9riodes.<\/p>\n<p>&nbsp;<\/p>\n<h3>Sp\u00e9cifications du rotor et de l'arbre en graphite<\/h3>\n<p>Composition du mat\u00e9riau<\/p>\n<ul>\n<li>Graphite pur - Id\u00e9al pour les applications courantes : Applications r\u00e9guli\u00e8res n\u00e9cessitant une r\u00e9sistance \u00e0 la corrosion et une tol\u00e9rance \u00e0 la chaleur.<\/li>\n<li>Graphite impr\u00e9gn\u00e9 : Pour les applications lourdes n\u00e9cessitant une r\u00e9sistance et une durabilit\u00e9 suppl\u00e9mentaires. En particulier, le graphite impr\u00e9gn\u00e9 pr\u00e9sente une r\u00e9sistance sup\u00e9rieure \u00e0 l'usure.<\/li>\n<li>Composites graphite-carbone : Il s'agit d'un m\u00e9lange de graphite et de carbone qui offre une r\u00e9sistance et une durabilit\u00e9 accrues pour les applications \u00e0 forte charge. <a href=\"https:\/\/jinsuncarbon.com\/fr\/produit-2\/carbone-carbone-composite\/\">carbone<\/a>.<\/li>\n<\/ul>\n<p>Dimensions<\/p>\n<p>Les rotors et les arbres en graphite peuvent \u00eatre fabriqu\u00e9s dans n'importe quelle taille et n'importe quel diam\u00e8tre, ce qui permet de les adapter \u00e0 votre \u00e9quipement. Ils n\u00e9cessitent des pi\u00e8ces de pr\u00e9cision dont les dimensions varient consid\u00e9rablement, depuis les petites pi\u00e8ces utilis\u00e9es dans les moteurs et les pompes jusqu'aux grandes pi\u00e8ces destin\u00e9es aux machines industrielles.<\/p>\n<p>R\u00e9sistance \u00e0 la temp\u00e9rature<\/p>\n<p>Selon le type, les rotors et les arbres en graphite peuvent avoir des limites de temp\u00e9rature de fonctionnement normales allant jusqu'\u00e0 1649\u00b0C (3000\u00b0F) pour les applications \u00e0 haute temp\u00e9rature.<\/p>\n<p>Coefficient de friction<\/p>\n<p>Les propri\u00e9t\u00e9s lubrifiantes naturelles du graphite permettent d'obtenir un coefficient de frottement extr\u00eamement faible. Cela r\u00e9duit l'usure, la chaleur et la consommation d'\u00e9nergie inutile, ce qui rend ce mat\u00e9riau dynamique remarquablement efficace en termes de puissance pour les pi\u00e8ces rotatives.<\/p>\n<p>Conductivit\u00e9<\/p>\n<p>Le graphite \u00e9tant un bon conducteur d'\u00e9lectricit\u00e9, il convient aux moteurs \u00e9lectriques, aux g\u00e9n\u00e9rateurs et \u00e0 d'autres syst\u00e8mes \u00e9lectriques. Selon la qualit\u00e9 du mat\u00e9riau utilis\u00e9, sa conductivit\u00e9 \u00e9lectrique peut varier.<\/p>\n<p>Poids<\/p>\n<p><a href=\"https:\/\/jinsuncarbon.com\/fr\/les-utilisations-du-graphite\/\">Graphite<\/a> est beaucoup plus l\u00e9ger que les m\u00e9taux tels que l'acier ou le fer, ce qui r\u00e9duit le poids total des machines et des composants. Dans des applications telles que <a href=\"https:\/\/en.wikipedia.org\/wiki\/Aerospace\" target=\"_blank\" rel=\"noopener\">a\u00e9rospatiale<\/a> ou les moteurs \u00e9lectriques, o\u00f9 le poids doit \u00eatre r\u00e9duit au minimum, cela peut \u00eatre particuli\u00e8rement important.<\/p>\n<p>Capacit\u00e9 de charge<\/p>\n<p>Les composites en graphite peuvent s'adapter \u00e0 pratiquement toutes les applications porteuses. En fonction de la qualit\u00e9 du graphite utilis\u00e9, ces composants peuvent avoir de bonnes performances dans les syst\u00e8mes l\u00e9gers comme dans les syst\u00e8mes lourds.<\/p>\n<p>&nbsp;<\/p>","protected":false},"excerpt":{"rendered":"<p>Les rotors et les arbres en graphite sont g\u00e9n\u00e9ralement fabriqu\u00e9s \u00e0 partir de mat\u00e9riaux en graphite de haute densit\u00e9 et de haute puret\u00e9, pr\u00e9sentant une bonne r\u00e9sistance \u00e0 la temp\u00e9rature et \u00e0 la corrosion. Ils sont principalement utilis\u00e9s pour la fusion de l'aluminium et ont pour fonction de remuer et de d\u00e9gazer le liquide d'aluminium, d'\u00e9vacuer l'hydrog\u00e8ne et les impuret\u00e9s et de r\u00e9duire la porosit\u00e9 de la coul\u00e9e, am\u00e9liorant ainsi la puret\u00e9 et la qualit\u00e9 des produits en aluminium. Ils sont particuli\u00e8rement appr\u00e9ci\u00e9s dans les industries qui exigent une pr\u00e9cision et une durabilit\u00e9 extr\u00eamement \u00e9lev\u00e9es, notamment le traitement chimique, la fonte des m\u00e9taux et le moulage.<\/p>","protected":false},"featured_media":7109,"template":"","meta":[],"product_brand":[],"product_cat":[38],"product_tag":[],"class_list":{"0":"post-7108","1":"product","2":"type-product","3":"status-publish","4":"has-post-thumbnail","6":"product_cat-graphite-products","8":"first","9":"instock","10":"shipping-taxable","11":"product-type-simple"},"yoast_head":"<!-- This site is optimized with the Yoast SEO Premium plugin v19.2.1 (Yoast SEO v25.3) - https:\/\/yoast.com\/wordpress\/plugins\/seo\/ -->\n<title>Graphite Rotor for Aluminum Melting | Jinsun Carbon<\/title>\n<meta name=\"description\" content=\"The graphite rotor is composed of a rotor and a shaft in aluminum alloy smelting. It improves the purity of aluminum and aluminum alloy by stirring and degassing the aluminum liquid.\" \/>\n<meta name=\"robots\" content=\"index, follow, max-snippet:-1, max-image-preview:large, max-video-preview:-1\" \/>\n<link rel=\"canonical\" href=\"https:\/\/jinsuncarbon.com\/fr\/produit-2\/rotor-en-graphite\/\" \/>\n<meta property=\"og:locale\" content=\"fr_FR\" \/>\n<meta property=\"og:type\" content=\"article\" \/>\n<meta property=\"og:title\" content=\"Graphite Rotor\" \/>\n<meta property=\"og:description\" content=\"The graphite rotor is composed of a rotor and a shaft in aluminum alloy smelting. It improves the purity of aluminum and aluminum alloy by stirring and degassing the aluminum liquid.\" \/>\n<meta property=\"og:url\" content=\"https:\/\/jinsuncarbon.com\/fr\/produit-2\/rotor-en-graphite\/\" \/>\n<meta property=\"og:site_name\" content=\"Jinsun Carbon\" \/>\n<meta property=\"article:publisher\" content=\"https:\/\/www.facebook.com\/Graphite-Electrode-109336238661595\" \/>\n<meta property=\"article:modified_time\" content=\"2024-12-22T11:48:52+00:00\" \/>\n<meta property=\"og:image\" content=\"https:\/\/jinsuncarbon.com\/wp-content\/uploads\/2024\/12\/Graphite-Rotor-and-Shaft.jpg\" \/>\n\t<meta property=\"og:image:width\" content=\"1024\" \/>\n\t<meta property=\"og:image:height\" content=\"763\" \/>\n\t<meta property=\"og:image:type\" content=\"image\/jpeg\" \/>\n<meta name=\"twitter:card\" content=\"summary_large_image\" \/>\n<meta name=\"twitter:site\" content=\"@jinsuncarbon_\" \/>\n<meta name=\"twitter:label1\" content=\"Dur\u00e9e de lecture estim\u00e9e\" \/>\n\t<meta name=\"twitter:data1\" content=\"4 minutes\" \/>\n<script type=\"application\/ld+json\" class=\"yoast-schema-graph\">{\"@context\":\"https:\/\/schema.org\",\"@graph\":[{\"@type\":\"WebPage\",\"@id\":\"https:\/\/jinsuncarbon.com\/product\/graphite-rotor\/\",\"url\":\"https:\/\/jinsuncarbon.com\/product\/graphite-rotor\/\",\"name\":\"Graphite Rotor for Aluminum Melting | Jinsun Carbon\",\"isPartOf\":{\"@id\":\"https:\/\/jinsuncarbon.com\/#website\"},\"primaryImageOfPage\":{\"@id\":\"https:\/\/jinsuncarbon.com\/product\/graphite-rotor\/#primaryimage\"},\"image\":{\"@id\":\"https:\/\/jinsuncarbon.com\/product\/graphite-rotor\/#primaryimage\"},\"thumbnailUrl\":\"https:\/\/jinsuncarbon.com\/wp-content\/uploads\/2024\/12\/Graphite-Rotor-and-Shaft.jpg\",\"datePublished\":\"2024-12-22T11:48:17+00:00\",\"dateModified\":\"2024-12-22T11:48:52+00:00\",\"description\":\"The graphite rotor is composed of a rotor and a shaft in aluminum alloy smelting. It improves the purity of aluminum and aluminum alloy by stirring and degassing the aluminum liquid.\",\"breadcrumb\":{\"@id\":\"https:\/\/jinsuncarbon.com\/product\/graphite-rotor\/#breadcrumb\"},\"inLanguage\":\"fr-FR\",\"potentialAction\":[{\"@type\":\"ReadAction\",\"target\":[\"https:\/\/jinsuncarbon.com\/product\/graphite-rotor\/\"]}]},{\"@type\":\"ImageObject\",\"inLanguage\":\"fr-FR\",\"@id\":\"https:\/\/jinsuncarbon.com\/product\/graphite-rotor\/#primaryimage\",\"url\":\"https:\/\/jinsuncarbon.com\/wp-content\/uploads\/2024\/12\/Graphite-Rotor-and-Shaft.jpg\",\"contentUrl\":\"https:\/\/jinsuncarbon.com\/wp-content\/uploads\/2024\/12\/Graphite-Rotor-and-Shaft.jpg\",\"width\":1024,\"height\":763,\"caption\":\"Graphite Rotor and Shaft\"},{\"@type\":\"BreadcrumbList\",\"@id\":\"https:\/\/jinsuncarbon.com\/product\/graphite-rotor\/#breadcrumb\",\"itemListElement\":[{\"@type\":\"ListItem\",\"position\":1,\"name\":\"Home\",\"item\":\"https:\/\/jinsuncarbon.com\/\"},{\"@type\":\"ListItem\",\"position\":2,\"name\":\"Products\",\"item\":\"https:\/\/jinsuncarbon.com\/graphite-carbon\/\"},{\"@type\":\"ListItem\",\"position\":3,\"name\":\"Graphite Rotor\"}]},{\"@type\":\"WebSite\",\"@id\":\"https:\/\/jinsuncarbon.com\/#website\",\"url\":\"https:\/\/jinsuncarbon.com\/\",\"name\":\"Jinsun Carbon\",\"description\":\"We are the successful graphite electrode manufacturer in China\",\"publisher\":{\"@id\":\"https:\/\/jinsuncarbon.com\/#organization\"},\"potentialAction\":[{\"@type\":\"SearchAction\",\"target\":{\"@type\":\"EntryPoint\",\"urlTemplate\":\"https:\/\/jinsuncarbon.com\/?s={search_term_string}\"},\"query-input\":{\"@type\":\"PropertyValueSpecification\",\"valueRequired\":true,\"valueName\":\"search_term_string\"}}],\"inLanguage\":\"fr-FR\"},{\"@type\":\"Organization\",\"@id\":\"https:\/\/jinsuncarbon.com\/#organization\",\"name\":\"Jinsun Carbon\",\"alternateName\":\"Jinsun Carbon\",\"url\":\"https:\/\/jinsuncarbon.com\/\",\"logo\":{\"@type\":\"ImageObject\",\"inLanguage\":\"fr-FR\",\"@id\":\"https:\/\/jinsuncarbon.com\/#\/schema\/logo\/image\/\",\"url\":\"https:\/\/jinsuncarbon.com\/wp-content\/uploads\/2022\/12\/LOGO-1.png\",\"contentUrl\":\"https:\/\/jinsuncarbon.com\/wp-content\/uploads\/2022\/12\/LOGO-1.png\",\"width\":207,\"height\":80,\"caption\":\"Jinsun Carbon\"},\"image\":{\"@id\":\"https:\/\/jinsuncarbon.com\/#\/schema\/logo\/image\/\"},\"sameAs\":[\"https:\/\/www.facebook.com\/Graphite-Electrode-109336238661595\",\"https:\/\/x.com\/jinsuncarbon_\",\"https:\/\/www.linkedin.com\/in\/jinsungraphite\",\"https:\/\/www.youtube.com\/channel\/UCysDNyvyR5-3cCWEmpkVC0g\"]}]}<\/script>\n<!-- \/ Yoast SEO Premium plugin. -->","yoast_head_json":{"title":"Rotor en graphite pour la fusion de l'aluminium | Jinsun Carbon","description":"Le rotor en graphite est compos\u00e9 d'un rotor et d'un arbre dans la fusion des alliages d'aluminium. Il am\u00e9liore la puret\u00e9 de l'aluminium et de l'alliage d'aluminium en agitant et en d\u00e9gazant le liquide d'aluminium.","robots":{"index":"index","follow":"follow","max-snippet":"max-snippet:-1","max-image-preview":"max-image-preview:large","max-video-preview":"max-video-preview:-1"},"canonical":"https:\/\/jinsuncarbon.com\/fr\/produit-2\/rotor-en-graphite\/","og_locale":"fr_FR","og_type":"article","og_title":"Graphite Rotor","og_description":"The graphite rotor is composed of a rotor and a shaft in aluminum alloy smelting. It improves the purity of aluminum and aluminum alloy by stirring and degassing the aluminum liquid.","og_url":"https:\/\/jinsuncarbon.com\/fr\/produit-2\/rotor-en-graphite\/","og_site_name":"Jinsun Carbon","article_publisher":"https:\/\/www.facebook.com\/Graphite-Electrode-109336238661595","article_modified_time":"2024-12-22T11:48:52+00:00","og_image":[{"width":1024,"height":763,"url":"https:\/\/jinsuncarbon.com\/wp-content\/uploads\/2024\/12\/Graphite-Rotor-and-Shaft.jpg","type":"image\/jpeg"}],"twitter_card":"summary_large_image","twitter_site":"@jinsuncarbon_","twitter_misc":{"Dur\u00e9e de lecture estim\u00e9e":"4 minutes"},"schema":{"@context":"https:\/\/schema.org","@graph":[{"@type":"WebPage","@id":"https:\/\/jinsuncarbon.com\/product\/graphite-rotor\/","url":"https:\/\/jinsuncarbon.com\/product\/graphite-rotor\/","name":"Rotor en graphite pour la fusion de l'aluminium | Jinsun Carbon","isPartOf":{"@id":"https:\/\/jinsuncarbon.com\/#website"},"primaryImageOfPage":{"@id":"https:\/\/jinsuncarbon.com\/product\/graphite-rotor\/#primaryimage"},"image":{"@id":"https:\/\/jinsuncarbon.com\/product\/graphite-rotor\/#primaryimage"},"thumbnailUrl":"https:\/\/jinsuncarbon.com\/wp-content\/uploads\/2024\/12\/Graphite-Rotor-and-Shaft.jpg","datePublished":"2024-12-22T11:48:17+00:00","dateModified":"2024-12-22T11:48:52+00:00","description":"Le rotor en graphite est compos\u00e9 d'un rotor et d'un arbre dans la fusion des alliages d'aluminium. Il am\u00e9liore la puret\u00e9 de l'aluminium et de l'alliage d'aluminium en agitant et en d\u00e9gazant le liquide d'aluminium.","breadcrumb":{"@id":"https:\/\/jinsuncarbon.com\/product\/graphite-rotor\/#breadcrumb"},"inLanguage":"fr-FR","potentialAction":[{"@type":"ReadAction","target":["https:\/\/jinsuncarbon.com\/product\/graphite-rotor\/"]}]},{"@type":"ImageObject","inLanguage":"fr-FR","@id":"https:\/\/jinsuncarbon.com\/product\/graphite-rotor\/#primaryimage","url":"https:\/\/jinsuncarbon.com\/wp-content\/uploads\/2024\/12\/Graphite-Rotor-and-Shaft.jpg","contentUrl":"https:\/\/jinsuncarbon.com\/wp-content\/uploads\/2024\/12\/Graphite-Rotor-and-Shaft.jpg","width":1024,"height":763,"caption":"Graphite Rotor and Shaft"},{"@type":"BreadcrumbList","@id":"https:\/\/jinsuncarbon.com\/product\/graphite-rotor\/#breadcrumb","itemListElement":[{"@type":"ListItem","position":1,"name":"Home","item":"https:\/\/jinsuncarbon.com\/"},{"@type":"ListItem","position":2,"name":"Products","item":"https:\/\/jinsuncarbon.com\/graphite-carbon\/"},{"@type":"ListItem","position":3,"name":"Graphite Rotor"}]},{"@type":"WebSite","@id":"https:\/\/jinsuncarbon.com\/#website","url":"https:\/\/jinsuncarbon.com\/","name":"Jinsun Carbon","description":"Nous sommes le fabricant d'\u00e9lectrodes en graphite le plus performant de Chine.","publisher":{"@id":"https:\/\/jinsuncarbon.com\/#organization"},"potentialAction":[{"@type":"SearchAction","target":{"@type":"EntryPoint","urlTemplate":"https:\/\/jinsuncarbon.com\/?s={search_term_string}"},"query-input":{"@type":"PropertyValueSpecification","valueRequired":true,"valueName":"search_term_string"}}],"inLanguage":"fr-FR"},{"@type":"Organization","@id":"https:\/\/jinsuncarbon.com\/#organization","name":"Jinsun Carbon","alternateName":"Jinsun Carbon","url":"https:\/\/jinsuncarbon.com\/","logo":{"@type":"ImageObject","inLanguage":"fr-FR","@id":"https:\/\/jinsuncarbon.com\/#\/schema\/logo\/image\/","url":"https:\/\/jinsuncarbon.com\/wp-content\/uploads\/2022\/12\/LOGO-1.png","contentUrl":"https:\/\/jinsuncarbon.com\/wp-content\/uploads\/2022\/12\/LOGO-1.png","width":207,"height":80,"caption":"Jinsun Carbon"},"image":{"@id":"https:\/\/jinsuncarbon.com\/#\/schema\/logo\/image\/"},"sameAs":["https:\/\/www.facebook.com\/Graphite-Electrode-109336238661595","https:\/\/x.com\/jinsuncarbon_","https:\/\/www.linkedin.com\/in\/jinsungraphite","https:\/\/www.youtube.com\/channel\/UCysDNyvyR5-3cCWEmpkVC0g"]}]}},"_links":{"self":[{"href":"https:\/\/jinsuncarbon.com\/fr\/wp-json\/wp\/v2\/product\/7108","targetHints":{"allow":["GET"]}}],"collection":[{"href":"https:\/\/jinsuncarbon.com\/fr\/wp-json\/wp\/v2\/product"}],"about":[{"href":"https:\/\/jinsuncarbon.com\/fr\/wp-json\/wp\/v2\/types\/product"}],"wp:featuredmedia":[{"embeddable":true,"href":"https:\/\/jinsuncarbon.com\/fr\/wp-json\/wp\/v2\/media\/7109"}],"wp:attachment":[{"href":"https:\/\/jinsuncarbon.com\/fr\/wp-json\/wp\/v2\/media?parent=7108"}],"wp:term":[{"taxonomy":"product_brand","embeddable":true,"href":"https:\/\/jinsuncarbon.com\/fr\/wp-json\/wp\/v2\/product_brand?post=7108"},{"taxonomy":"product_cat","embeddable":true,"href":"https:\/\/jinsuncarbon.com\/fr\/wp-json\/wp\/v2\/product_cat?post=7108"},{"taxonomy":"product_tag","embeddable":true,"href":"https:\/\/jinsuncarbon.com\/fr\/wp-json\/wp\/v2\/product_tag?post=7108"}],"curies":[{"name":"wp","href":"https:\/\/api.w.org\/{rel}","templated":true}]}}