{"id":7103,"date":"2024-12-21T15:21:24","date_gmt":"2024-12-21T15:21:24","guid":{"rendered":"https:\/\/jinsuncarbon.com\/?post_type=product&#038;p=7103"},"modified":"2024-12-21T23:29:04","modified_gmt":"2024-12-21T23:29:04","slug":"pate-a-piler","status":"publish","type":"product","link":"https:\/\/jinsuncarbon.com\/fr\/produit-2\/pate-a-piler\/","title":{"rendered":"P\u00e2te de battage"},"content":{"rendered":"<p class=\"ql-align-justify\">Les p\u00e2tes \u00e0 \u00e9peronner comprennent principalement les cat\u00e9gories suivantes.<\/p>\n<h3 class=\"ql-align-justify\">P\u00e2te de battage \u00e0 froid<\/h3>\n<p class=\"ql-align-justify\">Vous pouvez le tasser \u00e0 temp\u00e9rature ambiante, ce qui facilite la construction et ne n\u00e9cessite pas d'\u00e9quipement de chauffage suppl\u00e9mentaire. Il permet de r\u00e9duire efficacement les co\u00fbts de construction et la consommation d'\u00e9nergie. Il poss\u00e8de une certaine plasticit\u00e9 avant la torr\u00e9faction, ce qui lui permet de mieux remplir l'espace entre les blocs de carbone de la cathode. Il forme un lien solide avec le bloc de carbone de la cathode. <a href=\"https:\/\/jinsuncarbon.com\/fr\/produit-2\/blocs-de-carbone\/\">bloc de carbone<\/a> dans le processus de torr\u00e9faction qui s'ensuit. Pour garantir l'int\u00e9grit\u00e9 de la structure de la cathode et la conductivit\u00e9 \u00e9lectrique. Il convient aux usines d'\u00e9lectrolyse de l'aluminium pr\u00e9sentant des exigences particuli\u00e8res en mati\u00e8re de conditions de construction ou d'approvisionnement \u00e9nerg\u00e9tique limit\u00e9. En particulier pour la construction et l'entretien de petites cellules \u00e9lectrolytiques.<\/p>\n<h3 class=\"ql-align-justify\">P\u00e2te de marquage \u00e0 chaud<\/h3>\n<p class=\"ql-align-justify\">Vous devez effectuer la construction de bourrage \u00e0 une temp\u00e9rature plus \u00e9lev\u00e9e, g\u00e9n\u00e9ralement chauff\u00e9e \u00e0 environ 100\u00b0C. Dans ces conditions, la fluidit\u00e9 et l'adh\u00e9rence sont am\u00e9lior\u00e9es. Il peut \u00e9galement remplir plus \u00e9troitement les espaces et les pores du bloc de carbone de la cathode, formant ainsi une structure de cathode plus dense. La conductivit\u00e9 et la r\u00e9sistance \u00e0 l'\u00e9rosion sont ainsi am\u00e9lior\u00e9es. Ce produit convient \u00e0 la construction de cellules \u00e9lectrolytiques en aluminium modernes, efficaces et \u00e0 grande \u00e9chelle. Elle permet d'am\u00e9liorer les performances globales et l'efficacit\u00e9 de production de la cellule d'\u00e9lectrolyse. Cependant, les exigences en mati\u00e8re d'environnement de construction et d'\u00e9quipement de chauffage sont \u00e9lev\u00e9es, et le co\u00fbt de construction est relativement \u00e9lev\u00e9.<\/p>\n<h2 class=\"ql-align-justify\">Avantages<\/h2>\n<p class=\"ql-align-justify\"><strong>Bonne conductivit\u00e9 \u00e9lectrique<\/strong><\/p>\n<p class=\"ql-align-justify\">Il peut conduire efficacement le courant pour assurer le bon d\u00e9roulement de la r\u00e9action \u00e9lectrochimique dans la cellule d'\u00e9lectrolyse.<\/p>\n<p class=\"ql-align-justify\"><strong>R\u00e9sistance aux hautes temp\u00e9ratures<\/strong><\/p>\n<p class=\"ql-align-justify\">Il peut fonctionner de mani\u00e8re stable dans l'environnement \u00e0 haute temp\u00e9rature de l'\u00e9lectrolyse de l'aluminium (environ 950-970 \u00b0C) pendant une longue p\u00e9riode. L'int\u00e9grit\u00e9 de la structure de la cathode est ainsi pr\u00e9serv\u00e9e.<\/p>\n<p class=\"ql-align-justify\"><strong>Bonne adh\u00e9rence avec le bloc de carbone de la cathode<\/strong><\/p>\n<p class=\"ql-align-justify\">Il peut \u00eatre \u00e9troitement combin\u00e9 pour emp\u00eacher la p\u00e9n\u00e9tration de l'\u00e9lectrolyte, ce qui prolonge la dur\u00e9e de vie de la cathode.<\/p>\n<p class=\"ql-align-justify\">En outre, nous pouvons personnaliser la p\u00e2te de battage en fonction de la conception de la cellule d'\u00e9lectrolyse et des exigences du processus de production. Pour r\u00e9pondre aux divers besoins de production et assurer la stabilit\u00e9 et l'efficacit\u00e9 de la production \u00e9lectrolytique d'aluminium.<\/p>\n<h2 class=\"ql-align-justify\">Utilisations de la p\u00e2te \u00e0 piler<\/h2>\n<p class=\"ql-align-justify\">La p\u00e2te de battage est largement utilis\u00e9e dans l'industrie de l'\u00e9lectrolyse de l'aluminium.<\/p>\n<p class=\"ql-align-justify\">Dans le processus d'assemblage de la cellule \u00e9lectrolytique en aluminium, la p\u00e2te de battage \u00e0 froid ou la p\u00e2te de battage \u00e0 chaud sera remplie avec pr\u00e9cision dans l'espace de la cellule \u00e9lectrolytique en aluminium. <a href=\"https:\/\/jinsuncarbon.com\/fr\/produit-2\/bloc-cathodique\/\">bloc de carbone cathodique<\/a> en fonction de la situation r\u00e9elle. Apr\u00e8s le grillage et le durcissement, une base cathodique conductrice compl\u00e8te avec d'excellentes performances sera construite pour cr\u00e9er un chemin de transport d'\u00e9lectrons pour la r\u00e9action de r\u00e9duction des ions d'aluminium. Elle garantit une r\u00e9action \u00e9lectrolytique stable et efficace.<\/p>\n<p class=\"ql-align-justify\">Dans le m\u00eame temps, vous pouvez utiliser la p\u00e2te \u00e0 pilonner sur le c\u00f4t\u00e9 pour prot\u00e9ger efficacement la structure lat\u00e9rale de la <a href=\"https:\/\/en.wikipedia.org\/wiki\/Electrolytic_cell\" target=\"_blank\" rel=\"noopener\">cellule \u00e9lectrolytique<\/a>. Et r\u00e9sister \u00e0 l'\u00e9rosion de l'\u00e9lectrolyte \u00e0 haute temp\u00e9rature et \u00e0 la corrosion. <a href=\"https:\/\/en.wikipedia.org\/wiki\/Aluminium#:~:text=Aluminium%20(or%20aluminum%20in%20North,surface%20when%20exposed%20to%20air.\" target=\"_blank\" rel=\"noopener\">aluminium<\/a> liquide. Maintenir l'\u00e9quilibre thermique de la cellule \u00e9lectrolytique et l'\u00e9tat stable du rev\u00eatement, r\u00e9duire la perte de chaleur. Am\u00e9liorer les avantages \u00e9conomiques et la s\u00e9curit\u00e9 de la production \u00e9lectrolytique.<\/p>\n<p class=\"ql-align-justify\">En outre, diff\u00e9rents types de p\u00e2te \u00e0 pilonner ayant leurs propres caract\u00e9ristiques, ils sont utilis\u00e9s non seulement dans la construction initiale de nouvelles cellules d'\u00e9lectrolyse, mais aussi dans l'entretien et la r\u00e9novation d'anciennes cellules d'\u00e9lectrolyse. Le d\u00e9veloppement durable et r\u00e9gulier de l'industrie de l'aluminium doit reposer sur des bases solides. Il s'agit du mat\u00e9riau de base essentiel dans la production de l'\u00e9lectrolyse de l'aluminium.<\/p>","protected":false},"excerpt":{"rendered":"<p>La p\u00e2te de battage est une sorte de p\u00e2te de carbone, \u00e9galement connue sous le nom de p\u00e2te de bourrage. Il en existe deux types : la p\u00e2te de battage \u00e0 froid et la p\u00e2te de battage \u00e0 chaud. Elle est principalement utilis\u00e9e pour poser des blocs de carbone cathodique, combler les interstices cathodiques, coller les barres d'acier cathodiques, etc. dans les cellules \u00e9lectrolytiques en aluminium. La p\u00e2te de battage est compos\u00e9e d'anthracite, de coke, de graphite, d'asphalte et d'autres mati\u00e8res premi\u00e8res dans une proportion sp\u00e9cifique. Elle pr\u00e9sente une excellente conductivit\u00e9 \u00e9lectrique et thermique, une faible teneur en cendres, une r\u00e9sistance \u00e0 la corrosion par le liquide d'aluminium et l'\u00e9lectrolyte, et de bonnes performances de frittage. Il peut donc am\u00e9liorer les performances des cellules \u00e9lectrolytiques en aluminium et prolonger leur dur\u00e9e de vie. Il garantit \u00e9galement une r\u00e9action \u00e9lectrolytique continue et efficace.<\/p>\n<p class=\"ql-align-justify\">","protected":false},"featured_media":7104,"template":"","meta":[],"product_brand":[],"product_cat":[39],"product_tag":[],"class_list":{"0":"post-7103","1":"product","2":"type-product","3":"status-publish","4":"has-post-thumbnail","6":"product_cat-carbon-products","8":"first","9":"instock","10":"shipping-taxable","11":"product-type-simple"},"yoast_head":"<!-- This site is optimized with the Yoast SEO Premium plugin v19.2.1 (Yoast SEO v25.3) - https:\/\/yoast.com\/wordpress\/plugins\/seo\/ -->\n<title>Ramming Paste | Jinsun Carbon<\/title>\n<meta name=\"description\" content=\"Ramming paste is a kind of carbon paste, also known as tamping paste, which is mainly used for laying cathode carbon blocks, filling cathode gaps, bonding cathode steel bars, etc. in aluminum electrolytic cells.\" \/>\n<meta name=\"robots\" content=\"index, follow, max-snippet:-1, max-image-preview:large, max-video-preview:-1\" \/>\n<link rel=\"canonical\" href=\"https:\/\/jinsuncarbon.com\/fr\/produit-2\/pate-a-piler\/\" \/>\n<meta property=\"og:locale\" content=\"fr_FR\" \/>\n<meta property=\"og:type\" content=\"article\" \/>\n<meta property=\"og:title\" content=\"Ramming Paste\" \/>\n<meta property=\"og:description\" content=\"Ramming paste is a kind of carbon paste, also known as tamping paste, which is mainly used for laying cathode carbon blocks, filling cathode gaps, bonding cathode steel bars, etc. in aluminum electrolytic cells.\" \/>\n<meta property=\"og:url\" content=\"https:\/\/jinsuncarbon.com\/fr\/produit-2\/pate-a-piler\/\" \/>\n<meta property=\"og:site_name\" content=\"Jinsun Carbon\" \/>\n<meta property=\"article:publisher\" content=\"https:\/\/www.facebook.com\/Graphite-Electrode-109336238661595\" \/>\n<meta property=\"article:modified_time\" content=\"2024-12-21T23:29:04+00:00\" \/>\n<meta property=\"og:image\" content=\"https:\/\/jinsuncarbon.com\/wp-content\/uploads\/2024\/12\/Ramming-Paste-.jpg\" \/>\n\t<meta property=\"og:image:width\" content=\"1024\" \/>\n\t<meta property=\"og:image:height\" content=\"763\" \/>\n\t<meta property=\"og:image:type\" content=\"image\/jpeg\" \/>\n<meta name=\"twitter:card\" content=\"summary_large_image\" \/>\n<meta name=\"twitter:site\" content=\"@jinsuncarbon_\" \/>\n<meta name=\"twitter:label1\" content=\"Dur\u00e9e de lecture estim\u00e9e\" \/>\n\t<meta name=\"twitter:data1\" content=\"3 minutes\" \/>\n<script type=\"application\/ld+json\" class=\"yoast-schema-graph\">{\"@context\":\"https:\/\/schema.org\",\"@graph\":[{\"@type\":\"WebPage\",\"@id\":\"https:\/\/jinsuncarbon.com\/product\/ramming-paste\/\",\"url\":\"https:\/\/jinsuncarbon.com\/product\/ramming-paste\/\",\"name\":\"Ramming Paste | Jinsun Carbon\",\"isPartOf\":{\"@id\":\"https:\/\/jinsuncarbon.com\/#website\"},\"primaryImageOfPage\":{\"@id\":\"https:\/\/jinsuncarbon.com\/product\/ramming-paste\/#primaryimage\"},\"image\":{\"@id\":\"https:\/\/jinsuncarbon.com\/product\/ramming-paste\/#primaryimage\"},\"thumbnailUrl\":\"https:\/\/jinsuncarbon.com\/wp-content\/uploads\/2024\/12\/Ramming-Paste-.jpg\",\"datePublished\":\"2024-12-21T15:21:24+00:00\",\"dateModified\":\"2024-12-21T23:29:04+00:00\",\"description\":\"Ramming paste is a kind of carbon paste, also known as tamping paste, which is mainly used for laying cathode carbon blocks, filling cathode gaps, bonding cathode steel bars, etc. in aluminum electrolytic cells.\",\"breadcrumb\":{\"@id\":\"https:\/\/jinsuncarbon.com\/product\/ramming-paste\/#breadcrumb\"},\"inLanguage\":\"fr-FR\",\"potentialAction\":[{\"@type\":\"ReadAction\",\"target\":[\"https:\/\/jinsuncarbon.com\/product\/ramming-paste\/\"]}]},{\"@type\":\"ImageObject\",\"inLanguage\":\"fr-FR\",\"@id\":\"https:\/\/jinsuncarbon.com\/product\/ramming-paste\/#primaryimage\",\"url\":\"https:\/\/jinsuncarbon.com\/wp-content\/uploads\/2024\/12\/Ramming-Paste-.jpg\",\"contentUrl\":\"https:\/\/jinsuncarbon.com\/wp-content\/uploads\/2024\/12\/Ramming-Paste-.jpg\",\"width\":1024,\"height\":763,\"caption\":\"Ramming Paste\"},{\"@type\":\"BreadcrumbList\",\"@id\":\"https:\/\/jinsuncarbon.com\/product\/ramming-paste\/#breadcrumb\",\"itemListElement\":[{\"@type\":\"ListItem\",\"position\":1,\"name\":\"Home\",\"item\":\"https:\/\/jinsuncarbon.com\/\"},{\"@type\":\"ListItem\",\"position\":2,\"name\":\"Products\",\"item\":\"https:\/\/jinsuncarbon.com\/graphite-carbon\/\"},{\"@type\":\"ListItem\",\"position\":3,\"name\":\"Ramming Paste\"}]},{\"@type\":\"WebSite\",\"@id\":\"https:\/\/jinsuncarbon.com\/#website\",\"url\":\"https:\/\/jinsuncarbon.com\/\",\"name\":\"Jinsun Carbon\",\"description\":\"We are the successful graphite electrode manufacturer in China\",\"publisher\":{\"@id\":\"https:\/\/jinsuncarbon.com\/#organization\"},\"potentialAction\":[{\"@type\":\"SearchAction\",\"target\":{\"@type\":\"EntryPoint\",\"urlTemplate\":\"https:\/\/jinsuncarbon.com\/?s={search_term_string}\"},\"query-input\":{\"@type\":\"PropertyValueSpecification\",\"valueRequired\":true,\"valueName\":\"search_term_string\"}}],\"inLanguage\":\"fr-FR\"},{\"@type\":\"Organization\",\"@id\":\"https:\/\/jinsuncarbon.com\/#organization\",\"name\":\"Jinsun Carbon\",\"alternateName\":\"Jinsun Carbon\",\"url\":\"https:\/\/jinsuncarbon.com\/\",\"logo\":{\"@type\":\"ImageObject\",\"inLanguage\":\"fr-FR\",\"@id\":\"https:\/\/jinsuncarbon.com\/#\/schema\/logo\/image\/\",\"url\":\"https:\/\/jinsuncarbon.com\/wp-content\/uploads\/2022\/12\/LOGO-1.png\",\"contentUrl\":\"https:\/\/jinsuncarbon.com\/wp-content\/uploads\/2022\/12\/LOGO-1.png\",\"width\":207,\"height\":80,\"caption\":\"Jinsun Carbon\"},\"image\":{\"@id\":\"https:\/\/jinsuncarbon.com\/#\/schema\/logo\/image\/\"},\"sameAs\":[\"https:\/\/www.facebook.com\/Graphite-Electrode-109336238661595\",\"https:\/\/x.com\/jinsuncarbon_\",\"https:\/\/www.linkedin.com\/in\/jinsungraphite\",\"https:\/\/www.youtube.com\/channel\/UCysDNyvyR5-3cCWEmpkVC0g\"]}]}<\/script>\n<!-- \/ Yoast SEO Premium plugin. -->","yoast_head_json":{"title":"P\u00e2te d'\u00e9crasement | Jinsun Carbon","description":"La p\u00e2te de battage est une sorte de p\u00e2te de carbone, \u00e9galement connue sous le nom de p\u00e2te de bourrage, qui est principalement utilis\u00e9e pour poser des blocs de carbone cathodique, combler les interstices cathodiques, coller les barres d'acier cathodiques, etc. dans les cellules \u00e9lectrolytiques en aluminium.","robots":{"index":"index","follow":"follow","max-snippet":"max-snippet:-1","max-image-preview":"max-image-preview:large","max-video-preview":"max-video-preview:-1"},"canonical":"https:\/\/jinsuncarbon.com\/fr\/produit-2\/pate-a-piler\/","og_locale":"fr_FR","og_type":"article","og_title":"Ramming Paste","og_description":"Ramming paste is a kind of carbon paste, also known as tamping paste, which is mainly used for laying cathode carbon blocks, filling cathode gaps, bonding cathode steel bars, etc. in aluminum electrolytic cells.","og_url":"https:\/\/jinsuncarbon.com\/fr\/produit-2\/pate-a-piler\/","og_site_name":"Jinsun Carbon","article_publisher":"https:\/\/www.facebook.com\/Graphite-Electrode-109336238661595","article_modified_time":"2024-12-21T23:29:04+00:00","og_image":[{"width":1024,"height":763,"url":"https:\/\/jinsuncarbon.com\/wp-content\/uploads\/2024\/12\/Ramming-Paste-.jpg","type":"image\/jpeg"}],"twitter_card":"summary_large_image","twitter_site":"@jinsuncarbon_","twitter_misc":{"Dur\u00e9e de lecture estim\u00e9e":"3 minutes"},"schema":{"@context":"https:\/\/schema.org","@graph":[{"@type":"WebPage","@id":"https:\/\/jinsuncarbon.com\/product\/ramming-paste\/","url":"https:\/\/jinsuncarbon.com\/product\/ramming-paste\/","name":"P\u00e2te d'\u00e9crasement | Jinsun Carbon","isPartOf":{"@id":"https:\/\/jinsuncarbon.com\/#website"},"primaryImageOfPage":{"@id":"https:\/\/jinsuncarbon.com\/product\/ramming-paste\/#primaryimage"},"image":{"@id":"https:\/\/jinsuncarbon.com\/product\/ramming-paste\/#primaryimage"},"thumbnailUrl":"https:\/\/jinsuncarbon.com\/wp-content\/uploads\/2024\/12\/Ramming-Paste-.jpg","datePublished":"2024-12-21T15:21:24+00:00","dateModified":"2024-12-21T23:29:04+00:00","description":"La p\u00e2te de battage est une sorte de p\u00e2te de carbone, \u00e9galement connue sous le nom de p\u00e2te de bourrage, qui est principalement utilis\u00e9e pour poser des blocs de carbone cathodique, combler les interstices cathodiques, coller les barres d'acier cathodiques, etc. dans les cellules \u00e9lectrolytiques en aluminium.","breadcrumb":{"@id":"https:\/\/jinsuncarbon.com\/product\/ramming-paste\/#breadcrumb"},"inLanguage":"fr-FR","potentialAction":[{"@type":"ReadAction","target":["https:\/\/jinsuncarbon.com\/product\/ramming-paste\/"]}]},{"@type":"ImageObject","inLanguage":"fr-FR","@id":"https:\/\/jinsuncarbon.com\/product\/ramming-paste\/#primaryimage","url":"https:\/\/jinsuncarbon.com\/wp-content\/uploads\/2024\/12\/Ramming-Paste-.jpg","contentUrl":"https:\/\/jinsuncarbon.com\/wp-content\/uploads\/2024\/12\/Ramming-Paste-.jpg","width":1024,"height":763,"caption":"Ramming Paste"},{"@type":"BreadcrumbList","@id":"https:\/\/jinsuncarbon.com\/product\/ramming-paste\/#breadcrumb","itemListElement":[{"@type":"ListItem","position":1,"name":"Home","item":"https:\/\/jinsuncarbon.com\/"},{"@type":"ListItem","position":2,"name":"Products","item":"https:\/\/jinsuncarbon.com\/graphite-carbon\/"},{"@type":"ListItem","position":3,"name":"Ramming Paste"}]},{"@type":"WebSite","@id":"https:\/\/jinsuncarbon.com\/#website","url":"https:\/\/jinsuncarbon.com\/","name":"Jinsun Carbon","description":"Nous sommes le fabricant d'\u00e9lectrodes en graphite le plus performant de Chine.","publisher":{"@id":"https:\/\/jinsuncarbon.com\/#organization"},"potentialAction":[{"@type":"SearchAction","target":{"@type":"EntryPoint","urlTemplate":"https:\/\/jinsuncarbon.com\/?s={search_term_string}"},"query-input":{"@type":"PropertyValueSpecification","valueRequired":true,"valueName":"search_term_string"}}],"inLanguage":"fr-FR"},{"@type":"Organization","@id":"https:\/\/jinsuncarbon.com\/#organization","name":"Jinsun Carbon","alternateName":"Jinsun Carbon","url":"https:\/\/jinsuncarbon.com\/","logo":{"@type":"ImageObject","inLanguage":"fr-FR","@id":"https:\/\/jinsuncarbon.com\/#\/schema\/logo\/image\/","url":"https:\/\/jinsuncarbon.com\/wp-content\/uploads\/2022\/12\/LOGO-1.png","contentUrl":"https:\/\/jinsuncarbon.com\/wp-content\/uploads\/2022\/12\/LOGO-1.png","width":207,"height":80,"caption":"Jinsun Carbon"},"image":{"@id":"https:\/\/jinsuncarbon.com\/#\/schema\/logo\/image\/"},"sameAs":["https:\/\/www.facebook.com\/Graphite-Electrode-109336238661595","https:\/\/x.com\/jinsuncarbon_","https:\/\/www.linkedin.com\/in\/jinsungraphite","https:\/\/www.youtube.com\/channel\/UCysDNyvyR5-3cCWEmpkVC0g"]}]}},"_links":{"self":[{"href":"https:\/\/jinsuncarbon.com\/fr\/wp-json\/wp\/v2\/product\/7103","targetHints":{"allow":["GET"]}}],"collection":[{"href":"https:\/\/jinsuncarbon.com\/fr\/wp-json\/wp\/v2\/product"}],"about":[{"href":"https:\/\/jinsuncarbon.com\/fr\/wp-json\/wp\/v2\/types\/product"}],"wp:featuredmedia":[{"embeddable":true,"href":"https:\/\/jinsuncarbon.com\/fr\/wp-json\/wp\/v2\/media\/7104"}],"wp:attachment":[{"href":"https:\/\/jinsuncarbon.com\/fr\/wp-json\/wp\/v2\/media?parent=7103"}],"wp:term":[{"taxonomy":"product_brand","embeddable":true,"href":"https:\/\/jinsuncarbon.com\/fr\/wp-json\/wp\/v2\/product_brand?post=7103"},{"taxonomy":"product_cat","embeddable":true,"href":"https:\/\/jinsuncarbon.com\/fr\/wp-json\/wp\/v2\/product_cat?post=7103"},{"taxonomy":"product_tag","embeddable":true,"href":"https:\/\/jinsuncarbon.com\/fr\/wp-json\/wp\/v2\/product_tag?post=7103"}],"curies":[{"name":"wp","href":"https:\/\/api.w.org\/{rel}","templated":true}]}}