{"id":7087,"date":"2024-12-21T03:07:00","date_gmt":"2024-12-21T03:07:00","guid":{"rendered":"https:\/\/jinsuncarbon.com\/?post_type=product&#038;p=7087"},"modified":"2024-12-22T22:47:07","modified_gmt":"2024-12-22T22:47:07","slug":"grand-creuset-en-graphite","status":"publish","type":"product","link":"https:\/\/jinsuncarbon.com\/fr\/produit-2\/grand-creuset-en-graphite\/","title":{"rendered":"Grand creuset en graphite"},"content":{"rendered":"<h2 class=\"ql-align-justify\">Grand creuset en graphite pour la vente<\/h2>\n<p class=\"ql-align-justify\">Les grands creusets en graphite ont g\u00e9n\u00e9ralement un volume important et une structure solide, ce qui leur conf\u00e8re de nombreux avantages.<\/p>\n<p class=\"ql-align-justify\"><strong>Excellente r\u00e9sistance aux hautes temp\u00e9ratures<\/strong><\/p>\n<p class=\"ql-align-justify\">Il peut r\u00e9sister \u00e0 des temp\u00e9ratures \u00e9lev\u00e9es allant jusqu'\u00e0 des milliers de degr\u00e9s Celsius, ce qui permet de r\u00e9pondre aux besoins de la plupart des fonderies. Le creuset en graphite poss\u00e8de une large gamme de temp\u00e9ratures et un point de fusion \u00e9lev\u00e9, ce qui lui permet de s'adapter aux exigences de temp\u00e9rature d'une grande vari\u00e9t\u00e9 de m\u00e9taux en fusion.<\/p>\n<p class=\"ql-align-justify\"><strong>Bonne conductivit\u00e9 thermique<\/strong><\/p>\n<p class=\"ql-align-justify\">Il peut transf\u00e9rer la chaleur rapidement et uniform\u00e9ment \u00e0 la mati\u00e8re fondue, acc\u00e9l\u00e9rer le processus de fusion et am\u00e9liorer l'efficacit\u00e9 de la production.<\/p>\n<p class=\"ql-align-justify\"><strong>Propri\u00e9t\u00e9s chimiques stables<\/strong><\/p>\n<p class=\"ql-align-justify\">Il n'est pas facile de r\u00e9agir avec les m\u00e9taux et d'autres additifs de fusion \u00e0 des temp\u00e9ratures \u00e9lev\u00e9es. Il permet de garantir efficacement la puret\u00e9 des m\u00e9taux.<\/p>\n<p class=\"ql-align-justify\"><strong>R\u00e9sistance m\u00e9canique \u00e9lev\u00e9e<\/strong><\/p>\n<p class=\"ql-align-justify\">Il peut r\u00e9sister \u00e0 l'impact du m\u00e9tal liquide et \u00e0 son propre poids. Il n'est pas facile \u00e0 briser et \u00e0 d\u00e9former, et sa dur\u00e9e de vie est longue.<\/p>\n<p class=\"ql-align-justify\"><strong>Faible coefficient de dilatation thermique<\/strong><\/p>\n<p class=\"ql-align-justify\">Les changements de taille sont faibles lors de r\u00e9chauffements et de refroidissements r\u00e9p\u00e9t\u00e9s. Cela permet de maintenir une bonne stabilit\u00e9 structurelle et de r\u00e9duire le risque de dommages caus\u00e9s par le stress thermique.<\/p>\n<p>&nbsp;<\/p>\n<h2>Types de grands creusets en graphite<\/h2>\n<p>&nbsp;<\/p>\n<p><strong>Grand creuset en graphite de haute puret\u00e9<\/strong><\/p>\n<p>D'une puret\u00e9 de graphite allant jusqu'\u00e0 99% et plus, ce creuset pr\u00e9sente une meilleure stabilit\u00e9 et une meilleure r\u00e9sistance \u00e0 la corrosion \u00e0 haute temp\u00e9rature. Il est souvent utilis\u00e9 pour la fusion de m\u00e9taux de haute puret\u00e9 ou d'alliages sp\u00e9ciaux soumis \u00e0 des exigences strictes en mati\u00e8re de teneur en impuret\u00e9s.<\/p>\n<p>&nbsp;<\/p>\n<p><strong>Creuset en graphite moul\u00e9 par extrusion<\/strong><\/p>\n<p>Gr\u00e2ce au processus d'extrusion permettant de mouler le graphite, ce creuset a une haute r\u00e9sistance \u00e0 la corrosion. <a href=\"https:\/\/jinsuncarbon.com\/fr\/quelle-est-la-densite-du-graphite\/\">densit\u00e9<\/a>Il est dot\u00e9 d'une structure uniforme et d'une bonne r\u00e9sistance. Il convient aux grandes entreprises de fusion de m\u00e9taux, peut supporter une plus grande capacit\u00e9 de m\u00e9tal liquide et une utilisation fr\u00e9quente.<\/p>\n<p>&nbsp;<\/p>\n<p><strong>Creuset en graphite \u00e0 pression isostatique<\/strong><\/p>\n<p>L'utilisation de la technologie de fabrication par pression isostatique rend sa structure interne plus dense et lui conf\u00e8re d'excellentes performances. La r\u00e9sistance aux chocs thermiques et la r\u00e9sistance \u00e0 la corrosion sont particuli\u00e8rement remarquables. Vous pouvez souvent utiliser le <a href=\"https:\/\/jinsuncarbon.com\/fr\/produit-2\/graphite-isostatique\/\">creusets<\/a> pour la fusion de certains m\u00e9taux r\u00e9fractaires de grande valeur, mais son co\u00fbt de production est relativement \u00e9lev\u00e9.<\/p>\n<p>&nbsp;<\/p>\n<h2>Utilisation d'un grand creuset en graphite<\/h2>\n<p class=\"ql-align-justify\">Le champ d'application des grands creusets en graphite se concentre sur la fusion \u00e0 haute temp\u00e9rature.<\/p>\n<p class=\"ql-align-justify\"><strong>Dans l'industrie m\u00e9tallurgique<\/strong><\/p>\n<p class=\"ql-align-justify\">Utilis\u00e9 dans la fusion de l'acier, des m\u00e9taux non ferreux, etc., il peut r\u00e9sister \u00e0 un environnement \u00e0 haute temp\u00e9rature. Il peut r\u00e9sister \u00e0 un environnement \u00e0 haute temp\u00e9rature et fournir des conditions stables pour les m\u00e9taux. <a href=\"https:\/\/en.wikipedia.org\/wiki\/Refining\" target=\"_blank\" rel=\"noopener\">raffinage<\/a> et l'alliage, garantissent l'uniformit\u00e9 et la stabilit\u00e9 de la qualit\u00e9 du m\u00e9tal.<\/p>\n<p class=\"ql-align-justify\"><strong>Dans le domaine du casting<\/strong><\/p>\n<p class=\"ql-align-justify\">Qu'il s'agisse de moulage au sable ou de moulage de pr\u00e9cision, le grand creuset en graphite est un outil important pour la fusion des m\u00e9taux liquides. Il permet de fondre diverses mati\u00e8res premi\u00e8res m\u00e9talliques en un m\u00e9tal liquide qui r\u00e9pond aux exigences de l'industrie de la fonderie. <a href=\"https:\/\/en.wikipedia.org\/wiki\/Metal_casting\" target=\"_blank\" rel=\"noopener\">coul\u00e9e<\/a> processus. Il est vers\u00e9 dans le moule et form\u00e9 pour produire diverses pi\u00e8ces m\u00e9caniques, pi\u00e8ces automobiles, pi\u00e8ces d'aviation, etc ;<\/p>\n<p class=\"ql-align-justify\"><strong>En laboratoire<\/strong><\/p>\n<p class=\"ql-align-justify\">Pour certaines petites exp\u00e9riences de fusion \u00e0 haute temp\u00e9rature, vous pouvez \u00e9galement utiliser un creuset en graphite pour la fusion et la pr\u00e9paration d'\u00e9chantillons d'un petit nombre de m\u00e9taux de haute puret\u00e9. Il fournit des conditions exp\u00e9rimentales pr\u00e9cises et fiables pour la recherche scientifique.<\/p>\n<p class=\"ql-align-justify\"><strong>Dans certains domaines \u00e9mergents de la pr\u00e9paration des mat\u00e9riaux<\/strong><\/p>\n<p class=\"ql-align-justify\">Le grand creuset en graphite joue \u00e9galement un r\u00f4le cl\u00e9 dans le processus de synth\u00e8se des mat\u00e9riaux supraconducteurs \u00e0 haute temp\u00e9rature et des mat\u00e9riaux c\u00e9ramiques avanc\u00e9s. Ses performances stables \u00e0 haute temp\u00e9rature et son inertie chimique pour le d\u00e9veloppement de nouveaux mat\u00e9riaux constituent une garantie solide.<\/p>\n<p class=\"ql-align-justify\">Pour les grands creusets destin\u00e9s \u00e0 la fusion de l'aluminium, vous pouvez s\u00e9lectionner les grands creusets en graphite appropri\u00e9s en fonction des besoins de production sp\u00e9cifiques. Le prix des creusets en graphite varie en fonction de la taille, de la puret\u00e9, du processus et d'autres facteurs. Vous pouvez choisir en fonction de vos propres besoins et budgets lors de l'achat. En m\u00eame temps, nous fournissons des services de vente de creusets de grande taille. Les tailles des creusets en graphite sont diverses pour r\u00e9pondre aux besoins des diff\u00e9rents utilisateurs.<\/p>\n<p class=\"ql-align-justify\">","protected":false},"excerpt":{"rendered":"<p class=\"ql-align-justify\">Le grand creuset en graphite est un grand r\u00e9cipient en graphite de haute qualit\u00e9 destin\u00e9 \u00e0 contenir et \u00e0 fondre des m\u00e9taux et d'autres substances. Gr\u00e2ce \u00e0 son excellente r\u00e9sistance aux temp\u00e9ratures \u00e9lev\u00e9es, \u00e0 sa conductivit\u00e9 thermique rapide, \u00e0 sa grande stabilit\u00e9 chimique, \u00e0 sa bonne r\u00e9sistance m\u00e9canique et \u00e0 d'autres caract\u00e9ristiques, il occupe une place importante dans la m\u00e9tallurgie, la fonderie et d'autres domaines industriels. Il convient \u00e0 la fusion d'un grand nombre de m\u00e9taux. Dans le domaine de la coul\u00e9e des m\u00e9taux, par exemple, le creuset de coul\u00e9e des m\u00e9taux est largement utilis\u00e9.<\/p>\n<p>&nbsp;<\/p>","protected":false},"featured_media":7095,"template":"","meta":[],"product_brand":[],"product_cat":[38],"product_tag":[],"class_list":{"0":"post-7087","1":"product","2":"type-product","3":"status-publish","4":"has-post-thumbnail","6":"product_cat-graphite-products","8":"first","9":"instock","10":"shipping-taxable","11":"product-type-simple"},"yoast_head":"<!-- This site is optimized with the Yoast SEO Premium plugin v19.2.1 (Yoast SEO v25.3) - https:\/\/yoast.com\/wordpress\/plugins\/seo\/ -->\n<title>Large Graphite Crucible | Jinsun Carbon<\/title>\n<meta name=\"description\" content=\"Large Graphite Crucible Manufacturer &amp; Factory &amp; Supplier in China. We offer the best graphite crucible prices for smelting and casting metal industries.\" \/>\n<meta name=\"robots\" content=\"index, follow, max-snippet:-1, max-image-preview:large, max-video-preview:-1\" \/>\n<link rel=\"canonical\" href=\"https:\/\/jinsuncarbon.com\/fr\/produit-2\/grand-creuset-en-graphite\/\" \/>\n<meta property=\"og:locale\" content=\"fr_FR\" \/>\n<meta property=\"og:type\" content=\"article\" \/>\n<meta property=\"og:title\" content=\"Large Graphite Crucible\" \/>\n<meta property=\"og:description\" content=\"Large Graphite Crucible Manufacturer &amp; Factory &amp; Supplier in China. We offer the best graphite crucible prices for smelting and casting metal industries.\" \/>\n<meta property=\"og:url\" content=\"https:\/\/jinsuncarbon.com\/fr\/produit-2\/grand-creuset-en-graphite\/\" \/>\n<meta property=\"og:site_name\" content=\"Jinsun Carbon\" \/>\n<meta property=\"article:publisher\" content=\"https:\/\/www.facebook.com\/Graphite-Electrode-109336238661595\" \/>\n<meta property=\"article:modified_time\" content=\"2024-12-22T22:47:07+00:00\" \/>\n<meta property=\"og:image\" content=\"https:\/\/jinsuncarbon.com\/wp-content\/uploads\/2024\/12\/large-graphite-crucible-1.jpg\" \/>\n\t<meta property=\"og:image:width\" content=\"1024\" \/>\n\t<meta property=\"og:image:height\" content=\"763\" \/>\n\t<meta property=\"og:image:type\" content=\"image\/jpeg\" \/>\n<meta name=\"twitter:card\" content=\"summary_large_image\" \/>\n<meta name=\"twitter:site\" content=\"@jinsuncarbon_\" \/>\n<meta name=\"twitter:label1\" content=\"Dur\u00e9e de lecture estim\u00e9e\" \/>\n\t<meta name=\"twitter:data1\" content=\"3 minutes\" \/>\n<script type=\"application\/ld+json\" class=\"yoast-schema-graph\">{\"@context\":\"https:\/\/schema.org\",\"@graph\":[{\"@type\":\"WebPage\",\"@id\":\"https:\/\/jinsuncarbon.com\/product\/large-graphite-crucible\/\",\"url\":\"https:\/\/jinsuncarbon.com\/product\/large-graphite-crucible\/\",\"name\":\"Large Graphite Crucible | Jinsun Carbon\",\"isPartOf\":{\"@id\":\"https:\/\/jinsuncarbon.com\/#website\"},\"primaryImageOfPage\":{\"@id\":\"https:\/\/jinsuncarbon.com\/product\/large-graphite-crucible\/#primaryimage\"},\"image\":{\"@id\":\"https:\/\/jinsuncarbon.com\/product\/large-graphite-crucible\/#primaryimage\"},\"thumbnailUrl\":\"https:\/\/jinsuncarbon.com\/wp-content\/uploads\/2024\/12\/large-graphite-crucible-1.jpg\",\"datePublished\":\"2024-12-21T03:07:00+00:00\",\"dateModified\":\"2024-12-22T22:47:07+00:00\",\"description\":\"Large Graphite Crucible Manufacturer & Factory & Supplier in China. We offer the best graphite crucible prices for smelting and casting metal industries.\",\"breadcrumb\":{\"@id\":\"https:\/\/jinsuncarbon.com\/product\/large-graphite-crucible\/#breadcrumb\"},\"inLanguage\":\"fr-FR\",\"potentialAction\":[{\"@type\":\"ReadAction\",\"target\":[\"https:\/\/jinsuncarbon.com\/product\/large-graphite-crucible\/\"]}]},{\"@type\":\"ImageObject\",\"inLanguage\":\"fr-FR\",\"@id\":\"https:\/\/jinsuncarbon.com\/product\/large-graphite-crucible\/#primaryimage\",\"url\":\"https:\/\/jinsuncarbon.com\/wp-content\/uploads\/2024\/12\/large-graphite-crucible-1.jpg\",\"contentUrl\":\"https:\/\/jinsuncarbon.com\/wp-content\/uploads\/2024\/12\/large-graphite-crucible-1.jpg\",\"width\":1024,\"height\":763,\"caption\":\"large graphite crucible\"},{\"@type\":\"BreadcrumbList\",\"@id\":\"https:\/\/jinsuncarbon.com\/product\/large-graphite-crucible\/#breadcrumb\",\"itemListElement\":[{\"@type\":\"ListItem\",\"position\":1,\"name\":\"Home\",\"item\":\"https:\/\/jinsuncarbon.com\/\"},{\"@type\":\"ListItem\",\"position\":2,\"name\":\"Products\",\"item\":\"https:\/\/jinsuncarbon.com\/graphite-carbon\/\"},{\"@type\":\"ListItem\",\"position\":3,\"name\":\"Large Graphite Crucible\"}]},{\"@type\":\"WebSite\",\"@id\":\"https:\/\/jinsuncarbon.com\/#website\",\"url\":\"https:\/\/jinsuncarbon.com\/\",\"name\":\"Jinsun Carbon\",\"description\":\"We are the successful graphite electrode manufacturer in China\",\"publisher\":{\"@id\":\"https:\/\/jinsuncarbon.com\/#organization\"},\"potentialAction\":[{\"@type\":\"SearchAction\",\"target\":{\"@type\":\"EntryPoint\",\"urlTemplate\":\"https:\/\/jinsuncarbon.com\/?s={search_term_string}\"},\"query-input\":{\"@type\":\"PropertyValueSpecification\",\"valueRequired\":true,\"valueName\":\"search_term_string\"}}],\"inLanguage\":\"fr-FR\"},{\"@type\":\"Organization\",\"@id\":\"https:\/\/jinsuncarbon.com\/#organization\",\"name\":\"Jinsun Carbon\",\"alternateName\":\"Jinsun Carbon\",\"url\":\"https:\/\/jinsuncarbon.com\/\",\"logo\":{\"@type\":\"ImageObject\",\"inLanguage\":\"fr-FR\",\"@id\":\"https:\/\/jinsuncarbon.com\/#\/schema\/logo\/image\/\",\"url\":\"https:\/\/jinsuncarbon.com\/wp-content\/uploads\/2022\/12\/LOGO-1.png\",\"contentUrl\":\"https:\/\/jinsuncarbon.com\/wp-content\/uploads\/2022\/12\/LOGO-1.png\",\"width\":207,\"height\":80,\"caption\":\"Jinsun Carbon\"},\"image\":{\"@id\":\"https:\/\/jinsuncarbon.com\/#\/schema\/logo\/image\/\"},\"sameAs\":[\"https:\/\/www.facebook.com\/Graphite-Electrode-109336238661595\",\"https:\/\/x.com\/jinsuncarbon_\",\"https:\/\/www.linkedin.com\/in\/jinsungraphite\",\"https:\/\/www.youtube.com\/channel\/UCysDNyvyR5-3cCWEmpkVC0g\"]}]}<\/script>\n<!-- \/ Yoast SEO Premium plugin. -->","yoast_head_json":{"title":"Grand creuset en graphite | Jinsun Carbon","description":"Grand fabricant de creusets en graphite, usine et fournisseur de creusets en graphite en Chine. Nous offrons les meilleurs prix de creuset en graphite pour les industries de fonte et de moulage des m\u00e9taux.","robots":{"index":"index","follow":"follow","max-snippet":"max-snippet:-1","max-image-preview":"max-image-preview:large","max-video-preview":"max-video-preview:-1"},"canonical":"https:\/\/jinsuncarbon.com\/fr\/produit-2\/grand-creuset-en-graphite\/","og_locale":"fr_FR","og_type":"article","og_title":"Large Graphite Crucible","og_description":"Large Graphite Crucible Manufacturer & Factory & Supplier in China. We offer the best graphite crucible prices for smelting and casting metal industries.","og_url":"https:\/\/jinsuncarbon.com\/fr\/produit-2\/grand-creuset-en-graphite\/","og_site_name":"Jinsun Carbon","article_publisher":"https:\/\/www.facebook.com\/Graphite-Electrode-109336238661595","article_modified_time":"2024-12-22T22:47:07+00:00","og_image":[{"width":1024,"height":763,"url":"https:\/\/jinsuncarbon.com\/wp-content\/uploads\/2024\/12\/large-graphite-crucible-1.jpg","type":"image\/jpeg"}],"twitter_card":"summary_large_image","twitter_site":"@jinsuncarbon_","twitter_misc":{"Dur\u00e9e de lecture estim\u00e9e":"3 minutes"},"schema":{"@context":"https:\/\/schema.org","@graph":[{"@type":"WebPage","@id":"https:\/\/jinsuncarbon.com\/product\/large-graphite-crucible\/","url":"https:\/\/jinsuncarbon.com\/product\/large-graphite-crucible\/","name":"Grand creuset en graphite | Jinsun Carbon","isPartOf":{"@id":"https:\/\/jinsuncarbon.com\/#website"},"primaryImageOfPage":{"@id":"https:\/\/jinsuncarbon.com\/product\/large-graphite-crucible\/#primaryimage"},"image":{"@id":"https:\/\/jinsuncarbon.com\/product\/large-graphite-crucible\/#primaryimage"},"thumbnailUrl":"https:\/\/jinsuncarbon.com\/wp-content\/uploads\/2024\/12\/large-graphite-crucible-1.jpg","datePublished":"2024-12-21T03:07:00+00:00","dateModified":"2024-12-22T22:47:07+00:00","description":"Grand fabricant de creusets en graphite, usine et fournisseur de creusets en graphite en Chine. Nous offrons les meilleurs prix de creuset en graphite pour les industries de fonte et de moulage des m\u00e9taux.","breadcrumb":{"@id":"https:\/\/jinsuncarbon.com\/product\/large-graphite-crucible\/#breadcrumb"},"inLanguage":"fr-FR","potentialAction":[{"@type":"ReadAction","target":["https:\/\/jinsuncarbon.com\/product\/large-graphite-crucible\/"]}]},{"@type":"ImageObject","inLanguage":"fr-FR","@id":"https:\/\/jinsuncarbon.com\/product\/large-graphite-crucible\/#primaryimage","url":"https:\/\/jinsuncarbon.com\/wp-content\/uploads\/2024\/12\/large-graphite-crucible-1.jpg","contentUrl":"https:\/\/jinsuncarbon.com\/wp-content\/uploads\/2024\/12\/large-graphite-crucible-1.jpg","width":1024,"height":763,"caption":"large graphite crucible"},{"@type":"BreadcrumbList","@id":"https:\/\/jinsuncarbon.com\/product\/large-graphite-crucible\/#breadcrumb","itemListElement":[{"@type":"ListItem","position":1,"name":"Home","item":"https:\/\/jinsuncarbon.com\/"},{"@type":"ListItem","position":2,"name":"Products","item":"https:\/\/jinsuncarbon.com\/graphite-carbon\/"},{"@type":"ListItem","position":3,"name":"Large Graphite Crucible"}]},{"@type":"WebSite","@id":"https:\/\/jinsuncarbon.com\/#website","url":"https:\/\/jinsuncarbon.com\/","name":"Jinsun Carbon","description":"Nous sommes le fabricant d'\u00e9lectrodes en graphite le plus performant de Chine.","publisher":{"@id":"https:\/\/jinsuncarbon.com\/#organization"},"potentialAction":[{"@type":"SearchAction","target":{"@type":"EntryPoint","urlTemplate":"https:\/\/jinsuncarbon.com\/?s={search_term_string}"},"query-input":{"@type":"PropertyValueSpecification","valueRequired":true,"valueName":"search_term_string"}}],"inLanguage":"fr-FR"},{"@type":"Organization","@id":"https:\/\/jinsuncarbon.com\/#organization","name":"Jinsun Carbon","alternateName":"Jinsun Carbon","url":"https:\/\/jinsuncarbon.com\/","logo":{"@type":"ImageObject","inLanguage":"fr-FR","@id":"https:\/\/jinsuncarbon.com\/#\/schema\/logo\/image\/","url":"https:\/\/jinsuncarbon.com\/wp-content\/uploads\/2022\/12\/LOGO-1.png","contentUrl":"https:\/\/jinsuncarbon.com\/wp-content\/uploads\/2022\/12\/LOGO-1.png","width":207,"height":80,"caption":"Jinsun Carbon"},"image":{"@id":"https:\/\/jinsuncarbon.com\/#\/schema\/logo\/image\/"},"sameAs":["https:\/\/www.facebook.com\/Graphite-Electrode-109336238661595","https:\/\/x.com\/jinsuncarbon_","https:\/\/www.linkedin.com\/in\/jinsungraphite","https:\/\/www.youtube.com\/channel\/UCysDNyvyR5-3cCWEmpkVC0g"]}]}},"_links":{"self":[{"href":"https:\/\/jinsuncarbon.com\/fr\/wp-json\/wp\/v2\/product\/7087","targetHints":{"allow":["GET"]}}],"collection":[{"href":"https:\/\/jinsuncarbon.com\/fr\/wp-json\/wp\/v2\/product"}],"about":[{"href":"https:\/\/jinsuncarbon.com\/fr\/wp-json\/wp\/v2\/types\/product"}],"wp:featuredmedia":[{"embeddable":true,"href":"https:\/\/jinsuncarbon.com\/fr\/wp-json\/wp\/v2\/media\/7095"}],"wp:attachment":[{"href":"https:\/\/jinsuncarbon.com\/fr\/wp-json\/wp\/v2\/media?parent=7087"}],"wp:term":[{"taxonomy":"product_brand","embeddable":true,"href":"https:\/\/jinsuncarbon.com\/fr\/wp-json\/wp\/v2\/product_brand?post=7087"},{"taxonomy":"product_cat","embeddable":true,"href":"https:\/\/jinsuncarbon.com\/fr\/wp-json\/wp\/v2\/product_cat?post=7087"},{"taxonomy":"product_tag","embeddable":true,"href":"https:\/\/jinsuncarbon.com\/fr\/wp-json\/wp\/v2\/product_tag?post=7087"}],"curies":[{"name":"wp","href":"https:\/\/api.w.org\/{rel}","templated":true}]}}