{"id":7078,"date":"2024-12-20T03:56:37","date_gmt":"2024-12-20T03:56:37","guid":{"rendered":"https:\/\/jinsuncarbon.com\/?post_type=product&#038;p=7078"},"modified":"2024-12-20T04:00:15","modified_gmt":"2024-12-20T04:00:15","slug":"graphite-isostatique","status":"publish","type":"product","link":"https:\/\/jinsuncarbon.com\/fr\/produit-2\/graphite-isostatique\/","title":{"rendered":"Graphite isostatique"},"content":{"rendered":"<h2>Propri\u00e9t\u00e9s isostatiques du graphite<\/h2>\n<p>Le graphite isostatique se pr\u00e9sente g\u00e9n\u00e9ralement sous forme de masse. Ses avantages sont remarquables.<\/p>\n<p><strong><b>V<\/b><\/strong><strong><b>tr\u00e8s grande uniformit\u00e9 de la densit\u00e9<\/b><\/strong><\/p>\n<p>Cela lui conf\u00e8re une excellente stabilit\u00e9 sous diverses contraintes.<\/p>\n<p>&nbsp;<\/p>\n<p><strong><b>E<\/b><\/strong><strong><b>xcellente r\u00e9sistance aux hautes temp\u00e9ratures<\/b><\/strong><\/p>\n<p>Il peut fonctionner normalement dans un environnement \u00e0 haute temp\u00e9rature allant jusqu'\u00e0 2000\u00b0 C-3000 \u00b0C. Il peut \u00e9galement conserver de bonnes propri\u00e9t\u00e9s m\u00e9caniques \u00e0 des temp\u00e9ratures \u00e9lev\u00e9es.<\/p>\n<p>&nbsp;<\/p>\n<p><strong><b>Fort <\/b><\/strong><strong><b>stabilit\u00e9 chimique<\/b><\/strong><\/p>\n<p>Il pr\u00e9sente une forte r\u00e9sistance \u00e0 la corrosion de la plupart des substances chimiques telles que l'acide et l'alcali.<\/p>\n<p>&nbsp;<\/p>\n<p><strong><b>G<\/b><\/strong><strong><b>Bonne conductivit\u00e9 \u00e9lectrique <\/b><\/strong><\/p>\n<p>Il peut r\u00e9pondre \u00e0 de nombreux sc\u00e9narios d'application n\u00e9cessitant une excellente conductivit\u00e9 \u00e9lectrique.<\/p>\n<p>&nbsp;<\/p>\n<p><strong><b>R\u00e9sistance m\u00e9canique \u00e9lev\u00e9e<\/b><\/strong><\/p>\n<p>Il peut r\u00e9sister \u00e0 une plus grande pression ext\u00e9rieure et n'est pas facile \u00e0 endommager. Il est donc id\u00e9al pour les structures qui doivent r\u00e9sister \u00e0 des charges plus importantes.<\/p>\n<p>&nbsp;<\/p>\n<p>En m\u00eame temps, les performances de traitement du graphite isostatique sont meilleures. Nous pouvons le transformer plus facilement en diverses formes complexes pour r\u00e9pondre aux besoins de diff\u00e9rentes applications.<\/p>\n<p>&nbsp;<\/p>\n<h2>Types de graphite isostatique<\/h2>\n<p><strong><b>Par mati\u00e8re premi\u00e8re :<\/b><\/strong><\/p>\n<p><strong><b>Base de coke de p\u00e9trole<\/b><\/strong><\/p>\n<p>Le coke de p\u00e9trole est le mat\u00e9riau principal, fabriqu\u00e9 par de multiples proc\u00e9d\u00e9s, il a une bonne conductivit\u00e9 et une bonne puret\u00e9. Il est souvent utilis\u00e9 dans l'\u00e9lectronique, la m\u00e9tallurgie et d'autres domaines des mat\u00e9riaux d'\u00e9lectrodes, afin de garantir la stabilit\u00e9 de la conductivit\u00e9.<\/p>\n<p>&nbsp;<\/p>\n<p><strong><b>Base de coke d'asphalte<\/b><\/strong><\/p>\n<p>Avec le coke d'asphalte comme mati\u00e8re premi\u00e8re, les particules sont bien li\u00e9es pendant le moulage et l'auto-liaison est forte. Le graphite produit a une r\u00e9sistance m\u00e9canique \u00e9lev\u00e9e, ce qui lui permet de supporter des sc\u00e9narios de pression m\u00e9canique importants.<\/p>\n<p>&nbsp;<\/p>\n<p><strong><b>Par utilisation<\/b><\/strong><strong><b>:<\/b><\/strong><\/p>\n<p><strong><b>Bloc<\/b><\/strong><strong><b>\u00a0<\/b><\/strong><strong><b>graphite isostatique<\/b><\/strong><\/p>\n<p>Vous pouvez l'utiliser dans le domaine de l'\u00e9lectrochimie. Sa faible r\u00e9sistivit\u00e9 lui permet de fonctionner de mani\u00e8re stable \u00e0 un courant \u00e9lev\u00e9. Mais il doit subir un traitement de surface r\u00e9sistant \u00e0 la corrosion, afin de r\u00e9duire l'\u00e9lectrolyse et d'autres processus de perte de puissance.<\/p>\n<p><strong><b>\u00a0<\/b><\/strong><\/p>\n<p><strong><b>Moule<\/b><\/strong>\u00a0<strong><b>graphite isostatique<\/b><\/strong><\/p>\n<p>Il peut \u00eatre utilis\u00e9 pour les moules EDM. Il pr\u00e9sente une grande stabilit\u00e9 dimensionnelle, une bonne conduction thermique et est facile \u00e0 transformer en formes complexes. Il peut \u00e9galement emp\u00eacher la d\u00e9formation due \u00e0 la surchauffe du moule et permettre une copie pr\u00e9cise de la forme du moule.<\/p>\n<p>&nbsp;<\/p>\n<p><strong><b>L'\u00e9nergie nucl\u00e9aire<\/b><\/strong>\u00a0<strong><b>graphite isostatique<\/b><\/strong><\/p>\n<p>En tant que mat\u00e9riau cl\u00e9 pour les <a href=\"https:\/\/en.wikipedia.org\/wiki\/Nuclear_reactor\" target=\"_blank\" rel=\"noopener\">r\u00e9acteurs nucl\u00e9aires<\/a>Il pr\u00e9sente une grande puret\u00e9, une stabilit\u00e9 structurelle antiradiation et \u00e0 haute temp\u00e9rature. Il garantit le fonctionnement s\u00fbr des r\u00e9acteurs nucl\u00e9aires.<\/p>\n<p><strong><b>\u00a0<\/b><\/strong><\/p>\n<h2>Utilisations du graphite isostatique<\/h2>\n<p><strong><b>Semi-conducteurs \u00e9lectroniques<\/b><\/strong><\/p>\n<p>Corps de chauffe et creuset pour la production de silicium monocristallin, ainsi que les fourneaux \u00e0 haute temp\u00e9rature pour semi-conducteurs. Sa grande puret\u00e9, sa r\u00e9sistance aux temp\u00e9ratures \u00e9lev\u00e9es et sa stabilit\u00e9 chimique peuvent garantir une production sans heurts et un fonctionnement stable de l'\u00e9quipement.<\/p>\n<p><strong><b>EDM<\/b><\/strong><\/p>\n<p>C'est l'id\u00e9al <a href=\"https:\/\/jinsuncarbon.com\/fr\/produit-2\/edm-graphite\/\">\u00e9lectrode<\/a> La bonne conductivit\u00e9 du mat\u00e9riau permet une d\u00e9charge stable, la dissipation rapide de la chaleur emp\u00eache la surchauffe de l'\u00e9lectrode. Elle est facile \u00e0 traiter les formes complexes et peut am\u00e9liorer la pr\u00e9cision et l'efficacit\u00e9 du traitement des moules. La structure isotrope rend l'\u00e9lectrode plus stable et plus fiable dans diff\u00e9rentes directions pendant l'usinage par d\u00e9charge.<\/p>\n<p><strong><b>\u00a0<\/b><\/strong><\/p>\n<p><strong><b>Industrie m\u00e9tallurgique<\/b><\/strong><\/p>\n<p>Le graphite isostatique en tant que <a href=\"https:\/\/jinsuncarbon.com\/fr\/produit-2\/creuset-en-graphite\/\">creuset<\/a>Rev\u00eatement de four, haute temp\u00e9rature et r\u00e9sistance \u00e0 la corrosion, adapt\u00e9 aux environnements de fusion \u00e0 haute temp\u00e9rature et \u00e0 forte corrosion. Il permet de garantir la fusion et d'am\u00e9liorer la qualit\u00e9 du produit.<\/p>\n<p>&nbsp;<\/p>\n<p><strong><b>Industrie photovolta\u00efque<\/b><\/strong><\/p>\n<p>En tant qu'\u00e9l\u00e9ment thermique dans un four de r\u00e9duction du polysilicium, il est hautement conducteur, r\u00e9sistant aux temp\u00e9ratures \u00e9lev\u00e9es et \u00e0 la corrosion. Il peut \u00e9galement fournir un soutien \u00e9nerg\u00e9tique pour am\u00e9liorer l'efficacit\u00e9 et la qualit\u00e9 de la production. Ces derni\u00e8res ann\u00e9es, le d\u00e9veloppement rapide de l'industrie du <a href=\"https:\/\/en.wikipedia.org\/wiki\/Photovoltaics\" target=\"_blank\" rel=\"noopener\">photovolta\u00efque<\/a> a fortement soutenu la demande sur le march\u00e9 du graphite isostatique.<\/p>\n<p>&nbsp;<\/p>\n<p><strong><b>Domaine de l'\u00e9nergie nucl\u00e9aire<\/b><\/strong><\/p>\n<p>Utilis\u00e9 comme mod\u00e9rateur et r\u00e9flecteur dans les r\u00e9acteurs nucl\u00e9aires, il peut stabiliser la r\u00e9action nucl\u00e9aire. Il maintient la stabilit\u00e9 structurelle en cas de fortes radiations et assure la s\u00e9curit\u00e9 du r\u00e9acteur.<\/p>\n<p>&nbsp;<\/p>\n<p>&nbsp;<\/p>","protected":false},"excerpt":{"rendered":"<p>Le graphite isostatique est un type de graphite de haute performance produit par pressage isostatique. Il est fabriqu\u00e9 \u00e0 partir de coke de p\u00e9trole de haute qualit\u00e9, de coke d'asphalte et d'autres mati\u00e8res premi\u00e8res par le biais d'une s\u00e9rie de processus de traitement fins.<\/p>\n<p>&nbsp;<\/p>\n<p>Ce mat\u00e9riau poss\u00e8de des caract\u00e9ristiques structurelles isotropes uniques. Gr\u00e2ce \u00e0 ses excellentes propri\u00e9t\u00e9s physiques, chimiques et m\u00e9caniques, le graphite press\u00e9 isostatiquement joue un r\u00f4le important dans de nombreux domaines industriels de pointe. Il s'agit d'un mat\u00e9riau avanc\u00e9 \u00e0 grain ultrafin, d'une grande fiabilit\u00e9 et d'une forte applicabilit\u00e9.<\/p>","protected":false},"featured_media":7079,"template":"","meta":[],"product_brand":[],"product_cat":[67],"product_tag":[],"class_list":{"0":"post-7078","1":"product","2":"type-product","3":"status-publish","4":"has-post-thumbnail","6":"product_cat-graphite-material","8":"first","9":"instock","10":"shipping-taxable","11":"product-type-simple"},"yoast_head":"<!-- This site is optimized with the Yoast SEO Premium plugin v19.2.1 (Yoast SEO v25.3) - https:\/\/yoast.com\/wordpress\/plugins\/seo\/ -->\n<title>Isostatic Graphite Manufacturer | Jinsun Carbon<\/title>\n<meta name=\"description\" content=\"Isostatic Graphite Manufacturer in China. We supply Isostatic Graphite Blocks, Rods and Crucible products for semiconductor, EDM and aerospace industries.\" \/>\n<meta name=\"robots\" content=\"index, follow, max-snippet:-1, max-image-preview:large, max-video-preview:-1\" \/>\n<link rel=\"canonical\" href=\"https:\/\/jinsuncarbon.com\/fr\/produit-2\/graphite-isostatique\/\" \/>\n<meta property=\"og:locale\" content=\"fr_FR\" \/>\n<meta property=\"og:type\" content=\"article\" \/>\n<meta property=\"og:title\" content=\"Isostatic Graphite\" \/>\n<meta property=\"og:description\" content=\"Isostatic Graphite Manufacturer in China. We supply Isostatic Graphite Blocks, Rods and Crucible products for semiconductor, EDM and aerospace industries.\" \/>\n<meta property=\"og:url\" content=\"https:\/\/jinsuncarbon.com\/fr\/produit-2\/graphite-isostatique\/\" \/>\n<meta property=\"og:site_name\" content=\"Jinsun Carbon\" \/>\n<meta property=\"article:publisher\" content=\"https:\/\/www.facebook.com\/Graphite-Electrode-109336238661595\" \/>\n<meta property=\"article:modified_time\" content=\"2024-12-20T04:00:15+00:00\" \/>\n<meta property=\"og:image\" content=\"https:\/\/jinsuncarbon.com\/wp-content\/uploads\/2024\/12\/Isostatic-Graphite.jpg\" \/>\n\t<meta property=\"og:image:width\" content=\"1024\" \/>\n\t<meta property=\"og:image:height\" content=\"763\" \/>\n\t<meta property=\"og:image:type\" content=\"image\/jpeg\" \/>\n<meta name=\"twitter:card\" content=\"summary_large_image\" \/>\n<meta name=\"twitter:site\" content=\"@jinsuncarbon_\" \/>\n<meta name=\"twitter:label1\" content=\"Dur\u00e9e de lecture estim\u00e9e\" \/>\n\t<meta name=\"twitter:data1\" content=\"3 minutes\" \/>\n<script type=\"application\/ld+json\" class=\"yoast-schema-graph\">{\"@context\":\"https:\/\/schema.org\",\"@graph\":[{\"@type\":\"WebPage\",\"@id\":\"https:\/\/jinsuncarbon.com\/product\/isostatic-graphite\/\",\"url\":\"https:\/\/jinsuncarbon.com\/product\/isostatic-graphite\/\",\"name\":\"Isostatic Graphite Manufacturer | Jinsun Carbon\",\"isPartOf\":{\"@id\":\"https:\/\/jinsuncarbon.com\/#website\"},\"primaryImageOfPage\":{\"@id\":\"https:\/\/jinsuncarbon.com\/product\/isostatic-graphite\/#primaryimage\"},\"image\":{\"@id\":\"https:\/\/jinsuncarbon.com\/product\/isostatic-graphite\/#primaryimage\"},\"thumbnailUrl\":\"https:\/\/jinsuncarbon.com\/wp-content\/uploads\/2024\/12\/Isostatic-Graphite.jpg\",\"datePublished\":\"2024-12-20T03:56:37+00:00\",\"dateModified\":\"2024-12-20T04:00:15+00:00\",\"description\":\"Isostatic Graphite Manufacturer in China. We supply Isostatic Graphite Blocks, Rods and Crucible products for semiconductor, EDM and aerospace industries.\",\"breadcrumb\":{\"@id\":\"https:\/\/jinsuncarbon.com\/product\/isostatic-graphite\/#breadcrumb\"},\"inLanguage\":\"fr-FR\",\"potentialAction\":[{\"@type\":\"ReadAction\",\"target\":[\"https:\/\/jinsuncarbon.com\/product\/isostatic-graphite\/\"]}]},{\"@type\":\"ImageObject\",\"inLanguage\":\"fr-FR\",\"@id\":\"https:\/\/jinsuncarbon.com\/product\/isostatic-graphite\/#primaryimage\",\"url\":\"https:\/\/jinsuncarbon.com\/wp-content\/uploads\/2024\/12\/Isostatic-Graphite.jpg\",\"contentUrl\":\"https:\/\/jinsuncarbon.com\/wp-content\/uploads\/2024\/12\/Isostatic-Graphite.jpg\",\"width\":1024,\"height\":763,\"caption\":\"Isostatic Graphite\"},{\"@type\":\"BreadcrumbList\",\"@id\":\"https:\/\/jinsuncarbon.com\/product\/isostatic-graphite\/#breadcrumb\",\"itemListElement\":[{\"@type\":\"ListItem\",\"position\":1,\"name\":\"Home\",\"item\":\"https:\/\/jinsuncarbon.com\/\"},{\"@type\":\"ListItem\",\"position\":2,\"name\":\"Products\",\"item\":\"https:\/\/jinsuncarbon.com\/graphite-carbon\/\"},{\"@type\":\"ListItem\",\"position\":3,\"name\":\"Isostatic Graphite\"}]},{\"@type\":\"WebSite\",\"@id\":\"https:\/\/jinsuncarbon.com\/#website\",\"url\":\"https:\/\/jinsuncarbon.com\/\",\"name\":\"Jinsun Carbon\",\"description\":\"We are the successful graphite electrode manufacturer in China\",\"publisher\":{\"@id\":\"https:\/\/jinsuncarbon.com\/#organization\"},\"potentialAction\":[{\"@type\":\"SearchAction\",\"target\":{\"@type\":\"EntryPoint\",\"urlTemplate\":\"https:\/\/jinsuncarbon.com\/?s={search_term_string}\"},\"query-input\":{\"@type\":\"PropertyValueSpecification\",\"valueRequired\":true,\"valueName\":\"search_term_string\"}}],\"inLanguage\":\"fr-FR\"},{\"@type\":\"Organization\",\"@id\":\"https:\/\/jinsuncarbon.com\/#organization\",\"name\":\"Jinsun Carbon\",\"alternateName\":\"Jinsun Carbon\",\"url\":\"https:\/\/jinsuncarbon.com\/\",\"logo\":{\"@type\":\"ImageObject\",\"inLanguage\":\"fr-FR\",\"@id\":\"https:\/\/jinsuncarbon.com\/#\/schema\/logo\/image\/\",\"url\":\"https:\/\/jinsuncarbon.com\/wp-content\/uploads\/2022\/12\/LOGO-1.png\",\"contentUrl\":\"https:\/\/jinsuncarbon.com\/wp-content\/uploads\/2022\/12\/LOGO-1.png\",\"width\":207,\"height\":80,\"caption\":\"Jinsun Carbon\"},\"image\":{\"@id\":\"https:\/\/jinsuncarbon.com\/#\/schema\/logo\/image\/\"},\"sameAs\":[\"https:\/\/www.facebook.com\/Graphite-Electrode-109336238661595\",\"https:\/\/x.com\/jinsuncarbon_\",\"https:\/\/www.linkedin.com\/in\/jinsungraphite\",\"https:\/\/www.youtube.com\/channel\/UCysDNyvyR5-3cCWEmpkVC0g\"]}]}<\/script>\n<!-- \/ Yoast SEO Premium plugin. -->","yoast_head_json":{"title":"Fabricant de graphite isostatique | Jinsun Carbon","description":"Fabricant de graphite isostatique en Chine. Nous fournissons des blocs, des barres et des creusets de graphite isostatique pour les industries des semi-conducteurs, de l'\u00e9lectro\u00e9rosion et de l'a\u00e9rospatiale.","robots":{"index":"index","follow":"follow","max-snippet":"max-snippet:-1","max-image-preview":"max-image-preview:large","max-video-preview":"max-video-preview:-1"},"canonical":"https:\/\/jinsuncarbon.com\/fr\/produit-2\/graphite-isostatique\/","og_locale":"fr_FR","og_type":"article","og_title":"Isostatic Graphite","og_description":"Isostatic Graphite Manufacturer in China. We supply Isostatic Graphite Blocks, Rods and Crucible products for semiconductor, EDM and aerospace industries.","og_url":"https:\/\/jinsuncarbon.com\/fr\/produit-2\/graphite-isostatique\/","og_site_name":"Jinsun Carbon","article_publisher":"https:\/\/www.facebook.com\/Graphite-Electrode-109336238661595","article_modified_time":"2024-12-20T04:00:15+00:00","og_image":[{"width":1024,"height":763,"url":"https:\/\/jinsuncarbon.com\/wp-content\/uploads\/2024\/12\/Isostatic-Graphite.jpg","type":"image\/jpeg"}],"twitter_card":"summary_large_image","twitter_site":"@jinsuncarbon_","twitter_misc":{"Dur\u00e9e de lecture estim\u00e9e":"3 minutes"},"schema":{"@context":"https:\/\/schema.org","@graph":[{"@type":"WebPage","@id":"https:\/\/jinsuncarbon.com\/product\/isostatic-graphite\/","url":"https:\/\/jinsuncarbon.com\/product\/isostatic-graphite\/","name":"Fabricant de graphite isostatique | Jinsun Carbon","isPartOf":{"@id":"https:\/\/jinsuncarbon.com\/#website"},"primaryImageOfPage":{"@id":"https:\/\/jinsuncarbon.com\/product\/isostatic-graphite\/#primaryimage"},"image":{"@id":"https:\/\/jinsuncarbon.com\/product\/isostatic-graphite\/#primaryimage"},"thumbnailUrl":"https:\/\/jinsuncarbon.com\/wp-content\/uploads\/2024\/12\/Isostatic-Graphite.jpg","datePublished":"2024-12-20T03:56:37+00:00","dateModified":"2024-12-20T04:00:15+00:00","description":"Fabricant de graphite isostatique en Chine. Nous fournissons des blocs, des barres et des creusets de graphite isostatique pour les industries des semi-conducteurs, de l'\u00e9lectro\u00e9rosion et de l'a\u00e9rospatiale.","breadcrumb":{"@id":"https:\/\/jinsuncarbon.com\/product\/isostatic-graphite\/#breadcrumb"},"inLanguage":"fr-FR","potentialAction":[{"@type":"ReadAction","target":["https:\/\/jinsuncarbon.com\/product\/isostatic-graphite\/"]}]},{"@type":"ImageObject","inLanguage":"fr-FR","@id":"https:\/\/jinsuncarbon.com\/product\/isostatic-graphite\/#primaryimage","url":"https:\/\/jinsuncarbon.com\/wp-content\/uploads\/2024\/12\/Isostatic-Graphite.jpg","contentUrl":"https:\/\/jinsuncarbon.com\/wp-content\/uploads\/2024\/12\/Isostatic-Graphite.jpg","width":1024,"height":763,"caption":"Isostatic Graphite"},{"@type":"BreadcrumbList","@id":"https:\/\/jinsuncarbon.com\/product\/isostatic-graphite\/#breadcrumb","itemListElement":[{"@type":"ListItem","position":1,"name":"Home","item":"https:\/\/jinsuncarbon.com\/"},{"@type":"ListItem","position":2,"name":"Products","item":"https:\/\/jinsuncarbon.com\/graphite-carbon\/"},{"@type":"ListItem","position":3,"name":"Isostatic Graphite"}]},{"@type":"WebSite","@id":"https:\/\/jinsuncarbon.com\/#website","url":"https:\/\/jinsuncarbon.com\/","name":"Jinsun Carbon","description":"Nous sommes le fabricant d'\u00e9lectrodes en graphite le plus performant de Chine.","publisher":{"@id":"https:\/\/jinsuncarbon.com\/#organization"},"potentialAction":[{"@type":"SearchAction","target":{"@type":"EntryPoint","urlTemplate":"https:\/\/jinsuncarbon.com\/?s={search_term_string}"},"query-input":{"@type":"PropertyValueSpecification","valueRequired":true,"valueName":"search_term_string"}}],"inLanguage":"fr-FR"},{"@type":"Organization","@id":"https:\/\/jinsuncarbon.com\/#organization","name":"Jinsun Carbon","alternateName":"Jinsun Carbon","url":"https:\/\/jinsuncarbon.com\/","logo":{"@type":"ImageObject","inLanguage":"fr-FR","@id":"https:\/\/jinsuncarbon.com\/#\/schema\/logo\/image\/","url":"https:\/\/jinsuncarbon.com\/wp-content\/uploads\/2022\/12\/LOGO-1.png","contentUrl":"https:\/\/jinsuncarbon.com\/wp-content\/uploads\/2022\/12\/LOGO-1.png","width":207,"height":80,"caption":"Jinsun Carbon"},"image":{"@id":"https:\/\/jinsuncarbon.com\/#\/schema\/logo\/image\/"},"sameAs":["https:\/\/www.facebook.com\/Graphite-Electrode-109336238661595","https:\/\/x.com\/jinsuncarbon_","https:\/\/www.linkedin.com\/in\/jinsungraphite","https:\/\/www.youtube.com\/channel\/UCysDNyvyR5-3cCWEmpkVC0g"]}]}},"_links":{"self":[{"href":"https:\/\/jinsuncarbon.com\/fr\/wp-json\/wp\/v2\/product\/7078","targetHints":{"allow":["GET"]}}],"collection":[{"href":"https:\/\/jinsuncarbon.com\/fr\/wp-json\/wp\/v2\/product"}],"about":[{"href":"https:\/\/jinsuncarbon.com\/fr\/wp-json\/wp\/v2\/types\/product"}],"wp:featuredmedia":[{"embeddable":true,"href":"https:\/\/jinsuncarbon.com\/fr\/wp-json\/wp\/v2\/media\/7079"}],"wp:attachment":[{"href":"https:\/\/jinsuncarbon.com\/fr\/wp-json\/wp\/v2\/media?parent=7078"}],"wp:term":[{"taxonomy":"product_brand","embeddable":true,"href":"https:\/\/jinsuncarbon.com\/fr\/wp-json\/wp\/v2\/product_brand?post=7078"},{"taxonomy":"product_cat","embeddable":true,"href":"https:\/\/jinsuncarbon.com\/fr\/wp-json\/wp\/v2\/product_cat?post=7078"},{"taxonomy":"product_tag","embeddable":true,"href":"https:\/\/jinsuncarbon.com\/fr\/wp-json\/wp\/v2\/product_tag?post=7078"}],"curies":[{"name":"wp","href":"https:\/\/api.w.org\/{rel}","templated":true}]}}