{"id":7072,"date":"2024-12-20T03:09:39","date_gmt":"2024-12-20T03:09:39","guid":{"rendered":"https:\/\/jinsuncarbon.com\/?post_type=product&#038;p=7072"},"modified":"2024-12-20T03:09:41","modified_gmt":"2024-12-20T03:09:41","slug":"graphite-vibre","status":"publish","type":"product","link":"https:\/\/jinsuncarbon.com\/fr\/produit-2\/graphite-vibre\/","title":{"rendered":"Graphite vibr\u00e9"},"content":{"rendered":"<p>Le graphite vibr\u00e9 pr\u00e9sente les caract\u00e9ristiques suivantes : propri\u00e9t\u00e9s physiques et chimiques optimis\u00e9es, structure uniforme, faible teneur en cendres, bonne stabilit\u00e9 \u00e9lectrique et thermique, etc. Il a montr\u00e9 de bonnes perspectives d'application dans de nombreux domaines de l'industrie moderne. Il s'agit d'un mat\u00e9riau de haute performance qui peut r\u00e9pondre \u00e0 divers besoins, et qui convient particuli\u00e8rement aux cas o\u00f9 les exigences en mati\u00e8re de stabilit\u00e9 des mat\u00e9riaux et d'homog\u00e9n\u00e9it\u00e9 des performances sont \u00e9lev\u00e9es. Il convient notamment \u00e0 la fabrication d'\u00e9lectrodes en graphite, de creusets pour la fonte et le moulage et d'\u00e9l\u00e9ments chauffants pour les fours \u00e0 haute temp\u00e9rature.<\/p>\n<p><strong><b>\u00a0<\/b><\/strong><\/p>\n<h2>Avantages du graphite vibr\u00e9<\/h2>\n<p>L'aspect du graphite vibr\u00e9 est vari\u00e9, il peut s'agir d'un bloc, d'une plaque, etc. Les avantages sont \u00e9vidents.<\/p>\n<p><strong><b>G<\/b><\/strong><strong><b>Bonne stabilit\u00e9 thermique<\/b><\/strong><\/p>\n<p>Il peut conserver des propri\u00e9t\u00e9s physiques et chimiques stables dans une large gamme de temp\u00e9ratures (de -150\u00b0C \u00e0 500\u00b0C). Son coefficient de dilatation thermique est faible. Cela permet d'\u00e9viter efficacement les d\u00e9formations structurelles et la d\u00e9t\u00e9rioration des performances caus\u00e9es par les changements de temp\u00e9rature.<\/p>\n<p>&nbsp;<\/p>\n<p><strong><b>E<\/b><\/strong><strong><b>xcellentes propri\u00e9t\u00e9s m\u00e9caniques<\/b><\/strong><\/p>\n<p>Il pr\u00e9sente une r\u00e9sistance et une t\u00e9nacit\u00e9 \u00e9lev\u00e9es et peut supporter un certain degr\u00e9 d'impact externe et de pression m\u00e9canique. Il n'est donc pas facile de le fissurer ou de l'endommager.<\/p>\n<p>&nbsp;<\/p>\n<p><strong><b>Forte stabilit\u00e9 chimique<\/b><\/strong><\/p>\n<p>Il pr\u00e9sente une bonne tol\u00e9rance \u00e0 la plupart des acides, bases, sels et autres produits chimiques. Il peut maintenir une stabilit\u00e9 \u00e0 long terme dans des environnements chimiques complexes.<\/p>\n<p>&nbsp;<\/p>\n<p><strong><b>S<\/b><\/strong><strong><b>tableau et conductivit\u00e9 \u00e9lectrique fiable<\/b><\/strong><\/p>\n<p>En termes de conductivit\u00e9 \u00e9lectrique, le graphite vibrant pr\u00e9sente une conductivit\u00e9 \u00e9lectrique stable et fiable. Il peut r\u00e9pondre aux besoins de conductivit\u00e9 d'une vari\u00e9t\u00e9 d'applications \u00e9lectroniques et \u00e9lectriques.<\/p>\n<p>&nbsp;<\/p>\n<p>En outre, son processus unique de traitement par vibration rend sa structure interne uniforme et assure une bonne constance des performances pendant l'utilisation. Cela garantit un contr\u00f4le pr\u00e9cis et un fonctionnement stable dans la production industrielle.<\/p>\n<p><strong><b>\u00a0<\/b><\/strong><\/p>\n<h2>Types de graphite vibr\u00e9<\/h2>\n<p><strong><b>Par mati\u00e8res premi\u00e8res :<\/b><\/strong><\/p>\n<p><strong><b>Base en graphite naturel<\/b><\/strong><\/p>\n<p>Fabriqu\u00e9 \u00e0 partir de graphite naturel, il pr\u00e9sente des caract\u00e9ristiques de lubrification et de structure en couches. Ses performances sont stables et son co\u00fbt est faible. Il est utilis\u00e9 pour les balais de moteurs ordinaires, etc.<\/p>\n<p>&nbsp;<\/p>\n<p><strong><b>Base de graphite artificiel<\/b><\/strong><\/p>\n<p>Il est fabriqu\u00e9 \u00e0 partir de mati\u00e8res premi\u00e8res synth\u00e9tiques, la puret\u00e9 et la performance peuvent \u00eatre contr\u00f4l\u00e9es. Vous pouvez l'utiliser dans des domaines o\u00f9 les exigences de performance sont \u00e9lev\u00e9es, tels que les dissipateurs thermiques pour les puces \u00e9lectroniques.<\/p>\n<p>&nbsp;<\/p>\n<p><strong><b>Par performance :<\/b><\/strong><\/p>\n<p><strong><b>Conductivit\u00e9 thermique \u00e9lev\u00e9e<\/b><\/strong><strong><b>\u00a0<\/b><\/strong><strong><b>graphite vibr\u00e9<\/b><\/strong><\/p>\n<p>Il peut optimiser le processus pour am\u00e9liorer la conductivit\u00e9 thermique. Il peut \u00eatre utilis\u00e9 dans des sc\u00e9narios de gestion thermique tels que les modules de dissipation thermique des unit\u00e9s centrales d'ordinateurs.<\/p>\n<p>&nbsp;<\/p>\n<p><strong><b>Haute r\u00e9sistance \u00e0 l'usure<\/b><\/strong><strong><b>\u00a0<\/b><\/strong><strong><b>graphite vibr\u00e9<\/b><\/strong><\/p>\n<p>Gr\u00e2ce \u00e0 des additifs am\u00e9liorant la r\u00e9sistance \u00e0 l'usure, il convient aux segments de piston des moteurs automobiles et \u00e0 d'autres pi\u00e8ces facilement usables.<\/p>\n<p>&nbsp;<\/p>\n<p>En outre, vous pouvez \u00e9galement choisir le graphite vibr\u00e9 fritt\u00e9, le graphite vibr\u00e9 impr\u00e9gn\u00e9, le graphite vibr\u00e9 composite ou d'autres types de produits en graphite vibr\u00e9. Pour r\u00e9pondre aux exigences particuli\u00e8res des diff\u00e9rentes conditions de travail en ce qui concerne les caract\u00e9ristiques de vibration du mat\u00e9riau, la r\u00e9sistance m\u00e9canique, la stabilit\u00e9 chimique et d'autres aspects.<\/p>\n<p><strong><b>\u00a0<\/b><\/strong><\/p>\n<h2>Utilisations du graphite vibr\u00e9<\/h2>\n<p><strong><b>Fabrication d'\u00e9lectrodes en graphite<\/b><\/strong><\/p>\n<p>Vous pouvez utiliser du graphite vibr\u00e9 <a href=\"https:\/\/jinsuncarbon.com\/fr\/produit-2\/electrode-en-graphite-de-400-mm\/\">\u00e9lectrode<\/a> dans l'industrie de la fusion des fours \u00e0 arc \u00e9lectrique. Sa bonne conductivit\u00e9 et sa conduction stable du courant permettent de r\u00e9duire les pertes de puissance, d'am\u00e9liorer l'efficacit\u00e9 de la production et de r\u00e9duire les co\u00fbts.<\/p>\n<p>&nbsp;<\/p>\n<p><strong><b>Faire du coasting un creuset<\/b><\/strong><\/p>\n<p>Vous pouvez largement utiliser le graphite <a href=\"https:\/\/jinsuncarbon.com\/fr\/produit-2\/creuset-en-graphite-de-haute-purete\/\">creuset<\/a> dans la fusion des m\u00e9taux. Il pr\u00e9sente une r\u00e9sistance aux temp\u00e9ratures \u00e9lev\u00e9es, une grande stabilit\u00e9 chimique, une r\u00e9sistance m\u00e9canique \u00e9lev\u00e9e et une longue dur\u00e9e de vie. Il peut garantir la puret\u00e9 et la qualit\u00e9 des m\u00e9taux et am\u00e9liorer la continuit\u00e9 de la production.<\/p>\n<p>&nbsp;<\/p>\n<p><strong><b>Pile au lithium<\/b><\/strong><\/p>\n<p>En tant que mat\u00e9riau d'\u00e9lectrode n\u00e9gative ou additif, sa microstructure est propice \u00e0 l'activit\u00e9 des ions lithium. Il peut am\u00e9liorer l'efficacit\u00e9 de la charge et de la d\u00e9charge ainsi que la dur\u00e9e du cycle, r\u00e9duire les \u00e9missions de gaz \u00e0 effet de serre et am\u00e9liorer la qualit\u00e9 de l'air. <a href=\"https:\/\/en.wikipedia.org\/wiki\/Lithium-ion_battery\" target=\"_blank\" rel=\"noopener\">batterie<\/a> la r\u00e9sistance interne, am\u00e9liorer la performance \u00e9nerg\u00e9tique. Et promouvoir le d\u00e9veloppement de l'\u00e9nergie propre.<\/p>\n<p>&nbsp;<\/p>\n<p><strong><b>\u00c9l\u00e9ment chauffant du four<\/b><\/strong><\/p>\n<p>Dans le domaine du chauffage industriel <a href=\"https:\/\/en.wikipedia.org\/wiki\/Furnace_(central_heating)\" target=\"_blank\" rel=\"noopener\">four<\/a>Il peut \u00eatre rapidement chauff\u00e9, avec une bonne \u00e9galisation de la temp\u00e9rature et une r\u00e9sistance \u00e9lev\u00e9e \u00e0 la temp\u00e9rature. Il garantit la qualit\u00e9 des produits, r\u00e9duit les co\u00fbts d'entretien des \u00e9quipements, am\u00e9liore l'efficacit\u00e9 de la production et le taux de r\u00e9ussite.<\/p>\n<p>&nbsp;<\/p>\n<p><strong><b>Four \u00e0 silicium polycristallin monocristallin<\/b><\/strong><\/p>\n<p>Vous pouvez l'utiliser pour fabriquer des composants cl\u00e9s dans le four. Sa grande puret\u00e9 permet d'\u00e9viter que les impuret\u00e9s n'affectent la croissance des cristaux de silicium. Ses performances stables \u00e0 haute temp\u00e9rature et son champ thermique favorisent la croissance des cristaux et am\u00e9liorent les performances \u00e9lectriques.<\/p>\n<p>&nbsp;<\/p>\n<p><strong><b>Doublure<\/b><\/strong><\/p>\n<p>Il peut r\u00e9sister aux temp\u00e9ratures \u00e9lev\u00e9es, \u00e0 l'\u00e9rosion chimique et aux chocs thermiques dans les fours \u00e0 haute temp\u00e9rature, et offre une bonne isolation thermique. Il am\u00e9liore l'efficacit\u00e9 de l'utilisation de l'\u00e9nergie et prolonge la dur\u00e9e de vie.<\/p>","protected":false},"excerpt":{"rendered":"<p>Le graphite vibr\u00e9 est un type de graphite pr\u00e9par\u00e9 par un processus sp\u00e9cial de traitement par vibration. Il est bas\u00e9 sur des mati\u00e8res premi\u00e8res de graphite de haute qualit\u00e9 et trait\u00e9 dans des conditions de vibration sp\u00e9cifiques. Cela rend sa structure interne plus r\u00e9guli\u00e8re et ordonn\u00e9e, ce qui lui conf\u00e8re des avantages uniques en termes de performances.<\/p>","protected":false},"featured_media":7074,"template":"","meta":[],"product_brand":[],"product_cat":[67],"product_tag":[],"class_list":{"0":"post-7072","1":"product","2":"type-product","3":"status-publish","4":"has-post-thumbnail","6":"product_cat-graphite-material","8":"first","9":"instock","10":"shipping-taxable","11":"product-type-simple"},"yoast_head":"<!-- This site is optimized with the Yoast SEO Premium plugin v19.2.1 (Yoast SEO v25.3) - https:\/\/yoast.com\/wordpress\/plugins\/seo\/ -->\n<title>Vibrated Graphite - Graphite Material | Jinsun Carbon<\/title>\n<meta name=\"robots\" content=\"index, follow, max-snippet:-1, max-image-preview:large, max-video-preview:-1\" \/>\n<link rel=\"canonical\" href=\"https:\/\/jinsuncarbon.com\/fr\/produit-2\/graphite-vibre\/\" \/>\n<meta property=\"og:locale\" content=\"fr_FR\" \/>\n<meta property=\"og:type\" content=\"article\" \/>\n<meta property=\"og:title\" content=\"Vibrated Graphite\" \/>\n<meta property=\"og:description\" content=\"vibrated graphite is a kind of graphite material prepared by special vibration treatment process. It is based on high-quality graphite raw materials and processed under specific vibration conditions. This makes its internal structure more regular and orderly, thus having unique performance advantages.\" \/>\n<meta property=\"og:url\" content=\"https:\/\/jinsuncarbon.com\/fr\/produit-2\/graphite-vibre\/\" \/>\n<meta property=\"og:site_name\" content=\"Jinsun Carbon\" \/>\n<meta property=\"article:publisher\" content=\"https:\/\/www.facebook.com\/Graphite-Electrode-109336238661595\" \/>\n<meta property=\"article:modified_time\" content=\"2024-12-20T03:09:41+00:00\" \/>\n<meta property=\"og:image\" content=\"https:\/\/jinsuncarbon.com\/wp-content\/uploads\/2024\/12\/vibrated-graphite-1.jpg\" \/>\n\t<meta property=\"og:image:width\" content=\"1024\" \/>\n\t<meta property=\"og:image:height\" content=\"763\" \/>\n\t<meta property=\"og:image:type\" content=\"image\/jpeg\" \/>\n<meta name=\"twitter:card\" content=\"summary_large_image\" \/>\n<meta name=\"twitter:site\" content=\"@jinsuncarbon_\" \/>\n<meta name=\"twitter:label1\" content=\"Dur\u00e9e de lecture estim\u00e9e\" \/>\n\t<meta name=\"twitter:data1\" content=\"3 minutes\" \/>\n<script type=\"application\/ld+json\" class=\"yoast-schema-graph\">{\"@context\":\"https:\/\/schema.org\",\"@graph\":[{\"@type\":\"WebPage\",\"@id\":\"https:\/\/jinsuncarbon.com\/product\/vibrated-graphite\/\",\"url\":\"https:\/\/jinsuncarbon.com\/product\/vibrated-graphite\/\",\"name\":\"Vibrated Graphite - Graphite Material | Jinsun Carbon\",\"isPartOf\":{\"@id\":\"https:\/\/jinsuncarbon.com\/#website\"},\"primaryImageOfPage\":{\"@id\":\"https:\/\/jinsuncarbon.com\/product\/vibrated-graphite\/#primaryimage\"},\"image\":{\"@id\":\"https:\/\/jinsuncarbon.com\/product\/vibrated-graphite\/#primaryimage\"},\"thumbnailUrl\":\"https:\/\/jinsuncarbon.com\/wp-content\/uploads\/2024\/12\/vibrated-graphite-1.jpg\",\"datePublished\":\"2024-12-20T03:09:39+00:00\",\"dateModified\":\"2024-12-20T03:09:41+00:00\",\"breadcrumb\":{\"@id\":\"https:\/\/jinsuncarbon.com\/product\/vibrated-graphite\/#breadcrumb\"},\"inLanguage\":\"fr-FR\",\"potentialAction\":[{\"@type\":\"ReadAction\",\"target\":[\"https:\/\/jinsuncarbon.com\/product\/vibrated-graphite\/\"]}]},{\"@type\":\"ImageObject\",\"inLanguage\":\"fr-FR\",\"@id\":\"https:\/\/jinsuncarbon.com\/product\/vibrated-graphite\/#primaryimage\",\"url\":\"https:\/\/jinsuncarbon.com\/wp-content\/uploads\/2024\/12\/vibrated-graphite-1.jpg\",\"contentUrl\":\"https:\/\/jinsuncarbon.com\/wp-content\/uploads\/2024\/12\/vibrated-graphite-1.jpg\",\"width\":1024,\"height\":763,\"caption\":\"vibrated graphite\"},{\"@type\":\"BreadcrumbList\",\"@id\":\"https:\/\/jinsuncarbon.com\/product\/vibrated-graphite\/#breadcrumb\",\"itemListElement\":[{\"@type\":\"ListItem\",\"position\":1,\"name\":\"Home\",\"item\":\"https:\/\/jinsuncarbon.com\/\"},{\"@type\":\"ListItem\",\"position\":2,\"name\":\"Products\",\"item\":\"https:\/\/jinsuncarbon.com\/graphite-carbon\/\"},{\"@type\":\"ListItem\",\"position\":3,\"name\":\"Vibrated Graphite\"}]},{\"@type\":\"WebSite\",\"@id\":\"https:\/\/jinsuncarbon.com\/#website\",\"url\":\"https:\/\/jinsuncarbon.com\/\",\"name\":\"Jinsun Carbon\",\"description\":\"We are the successful graphite electrode manufacturer in China\",\"publisher\":{\"@id\":\"https:\/\/jinsuncarbon.com\/#organization\"},\"potentialAction\":[{\"@type\":\"SearchAction\",\"target\":{\"@type\":\"EntryPoint\",\"urlTemplate\":\"https:\/\/jinsuncarbon.com\/?s={search_term_string}\"},\"query-input\":{\"@type\":\"PropertyValueSpecification\",\"valueRequired\":true,\"valueName\":\"search_term_string\"}}],\"inLanguage\":\"fr-FR\"},{\"@type\":\"Organization\",\"@id\":\"https:\/\/jinsuncarbon.com\/#organization\",\"name\":\"Jinsun Carbon\",\"alternateName\":\"Jinsun Carbon\",\"url\":\"https:\/\/jinsuncarbon.com\/\",\"logo\":{\"@type\":\"ImageObject\",\"inLanguage\":\"fr-FR\",\"@id\":\"https:\/\/jinsuncarbon.com\/#\/schema\/logo\/image\/\",\"url\":\"https:\/\/jinsuncarbon.com\/wp-content\/uploads\/2022\/12\/LOGO-1.png\",\"contentUrl\":\"https:\/\/jinsuncarbon.com\/wp-content\/uploads\/2022\/12\/LOGO-1.png\",\"width\":207,\"height\":80,\"caption\":\"Jinsun Carbon\"},\"image\":{\"@id\":\"https:\/\/jinsuncarbon.com\/#\/schema\/logo\/image\/\"},\"sameAs\":[\"https:\/\/www.facebook.com\/Graphite-Electrode-109336238661595\",\"https:\/\/x.com\/jinsuncarbon_\",\"https:\/\/www.linkedin.com\/in\/jinsungraphite\",\"https:\/\/www.youtube.com\/channel\/UCysDNyvyR5-3cCWEmpkVC0g\"]}]}<\/script>\n<!-- \/ Yoast SEO Premium plugin. -->","yoast_head_json":{"title":"Graphite vibr\u00e9 - Mat\u00e9riau graphite | Jinsun Carbon","robots":{"index":"index","follow":"follow","max-snippet":"max-snippet:-1","max-image-preview":"max-image-preview:large","max-video-preview":"max-video-preview:-1"},"canonical":"https:\/\/jinsuncarbon.com\/fr\/produit-2\/graphite-vibre\/","og_locale":"fr_FR","og_type":"article","og_title":"Vibrated Graphite","og_description":"vibrated graphite is a kind of graphite material prepared by special vibration treatment process. It is based on high-quality graphite raw materials and processed under specific vibration conditions. This makes its internal structure more regular and orderly, thus having unique performance advantages.","og_url":"https:\/\/jinsuncarbon.com\/fr\/produit-2\/graphite-vibre\/","og_site_name":"Jinsun Carbon","article_publisher":"https:\/\/www.facebook.com\/Graphite-Electrode-109336238661595","article_modified_time":"2024-12-20T03:09:41+00:00","og_image":[{"width":1024,"height":763,"url":"https:\/\/jinsuncarbon.com\/wp-content\/uploads\/2024\/12\/vibrated-graphite-1.jpg","type":"image\/jpeg"}],"twitter_card":"summary_large_image","twitter_site":"@jinsuncarbon_","twitter_misc":{"Dur\u00e9e de lecture estim\u00e9e":"3 minutes"},"schema":{"@context":"https:\/\/schema.org","@graph":[{"@type":"WebPage","@id":"https:\/\/jinsuncarbon.com\/product\/vibrated-graphite\/","url":"https:\/\/jinsuncarbon.com\/product\/vibrated-graphite\/","name":"Graphite vibr\u00e9 - Mat\u00e9riau graphite | Jinsun Carbon","isPartOf":{"@id":"https:\/\/jinsuncarbon.com\/#website"},"primaryImageOfPage":{"@id":"https:\/\/jinsuncarbon.com\/product\/vibrated-graphite\/#primaryimage"},"image":{"@id":"https:\/\/jinsuncarbon.com\/product\/vibrated-graphite\/#primaryimage"},"thumbnailUrl":"https:\/\/jinsuncarbon.com\/wp-content\/uploads\/2024\/12\/vibrated-graphite-1.jpg","datePublished":"2024-12-20T03:09:39+00:00","dateModified":"2024-12-20T03:09:41+00:00","breadcrumb":{"@id":"https:\/\/jinsuncarbon.com\/product\/vibrated-graphite\/#breadcrumb"},"inLanguage":"fr-FR","potentialAction":[{"@type":"ReadAction","target":["https:\/\/jinsuncarbon.com\/product\/vibrated-graphite\/"]}]},{"@type":"ImageObject","inLanguage":"fr-FR","@id":"https:\/\/jinsuncarbon.com\/product\/vibrated-graphite\/#primaryimage","url":"https:\/\/jinsuncarbon.com\/wp-content\/uploads\/2024\/12\/vibrated-graphite-1.jpg","contentUrl":"https:\/\/jinsuncarbon.com\/wp-content\/uploads\/2024\/12\/vibrated-graphite-1.jpg","width":1024,"height":763,"caption":"vibrated graphite"},{"@type":"BreadcrumbList","@id":"https:\/\/jinsuncarbon.com\/product\/vibrated-graphite\/#breadcrumb","itemListElement":[{"@type":"ListItem","position":1,"name":"Home","item":"https:\/\/jinsuncarbon.com\/"},{"@type":"ListItem","position":2,"name":"Products","item":"https:\/\/jinsuncarbon.com\/graphite-carbon\/"},{"@type":"ListItem","position":3,"name":"Vibrated Graphite"}]},{"@type":"WebSite","@id":"https:\/\/jinsuncarbon.com\/#website","url":"https:\/\/jinsuncarbon.com\/","name":"Jinsun Carbon","description":"Nous sommes le fabricant d'\u00e9lectrodes en graphite le plus performant de Chine.","publisher":{"@id":"https:\/\/jinsuncarbon.com\/#organization"},"potentialAction":[{"@type":"SearchAction","target":{"@type":"EntryPoint","urlTemplate":"https:\/\/jinsuncarbon.com\/?s={search_term_string}"},"query-input":{"@type":"PropertyValueSpecification","valueRequired":true,"valueName":"search_term_string"}}],"inLanguage":"fr-FR"},{"@type":"Organization","@id":"https:\/\/jinsuncarbon.com\/#organization","name":"Jinsun Carbon","alternateName":"Jinsun Carbon","url":"https:\/\/jinsuncarbon.com\/","logo":{"@type":"ImageObject","inLanguage":"fr-FR","@id":"https:\/\/jinsuncarbon.com\/#\/schema\/logo\/image\/","url":"https:\/\/jinsuncarbon.com\/wp-content\/uploads\/2022\/12\/LOGO-1.png","contentUrl":"https:\/\/jinsuncarbon.com\/wp-content\/uploads\/2022\/12\/LOGO-1.png","width":207,"height":80,"caption":"Jinsun Carbon"},"image":{"@id":"https:\/\/jinsuncarbon.com\/#\/schema\/logo\/image\/"},"sameAs":["https:\/\/www.facebook.com\/Graphite-Electrode-109336238661595","https:\/\/x.com\/jinsuncarbon_","https:\/\/www.linkedin.com\/in\/jinsungraphite","https:\/\/www.youtube.com\/channel\/UCysDNyvyR5-3cCWEmpkVC0g"]}]}},"_links":{"self":[{"href":"https:\/\/jinsuncarbon.com\/fr\/wp-json\/wp\/v2\/product\/7072","targetHints":{"allow":["GET"]}}],"collection":[{"href":"https:\/\/jinsuncarbon.com\/fr\/wp-json\/wp\/v2\/product"}],"about":[{"href":"https:\/\/jinsuncarbon.com\/fr\/wp-json\/wp\/v2\/types\/product"}],"wp:featuredmedia":[{"embeddable":true,"href":"https:\/\/jinsuncarbon.com\/fr\/wp-json\/wp\/v2\/media\/7074"}],"wp:attachment":[{"href":"https:\/\/jinsuncarbon.com\/fr\/wp-json\/wp\/v2\/media?parent=7072"}],"wp:term":[{"taxonomy":"product_brand","embeddable":true,"href":"https:\/\/jinsuncarbon.com\/fr\/wp-json\/wp\/v2\/product_brand?post=7072"},{"taxonomy":"product_cat","embeddable":true,"href":"https:\/\/jinsuncarbon.com\/fr\/wp-json\/wp\/v2\/product_cat?post=7072"},{"taxonomy":"product_tag","embeddable":true,"href":"https:\/\/jinsuncarbon.com\/fr\/wp-json\/wp\/v2\/product_tag?post=7072"}],"curies":[{"name":"wp","href":"https:\/\/api.w.org\/{rel}","templated":true}]}}