{"id":7069,"date":"2024-12-19T15:15:31","date_gmt":"2024-12-19T15:15:31","guid":{"rendered":"https:\/\/jinsuncarbon.com\/?post_type=product&#038;p=7069"},"modified":"2024-12-20T03:11:25","modified_gmt":"2024-12-20T03:11:25","slug":"graphite-amorphe","status":"publish","type":"product","link":"https:\/\/jinsuncarbon.com\/fr\/produit-2\/graphite-amorphe\/","title":{"rendered":"Graphite amorphe"},"content":{"rendered":"<p>Le graphite amorphe est un mat\u00e9riau mou, noir fonc\u00e9, dont la teneur en carbone graphitique et la r\u00e9flectivit\u00e9 sont inf\u00e9rieures \u00e0 celles des autres types de graphite. Gr\u00e2ce \u00e0 ses propri\u00e9t\u00e9s physiques et chimiques uniques, le graphite amorphe a une certaine valeur d'application dans une vari\u00e9t\u00e9 de domaines industriels. Dans certains cas, les exigences en mati\u00e8re de cristallinit\u00e9 du graphite ne sont pas tr\u00e8s \u00e9lev\u00e9es, mais il est n\u00e9cessaire de contr\u00f4ler les co\u00fbts et d'obtenir des performances sp\u00e9cifiques. Le graphite amorphe pr\u00e9sente une bonne applicabilit\u00e9 et peut r\u00e9pondre \u00e0 certains besoins en mat\u00e9riaux de base dans la production industrielle.<\/p>\n<p><strong><b>\u00a0<\/b><\/strong><\/p>\n<h2>Avantages du graphite amorphe<\/h2>\n<p>Le graphite amorphe est un mat\u00e9riau solide qui se pr\u00e9sente souvent sous la forme d'une poudre, d'un bloc ou d'un sol. Ses avantages sont \u00e9vidents.<\/p>\n<p><strong><b>G<\/b><\/strong><strong><b>Bonne stabilit\u00e9 chimique<\/b><\/strong><\/p>\n<p>Il peut r\u00e9sister \u00e0 l'\u00e9rosion de la plupart des acides, bases et autres produits chimiques \u00e0 temp\u00e9rature ambiante. Il ne r\u00e9agit pas facilement, ce qui garantit sa stabilit\u00e9 \u00e0 long terme dans certains environnements chimiques.<\/p>\n<p>&nbsp;<\/p>\n<p><strong><b>Bon <\/b><\/strong><strong><b>r\u00e9sistance aux hautes temp\u00e9ratures<\/b><\/strong><\/p>\n<p>Vous pouvez normalement l'utiliser dans une certaine plage de temp\u00e9ratures \u00e9lev\u00e9es (telles que 1000\u00b0 C-1500 \u00b0C). Il peut conserver ses propri\u00e9t\u00e9s physiques et chimiques de base dans un environnement \u00e0 haute temp\u00e9rature.<\/p>\n<p>&nbsp;<\/p>\n<p><strong><b>C<\/b><\/strong><strong><b>une certaine conductivit\u00e9 \u00e9lectrique<\/b><\/strong><\/p>\n<p>Bien que la conductivit\u00e9 \u00e9lectrique du graphite amorphe ne soit pas aussi bonne que celle du graphite \u00e0 haute cristallinit\u00e9, le graphite amorphe n'est pas aussi r\u00e9sistant que le graphite \u00e0 haute cristallinit\u00e9. <a href=\"https:\/\/jinsuncarbon.com\/fr\/les-utilisations-du-graphite\/\">graphite<\/a>Il poss\u00e8de \u00e9galement une certaine conductivit\u00e9 \u00e9lectrique. Il peut r\u00e9pondre \u00e0 certains sc\u00e9narios d'application o\u00f9 les exigences en mati\u00e8re de conductivit\u00e9 \u00e9lectrique ne sont pas particuli\u00e8rement \u00e9lev\u00e9es.<\/p>\n<p>&nbsp;<\/p>\n<p>En outre, en raison de ses caract\u00e9ristiques structurelles amorphes, il pr\u00e9sente des performances de traitement relativement bonnes. Facile \u00e0 \u00e9craser, \u00e0 broyer et \u00e0 m\u00e9langer, il peut \u00eatre transform\u00e9 et utilis\u00e9 dans diff\u00e9rents processus de production industrielle. Il peut \u00e9galement adapter sa forme et ses performances en fonction des besoins r\u00e9els.<\/p>\n<p>&nbsp;<\/p>\n<p>Le prix du graphite amorphe varie en fonction d'un certain nombre de facteurs. Du point de vue de la puret\u00e9, le prix de la poudre de graphite amorphe de puret\u00e9 ordinaire est g\u00e9n\u00e9ralement compris entre 285 et 714 USD\/tonne. Le prix du graphite amorphe de haute puret\u00e9 augmentera en cons\u00e9quence. Par exemple, certains produits d'une puret\u00e9 de 99% co\u00fbtent environ 1140-1700 USD\/tonne.<\/p>\n<p>&nbsp;<\/p>\n<h2>Utilisations du graphite amorphe<\/h2>\n<p>Les domaines d'application du graphite amorphe sont plus vastes, et voici quelques exemples d'applications courantes.<\/p>\n<p><strong><b>Domaine de la m\u00e9tallurgie du fer et de l'acier<\/b><\/strong><\/p>\n<p>Le graphite amorphe, en tant que carburateur, a une teneur \u00e9lev\u00e9e en carbone et un prix peu \u00e9lev\u00e9. Il peut compl\u00e9ter le carbone du fer liquide, optimiser la composition de l'acier, am\u00e9liorer la duret\u00e9, la solidit\u00e9 et la r\u00e9sistance \u00e0 l'usure. Il peut \u00eatre utilis\u00e9 dans la fabrication de l'acier et <a href=\"https:\/\/en.wikipedia.org\/wiki\/Casting\" target=\"_blank\" rel=\"noopener\">coul\u00e9e<\/a>La mise en place d'un syst\u00e8me de gestion de la qualit\u00e9 permet d'assurer la qualit\u00e9, de r\u00e9duire les co\u00fbts et d'am\u00e9liorer l'efficacit\u00e9.<\/p>\n<p>&nbsp;<\/p>\n<p><strong><b>R\u00e9fractaires<\/b><\/strong><\/p>\n<p>En raison de sa r\u00e9sistance aux temp\u00e9ratures \u00e9lev\u00e9es et de sa stabilit\u00e9 chimique, le graphite amorphe et l'argile peuvent \u00eatre m\u00e9lang\u00e9s pour fabriquer des produits \u00e0 base de graphite amorphe et d'argile. <a href=\"https:\/\/jinsuncarbon.com\/fr\/produit-2\/blocs-de-carbone\/\">r\u00e9fractaire<\/a> <a href=\"https:\/\/jinsuncarbon.com\/fr\/produit-2\/blocs-de-carbone\/\">produits<\/a>. Il est ensuite utilis\u00e9 pour le rev\u00eatement des fours \u00e0 haute temp\u00e9rature. Il offre une r\u00e9sistance \u00e9lev\u00e9e \u00e0 la chaleur et \u00e0 l'\u00e9rosion, prolonge la dur\u00e9e de vie des fours et r\u00e9duit les co\u00fbts d'\u00e9nergie et d'entretien.<\/p>\n<p>&nbsp;<\/p>\n<p><strong><b>Industrie des batteries<\/b><\/strong><\/p>\n<p>Il s'agit d'un additif pour l'\u00e9lectrode n\u00e9gative ou d'un mat\u00e9riau auxiliaire utilis\u00e9 dans certaines batteries pour am\u00e9liorer la qualit\u00e9 de l'air. <a href=\"https:\/\/jinsuncarbon.com\/fr\/produit-2\/contre-electrode-en-graphite\/\">\u00e9lectrode<\/a> la conductivit\u00e9 et les performances de la batterie. Gr\u00e2ce \u00e0 son faible co\u00fbt, il pr\u00e9sente des avantages dans les sc\u00e9narios d'application des piles avec de faibles exigences de performance et une sensibilit\u00e9 au prix.<\/p>\n<p>&nbsp;<\/p>\n<p><strong><b>Domaine chimique<\/b><\/strong><\/p>\n<p>Il peut \u00eatre utilis\u00e9 pour fabriquer un support de catalyseur, avec une grande surface sp\u00e9cifique et une grande stabilit\u00e9. Il peut soutenir les composants actifs, am\u00e9liorer l'activit\u00e9 et la s\u00e9lectivit\u00e9 du catalyseur, faciliter la r\u00e9action chimique. Il am\u00e9liore ainsi la qualit\u00e9 des produits chimiques et l'efficacit\u00e9 de la production, r\u00e9duit les co\u00fbts et la consommation de ressources.<\/p>","protected":false},"excerpt":{"rendered":"<p>Le graphite amorphe est une variante du graphite qui n'a pas de structure cristalline r\u00e9guli\u00e8re comme le graphite cristallin, mais pr\u00e9sente une forme microscopique d\u00e9sordonn\u00e9e. Il est g\u00e9n\u00e9ralement form\u00e9 \u00e0 partir de charbon ou de schiste contenant du carbone apr\u00e8s un traitement \u00e0 haute temp\u00e9rature, et c'est un mat\u00e9riau graphitique naturel. Le graphite amorphe est largement utilis\u00e9 dans les lubrifiants, les peintures, les plaquettes de frein, etc.<\/p>","protected":false},"featured_media":7070,"template":"","meta":[],"product_brand":[],"product_cat":[67],"product_tag":[],"class_list":{"0":"post-7069","1":"product","2":"type-product","3":"status-publish","4":"has-post-thumbnail","6":"product_cat-graphite-material","8":"first","9":"instock","10":"shipping-taxable","11":"product-type-simple"},"yoast_head":"<!-- This site is optimized with the Yoast SEO Premium plugin v19.2.1 (Yoast SEO v25.3) - https:\/\/yoast.com\/wordpress\/plugins\/seo\/ -->\n<title>Amorphous Graphite Supplier in China | Jinsun Carbon<\/title>\n<meta name=\"description\" content=\"Amorphous Graphite Supplier in China. We supply amorphous graphite for coatings, lubricants and refractories at the best price.\" \/>\n<meta name=\"robots\" content=\"index, follow, max-snippet:-1, max-image-preview:large, max-video-preview:-1\" \/>\n<link rel=\"canonical\" href=\"https:\/\/jinsuncarbon.com\/fr\/produit-2\/graphite-amorphe\/\" \/>\n<meta property=\"og:locale\" content=\"fr_FR\" \/>\n<meta property=\"og:type\" content=\"article\" \/>\n<meta property=\"og:title\" content=\"Amorphous Graphite\" \/>\n<meta property=\"og:description\" content=\"Amorphous Graphite Supplier in China. We supply amorphous graphite for coatings, lubricants and refractories at the best price.\" \/>\n<meta property=\"og:url\" content=\"https:\/\/jinsuncarbon.com\/fr\/produit-2\/graphite-amorphe\/\" \/>\n<meta property=\"og:site_name\" content=\"Jinsun Carbon\" \/>\n<meta property=\"article:publisher\" content=\"https:\/\/www.facebook.com\/Graphite-Electrode-109336238661595\" \/>\n<meta property=\"article:modified_time\" content=\"2024-12-20T03:11:25+00:00\" \/>\n<meta property=\"og:image\" content=\"https:\/\/jinsuncarbon.com\/wp-content\/uploads\/2024\/12\/Amorphous-graphite.jpg\" \/>\n\t<meta property=\"og:image:width\" content=\"1024\" \/>\n\t<meta property=\"og:image:height\" content=\"763\" \/>\n\t<meta property=\"og:image:type\" content=\"image\/jpeg\" \/>\n<meta name=\"twitter:card\" content=\"summary_large_image\" \/>\n<meta name=\"twitter:site\" content=\"@jinsuncarbon_\" \/>\n<meta name=\"twitter:label1\" content=\"Dur\u00e9e de lecture estim\u00e9e\" \/>\n\t<meta name=\"twitter:data1\" content=\"3 minutes\" \/>\n<script type=\"application\/ld+json\" class=\"yoast-schema-graph\">{\"@context\":\"https:\/\/schema.org\",\"@graph\":[{\"@type\":\"WebPage\",\"@id\":\"https:\/\/jinsuncarbon.com\/product\/amorphous-graphite\/\",\"url\":\"https:\/\/jinsuncarbon.com\/product\/amorphous-graphite\/\",\"name\":\"Amorphous Graphite Supplier in China | Jinsun Carbon\",\"isPartOf\":{\"@id\":\"https:\/\/jinsuncarbon.com\/#website\"},\"primaryImageOfPage\":{\"@id\":\"https:\/\/jinsuncarbon.com\/product\/amorphous-graphite\/#primaryimage\"},\"image\":{\"@id\":\"https:\/\/jinsuncarbon.com\/product\/amorphous-graphite\/#primaryimage\"},\"thumbnailUrl\":\"https:\/\/jinsuncarbon.com\/wp-content\/uploads\/2024\/12\/Amorphous-graphite.jpg\",\"datePublished\":\"2024-12-19T15:15:31+00:00\",\"dateModified\":\"2024-12-20T03:11:25+00:00\",\"description\":\"Amorphous Graphite Supplier in China. We supply amorphous graphite for coatings, lubricants and refractories at the best price.\",\"breadcrumb\":{\"@id\":\"https:\/\/jinsuncarbon.com\/product\/amorphous-graphite\/#breadcrumb\"},\"inLanguage\":\"fr-FR\",\"potentialAction\":[{\"@type\":\"ReadAction\",\"target\":[\"https:\/\/jinsuncarbon.com\/product\/amorphous-graphite\/\"]}]},{\"@type\":\"ImageObject\",\"inLanguage\":\"fr-FR\",\"@id\":\"https:\/\/jinsuncarbon.com\/product\/amorphous-graphite\/#primaryimage\",\"url\":\"https:\/\/jinsuncarbon.com\/wp-content\/uploads\/2024\/12\/Amorphous-graphite.jpg\",\"contentUrl\":\"https:\/\/jinsuncarbon.com\/wp-content\/uploads\/2024\/12\/Amorphous-graphite.jpg\",\"width\":1024,\"height\":763,\"caption\":\"Amorphous graphite\"},{\"@type\":\"BreadcrumbList\",\"@id\":\"https:\/\/jinsuncarbon.com\/product\/amorphous-graphite\/#breadcrumb\",\"itemListElement\":[{\"@type\":\"ListItem\",\"position\":1,\"name\":\"Home\",\"item\":\"https:\/\/jinsuncarbon.com\/\"},{\"@type\":\"ListItem\",\"position\":2,\"name\":\"Products\",\"item\":\"https:\/\/jinsuncarbon.com\/graphite-carbon\/\"},{\"@type\":\"ListItem\",\"position\":3,\"name\":\"Amorphous Graphite\"}]},{\"@type\":\"WebSite\",\"@id\":\"https:\/\/jinsuncarbon.com\/#website\",\"url\":\"https:\/\/jinsuncarbon.com\/\",\"name\":\"Jinsun Carbon\",\"description\":\"We are the successful graphite electrode manufacturer in China\",\"publisher\":{\"@id\":\"https:\/\/jinsuncarbon.com\/#organization\"},\"potentialAction\":[{\"@type\":\"SearchAction\",\"target\":{\"@type\":\"EntryPoint\",\"urlTemplate\":\"https:\/\/jinsuncarbon.com\/?s={search_term_string}\"},\"query-input\":{\"@type\":\"PropertyValueSpecification\",\"valueRequired\":true,\"valueName\":\"search_term_string\"}}],\"inLanguage\":\"fr-FR\"},{\"@type\":\"Organization\",\"@id\":\"https:\/\/jinsuncarbon.com\/#organization\",\"name\":\"Jinsun Carbon\",\"alternateName\":\"Jinsun Carbon\",\"url\":\"https:\/\/jinsuncarbon.com\/\",\"logo\":{\"@type\":\"ImageObject\",\"inLanguage\":\"fr-FR\",\"@id\":\"https:\/\/jinsuncarbon.com\/#\/schema\/logo\/image\/\",\"url\":\"https:\/\/jinsuncarbon.com\/wp-content\/uploads\/2022\/12\/LOGO-1.png\",\"contentUrl\":\"https:\/\/jinsuncarbon.com\/wp-content\/uploads\/2022\/12\/LOGO-1.png\",\"width\":207,\"height\":80,\"caption\":\"Jinsun Carbon\"},\"image\":{\"@id\":\"https:\/\/jinsuncarbon.com\/#\/schema\/logo\/image\/\"},\"sameAs\":[\"https:\/\/www.facebook.com\/Graphite-Electrode-109336238661595\",\"https:\/\/x.com\/jinsuncarbon_\",\"https:\/\/www.linkedin.com\/in\/jinsungraphite\",\"https:\/\/www.youtube.com\/channel\/UCysDNyvyR5-3cCWEmpkVC0g\"]}]}<\/script>\n<!-- \/ Yoast SEO Premium plugin. -->","yoast_head_json":{"title":"Fournisseur de graphite amorphe en Chine | Jinsun Carbon","description":"Fournisseur de graphite amorphe en Chine. Nous fournissons du graphite amorphe pour les rev\u00eatements, les lubrifiants et les r\u00e9fractaires au meilleur prix.","robots":{"index":"index","follow":"follow","max-snippet":"max-snippet:-1","max-image-preview":"max-image-preview:large","max-video-preview":"max-video-preview:-1"},"canonical":"https:\/\/jinsuncarbon.com\/fr\/produit-2\/graphite-amorphe\/","og_locale":"fr_FR","og_type":"article","og_title":"Amorphous Graphite","og_description":"Amorphous Graphite Supplier in China. We supply amorphous graphite for coatings, lubricants and refractories at the best price.","og_url":"https:\/\/jinsuncarbon.com\/fr\/produit-2\/graphite-amorphe\/","og_site_name":"Jinsun Carbon","article_publisher":"https:\/\/www.facebook.com\/Graphite-Electrode-109336238661595","article_modified_time":"2024-12-20T03:11:25+00:00","og_image":[{"width":1024,"height":763,"url":"https:\/\/jinsuncarbon.com\/wp-content\/uploads\/2024\/12\/Amorphous-graphite.jpg","type":"image\/jpeg"}],"twitter_card":"summary_large_image","twitter_site":"@jinsuncarbon_","twitter_misc":{"Dur\u00e9e de lecture estim\u00e9e":"3 minutes"},"schema":{"@context":"https:\/\/schema.org","@graph":[{"@type":"WebPage","@id":"https:\/\/jinsuncarbon.com\/product\/amorphous-graphite\/","url":"https:\/\/jinsuncarbon.com\/product\/amorphous-graphite\/","name":"Fournisseur de graphite amorphe en Chine | Jinsun Carbon","isPartOf":{"@id":"https:\/\/jinsuncarbon.com\/#website"},"primaryImageOfPage":{"@id":"https:\/\/jinsuncarbon.com\/product\/amorphous-graphite\/#primaryimage"},"image":{"@id":"https:\/\/jinsuncarbon.com\/product\/amorphous-graphite\/#primaryimage"},"thumbnailUrl":"https:\/\/jinsuncarbon.com\/wp-content\/uploads\/2024\/12\/Amorphous-graphite.jpg","datePublished":"2024-12-19T15:15:31+00:00","dateModified":"2024-12-20T03:11:25+00:00","description":"Fournisseur de graphite amorphe en Chine. Nous fournissons du graphite amorphe pour les rev\u00eatements, les lubrifiants et les r\u00e9fractaires au meilleur prix.","breadcrumb":{"@id":"https:\/\/jinsuncarbon.com\/product\/amorphous-graphite\/#breadcrumb"},"inLanguage":"fr-FR","potentialAction":[{"@type":"ReadAction","target":["https:\/\/jinsuncarbon.com\/product\/amorphous-graphite\/"]}]},{"@type":"ImageObject","inLanguage":"fr-FR","@id":"https:\/\/jinsuncarbon.com\/product\/amorphous-graphite\/#primaryimage","url":"https:\/\/jinsuncarbon.com\/wp-content\/uploads\/2024\/12\/Amorphous-graphite.jpg","contentUrl":"https:\/\/jinsuncarbon.com\/wp-content\/uploads\/2024\/12\/Amorphous-graphite.jpg","width":1024,"height":763,"caption":"Amorphous graphite"},{"@type":"BreadcrumbList","@id":"https:\/\/jinsuncarbon.com\/product\/amorphous-graphite\/#breadcrumb","itemListElement":[{"@type":"ListItem","position":1,"name":"Home","item":"https:\/\/jinsuncarbon.com\/"},{"@type":"ListItem","position":2,"name":"Products","item":"https:\/\/jinsuncarbon.com\/graphite-carbon\/"},{"@type":"ListItem","position":3,"name":"Amorphous Graphite"}]},{"@type":"WebSite","@id":"https:\/\/jinsuncarbon.com\/#website","url":"https:\/\/jinsuncarbon.com\/","name":"Jinsun Carbon","description":"Nous sommes le fabricant d'\u00e9lectrodes en graphite le plus performant de Chine.","publisher":{"@id":"https:\/\/jinsuncarbon.com\/#organization"},"potentialAction":[{"@type":"SearchAction","target":{"@type":"EntryPoint","urlTemplate":"https:\/\/jinsuncarbon.com\/?s={search_term_string}"},"query-input":{"@type":"PropertyValueSpecification","valueRequired":true,"valueName":"search_term_string"}}],"inLanguage":"fr-FR"},{"@type":"Organization","@id":"https:\/\/jinsuncarbon.com\/#organization","name":"Jinsun Carbon","alternateName":"Jinsun Carbon","url":"https:\/\/jinsuncarbon.com\/","logo":{"@type":"ImageObject","inLanguage":"fr-FR","@id":"https:\/\/jinsuncarbon.com\/#\/schema\/logo\/image\/","url":"https:\/\/jinsuncarbon.com\/wp-content\/uploads\/2022\/12\/LOGO-1.png","contentUrl":"https:\/\/jinsuncarbon.com\/wp-content\/uploads\/2022\/12\/LOGO-1.png","width":207,"height":80,"caption":"Jinsun Carbon"},"image":{"@id":"https:\/\/jinsuncarbon.com\/#\/schema\/logo\/image\/"},"sameAs":["https:\/\/www.facebook.com\/Graphite-Electrode-109336238661595","https:\/\/x.com\/jinsuncarbon_","https:\/\/www.linkedin.com\/in\/jinsungraphite","https:\/\/www.youtube.com\/channel\/UCysDNyvyR5-3cCWEmpkVC0g"]}]}},"_links":{"self":[{"href":"https:\/\/jinsuncarbon.com\/fr\/wp-json\/wp\/v2\/product\/7069","targetHints":{"allow":["GET"]}}],"collection":[{"href":"https:\/\/jinsuncarbon.com\/fr\/wp-json\/wp\/v2\/product"}],"about":[{"href":"https:\/\/jinsuncarbon.com\/fr\/wp-json\/wp\/v2\/types\/product"}],"wp:featuredmedia":[{"embeddable":true,"href":"https:\/\/jinsuncarbon.com\/fr\/wp-json\/wp\/v2\/media\/7070"}],"wp:attachment":[{"href":"https:\/\/jinsuncarbon.com\/fr\/wp-json\/wp\/v2\/media?parent=7069"}],"wp:term":[{"taxonomy":"product_brand","embeddable":true,"href":"https:\/\/jinsuncarbon.com\/fr\/wp-json\/wp\/v2\/product_brand?post=7069"},{"taxonomy":"product_cat","embeddable":true,"href":"https:\/\/jinsuncarbon.com\/fr\/wp-json\/wp\/v2\/product_cat?post=7069"},{"taxonomy":"product_tag","embeddable":true,"href":"https:\/\/jinsuncarbon.com\/fr\/wp-json\/wp\/v2\/product_tag?post=7069"}],"curies":[{"name":"wp","href":"https:\/\/api.w.org\/{rel}","templated":true}]}}