{"id":7066,"date":"2024-12-19T14:38:28","date_gmt":"2024-12-19T14:38:28","guid":{"rendered":"https:\/\/jinsuncarbon.com\/?post_type=product&#038;p=7066"},"modified":"2024-12-19T15:17:21","modified_gmt":"2024-12-19T15:17:21","slug":"poudre-de-graphite-expanse","status":"publish","type":"product","link":"https:\/\/jinsuncarbon.com\/fr\/produit-2\/poudre-de-graphite-expanse\/","title":{"rendered":"Poudre de graphite expans\u00e9"},"content":{"rendered":"<p class=\"ql-align-justify\">Les produits en poudre de graphite expans\u00e9 se pr\u00e9sentent sous diverses formes, les plus courantes \u00e9tant la poudre ou les blocs form\u00e9s apr\u00e8s traitement. En fonction de votre sc\u00e9nario d'application r\u00e9el et des exigences du processus, nous poursuivons le traitement. Par exemple, pour donner une forme sp\u00e9cifique au module de transfert de chaleur ou au mat\u00e9riau de remplissage. Pour r\u00e9pondre \u00e0 diff\u00e9rentes exigences en mati\u00e8re de taille et de fonction.<\/p>\n<h2 class=\"ql-align-justify\">Avantages de la poudre de graphite expans\u00e9<\/h2>\n<p class=\"ql-align-justify\">La poudre de graphite expans\u00e9 poss\u00e8de de nombreuses propri\u00e9t\u00e9s excellentes.<\/p>\n<p class=\"ql-align-justify\"><strong>Haute stabilit\u00e9 chimique<\/strong><\/p>\n<p class=\"ql-align-justify\">Il r\u00e9siste aux substances corrosives telles que les acides forts et les alcalis.<\/p>\n<p class=\"ql-align-justify\"><strong>Bonne r\u00e9sistance aux temp\u00e9ratures \u00e9lev\u00e9es<\/strong><\/p>\n<p class=\"ql-align-justify\">Il peut maintenir la stabilit\u00e9 <a href=\"https:\/\/jinsuncarbon.com\/fr\/structure-du-graphite\/\">structure<\/a> dans un environnement \u00e0 haute temp\u00e9rature. Sa structure poreuse lui conf\u00e8re une forte capacit\u00e9 d'adsorption, ce qui lui permet d'adsorber une grande vari\u00e9t\u00e9 de substances.<\/p>\n<p class=\"ql-align-justify\"><strong>Bonne flexibilit\u00e9 et r\u00e9silience \u00e0 la compression<\/strong><\/p>\n<p class=\"ql-align-justify\">Il est possible de le d\u00e9former et de le ramener \u00e0 son \u00e9tat d'origine sous une certaine pression. Par ailleurs, sa conductivit\u00e9 \u00e9lectrique est relativement excellente. Il pr\u00e9sente donc un certain potentiel d'application dans le domaine de la conduction \u00e9lectrique.<\/p>\n<p class=\"ql-align-justify\">Si vous souhaitez comprendre en profondeur la conductivit\u00e9 thermique, les caract\u00e9ristiques d'adsorption et d'autres param\u00e8tres techniques et d\u00e9tails d'application de la poudre de graphite expans\u00e9, nous vous fournirons des conseils techniques d\u00e9taill\u00e9s et de nombreuses r\u00e9f\u00e9rences d'application.<\/p>\n<h2>Sp\u00e9cifications de la poudre de graphite expans\u00e9<\/h2>\n<table>\n<tbody>\n<tr>\n<td width=\"131\"><strong><b>Classification des performances<\/b><\/strong><\/td>\n<td width=\"152\"><strong><b>P<\/b><\/strong><strong><b>es param\u00e8tres de performance<\/b><\/strong><\/td>\n<td width=\"142\"><strong><b>S<\/b><\/strong><strong><b>es donn\u00e9es sp\u00e9cifiques<\/b><\/strong><\/td>\n<\/tr>\n<tr>\n<td rowspan=\"6\" width=\"131\">Propri\u00e9t\u00e9s physiques<\/td>\n<td width=\"152\">Densit\u00e9 d'emballage<\/td>\n<td width=\"142\">0,002-0,015 g\/cm<sup>3<\/sup><\/td>\n<\/tr>\n<tr>\n<td width=\"152\">Densit\u00e9 r\u00e9elle<\/td>\n<td width=\"142\">2-2,25 g\/cm<sup>3<\/sup><\/td>\n<\/tr>\n<tr>\n<td width=\"152\">Taille des particules - Poudre fine<\/td>\n<td width=\"142\">&lt;100\u03bcm<\/td>\n<\/tr>\n<tr>\n<td width=\"152\">Taille des particules - Poudre moyenne<\/td>\n<td width=\"142\">100-500\u03bcm<\/td>\n<\/tr>\n<tr>\n<td width=\"152\">Taille des particules - Poudre grossi\u00e8re<\/td>\n<td width=\"142\">&gt;500\u03bcm<\/td>\n<\/tr>\n<tr>\n<td width=\"152\">Facteur d'expansion<\/td>\n<td width=\"142\">100-300 fois<\/td>\n<\/tr>\n<tr>\n<td rowspan=\"3\" width=\"131\">Propri\u00e9t\u00e9s chimiques<\/td>\n<td width=\"152\">Teneur en carbone<\/td>\n<td width=\"142\">Plus de 90%-99%<\/td>\n<\/tr>\n<tr>\n<td width=\"152\">Teneur en cendres<\/td>\n<td width=\"142\">De 1% \u00e0 10%<\/td>\n<\/tr>\n<tr>\n<td width=\"152\">Conductivit\u00e9 \u00e9lectrique<\/td>\n<td width=\"142\">10<sup>2<\/sup>-10<sup>4<\/sup>S\/m<\/td>\n<\/tr>\n<tr>\n<td width=\"131\">Propri\u00e9t\u00e9s thermiques<\/td>\n<td width=\"152\">Conductivit\u00e9 thermique<\/td>\n<td width=\"142\">0,1-0,5 W\/(m.k)<\/td>\n<\/tr>\n<\/tbody>\n<\/table>\n<h2 class=\"ql-align-justify\">Utilisations de la poudre de graphite expans\u00e9<\/h2>\n<p class=\"ql-align-justify\"><strong>Dans le domaine de la protection de l'environnement<\/strong><\/p>\n<p class=\"ql-align-justify\">Il peut \u00eatre utilis\u00e9 comme adsorbant pour traiter les ions de m\u00e9taux lourds et les polluants organiques dans les eaux us\u00e9es industrielles et les gaz d'\u00e9chappement. Il peut \u00e9galement purifier efficacement l'environnement gr\u00e2ce \u00e0 ses performances \u00e9lev\u00e9es en mati\u00e8re d'adsorption.<\/p>\n<p class=\"ql-align-justify\"><strong>Dans le domaine de la pr\u00e9vention des incendies<\/strong><\/p>\n<p class=\"ql-align-justify\">Vous pouvez l'ajouter aux produits ignifuges <a href=\"https:\/\/en.wikipedia.org\/wiki\/Coating\" target=\"_blank\" rel=\"noopener\">rev\u00eatements<\/a> et des plaques ignifuges. Les caract\u00e9ristiques de r\u00e9sistance aux temp\u00e9ratures \u00e9lev\u00e9es et d'isolation \u00e0 l'oxyg\u00e8ne poreux sont utilis\u00e9es pour am\u00e9liorer les performances ignifuges du mat\u00e9riau.<\/p>\n<p class=\"ql-align-justify\"><strong>Dans l'industrie p\u00e9trochimique<\/strong><\/p>\n<p class=\"ql-align-justify\">Il peut \u00eatre utilis\u00e9 comme mat\u00e9riau d'\u00e9tanch\u00e9it\u00e9. Gr\u00e2ce \u00e0 sa bonne flexibilit\u00e9 et \u00e0 sa r\u00e9sistance \u00e0 la corrosion, il peut sceller efficacement les tuyaux, les vannes et autres joints, afin d'\u00e9viter les fuites de fluides.<\/p>\n<p class=\"ql-align-justify\"><strong>Dans l'industrie \u00e9lectronique<\/strong><\/p>\n<p class=\"ql-align-justify\">Vous pouvez appliquer sa conductivit\u00e9 \u00e0 la pr\u00e9paration de caoutchouc conducteur, de plastiques conducteurs et d'autres mat\u00e9riaux. Il peut am\u00e9liorer les propri\u00e9t\u00e9s conductrices des mat\u00e9riaux.<\/p>\n<p class=\"ql-align-justify\"><strong>Dans le domaine de l'\u00e9nergie<\/strong><\/p>\n<p class=\"ql-align-justify\">Vous pouvez l'utiliser comme un additif au n\u00e9gatif. <a href=\"https:\/\/jinsuncarbon.com\/fr\/produit-2\/electrode-en-graphite-pyrolytique\/\">\u00e9lectrode<\/a> mat\u00e9riau de la batterie afin d'am\u00e9liorer les performances de charge et de d\u00e9charge et la dur\u00e9e de vie de la batterie. <a href=\"https:\/\/en.wikipedia.org\/wiki\/Electric_battery\" target=\"_blank\" rel=\"noopener\">batterie<\/a>. Elle contribuera \u00e9galement \u00e0 am\u00e9liorer l'efficacit\u00e9 du stockage et de la conversion de l'\u00e9nergie.<\/p>\n<p>En outre, vous pouvez \u00e9galement choisir des produits de graphite expans\u00e9 en poudre obtenus par diff\u00e9rents processus de pr\u00e9paration en fonction de l'environnement d'utilisation sp\u00e9cifique et des attentes en mati\u00e8re de performances. Par exemple, la poudre de graphite expans\u00e9 apr\u00e8s un traitement d'expansion \u00e0 haute temp\u00e9rature, une modification de la surface, un composite avec d'autres mat\u00e9riaux. Ou d'autres d\u00e9riv\u00e9s de la poudre de graphite expans\u00e9 pr\u00e9sentant des propri\u00e9t\u00e9s particuli\u00e8res. Pour exploiter pleinement ses avantages uniques en mati\u00e8re de dissipation thermique, d'adsorption, d'\u00e9tanch\u00e9it\u00e9, d'ignifugation et d'autres domaines. Fournir des solutions mat\u00e9rielles personnalis\u00e9es pour vos projets ou produits.<\/p>","protected":false},"excerpt":{"rendered":"<p>La poudre de graphite expans\u00e9 est un mat\u00e9riau l\u00e2che et poreux en forme de ver, fabriqu\u00e9 \u00e0 partir de graphite naturel en paillettes par un traitement sp\u00e9cial. Il est \u00e9galement appel\u00e9 poudre de graphite flexible ou poudre de graphite naturel expans\u00e9. Lorsque la poudre de graphite expans\u00e9 est chauff\u00e9e, son volume peut augmenter jusqu'\u00e0 300 fois son volume d'origine. Il poss\u00e8de des propri\u00e9t\u00e9s physiques et chimiques uniques. Il a donc un large \u00e9ventail d'applications dans de nombreux domaines et constitue un mat\u00e9riau industriel multifonctionnel.<\/p>","protected":false},"featured_media":7067,"template":"","meta":[],"product_brand":[],"product_cat":[40],"product_tag":[],"class_list":{"0":"post-7066","1":"product","2":"type-product","3":"status-publish","4":"has-post-thumbnail","6":"product_cat-petroleum-coke","8":"first","9":"instock","10":"shipping-taxable","11":"product-type-simple"},"yoast_head":"<!-- This site is optimized with the Yoast SEO Premium plugin v19.2.1 (Yoast SEO v25.3) - https:\/\/yoast.com\/wordpress\/plugins\/seo\/ -->\n<title>Expanded Graphite Powder Manufacturer in China | Jinsun Carbon<\/title>\n<meta name=\"description\" content=\"Expanded graphite powder supplier in China, High electrical and thermal conductivity expanded natural graphite powder at best price.\" \/>\n<meta name=\"robots\" content=\"index, follow, max-snippet:-1, max-image-preview:large, max-video-preview:-1\" \/>\n<link rel=\"canonical\" href=\"https:\/\/jinsuncarbon.com\/fr\/produit-2\/poudre-de-graphite-expanse\/\" \/>\n<meta property=\"og:locale\" content=\"fr_FR\" \/>\n<meta property=\"og:type\" content=\"article\" \/>\n<meta property=\"og:title\" content=\"Expanded Graphite Powder\" \/>\n<meta property=\"og:description\" content=\"Expanded graphite powder supplier in China, High electrical and thermal conductivity expanded natural graphite powder at best price.\" \/>\n<meta property=\"og:url\" content=\"https:\/\/jinsuncarbon.com\/fr\/produit-2\/poudre-de-graphite-expanse\/\" \/>\n<meta property=\"og:site_name\" content=\"Jinsun Carbon\" \/>\n<meta property=\"article:publisher\" content=\"https:\/\/www.facebook.com\/Graphite-Electrode-109336238661595\" \/>\n<meta property=\"article:modified_time\" content=\"2024-12-19T15:17:21+00:00\" \/>\n<meta property=\"og:image\" content=\"https:\/\/jinsuncarbon.com\/wp-content\/uploads\/2024\/12\/Expanded-graphite-powder.jpg\" \/>\n\t<meta property=\"og:image:width\" content=\"1024\" \/>\n\t<meta property=\"og:image:height\" content=\"763\" \/>\n\t<meta property=\"og:image:type\" content=\"image\/jpeg\" \/>\n<meta name=\"twitter:card\" content=\"summary_large_image\" \/>\n<meta name=\"twitter:site\" content=\"@jinsuncarbon_\" \/>\n<meta name=\"twitter:label1\" content=\"Dur\u00e9e de lecture estim\u00e9e\" \/>\n\t<meta name=\"twitter:data1\" content=\"3 minutes\" \/>\n<script type=\"application\/ld+json\" class=\"yoast-schema-graph\">{\"@context\":\"https:\/\/schema.org\",\"@graph\":[{\"@type\":\"WebPage\",\"@id\":\"https:\/\/jinsuncarbon.com\/product\/expanded-graphite-powder\/\",\"url\":\"https:\/\/jinsuncarbon.com\/product\/expanded-graphite-powder\/\",\"name\":\"Expanded Graphite Powder Manufacturer in China | Jinsun Carbon\",\"isPartOf\":{\"@id\":\"https:\/\/jinsuncarbon.com\/#website\"},\"primaryImageOfPage\":{\"@id\":\"https:\/\/jinsuncarbon.com\/product\/expanded-graphite-powder\/#primaryimage\"},\"image\":{\"@id\":\"https:\/\/jinsuncarbon.com\/product\/expanded-graphite-powder\/#primaryimage\"},\"thumbnailUrl\":\"https:\/\/jinsuncarbon.com\/wp-content\/uploads\/2024\/12\/Expanded-graphite-powder.jpg\",\"datePublished\":\"2024-12-19T14:38:28+00:00\",\"dateModified\":\"2024-12-19T15:17:21+00:00\",\"description\":\"Expanded graphite powder supplier in China, High electrical and thermal conductivity expanded natural graphite powder at best price.\",\"breadcrumb\":{\"@id\":\"https:\/\/jinsuncarbon.com\/product\/expanded-graphite-powder\/#breadcrumb\"},\"inLanguage\":\"fr-FR\",\"potentialAction\":[{\"@type\":\"ReadAction\",\"target\":[\"https:\/\/jinsuncarbon.com\/product\/expanded-graphite-powder\/\"]}]},{\"@type\":\"ImageObject\",\"inLanguage\":\"fr-FR\",\"@id\":\"https:\/\/jinsuncarbon.com\/product\/expanded-graphite-powder\/#primaryimage\",\"url\":\"https:\/\/jinsuncarbon.com\/wp-content\/uploads\/2024\/12\/Expanded-graphite-powder.jpg\",\"contentUrl\":\"https:\/\/jinsuncarbon.com\/wp-content\/uploads\/2024\/12\/Expanded-graphite-powder.jpg\",\"width\":1024,\"height\":763,\"caption\":\"Expanded graphite powder\"},{\"@type\":\"BreadcrumbList\",\"@id\":\"https:\/\/jinsuncarbon.com\/product\/expanded-graphite-powder\/#breadcrumb\",\"itemListElement\":[{\"@type\":\"ListItem\",\"position\":1,\"name\":\"Home\",\"item\":\"https:\/\/jinsuncarbon.com\/\"},{\"@type\":\"ListItem\",\"position\":2,\"name\":\"Products\",\"item\":\"https:\/\/jinsuncarbon.com\/graphite-carbon\/\"},{\"@type\":\"ListItem\",\"position\":3,\"name\":\"Expanded Graphite Powder\"}]},{\"@type\":\"WebSite\",\"@id\":\"https:\/\/jinsuncarbon.com\/#website\",\"url\":\"https:\/\/jinsuncarbon.com\/\",\"name\":\"Jinsun Carbon\",\"description\":\"We are the successful graphite electrode manufacturer in China\",\"publisher\":{\"@id\":\"https:\/\/jinsuncarbon.com\/#organization\"},\"potentialAction\":[{\"@type\":\"SearchAction\",\"target\":{\"@type\":\"EntryPoint\",\"urlTemplate\":\"https:\/\/jinsuncarbon.com\/?s={search_term_string}\"},\"query-input\":{\"@type\":\"PropertyValueSpecification\",\"valueRequired\":true,\"valueName\":\"search_term_string\"}}],\"inLanguage\":\"fr-FR\"},{\"@type\":\"Organization\",\"@id\":\"https:\/\/jinsuncarbon.com\/#organization\",\"name\":\"Jinsun Carbon\",\"alternateName\":\"Jinsun Carbon\",\"url\":\"https:\/\/jinsuncarbon.com\/\",\"logo\":{\"@type\":\"ImageObject\",\"inLanguage\":\"fr-FR\",\"@id\":\"https:\/\/jinsuncarbon.com\/#\/schema\/logo\/image\/\",\"url\":\"https:\/\/jinsuncarbon.com\/wp-content\/uploads\/2022\/12\/LOGO-1.png\",\"contentUrl\":\"https:\/\/jinsuncarbon.com\/wp-content\/uploads\/2022\/12\/LOGO-1.png\",\"width\":207,\"height\":80,\"caption\":\"Jinsun Carbon\"},\"image\":{\"@id\":\"https:\/\/jinsuncarbon.com\/#\/schema\/logo\/image\/\"},\"sameAs\":[\"https:\/\/www.facebook.com\/Graphite-Electrode-109336238661595\",\"https:\/\/x.com\/jinsuncarbon_\",\"https:\/\/www.linkedin.com\/in\/jinsungraphite\",\"https:\/\/www.youtube.com\/channel\/UCysDNyvyR5-3cCWEmpkVC0g\"]}]}<\/script>\n<!-- \/ Yoast SEO Premium plugin. -->","yoast_head_json":{"title":"Fabricant de poudre de graphite expans\u00e9 en Chine | Jinsun Carbon","description":"Poudre de graphite expans\u00e9 en Chine, poudre de graphite naturel expans\u00e9 \u00e0 haute conductivit\u00e9 \u00e9lectrique et thermique au meilleur prix.","robots":{"index":"index","follow":"follow","max-snippet":"max-snippet:-1","max-image-preview":"max-image-preview:large","max-video-preview":"max-video-preview:-1"},"canonical":"https:\/\/jinsuncarbon.com\/fr\/produit-2\/poudre-de-graphite-expanse\/","og_locale":"fr_FR","og_type":"article","og_title":"Expanded Graphite Powder","og_description":"Expanded graphite powder supplier in China, High electrical and thermal conductivity expanded natural graphite powder at best price.","og_url":"https:\/\/jinsuncarbon.com\/fr\/produit-2\/poudre-de-graphite-expanse\/","og_site_name":"Jinsun Carbon","article_publisher":"https:\/\/www.facebook.com\/Graphite-Electrode-109336238661595","article_modified_time":"2024-12-19T15:17:21+00:00","og_image":[{"width":1024,"height":763,"url":"https:\/\/jinsuncarbon.com\/wp-content\/uploads\/2024\/12\/Expanded-graphite-powder.jpg","type":"image\/jpeg"}],"twitter_card":"summary_large_image","twitter_site":"@jinsuncarbon_","twitter_misc":{"Dur\u00e9e de lecture estim\u00e9e":"3 minutes"},"schema":{"@context":"https:\/\/schema.org","@graph":[{"@type":"WebPage","@id":"https:\/\/jinsuncarbon.com\/product\/expanded-graphite-powder\/","url":"https:\/\/jinsuncarbon.com\/product\/expanded-graphite-powder\/","name":"Fabricant de poudre de graphite expans\u00e9 en Chine | Jinsun Carbon","isPartOf":{"@id":"https:\/\/jinsuncarbon.com\/#website"},"primaryImageOfPage":{"@id":"https:\/\/jinsuncarbon.com\/product\/expanded-graphite-powder\/#primaryimage"},"image":{"@id":"https:\/\/jinsuncarbon.com\/product\/expanded-graphite-powder\/#primaryimage"},"thumbnailUrl":"https:\/\/jinsuncarbon.com\/wp-content\/uploads\/2024\/12\/Expanded-graphite-powder.jpg","datePublished":"2024-12-19T14:38:28+00:00","dateModified":"2024-12-19T15:17:21+00:00","description":"Poudre de graphite expans\u00e9 en Chine, poudre de graphite naturel expans\u00e9 \u00e0 haute conductivit\u00e9 \u00e9lectrique et thermique au meilleur prix.","breadcrumb":{"@id":"https:\/\/jinsuncarbon.com\/product\/expanded-graphite-powder\/#breadcrumb"},"inLanguage":"fr-FR","potentialAction":[{"@type":"ReadAction","target":["https:\/\/jinsuncarbon.com\/product\/expanded-graphite-powder\/"]}]},{"@type":"ImageObject","inLanguage":"fr-FR","@id":"https:\/\/jinsuncarbon.com\/product\/expanded-graphite-powder\/#primaryimage","url":"https:\/\/jinsuncarbon.com\/wp-content\/uploads\/2024\/12\/Expanded-graphite-powder.jpg","contentUrl":"https:\/\/jinsuncarbon.com\/wp-content\/uploads\/2024\/12\/Expanded-graphite-powder.jpg","width":1024,"height":763,"caption":"Expanded graphite powder"},{"@type":"BreadcrumbList","@id":"https:\/\/jinsuncarbon.com\/product\/expanded-graphite-powder\/#breadcrumb","itemListElement":[{"@type":"ListItem","position":1,"name":"Home","item":"https:\/\/jinsuncarbon.com\/"},{"@type":"ListItem","position":2,"name":"Products","item":"https:\/\/jinsuncarbon.com\/graphite-carbon\/"},{"@type":"ListItem","position":3,"name":"Expanded Graphite Powder"}]},{"@type":"WebSite","@id":"https:\/\/jinsuncarbon.com\/#website","url":"https:\/\/jinsuncarbon.com\/","name":"Jinsun Carbon","description":"Nous sommes le fabricant d'\u00e9lectrodes en graphite le plus performant de Chine.","publisher":{"@id":"https:\/\/jinsuncarbon.com\/#organization"},"potentialAction":[{"@type":"SearchAction","target":{"@type":"EntryPoint","urlTemplate":"https:\/\/jinsuncarbon.com\/?s={search_term_string}"},"query-input":{"@type":"PropertyValueSpecification","valueRequired":true,"valueName":"search_term_string"}}],"inLanguage":"fr-FR"},{"@type":"Organization","@id":"https:\/\/jinsuncarbon.com\/#organization","name":"Jinsun Carbon","alternateName":"Jinsun Carbon","url":"https:\/\/jinsuncarbon.com\/","logo":{"@type":"ImageObject","inLanguage":"fr-FR","@id":"https:\/\/jinsuncarbon.com\/#\/schema\/logo\/image\/","url":"https:\/\/jinsuncarbon.com\/wp-content\/uploads\/2022\/12\/LOGO-1.png","contentUrl":"https:\/\/jinsuncarbon.com\/wp-content\/uploads\/2022\/12\/LOGO-1.png","width":207,"height":80,"caption":"Jinsun Carbon"},"image":{"@id":"https:\/\/jinsuncarbon.com\/#\/schema\/logo\/image\/"},"sameAs":["https:\/\/www.facebook.com\/Graphite-Electrode-109336238661595","https:\/\/x.com\/jinsuncarbon_","https:\/\/www.linkedin.com\/in\/jinsungraphite","https:\/\/www.youtube.com\/channel\/UCysDNyvyR5-3cCWEmpkVC0g"]}]}},"_links":{"self":[{"href":"https:\/\/jinsuncarbon.com\/fr\/wp-json\/wp\/v2\/product\/7066","targetHints":{"allow":["GET"]}}],"collection":[{"href":"https:\/\/jinsuncarbon.com\/fr\/wp-json\/wp\/v2\/product"}],"about":[{"href":"https:\/\/jinsuncarbon.com\/fr\/wp-json\/wp\/v2\/types\/product"}],"wp:featuredmedia":[{"embeddable":true,"href":"https:\/\/jinsuncarbon.com\/fr\/wp-json\/wp\/v2\/media\/7067"}],"wp:attachment":[{"href":"https:\/\/jinsuncarbon.com\/fr\/wp-json\/wp\/v2\/media?parent=7066"}],"wp:term":[{"taxonomy":"product_brand","embeddable":true,"href":"https:\/\/jinsuncarbon.com\/fr\/wp-json\/wp\/v2\/product_brand?post=7066"},{"taxonomy":"product_cat","embeddable":true,"href":"https:\/\/jinsuncarbon.com\/fr\/wp-json\/wp\/v2\/product_cat?post=7066"},{"taxonomy":"product_tag","embeddable":true,"href":"https:\/\/jinsuncarbon.com\/fr\/wp-json\/wp\/v2\/product_tag?post=7066"}],"curies":[{"name":"wp","href":"https:\/\/api.w.org\/{rel}","templated":true}]}}