{"id":7038,"date":"2024-12-16T10:58:56","date_gmt":"2024-12-16T10:58:56","guid":{"rendered":"https:\/\/jinsuncarbon.com\/?post_type=product&#038;p=7038"},"modified":"2024-12-16T22:19:43","modified_gmt":"2024-12-16T22:19:43","slug":"coke-metallurgique-a-faible-teneur-en-cendres","status":"publish","type":"product","link":"https:\/\/jinsuncarbon.com\/fr\/produit-2\/coke-metallurgique-a-faible-teneur-en-cendres\/","title":{"rendered":"Coke m\u00e9tallurgique \u00e0 faible teneur en cendres"},"content":{"rendered":"<h2>Avantages du coke m\u00e9tallurgique \u00e0 faible teneur en cendres<\/h2>\n<p>L'avantage du coke m\u00e9tallurgique \u00e0 faible teneur en cendres est tr\u00e8s important.<\/p>\n<p><strong><b>Teneur \u00e9lev\u00e9e en carbone fixe<\/b><\/strong><\/p>\n<p>Il peut d\u00e9gager de mani\u00e8re continue et stable une chaleur \u00e9lev\u00e9e \u00e0 haute temp\u00e9rature et fournir suffisamment d'\u00e9nergie pour la fusion m\u00e9tallurgique. Et garantir l'efficacit\u00e9 du processus de fusion.<\/p>\n<p>&nbsp;<\/p>\n<p><strong><b>Faible teneur en cendres<\/b><\/strong><\/p>\n<p>R\u00e9duit efficacement l'introduction d'impuret\u00e9s, r\u00e9duit la quantit\u00e9 de scories produites. Il contribue \u00e0 am\u00e9liorer la puret\u00e9 et la r\u00e9cup\u00e9ration du m\u00e9tal.<\/p>\n<p>&nbsp;<\/p>\n<p><strong><b>Faible teneur en soufre<\/b><\/strong><\/p>\n<p>Dans le processus de fusion, la pollution des m\u00e9taux est faible, ce qui permet d'am\u00e9liorer efficacement la qualit\u00e9 des produits.<\/p>\n<p>&nbsp;<\/p>\n<p><strong><b>R\u00e9sistance m\u00e9canique \u00e9lev\u00e9e<\/b><\/strong><\/p>\n<p>Il n'est pas facile \u00e0 briser pendant le transport, le chargement et le d\u00e9chargement et la r\u00e9action dans le four, ce qui garantit la perm\u00e9abilit\u00e9 et la r\u00e9activit\u00e9 du coke. Il rend la r\u00e9action m\u00e9tallurgique plus ad\u00e9quate et plus stable.<\/p>\n<p>&nbsp;<\/p>\n<p><strong><b>Structure des pores d\u00e9velopp\u00e9e<\/b><\/strong><\/p>\n<p>La surface de contact avec l'oxyg\u00e8ne et le minerai est augment\u00e9e. Le taux de r\u00e9action REDOX est acc\u00e9l\u00e9r\u00e9 et l'efficacit\u00e9 de la fusion est am\u00e9lior\u00e9e.<\/p>\n<p><strong><b>\u00a0<\/b><\/strong><\/p>\n<h2>Types de coke m\u00e9tallurgique \u00e0 faible teneur en cendres<\/h2>\n<p><strong><b>Coke d'acier<\/b><\/strong><\/p>\n<p>Il est principalement utilis\u00e9 dans le processus de fabrication du fer en haut fourneau, qui exige que le coke ait une r\u00e9activit\u00e9 et une r\u00e9sistance aux chocs thermiques \u00e9lev\u00e9es. Il permet de r\u00e9duire rapidement le minerai de fer en m\u00e9tal chaud et d'assurer la progression du haut fourneau. Le contr\u00f4le des <a href=\"https:\/\/en.wikipedia.org\/wiki\/Sulfur\" target=\"_blank\" rel=\"noopener\">soufre<\/a>Le contr\u00f4le de la teneur en soufre, en phosphore et autres impuret\u00e9s est plus strict afin de garantir la qualit\u00e9 de l'acier dans le processus de fabrication de l'acier.<\/p>\n<p><strong><b>\u00a0<\/b><\/strong><\/p>\n<p><strong><b>Coke de fonderie<\/b><\/strong><\/p>\n<p>Dans le cubilot utilis\u00e9 dans l'industrie de la fonte, le coke doit avoir une bonne consistance, une bonne r\u00e9sistance et une faible porosit\u00e9. Cela permet de garantir que la chaleur peut \u00eatre fournie de mani\u00e8re stable pendant le processus de fusion du fer, de maintenir la temp\u00e9rature et la composition du m\u00e9tal chaud. De plus, le coke doit \u00eatre de bonne qualit\u00e9, solide et peu poreux. <a href=\"https:\/\/jinsuncarbon.com\/fr\/produit-2\/coke-de-fonderie\/\">coke de fonderie<\/a> produit des pi\u00e8ces moul\u00e9es de meilleure qualit\u00e9, avec un meilleur \u00e9tat de surface et moins de d\u00e9fauts internes.<\/p>\n<p><strong><b>\u00a0<\/b><\/strong><\/p>\n<h2>Utilisations du coke m\u00e9tallurgique \u00e0 faible teneur en cendres<\/h2>\n<p><strong><b>Industrie sid\u00e9rurgique<\/b><\/strong><\/p>\n<p>Dans la fabrication du fer en haut fourneau, le coke m\u00e9tallurgique \u00e0 faible teneur en cendres, en tant que principal combustible et agent r\u00e9ducteur, r\u00e9duit l'oxyde de fer du minerai de fer en m\u00e9tal liquide et chaud. Bien qu'il fournisse la chaleur n\u00e9cessaire pour maintenir l'environnement \u00e0 haute temp\u00e9rature dans le <a href=\"https:\/\/en.wikipedia.org\/wiki\/Blast_furnace\" target=\"_blank\" rel=\"noopener\">haut fourneau<\/a>. Assurer le fonctionnement continu et stable du haut fourneau. Sa qualit\u00e9 affecte directement le rendement et la qualit\u00e9 de la fonte brute, ainsi que la dur\u00e9e de vie et le co\u00fbt de production du haut fourneau.<\/p>\n<p>&nbsp;<\/p>\n<p><strong><b>Fusion de m\u00e9taux non ferreux<\/b><\/strong><\/p>\n<p>Dans le processus de fusion du cuivre, du plomb, du zinc et d'autres m\u00e9taux non ferreux, la faible teneur en cendres est un facteur d\u00e9terminant. <a href=\"https:\/\/jinsuncarbon.com\/fr\/produit-2\/coke-metallurgique\/\">coke m\u00e9tallurgique<\/a> joue \u00e9galement un r\u00f4le important. Par exemple, dans le four de r\u00e9flexion ou le haut fourneau de fusion du cuivre, on peut br\u00fbler du coke comme combustible pour produire une temp\u00e9rature \u00e9lev\u00e9e. Ainsi, l'\u00e9l\u00e9ment cuivre du minerai de cuivre peut \u00eatre fondu et s\u00e9par\u00e9. Dans la fusion du plomb et du zinc, le coke participe \u00e0 la r\u00e9action REDOX afin de promouvoir le processus de r\u00e9duction et d'affinage du concentr\u00e9 de plomb et de zinc. Am\u00e9liorer la r\u00e9cup\u00e9ration et la puret\u00e9 des m\u00e9taux non ferreux, r\u00e9duire la consommation d'\u00e9nergie et les co\u00fbts de production dans le processus de fusion. Et am\u00e9liorer les avantages \u00e9conomiques des entreprises.<\/p>\n<p>&nbsp;<\/p>\n<p><strong><b>Fabrication de machines<\/b><\/strong><\/p>\n<p>Dans le processus de coul\u00e9e, vous pouvez utiliser du coke m\u00e9tallurgique \u00e0 faible teneur en cendres dans le cubilot pour fournir une source de chaleur stable pour la fusion du m\u00e9tal. Il garantit que le m\u00e9tal liquide a une bonne fluidit\u00e9 et une bonne capacit\u00e9 de remplissage. Le coke m\u00e9tallurgique \u00e0 faible teneur en cendres de haute qualit\u00e9 peut assurer le bon d\u00e9roulement du processus de coul\u00e9e, r\u00e9duire les d\u00e9fauts des pi\u00e8ces coul\u00e9es, am\u00e9liorer la qualit\u00e9 et les performances globales des produits m\u00e9caniques. Et renforcer la comp\u00e9titivit\u00e9 des entreprises de fabrication de machines sur le march\u00e9.<\/p>","protected":false},"excerpt":{"rendered":"<p>Le coke m\u00e9tallurgique \u00e0 faible teneur en cendres est un type de coke \u00e0 faible teneur en cendres apr\u00e8s un traitement sp\u00e9cial. Il est fabriqu\u00e9 \u00e0 partir de charbon de haute qualit\u00e9 comme mati\u00e8re premi\u00e8re, selon un processus de production strict. Occupant une position importante dans l'industrie m\u00e9tallurgique, il s'agit d'un mat\u00e9riau essentiel pour r\u00e9pondre aux besoins d'une fusion de haute qualit\u00e9.<\/p>\n<p>&nbsp;<\/p>\n<p>Avec une r\u00e9sistance \u00e9lev\u00e9e, peu d'impuret\u00e9s et d'autres caract\u00e9ristiques excellentes, il peut fournir un soutien \u00e9nerg\u00e9tique stable et fiable et un environnement de r\u00e9action de r\u00e9duction efficace pour le processus m\u00e9tallurgique.<\/p>","protected":false},"featured_media":7039,"template":"","meta":[],"product_brand":[],"product_cat":[40],"product_tag":[],"class_list":{"0":"post-7038","1":"product","2":"type-product","3":"status-publish","4":"has-post-thumbnail","6":"product_cat-petroleum-coke","8":"first","9":"instock","10":"shipping-taxable","11":"product-type-simple"},"yoast_head":"<!-- This site is optimized with the Yoast SEO Premium plugin v19.2.1 (Yoast SEO v25.3) - https:\/\/yoast.com\/wordpress\/plugins\/seo\/ -->\n<title>Low Ash Metallurgical Coke Supplier in China | Jinsun Carbon<\/title>\n<meta name=\"description\" content=\"Low sulfur metallurgical coke manufacturers at best price, Metallurgical coke is used as fuel for blast furnace steelmaking.\" \/>\n<meta name=\"robots\" content=\"index, follow, max-snippet:-1, max-image-preview:large, max-video-preview:-1\" \/>\n<link rel=\"canonical\" href=\"https:\/\/jinsuncarbon.com\/fr\/produit-2\/coke-metallurgique-a-faible-teneur-en-cendres\/\" \/>\n<meta property=\"og:locale\" content=\"fr_FR\" \/>\n<meta property=\"og:type\" content=\"article\" \/>\n<meta property=\"og:title\" content=\"Low Ash Metallurgical Coke\" \/>\n<meta property=\"og:description\" content=\"Low sulfur metallurgical coke manufacturers at best price, Metallurgical coke is used as fuel for blast furnace steelmaking.\" \/>\n<meta property=\"og:url\" content=\"https:\/\/jinsuncarbon.com\/fr\/produit-2\/coke-metallurgique-a-faible-teneur-en-cendres\/\" \/>\n<meta property=\"og:site_name\" content=\"Jinsun Carbon\" \/>\n<meta property=\"article:publisher\" content=\"https:\/\/www.facebook.com\/Graphite-Electrode-109336238661595\" \/>\n<meta property=\"article:modified_time\" content=\"2024-12-16T22:19:43+00:00\" \/>\n<meta property=\"og:image\" content=\"https:\/\/jinsuncarbon.com\/wp-content\/uploads\/2024\/12\/low-ash-metallurgical-coke.jpg\" \/>\n\t<meta property=\"og:image:width\" content=\"1024\" \/>\n\t<meta property=\"og:image:height\" content=\"763\" \/>\n\t<meta property=\"og:image:type\" content=\"image\/jpeg\" \/>\n<meta name=\"twitter:card\" content=\"summary_large_image\" \/>\n<meta name=\"twitter:site\" content=\"@jinsuncarbon_\" \/>\n<meta name=\"twitter:label1\" content=\"Dur\u00e9e de lecture estim\u00e9e\" \/>\n\t<meta name=\"twitter:data1\" content=\"3 minutes\" \/>\n<script type=\"application\/ld+json\" class=\"yoast-schema-graph\">{\"@context\":\"https:\/\/schema.org\",\"@graph\":[{\"@type\":\"WebPage\",\"@id\":\"https:\/\/jinsuncarbon.com\/product\/low-ash-metallurgical-coke\/\",\"url\":\"https:\/\/jinsuncarbon.com\/product\/low-ash-metallurgical-coke\/\",\"name\":\"Low Ash Metallurgical Coke Supplier in China | Jinsun Carbon\",\"isPartOf\":{\"@id\":\"https:\/\/jinsuncarbon.com\/#website\"},\"primaryImageOfPage\":{\"@id\":\"https:\/\/jinsuncarbon.com\/product\/low-ash-metallurgical-coke\/#primaryimage\"},\"image\":{\"@id\":\"https:\/\/jinsuncarbon.com\/product\/low-ash-metallurgical-coke\/#primaryimage\"},\"thumbnailUrl\":\"https:\/\/jinsuncarbon.com\/wp-content\/uploads\/2024\/12\/low-ash-metallurgical-coke.jpg\",\"datePublished\":\"2024-12-16T10:58:56+00:00\",\"dateModified\":\"2024-12-16T22:19:43+00:00\",\"description\":\"Low sulfur metallurgical coke manufacturers at best price, Metallurgical coke is used as fuel for blast furnace steelmaking.\",\"breadcrumb\":{\"@id\":\"https:\/\/jinsuncarbon.com\/product\/low-ash-metallurgical-coke\/#breadcrumb\"},\"inLanguage\":\"fr-FR\",\"potentialAction\":[{\"@type\":\"ReadAction\",\"target\":[\"https:\/\/jinsuncarbon.com\/product\/low-ash-metallurgical-coke\/\"]}]},{\"@type\":\"ImageObject\",\"inLanguage\":\"fr-FR\",\"@id\":\"https:\/\/jinsuncarbon.com\/product\/low-ash-metallurgical-coke\/#primaryimage\",\"url\":\"https:\/\/jinsuncarbon.com\/wp-content\/uploads\/2024\/12\/low-ash-metallurgical-coke.jpg\",\"contentUrl\":\"https:\/\/jinsuncarbon.com\/wp-content\/uploads\/2024\/12\/low-ash-metallurgical-coke.jpg\",\"width\":1024,\"height\":763,\"caption\":\"low ash metallurgical coke\"},{\"@type\":\"BreadcrumbList\",\"@id\":\"https:\/\/jinsuncarbon.com\/product\/low-ash-metallurgical-coke\/#breadcrumb\",\"itemListElement\":[{\"@type\":\"ListItem\",\"position\":1,\"name\":\"Home\",\"item\":\"https:\/\/jinsuncarbon.com\/\"},{\"@type\":\"ListItem\",\"position\":2,\"name\":\"Products\",\"item\":\"https:\/\/jinsuncarbon.com\/graphite-carbon\/\"},{\"@type\":\"ListItem\",\"position\":3,\"name\":\"Low Ash Metallurgical Coke\"}]},{\"@type\":\"WebSite\",\"@id\":\"https:\/\/jinsuncarbon.com\/#website\",\"url\":\"https:\/\/jinsuncarbon.com\/\",\"name\":\"Jinsun Carbon\",\"description\":\"We are the successful graphite electrode manufacturer in China\",\"publisher\":{\"@id\":\"https:\/\/jinsuncarbon.com\/#organization\"},\"potentialAction\":[{\"@type\":\"SearchAction\",\"target\":{\"@type\":\"EntryPoint\",\"urlTemplate\":\"https:\/\/jinsuncarbon.com\/?s={search_term_string}\"},\"query-input\":{\"@type\":\"PropertyValueSpecification\",\"valueRequired\":true,\"valueName\":\"search_term_string\"}}],\"inLanguage\":\"fr-FR\"},{\"@type\":\"Organization\",\"@id\":\"https:\/\/jinsuncarbon.com\/#organization\",\"name\":\"Jinsun Carbon\",\"alternateName\":\"Jinsun Carbon\",\"url\":\"https:\/\/jinsuncarbon.com\/\",\"logo\":{\"@type\":\"ImageObject\",\"inLanguage\":\"fr-FR\",\"@id\":\"https:\/\/jinsuncarbon.com\/#\/schema\/logo\/image\/\",\"url\":\"https:\/\/jinsuncarbon.com\/wp-content\/uploads\/2022\/12\/LOGO-1.png\",\"contentUrl\":\"https:\/\/jinsuncarbon.com\/wp-content\/uploads\/2022\/12\/LOGO-1.png\",\"width\":207,\"height\":80,\"caption\":\"Jinsun Carbon\"},\"image\":{\"@id\":\"https:\/\/jinsuncarbon.com\/#\/schema\/logo\/image\/\"},\"sameAs\":[\"https:\/\/www.facebook.com\/Graphite-Electrode-109336238661595\",\"https:\/\/x.com\/jinsuncarbon_\",\"https:\/\/www.linkedin.com\/in\/jinsungraphite\",\"https:\/\/www.youtube.com\/channel\/UCysDNyvyR5-3cCWEmpkVC0g\"]}]}<\/script>\n<!-- \/ Yoast SEO Premium plugin. -->","yoast_head_json":{"title":"Fournisseur de coke m\u00e9tallurgique \u00e0 faible teneur en cendres en Chine | Jinsun Carbon","description":"Le coke m\u00e9tallurgique \u00e0 faible teneur en soufre est utilis\u00e9 comme combustible pour la fabrication de l'acier dans les hauts fourneaux.","robots":{"index":"index","follow":"follow","max-snippet":"max-snippet:-1","max-image-preview":"max-image-preview:large","max-video-preview":"max-video-preview:-1"},"canonical":"https:\/\/jinsuncarbon.com\/fr\/produit-2\/coke-metallurgique-a-faible-teneur-en-cendres\/","og_locale":"fr_FR","og_type":"article","og_title":"Low Ash Metallurgical Coke","og_description":"Low sulfur metallurgical coke manufacturers at best price, Metallurgical coke is used as fuel for blast furnace steelmaking.","og_url":"https:\/\/jinsuncarbon.com\/fr\/produit-2\/coke-metallurgique-a-faible-teneur-en-cendres\/","og_site_name":"Jinsun Carbon","article_publisher":"https:\/\/www.facebook.com\/Graphite-Electrode-109336238661595","article_modified_time":"2024-12-16T22:19:43+00:00","og_image":[{"width":1024,"height":763,"url":"https:\/\/jinsuncarbon.com\/wp-content\/uploads\/2024\/12\/low-ash-metallurgical-coke.jpg","type":"image\/jpeg"}],"twitter_card":"summary_large_image","twitter_site":"@jinsuncarbon_","twitter_misc":{"Dur\u00e9e de lecture estim\u00e9e":"3 minutes"},"schema":{"@context":"https:\/\/schema.org","@graph":[{"@type":"WebPage","@id":"https:\/\/jinsuncarbon.com\/product\/low-ash-metallurgical-coke\/","url":"https:\/\/jinsuncarbon.com\/product\/low-ash-metallurgical-coke\/","name":"Fournisseur de coke m\u00e9tallurgique \u00e0 faible teneur en cendres en Chine | Jinsun Carbon","isPartOf":{"@id":"https:\/\/jinsuncarbon.com\/#website"},"primaryImageOfPage":{"@id":"https:\/\/jinsuncarbon.com\/product\/low-ash-metallurgical-coke\/#primaryimage"},"image":{"@id":"https:\/\/jinsuncarbon.com\/product\/low-ash-metallurgical-coke\/#primaryimage"},"thumbnailUrl":"https:\/\/jinsuncarbon.com\/wp-content\/uploads\/2024\/12\/low-ash-metallurgical-coke.jpg","datePublished":"2024-12-16T10:58:56+00:00","dateModified":"2024-12-16T22:19:43+00:00","description":"Le coke m\u00e9tallurgique \u00e0 faible teneur en soufre est utilis\u00e9 comme combustible pour la fabrication de l'acier dans les hauts fourneaux.","breadcrumb":{"@id":"https:\/\/jinsuncarbon.com\/product\/low-ash-metallurgical-coke\/#breadcrumb"},"inLanguage":"fr-FR","potentialAction":[{"@type":"ReadAction","target":["https:\/\/jinsuncarbon.com\/product\/low-ash-metallurgical-coke\/"]}]},{"@type":"ImageObject","inLanguage":"fr-FR","@id":"https:\/\/jinsuncarbon.com\/product\/low-ash-metallurgical-coke\/#primaryimage","url":"https:\/\/jinsuncarbon.com\/wp-content\/uploads\/2024\/12\/low-ash-metallurgical-coke.jpg","contentUrl":"https:\/\/jinsuncarbon.com\/wp-content\/uploads\/2024\/12\/low-ash-metallurgical-coke.jpg","width":1024,"height":763,"caption":"low ash metallurgical coke"},{"@type":"BreadcrumbList","@id":"https:\/\/jinsuncarbon.com\/product\/low-ash-metallurgical-coke\/#breadcrumb","itemListElement":[{"@type":"ListItem","position":1,"name":"Home","item":"https:\/\/jinsuncarbon.com\/"},{"@type":"ListItem","position":2,"name":"Products","item":"https:\/\/jinsuncarbon.com\/graphite-carbon\/"},{"@type":"ListItem","position":3,"name":"Low Ash Metallurgical Coke"}]},{"@type":"WebSite","@id":"https:\/\/jinsuncarbon.com\/#website","url":"https:\/\/jinsuncarbon.com\/","name":"Jinsun Carbon","description":"Nous sommes le fabricant d'\u00e9lectrodes en graphite le plus performant de Chine.","publisher":{"@id":"https:\/\/jinsuncarbon.com\/#organization"},"potentialAction":[{"@type":"SearchAction","target":{"@type":"EntryPoint","urlTemplate":"https:\/\/jinsuncarbon.com\/?s={search_term_string}"},"query-input":{"@type":"PropertyValueSpecification","valueRequired":true,"valueName":"search_term_string"}}],"inLanguage":"fr-FR"},{"@type":"Organization","@id":"https:\/\/jinsuncarbon.com\/#organization","name":"Jinsun Carbon","alternateName":"Jinsun Carbon","url":"https:\/\/jinsuncarbon.com\/","logo":{"@type":"ImageObject","inLanguage":"fr-FR","@id":"https:\/\/jinsuncarbon.com\/#\/schema\/logo\/image\/","url":"https:\/\/jinsuncarbon.com\/wp-content\/uploads\/2022\/12\/LOGO-1.png","contentUrl":"https:\/\/jinsuncarbon.com\/wp-content\/uploads\/2022\/12\/LOGO-1.png","width":207,"height":80,"caption":"Jinsun Carbon"},"image":{"@id":"https:\/\/jinsuncarbon.com\/#\/schema\/logo\/image\/"},"sameAs":["https:\/\/www.facebook.com\/Graphite-Electrode-109336238661595","https:\/\/x.com\/jinsuncarbon_","https:\/\/www.linkedin.com\/in\/jinsungraphite","https:\/\/www.youtube.com\/channel\/UCysDNyvyR5-3cCWEmpkVC0g"]}]}},"_links":{"self":[{"href":"https:\/\/jinsuncarbon.com\/fr\/wp-json\/wp\/v2\/product\/7038","targetHints":{"allow":["GET"]}}],"collection":[{"href":"https:\/\/jinsuncarbon.com\/fr\/wp-json\/wp\/v2\/product"}],"about":[{"href":"https:\/\/jinsuncarbon.com\/fr\/wp-json\/wp\/v2\/types\/product"}],"wp:featuredmedia":[{"embeddable":true,"href":"https:\/\/jinsuncarbon.com\/fr\/wp-json\/wp\/v2\/media\/7039"}],"wp:attachment":[{"href":"https:\/\/jinsuncarbon.com\/fr\/wp-json\/wp\/v2\/media?parent=7038"}],"wp:term":[{"taxonomy":"product_brand","embeddable":true,"href":"https:\/\/jinsuncarbon.com\/fr\/wp-json\/wp\/v2\/product_brand?post=7038"},{"taxonomy":"product_cat","embeddable":true,"href":"https:\/\/jinsuncarbon.com\/fr\/wp-json\/wp\/v2\/product_cat?post=7038"},{"taxonomy":"product_tag","embeddable":true,"href":"https:\/\/jinsuncarbon.com\/fr\/wp-json\/wp\/v2\/product_tag?post=7038"}],"curies":[{"name":"wp","href":"https:\/\/api.w.org\/{rel}","templated":true}]}}