{"id":7030,"date":"2024-12-14T10:28:54","date_gmt":"2024-12-14T10:28:54","guid":{"rendered":"https:\/\/jinsuncarbon.com\/?post_type=product&#038;p=7030"},"modified":"2024-12-14T10:28:54","modified_gmt":"2024-12-14T10:28:54","slug":"roulements-en-graphite","status":"publish","type":"product","link":"https:\/\/jinsuncarbon.com\/fr\/produit-2\/roulements-en-graphite\/","title":{"rendered":"Roulements en graphite"},"content":{"rendered":"<p class=\"ql-align-justify\">Les roulements en graphite sont principalement des composants de pr\u00e9cision sous forme de bagues ou de manchons. En fonction de vos conditions r\u00e9elles, ils peuvent \u00eatre personnalis\u00e9s pour r\u00e9pondre \u00e0 vos besoins d'assemblage. Si vous souhaitez en savoir plus sur le coefficient de frottement et la capacit\u00e9 de charge, nous vous fournirons les r\u00e9ponses appropri\u00e9es et vous donnerons des conseils techniques professionnels.<\/p>\n<h2>Types de roulements en graphite<\/h2>\n<p class=\"ql-align-justify\"><strong>Class\u00e9s du point de vue de la composition des mat\u00e9riaux :<\/strong><\/p>\n<p class=\"ql-align-justify\"><strong>Roulements en carbone ordinaire<\/strong><\/p>\n<p class=\"ql-align-justify\">Sa teneur en carbone peut r\u00e9pondre aux applications industrielles g\u00e9n\u00e9rales, son co\u00fbt est relativement faible. Il convient \u00e9galement aux \u00e9quipements conventionnels qui n'ont pas d'exigences particuli\u00e8rement \u00e9lev\u00e9es en mati\u00e8re de performance des roulements.<\/p>\n<p class=\"ql-align-justify\">\n<p class=\"ql-align-justify\"><strong>Roulements en carbone-graphite de haute puret\u00e9<\/strong><\/p>\n<p class=\"ql-align-justify\">Avec une teneur en carbone plus \u00e9lev\u00e9e, une structure cristalline de graphite plus r\u00e9guli\u00e8re et de meilleures performances. Il est souvent utilis\u00e9 dans les machines de pr\u00e9cision ayant des exigences plus \u00e9lev\u00e9es en mati\u00e8re de pr\u00e9cision et de stabilit\u00e9.<\/p>\n<p class=\"ql-align-justify\">\n<p class=\"ql-align-justify\"><strong>Roulements en bronze graphite<\/strong><\/p>\n<p class=\"ql-align-justify\">Il combine la haute r\u00e9sistance du bronze et les caract\u00e9ristiques de lubrification du graphite, avec une bonne capacit\u00e9 de charge et une bonne r\u00e9sistance \u00e0 l'usure. Il peut \u00eatre largement utilis\u00e9 dans les \u00e9quipements industriels lourds qui requi\u00e8rent certaines propri\u00e9t\u00e9s de lubrification.<\/p>\n<p class=\"ql-align-justify\">\n<p class=\"ql-align-justify\"><strong>A partir de la forme structurelle :<\/strong><\/p>\n<p><strong><b>Bagues impr\u00e9gn\u00e9es de graphite<\/b><\/strong><\/p>\n<p>Il pr\u00e9sente l'avantage unique d'\u00eatre compact et durable, et peut r\u00e9sister efficacement \u00e0 l'usure et \u00e0 la corrosion. Le processus d'impr\u00e9gnation au graphite lui conf\u00e8re d'excellentes propri\u00e9t\u00e9s autolubrifiantes et une bonne stabilit\u00e9 chimique, et il peut fonctionner de mani\u00e8re stable dans des conditions difficiles.<\/p>\n<p class=\"ql-align-justify\">\n<p class=\"ql-align-justify\"><strong>Roulement \u00e0 billes en graphite<\/strong><\/p>\n<p class=\"ql-align-justify\">Il utilise une bille en graphite comme corps roulant, et pr\u00e9sente les caract\u00e9ristiques suivantes : faible frottement, haute pr\u00e9cision. Il convient aux exigences de rotation \u00e0 grande vitesse et de flexibilit\u00e9 de rotation \u00e9lev\u00e9e des \u00e9quipements.<\/p>\n<p class=\"ql-align-justify\">\n<p class=\"ql-align-justify\"><strong>Paliers \u00e0 air en graphite<\/strong><\/p>\n<p class=\"ql-align-justify\">Gr\u00e2ce \u00e0 la combinaison de l'air comme lubrifiant et des propri\u00e9t\u00e9s autolubrifiantes du graphite, les paliers \u00e0 air en graphite permettent d'obtenir des mouvements rotatifs \u00e0 tr\u00e8s grande vitesse et de haute pr\u00e9cision. Ils sont principalement utilis\u00e9s pour les pi\u00e8ces rotatives \u00e0 grande vitesse dans des domaines de pointe tels que <a href=\"https:\/\/en.wikipedia.org\/wiki\/Aerospace\" target=\"_blank\" rel=\"noopener\">a\u00e9rospatiale<\/a>.<\/p>\n<p class=\"ql-align-justify\">\n<h2 class=\"ql-align-justify\">Avantages des roulements en graphite<\/h2>\n<p class=\"ql-align-justify\"><strong>Performance autolubrifiante exceptionnelle<\/strong><\/p>\n<p class=\"ql-align-justify\">Gr\u00e2ce \u00e0 la structure sp\u00e9ciale des couches de graphite, le coefficient de frottement est faible, ce qui permet de r\u00e9duire les pertes d'\u00e9nergie pendant le fonctionnement de l'\u00e9quipement. Il r\u00e9duit \u00e9galement la d\u00e9pendance \u00e0 l'\u00e9gard de la lubrification externe.\u00a0<span data-type=\"2\" data-index=\"3\" data-gid=\"1\">Par exemple, dans certaines conditions sp\u00e9ciales o\u00f9 il est difficile d'ajouter de l'huile de lubrification, les roulements en graphite peuvent encore fonctionner normalement.<\/span><\/p>\n<p class=\"ql-align-justify\">\n<p class=\"ql-align-justify\"><strong>Bonne stabilit\u00e9 thermique<\/strong><\/p>\n<p class=\"ql-align-justify\">Il peut conserver des propri\u00e9t\u00e9s physiques et chimiques stables dans un environnement \u00e0 haute temp\u00e9rature. Comme dans le cas du fer et du <a href=\"https:\/\/www.britannica.com\/technology\/steel\/Primary-steelmaking\" target=\"_blank\" rel=\"noopener\">fusion de l'acier<\/a> les roulements en carbone-graphite peuvent supporter des temp\u00e9ratures \u00e9lev\u00e9es sans se d\u00e9former ni s'endommager.<\/p>\n<p class=\"ql-align-justify\">\n<p class=\"ql-align-justify\"><strong>Forte stabilit\u00e9 chimique<\/strong><\/p>\n<p class=\"ql-align-justify\">Il pr\u00e9sente une forte r\u00e9sistance \u00e0 de nombreux milieux corrosifs. Dans les \u00e9quipements de production chimique, les coussinets en graphite et les coussinets en graphite de carbone peuvent pr\u00e9venir efficacement la corrosion par l'acide et l'alcali et d'autres substances corrosives, et prolonger la dur\u00e9e de vie.<\/p>\n<p class=\"ql-align-justify\">\n<p class=\"ql-align-justify\"><strong>Une certaine conductivit\u00e9<\/strong><\/p>\n<p class=\"ql-align-justify\">Dans certains \u00e9quipements \u00e9lectriques sp\u00e9cifiques, il peut jouer un r\u00f4le auxiliaire de conductivit\u00e9 ou d'exportation \u00e9lectrostatique. Assurer un fonctionnement s\u00fbr de l'\u00e9quipement, am\u00e9liorer les performances globales et la fiabilit\u00e9 de l'\u00e9quipement. R\u00e9duire les co\u00fbts de maintenance et les temps d'arr\u00eat.<\/p>\n<p class=\"ql-align-justify\">\n<p class=\"ql-align-justify\">\n<h2 class=\"ql-align-justify\">Utilisations des roulements en graphite<\/h2>\n<p class=\"ql-align-justify\"><strong>Dans le domaine de l'usinage :<\/strong><\/p>\n<p class=\"ql-align-justify\">La broche de la machine-outil utilise des roulements en graphite, ce qui permet de r\u00e9duire les frottements et les vibrations. Cela permet d'am\u00e9liorer la pr\u00e9cision du traitement et la qualit\u00e9 de la surface, de r\u00e9duire l'usure de l'outil, de prolonger sa dur\u00e9e de vie et d'am\u00e9liorer l'efficacit\u00e9 du traitement.<\/p>\n<p class=\"ql-align-justify\">\n<p class=\"ql-align-justify\"><strong>Dans l'industrie automobile :<\/strong><\/p>\n<p class=\"ql-align-justify\">Vous pouvez utiliser des graisses au graphite pour les roulements de roue avec des roulements \u00e0 douille en graphite ou des roulements en bronze en graphite, etc. Elle peut s'adapter \u00e0 diverses conditions de travail complexes dans la conduite d'un v\u00e9hicule. Elle r\u00e9duit efficacement le frottement et l'usure, am\u00e9liore la fiabilit\u00e9 et la durabilit\u00e9 des roulements de roue et garantit la s\u00e9curit\u00e9 de la conduite.<\/p>\n<p class=\"ql-align-justify\">\n<p class=\"ql-align-justify\"><strong>Dans les \u00e9quipements \u00e9lectriques :<\/strong><\/p>\n<p class=\"ql-align-justify\">La partie du g\u00e9n\u00e9rateur qui porte le rotor utilise des roulements fabriqu\u00e9s en <a href=\"https:\/\/jinsuncarbon.com\/fr\/tout-sur-le-carbone-graphite\/\">carbone-graphite<\/a> des mat\u00e9riaux pour les roulements. Sa bonne conductivit\u00e9 \u00e9lectrique et thermique contribue \u00e0 la dissipation de la chaleur et au fonctionnement stable du moteur, am\u00e9liorant ainsi l'efficacit\u00e9 de la production d'\u00e9nergie et la fiabilit\u00e9 de l'\u00e9quipement.<\/p>\n<p class=\"ql-align-justify\">\n<p class=\"ql-align-justify\"><strong>Dans la production chimique :<\/strong><\/p>\n<p class=\"ql-align-justify\">Les roulements de toutes sortes de pompes, de m\u00e9langeurs et d'autres \u00e9quipements utilisent <a href=\"https:\/\/jinsuncarbon.com\/fr\/produit-2\/bagues-en-graphite\/\">douille en graphite<\/a> ou des coussinets en carbone-graphite. Il peut r\u00e9sister \u00e0 l'\u00e9rosion des milieux corrosifs et assurer un fonctionnement stable \u00e0 long terme de l'\u00e9quipement. R\u00e9duire la fr\u00e9quence de l'entretien et du remplacement des \u00e9quipements, et r\u00e9duire les co\u00fbts de production.<\/p>\n<p class=\"ql-align-justify\">\n<p class=\"ql-align-justify\"><strong>Dans le domaine a\u00e9rospatial :<\/strong><\/p>\n<p class=\"ql-align-justify\">Les coussinets d'air en graphite peuvent \u00eatre utilis\u00e9s dans des pi\u00e8ces tournantes \u00e0 grande vitesse et de haute pr\u00e9cision, telles que les m\u00e9canismes de r\u00e9glage d'attitude des satellites. Il r\u00e9pond \u00e0 leurs exigences strictes en mati\u00e8re de faible frottement, de haute fiabilit\u00e9 et de longue dur\u00e9e de vie. Assurer un fonctionnement pr\u00e9cis et stable des satellites dans l'espace et accomplir diverses t\u00e2ches.<\/p>\n<p class=\"ql-align-justify\">\n<p class=\"ql-align-justify\"><strong>Dans certains domaines tels que l'instrumentation de pr\u00e9cision et l'\u00e9quipement m\u00e9dical :<\/strong><\/p>\n<p class=\"ql-align-justify\">Les roulements \u00e0 billes en graphite et les paliers de support en graphite jouent \u00e9galement un r\u00f4le cl\u00e9, en fournissant un support stable et fiable pour le mouvement de pr\u00e9cision de l'\u00e9quipement. Ils garantissent la pr\u00e9cision et les performances de l'instrument. R\u00e9pondre \u00e0 la demande d'\u00e9quipements de haute pr\u00e9cision dans les domaines de la recherche scientifique, de la m\u00e9decine et autres.<\/p>","protected":false},"excerpt":{"rendered":"<p class=\"ql-align-justify\">\n<p class=\"ql-align-justify\">Les roulements en graphite sont des composants de roulements dont le mat\u00e9riau principal est le graphite. Ils fonctionnent bien dans de nombreux sc\u00e9narios industriels, peuvent r\u00e9pondre aux exigences de performance de divers types d'\u00e9quipements pour les composants de support rotatifs, fournissent une garantie fiable pour le fonctionnement r\u00e9gulier et efficace de l'\u00e9quipement. Il s'agit de l'une des principales pi\u00e8ces de base du syst\u00e8me industriel moderne.<\/p>","protected":false},"featured_media":7031,"template":"","meta":[],"product_brand":[],"product_cat":[38],"product_tag":[],"class_list":{"0":"post-7030","1":"product","2":"type-product","3":"status-publish","4":"has-post-thumbnail","6":"product_cat-graphite-products","8":"first","9":"instock","10":"shipping-taxable","11":"product-type-simple"},"yoast_head":"<!-- This site is optimized with the Yoast SEO Premium plugin v19.2.1 (Yoast SEO v25.3) - https:\/\/yoast.com\/wordpress\/plugins\/seo\/ -->\n<title>Graphite Bearings | Jinsun Carbon<\/title>\n<meta name=\"description\" content=\"Graphite bearings and bushings\u200b manufacturer in China. We supply different types of carbon graphite bearing material at best price.\" \/>\n<meta name=\"robots\" content=\"index, follow, max-snippet:-1, max-image-preview:large, max-video-preview:-1\" \/>\n<link rel=\"canonical\" href=\"https:\/\/jinsuncarbon.com\/fr\/produit-2\/roulements-en-graphite\/\" \/>\n<meta property=\"og:locale\" content=\"fr_FR\" \/>\n<meta property=\"og:type\" content=\"article\" \/>\n<meta property=\"og:title\" content=\"Graphite Bearings\" \/>\n<meta property=\"og:description\" content=\"Graphite bearings and bushings\u200b manufacturer in China. We supply different types of carbon graphite bearing material at best price.\" \/>\n<meta property=\"og:url\" content=\"https:\/\/jinsuncarbon.com\/fr\/produit-2\/roulements-en-graphite\/\" \/>\n<meta property=\"og:site_name\" content=\"Jinsun Carbon\" \/>\n<meta property=\"article:publisher\" content=\"https:\/\/www.facebook.com\/Graphite-Electrode-109336238661595\" \/>\n<meta property=\"og:image\" content=\"https:\/\/jinsuncarbon.com\/wp-content\/uploads\/2024\/12\/graphite-bearings.jpg\" \/>\n\t<meta property=\"og:image:width\" content=\"1024\" \/>\n\t<meta property=\"og:image:height\" content=\"763\" \/>\n\t<meta property=\"og:image:type\" content=\"image\/jpeg\" \/>\n<meta name=\"twitter:card\" content=\"summary_large_image\" \/>\n<meta name=\"twitter:site\" content=\"@jinsuncarbon_\" \/>\n<meta name=\"twitter:label1\" content=\"Dur\u00e9e de lecture estim\u00e9e\" \/>\n\t<meta name=\"twitter:data1\" content=\"4 minutes\" \/>\n<script type=\"application\/ld+json\" class=\"yoast-schema-graph\">{\"@context\":\"https:\/\/schema.org\",\"@graph\":[{\"@type\":\"WebPage\",\"@id\":\"https:\/\/jinsuncarbon.com\/product\/graphite-bearings\/\",\"url\":\"https:\/\/jinsuncarbon.com\/product\/graphite-bearings\/\",\"name\":\"Graphite Bearings | Jinsun Carbon\",\"isPartOf\":{\"@id\":\"https:\/\/jinsuncarbon.com\/#website\"},\"primaryImageOfPage\":{\"@id\":\"https:\/\/jinsuncarbon.com\/product\/graphite-bearings\/#primaryimage\"},\"image\":{\"@id\":\"https:\/\/jinsuncarbon.com\/product\/graphite-bearings\/#primaryimage\"},\"thumbnailUrl\":\"https:\/\/jinsuncarbon.com\/wp-content\/uploads\/2024\/12\/graphite-bearings.jpg\",\"datePublished\":\"2024-12-14T10:28:54+00:00\",\"description\":\"Graphite bearings and bushings\u200b manufacturer in China. We supply different types of carbon graphite bearing material at best price.\",\"breadcrumb\":{\"@id\":\"https:\/\/jinsuncarbon.com\/product\/graphite-bearings\/#breadcrumb\"},\"inLanguage\":\"fr-FR\",\"potentialAction\":[{\"@type\":\"ReadAction\",\"target\":[\"https:\/\/jinsuncarbon.com\/product\/graphite-bearings\/\"]}]},{\"@type\":\"ImageObject\",\"inLanguage\":\"fr-FR\",\"@id\":\"https:\/\/jinsuncarbon.com\/product\/graphite-bearings\/#primaryimage\",\"url\":\"https:\/\/jinsuncarbon.com\/wp-content\/uploads\/2024\/12\/graphite-bearings.jpg\",\"contentUrl\":\"https:\/\/jinsuncarbon.com\/wp-content\/uploads\/2024\/12\/graphite-bearings.jpg\",\"width\":1024,\"height\":763,\"caption\":\"graphite bearings\"},{\"@type\":\"BreadcrumbList\",\"@id\":\"https:\/\/jinsuncarbon.com\/product\/graphite-bearings\/#breadcrumb\",\"itemListElement\":[{\"@type\":\"ListItem\",\"position\":1,\"name\":\"Home\",\"item\":\"https:\/\/jinsuncarbon.com\/\"},{\"@type\":\"ListItem\",\"position\":2,\"name\":\"Products\",\"item\":\"https:\/\/jinsuncarbon.com\/graphite-carbon\/\"},{\"@type\":\"ListItem\",\"position\":3,\"name\":\"Graphite Bearings\"}]},{\"@type\":\"WebSite\",\"@id\":\"https:\/\/jinsuncarbon.com\/#website\",\"url\":\"https:\/\/jinsuncarbon.com\/\",\"name\":\"Jinsun Carbon\",\"description\":\"We are the successful graphite electrode manufacturer in China\",\"publisher\":{\"@id\":\"https:\/\/jinsuncarbon.com\/#organization\"},\"potentialAction\":[{\"@type\":\"SearchAction\",\"target\":{\"@type\":\"EntryPoint\",\"urlTemplate\":\"https:\/\/jinsuncarbon.com\/?s={search_term_string}\"},\"query-input\":{\"@type\":\"PropertyValueSpecification\",\"valueRequired\":true,\"valueName\":\"search_term_string\"}}],\"inLanguage\":\"fr-FR\"},{\"@type\":\"Organization\",\"@id\":\"https:\/\/jinsuncarbon.com\/#organization\",\"name\":\"Jinsun Carbon\",\"alternateName\":\"Jinsun Carbon\",\"url\":\"https:\/\/jinsuncarbon.com\/\",\"logo\":{\"@type\":\"ImageObject\",\"inLanguage\":\"fr-FR\",\"@id\":\"https:\/\/jinsuncarbon.com\/#\/schema\/logo\/image\/\",\"url\":\"https:\/\/jinsuncarbon.com\/wp-content\/uploads\/2022\/12\/LOGO-1.png\",\"contentUrl\":\"https:\/\/jinsuncarbon.com\/wp-content\/uploads\/2022\/12\/LOGO-1.png\",\"width\":207,\"height\":80,\"caption\":\"Jinsun Carbon\"},\"image\":{\"@id\":\"https:\/\/jinsuncarbon.com\/#\/schema\/logo\/image\/\"},\"sameAs\":[\"https:\/\/www.facebook.com\/Graphite-Electrode-109336238661595\",\"https:\/\/x.com\/jinsuncarbon_\",\"https:\/\/www.linkedin.com\/in\/jinsungraphite\",\"https:\/\/www.youtube.com\/channel\/UCysDNyvyR5-3cCWEmpkVC0g\"]}]}<\/script>\n<!-- \/ Yoast SEO Premium plugin. -->","yoast_head_json":{"title":"Roulements en graphite | Jinsun Carbon","description":"Fabricant de roulements et de bagues en graphite en Chine. Nous fournissons diff\u00e9rents types de paliers en graphite de carbone au meilleur prix.","robots":{"index":"index","follow":"follow","max-snippet":"max-snippet:-1","max-image-preview":"max-image-preview:large","max-video-preview":"max-video-preview:-1"},"canonical":"https:\/\/jinsuncarbon.com\/fr\/produit-2\/roulements-en-graphite\/","og_locale":"fr_FR","og_type":"article","og_title":"Graphite Bearings","og_description":"Graphite bearings and bushings\u200b manufacturer in China. We supply different types of carbon graphite bearing material at best price.","og_url":"https:\/\/jinsuncarbon.com\/fr\/produit-2\/roulements-en-graphite\/","og_site_name":"Jinsun Carbon","article_publisher":"https:\/\/www.facebook.com\/Graphite-Electrode-109336238661595","og_image":[{"width":1024,"height":763,"url":"https:\/\/jinsuncarbon.com\/wp-content\/uploads\/2024\/12\/graphite-bearings.jpg","type":"image\/jpeg"}],"twitter_card":"summary_large_image","twitter_site":"@jinsuncarbon_","twitter_misc":{"Dur\u00e9e de lecture estim\u00e9e":"4 minutes"},"schema":{"@context":"https:\/\/schema.org","@graph":[{"@type":"WebPage","@id":"https:\/\/jinsuncarbon.com\/product\/graphite-bearings\/","url":"https:\/\/jinsuncarbon.com\/product\/graphite-bearings\/","name":"Roulements en graphite | Jinsun Carbon","isPartOf":{"@id":"https:\/\/jinsuncarbon.com\/#website"},"primaryImageOfPage":{"@id":"https:\/\/jinsuncarbon.com\/product\/graphite-bearings\/#primaryimage"},"image":{"@id":"https:\/\/jinsuncarbon.com\/product\/graphite-bearings\/#primaryimage"},"thumbnailUrl":"https:\/\/jinsuncarbon.com\/wp-content\/uploads\/2024\/12\/graphite-bearings.jpg","datePublished":"2024-12-14T10:28:54+00:00","description":"Fabricant de roulements et de bagues en graphite en Chine. Nous fournissons diff\u00e9rents types de paliers en graphite de carbone au meilleur prix.","breadcrumb":{"@id":"https:\/\/jinsuncarbon.com\/product\/graphite-bearings\/#breadcrumb"},"inLanguage":"fr-FR","potentialAction":[{"@type":"ReadAction","target":["https:\/\/jinsuncarbon.com\/product\/graphite-bearings\/"]}]},{"@type":"ImageObject","inLanguage":"fr-FR","@id":"https:\/\/jinsuncarbon.com\/product\/graphite-bearings\/#primaryimage","url":"https:\/\/jinsuncarbon.com\/wp-content\/uploads\/2024\/12\/graphite-bearings.jpg","contentUrl":"https:\/\/jinsuncarbon.com\/wp-content\/uploads\/2024\/12\/graphite-bearings.jpg","width":1024,"height":763,"caption":"graphite bearings"},{"@type":"BreadcrumbList","@id":"https:\/\/jinsuncarbon.com\/product\/graphite-bearings\/#breadcrumb","itemListElement":[{"@type":"ListItem","position":1,"name":"Home","item":"https:\/\/jinsuncarbon.com\/"},{"@type":"ListItem","position":2,"name":"Products","item":"https:\/\/jinsuncarbon.com\/graphite-carbon\/"},{"@type":"ListItem","position":3,"name":"Graphite Bearings"}]},{"@type":"WebSite","@id":"https:\/\/jinsuncarbon.com\/#website","url":"https:\/\/jinsuncarbon.com\/","name":"Jinsun Carbon","description":"Nous sommes le fabricant d'\u00e9lectrodes en graphite le plus performant de Chine.","publisher":{"@id":"https:\/\/jinsuncarbon.com\/#organization"},"potentialAction":[{"@type":"SearchAction","target":{"@type":"EntryPoint","urlTemplate":"https:\/\/jinsuncarbon.com\/?s={search_term_string}"},"query-input":{"@type":"PropertyValueSpecification","valueRequired":true,"valueName":"search_term_string"}}],"inLanguage":"fr-FR"},{"@type":"Organization","@id":"https:\/\/jinsuncarbon.com\/#organization","name":"Jinsun Carbon","alternateName":"Jinsun Carbon","url":"https:\/\/jinsuncarbon.com\/","logo":{"@type":"ImageObject","inLanguage":"fr-FR","@id":"https:\/\/jinsuncarbon.com\/#\/schema\/logo\/image\/","url":"https:\/\/jinsuncarbon.com\/wp-content\/uploads\/2022\/12\/LOGO-1.png","contentUrl":"https:\/\/jinsuncarbon.com\/wp-content\/uploads\/2022\/12\/LOGO-1.png","width":207,"height":80,"caption":"Jinsun Carbon"},"image":{"@id":"https:\/\/jinsuncarbon.com\/#\/schema\/logo\/image\/"},"sameAs":["https:\/\/www.facebook.com\/Graphite-Electrode-109336238661595","https:\/\/x.com\/jinsuncarbon_","https:\/\/www.linkedin.com\/in\/jinsungraphite","https:\/\/www.youtube.com\/channel\/UCysDNyvyR5-3cCWEmpkVC0g"]}]}},"_links":{"self":[{"href":"https:\/\/jinsuncarbon.com\/fr\/wp-json\/wp\/v2\/product\/7030","targetHints":{"allow":["GET"]}}],"collection":[{"href":"https:\/\/jinsuncarbon.com\/fr\/wp-json\/wp\/v2\/product"}],"about":[{"href":"https:\/\/jinsuncarbon.com\/fr\/wp-json\/wp\/v2\/types\/product"}],"wp:featuredmedia":[{"embeddable":true,"href":"https:\/\/jinsuncarbon.com\/fr\/wp-json\/wp\/v2\/media\/7031"}],"wp:attachment":[{"href":"https:\/\/jinsuncarbon.com\/fr\/wp-json\/wp\/v2\/media?parent=7030"}],"wp:term":[{"taxonomy":"product_brand","embeddable":true,"href":"https:\/\/jinsuncarbon.com\/fr\/wp-json\/wp\/v2\/product_brand?post=7030"},{"taxonomy":"product_cat","embeddable":true,"href":"https:\/\/jinsuncarbon.com\/fr\/wp-json\/wp\/v2\/product_cat?post=7030"},{"taxonomy":"product_tag","embeddable":true,"href":"https:\/\/jinsuncarbon.com\/fr\/wp-json\/wp\/v2\/product_tag?post=7030"}],"curies":[{"name":"wp","href":"https:\/\/api.w.org\/{rel}","templated":true}]}}