{"id":7024,"date":"2024-12-14T08:23:31","date_gmt":"2024-12-14T08:23:31","guid":{"rendered":"https:\/\/jinsuncarbon.com\/?post_type=product&#038;p=7024"},"modified":"2024-12-14T08:23:32","modified_gmt":"2024-12-14T08:23:32","slug":"electrode-graphite-uhp-500","status":"publish","type":"product","link":"https:\/\/jinsuncarbon.com\/fr\/produit-2\/electrode-graphite-uhp-500\/","title":{"rendered":"Electrode graphite UHP de 500 mm"},"content":{"rendered":"<h2>Electrodes en graphite UHP 500<\/h2>\n<p>Faible r\u00e9sistance \u00e9lectrique : Les \u00e9lectrodes UHP 500 se caract\u00e9risent par une faible r\u00e9sistance, ce qui r\u00e9duit la perte d'\u00e9nergie et rend ces \u00e9lectrodes \u00e9conomiques pour les processus industriels \u00e0 long terme.<\/p>\n<p>Durabilit\u00e9 : Ces \u00e9lectrodes peuvent \u00eatre con\u00e7ues pour r\u00e9sister non seulement aux contraintes m\u00e9caniques, mais aussi aux chocs thermiques, offrant ainsi une solution fiable et durable pour les processus industriels soumis \u00e0 de fortes contraintes.<\/p>\n<p>Faible dissipation d'\u00e9nergie : Les \u00e9lectrodes UHP 500 sont tr\u00e8s conductrices, ce qui permet un flux d'\u00e9nergie avec une faible d\u00e9perdition d'\u00e9nergie. Elles sont hautement conductrices, ce qui permet de chauffer rapidement et uniform\u00e9ment les zones concern\u00e9es.<\/p>\n<p>R\u00e9sistance \u00e0 la chaleur : Ces \u00e9lectrodes sont con\u00e7ues pour r\u00e9sister \u00e0 des niveaux de chaleur \u00e9lev\u00e9s, restant structurellement stables et efficaces m\u00eame dans des environnements \u00e0 haute temp\u00e9rature.<\/p>\n<p>Puret\u00e9 : Gr\u00e2ce \u00e0 leur faible teneur en impuret\u00e9s, les \u00e9lectrodes UHP 500 offrent une meilleure fiabilit\u00e9 et une meilleure qualit\u00e9 de sortie, avec un minimum de contamination ou de perturbation du processus.<\/p>\n<h2>Applications de l'\u00e9lectrode graphite UHP de 500 mm<\/h2>\n<p><strong>Fours \u00e0 arc \u00e9lectrique (EAF)<\/strong><\/p>\n<p>Les fours \u00e9lectriques \u00e0 arc d\u00e9pendent des \u00e9lectrodes UHP 500 pour r\u00e9aliser le processus de fusion. Ces \u00e9lectrodes sont capables de traiter les courants \u00e9lev\u00e9s n\u00e9cessaires pour \u00e9mulsionner efficacement la ferraille et les mati\u00e8res premi\u00e8res. Les propri\u00e9t\u00e9s thermiques am\u00e9lior\u00e9es permettent des temps de fusion plus rapides, ce qui se traduit directement par une augmentation de la production et de l'efficacit\u00e9 op\u00e9rationnelle. Avec les \u00e9lectrodes UHP 500 <a href=\"https:\/\/jinsuncarbon.com\/fr\/produit-2\/electrode-graphite-uhp\/\">\u00e9lectrodes<\/a>Vous pouvez ainsi atteindre des niveaux de productivit\u00e9 plus \u00e9lev\u00e9s sans sacrifier la qualit\u00e9.<\/p>\n<p><strong>Fours \u00e0 lames<\/strong><\/p>\n<p>Les \u00e9lectrodes UHP 500 sont essentielles dans les fours \u00e0 poche pour l'acier <a href=\"https:\/\/en.wikipedia.org\/wiki\/Refining\" target=\"_blank\" rel=\"noopener\">raffinage<\/a>. Ils poss\u00e8dent des arcs stables qui permettent de contr\u00f4ler la temp\u00e9rature avec pr\u00e9cision pendant le processus d'affinage. Cette pr\u00e9cision est essentielle pour obtenir la composition chimique et les propri\u00e9t\u00e9s m\u00e9caniques requises des produits sid\u00e9rurgiques. Ces \u00e9lectrodes am\u00e9liorent le processus d'affinage de l'acier gr\u00e2ce \u00e0 leur fiabilit\u00e9 et \u00e0 leurs performances.<\/p>\n<p><strong>Fusion de m\u00e9taux non ferreux<\/strong><\/p>\n<p>Aluminium, cuivre et autres <a href=\"https:\/\/en.wikipedia.org\/wiki\/Non-ferrous_metal\" target=\"_blank\" rel=\"noopener\">non ferreux<\/a> b\u00e9n\u00e9ficient \u00e9galement des performances et de la stabilit\u00e9 des \u00e9lectrodes UHP 500. Elles sont capables de fonctionner dans des conditions extr\u00eames et peuvent donc \u00eatre utilis\u00e9es dans un large \u00e9ventail de proc\u00e9d\u00e9s m\u00e9tallurgiques. Ces \u00e9lectrodes permettent un fonctionnement fiable et plus performant pour la production de m\u00e9taux non ferreux.<\/p>\n<h2>Pourquoi choisir l'\u00e9lectrode graphite UHP 500<\/h2>\n<p><strong>Haute performance<\/strong><\/p>\n<p>C'est pourquoi les \u00e9lectrodes UHP 500 se traduisent par une perte de transfert d'\u00e9nergie fortement r\u00e9duite, un chauffage tr\u00e8s efficace et un fonctionnement tr\u00e8s fiable. Elles peuvent supporter des courants \u00e9lectriques importants, ce qui se traduit par une fusion plus rapide et une r\u00e9partition uniforme de la chaleur, ce qui permet de raccourcir les temps de cycle sans sacrifier la qualit\u00e9.<\/p>\n<p><strong>Rentabilit\u00e9<\/strong><\/p>\n<p>Les \u00e9lectrodes UHP 500 vous permettent \u00e9galement de r\u00e9duire vos co\u00fbts d'exploitation gr\u00e2ce \u00e0 leur capacit\u00e9 \u00e0 minimiser les pertes d'\u00e9nergie et \u00e0 prolonger vos cycles de remplacement.<\/p>\n<p><strong>Une qualit\u00e9 fiable<\/strong><\/p>\n<p>En utilisant les \u00e9lectrodes UHP 500, vous choisissez un produit qui respecte et d\u00e9passe les sp\u00e9cifications de l'industrie. Con\u00e7ues avec le souci du d\u00e9tail et un contr\u00f4le de qualit\u00e9 strict, elles sont con\u00e7ues pour offrir stabilit\u00e9 et stabilit\u00e9, m\u00eame dans les environnements les plus difficiles.<\/p>\n<h2>Comment utiliser l'\u00e9lectrode graphite UHP de 500 mm\uff1f<\/h2>\n<p>Installation<\/p>\n<p>Il est essentiel d'installer correctement les \u00e9lectrodes UHP 500 pour garantir leurs performances optimales. Veillez \u00e0 ce que le porte-\u00e9lectrode soit correctement align\u00e9 afin d'\u00e9viter tout d\u00e9salignement en cours de fonctionnement. (Le serrage excessif des connexions peut provoquer des fractures sous contrainte, il convient donc d'\u00eatre prudent). Mais ce qui rend l'installation correcte importante, c'est que lorsqu'elle est effectu\u00e9e correctement, le risque de dommages m\u00e9caniques est plus faible et la dur\u00e9e de vie op\u00e9rationnelle de l'\u00e9lectrode est plus longue, ce qui permet des processus plus fluides et plus s\u00fbrs.<\/p>\n<p>Maintenance<\/p>\n<p>Pour maintenir la qualit\u00e9 et prolonger la dur\u00e9e de vie des \u00e9lectrodes UHP 500, un entretien r\u00e9gulier est n\u00e9cessaire. Il convient toutefois de v\u00e9rifier qu'elles ne pr\u00e9sentent pas de fissures, d'usure ou d'autres dommages avant de les utiliser. Les \u00e9lectrodes doivent \u00eatre conserv\u00e9es \u00e0 l'abri de la lumi\u00e8re directe du soleil, dans un endroit sec et propre. Un nettoyage r\u00e9gulier et une manipulation appropri\u00e9e lors du stockage et du transport contribuent \u00e0 garantir la constance de leurs performances, afin que vous puissiez obtenir le meilleur retour sur investissement.<\/p>","protected":false},"excerpt":{"rendered":"<p>Les \u00e9lectrodes en graphite UHP 500 sont con\u00e7ues avec une qualit\u00e9 de mat\u00e9riau unique qui les rend r\u00e9sistantes aux chocs thermiques et aux contraintes m\u00e9caniques. Leur conductivit\u00e9 \u00e9lectrique plus \u00e9lev\u00e9e, sans perte d'int\u00e9grit\u00e9, leur permet d'\u00eatre plus performantes que d'autres types d'\u00e9lectrodes dans des conditions d'utilisation extr\u00eames. Avec les \u00e9lectrodes UHP 500, vous obtenez un produit in\u00e9gal\u00e9 en termes de fiabilit\u00e9 et de performance, bien adapt\u00e9 aux industries les plus exigeantes telles que la sid\u00e9rurgie et le traitement des m\u00e9taux non ferreux.<\/p>","protected":false},"featured_media":7025,"template":"","meta":[],"product_brand":[],"product_cat":[37],"product_tag":[],"class_list":{"0":"post-7024","1":"product","2":"type-product","3":"status-publish","4":"has-post-thumbnail","6":"product_cat-graphite-electrode","8":"first","9":"instock","10":"shipping-taxable","11":"product-type-simple"},"yoast_head":"<!-- This site is optimized with the Yoast SEO Premium plugin v19.2.1 (Yoast SEO v25.3) - https:\/\/yoast.com\/wordpress\/plugins\/seo\/ -->\n<title>500mm UHP Graphite Electrode for Arc Furnace Steelmaking<\/title>\n<meta name=\"description\" content=\"UHP 500 Graphite Electrodes Manufacturer in China. We supply high quality UHP 500mm Graphite Electrodes at the best price.\" \/>\n<meta name=\"robots\" content=\"index, follow, max-snippet:-1, max-image-preview:large, max-video-preview:-1\" \/>\n<link rel=\"canonical\" href=\"https:\/\/jinsuncarbon.com\/fr\/produit-2\/electrode-graphite-uhp-500\/\" \/>\n<meta property=\"og:locale\" content=\"fr_FR\" \/>\n<meta property=\"og:type\" content=\"article\" \/>\n<meta property=\"og:title\" content=\"500mm UHP Graphite Electrode\" \/>\n<meta property=\"og:description\" content=\"UHP 500 Graphite Electrodes Manufacturer in China. We supply high quality UHP 500mm Graphite Electrodes at the best price.\" \/>\n<meta property=\"og:url\" content=\"https:\/\/jinsuncarbon.com\/fr\/produit-2\/electrode-graphite-uhp-500\/\" \/>\n<meta property=\"og:site_name\" content=\"Jinsun Carbon\" \/>\n<meta property=\"article:publisher\" content=\"https:\/\/www.facebook.com\/Graphite-Electrode-109336238661595\" \/>\n<meta property=\"article:modified_time\" content=\"2024-12-14T08:23:32+00:00\" \/>\n<meta property=\"og:image\" content=\"https:\/\/jinsuncarbon.com\/wp-content\/uploads\/2024\/12\/UHP-500-Graphite-Electrodes.jpg\" \/>\n\t<meta property=\"og:image:width\" content=\"1024\" \/>\n\t<meta property=\"og:image:height\" content=\"763\" \/>\n\t<meta property=\"og:image:type\" content=\"image\/jpeg\" \/>\n<meta name=\"twitter:card\" content=\"summary_large_image\" \/>\n<meta name=\"twitter:site\" content=\"@jinsuncarbon_\" \/>\n<meta name=\"twitter:label1\" content=\"Dur\u00e9e de lecture estim\u00e9e\" \/>\n\t<meta name=\"twitter:data1\" content=\"3 minutes\" \/>\n<script type=\"application\/ld+json\" class=\"yoast-schema-graph\">{\"@context\":\"https:\/\/schema.org\",\"@graph\":[{\"@type\":\"WebPage\",\"@id\":\"https:\/\/jinsuncarbon.com\/product\/uhp-500-graphite-electrode\/\",\"url\":\"https:\/\/jinsuncarbon.com\/product\/uhp-500-graphite-electrode\/\",\"name\":\"500mm UHP Graphite Electrode for Arc Furnace Steelmaking\",\"isPartOf\":{\"@id\":\"https:\/\/jinsuncarbon.com\/#website\"},\"primaryImageOfPage\":{\"@id\":\"https:\/\/jinsuncarbon.com\/product\/uhp-500-graphite-electrode\/#primaryimage\"},\"image\":{\"@id\":\"https:\/\/jinsuncarbon.com\/product\/uhp-500-graphite-electrode\/#primaryimage\"},\"thumbnailUrl\":\"https:\/\/jinsuncarbon.com\/wp-content\/uploads\/2024\/12\/UHP-500-Graphite-Electrodes.jpg\",\"datePublished\":\"2024-12-14T08:23:31+00:00\",\"dateModified\":\"2024-12-14T08:23:32+00:00\",\"description\":\"UHP 500 Graphite Electrodes Manufacturer in China. We supply high quality UHP 500mm Graphite Electrodes at the best price.\",\"breadcrumb\":{\"@id\":\"https:\/\/jinsuncarbon.com\/product\/uhp-500-graphite-electrode\/#breadcrumb\"},\"inLanguage\":\"fr-FR\",\"potentialAction\":[{\"@type\":\"ReadAction\",\"target\":[\"https:\/\/jinsuncarbon.com\/product\/uhp-500-graphite-electrode\/\"]}]},{\"@type\":\"ImageObject\",\"inLanguage\":\"fr-FR\",\"@id\":\"https:\/\/jinsuncarbon.com\/product\/uhp-500-graphite-electrode\/#primaryimage\",\"url\":\"https:\/\/jinsuncarbon.com\/wp-content\/uploads\/2024\/12\/UHP-500-Graphite-Electrodes.jpg\",\"contentUrl\":\"https:\/\/jinsuncarbon.com\/wp-content\/uploads\/2024\/12\/UHP-500-Graphite-Electrodes.jpg\",\"width\":1024,\"height\":763,\"caption\":\"UHP 500 Graphite Electrodes\"},{\"@type\":\"BreadcrumbList\",\"@id\":\"https:\/\/jinsuncarbon.com\/product\/uhp-500-graphite-electrode\/#breadcrumb\",\"itemListElement\":[{\"@type\":\"ListItem\",\"position\":1,\"name\":\"Home\",\"item\":\"https:\/\/jinsuncarbon.com\/\"},{\"@type\":\"ListItem\",\"position\":2,\"name\":\"Products\",\"item\":\"https:\/\/jinsuncarbon.com\/graphite-carbon\/\"},{\"@type\":\"ListItem\",\"position\":3,\"name\":\"500mm UHP Graphite Electrode\"}]},{\"@type\":\"WebSite\",\"@id\":\"https:\/\/jinsuncarbon.com\/#website\",\"url\":\"https:\/\/jinsuncarbon.com\/\",\"name\":\"Jinsun Carbon\",\"description\":\"We are the successful graphite electrode manufacturer in China\",\"publisher\":{\"@id\":\"https:\/\/jinsuncarbon.com\/#organization\"},\"potentialAction\":[{\"@type\":\"SearchAction\",\"target\":{\"@type\":\"EntryPoint\",\"urlTemplate\":\"https:\/\/jinsuncarbon.com\/?s={search_term_string}\"},\"query-input\":{\"@type\":\"PropertyValueSpecification\",\"valueRequired\":true,\"valueName\":\"search_term_string\"}}],\"inLanguage\":\"fr-FR\"},{\"@type\":\"Organization\",\"@id\":\"https:\/\/jinsuncarbon.com\/#organization\",\"name\":\"Jinsun Carbon\",\"alternateName\":\"Jinsun Carbon\",\"url\":\"https:\/\/jinsuncarbon.com\/\",\"logo\":{\"@type\":\"ImageObject\",\"inLanguage\":\"fr-FR\",\"@id\":\"https:\/\/jinsuncarbon.com\/#\/schema\/logo\/image\/\",\"url\":\"https:\/\/jinsuncarbon.com\/wp-content\/uploads\/2022\/12\/LOGO-1.png\",\"contentUrl\":\"https:\/\/jinsuncarbon.com\/wp-content\/uploads\/2022\/12\/LOGO-1.png\",\"width\":207,\"height\":80,\"caption\":\"Jinsun Carbon\"},\"image\":{\"@id\":\"https:\/\/jinsuncarbon.com\/#\/schema\/logo\/image\/\"},\"sameAs\":[\"https:\/\/www.facebook.com\/Graphite-Electrode-109336238661595\",\"https:\/\/x.com\/jinsuncarbon_\",\"https:\/\/www.linkedin.com\/in\/jinsungraphite\",\"https:\/\/www.youtube.com\/channel\/UCysDNyvyR5-3cCWEmpkVC0g\"]}]}<\/script>\n<!-- \/ Yoast SEO Premium plugin. -->","yoast_head_json":{"title":"Electrode graphite UHP de 500 mm pour la fabrication d'acier en four \u00e0 arc","description":"Fabricant d'\u00e9lectrodes graphite UHP 500 en Chine. Nous fournissons des \u00e9lectrodes en graphite UHP 500mm de haute qualit\u00e9 au meilleur prix.","robots":{"index":"index","follow":"follow","max-snippet":"max-snippet:-1","max-image-preview":"max-image-preview:large","max-video-preview":"max-video-preview:-1"},"canonical":"https:\/\/jinsuncarbon.com\/fr\/produit-2\/electrode-graphite-uhp-500\/","og_locale":"fr_FR","og_type":"article","og_title":"500mm UHP Graphite Electrode","og_description":"UHP 500 Graphite Electrodes Manufacturer in China. We supply high quality UHP 500mm Graphite Electrodes at the best price.","og_url":"https:\/\/jinsuncarbon.com\/fr\/produit-2\/electrode-graphite-uhp-500\/","og_site_name":"Jinsun Carbon","article_publisher":"https:\/\/www.facebook.com\/Graphite-Electrode-109336238661595","article_modified_time":"2024-12-14T08:23:32+00:00","og_image":[{"width":1024,"height":763,"url":"https:\/\/jinsuncarbon.com\/wp-content\/uploads\/2024\/12\/UHP-500-Graphite-Electrodes.jpg","type":"image\/jpeg"}],"twitter_card":"summary_large_image","twitter_site":"@jinsuncarbon_","twitter_misc":{"Dur\u00e9e de lecture estim\u00e9e":"3 minutes"},"schema":{"@context":"https:\/\/schema.org","@graph":[{"@type":"WebPage","@id":"https:\/\/jinsuncarbon.com\/product\/uhp-500-graphite-electrode\/","url":"https:\/\/jinsuncarbon.com\/product\/uhp-500-graphite-electrode\/","name":"Electrode graphite UHP de 500 mm pour la fabrication d'acier en four \u00e0 arc","isPartOf":{"@id":"https:\/\/jinsuncarbon.com\/#website"},"primaryImageOfPage":{"@id":"https:\/\/jinsuncarbon.com\/product\/uhp-500-graphite-electrode\/#primaryimage"},"image":{"@id":"https:\/\/jinsuncarbon.com\/product\/uhp-500-graphite-electrode\/#primaryimage"},"thumbnailUrl":"https:\/\/jinsuncarbon.com\/wp-content\/uploads\/2024\/12\/UHP-500-Graphite-Electrodes.jpg","datePublished":"2024-12-14T08:23:31+00:00","dateModified":"2024-12-14T08:23:32+00:00","description":"Fabricant d'\u00e9lectrodes graphite UHP 500 en Chine. Nous fournissons des \u00e9lectrodes en graphite UHP 500mm de haute qualit\u00e9 au meilleur prix.","breadcrumb":{"@id":"https:\/\/jinsuncarbon.com\/product\/uhp-500-graphite-electrode\/#breadcrumb"},"inLanguage":"fr-FR","potentialAction":[{"@type":"ReadAction","target":["https:\/\/jinsuncarbon.com\/product\/uhp-500-graphite-electrode\/"]}]},{"@type":"ImageObject","inLanguage":"fr-FR","@id":"https:\/\/jinsuncarbon.com\/product\/uhp-500-graphite-electrode\/#primaryimage","url":"https:\/\/jinsuncarbon.com\/wp-content\/uploads\/2024\/12\/UHP-500-Graphite-Electrodes.jpg","contentUrl":"https:\/\/jinsuncarbon.com\/wp-content\/uploads\/2024\/12\/UHP-500-Graphite-Electrodes.jpg","width":1024,"height":763,"caption":"UHP 500 Graphite Electrodes"},{"@type":"BreadcrumbList","@id":"https:\/\/jinsuncarbon.com\/product\/uhp-500-graphite-electrode\/#breadcrumb","itemListElement":[{"@type":"ListItem","position":1,"name":"Home","item":"https:\/\/jinsuncarbon.com\/"},{"@type":"ListItem","position":2,"name":"Products","item":"https:\/\/jinsuncarbon.com\/graphite-carbon\/"},{"@type":"ListItem","position":3,"name":"500mm UHP Graphite Electrode"}]},{"@type":"WebSite","@id":"https:\/\/jinsuncarbon.com\/#website","url":"https:\/\/jinsuncarbon.com\/","name":"Jinsun Carbon","description":"Nous sommes le fabricant d'\u00e9lectrodes en graphite le plus performant de Chine.","publisher":{"@id":"https:\/\/jinsuncarbon.com\/#organization"},"potentialAction":[{"@type":"SearchAction","target":{"@type":"EntryPoint","urlTemplate":"https:\/\/jinsuncarbon.com\/?s={search_term_string}"},"query-input":{"@type":"PropertyValueSpecification","valueRequired":true,"valueName":"search_term_string"}}],"inLanguage":"fr-FR"},{"@type":"Organization","@id":"https:\/\/jinsuncarbon.com\/#organization","name":"Jinsun Carbon","alternateName":"Jinsun Carbon","url":"https:\/\/jinsuncarbon.com\/","logo":{"@type":"ImageObject","inLanguage":"fr-FR","@id":"https:\/\/jinsuncarbon.com\/#\/schema\/logo\/image\/","url":"https:\/\/jinsuncarbon.com\/wp-content\/uploads\/2022\/12\/LOGO-1.png","contentUrl":"https:\/\/jinsuncarbon.com\/wp-content\/uploads\/2022\/12\/LOGO-1.png","width":207,"height":80,"caption":"Jinsun Carbon"},"image":{"@id":"https:\/\/jinsuncarbon.com\/#\/schema\/logo\/image\/"},"sameAs":["https:\/\/www.facebook.com\/Graphite-Electrode-109336238661595","https:\/\/x.com\/jinsuncarbon_","https:\/\/www.linkedin.com\/in\/jinsungraphite","https:\/\/www.youtube.com\/channel\/UCysDNyvyR5-3cCWEmpkVC0g"]}]}},"_links":{"self":[{"href":"https:\/\/jinsuncarbon.com\/fr\/wp-json\/wp\/v2\/product\/7024","targetHints":{"allow":["GET"]}}],"collection":[{"href":"https:\/\/jinsuncarbon.com\/fr\/wp-json\/wp\/v2\/product"}],"about":[{"href":"https:\/\/jinsuncarbon.com\/fr\/wp-json\/wp\/v2\/types\/product"}],"wp:featuredmedia":[{"embeddable":true,"href":"https:\/\/jinsuncarbon.com\/fr\/wp-json\/wp\/v2\/media\/7025"}],"wp:attachment":[{"href":"https:\/\/jinsuncarbon.com\/fr\/wp-json\/wp\/v2\/media?parent=7024"}],"wp:term":[{"taxonomy":"product_brand","embeddable":true,"href":"https:\/\/jinsuncarbon.com\/fr\/wp-json\/wp\/v2\/product_brand?post=7024"},{"taxonomy":"product_cat","embeddable":true,"href":"https:\/\/jinsuncarbon.com\/fr\/wp-json\/wp\/v2\/product_cat?post=7024"},{"taxonomy":"product_tag","embeddable":true,"href":"https:\/\/jinsuncarbon.com\/fr\/wp-json\/wp\/v2\/product_tag?post=7024"}],"curies":[{"name":"wp","href":"https:\/\/api.w.org\/{rel}","templated":true}]}}