{"id":7019,"date":"2024-12-13T11:32:43","date_gmt":"2024-12-13T11:32:43","guid":{"rendered":"https:\/\/jinsuncarbon.com\/?post_type=product&#038;p=7019"},"modified":"2024-12-17T01:32:25","modified_gmt":"2024-12-17T01:32:25","slug":"coke-de-petrole-a-faible-teneur-en-soufre","status":"publish","type":"product","link":"https:\/\/jinsuncarbon.com\/fr\/produit-2\/coke-de-petrole-a-faible-teneur-en-soufre\/","title":{"rendered":"Coke de p\u00e9trole \u00e0 faible teneur en soufre"},"content":{"rendered":"<p class=\"ql-align-justify\">Le coke de p\u00e9trole \u00e0 faible teneur en soufre (coke de p\u00e9trole) est principalement une mati\u00e8re premi\u00e8re de traitement en vrac ou en granul\u00e9s. En fonction des diff\u00e9rents sc\u00e9narios d'application industrielle, ils passent par des processus de traitement correspondants pour r\u00e9pondre \u00e0 des exigences de production sp\u00e9cifiques.<\/p>\n<h2 class=\"ql-align-justify\">Avantages du coke de p\u00e9trole \u00e0 faible teneur en soufre<\/h2>\n<p class=\"ql-align-justify\">Le coke de p\u00e9trole \u00e0 faible teneur en soufre se pr\u00e9sente g\u00e9n\u00e9ralement en vrac ou sous forme de granul\u00e9s. Ses avantages sont plus importants.<\/p>\n<p class=\"ql-align-justify\"><strong>Avec une teneur en soufre relativement faible.<\/strong> Cela lui permet de produire moins de gaz nocifs tels que le dioxyde de soufre lors du processus de combustion, conform\u00e9ment aux exigences de protection de l'environnement.<\/p>\n<p class=\"ql-align-justify\"><strong>Avec une teneur \u00e9lev\u00e9e en carbone et un pouvoir calorifique \u00e9lev\u00e9.<\/strong> Il s'agit d'un combustible de haute qualit\u00e9 \u00e0 faible teneur en soufre. Il peut \u00eatre utilis\u00e9 en compl\u00e9ment des produits \u00e9nerg\u00e9tiques \u00e0 faible teneur en soufre, tels que le p\u00e9trole de charbon \u00e0 faible teneur en soufre et le p\u00e9trole brut \u00e0 faible teneur en soufre.<\/p>\n<p class=\"ql-align-justify\"><strong>Bonne stabilit\u00e9 chimique.<\/strong> Il peut conserver de bonnes performances dans un environnement \u00e0 haute temp\u00e9rature.<\/p>\n<p class=\"ql-align-justify\">En termes de performances de traitement, le coke de p\u00e9trole \u00e0 faible teneur en soufre est facile \u00e0 broyer et \u00e0 former. Il est facile \u00e0 traiter et \u00e0 appliquer par la suite dans l'industrie.<\/p>\n<h2 class=\"ql-align-justify\">Sp\u00e9cifications du coke de p\u00e9trole \u00e0 faible teneur en soufre<\/h2>\n<p class=\"ql-align-justify\">Le coke de p\u00e9trole \u00e0 faible teneur en soufre est principalement class\u00e9 de la mani\u00e8re suivante.<\/p>\n<p class=\"ql-align-justify\">Selon la classification de la technologie de traitement :<\/p>\n<p class=\"ql-align-justify\">Coke de p\u00e9trole ordinaire \u00e0 faible teneur en soufre. Il est produit par un processus conventionnel de raffinage et de cok\u00e9faction du p\u00e9trole, qui convient \u00e0 la plupart des sc\u00e9narios d'application industrielle g\u00e9n\u00e9rale. Vous pouvez par exemple l'utiliser comme combustible pour certains fours industriels soumis \u00e0 certaines exigences en mati\u00e8re de teneur en soufre, mais avec des normes relativement souples. Et le co\u00fbt est plus \u00e9conomique.<\/p>\n<p class=\"ql-align-justify\">Coke de p\u00e9trole de haute qualit\u00e9 \u00e0 faible teneur en soufre. Il est purifi\u00e9 et raffin\u00e9, et sa teneur en soufre est de plus en plus faible et de plus en plus pure. Il peut \u00eatre utilis\u00e9 dans certains domaines sp\u00e9ciaux o\u00f9 la teneur en soufre est stricte, comme la production d'\u00e9lectrodes dans certaines industries m\u00e9tallurgiques haut de gamme. Il peut \u00e9galement servir de mati\u00e8re premi\u00e8re pour la production d'\u00e9nergie propre dans les r\u00e9gions o\u00f9 les exigences en mati\u00e8re de protection de l'environnement sont \u00e9lev\u00e9es.<\/p>\n<p class=\"ql-align-justify\">Selon la classification des usages :<\/p>\n<p class=\"ql-align-justify\">Pour la combustion. Il est principalement utilis\u00e9 dans les chaudi\u00e8res industrielles, les centrales \u00e9lectriques et d'autres domaines de chauffage par combustion. Sa faible teneur en soufre permet de r\u00e9duire les \u00e9missions polluantes des gaz d'\u00e9chappement ;<\/p>\n<p class=\"ql-align-justify\">Pour les mati\u00e8res premi\u00e8res industrielles. Il peut \u00eatre largement utilis\u00e9 dans le processus de production de produits \u00e0 base de carbone, d'\u00e9lectrodes en graphite, de silicium m\u00e9tallique et d'autres produits industriels. Il fournit des sources de carbone de haute qualit\u00e9 pour ces produits afin de garantir leur performance et leur qualit\u00e9.<\/p>\n<h2 class=\"ql-align-justify\"><\/h2>\n<h2 class=\"ql-align-justify\">Utilisations du coke de p\u00e9trole \u00e0 faible teneur en soufre<\/h2>\n<p>&nbsp;<\/p>\n<p class=\"ql-align-justify\"><strong>Dans le domaine de l'\u00e9nergie.<\/strong> En tant que combustible \u00e0 faible teneur en soufre, il peut remplacer une partie du combustible traditionnel \u00e0 haute teneur en soufre pour la production d'\u00e9nergie thermique, le chauffage industriel, etc. Il r\u00e9duit efficacement les \u00e9missions de polluants dans le processus de combustion et contribue au d\u00e9veloppement \u00e9cologique de l'industrie de l'\u00e9nergie ;<\/p>\n<p class=\"ql-align-justify\">Dans l'industrie m\u00e9tallurgique. Le coke de p\u00e9trole \u00e0 faible teneur en soufre est la mati\u00e8re premi\u00e8re essentielle pour la production de produits de haute qualit\u00e9. <a href=\"https:\/\/jinsuncarbon.com\/fr\/produit-2\/electrode-graphite-uhp\/\">\u00e9lectrodes en graphite<\/a>. Ses caract\u00e9ristiques \u00e0 faible teneur en soufre et \u00e0 forte teneur en carbone garantissent une bonne conductivit\u00e9 \u00e9lectrique et une bonne stabilit\u00e9 dans un environnement \u00e0 haute temp\u00e9rature et \u00e0 fort courant. Elles r\u00e9pondent aux besoins des \u00e9lectrodes dans le processus de fusion des m\u00e9taux. <a href=\"https:\/\/en.wikipedia.org\/wiki\/Steel\" target=\"_blank\" rel=\"noopener\">acier<\/a> et les m\u00e9taux non ferreux.<\/p>\n<p class=\"ql-align-justify\"><strong>Dans l'industrie chimique.<\/strong> Vous pouvez utiliser du coke de p\u00e9trole \u00e0 faible teneur en soufre pour produire <a href=\"https:\/\/jinsuncarbon.com\/fr\/quest-ce-que-le-noir-de-carbone\/\">noir de carbone<\/a>le charbon actif et d'autres produits. Ces produits sont largement utilis\u00e9s dans <a href=\"https:\/\/www.sciencedirect.com\/topics\/materials-science\/rubber\" target=\"_blank\" rel=\"noopener\">caoutchouc<\/a>Les produits de cette cat\u00e9gorie sont utilis\u00e9s dans les domaines de la sant\u00e9, de l'environnement, des plastiques, de la protection de l'environnement et autres, et jouent un r\u00f4le important dans le renforcement, l'adsorption, etc ;<\/p>\n<p class=\"ql-align-justify\"><strong>Dans le domaine des mat\u00e9riaux de construction.<\/strong> Vous pouvez \u00e9galement utiliser le coke de p\u00e9trole \u00e0 faible teneur en soufre comme additif pour la production de ciment sp\u00e9cial, de mat\u00e9riaux r\u00e9fractaires, etc. Pour am\u00e9liorer la r\u00e9sistance \u00e0 haute temp\u00e9rature et la solidit\u00e9 de ces mat\u00e9riaux, et \u00e9largir leur champ d'application et leurs performances.<\/p>\n<p class=\"ql-align-justify\">En fonction des besoins sp\u00e9cifiques, gr\u00e2ce au broyage, au moulage et \u00e0 d'autres m\u00e9thodes de traitement, nous pouvons obtenir la forme et la taille de particule requises pour r\u00e9pondre aux exigences d'application de diff\u00e9rents domaines.<\/p>","protected":false},"excerpt":{"rendered":"<p>Le coke de p\u00e9trole \u00e0 faible teneur en soufre est un sous-produit du processus de raffinage du p\u00e9trole. Il provient principalement du processus de cok\u00e9faction du raffinage du p\u00e9trole. Il peut \u00eatre transform\u00e9 en produits obtenus apr\u00e8s la cok\u00e9faction du gazole dans les usines de traitement du p\u00e9trole. Gr\u00e2ce \u00e0 sa faible teneur en soufre et \u00e0 ses nombreuses applications dans les domaines de l'\u00e9nergie et de l'industrie, il est devenu une mati\u00e8re premi\u00e8re industrielle importante. \u00c9galement connu sous le nom de coke de p\u00e9trole vert, il pr\u00e9sente certains avantages en termes de protection de l'environnement et de performances.<\/p>\n<div class=\"attribute-item\"><\/div>\n<div class=\"attribute-item\">\n<div class=\"right\" data-spm-anchor-id=\"a2700.details.0.i59.6c1f6198lBfgqW\"><\/div>\n<\/div>","protected":false},"featured_media":7020,"template":"","meta":[],"product_brand":[],"product_cat":[40],"product_tag":[],"class_list":{"0":"post-7019","1":"product","2":"type-product","3":"status-publish","4":"has-post-thumbnail","6":"product_cat-petroleum-coke","8":"first","9":"instock","10":"shipping-taxable","11":"product-type-simple"},"yoast_head":"<!-- This site is optimized with the Yoast SEO Premium plugin v19.2.1 (Yoast SEO v25.3) - https:\/\/yoast.com\/wordpress\/plugins\/seo\/ -->\n<title>Low Sulfur Petroleum Coke - Best Price | Jinsun Carbon<\/title>\n<meta name=\"robots\" content=\"index, follow, max-snippet:-1, max-image-preview:large, max-video-preview:-1\" \/>\n<link rel=\"canonical\" href=\"https:\/\/jinsuncarbon.com\/fr\/produit-2\/coke-de-petrole-a-faible-teneur-en-soufre\/\" \/>\n<meta property=\"og:locale\" content=\"fr_FR\" \/>\n<meta property=\"og:type\" content=\"article\" \/>\n<meta property=\"og:title\" content=\"Low Sulfur Petroleum Coke\" \/>\n<meta property=\"og:description\" content=\"Low sulfur petroleum coke is a by-product of petroleum refining process. It mainly originates from the coking process of petroleum refining. And you can further process it by the products obtained after coking diesel oil in petroleum processing plants. With its low sulfur characteristics and a variety of application values in the energy and industrial fields, it has become an important industrial raw material. Also known as green petcoke, it has certain advantages in environmental protection and performance.\" \/>\n<meta property=\"og:url\" content=\"https:\/\/jinsuncarbon.com\/fr\/produit-2\/coke-de-petrole-a-faible-teneur-en-soufre\/\" \/>\n<meta property=\"og:site_name\" content=\"Jinsun Carbon\" \/>\n<meta property=\"article:publisher\" content=\"https:\/\/www.facebook.com\/Graphite-Electrode-109336238661595\" \/>\n<meta property=\"article:modified_time\" content=\"2024-12-17T01:32:25+00:00\" \/>\n<meta property=\"og:image\" content=\"https:\/\/jinsuncarbon.com\/wp-content\/uploads\/2024\/12\/Low-sulfur-petroleum-coke.jpg\" \/>\n\t<meta property=\"og:image:width\" content=\"1024\" \/>\n\t<meta property=\"og:image:height\" content=\"763\" \/>\n\t<meta property=\"og:image:type\" content=\"image\/jpeg\" \/>\n<meta name=\"twitter:card\" content=\"summary_large_image\" \/>\n<meta name=\"twitter:site\" content=\"@jinsuncarbon_\" \/>\n<meta name=\"twitter:label1\" content=\"Dur\u00e9e de lecture estim\u00e9e\" \/>\n\t<meta name=\"twitter:data1\" content=\"3 minutes\" \/>\n<script type=\"application\/ld+json\" class=\"yoast-schema-graph\">{\"@context\":\"https:\/\/schema.org\",\"@graph\":[{\"@type\":\"WebPage\",\"@id\":\"https:\/\/jinsuncarbon.com\/product\/low-sulfur-petroleum-coke\/\",\"url\":\"https:\/\/jinsuncarbon.com\/product\/low-sulfur-petroleum-coke\/\",\"name\":\"Low Sulfur Petroleum Coke - Best Price | Jinsun Carbon\",\"isPartOf\":{\"@id\":\"https:\/\/jinsuncarbon.com\/#website\"},\"primaryImageOfPage\":{\"@id\":\"https:\/\/jinsuncarbon.com\/product\/low-sulfur-petroleum-coke\/#primaryimage\"},\"image\":{\"@id\":\"https:\/\/jinsuncarbon.com\/product\/low-sulfur-petroleum-coke\/#primaryimage\"},\"thumbnailUrl\":\"https:\/\/jinsuncarbon.com\/wp-content\/uploads\/2024\/12\/Low-sulfur-petroleum-coke.jpg\",\"datePublished\":\"2024-12-13T11:32:43+00:00\",\"dateModified\":\"2024-12-17T01:32:25+00:00\",\"breadcrumb\":{\"@id\":\"https:\/\/jinsuncarbon.com\/product\/low-sulfur-petroleum-coke\/#breadcrumb\"},\"inLanguage\":\"fr-FR\",\"potentialAction\":[{\"@type\":\"ReadAction\",\"target\":[\"https:\/\/jinsuncarbon.com\/product\/low-sulfur-petroleum-coke\/\"]}]},{\"@type\":\"ImageObject\",\"inLanguage\":\"fr-FR\",\"@id\":\"https:\/\/jinsuncarbon.com\/product\/low-sulfur-petroleum-coke\/#primaryimage\",\"url\":\"https:\/\/jinsuncarbon.com\/wp-content\/uploads\/2024\/12\/Low-sulfur-petroleum-coke.jpg\",\"contentUrl\":\"https:\/\/jinsuncarbon.com\/wp-content\/uploads\/2024\/12\/Low-sulfur-petroleum-coke.jpg\",\"width\":1024,\"height\":763,\"caption\":\"Low sulfur petroleum coke\"},{\"@type\":\"BreadcrumbList\",\"@id\":\"https:\/\/jinsuncarbon.com\/product\/low-sulfur-petroleum-coke\/#breadcrumb\",\"itemListElement\":[{\"@type\":\"ListItem\",\"position\":1,\"name\":\"Home\",\"item\":\"https:\/\/jinsuncarbon.com\/\"},{\"@type\":\"ListItem\",\"position\":2,\"name\":\"Products\",\"item\":\"https:\/\/jinsuncarbon.com\/graphite-carbon\/\"},{\"@type\":\"ListItem\",\"position\":3,\"name\":\"Low Sulfur Petroleum Coke\"}]},{\"@type\":\"WebSite\",\"@id\":\"https:\/\/jinsuncarbon.com\/#website\",\"url\":\"https:\/\/jinsuncarbon.com\/\",\"name\":\"Jinsun Carbon\",\"description\":\"We are the successful graphite electrode manufacturer in China\",\"publisher\":{\"@id\":\"https:\/\/jinsuncarbon.com\/#organization\"},\"potentialAction\":[{\"@type\":\"SearchAction\",\"target\":{\"@type\":\"EntryPoint\",\"urlTemplate\":\"https:\/\/jinsuncarbon.com\/?s={search_term_string}\"},\"query-input\":{\"@type\":\"PropertyValueSpecification\",\"valueRequired\":true,\"valueName\":\"search_term_string\"}}],\"inLanguage\":\"fr-FR\"},{\"@type\":\"Organization\",\"@id\":\"https:\/\/jinsuncarbon.com\/#organization\",\"name\":\"Jinsun Carbon\",\"alternateName\":\"Jinsun Carbon\",\"url\":\"https:\/\/jinsuncarbon.com\/\",\"logo\":{\"@type\":\"ImageObject\",\"inLanguage\":\"fr-FR\",\"@id\":\"https:\/\/jinsuncarbon.com\/#\/schema\/logo\/image\/\",\"url\":\"https:\/\/jinsuncarbon.com\/wp-content\/uploads\/2022\/12\/LOGO-1.png\",\"contentUrl\":\"https:\/\/jinsuncarbon.com\/wp-content\/uploads\/2022\/12\/LOGO-1.png\",\"width\":207,\"height\":80,\"caption\":\"Jinsun Carbon\"},\"image\":{\"@id\":\"https:\/\/jinsuncarbon.com\/#\/schema\/logo\/image\/\"},\"sameAs\":[\"https:\/\/www.facebook.com\/Graphite-Electrode-109336238661595\",\"https:\/\/x.com\/jinsuncarbon_\",\"https:\/\/www.linkedin.com\/in\/jinsungraphite\",\"https:\/\/www.youtube.com\/channel\/UCysDNyvyR5-3cCWEmpkVC0g\"]}]}<\/script>\n<!-- \/ Yoast SEO Premium plugin. -->","yoast_head_json":{"title":"Coke de p\u00e9trole \u00e0 faible teneur en soufre - Meilleur prix | Jinsun Carbon","robots":{"index":"index","follow":"follow","max-snippet":"max-snippet:-1","max-image-preview":"max-image-preview:large","max-video-preview":"max-video-preview:-1"},"canonical":"https:\/\/jinsuncarbon.com\/fr\/produit-2\/coke-de-petrole-a-faible-teneur-en-soufre\/","og_locale":"fr_FR","og_type":"article","og_title":"Low Sulfur Petroleum Coke","og_description":"Low sulfur petroleum coke is a by-product of petroleum refining process. It mainly originates from the coking process of petroleum refining. And you can further process it by the products obtained after coking diesel oil in petroleum processing plants. With its low sulfur characteristics and a variety of application values in the energy and industrial fields, it has become an important industrial raw material. Also known as green petcoke, it has certain advantages in environmental protection and performance.","og_url":"https:\/\/jinsuncarbon.com\/fr\/produit-2\/coke-de-petrole-a-faible-teneur-en-soufre\/","og_site_name":"Jinsun Carbon","article_publisher":"https:\/\/www.facebook.com\/Graphite-Electrode-109336238661595","article_modified_time":"2024-12-17T01:32:25+00:00","og_image":[{"width":1024,"height":763,"url":"https:\/\/jinsuncarbon.com\/wp-content\/uploads\/2024\/12\/Low-sulfur-petroleum-coke.jpg","type":"image\/jpeg"}],"twitter_card":"summary_large_image","twitter_site":"@jinsuncarbon_","twitter_misc":{"Dur\u00e9e de lecture estim\u00e9e":"3 minutes"},"schema":{"@context":"https:\/\/schema.org","@graph":[{"@type":"WebPage","@id":"https:\/\/jinsuncarbon.com\/product\/low-sulfur-petroleum-coke\/","url":"https:\/\/jinsuncarbon.com\/product\/low-sulfur-petroleum-coke\/","name":"Coke de p\u00e9trole \u00e0 faible teneur en soufre - Meilleur prix | Jinsun Carbon","isPartOf":{"@id":"https:\/\/jinsuncarbon.com\/#website"},"primaryImageOfPage":{"@id":"https:\/\/jinsuncarbon.com\/product\/low-sulfur-petroleum-coke\/#primaryimage"},"image":{"@id":"https:\/\/jinsuncarbon.com\/product\/low-sulfur-petroleum-coke\/#primaryimage"},"thumbnailUrl":"https:\/\/jinsuncarbon.com\/wp-content\/uploads\/2024\/12\/Low-sulfur-petroleum-coke.jpg","datePublished":"2024-12-13T11:32:43+00:00","dateModified":"2024-12-17T01:32:25+00:00","breadcrumb":{"@id":"https:\/\/jinsuncarbon.com\/product\/low-sulfur-petroleum-coke\/#breadcrumb"},"inLanguage":"fr-FR","potentialAction":[{"@type":"ReadAction","target":["https:\/\/jinsuncarbon.com\/product\/low-sulfur-petroleum-coke\/"]}]},{"@type":"ImageObject","inLanguage":"fr-FR","@id":"https:\/\/jinsuncarbon.com\/product\/low-sulfur-petroleum-coke\/#primaryimage","url":"https:\/\/jinsuncarbon.com\/wp-content\/uploads\/2024\/12\/Low-sulfur-petroleum-coke.jpg","contentUrl":"https:\/\/jinsuncarbon.com\/wp-content\/uploads\/2024\/12\/Low-sulfur-petroleum-coke.jpg","width":1024,"height":763,"caption":"Low sulfur petroleum coke"},{"@type":"BreadcrumbList","@id":"https:\/\/jinsuncarbon.com\/product\/low-sulfur-petroleum-coke\/#breadcrumb","itemListElement":[{"@type":"ListItem","position":1,"name":"Home","item":"https:\/\/jinsuncarbon.com\/"},{"@type":"ListItem","position":2,"name":"Products","item":"https:\/\/jinsuncarbon.com\/graphite-carbon\/"},{"@type":"ListItem","position":3,"name":"Low Sulfur Petroleum Coke"}]},{"@type":"WebSite","@id":"https:\/\/jinsuncarbon.com\/#website","url":"https:\/\/jinsuncarbon.com\/","name":"Jinsun Carbon","description":"Nous sommes le fabricant d'\u00e9lectrodes en graphite le plus performant de Chine.","publisher":{"@id":"https:\/\/jinsuncarbon.com\/#organization"},"potentialAction":[{"@type":"SearchAction","target":{"@type":"EntryPoint","urlTemplate":"https:\/\/jinsuncarbon.com\/?s={search_term_string}"},"query-input":{"@type":"PropertyValueSpecification","valueRequired":true,"valueName":"search_term_string"}}],"inLanguage":"fr-FR"},{"@type":"Organization","@id":"https:\/\/jinsuncarbon.com\/#organization","name":"Jinsun Carbon","alternateName":"Jinsun Carbon","url":"https:\/\/jinsuncarbon.com\/","logo":{"@type":"ImageObject","inLanguage":"fr-FR","@id":"https:\/\/jinsuncarbon.com\/#\/schema\/logo\/image\/","url":"https:\/\/jinsuncarbon.com\/wp-content\/uploads\/2022\/12\/LOGO-1.png","contentUrl":"https:\/\/jinsuncarbon.com\/wp-content\/uploads\/2022\/12\/LOGO-1.png","width":207,"height":80,"caption":"Jinsun Carbon"},"image":{"@id":"https:\/\/jinsuncarbon.com\/#\/schema\/logo\/image\/"},"sameAs":["https:\/\/www.facebook.com\/Graphite-Electrode-109336238661595","https:\/\/x.com\/jinsuncarbon_","https:\/\/www.linkedin.com\/in\/jinsungraphite","https:\/\/www.youtube.com\/channel\/UCysDNyvyR5-3cCWEmpkVC0g"]}]}},"_links":{"self":[{"href":"https:\/\/jinsuncarbon.com\/fr\/wp-json\/wp\/v2\/product\/7019","targetHints":{"allow":["GET"]}}],"collection":[{"href":"https:\/\/jinsuncarbon.com\/fr\/wp-json\/wp\/v2\/product"}],"about":[{"href":"https:\/\/jinsuncarbon.com\/fr\/wp-json\/wp\/v2\/types\/product"}],"wp:featuredmedia":[{"embeddable":true,"href":"https:\/\/jinsuncarbon.com\/fr\/wp-json\/wp\/v2\/media\/7020"}],"wp:attachment":[{"href":"https:\/\/jinsuncarbon.com\/fr\/wp-json\/wp\/v2\/media?parent=7019"}],"wp:term":[{"taxonomy":"product_brand","embeddable":true,"href":"https:\/\/jinsuncarbon.com\/fr\/wp-json\/wp\/v2\/product_brand?post=7019"},{"taxonomy":"product_cat","embeddable":true,"href":"https:\/\/jinsuncarbon.com\/fr\/wp-json\/wp\/v2\/product_cat?post=7019"},{"taxonomy":"product_tag","embeddable":true,"href":"https:\/\/jinsuncarbon.com\/fr\/wp-json\/wp\/v2\/product_tag?post=7019"}],"curies":[{"name":"wp","href":"https:\/\/api.w.org\/{rel}","templated":true}]}}