{"id":7015,"date":"2024-12-13T11:06:31","date_gmt":"2024-12-13T11:06:31","guid":{"rendered":"https:\/\/jinsuncarbon.com\/?post_type=product&#038;p=7015"},"modified":"2024-12-13T11:16:06","modified_gmt":"2024-12-13T11:16:06","slug":"feuille-de-fibre-de-carbone","status":"publish","type":"product","link":"https:\/\/jinsuncarbon.com\/fr\/produit-2\/feuille-de-fibre-de-carbone\/","title":{"rendered":"Feuille de fibre de carbone"},"content":{"rendered":"<h2>Propri\u00e9t\u00e9s des feuilles de fibres de carbone<\/h2>\n<p>&nbsp;<\/p>\n<p>La feuille de fibre de carbone est g\u00e9n\u00e9ralement plate, en rouleau ou sous d'autres formes. Elle pr\u00e9sente de nombreux avantages.<\/p>\n<p>&nbsp;<\/p>\n<p>Excellente r\u00e9sistance et rigidit\u00e9, haute r\u00e9sistance \u00e0 la traction. Peut r\u00e9sister \u00e0 des forces externes importantes et n'est pas facile \u00e0 d\u00e9former.<\/p>\n<p>&nbsp;<\/p>\n<p>Faible coefficient de dilatation thermique. Il pr\u00e9sente une bonne stabilit\u00e9 dimensionnelle en cas de changement de temp\u00e9rature. Il peut \u00eatre utilis\u00e9 normalement dans une large gamme de temp\u00e9ratures.<\/p>\n<p>&nbsp;<\/p>\n<p>Excellente stabilit\u00e9 chimique. Bonne tol\u00e9rance \u00e0 la plupart des produits chimiques.<\/p>\n<p>&nbsp;<\/p>\n<p>Bonne conductivit\u00e9 \u00e9lectrique. Cela lui conf\u00e8re une valeur d'application potentielle dans certains domaines de l'\u00e9lectronique et de l'\u00e9lectricit\u00e9.<\/p>\n<p>&nbsp;<\/p>\n<p>Faible densit\u00e9 et l\u00e9g\u00e8ret\u00e9. La feuille de fibre de graphite pr\u00e9sente des avantages \u00e9vidents dans les sc\u00e9narios d'application o\u00f9 le poids est requis, comme dans les domaines de l'a\u00e9rospatiale et de l'automobile.<\/p>\n<p>&nbsp;<\/p>\n<p>La surface est lisse et la qualit\u00e9 de l'aspect est \u00e9lev\u00e9e. Vous pouvez l'utiliser pour fabriquer des pi\u00e8ces d'aspect.<\/p>\n<p>&nbsp;<\/p>\n<p>En outre, apr\u00e8s la combinaison de la feuille de fibre de carbone et de la r\u00e9sine, les performances globales du mat\u00e9riau peuvent \u00eatre encore am\u00e9lior\u00e9es. Par exemple, le mat\u00e9riau composite compos\u00e9 d'une feuille de fibre de carbone et d'une r\u00e9sine peut \u00eatre plus performant que les autres mat\u00e9riaux. <a href=\"https:\/\/en.wikipedia.org\/wiki\/Resin\" target=\"_blank\" rel=\"noopener\">r\u00e9sine<\/a>et sa r\u00e9sistance est am\u00e9lior\u00e9e.<\/p>\n<p>&nbsp;<\/p>\n<p>En termes de propri\u00e9t\u00e9s m\u00e9caniques, les plaques en fibre de carbone peuvent am\u00e9liorer efficacement la capacit\u00e9 portante de la structure en utilisant ses caract\u00e9ristiques de haute r\u00e9sistance. R\u00e9duire le poids de la structure et am\u00e9liorer l'efficacit\u00e9 \u00e9nerg\u00e9tique de l'\u00e9quipement.<\/p>\n<p>&nbsp;<\/p>\n<p>&nbsp;<\/p>\n<h2>Sp\u00e9cifications des feuilles de fibre de carbone<\/h2>\n<table>\n<tbody>\n<tr>\n<td width=\"113\">Base de classification<\/td>\n<td width=\"148\">D\u00e9tails<\/td>\n<td width=\"164\">Gamme de prix des feuilles de fibre de carbone<\/td>\n<\/tr>\n<tr>\n<td width=\"113\">\u00c9paisseur de la feuille de fibre de carbone<\/td>\n<td width=\"148\">1 mm<\/p>\n<p>2 mm<\/p>\n<p>3 mm<\/p>\n<p>4 mm<\/p>\n<p>5 mm<\/td>\n<td width=\"164\">Plus l'\u00e9paisseur est importante, plus le prix est \u00e9lev\u00e9.<\/p>\n<p>En g\u00e9n\u00e9ral, le prix au m\u00e8tre carr\u00e9 de la feuille de fibre de carbone de 1 mm est compris entre 14 et 28 USD, et celui de la feuille de 5 mm peut atteindre 115 \u00e0 215 USD.<\/td>\n<\/tr>\n<tr>\n<td width=\"113\">Taille<\/td>\n<td width=\"148\">Feuille de fibre de carbone 4\u00d78<\/p>\n<p>&nbsp;<\/p>\n<p>Et d'autres tailles courantes, ainsi que d'autres tailles personnalis\u00e9es de feuilles de fibre de carbone pour r\u00e9pondre aux besoins de taille des diff\u00e9rents projets et produits.<\/td>\n<td width=\"164\">Le prix de la taille conventionnelle est relativement stable. Le prix des dimensions personnalis\u00e9es variera de 20% \u00e0 50% par rapport aux dimensions conventionnelles en raison de la particularit\u00e9 des dimensions et de la difficult\u00e9 de production. Par exemple, la feuille de fibre de carbone 4\u00d78 43-86 USD par m\u00e8tre carr\u00e9.<\/td>\n<\/tr>\n<tr>\n<td width=\"113\">Processus<\/td>\n<td width=\"148\">Feuilles de fibres de carbone ordinaires<\/p>\n<p>&nbsp;<\/p>\n<p>Feuilles de fibres de carbone forg\u00e9es<\/td>\n<td width=\"164\">En raison de la complexit\u00e9 du processus, le prix des feuilles de fibre de carbone forg\u00e9es est de 3 \u00e0 5 fois sup\u00e9rieur \u00e0 celui des feuilles de fibre de carbone ordinaires.<\/p>\n<p>Le prix ordinaire est de 58 \u00e0 115 USD par m\u00e8tre carr\u00e9, le prix du forgeage par m\u00e8tre carr\u00e9 peut atteindre 215 \u00e0 570 USD.<\/td>\n<\/tr>\n<tr>\n<td width=\"113\">Forme<\/td>\n<td width=\"148\">Plaque plate en fibre de carbone<\/p>\n<p>&nbsp;<\/p>\n<p>Rouleaux de feuilles de fibre de carbone<\/td>\n<td width=\"164\">La diff\u00e9rence de prix entre les plaques et les rouleaux n'est pas tr\u00e8s importante, elle d\u00e9pend principalement de la surface et de l'\u00e9paisseur.<\/p>\n<p>Pour les m\u00eames sp\u00e9cifications, la forme de la plaque est de 215-143 USD par m\u00e8tre carr\u00e9, le rouleau fluctue \u00e9galement dans cette fourchette.<\/td>\n<\/tr>\n<\/tbody>\n<\/table>\n<p>&nbsp;<\/p>\n<p>&nbsp;<\/p>\n<h2>Utilisations des feuilles de fibre de carbone<\/h2>\n<p><strong>Domaine de l'\u00e9lectronique et de l'\u00e9lectricit\u00e9 :<\/strong><\/p>\n<p>Dissipation de la chaleur. Lorsque l'\u00e9quipement \u00e9lectronique fonctionne, il produit de la chaleur. Certaines feuilles de fibre de carbone <a href=\"https:\/\/jinsuncarbon.com\/fr\/produit-2\/fibre-de-carbone\/\">mat\u00e9riel<\/a> poss\u00e8de une certaine conductivit\u00e9 thermique, ce qui peut favoriser la dissipation de la chaleur et maintenir les performances et la stabilit\u00e9 de l'\u00e9quipement.<\/p>\n<p>&nbsp;<\/p>\n<p><strong><b>Domaine automobile : <\/b><\/strong><\/p>\n<p>L'utilisation des feuilles de fibre de carbone pour les voitures dans la construction automobile est de plus en plus fr\u00e9quente. Vous pouvez l'utiliser pour l'enveloppe de la carrosserie, pour r\u00e9duire le poids de la carrosserie, pour r\u00e9duire les \u00e9missions de gaz \u00e0 effet de serre. <a href=\"https:\/\/en.wikipedia.org\/wiki\/Fuel_(band)\" target=\"_blank\" rel=\"noopener\">carburant<\/a> la consommation. Il am\u00e9liore l'acc\u00e9l\u00e9ration et le contr\u00f4le du v\u00e9hicule. Vous pouvez \u00e9galement l'utiliser comme accessoire d'int\u00e9rieur de voiture.<\/p>\n<p>&nbsp;<\/p>\n<p><strong><b>Domaine a\u00e9rospatial : <\/b><\/strong><\/p>\n<p>En raison de la l\u00e9g\u00e8ret\u00e9 et de la grande r\u00e9sistance des <a href=\"https:\/\/jinsuncarbon.com\/fr\/produit-2\/carbone-carbone-composite\/\">carbone<\/a> est un mat\u00e9riau id\u00e9al pour la fabrication d'ailes d'avion, de fuselages et d'autres structures.<\/p>\n<p>&nbsp;<\/p>\n<p><strong><b>Domaine de l'architecture : <\/b><\/strong><\/p>\n<p>En tant que mat\u00e9riau de renforcement des b\u00e2timents, vous pouvez utiliser des plaques et des feuilles de fibre de carbone pour renforcer les structures en b\u00e9ton. Vous pouvez \u00e9galement les utiliser pour la d\u00e9coration architecturale.<\/p>\n<p>&nbsp;<\/p>\n<p><strong><b>Domaine des articles de sport : <\/b><\/strong><\/p>\n<p>Utilis\u00e9 pour la fabrication d'\u00e9quipements sportifs haut de gamme, tels que les clubs de golf, les raquettes de tennis, les cadres de bicyclettes, etc. Am\u00e9liorer les performances de l'\u00e9quipement sportif, afin d'offrir aux athl\u00e8tes une meilleure exp\u00e9rience sportive.<\/p>\n<p>&nbsp;<\/p>\n<p><strong><b>Champ \u00e9nerg\u00e9tique : <\/b><\/strong><\/p>\n<p>Dans certains \u00e9quipements d'\u00e9nergie nouvelle, on peut utiliser des feuilles de fibre de carbone pour fabriquer des pales d'\u00e9oliennes et d'autres composants. Sa grande solidit\u00e9 et sa r\u00e9sistance \u00e0 la fatigue am\u00e9liorent la dur\u00e9e de vie et l'efficacit\u00e9 de la production d'\u00e9nergie des pales.<\/p>\n<p>&nbsp;<\/p>\n<p><strong><b>Industrie m\u00e9canique : <\/b><\/strong><\/p>\n<p>En tant que mat\u00e9riau de structure m\u00e9canique, la feuille de fibre de carbone permet de fabriquer une vari\u00e9t\u00e9 de pi\u00e8ces m\u00e9caniques de haute pr\u00e9cision, telles que des bras m\u00e9caniques, des moules, etc.<\/p>\n<p>&nbsp;<\/p>\n<p>En outre, dans le processus de transformation, il est tr\u00e8s important de comprendre comment d\u00e9couper les plaques de fibres de carbone pour obtenir des pi\u00e8ces de taille et de forme appropri\u00e9es, et diff\u00e9rentes m\u00e9thodes de d\u00e9coupe peuvent r\u00e9pondre \u00e0 diff\u00e9rentes exigences en mati\u00e8re de pr\u00e9cision et d'efficacit\u00e9 de production.<\/p>\n<p>&nbsp;<\/p>","protected":false},"excerpt":{"rendered":"<p>La feuille de fibre de carbone, \u00e9galement appel\u00e9e feuille de carbone ou feuille de carbone, est un mat\u00e9riau dont la principale mati\u00e8re premi\u00e8re est la fibre de carbone. Elle comprend la feuille de fibre de carbone, le panneau de fibre de carbone, la feuille de plastique renforc\u00e9e de fibre de carbone, le stratifi\u00e9 de carbone, la plaque de fibre de carbone et d'autres formes.<\/p>\n<p>&nbsp;<\/p>\n<p>Le march\u00e9 des ventes de feuilles de fibres de carbone est \u00e9galement plus actif, nous pouvons fournir une vari\u00e9t\u00e9 de sp\u00e9cifications aux consommateurs.<\/p>","protected":false},"featured_media":7017,"template":"","meta":[],"product_brand":[],"product_cat":[39],"product_tag":[],"class_list":{"0":"post-7015","1":"product","2":"type-product","3":"status-publish","4":"has-post-thumbnail","6":"product_cat-carbon-products","8":"first","9":"instock","10":"shipping-taxable","11":"product-type-simple"},"yoast_head":"<!-- This site is optimized with the Yoast SEO Premium plugin v19.2.1 (Yoast SEO v25.3) - https:\/\/yoast.com\/wordpress\/plugins\/seo\/ -->\n<title>Carbon Fiber Sheet Manufacturer in China | Jinsun Carbon<\/title>\n<meta name=\"description\" content=\"Carbon fiber sheet supplier in China. Carbon fiber sheet for sale, With excellent chemical stability, Good electrical conductivity.\" \/>\n<meta name=\"robots\" content=\"index, follow, max-snippet:-1, max-image-preview:large, max-video-preview:-1\" \/>\n<link rel=\"canonical\" href=\"https:\/\/jinsuncarbon.com\/fr\/produit-2\/feuille-de-fibre-de-carbone\/\" \/>\n<meta property=\"og:locale\" content=\"fr_FR\" \/>\n<meta property=\"og:type\" content=\"article\" \/>\n<meta property=\"og:title\" content=\"Carbon Fiber Sheet\" \/>\n<meta property=\"og:description\" content=\"Carbon fiber sheet supplier in China. Carbon fiber sheet for sale, With excellent chemical stability, Good electrical conductivity.\" \/>\n<meta property=\"og:url\" content=\"https:\/\/jinsuncarbon.com\/fr\/produit-2\/feuille-de-fibre-de-carbone\/\" \/>\n<meta property=\"og:site_name\" content=\"Jinsun Carbon\" \/>\n<meta property=\"article:publisher\" content=\"https:\/\/www.facebook.com\/Graphite-Electrode-109336238661595\" \/>\n<meta property=\"article:modified_time\" content=\"2024-12-13T11:16:06+00:00\" \/>\n<meta property=\"og:image\" content=\"https:\/\/jinsuncarbon.com\/wp-content\/uploads\/2024\/12\/carbon-fiber-sheet-1.jpg\" \/>\n\t<meta property=\"og:image:width\" content=\"1024\" \/>\n\t<meta property=\"og:image:height\" content=\"763\" \/>\n\t<meta property=\"og:image:type\" content=\"image\/jpeg\" \/>\n<meta name=\"twitter:card\" content=\"summary_large_image\" \/>\n<meta name=\"twitter:site\" content=\"@jinsuncarbon_\" \/>\n<meta name=\"twitter:label1\" content=\"Dur\u00e9e de lecture estim\u00e9e\" \/>\n\t<meta name=\"twitter:data1\" content=\"4 minutes\" \/>\n<script type=\"application\/ld+json\" class=\"yoast-schema-graph\">{\"@context\":\"https:\/\/schema.org\",\"@graph\":[{\"@type\":\"WebPage\",\"@id\":\"https:\/\/jinsuncarbon.com\/product\/carbon-fiber-sheet\/\",\"url\":\"https:\/\/jinsuncarbon.com\/product\/carbon-fiber-sheet\/\",\"name\":\"Carbon Fiber Sheet Manufacturer in China | Jinsun Carbon\",\"isPartOf\":{\"@id\":\"https:\/\/jinsuncarbon.com\/#website\"},\"primaryImageOfPage\":{\"@id\":\"https:\/\/jinsuncarbon.com\/product\/carbon-fiber-sheet\/#primaryimage\"},\"image\":{\"@id\":\"https:\/\/jinsuncarbon.com\/product\/carbon-fiber-sheet\/#primaryimage\"},\"thumbnailUrl\":\"https:\/\/jinsuncarbon.com\/wp-content\/uploads\/2024\/12\/carbon-fiber-sheet-1.jpg\",\"datePublished\":\"2024-12-13T11:06:31+00:00\",\"dateModified\":\"2024-12-13T11:16:06+00:00\",\"description\":\"Carbon fiber sheet supplier in China. Carbon fiber sheet for sale, With excellent chemical stability, Good electrical conductivity.\",\"breadcrumb\":{\"@id\":\"https:\/\/jinsuncarbon.com\/product\/carbon-fiber-sheet\/#breadcrumb\"},\"inLanguage\":\"fr-FR\",\"potentialAction\":[{\"@type\":\"ReadAction\",\"target\":[\"https:\/\/jinsuncarbon.com\/product\/carbon-fiber-sheet\/\"]}]},{\"@type\":\"ImageObject\",\"inLanguage\":\"fr-FR\",\"@id\":\"https:\/\/jinsuncarbon.com\/product\/carbon-fiber-sheet\/#primaryimage\",\"url\":\"https:\/\/jinsuncarbon.com\/wp-content\/uploads\/2024\/12\/carbon-fiber-sheet-1.jpg\",\"contentUrl\":\"https:\/\/jinsuncarbon.com\/wp-content\/uploads\/2024\/12\/carbon-fiber-sheet-1.jpg\",\"width\":1024,\"height\":763,\"caption\":\"carbon fiber sheet\"},{\"@type\":\"BreadcrumbList\",\"@id\":\"https:\/\/jinsuncarbon.com\/product\/carbon-fiber-sheet\/#breadcrumb\",\"itemListElement\":[{\"@type\":\"ListItem\",\"position\":1,\"name\":\"Home\",\"item\":\"https:\/\/jinsuncarbon.com\/\"},{\"@type\":\"ListItem\",\"position\":2,\"name\":\"Products\",\"item\":\"https:\/\/jinsuncarbon.com\/graphite-carbon\/\"},{\"@type\":\"ListItem\",\"position\":3,\"name\":\"Carbon Fiber Sheet\"}]},{\"@type\":\"WebSite\",\"@id\":\"https:\/\/jinsuncarbon.com\/#website\",\"url\":\"https:\/\/jinsuncarbon.com\/\",\"name\":\"Jinsun Carbon\",\"description\":\"We are the successful graphite electrode manufacturer in China\",\"publisher\":{\"@id\":\"https:\/\/jinsuncarbon.com\/#organization\"},\"potentialAction\":[{\"@type\":\"SearchAction\",\"target\":{\"@type\":\"EntryPoint\",\"urlTemplate\":\"https:\/\/jinsuncarbon.com\/?s={search_term_string}\"},\"query-input\":{\"@type\":\"PropertyValueSpecification\",\"valueRequired\":true,\"valueName\":\"search_term_string\"}}],\"inLanguage\":\"fr-FR\"},{\"@type\":\"Organization\",\"@id\":\"https:\/\/jinsuncarbon.com\/#organization\",\"name\":\"Jinsun Carbon\",\"alternateName\":\"Jinsun Carbon\",\"url\":\"https:\/\/jinsuncarbon.com\/\",\"logo\":{\"@type\":\"ImageObject\",\"inLanguage\":\"fr-FR\",\"@id\":\"https:\/\/jinsuncarbon.com\/#\/schema\/logo\/image\/\",\"url\":\"https:\/\/jinsuncarbon.com\/wp-content\/uploads\/2022\/12\/LOGO-1.png\",\"contentUrl\":\"https:\/\/jinsuncarbon.com\/wp-content\/uploads\/2022\/12\/LOGO-1.png\",\"width\":207,\"height\":80,\"caption\":\"Jinsun Carbon\"},\"image\":{\"@id\":\"https:\/\/jinsuncarbon.com\/#\/schema\/logo\/image\/\"},\"sameAs\":[\"https:\/\/www.facebook.com\/Graphite-Electrode-109336238661595\",\"https:\/\/x.com\/jinsuncarbon_\",\"https:\/\/www.linkedin.com\/in\/jinsungraphite\",\"https:\/\/www.youtube.com\/channel\/UCysDNyvyR5-3cCWEmpkVC0g\"]}]}<\/script>\n<!-- \/ Yoast SEO Premium plugin. -->","yoast_head_json":{"title":"Fabricant de feuilles de fibre de carbone en Chine | Jinsun Carbon","description":"Fournisseur de feuilles de fibre de carbone en Chine. Feuille de fibre de carbone pour la vente, Avec une excellente stabilit\u00e9 chimique, Bonne conductivit\u00e9 \u00e9lectrique.","robots":{"index":"index","follow":"follow","max-snippet":"max-snippet:-1","max-image-preview":"max-image-preview:large","max-video-preview":"max-video-preview:-1"},"canonical":"https:\/\/jinsuncarbon.com\/fr\/produit-2\/feuille-de-fibre-de-carbone\/","og_locale":"fr_FR","og_type":"article","og_title":"Carbon Fiber Sheet","og_description":"Carbon fiber sheet supplier in China. Carbon fiber sheet for sale, With excellent chemical stability, Good electrical conductivity.","og_url":"https:\/\/jinsuncarbon.com\/fr\/produit-2\/feuille-de-fibre-de-carbone\/","og_site_name":"Jinsun Carbon","article_publisher":"https:\/\/www.facebook.com\/Graphite-Electrode-109336238661595","article_modified_time":"2024-12-13T11:16:06+00:00","og_image":[{"width":1024,"height":763,"url":"https:\/\/jinsuncarbon.com\/wp-content\/uploads\/2024\/12\/carbon-fiber-sheet-1.jpg","type":"image\/jpeg"}],"twitter_card":"summary_large_image","twitter_site":"@jinsuncarbon_","twitter_misc":{"Dur\u00e9e de lecture estim\u00e9e":"4 minutes"},"schema":{"@context":"https:\/\/schema.org","@graph":[{"@type":"WebPage","@id":"https:\/\/jinsuncarbon.com\/product\/carbon-fiber-sheet\/","url":"https:\/\/jinsuncarbon.com\/product\/carbon-fiber-sheet\/","name":"Fabricant de feuilles de fibre de carbone en Chine | Jinsun Carbon","isPartOf":{"@id":"https:\/\/jinsuncarbon.com\/#website"},"primaryImageOfPage":{"@id":"https:\/\/jinsuncarbon.com\/product\/carbon-fiber-sheet\/#primaryimage"},"image":{"@id":"https:\/\/jinsuncarbon.com\/product\/carbon-fiber-sheet\/#primaryimage"},"thumbnailUrl":"https:\/\/jinsuncarbon.com\/wp-content\/uploads\/2024\/12\/carbon-fiber-sheet-1.jpg","datePublished":"2024-12-13T11:06:31+00:00","dateModified":"2024-12-13T11:16:06+00:00","description":"Fournisseur de feuilles de fibre de carbone en Chine. Feuille de fibre de carbone pour la vente, Avec une excellente stabilit\u00e9 chimique, Bonne conductivit\u00e9 \u00e9lectrique.","breadcrumb":{"@id":"https:\/\/jinsuncarbon.com\/product\/carbon-fiber-sheet\/#breadcrumb"},"inLanguage":"fr-FR","potentialAction":[{"@type":"ReadAction","target":["https:\/\/jinsuncarbon.com\/product\/carbon-fiber-sheet\/"]}]},{"@type":"ImageObject","inLanguage":"fr-FR","@id":"https:\/\/jinsuncarbon.com\/product\/carbon-fiber-sheet\/#primaryimage","url":"https:\/\/jinsuncarbon.com\/wp-content\/uploads\/2024\/12\/carbon-fiber-sheet-1.jpg","contentUrl":"https:\/\/jinsuncarbon.com\/wp-content\/uploads\/2024\/12\/carbon-fiber-sheet-1.jpg","width":1024,"height":763,"caption":"carbon fiber sheet"},{"@type":"BreadcrumbList","@id":"https:\/\/jinsuncarbon.com\/product\/carbon-fiber-sheet\/#breadcrumb","itemListElement":[{"@type":"ListItem","position":1,"name":"Home","item":"https:\/\/jinsuncarbon.com\/"},{"@type":"ListItem","position":2,"name":"Products","item":"https:\/\/jinsuncarbon.com\/graphite-carbon\/"},{"@type":"ListItem","position":3,"name":"Carbon Fiber Sheet"}]},{"@type":"WebSite","@id":"https:\/\/jinsuncarbon.com\/#website","url":"https:\/\/jinsuncarbon.com\/","name":"Jinsun Carbon","description":"Nous sommes le fabricant d'\u00e9lectrodes en graphite le plus performant de Chine.","publisher":{"@id":"https:\/\/jinsuncarbon.com\/#organization"},"potentialAction":[{"@type":"SearchAction","target":{"@type":"EntryPoint","urlTemplate":"https:\/\/jinsuncarbon.com\/?s={search_term_string}"},"query-input":{"@type":"PropertyValueSpecification","valueRequired":true,"valueName":"search_term_string"}}],"inLanguage":"fr-FR"},{"@type":"Organization","@id":"https:\/\/jinsuncarbon.com\/#organization","name":"Jinsun Carbon","alternateName":"Jinsun Carbon","url":"https:\/\/jinsuncarbon.com\/","logo":{"@type":"ImageObject","inLanguage":"fr-FR","@id":"https:\/\/jinsuncarbon.com\/#\/schema\/logo\/image\/","url":"https:\/\/jinsuncarbon.com\/wp-content\/uploads\/2022\/12\/LOGO-1.png","contentUrl":"https:\/\/jinsuncarbon.com\/wp-content\/uploads\/2022\/12\/LOGO-1.png","width":207,"height":80,"caption":"Jinsun Carbon"},"image":{"@id":"https:\/\/jinsuncarbon.com\/#\/schema\/logo\/image\/"},"sameAs":["https:\/\/www.facebook.com\/Graphite-Electrode-109336238661595","https:\/\/x.com\/jinsuncarbon_","https:\/\/www.linkedin.com\/in\/jinsungraphite","https:\/\/www.youtube.com\/channel\/UCysDNyvyR5-3cCWEmpkVC0g"]}]}},"_links":{"self":[{"href":"https:\/\/jinsuncarbon.com\/fr\/wp-json\/wp\/v2\/product\/7015","targetHints":{"allow":["GET"]}}],"collection":[{"href":"https:\/\/jinsuncarbon.com\/fr\/wp-json\/wp\/v2\/product"}],"about":[{"href":"https:\/\/jinsuncarbon.com\/fr\/wp-json\/wp\/v2\/types\/product"}],"wp:featuredmedia":[{"embeddable":true,"href":"https:\/\/jinsuncarbon.com\/fr\/wp-json\/wp\/v2\/media\/7017"}],"wp:attachment":[{"href":"https:\/\/jinsuncarbon.com\/fr\/wp-json\/wp\/v2\/media?parent=7015"}],"wp:term":[{"taxonomy":"product_brand","embeddable":true,"href":"https:\/\/jinsuncarbon.com\/fr\/wp-json\/wp\/v2\/product_brand?post=7015"},{"taxonomy":"product_cat","embeddable":true,"href":"https:\/\/jinsuncarbon.com\/fr\/wp-json\/wp\/v2\/product_cat?post=7015"},{"taxonomy":"product_tag","embeddable":true,"href":"https:\/\/jinsuncarbon.com\/fr\/wp-json\/wp\/v2\/product_tag?post=7015"}],"curies":[{"name":"wp","href":"https:\/\/api.w.org\/{rel}","templated":true}]}}