{"id":7003,"date":"2024-12-12T07:37:47","date_gmt":"2024-12-12T07:37:47","guid":{"rendered":"https:\/\/jinsuncarbon.com\/?post_type=product&#038;p=7003"},"modified":"2024-12-14T05:42:34","modified_gmt":"2024-12-14T05:42:34","slug":"blocs-de-carbone","status":"publish","type":"product","link":"https:\/\/jinsuncarbon.com\/fr\/produit-2\/blocs-de-carbone\/","title":{"rendered":"Blocs de carbone"},"content":{"rendered":"<h2>Processus de fabrication des blocs de carbone<\/h2>\n<p>Blocs de carbone - Au d\u00e9part, il y a des mati\u00e8res premi\u00e8res riches en carbone. Les sources typiques sont le coke, le charbon anthracite et le graphite. Ces mati\u00e8res sont r\u00e9duites en poudre.<\/p>\n<p>Les liants sont m\u00e9lang\u00e9s au carbone en poudre. Il s'agit g\u00e9n\u00e9ralement de brai, de r\u00e9sine ou de goudron. Ce composite est fortement comprim\u00e9 dans des moules sous pression. Les blocs sont fa\u00e7onn\u00e9s en les pla\u00e7ant dans les moules.<\/p>\n<p>Les blocs sont ensuite cuits. Il s'agit de temp\u00e9ratures tr\u00e8s \u00e9lev\u00e9es. La chaleur fixe le mat\u00e9riau et augmente sa robustesse. D'autres blocs de carbone sont \u00e9galement graphitis\u00e9s. Cela les rend plus conducteurs et plus r\u00e9sistants \u00e0 la chaleur.<\/p>\n<p>&nbsp;<\/p>\n<h2>Principales propri\u00e9t\u00e9s du bloc de carbone<\/h2>\n<h4><strong>Haute r\u00e9sistance \u00e0 la chaleur<\/strong><\/h4>\n<p>Les blocs de carbone supportent une chaleur torride. Ils conviennent donc aux applications \u00e0 haute temp\u00e9rature. Vous n'aurez jamais \u00e0 vous soucier de leur d\u00e9formation ou de leur fonte.<\/p>\n<p><strong>Haute r\u00e9sistance et durabilit\u00e9<\/strong><\/p>\n<p>Les blocs de carbone sont extr\u00eamement r\u00e9sistants. Ils sont capables de r\u00e9sister \u00e0 la charge et \u00e0 toutes les conditions m\u00e9t\u00e9orologiques. Ils sont durables et r\u00e9sistants.<\/p>\n<p><strong>Superbe conductivit\u00e9 \u00e9lectronique<\/strong><\/p>\n<p>Ces blocs sont de bons conducteurs d'\u00e9lectricit\u00e9. Cette propri\u00e9t\u00e9 les rend utiles pour les applications \u00e9lectriques.<\/p>\n<p><strong>R\u00e9sistance chimique<\/strong><\/p>\n<p>Les blocs de carbone sont r\u00e9sistants \u00e0 la plupart des produits chimiques. Ils se comportent bien dans les environnements corrosifs. C'est pourquoi ils sont utilis\u00e9s dans l'industrie chimique.<\/p>\n<p><strong>L\u00e9ger<\/strong><\/p>\n<p>Les blocs de carbone sont l\u00e9gers malgr\u00e9 leur r\u00e9sistance. Ils sont donc plus faciles \u00e0 manipuler et \u00e0 installer.<\/p>\n<p><strong>Personnalisable<\/strong><\/p>\n<p>En principe, les blocs de carbone sont de formes et de tailles diff\u00e9rentes. Ils peuvent \u00eatre personnalis\u00e9s en fonction de vos besoins.<\/p>\n<p>&nbsp;<\/p>\n<h2>Applications des blocs de carbone<\/h2>\n<p>&nbsp;<\/p>\n<h3 class=\"ql-align-justify\">Industrie m\u00e9tallurgique<\/h3>\n<p>Les blocs de carbone sont couramment utilis\u00e9s dans l'industrie m\u00e9tallurgique en raison de leur solidit\u00e9, de leur r\u00e9sistance \u00e0 la chaleur et de leur durabilit\u00e9.<\/p>\n<h3>Blocs de charbon de bois pour hauts fourneaux<\/h3>\n<p>Utilis\u00e9 dans le processus de fabrication du fer, <a href=\"https:\/\/en.wikipedia.org\/wiki\/Blast_furnace\" target=\"_blank\" rel=\"noopener\">hauts fourneaux<\/a> ont besoin de rev\u00eatements robustes et durables qui r\u00e9sistent \u00e0 des conditions de fonctionnement extr\u00eames. Dans ces environnements difficiles, les blocs de charbon de bois se caract\u00e9risent par une excellente stabilit\u00e9 thermique et une faible usure.<\/p>\n<p>Blocs de charbon de bois pour four \u00e9lectrique<\/p>\n<p>Les fours \u00e9lectriques sont utilis\u00e9s pour la fusion et l'affinage des m\u00e9taux, pour l'acier et les ferro-alliages. Ces fours utilisent notamment la conductivit\u00e9 et la r\u00e9sistance \u00e0 la chaleur de blocs de charbon de bois sp\u00e9cialement con\u00e7us (par exemple, les fours \u00e0 carbure de calcium). Cela permet d'am\u00e9liorer l'efficacit\u00e9 de la fusion et de l'affinage.<\/p>\n<p>Blocs de carbone autocuiseurs<\/p>\n<p>Ils sont utilis\u00e9s pour la cuisson au four. <a href=\"https:\/\/jinsuncarbon.com\/fr\/produit-2\/bloc-de-carbone-anodique\/\">anode<\/a> bloc de carbone dans les fours de chauffage de minerais et les \u00e9lectrolyseurs d'aluminium <a href=\"https:\/\/www.sciencedirect.com\/topics\/engineering\/aluminum-cell\" target=\"_blank\" rel=\"noopener\">cellules<\/a>. Les blocs sp\u00e9cifiques \u00e0 l'application sont durcis en cours d'utilisation et sont fiables pour une utilisation \u00e0 long terme. Ils sont parfaits pour les environnements de r\u00e9sistance et d'adaptabilit\u00e9.<\/p>\n<p>Briques de carbone graphite<\/p>\n<p>Applications industrielles \u00e0 haute temp\u00e9rature avec <a href=\"https:\/\/jinsuncarbon.com\/fr\/produit-2\/bloc-de-graphite\/\">graphite<\/a> briques de carbone. Cependant, leur conductivit\u00e9 sup\u00e9rieure et leur r\u00e9sistance aux attaques chimiques en font le produit m\u00e9tallurgique le plus pr\u00e9cieux, en particulier dans les cas o\u00f9 la pr\u00e9cision et la durabilit\u00e9 sont requises.<\/p>\n<h3 class=\"ql-align-justify\">Industrie chimique<\/h3>\n<p>Les blocs de carbone, comme on les appelle, sont utilis\u00e9s par l'industrie chimique pour leur r\u00e9sistance \u00e0 la corrosion et leur stabilit\u00e9 chimique.<\/p>\n<p>\u00c9changeurs de chaleur<\/p>\n<p>Les \u00e9changeurs de chaleur utilisent des blocs de carbone pour r\u00e9sister aux temp\u00e9ratures \u00e9lev\u00e9es et aux produits chimiques agressifs. Ce sont des composants robustes, tr\u00e8s performants et durables.<\/p>\n<p>Environnements corrosifs<\/p>\n<p>Les r\u00e9servoirs, les r\u00e9acteurs et les pipelines des usines chimiques utilisent des blocs de carbone pour leur r\u00e9sistance aux acides, aux alcalis et aux solvants.<\/p>\n<h3 class=\"ql-align-justify\">Secteur de l'\u00e9nergie<\/h3>\n<p>Les blocs \u00e0 base de carbone font partie int\u00e9grante de la production et du stockage de l'\u00e9nergie.<\/p>\n<p>\u00c9lectrodes pour centrales \u00e9lectriques<\/p>\n<p>Les blocs de carbone sont utilis\u00e9s comme \u00e9lectrodes et balais dans les centrales \u00e9lectriques. Ils am\u00e9liorent l'efficacit\u00e9 de la production et de la transmission d'\u00e9nergie.<\/p>\n<p>Syst\u00e8mes d'\u00e9nergie renouvelable<\/p>\n<p>Les blocs de carbone dans le secteur de l'\u00e9nergie font partie des syst\u00e8mes d'\u00e9nergie solaire et \u00e9olienne, en particulier dans les composants de stockage et de conversion de l'\u00e9nergie.<\/p>\n<p>Applications nucl\u00e9aires<\/p>\n<p>Ils sont utilis\u00e9s dans les r\u00e9acteurs nucl\u00e9aires en raison de leur r\u00e9sistance aux radiations et \u00e0 la chaleur.<\/p>","protected":false},"excerpt":{"rendered":"<p>Qu'est-ce que le bloc de carbone ?<\/p>\n<p>Les blocs de carbone sont des mat\u00e9riaux solides et flexibles cr\u00e9\u00e9s \u00e0 partir de substances \u00e0 base de carbone. Ce sont des blocs denses, solides et durables. Gr\u00e2ce \u00e0 leurs propri\u00e9t\u00e9s uniques, ils sont utilis\u00e9s dans diverses industries. Vous les trouverez dans des environnements qui exigent une r\u00e9sistance \u00e0 la chaleur, une solidit\u00e9 et une durabilit\u00e9.<\/p>\n<p>Ces blocs sont g\u00e9n\u00e9ralement de couleur noire ou gris fonc\u00e9. En fonction de vos besoins, ils sont disponibles dans une grande vari\u00e9t\u00e9 de formes et de tailles.  Ils font partie des ingr\u00e9dients les plus importants pour les applications n\u00e9cessitant conductivit\u00e9 et stabilit\u00e9.<\/p>","protected":false},"featured_media":7004,"template":"","meta":[],"product_brand":[],"product_cat":[39],"product_tag":[],"class_list":{"0":"post-7003","1":"product","2":"type-product","3":"status-publish","4":"has-post-thumbnail","6":"product_cat-carbon-products","8":"first","9":"instock","10":"shipping-taxable","11":"product-type-simple"},"yoast_head":"<!-- This site is optimized with the Yoast SEO Premium plugin v19.2.1 (Yoast SEO v25.3) - https:\/\/yoast.com\/wordpress\/plugins\/seo\/ -->\n<title>Carbon Blocks for Blast Furnace and Electric Furnace| Jinsun Carbon<\/title>\n<meta name=\"description\" content=\"Carbon Block Graphite Manufacturers supply carbon blocks uses in blast furnace and electric furnace, contact us to get the best carbon block price.\" \/>\n<meta name=\"robots\" content=\"index, follow, max-snippet:-1, max-image-preview:large, max-video-preview:-1\" \/>\n<link rel=\"canonical\" href=\"https:\/\/jinsuncarbon.com\/fr\/produit-2\/blocs-de-carbone\/\" \/>\n<meta property=\"og:locale\" content=\"fr_FR\" \/>\n<meta property=\"og:type\" content=\"article\" \/>\n<meta property=\"og:title\" content=\"Carbon Blocks\" \/>\n<meta property=\"og:description\" content=\"Carbon Block Graphite Manufacturers supply carbon blocks uses in blast furnace and electric furnace, contact us to get the best carbon block price.\" \/>\n<meta property=\"og:url\" content=\"https:\/\/jinsuncarbon.com\/fr\/produit-2\/blocs-de-carbone\/\" \/>\n<meta property=\"og:site_name\" content=\"Jinsun Carbon\" \/>\n<meta property=\"article:publisher\" content=\"https:\/\/www.facebook.com\/Graphite-Electrode-109336238661595\" \/>\n<meta property=\"article:modified_time\" content=\"2024-12-14T05:42:34+00:00\" \/>\n<meta property=\"og:image\" content=\"https:\/\/jinsuncarbon.com\/wp-content\/uploads\/2024\/12\/Carbon-Blocks.jpg\" \/>\n\t<meta property=\"og:image:width\" content=\"1024\" \/>\n\t<meta property=\"og:image:height\" content=\"763\" \/>\n\t<meta property=\"og:image:type\" content=\"image\/jpeg\" \/>\n<meta name=\"twitter:card\" content=\"summary_large_image\" \/>\n<meta name=\"twitter:site\" content=\"@jinsuncarbon_\" \/>\n<meta name=\"twitter:label1\" content=\"Dur\u00e9e de lecture estim\u00e9e\" \/>\n\t<meta name=\"twitter:data1\" content=\"3 minutes\" \/>\n<script type=\"application\/ld+json\" class=\"yoast-schema-graph\">{\"@context\":\"https:\/\/schema.org\",\"@graph\":[{\"@type\":\"WebPage\",\"@id\":\"https:\/\/jinsuncarbon.com\/product\/carbon-blocks\/\",\"url\":\"https:\/\/jinsuncarbon.com\/product\/carbon-blocks\/\",\"name\":\"Carbon Blocks for Blast Furnace and Electric Furnace| Jinsun Carbon\",\"isPartOf\":{\"@id\":\"https:\/\/jinsuncarbon.com\/#website\"},\"primaryImageOfPage\":{\"@id\":\"https:\/\/jinsuncarbon.com\/product\/carbon-blocks\/#primaryimage\"},\"image\":{\"@id\":\"https:\/\/jinsuncarbon.com\/product\/carbon-blocks\/#primaryimage\"},\"thumbnailUrl\":\"https:\/\/jinsuncarbon.com\/wp-content\/uploads\/2024\/12\/Carbon-Blocks.jpg\",\"datePublished\":\"2024-12-12T07:37:47+00:00\",\"dateModified\":\"2024-12-14T05:42:34+00:00\",\"description\":\"Carbon Block Graphite Manufacturers supply carbon blocks uses in blast furnace and electric furnace, contact us to get the best carbon block price.\",\"breadcrumb\":{\"@id\":\"https:\/\/jinsuncarbon.com\/product\/carbon-blocks\/#breadcrumb\"},\"inLanguage\":\"fr-FR\",\"potentialAction\":[{\"@type\":\"ReadAction\",\"target\":[\"https:\/\/jinsuncarbon.com\/product\/carbon-blocks\/\"]}]},{\"@type\":\"ImageObject\",\"inLanguage\":\"fr-FR\",\"@id\":\"https:\/\/jinsuncarbon.com\/product\/carbon-blocks\/#primaryimage\",\"url\":\"https:\/\/jinsuncarbon.com\/wp-content\/uploads\/2024\/12\/Carbon-Blocks.jpg\",\"contentUrl\":\"https:\/\/jinsuncarbon.com\/wp-content\/uploads\/2024\/12\/Carbon-Blocks.jpg\",\"width\":1024,\"height\":763,\"caption\":\"Carbon Blocks\"},{\"@type\":\"BreadcrumbList\",\"@id\":\"https:\/\/jinsuncarbon.com\/product\/carbon-blocks\/#breadcrumb\",\"itemListElement\":[{\"@type\":\"ListItem\",\"position\":1,\"name\":\"Home\",\"item\":\"https:\/\/jinsuncarbon.com\/\"},{\"@type\":\"ListItem\",\"position\":2,\"name\":\"Products\",\"item\":\"https:\/\/jinsuncarbon.com\/graphite-carbon\/\"},{\"@type\":\"ListItem\",\"position\":3,\"name\":\"Carbon Blocks\"}]},{\"@type\":\"WebSite\",\"@id\":\"https:\/\/jinsuncarbon.com\/#website\",\"url\":\"https:\/\/jinsuncarbon.com\/\",\"name\":\"Jinsun Carbon\",\"description\":\"We are the successful graphite electrode manufacturer in China\",\"publisher\":{\"@id\":\"https:\/\/jinsuncarbon.com\/#organization\"},\"potentialAction\":[{\"@type\":\"SearchAction\",\"target\":{\"@type\":\"EntryPoint\",\"urlTemplate\":\"https:\/\/jinsuncarbon.com\/?s={search_term_string}\"},\"query-input\":{\"@type\":\"PropertyValueSpecification\",\"valueRequired\":true,\"valueName\":\"search_term_string\"}}],\"inLanguage\":\"fr-FR\"},{\"@type\":\"Organization\",\"@id\":\"https:\/\/jinsuncarbon.com\/#organization\",\"name\":\"Jinsun Carbon\",\"alternateName\":\"Jinsun Carbon\",\"url\":\"https:\/\/jinsuncarbon.com\/\",\"logo\":{\"@type\":\"ImageObject\",\"inLanguage\":\"fr-FR\",\"@id\":\"https:\/\/jinsuncarbon.com\/#\/schema\/logo\/image\/\",\"url\":\"https:\/\/jinsuncarbon.com\/wp-content\/uploads\/2022\/12\/LOGO-1.png\",\"contentUrl\":\"https:\/\/jinsuncarbon.com\/wp-content\/uploads\/2022\/12\/LOGO-1.png\",\"width\":207,\"height\":80,\"caption\":\"Jinsun Carbon\"},\"image\":{\"@id\":\"https:\/\/jinsuncarbon.com\/#\/schema\/logo\/image\/\"},\"sameAs\":[\"https:\/\/www.facebook.com\/Graphite-Electrode-109336238661595\",\"https:\/\/x.com\/jinsuncarbon_\",\"https:\/\/www.linkedin.com\/in\/jinsungraphite\",\"https:\/\/www.youtube.com\/channel\/UCysDNyvyR5-3cCWEmpkVC0g\"]}]}<\/script>\n<!-- \/ Yoast SEO Premium plugin. -->","yoast_head_json":{"title":"Blocs de carbone pour hauts fourneaux et fours \u00e9lectriques| Jinsun Carbon","description":"Les fabricants de blocs de carbone graphite fournissent des blocs de carbone utilis\u00e9s dans les hauts fourneaux et les fours \u00e9lectriques, contactez-nous pour obtenir le meilleur prix de bloc de carbone.","robots":{"index":"index","follow":"follow","max-snippet":"max-snippet:-1","max-image-preview":"max-image-preview:large","max-video-preview":"max-video-preview:-1"},"canonical":"https:\/\/jinsuncarbon.com\/fr\/produit-2\/blocs-de-carbone\/","og_locale":"fr_FR","og_type":"article","og_title":"Carbon Blocks","og_description":"Carbon Block Graphite Manufacturers supply carbon blocks uses in blast furnace and electric furnace, contact us to get the best carbon block price.","og_url":"https:\/\/jinsuncarbon.com\/fr\/produit-2\/blocs-de-carbone\/","og_site_name":"Jinsun Carbon","article_publisher":"https:\/\/www.facebook.com\/Graphite-Electrode-109336238661595","article_modified_time":"2024-12-14T05:42:34+00:00","og_image":[{"width":1024,"height":763,"url":"https:\/\/jinsuncarbon.com\/wp-content\/uploads\/2024\/12\/Carbon-Blocks.jpg","type":"image\/jpeg"}],"twitter_card":"summary_large_image","twitter_site":"@jinsuncarbon_","twitter_misc":{"Dur\u00e9e de lecture estim\u00e9e":"3 minutes"},"schema":{"@context":"https:\/\/schema.org","@graph":[{"@type":"WebPage","@id":"https:\/\/jinsuncarbon.com\/product\/carbon-blocks\/","url":"https:\/\/jinsuncarbon.com\/product\/carbon-blocks\/","name":"Blocs de carbone pour hauts fourneaux et fours \u00e9lectriques| Jinsun Carbon","isPartOf":{"@id":"https:\/\/jinsuncarbon.com\/#website"},"primaryImageOfPage":{"@id":"https:\/\/jinsuncarbon.com\/product\/carbon-blocks\/#primaryimage"},"image":{"@id":"https:\/\/jinsuncarbon.com\/product\/carbon-blocks\/#primaryimage"},"thumbnailUrl":"https:\/\/jinsuncarbon.com\/wp-content\/uploads\/2024\/12\/Carbon-Blocks.jpg","datePublished":"2024-12-12T07:37:47+00:00","dateModified":"2024-12-14T05:42:34+00:00","description":"Les fabricants de blocs de carbone graphite fournissent des blocs de carbone utilis\u00e9s dans les hauts fourneaux et les fours \u00e9lectriques, contactez-nous pour obtenir le meilleur prix de bloc de carbone.","breadcrumb":{"@id":"https:\/\/jinsuncarbon.com\/product\/carbon-blocks\/#breadcrumb"},"inLanguage":"fr-FR","potentialAction":[{"@type":"ReadAction","target":["https:\/\/jinsuncarbon.com\/product\/carbon-blocks\/"]}]},{"@type":"ImageObject","inLanguage":"fr-FR","@id":"https:\/\/jinsuncarbon.com\/product\/carbon-blocks\/#primaryimage","url":"https:\/\/jinsuncarbon.com\/wp-content\/uploads\/2024\/12\/Carbon-Blocks.jpg","contentUrl":"https:\/\/jinsuncarbon.com\/wp-content\/uploads\/2024\/12\/Carbon-Blocks.jpg","width":1024,"height":763,"caption":"Carbon Blocks"},{"@type":"BreadcrumbList","@id":"https:\/\/jinsuncarbon.com\/product\/carbon-blocks\/#breadcrumb","itemListElement":[{"@type":"ListItem","position":1,"name":"Home","item":"https:\/\/jinsuncarbon.com\/"},{"@type":"ListItem","position":2,"name":"Products","item":"https:\/\/jinsuncarbon.com\/graphite-carbon\/"},{"@type":"ListItem","position":3,"name":"Carbon Blocks"}]},{"@type":"WebSite","@id":"https:\/\/jinsuncarbon.com\/#website","url":"https:\/\/jinsuncarbon.com\/","name":"Jinsun Carbon","description":"Nous sommes le fabricant d'\u00e9lectrodes en graphite le plus performant de Chine.","publisher":{"@id":"https:\/\/jinsuncarbon.com\/#organization"},"potentialAction":[{"@type":"SearchAction","target":{"@type":"EntryPoint","urlTemplate":"https:\/\/jinsuncarbon.com\/?s={search_term_string}"},"query-input":{"@type":"PropertyValueSpecification","valueRequired":true,"valueName":"search_term_string"}}],"inLanguage":"fr-FR"},{"@type":"Organization","@id":"https:\/\/jinsuncarbon.com\/#organization","name":"Jinsun Carbon","alternateName":"Jinsun Carbon","url":"https:\/\/jinsuncarbon.com\/","logo":{"@type":"ImageObject","inLanguage":"fr-FR","@id":"https:\/\/jinsuncarbon.com\/#\/schema\/logo\/image\/","url":"https:\/\/jinsuncarbon.com\/wp-content\/uploads\/2022\/12\/LOGO-1.png","contentUrl":"https:\/\/jinsuncarbon.com\/wp-content\/uploads\/2022\/12\/LOGO-1.png","width":207,"height":80,"caption":"Jinsun Carbon"},"image":{"@id":"https:\/\/jinsuncarbon.com\/#\/schema\/logo\/image\/"},"sameAs":["https:\/\/www.facebook.com\/Graphite-Electrode-109336238661595","https:\/\/x.com\/jinsuncarbon_","https:\/\/www.linkedin.com\/in\/jinsungraphite","https:\/\/www.youtube.com\/channel\/UCysDNyvyR5-3cCWEmpkVC0g"]}]}},"_links":{"self":[{"href":"https:\/\/jinsuncarbon.com\/fr\/wp-json\/wp\/v2\/product\/7003","targetHints":{"allow":["GET"]}}],"collection":[{"href":"https:\/\/jinsuncarbon.com\/fr\/wp-json\/wp\/v2\/product"}],"about":[{"href":"https:\/\/jinsuncarbon.com\/fr\/wp-json\/wp\/v2\/types\/product"}],"wp:featuredmedia":[{"embeddable":true,"href":"https:\/\/jinsuncarbon.com\/fr\/wp-json\/wp\/v2\/media\/7004"}],"wp:attachment":[{"href":"https:\/\/jinsuncarbon.com\/fr\/wp-json\/wp\/v2\/media?parent=7003"}],"wp:term":[{"taxonomy":"product_brand","embeddable":true,"href":"https:\/\/jinsuncarbon.com\/fr\/wp-json\/wp\/v2\/product_brand?post=7003"},{"taxonomy":"product_cat","embeddable":true,"href":"https:\/\/jinsuncarbon.com\/fr\/wp-json\/wp\/v2\/product_cat?post=7003"},{"taxonomy":"product_tag","embeddable":true,"href":"https:\/\/jinsuncarbon.com\/fr\/wp-json\/wp\/v2\/product_tag?post=7003"}],"curies":[{"name":"wp","href":"https:\/\/api.w.org\/{rel}","templated":true}]}}