{"id":6992,"date":"2024-12-11T12:02:08","date_gmt":"2024-12-11T12:02:08","guid":{"rendered":"https:\/\/jinsuncarbon.com\/?post_type=product&#038;p=6992"},"modified":"2025-10-09T10:16:50","modified_gmt":"2025-10-09T10:16:50","slug":"creuset-en-graphite-de-haute-purete","status":"publish","type":"product","link":"https:\/\/jinsuncarbon.com\/fr\/produit-2\/creuset-en-graphite-de-haute-purete\/","title":{"rendered":"Creuset en graphite de haute puret\u00e9"},"content":{"rendered":"<h2>Avantages du creuset en graphite de haute puret\u00e9<\/h2>\n<p>Les creusets en graphite de haute puret\u00e9 ont g\u00e9n\u00e9ralement la forme de coupes, de bols ou de cylindres et pr\u00e9sentent des avantages tr\u00e8s importants.<\/p>\n<p><strong><b>Tr\u00e8s forte r\u00e9sistance aux hautes temp\u00e9ratures<\/b><\/strong><\/p>\n<p>Il peut \u00eatre utilis\u00e9 de mani\u00e8re stable dans un environnement \u00e0 ultra-haute temp\u00e9rature allant de 1500\u2103 \u00e0 3000\u2103 sans d\u00e9formation ni fonte.<\/p>\n<p><strong><b>\u00a0<\/b><\/strong><\/p>\n<p><strong><b>Propri\u00e9t\u00e9s chimiques tr\u00e8s stables<\/b><\/strong><\/p>\n<p>Il pr\u00e9sente une forte r\u00e9sistance \u00e0 la plupart des substances chimiques corrosives telles que les acides et les alcalis.<\/p>\n<p>&nbsp;<\/p>\n<p><strong><b>Excellente conductivit\u00e9 thermique<\/b><\/strong><\/p>\n<p>La conduction de la chaleur est uniforme et rapide, ce qui permet d'am\u00e9liorer l'efficacit\u00e9 du chauffage.<\/p>\n<p>&nbsp;<\/p>\n<p><strong><b>R\u00e9sistance m\u00e9canique \u00e9lev\u00e9e<\/b><\/strong><\/p>\n<p>Il a de bonnes <a href=\"https:\/\/jinsuncarbon.com\/fr\/proprietes-mecaniques-du-graphite\/\">r\u00e9sistance aux chocs thermiques<\/a> et peut r\u00e9sister \u00e0 des changements de temp\u00e9rature rapides sans se fissurer facilement.<\/p>\n<p>&nbsp;<\/p>\n<p><strong><b>Bon pouvoir lubrifiant<\/b><\/strong><\/p>\n<p>Il peut r\u00e9duire l'adh\u00e9rence des mat\u00e9riaux \u00e0 la paroi du creuset et faciliter la coul\u00e9e des mat\u00e9riaux.<\/p>\n<p>&nbsp;<\/p>\n<p><strong><b>Longue dur\u00e9e de vie<\/b><\/strong><\/p>\n<p>Vous pouvez le r\u00e9utiliser plusieurs fois, ce qui permet de r\u00e9duire efficacement le co\u00fbt d'utilisation.<\/p>\n<p>&nbsp;<\/p>\n<p>En outre, vous pouvez \u00e9galement choisir des creusets en graphite de haute puret\u00e9 press\u00e9s isostatiquement, des creusets en graphite de haute puret\u00e9 moul\u00e9s, des creusets en graphite de haute puret\u00e9 impr\u00e9gn\u00e9s sous vide ou d'autres types de creusets en graphite de haute puret\u00e9 en fonction des diff\u00e9rentes exigences d'utilisation.<\/p>\n<p>&nbsp;<\/p>\n<h2>Utilisations du creuset en graphite de haute puret\u00e9<\/h2>\n<h3>Domaine m\u00e9tallurgique<\/h3>\n<p><strong><b>Fusion de m\u00e9taux pr\u00e9cieux<\/b><\/strong><\/p>\n<p>Vous pouvez utiliser le creuset en graphite de haute puret\u00e9 pour l'affinage et la coul\u00e9e de m\u00e9taux pr\u00e9cieux tels que l'or et l'argent. Sa grande puret\u00e9 et sa stabilit\u00e9 chimique permettent d'\u00e9viter la pollution et garantissent la puret\u00e9 des m\u00e9taux, ce qui r\u00e9pond aux exigences de l'industrie de la bijouterie.<\/p>\n<p><strong><b>\u00a0<\/b><\/strong><\/p>\n<p><strong><b>Fusion de m\u00e9taux rares<\/b><\/strong><\/p>\n<p>Il peut r\u00e9sister \u00e0 des temp\u00e9ratures \u00e9lev\u00e9es et \u00e0 des environnements chimiques complexes, ainsi qu'\u00e0 l'\u00e9rosion. Il peut donc \u00e9galement \u00eatre utilis\u00e9 dans la fusion de m\u00e9taux rares tels que le titane et le zirconium. Pour faciliter l'extraction et la purification efficaces des m\u00e9taux rares dans des conditions particuli\u00e8res.<\/p>\n<p>&nbsp;<\/p>\n<p><strong><b>Pr\u00e9paration d'alliages sp\u00e9ciaux<\/b><\/strong><\/p>\n<p>Il joue \u00e9galement un r\u00f4le important dans la production de <a href=\"https:\/\/en.wikipedia.org\/wiki\/Nickel\" target=\"_blank\" rel=\"noopener\">nickel<\/a>-\u00e0 base de titane et d'autres alliages. Sa stabilit\u00e9 chimique garantit une composition pr\u00e9cise et sa bonne conductivit\u00e9 thermique favorise un chauffage uniforme, ce qui permet d'obtenir des alliages tr\u00e8s performants pour des applications haut de gamme.<\/p>\n<p>&nbsp;<\/p>\n<h3>Industries des semi-conducteurs et du photovolta\u00efque :<\/h3>\n<p><strong><b>Croissance du silicium monocristallin<\/b><\/strong><\/p>\n<p>Dans la croissance czochraltique du silicium monocristallin semi-conducteur, le creuset en graphite de haute puret\u00e9 peut fournir un environnement stable. Il peut \u00e9galement contr\u00f4ler la temp\u00e9rature gr\u00e2ce \u00e0 une haute puret\u00e9 anti-impuret\u00e9 et \u00e0 une conductivit\u00e9 thermique permettant d'am\u00e9liorer la qualit\u00e9 du silicium monocristallin et les performances de la puce.<\/p>\n<p><strong><b>\u00a0<\/b><\/strong><\/p>\n<p><strong><b>Coul\u00e9e de lingots de silicium polycristallin<\/b><\/strong><\/p>\n<p>Gr\u00e2ce \u00e0 sa stabilit\u00e9 chimique et \u00e0 sa r\u00e9sistance aux temp\u00e9ratures \u00e9lev\u00e9es, il peut pr\u00e9venir la pollution dans l'industrie photovolta\u00efque lors de la coul\u00e9e des lingots de silicium polycristallin. Il contr\u00f4le pr\u00e9cis\u00e9ment la temp\u00e9rature pour favoriser la cristallisation et am\u00e9liorer l'efficacit\u00e9 de la conversion photo\u00e9lectrique des cellules solaires.<\/p>\n<p>&nbsp;<\/p>\n<h3>Domaine du g\u00e9nie chimique et des nouveaux mat\u00e9riaux :<\/h3>\n<p><strong><b>R\u00e9cipients pour r\u00e9actions chimiques \u00e0 haute temp\u00e9rature<\/b><\/strong><\/p>\n<p>Il peut fonctionner de mani\u00e8re stable dans des r\u00e9actions de synth\u00e8se chimique \u00e0 haute temp\u00e9rature et peut donc \u00eatre utilis\u00e9 comme r\u00e9cipient r\u00e9sistant \u00e0 la corrosion. Il garantit le bon d\u00e9roulement des r\u00e9actions, facilite la s\u00e9paration et la purification des produits et favorise la recherche et le d\u00e9veloppement de nouveaux mat\u00e9riaux.<\/p>\n<p><strong><b>\u00a0<\/b><\/strong><\/p>\n<p><strong><b>Fabrication de verre <\/b><\/strong><\/p>\n<p>Il peut \u00e9galement \u00eatre utilis\u00e9 lors de la fusion de mati\u00e8res premi\u00e8res de verre sp\u00e9cial, telles que le verre optique et le quartz. Sa r\u00e9sistance aux temp\u00e9ratures \u00e9lev\u00e9es et sa bonne stabilit\u00e9 thermique garantissent la transparence et la composition pr\u00e9cise du verre.<\/p>\n<p>&nbsp;<\/p>\n<p><strong><b>Domaines des laboratoires et de la recherche scientifique :<\/b><\/strong><\/p>\n<p><strong><b>Recherche exp\u00e9rimentale \u00e0 haute temp\u00e9rature<\/b><\/strong><\/p>\n<p>Dans les universit\u00e9s et les laboratoires de recherche, il est utilis\u00e9 pour diverses exp\u00e9riences \u00e0 haute temp\u00e9rature afin de simuler des conditions extr\u00eames avec stabilit\u00e9 et contr\u00f4labilit\u00e9. Il fournit ainsi des donn\u00e9es pour la recherche et le d\u00e9veloppement de nouveaux mat\u00e9riaux et de nouveaux proc\u00e9d\u00e9s.<\/p>\n<p>&nbsp;<\/p>\n<p><strong><b>Analyse de l'\u00e9chantillon <\/b><\/strong><\/p>\n<p>Dans l'analyse d'\u00e9chantillons dans des domaines tels que la g\u00e9ologie et l'environnement, vous pouvez l'utiliser pour le pr\u00e9traitement \u00e0 haute temp\u00e9rature. Il transforme les \u00e9chantillons en formes facilement analysables, \u00e9vite la contamination et garantit la pr\u00e9cision et la fiabilit\u00e9 des r\u00e9sultats d'analyse.<\/p>","protected":false},"excerpt":{"rendered":"<p>Le creuset en graphite de haute puret\u00e9 est un r\u00e9cipient r\u00e9sistant aux temp\u00e9ratures \u00e9lev\u00e9es, fabriqu\u00e9 \u00e0 partir de mati\u00e8res premi\u00e8res en graphite de haute puret\u00e9, qui atteint g\u00e9n\u00e9ralement plus de 99%. La puret\u00e9 de certains produits peut m\u00eame atteindre 99,9%. Il pr\u00e9sente une r\u00e9sistance exceptionnelle aux hautes temp\u00e9ratures, une stabilit\u00e9 chimique, une bonne conductivit\u00e9 thermique et une bonne r\u00e9sistance m\u00e9canique. C'est pourquoi il donne de bons r\u00e9sultats dans de nombreux domaines industriels haut de gamme et constitue un choix id\u00e9al pour faire face \u00e0 des conditions de traitement difficiles. Il est souvent utilis\u00e9 pour la croissance du silicium monocristallin semi-conducteur, la fusion et la purification des m\u00e9taux pr\u00e9cieux et le processus de fusion \u00e0 haute temp\u00e9rature du verre sp\u00e9cial.<\/p>","protected":false},"featured_media":6993,"template":"","meta":[],"product_brand":[],"product_cat":[38],"product_tag":[],"class_list":{"0":"post-6992","1":"product","2":"type-product","3":"status-publish","4":"has-post-thumbnail","6":"product_cat-graphite-products","8":"first","9":"instock","10":"shipping-taxable","11":"product-type-simple"},"yoast_head":"<!-- This site is optimized with the Yoast SEO Premium plugin v19.2.1 (Yoast SEO v25.3) - https:\/\/yoast.com\/wordpress\/plugins\/seo\/ -->\n<title>High Purity Graphite Crucible Manufacturer in China<\/title>\n<meta name=\"robots\" content=\"index, follow, max-snippet:-1, max-image-preview:large, max-video-preview:-1\" \/>\n<link rel=\"canonical\" href=\"https:\/\/jinsuncarbon.com\/fr\/produit-2\/creuset-en-graphite-de-haute-purete\/\" \/>\n<meta property=\"og:locale\" content=\"fr_FR\" \/>\n<meta property=\"og:type\" content=\"article\" \/>\n<meta property=\"og:title\" content=\"High Purity Graphite Crucible\" \/>\n<meta property=\"og:description\" content=\"High\u00a0purity graphite crucible\u00a0is a\u00a0high-temperature resistant container made from high-purity graphite raw materials, which\u00a0usually reaches over 99%. And even the purity of some products can be as high as 99.9%. It has\u00a0outstanding high-temperature resistance, chemical stability, good thermal conductivity and mechanical strength. Therefore, it\u00a0performs\u00a0well in many high-end industrial fields and is\u00a0an ideal choice for dealing with harsh process conditions. You can often\u00a0use\u00a0it in the growth of semiconductor monocrystalline silicon, the smelting and purification of precious metals, and\u00a0the high-temperature smelting process of special glass.\" \/>\n<meta property=\"og:url\" content=\"https:\/\/jinsuncarbon.com\/fr\/produit-2\/creuset-en-graphite-de-haute-purete\/\" \/>\n<meta property=\"og:site_name\" content=\"Jinsun Carbon\" \/>\n<meta property=\"article:publisher\" content=\"https:\/\/www.facebook.com\/Graphite-Electrode-109336238661595\" \/>\n<meta property=\"article:modified_time\" content=\"2025-10-09T10:16:50+00:00\" \/>\n<meta property=\"og:image\" content=\"https:\/\/jinsuncarbon.com\/wp-content\/uploads\/2024\/12\/High-Purity-Graphite-Crucibles.jpg\" \/>\n\t<meta property=\"og:image:width\" content=\"1024\" \/>\n\t<meta property=\"og:image:height\" content=\"763\" \/>\n\t<meta property=\"og:image:type\" content=\"image\/jpeg\" \/>\n<meta name=\"twitter:card\" content=\"summary_large_image\" \/>\n<meta name=\"twitter:site\" content=\"@jinsuncarbon_\" \/>\n<meta name=\"twitter:label1\" content=\"Dur\u00e9e de lecture estim\u00e9e\" \/>\n\t<meta name=\"twitter:data1\" content=\"3 minutes\" \/>\n<script type=\"application\/ld+json\" class=\"yoast-schema-graph\">{\"@context\":\"https:\/\/schema.org\",\"@graph\":[{\"@type\":\"WebPage\",\"@id\":\"https:\/\/jinsuncarbon.com\/product\/high-purity-graphite-crucible\/\",\"url\":\"https:\/\/jinsuncarbon.com\/product\/high-purity-graphite-crucible\/\",\"name\":\"High Purity Graphite Crucible Manufacturer in China\",\"isPartOf\":{\"@id\":\"https:\/\/jinsuncarbon.com\/#website\"},\"primaryImageOfPage\":{\"@id\":\"https:\/\/jinsuncarbon.com\/product\/high-purity-graphite-crucible\/#primaryimage\"},\"image\":{\"@id\":\"https:\/\/jinsuncarbon.com\/product\/high-purity-graphite-crucible\/#primaryimage\"},\"thumbnailUrl\":\"https:\/\/jinsuncarbon.com\/wp-content\/uploads\/2024\/12\/High-Purity-Graphite-Crucibles.jpg\",\"datePublished\":\"2024-12-11T12:02:08+00:00\",\"dateModified\":\"2025-10-09T10:16:50+00:00\",\"breadcrumb\":{\"@id\":\"https:\/\/jinsuncarbon.com\/product\/high-purity-graphite-crucible\/#breadcrumb\"},\"inLanguage\":\"fr-FR\",\"potentialAction\":[{\"@type\":\"ReadAction\",\"target\":[\"https:\/\/jinsuncarbon.com\/product\/high-purity-graphite-crucible\/\"]}]},{\"@type\":\"ImageObject\",\"inLanguage\":\"fr-FR\",\"@id\":\"https:\/\/jinsuncarbon.com\/product\/high-purity-graphite-crucible\/#primaryimage\",\"url\":\"https:\/\/jinsuncarbon.com\/wp-content\/uploads\/2024\/12\/High-Purity-Graphite-Crucibles.jpg\",\"contentUrl\":\"https:\/\/jinsuncarbon.com\/wp-content\/uploads\/2024\/12\/High-Purity-Graphite-Crucibles.jpg\",\"width\":1024,\"height\":763,\"caption\":\"High Purity Graphite Crucibles\"},{\"@type\":\"BreadcrumbList\",\"@id\":\"https:\/\/jinsuncarbon.com\/product\/high-purity-graphite-crucible\/#breadcrumb\",\"itemListElement\":[{\"@type\":\"ListItem\",\"position\":1,\"name\":\"Home\",\"item\":\"https:\/\/jinsuncarbon.com\/\"},{\"@type\":\"ListItem\",\"position\":2,\"name\":\"Products\",\"item\":\"https:\/\/jinsuncarbon.com\/graphite-carbon\/\"},{\"@type\":\"ListItem\",\"position\":3,\"name\":\"High Purity Graphite Crucible\"}]},{\"@type\":\"WebSite\",\"@id\":\"https:\/\/jinsuncarbon.com\/#website\",\"url\":\"https:\/\/jinsuncarbon.com\/\",\"name\":\"Jinsun Carbon\",\"description\":\"We are the successful graphite electrode manufacturer in China\",\"publisher\":{\"@id\":\"https:\/\/jinsuncarbon.com\/#organization\"},\"potentialAction\":[{\"@type\":\"SearchAction\",\"target\":{\"@type\":\"EntryPoint\",\"urlTemplate\":\"https:\/\/jinsuncarbon.com\/?s={search_term_string}\"},\"query-input\":{\"@type\":\"PropertyValueSpecification\",\"valueRequired\":true,\"valueName\":\"search_term_string\"}}],\"inLanguage\":\"fr-FR\"},{\"@type\":\"Organization\",\"@id\":\"https:\/\/jinsuncarbon.com\/#organization\",\"name\":\"Jinsun Carbon\",\"alternateName\":\"Jinsun Carbon\",\"url\":\"https:\/\/jinsuncarbon.com\/\",\"logo\":{\"@type\":\"ImageObject\",\"inLanguage\":\"fr-FR\",\"@id\":\"https:\/\/jinsuncarbon.com\/#\/schema\/logo\/image\/\",\"url\":\"https:\/\/jinsuncarbon.com\/wp-content\/uploads\/2022\/12\/LOGO-1.png\",\"contentUrl\":\"https:\/\/jinsuncarbon.com\/wp-content\/uploads\/2022\/12\/LOGO-1.png\",\"width\":207,\"height\":80,\"caption\":\"Jinsun Carbon\"},\"image\":{\"@id\":\"https:\/\/jinsuncarbon.com\/#\/schema\/logo\/image\/\"},\"sameAs\":[\"https:\/\/www.facebook.com\/Graphite-Electrode-109336238661595\",\"https:\/\/x.com\/jinsuncarbon_\",\"https:\/\/www.linkedin.com\/in\/jinsungraphite\",\"https:\/\/www.youtube.com\/channel\/UCysDNyvyR5-3cCWEmpkVC0g\"]}]}<\/script>\n<!-- \/ Yoast SEO Premium plugin. -->","yoast_head_json":{"title":"Creuset en graphite de haute puret\u00e9 Fabricant de creusets en graphite de haute puret\u00e9 en Chine","robots":{"index":"index","follow":"follow","max-snippet":"max-snippet:-1","max-image-preview":"max-image-preview:large","max-video-preview":"max-video-preview:-1"},"canonical":"https:\/\/jinsuncarbon.com\/fr\/produit-2\/creuset-en-graphite-de-haute-purete\/","og_locale":"fr_FR","og_type":"article","og_title":"High Purity Graphite Crucible","og_description":"High\u00a0purity graphite crucible\u00a0is a\u00a0high-temperature resistant container made from high-purity graphite raw materials, which\u00a0usually reaches over 99%. And even the purity of some products can be as high as 99.9%. It has\u00a0outstanding high-temperature resistance, chemical stability, good thermal conductivity and mechanical strength. Therefore, it\u00a0performs\u00a0well in many high-end industrial fields and is\u00a0an ideal choice for dealing with harsh process conditions. You can often\u00a0use\u00a0it in the growth of semiconductor monocrystalline silicon, the smelting and purification of precious metals, and\u00a0the high-temperature smelting process of special glass.","og_url":"https:\/\/jinsuncarbon.com\/fr\/produit-2\/creuset-en-graphite-de-haute-purete\/","og_site_name":"Jinsun Carbon","article_publisher":"https:\/\/www.facebook.com\/Graphite-Electrode-109336238661595","article_modified_time":"2025-10-09T10:16:50+00:00","og_image":[{"width":1024,"height":763,"url":"https:\/\/jinsuncarbon.com\/wp-content\/uploads\/2024\/12\/High-Purity-Graphite-Crucibles.jpg","type":"image\/jpeg"}],"twitter_card":"summary_large_image","twitter_site":"@jinsuncarbon_","twitter_misc":{"Dur\u00e9e de lecture estim\u00e9e":"3 minutes"},"schema":{"@context":"https:\/\/schema.org","@graph":[{"@type":"WebPage","@id":"https:\/\/jinsuncarbon.com\/product\/high-purity-graphite-crucible\/","url":"https:\/\/jinsuncarbon.com\/product\/high-purity-graphite-crucible\/","name":"Creuset en graphite de haute puret\u00e9 Fabricant de creusets en graphite de haute puret\u00e9 en Chine","isPartOf":{"@id":"https:\/\/jinsuncarbon.com\/#website"},"primaryImageOfPage":{"@id":"https:\/\/jinsuncarbon.com\/product\/high-purity-graphite-crucible\/#primaryimage"},"image":{"@id":"https:\/\/jinsuncarbon.com\/product\/high-purity-graphite-crucible\/#primaryimage"},"thumbnailUrl":"https:\/\/jinsuncarbon.com\/wp-content\/uploads\/2024\/12\/High-Purity-Graphite-Crucibles.jpg","datePublished":"2024-12-11T12:02:08+00:00","dateModified":"2025-10-09T10:16:50+00:00","breadcrumb":{"@id":"https:\/\/jinsuncarbon.com\/product\/high-purity-graphite-crucible\/#breadcrumb"},"inLanguage":"fr-FR","potentialAction":[{"@type":"ReadAction","target":["https:\/\/jinsuncarbon.com\/product\/high-purity-graphite-crucible\/"]}]},{"@type":"ImageObject","inLanguage":"fr-FR","@id":"https:\/\/jinsuncarbon.com\/product\/high-purity-graphite-crucible\/#primaryimage","url":"https:\/\/jinsuncarbon.com\/wp-content\/uploads\/2024\/12\/High-Purity-Graphite-Crucibles.jpg","contentUrl":"https:\/\/jinsuncarbon.com\/wp-content\/uploads\/2024\/12\/High-Purity-Graphite-Crucibles.jpg","width":1024,"height":763,"caption":"High Purity Graphite Crucibles"},{"@type":"BreadcrumbList","@id":"https:\/\/jinsuncarbon.com\/product\/high-purity-graphite-crucible\/#breadcrumb","itemListElement":[{"@type":"ListItem","position":1,"name":"Home","item":"https:\/\/jinsuncarbon.com\/"},{"@type":"ListItem","position":2,"name":"Products","item":"https:\/\/jinsuncarbon.com\/graphite-carbon\/"},{"@type":"ListItem","position":3,"name":"High Purity Graphite Crucible"}]},{"@type":"WebSite","@id":"https:\/\/jinsuncarbon.com\/#website","url":"https:\/\/jinsuncarbon.com\/","name":"Jinsun Carbon","description":"Nous sommes le fabricant d'\u00e9lectrodes en graphite le plus performant de Chine.","publisher":{"@id":"https:\/\/jinsuncarbon.com\/#organization"},"potentialAction":[{"@type":"SearchAction","target":{"@type":"EntryPoint","urlTemplate":"https:\/\/jinsuncarbon.com\/?s={search_term_string}"},"query-input":{"@type":"PropertyValueSpecification","valueRequired":true,"valueName":"search_term_string"}}],"inLanguage":"fr-FR"},{"@type":"Organization","@id":"https:\/\/jinsuncarbon.com\/#organization","name":"Jinsun Carbon","alternateName":"Jinsun Carbon","url":"https:\/\/jinsuncarbon.com\/","logo":{"@type":"ImageObject","inLanguage":"fr-FR","@id":"https:\/\/jinsuncarbon.com\/#\/schema\/logo\/image\/","url":"https:\/\/jinsuncarbon.com\/wp-content\/uploads\/2022\/12\/LOGO-1.png","contentUrl":"https:\/\/jinsuncarbon.com\/wp-content\/uploads\/2022\/12\/LOGO-1.png","width":207,"height":80,"caption":"Jinsun Carbon"},"image":{"@id":"https:\/\/jinsuncarbon.com\/#\/schema\/logo\/image\/"},"sameAs":["https:\/\/www.facebook.com\/Graphite-Electrode-109336238661595","https:\/\/x.com\/jinsuncarbon_","https:\/\/www.linkedin.com\/in\/jinsungraphite","https:\/\/www.youtube.com\/channel\/UCysDNyvyR5-3cCWEmpkVC0g"]}]}},"_links":{"self":[{"href":"https:\/\/jinsuncarbon.com\/fr\/wp-json\/wp\/v2\/product\/6992","targetHints":{"allow":["GET"]}}],"collection":[{"href":"https:\/\/jinsuncarbon.com\/fr\/wp-json\/wp\/v2\/product"}],"about":[{"href":"https:\/\/jinsuncarbon.com\/fr\/wp-json\/wp\/v2\/types\/product"}],"wp:featuredmedia":[{"embeddable":true,"href":"https:\/\/jinsuncarbon.com\/fr\/wp-json\/wp\/v2\/media\/6993"}],"wp:attachment":[{"href":"https:\/\/jinsuncarbon.com\/fr\/wp-json\/wp\/v2\/media?parent=6992"}],"wp:term":[{"taxonomy":"product_brand","embeddable":true,"href":"https:\/\/jinsuncarbon.com\/fr\/wp-json\/wp\/v2\/product_brand?post=6992"},{"taxonomy":"product_cat","embeddable":true,"href":"https:\/\/jinsuncarbon.com\/fr\/wp-json\/wp\/v2\/product_cat?post=6992"},{"taxonomy":"product_tag","embeddable":true,"href":"https:\/\/jinsuncarbon.com\/fr\/wp-json\/wp\/v2\/product_tag?post=6992"}],"curies":[{"name":"wp","href":"https:\/\/api.w.org\/{rel}","templated":true}]}}