{"id":6972,"date":"2024-12-09T11:35:45","date_gmt":"2024-12-09T11:35:45","guid":{"rendered":"https:\/\/jinsuncarbon.com\/?post_type=product&#038;p=6972"},"modified":"2024-12-09T14:40:59","modified_gmt":"2024-12-09T14:40:59","slug":"coke-de-fonderie","status":"publish","type":"product","link":"https:\/\/jinsuncarbon.com\/fr\/produit-2\/coke-de-fonderie\/","title":{"rendered":"Coke de fonderie"},"content":{"rendered":"<h2>Qu'est-ce que le Foundry Coke ?<\/h2>\n<p>Le coke de fonderie est utilis\u00e9 exclusivement dans les industries sid\u00e9rurgiques pour couler les m\u00e9taux. Composant essentiel du processus de fabrication des m\u00e9taux, il est fabriqu\u00e9 \u00e0 partir de charbon bitumineux et sert \u00e0 la fois d'agent r\u00e9ducteur et de combustible \u00e0 haute \u00e9nergie. Alors que le charbon ordinaire contient beaucoup d'impuret\u00e9s, le coke de fonderie est extr\u00eamement bien adapt\u00e9 aux processus industriels \u00e0 haute temp\u00e9rature car il s'agit d'un carbone presque pur.<\/p>\n<h3><\/h3>\n<h2>Production de coke de fonderie<\/h2>\n<p>Concassage : le charbon est concass\u00e9 pour obtenir de la poudre de charbon, qui est ensuite cribl\u00e9e et d\u00e9barrass\u00e9e de ses impuret\u00e9s.<br \/>\nGaz\u00e9ification du charbon : La poudre de charbon trait\u00e9e est plac\u00e9e dans un gazog\u00e8ne et chauff\u00e9e pour produire du gaz de charbon.<br \/>\nCok\u00e9faction : Le gaz de charbon est plac\u00e9 dans un four \u00e0 coke, o\u00f9 les substances volatiles du gaz de charbon s'\u00e9vaporent dans un environnement ferm\u00e9 \u00e0 temp\u00e9rature et pression \u00e9lev\u00e9es pour former du coke.<br \/>\nTraitement du coke : Le coke est refroidi et cribl\u00e9 en diff\u00e9rentes qualit\u00e9s et sp\u00e9cifications.<\/p>\n<p>&nbsp;<\/p>\n<h2>Sp\u00e9cification du coke de fonderie<\/h2>\n<p>&nbsp;<\/p>\n<table>\n<tbody>\n<tr>\n<td width=\"106\">ITEM<\/td>\n<td width=\"106\">Un grade<\/td>\n<td width=\"106\">B Grade<\/td>\n<\/tr>\n<tr>\n<td width=\"106\">Carbone fixe (% Min)<\/td>\n<td width=\"106\">90<\/td>\n<td width=\"106\">85<\/td>\n<\/tr>\n<tr>\n<td width=\"106\">Soufre (%Max)<\/td>\n<td width=\"106\">0.5<\/td>\n<td width=\"106\">0.75<\/td>\n<\/tr>\n<tr>\n<td width=\"106\">Mositure (%Max)<\/td>\n<td width=\"106\">5<\/td>\n<td width=\"106\">8<\/td>\n<\/tr>\n<tr>\n<td width=\"106\">Mati\u00e8res volatiles (%Max)<\/td>\n<td width=\"106\">1.5<\/td>\n<td width=\"106\">1.5<\/td>\n<\/tr>\n<tr>\n<td width=\"106\">N (%Max)<\/td>\n<td width=\"106\">0.03<\/td>\n<td width=\"106\">0.03<\/td>\n<\/tr>\n<tr>\n<td width=\"106\">Fr\u00eane (%Max)<\/td>\n<td width=\"106\">8<\/td>\n<td width=\"106\">13<\/td>\n<\/tr>\n<tr>\n<td colspan=\"3\" width=\"319\">Taille : 30-80mm, 60-90mm, 80-120mm, 90-150mm, 150-300mm, 200-400mm 70-100mm<\/td>\n<\/tr>\n<\/tbody>\n<\/table>\n<h3><\/h3>\n<h2>Utilisations du coke de fonderie<\/h2>\n<h3>Fonte de fer<\/h3>\n<p>Le coke de fonderie est essentiel pour le moulage de la fonte.\u00a0<span class=\"\" data-type=\"2\" data-index=\"5\" data-gid=\"0\">Il est \u00e9galement utilis\u00e9 dans les cubilots que l'on trouve couramment dans les fonderies qui fabriquent des produits en fonte.<\/span>\u00a0<span class=\"\" data-type=\"2\" data-index=\"7\" data-gid=\"1\">Le coke sert \u00e0 fournir de l'\u00e9nergie thermique en tant que combustible et gaz r\u00e9ducteur ; il contribue \u00e0 faire fondre le fer et \u00e0 maintenir la qualit\u00e9 de l'air. <a href=\"https:\/\/www.sciencedirect.com\/topics\/engineering\/casting-process#:~:text=Casting%20is%20a%20process%20in,the%20shape%20of%20the%20mold.\" target=\"_blank\" rel=\"noopener\">coul\u00e9e<\/a> temp\u00e9rature.<\/span><\/p>\n<h3>Production d'acier<\/h3>\n<p>Le coke de fonderie est encore moins utilis\u00e9 dans la production d'acier que le coke m\u00e9tallurgique ; cependant, il peut convenir \u00e0 certains proc\u00e9d\u00e9s de fabrication de l'acier, notamment lorsqu'il est n\u00e9cessaire de chauffer le fer \u00e0 des temp\u00e9ratures \u00e9lev\u00e9es.<\/p>\n<h3>Travaux de fonderie<\/h3>\n<p>Les fonderies utilisent le coke de fonderie pour fondre les m\u00e9taux, en particulier lors du moulage de pi\u00e8ces pour les machines, les composants automobiles et m\u00eame les sculptures. Sa capacit\u00e9 \u00e0 atteindre une chaleur extr\u00eame et \u00e0 maintenir la combustion est essentielle pour de nombreuses op\u00e9rations de fonderie industrielle.<\/p>\n<h2>Avantages de l'utilisation<\/h2>\n<p><strong>Haute efficacit\u00e9<\/strong><\/p>\n<p>En fait, il est tr\u00e8s efficace car il a une faible humidit\u00e9 et une faible teneur en mati\u00e8res volatiles. Flamme \u00e9lev\u00e9e, \u00e9nergie fiable, c'est un combustible garanti pour les processus industriels \u00e0 haute temp\u00e9rature.<\/p>\n<p><strong>Durabilit\u00e9<\/strong><\/p>\n<p>Ce coke est plus robuste et ne s'use pas lors d'utilisations \u00e0 long terme. Il conserve sa r\u00e9sistance et sa structure, m\u00eame lorsqu'il est expos\u00e9 \u00e0 une chaleur tr\u00e8s \u00e9lev\u00e9e, et peut donc \u00eatre utilis\u00e9 dans les fours pendant de longues p\u00e9riodes sans se d\u00e9grader.<\/p>\n<p><strong>Rentabilit\u00e9<\/strong><\/p>\n<p>Le coke de fonderie est moins cher \u00e0 long terme, compte tenu de sa grande efficacit\u00e9 et de ses faibles besoins d'entretien, malgr\u00e9 son prix \u00e9lev\u00e9 par rapport au charbon ordinaire. Son contenu \u00e9nerg\u00e9tique \u00e9tant \u00e9lev\u00e9, il en faut moins pour produire la m\u00eame quantit\u00e9, ce qui le rend plus efficace et r\u00e9duit donc la consommation de combustible.<\/p>\n<h2>Coke de fonderie et coke m\u00e9tallurgique<\/h2>\n<p>Dans le monde r\u00e9el, le choix du combustible \u00e0 usage industriel tend \u00e0 se porter sur le coke de fonderie ou le coke m\u00e9tallurgique. Les deux produits sont similaires, mais diff\u00e9rents. Le coke de fonderie est con\u00e7u sp\u00e9cifiquement pour le march\u00e9 de la fonte. Il est moins h\u00e9t\u00e9rog\u00e8ne et contient moins de cendres. Mais la fabrication de l'acier n\u00e9cessite <a href=\"https:\/\/jinsuncarbon.com\/fr\/produit-2\/coke-metallurgique\/\">coke m\u00e9tallurgique<\/a>Le coke de fonderie, dont les exigences en mati\u00e8re de taille sont diff\u00e9rentes et qui est plus r\u00e9sistant, est utilis\u00e9 pour le chauffage. Tous deux sont utilis\u00e9s pour le chauffage, mais le coke de fonderie est davantage ax\u00e9 sur l'uniformit\u00e9 et la faible teneur en impuret\u00e9s n\u00e9cessaires \u00e0 une coul\u00e9e de qualit\u00e9. Cependant, le coke de fonderie <a href=\"https:\/\/jinsuncarbon.com\/fr\/utilisations-du-carbone\/\">carbone<\/a> est l\u00e9g\u00e8rement diff\u00e9rent dans le coke m\u00e9tallurgique destin\u00e9 aux hauts fourneaux.<\/p>\n<h2>Coke de fonderie \u00e0 vendre<\/h2>\n<p><strong>Teneur en carbone<\/strong><\/p>\n<p>Trouvez du coke \u00e0 haute teneur en carbone pour les fonderies. Plus la teneur en carbone est \u00e9lev\u00e9e, plus le rendement thermique et le pouvoir de r\u00e9duction du coke sont importants. En r\u00e8gle g\u00e9n\u00e9rale, vous souhaitez un produit ayant une teneur en carbone d'au moins 85 %.<\/p>\n<p><strong>Taille et forme<\/strong><\/p>\n<p>Le coke peut influencer les performances en raison de sa taille et de sa forme. Si le coke est trop petit, il br\u00fblera trop rapidement, et s'il est trop grand, il n'offrira pas une surface suffisante pour une combustion efficace. S\u00e9lectionnez un coke adapt\u00e9 aux exigences de votre <a href=\"https:\/\/en.wikipedia.org\/wiki\/Blast_furnace\" target=\"_blank\" rel=\"noopener\">four<\/a>.<\/p>\n<p><strong>Teneur en cendres<\/strong><\/p>\n<p>Le coke de fonderie a g\u00e9n\u00e9ralement une teneur en cendres plus faible. Trop de cendres peuvent contaminer le m\u00e9tal, ce qui peut cr\u00e9er des impuret\u00e9s et des d\u00e9fauts dans le produit final. Utilisez le coke le moins cendreux possible.<\/p>\n<p><strong>Teneur en soufre<\/strong><\/p>\n<p>Le soufre pouvant polluer le m\u00e9tal en fusion et influencer la qualit\u00e9 des pi\u00e8ces coul\u00e9es, il convient de choisir un coke de fonderie \u00e0 faible teneur en soufre. Une qualit\u00e9 utile est une teneur maximale en soufre de 1%.<\/p>\n<p>&nbsp;<\/p>","protected":false},"excerpt":{"rendered":"<p>Le coke de fonderie est le coke utilis\u00e9 comme combustible principal pour la fusion du fer dans les cubilots. Sa fonction est de faire fondre la charge et de surchauffer le fer fondu, en soutenant la colonne de charge pour maintenir une bonne perm\u00e9abilit\u00e9 \u00e0 l'air. Caract\u00e9ristiques du coke de fonderie :<\/p>\n<ul>\n<li>grande taille de bloc<\/li>\n<li>faible r\u00e9activit\u00e9<\/li>\n<li>faible porosit\u00e9<\/li>\n<li>r\u00e9sistance suffisante au broyage par impact<\/li>\n<li>Faible teneur en cendres et en soufre<\/li>\n<\/ul>","protected":false},"featured_media":6974,"template":"","meta":[],"product_brand":[],"product_cat":[40],"product_tag":[],"class_list":{"0":"post-6972","1":"product","2":"type-product","3":"status-publish","4":"has-post-thumbnail","6":"product_cat-petroleum-coke","8":"first","9":"instock","10":"shipping-taxable","11":"product-type-simple"},"yoast_head":"<!-- This site is optimized with the Yoast SEO Premium plugin v19.2.1 (Yoast SEO v25.3) - https:\/\/yoast.com\/wordpress\/plugins\/seo\/ -->\n<title>Foundry Coke Supplier in China | Jinsun Carbon<\/title>\n<meta name=\"description\" content=\"Foundry coke is used exclusively in the iron and steel industries to cast metals. High quality foundry coke for sale at best price.\" \/>\n<meta name=\"robots\" content=\"index, follow, max-snippet:-1, max-image-preview:large, max-video-preview:-1\" \/>\n<link rel=\"canonical\" href=\"https:\/\/jinsuncarbon.com\/fr\/produit-2\/coke-de-fonderie\/\" \/>\n<meta property=\"og:locale\" content=\"fr_FR\" \/>\n<meta property=\"og:type\" content=\"article\" \/>\n<meta property=\"og:title\" content=\"Foundry Coke\" \/>\n<meta property=\"og:description\" content=\"Foundry coke is used exclusively in the iron and steel industries to cast metals. High quality foundry coke for sale at best price.\" \/>\n<meta property=\"og:url\" content=\"https:\/\/jinsuncarbon.com\/fr\/produit-2\/coke-de-fonderie\/\" \/>\n<meta property=\"og:site_name\" content=\"Jinsun Carbon\" \/>\n<meta property=\"article:publisher\" content=\"https:\/\/www.facebook.com\/Graphite-Electrode-109336238661595\" \/>\n<meta property=\"article:modified_time\" content=\"2024-12-09T14:40:59+00:00\" \/>\n<meta property=\"og:image\" content=\"https:\/\/jinsuncarbon.com\/wp-content\/uploads\/2024\/12\/Foundry-coke.jpg\" \/>\n\t<meta property=\"og:image:width\" content=\"1024\" \/>\n\t<meta property=\"og:image:height\" content=\"763\" \/>\n\t<meta property=\"og:image:type\" content=\"image\/jpeg\" \/>\n<meta name=\"twitter:card\" content=\"summary_large_image\" \/>\n<meta name=\"twitter:site\" content=\"@jinsuncarbon_\" \/>\n<meta name=\"twitter:label1\" content=\"Dur\u00e9e de lecture estim\u00e9e\" \/>\n\t<meta name=\"twitter:data1\" content=\"4 minutes\" \/>\n<script type=\"application\/ld+json\" class=\"yoast-schema-graph\">{\"@context\":\"https:\/\/schema.org\",\"@graph\":[{\"@type\":\"WebPage\",\"@id\":\"https:\/\/jinsuncarbon.com\/product\/foundry-coke\/\",\"url\":\"https:\/\/jinsuncarbon.com\/product\/foundry-coke\/\",\"name\":\"Foundry Coke Supplier in China | Jinsun Carbon\",\"isPartOf\":{\"@id\":\"https:\/\/jinsuncarbon.com\/#website\"},\"primaryImageOfPage\":{\"@id\":\"https:\/\/jinsuncarbon.com\/product\/foundry-coke\/#primaryimage\"},\"image\":{\"@id\":\"https:\/\/jinsuncarbon.com\/product\/foundry-coke\/#primaryimage\"},\"thumbnailUrl\":\"https:\/\/jinsuncarbon.com\/wp-content\/uploads\/2024\/12\/Foundry-coke.jpg\",\"datePublished\":\"2024-12-09T11:35:45+00:00\",\"dateModified\":\"2024-12-09T14:40:59+00:00\",\"description\":\"Foundry coke is used exclusively in the iron and steel industries to cast metals. High quality foundry coke for sale at best price.\",\"breadcrumb\":{\"@id\":\"https:\/\/jinsuncarbon.com\/product\/foundry-coke\/#breadcrumb\"},\"inLanguage\":\"fr-FR\",\"potentialAction\":[{\"@type\":\"ReadAction\",\"target\":[\"https:\/\/jinsuncarbon.com\/product\/foundry-coke\/\"]}]},{\"@type\":\"ImageObject\",\"inLanguage\":\"fr-FR\",\"@id\":\"https:\/\/jinsuncarbon.com\/product\/foundry-coke\/#primaryimage\",\"url\":\"https:\/\/jinsuncarbon.com\/wp-content\/uploads\/2024\/12\/Foundry-coke.jpg\",\"contentUrl\":\"https:\/\/jinsuncarbon.com\/wp-content\/uploads\/2024\/12\/Foundry-coke.jpg\",\"width\":1024,\"height\":763,\"caption\":\"Foundry coke\"},{\"@type\":\"BreadcrumbList\",\"@id\":\"https:\/\/jinsuncarbon.com\/product\/foundry-coke\/#breadcrumb\",\"itemListElement\":[{\"@type\":\"ListItem\",\"position\":1,\"name\":\"Home\",\"item\":\"https:\/\/jinsuncarbon.com\/\"},{\"@type\":\"ListItem\",\"position\":2,\"name\":\"Products\",\"item\":\"https:\/\/jinsuncarbon.com\/graphite-carbon\/\"},{\"@type\":\"ListItem\",\"position\":3,\"name\":\"Foundry Coke\"}]},{\"@type\":\"WebSite\",\"@id\":\"https:\/\/jinsuncarbon.com\/#website\",\"url\":\"https:\/\/jinsuncarbon.com\/\",\"name\":\"Jinsun Carbon\",\"description\":\"We are the successful graphite electrode manufacturer in China\",\"publisher\":{\"@id\":\"https:\/\/jinsuncarbon.com\/#organization\"},\"potentialAction\":[{\"@type\":\"SearchAction\",\"target\":{\"@type\":\"EntryPoint\",\"urlTemplate\":\"https:\/\/jinsuncarbon.com\/?s={search_term_string}\"},\"query-input\":{\"@type\":\"PropertyValueSpecification\",\"valueRequired\":true,\"valueName\":\"search_term_string\"}}],\"inLanguage\":\"fr-FR\"},{\"@type\":\"Organization\",\"@id\":\"https:\/\/jinsuncarbon.com\/#organization\",\"name\":\"Jinsun Carbon\",\"alternateName\":\"Jinsun Carbon\",\"url\":\"https:\/\/jinsuncarbon.com\/\",\"logo\":{\"@type\":\"ImageObject\",\"inLanguage\":\"fr-FR\",\"@id\":\"https:\/\/jinsuncarbon.com\/#\/schema\/logo\/image\/\",\"url\":\"https:\/\/jinsuncarbon.com\/wp-content\/uploads\/2022\/12\/LOGO-1.png\",\"contentUrl\":\"https:\/\/jinsuncarbon.com\/wp-content\/uploads\/2022\/12\/LOGO-1.png\",\"width\":207,\"height\":80,\"caption\":\"Jinsun Carbon\"},\"image\":{\"@id\":\"https:\/\/jinsuncarbon.com\/#\/schema\/logo\/image\/\"},\"sameAs\":[\"https:\/\/www.facebook.com\/Graphite-Electrode-109336238661595\",\"https:\/\/x.com\/jinsuncarbon_\",\"https:\/\/www.linkedin.com\/in\/jinsungraphite\",\"https:\/\/www.youtube.com\/channel\/UCysDNyvyR5-3cCWEmpkVC0g\"]}]}<\/script>\n<!-- \/ Yoast SEO Premium plugin. -->","yoast_head_json":{"title":"Fournisseur de coke de fonderie en Chine | Jinsun Carbon","description":"Le coke de fonderie est utilis\u00e9 exclusivement dans les industries du fer et de l'acier pour couler les m\u00e9taux. Coke de fonderie de haute qualit\u00e9 \u00e0 vendre au meilleur prix.","robots":{"index":"index","follow":"follow","max-snippet":"max-snippet:-1","max-image-preview":"max-image-preview:large","max-video-preview":"max-video-preview:-1"},"canonical":"https:\/\/jinsuncarbon.com\/fr\/produit-2\/coke-de-fonderie\/","og_locale":"fr_FR","og_type":"article","og_title":"Foundry Coke","og_description":"Foundry coke is used exclusively in the iron and steel industries to cast metals. High quality foundry coke for sale at best price.","og_url":"https:\/\/jinsuncarbon.com\/fr\/produit-2\/coke-de-fonderie\/","og_site_name":"Jinsun Carbon","article_publisher":"https:\/\/www.facebook.com\/Graphite-Electrode-109336238661595","article_modified_time":"2024-12-09T14:40:59+00:00","og_image":[{"width":1024,"height":763,"url":"https:\/\/jinsuncarbon.com\/wp-content\/uploads\/2024\/12\/Foundry-coke.jpg","type":"image\/jpeg"}],"twitter_card":"summary_large_image","twitter_site":"@jinsuncarbon_","twitter_misc":{"Dur\u00e9e de lecture estim\u00e9e":"4 minutes"},"schema":{"@context":"https:\/\/schema.org","@graph":[{"@type":"WebPage","@id":"https:\/\/jinsuncarbon.com\/product\/foundry-coke\/","url":"https:\/\/jinsuncarbon.com\/product\/foundry-coke\/","name":"Fournisseur de coke de fonderie en Chine | Jinsun Carbon","isPartOf":{"@id":"https:\/\/jinsuncarbon.com\/#website"},"primaryImageOfPage":{"@id":"https:\/\/jinsuncarbon.com\/product\/foundry-coke\/#primaryimage"},"image":{"@id":"https:\/\/jinsuncarbon.com\/product\/foundry-coke\/#primaryimage"},"thumbnailUrl":"https:\/\/jinsuncarbon.com\/wp-content\/uploads\/2024\/12\/Foundry-coke.jpg","datePublished":"2024-12-09T11:35:45+00:00","dateModified":"2024-12-09T14:40:59+00:00","description":"Le coke de fonderie est utilis\u00e9 exclusivement dans les industries du fer et de l'acier pour couler les m\u00e9taux. Coke de fonderie de haute qualit\u00e9 \u00e0 vendre au meilleur prix.","breadcrumb":{"@id":"https:\/\/jinsuncarbon.com\/product\/foundry-coke\/#breadcrumb"},"inLanguage":"fr-FR","potentialAction":[{"@type":"ReadAction","target":["https:\/\/jinsuncarbon.com\/product\/foundry-coke\/"]}]},{"@type":"ImageObject","inLanguage":"fr-FR","@id":"https:\/\/jinsuncarbon.com\/product\/foundry-coke\/#primaryimage","url":"https:\/\/jinsuncarbon.com\/wp-content\/uploads\/2024\/12\/Foundry-coke.jpg","contentUrl":"https:\/\/jinsuncarbon.com\/wp-content\/uploads\/2024\/12\/Foundry-coke.jpg","width":1024,"height":763,"caption":"Foundry coke"},{"@type":"BreadcrumbList","@id":"https:\/\/jinsuncarbon.com\/product\/foundry-coke\/#breadcrumb","itemListElement":[{"@type":"ListItem","position":1,"name":"Home","item":"https:\/\/jinsuncarbon.com\/"},{"@type":"ListItem","position":2,"name":"Products","item":"https:\/\/jinsuncarbon.com\/graphite-carbon\/"},{"@type":"ListItem","position":3,"name":"Foundry Coke"}]},{"@type":"WebSite","@id":"https:\/\/jinsuncarbon.com\/#website","url":"https:\/\/jinsuncarbon.com\/","name":"Jinsun Carbon","description":"Nous sommes le fabricant d'\u00e9lectrodes en graphite le plus performant de Chine.","publisher":{"@id":"https:\/\/jinsuncarbon.com\/#organization"},"potentialAction":[{"@type":"SearchAction","target":{"@type":"EntryPoint","urlTemplate":"https:\/\/jinsuncarbon.com\/?s={search_term_string}"},"query-input":{"@type":"PropertyValueSpecification","valueRequired":true,"valueName":"search_term_string"}}],"inLanguage":"fr-FR"},{"@type":"Organization","@id":"https:\/\/jinsuncarbon.com\/#organization","name":"Jinsun Carbon","alternateName":"Jinsun Carbon","url":"https:\/\/jinsuncarbon.com\/","logo":{"@type":"ImageObject","inLanguage":"fr-FR","@id":"https:\/\/jinsuncarbon.com\/#\/schema\/logo\/image\/","url":"https:\/\/jinsuncarbon.com\/wp-content\/uploads\/2022\/12\/LOGO-1.png","contentUrl":"https:\/\/jinsuncarbon.com\/wp-content\/uploads\/2022\/12\/LOGO-1.png","width":207,"height":80,"caption":"Jinsun Carbon"},"image":{"@id":"https:\/\/jinsuncarbon.com\/#\/schema\/logo\/image\/"},"sameAs":["https:\/\/www.facebook.com\/Graphite-Electrode-109336238661595","https:\/\/x.com\/jinsuncarbon_","https:\/\/www.linkedin.com\/in\/jinsungraphite","https:\/\/www.youtube.com\/channel\/UCysDNyvyR5-3cCWEmpkVC0g"]}]}},"_links":{"self":[{"href":"https:\/\/jinsuncarbon.com\/fr\/wp-json\/wp\/v2\/product\/6972","targetHints":{"allow":["GET"]}}],"collection":[{"href":"https:\/\/jinsuncarbon.com\/fr\/wp-json\/wp\/v2\/product"}],"about":[{"href":"https:\/\/jinsuncarbon.com\/fr\/wp-json\/wp\/v2\/types\/product"}],"wp:featuredmedia":[{"embeddable":true,"href":"https:\/\/jinsuncarbon.com\/fr\/wp-json\/wp\/v2\/media\/6974"}],"wp:attachment":[{"href":"https:\/\/jinsuncarbon.com\/fr\/wp-json\/wp\/v2\/media?parent=6972"}],"wp:term":[{"taxonomy":"product_brand","embeddable":true,"href":"https:\/\/jinsuncarbon.com\/fr\/wp-json\/wp\/v2\/product_brand?post=6972"},{"taxonomy":"product_cat","embeddable":true,"href":"https:\/\/jinsuncarbon.com\/fr\/wp-json\/wp\/v2\/product_cat?post=6972"},{"taxonomy":"product_tag","embeddable":true,"href":"https:\/\/jinsuncarbon.com\/fr\/wp-json\/wp\/v2\/product_tag?post=6972"}],"curies":[{"name":"wp","href":"https:\/\/api.w.org\/{rel}","templated":true}]}}