{"id":6950,"date":"2024-12-08T14:57:46","date_gmt":"2024-12-08T14:57:46","guid":{"rendered":"https:\/\/jinsuncarbon.com\/?post_type=product&#038;p=6950"},"modified":"2024-12-09T14:48:29","modified_gmt":"2024-12-09T14:48:29","slug":"feuille-de-graphite-2","status":"publish","type":"product","link":"https:\/\/jinsuncarbon.com\/fr\/produit-2\/feuille-de-graphite-2\/","title":{"rendered":"Feuille de graphite"},"content":{"rendered":"<h2 class=\"ql-align-justify\">Fournisseurs de feuilles de graphite<\/h2>\n<h3 class=\"ql-align-justify\">Class\u00e9s par puret\u00e9<\/h3>\n<p class=\"ql-align-justify\">Feuilles de graphite de puret\u00e9 standard. La teneur en carbone est g\u00e9n\u00e9ralement d'environ 99%.\u00a0<span data-type=\"2\" data-index=\"3\" data-gid=\"1\">Vous pouvez utiliser ce type de feuille de graphite pour r\u00e9pondre aux besoins de la plupart des applications industrielles courantes.<\/span>\u00a0Le co\u00fbt est relativement raisonnable et convient \u00e0 la gestion thermique g\u00e9n\u00e9rale et aux sc\u00e9narios d'\u00e9tanch\u00e9it\u00e9 m\u00e9canique.<\/p>\n<p class=\"ql-align-justify\">Feuille de graphite de haute puret\u00e9. La teneur en carbone atteint environ 99,51 TTP3T, parfois \u00e9galement connue sous le nom de feuille de graphite de qualit\u00e9 nucl\u00e9aire. Vous pouvez utiliser cette feuille de graphite de haute puret\u00e9 dans des environnements o\u00f9 la puret\u00e9 est essentielle. Par exemple, comme mod\u00e9rateur de neutrons ou comme mat\u00e9riau r\u00e9flecteur dans l'industrie nucl\u00e9aire.<\/p>\n<h3 class=\"ql-align-justify\">Classification par forme<\/h3>\n<p class=\"ql-align-justify\">Feuilles de graphite en paillettes. Il s'agit d'une forme plus courante, r\u00e9guli\u00e8re, facile \u00e0 d\u00e9couper et \u00e0 traiter. Elle convient \u00e0 la fabrication de dissipateurs thermiques ou de petits joints d'\u00e9tanch\u00e9it\u00e9 pour les petits appareils \u00e9lectroniques. Nous pouvons d\u00e9couper directement la feuille de graphite lamellaire en fonction des exigences de taille sp\u00e9cifiques afin de r\u00e9pondre aux exigences de forme et de taille sp\u00e9cifiques.<\/p>\n<p class=\"ql-align-justify\"><span data-type=\"2\" data-index=\"5\" data-gid=\"2\">Disque en feuille de graphite.<\/span> Cette forme convient \u00e0 certaines applications qui n\u00e9cessitent un enroulement ou un bobinage. Elle peut \u00eatre facilement enroul\u00e9e, tout en conservant ses propri\u00e9t\u00e9s thermiques et d'isolation qui garantissent un fonctionnement stable de la bobine.<\/p>\n<p class=\"ql-align-justify\">Feuilles de graphite roul\u00e9es. Elles sont faciles \u00e0 stocker, \u00e0 transporter et \u00e0 utiliser \u00e0 grande \u00e9chelle. Dans la production industrielle, si un grand nombre de feuilles de graphite est n\u00e9cessaire, les feuilles de graphite lamin\u00e9es peuvent \u00eatre efficacement converties en produits finaux gr\u00e2ce \u00e0 des m\u00e9thodes de traitement en continu.<\/p>\n<h2 class=\"ql-align-justify\">Utilisations de la feuille de graphite<\/h2>\n<p class=\"ql-align-justify\"><strong>Domaine \u00e9lectronique et \u00e9lectrique<\/strong><\/p>\n<p class=\"ql-align-justify\">Dissipation de la chaleur. Les \u00e9quipements \u00e9lectroniques g\u00e9n\u00e8rent beaucoup de chaleur pendant leur fonctionnement. Les feuilles de graphite ont une conductivit\u00e9 thermique \u00e9lev\u00e9e. Elle peut \u00e9vacuer rapidement la chaleur, r\u00e9duire efficacement la temp\u00e9rature de l'\u00e9quipement, am\u00e9liorer les performances et la stabilit\u00e9.<\/p>\n<p class=\"ql-align-justify\"><strong>Champ \u00e9nerg\u00e9tique<\/strong><\/p>\n<p class=\"ql-align-justify\">Piles \u00e0 combustible.  Elles servent \u00e9galement de support aux \u00e9lectrodes \u00e0 membrane.<\/p>\n<p class=\"ql-align-justify\">Cellules solaires. \u00c9lectrodes ou collecteurs de fluides pouvant \u00eatre utilis\u00e9s pour les cellules solaires. Sa bonne conductivit\u00e9 \u00e9lectrique et sa stabilit\u00e9 chimique contribuent \u00e0 am\u00e9liorer l'efficacit\u00e9 de la conversion photo\u00e9lectrique et la stabilit\u00e9 des cellules solaires.<\/p>\n<p class=\"ql-align-justify\"><strong>Industrie m\u00e9canique<\/strong><\/p>\n<p class=\"ql-align-justify\">Mat\u00e9riau d'\u00e9tanch\u00e9it\u00e9. Il poss\u00e8de une excellente flexibilit\u00e9, une r\u00e9sistance \u00e0 la corrosion et une stabilit\u00e9 \u00e0 haute temp\u00e9rature. La feuille de graphite est le mat\u00e9riau id\u00e9al pour la fabrication de joints m\u00e9caniques, de garnitures d'\u00e9tanch\u00e9it\u00e9. Elle est largement utilis\u00e9e dans les secteurs de l'automobile, du p\u00e9trole, de la chimie, du papier et d'autres industries pour l'\u00e9tanch\u00e9it\u00e9 des tuyaux, des pompes, des vannes et d'autres \u00e9quipements. Elle peut en effet emp\u00eacher efficacement les fuites de liquides et de gaz.<\/p>\n<p class=\"ql-align-justify\">Mat\u00e9riau lubrifiant. La structure en couches de la feuille de graphite lui conf\u00e8re un faible coefficient de frottement. Elle peut \u00eatre utilis\u00e9e comme mat\u00e9riau solide <a href=\"https:\/\/en.wikipedia.org\/wiki\/Lubricant\" target=\"_blank\" rel=\"noopener\">lubrifiant<\/a> pour la lubrification des pi\u00e8ces m\u00e9caniques, la r\u00e9duction des frottements et de l'usure, l'am\u00e9lioration de l'efficacit\u00e9 m\u00e9canique.<\/p>\n<p class=\"ql-align-justify\"><strong>Industrie chimique<\/strong><\/p>\n<p class=\"ql-align-justify\">Rev\u00eatement anticorrosion. Il peut \u00eatre utilis\u00e9 comme mat\u00e9riau de rev\u00eatement des conteneurs de produits chimiques, des r\u00e9acteurs, etc. Il emp\u00eache le milieu corrosif contenu dans le conteneur de corroder l'\u00e9quipement et prolonge la dur\u00e9e de vie de l'\u00e9quipement.<\/p>\n<p class=\"ql-align-justify\">\u00c9lectrode de cellule \u00e9lectrolytique. Dans le processus \u00e9lectrolytique, la feuille de graphite, en tant qu'\u00e9lectrode de cellule \u00e9lectrolytique, est utilis\u00e9e pour la fabrication des \u00e9lectrodes. <a href=\"https:\/\/jinsuncarbon.com\/fr\/produit-2\/electrode-a-tige-en-graphite\/\">\u00e9lectrode<\/a> peut r\u00e9sister \u00e0 des temp\u00e9ratures \u00e9lev\u00e9es, \u00e0 des acides et alcalins forts et \u00e0 d'autres environnements difficiles. Cela permet d'am\u00e9liorer l'efficacit\u00e9 de l'\u00e9lectrolyse et la qualit\u00e9 du produit.<\/p>\n<h2 class=\"ql-align-justify\">Avantages du graphite flexible<\/h2>\n<p class=\"ql-align-justify\">En g\u00e9n\u00e9ral, la feuille de graphite a la forme d'un flocon, d'un disque ou d'un rouleau. Ses avantages sont consid\u00e9rables.<\/p>\n<p class=\"ql-align-justify\">Avec une stabilit\u00e9 thermique sup\u00e9rieure, il peut \u00eatre stable dans une large gamme de temp\u00e9rature de -200\u00b0C \u00e0 environ 450\u00b0C ; La surface est hautement r\u00e9fl\u00e9chissante et constitue une excellente barri\u00e8re thermique ; Les propri\u00e9t\u00e9s chimiques sont inertes ; Faible coefficient de friction, peut \u00eatre utilis\u00e9 comme feuille autolubrifiante ; Facile \u00e0 fa\u00e7onner ou \u00e0 d\u00e9couper ; Hautement durable ;<\/p>\n<p class=\"ql-align-justify\">Les feuilles de graphite ont une excellente conductivit\u00e9 thermique, ce qui leur permet d'\u00e9vacuer rapidement la chaleur. Cette caract\u00e9ristique est essentielle dans de nombreux <a href=\"https:\/\/en.wikipedia.org\/wiki\/Thermal_management_(electronics)\" target=\"_blank\" rel=\"noopener\">gestion thermique<\/a> applications. La bonne conductivit\u00e9 de la feuille de graphite en fait \u00e9galement une application potentielle dans les domaines de l'\u00e9lectronique et de l'\u00e9lectricit\u00e9. Par exemple, dans certaines pi\u00e8ces qui doivent conduire l'\u00e9lectricit\u00e9 et la chaleur comme un mat\u00e9riau id\u00e9al.<\/p>\n<p class=\"ql-align-justify\">En ce qui concerne les machines, les roulements \u00e0 feuilles de graphite tirent parti de leur faible coefficient de frottement et de leurs caract\u00e9ristiques autolubrifiantes. Cela permet de r\u00e9duire les pertes par frottement, d'allonger la dur\u00e9e de vie des \u00e9quipements et d'am\u00e9liorer l'efficacit\u00e9 op\u00e9rationnelle.<\/p>","protected":false},"excerpt":{"rendered":"<p>La feuille de graphite, \u00e9galement connue sous le nom de graphite mou, est une feuille extr\u00eamement fine fabriqu\u00e9e \u00e0 partir d'un mat\u00e9riau de graphite de haute puret\u00e9. Elle est \u00e9galement connue sous le nom de graphite expansible. Gr\u00e2ce \u00e0 ses propri\u00e9t\u00e9s thermiques, chimiques, \u00e9lectriques et de frottement uniques, il convient parfaitement \u00e0 un large \u00e9ventail d'applications industrielles modernes. Il s'agit d'un mat\u00e9riau solide et durable qui convient parfaitement aux besoins dynamiques.<\/p>","protected":false},"featured_media":6967,"template":"","meta":[],"product_brand":[],"product_cat":[38],"product_tag":[],"class_list":{"0":"post-6950","1":"product","2":"type-product","3":"status-publish","4":"has-post-thumbnail","6":"product_cat-graphite-products","8":"first","9":"instock","10":"shipping-taxable","11":"product-type-simple"},"yoast_head":"<!-- This site is optimized with the Yoast SEO Premium plugin v19.2.1 (Yoast SEO v25.3) - https:\/\/yoast.com\/wordpress\/plugins\/seo\/ -->\n<title>Graphite Foil Manufacturer in China - Best Prices<\/title>\n<meta name=\"description\" content=\"Graphite foil, also known as soft graphite, is an extremely thin sheet made of a high-purity graphite material. Graphite Foil Suppliers offers the best prices.\" \/>\n<meta name=\"robots\" content=\"index, follow, max-snippet:-1, max-image-preview:large, max-video-preview:-1\" \/>\n<link rel=\"canonical\" href=\"https:\/\/jinsuncarbon.com\/fr\/produit-2\/feuille-de-graphite-2\/\" \/>\n<meta property=\"og:locale\" content=\"fr_FR\" \/>\n<meta property=\"og:type\" content=\"article\" \/>\n<meta property=\"og:title\" content=\"Graphite Foil\" \/>\n<meta property=\"og:description\" content=\"Graphite foil, also known as soft graphite, is an extremely thin sheet made of a high-purity graphite material. Graphite Foil Suppliers offers the best prices.\" \/>\n<meta property=\"og:url\" content=\"https:\/\/jinsuncarbon.com\/fr\/produit-2\/feuille-de-graphite-2\/\" \/>\n<meta property=\"og:site_name\" content=\"Jinsun Carbon\" \/>\n<meta property=\"article:publisher\" content=\"https:\/\/www.facebook.com\/Graphite-Electrode-109336238661595\" \/>\n<meta property=\"article:modified_time\" content=\"2024-12-09T14:48:29+00:00\" \/>\n<meta property=\"og:image\" content=\"https:\/\/jinsuncarbon.com\/wp-content\/uploads\/2024\/12\/Graphite-Foil-1.jpg\" \/>\n\t<meta property=\"og:image:width\" content=\"1024\" \/>\n\t<meta property=\"og:image:height\" content=\"763\" \/>\n\t<meta property=\"og:image:type\" content=\"image\/jpeg\" \/>\n<meta name=\"twitter:card\" content=\"summary_large_image\" \/>\n<meta name=\"twitter:site\" content=\"@jinsuncarbon_\" \/>\n<meta name=\"twitter:label1\" content=\"Dur\u00e9e de lecture estim\u00e9e\" \/>\n\t<meta name=\"twitter:data1\" content=\"4 minutes\" \/>\n<script type=\"application\/ld+json\" class=\"yoast-schema-graph\">{\"@context\":\"https:\/\/schema.org\",\"@graph\":[{\"@type\":\"WebPage\",\"@id\":\"https:\/\/jinsuncarbon.com\/product\/graphite-foil\/\",\"url\":\"https:\/\/jinsuncarbon.com\/product\/graphite-foil\/\",\"name\":\"Graphite Foil Manufacturer in China - Best Prices\",\"isPartOf\":{\"@id\":\"https:\/\/jinsuncarbon.com\/#website\"},\"primaryImageOfPage\":{\"@id\":\"https:\/\/jinsuncarbon.com\/product\/graphite-foil\/#primaryimage\"},\"image\":{\"@id\":\"https:\/\/jinsuncarbon.com\/product\/graphite-foil\/#primaryimage\"},\"thumbnailUrl\":\"https:\/\/jinsuncarbon.com\/wp-content\/uploads\/2024\/12\/Graphite-Foil-1.jpg\",\"datePublished\":\"2024-12-08T14:57:46+00:00\",\"dateModified\":\"2024-12-09T14:48:29+00:00\",\"description\":\"Graphite foil, also known as soft graphite, is an extremely thin sheet made of a high-purity graphite material. Graphite Foil Suppliers offers the best prices.\",\"breadcrumb\":{\"@id\":\"https:\/\/jinsuncarbon.com\/product\/graphite-foil\/#breadcrumb\"},\"inLanguage\":\"fr-FR\",\"potentialAction\":[{\"@type\":\"ReadAction\",\"target\":[\"https:\/\/jinsuncarbon.com\/product\/graphite-foil\/\"]}]},{\"@type\":\"ImageObject\",\"inLanguage\":\"fr-FR\",\"@id\":\"https:\/\/jinsuncarbon.com\/product\/graphite-foil\/#primaryimage\",\"url\":\"https:\/\/jinsuncarbon.com\/wp-content\/uploads\/2024\/12\/Graphite-Foil-1.jpg\",\"contentUrl\":\"https:\/\/jinsuncarbon.com\/wp-content\/uploads\/2024\/12\/Graphite-Foil-1.jpg\",\"width\":1024,\"height\":763,\"caption\":\"Graphite Foil\"},{\"@type\":\"BreadcrumbList\",\"@id\":\"https:\/\/jinsuncarbon.com\/product\/graphite-foil\/#breadcrumb\",\"itemListElement\":[{\"@type\":\"ListItem\",\"position\":1,\"name\":\"Home\",\"item\":\"https:\/\/jinsuncarbon.com\/\"},{\"@type\":\"ListItem\",\"position\":2,\"name\":\"Products\",\"item\":\"https:\/\/jinsuncarbon.com\/graphite-carbon\/\"},{\"@type\":\"ListItem\",\"position\":3,\"name\":\"Graphite Foil\"}]},{\"@type\":\"WebSite\",\"@id\":\"https:\/\/jinsuncarbon.com\/#website\",\"url\":\"https:\/\/jinsuncarbon.com\/\",\"name\":\"Jinsun Carbon\",\"description\":\"We are the successful graphite electrode manufacturer in China\",\"publisher\":{\"@id\":\"https:\/\/jinsuncarbon.com\/#organization\"},\"potentialAction\":[{\"@type\":\"SearchAction\",\"target\":{\"@type\":\"EntryPoint\",\"urlTemplate\":\"https:\/\/jinsuncarbon.com\/?s={search_term_string}\"},\"query-input\":{\"@type\":\"PropertyValueSpecification\",\"valueRequired\":true,\"valueName\":\"search_term_string\"}}],\"inLanguage\":\"fr-FR\"},{\"@type\":\"Organization\",\"@id\":\"https:\/\/jinsuncarbon.com\/#organization\",\"name\":\"Jinsun Carbon\",\"alternateName\":\"Jinsun Carbon\",\"url\":\"https:\/\/jinsuncarbon.com\/\",\"logo\":{\"@type\":\"ImageObject\",\"inLanguage\":\"fr-FR\",\"@id\":\"https:\/\/jinsuncarbon.com\/#\/schema\/logo\/image\/\",\"url\":\"https:\/\/jinsuncarbon.com\/wp-content\/uploads\/2022\/12\/LOGO-1.png\",\"contentUrl\":\"https:\/\/jinsuncarbon.com\/wp-content\/uploads\/2022\/12\/LOGO-1.png\",\"width\":207,\"height\":80,\"caption\":\"Jinsun Carbon\"},\"image\":{\"@id\":\"https:\/\/jinsuncarbon.com\/#\/schema\/logo\/image\/\"},\"sameAs\":[\"https:\/\/www.facebook.com\/Graphite-Electrode-109336238661595\",\"https:\/\/x.com\/jinsuncarbon_\",\"https:\/\/www.linkedin.com\/in\/jinsungraphite\",\"https:\/\/www.youtube.com\/channel\/UCysDNyvyR5-3cCWEmpkVC0g\"]}]}<\/script>\n<!-- \/ Yoast SEO Premium plugin. -->","yoast_head_json":{"title":"Feuilles de graphite en Chine - Meilleurs prix","description":"La feuille de graphite, \u00e9galement connue sous le nom de graphite mou, est une feuille extr\u00eamement fine fabriqu\u00e9e \u00e0 partir d'un mat\u00e9riau de graphite de haute puret\u00e9. Les fournisseurs de feuilles de graphite offrent les meilleurs prix.","robots":{"index":"index","follow":"follow","max-snippet":"max-snippet:-1","max-image-preview":"max-image-preview:large","max-video-preview":"max-video-preview:-1"},"canonical":"https:\/\/jinsuncarbon.com\/fr\/produit-2\/feuille-de-graphite-2\/","og_locale":"fr_FR","og_type":"article","og_title":"Graphite Foil","og_description":"Graphite foil, also known as soft graphite, is an extremely thin sheet made of a high-purity graphite material. Graphite Foil Suppliers offers the best prices.","og_url":"https:\/\/jinsuncarbon.com\/fr\/produit-2\/feuille-de-graphite-2\/","og_site_name":"Jinsun Carbon","article_publisher":"https:\/\/www.facebook.com\/Graphite-Electrode-109336238661595","article_modified_time":"2024-12-09T14:48:29+00:00","og_image":[{"width":1024,"height":763,"url":"https:\/\/jinsuncarbon.com\/wp-content\/uploads\/2024\/12\/Graphite-Foil-1.jpg","type":"image\/jpeg"}],"twitter_card":"summary_large_image","twitter_site":"@jinsuncarbon_","twitter_misc":{"Dur\u00e9e de lecture estim\u00e9e":"4 minutes"},"schema":{"@context":"https:\/\/schema.org","@graph":[{"@type":"WebPage","@id":"https:\/\/jinsuncarbon.com\/product\/graphite-foil\/","url":"https:\/\/jinsuncarbon.com\/product\/graphite-foil\/","name":"Feuilles de graphite en Chine - Meilleurs prix","isPartOf":{"@id":"https:\/\/jinsuncarbon.com\/#website"},"primaryImageOfPage":{"@id":"https:\/\/jinsuncarbon.com\/product\/graphite-foil\/#primaryimage"},"image":{"@id":"https:\/\/jinsuncarbon.com\/product\/graphite-foil\/#primaryimage"},"thumbnailUrl":"https:\/\/jinsuncarbon.com\/wp-content\/uploads\/2024\/12\/Graphite-Foil-1.jpg","datePublished":"2024-12-08T14:57:46+00:00","dateModified":"2024-12-09T14:48:29+00:00","description":"La feuille de graphite, \u00e9galement connue sous le nom de graphite mou, est une feuille extr\u00eamement fine fabriqu\u00e9e \u00e0 partir d'un mat\u00e9riau de graphite de haute puret\u00e9. Les fournisseurs de feuilles de graphite offrent les meilleurs prix.","breadcrumb":{"@id":"https:\/\/jinsuncarbon.com\/product\/graphite-foil\/#breadcrumb"},"inLanguage":"fr-FR","potentialAction":[{"@type":"ReadAction","target":["https:\/\/jinsuncarbon.com\/product\/graphite-foil\/"]}]},{"@type":"ImageObject","inLanguage":"fr-FR","@id":"https:\/\/jinsuncarbon.com\/product\/graphite-foil\/#primaryimage","url":"https:\/\/jinsuncarbon.com\/wp-content\/uploads\/2024\/12\/Graphite-Foil-1.jpg","contentUrl":"https:\/\/jinsuncarbon.com\/wp-content\/uploads\/2024\/12\/Graphite-Foil-1.jpg","width":1024,"height":763,"caption":"Graphite Foil"},{"@type":"BreadcrumbList","@id":"https:\/\/jinsuncarbon.com\/product\/graphite-foil\/#breadcrumb","itemListElement":[{"@type":"ListItem","position":1,"name":"Home","item":"https:\/\/jinsuncarbon.com\/"},{"@type":"ListItem","position":2,"name":"Products","item":"https:\/\/jinsuncarbon.com\/graphite-carbon\/"},{"@type":"ListItem","position":3,"name":"Graphite Foil"}]},{"@type":"WebSite","@id":"https:\/\/jinsuncarbon.com\/#website","url":"https:\/\/jinsuncarbon.com\/","name":"Jinsun Carbon","description":"Nous sommes le fabricant d'\u00e9lectrodes en graphite le plus performant de Chine.","publisher":{"@id":"https:\/\/jinsuncarbon.com\/#organization"},"potentialAction":[{"@type":"SearchAction","target":{"@type":"EntryPoint","urlTemplate":"https:\/\/jinsuncarbon.com\/?s={search_term_string}"},"query-input":{"@type":"PropertyValueSpecification","valueRequired":true,"valueName":"search_term_string"}}],"inLanguage":"fr-FR"},{"@type":"Organization","@id":"https:\/\/jinsuncarbon.com\/#organization","name":"Jinsun Carbon","alternateName":"Jinsun Carbon","url":"https:\/\/jinsuncarbon.com\/","logo":{"@type":"ImageObject","inLanguage":"fr-FR","@id":"https:\/\/jinsuncarbon.com\/#\/schema\/logo\/image\/","url":"https:\/\/jinsuncarbon.com\/wp-content\/uploads\/2022\/12\/LOGO-1.png","contentUrl":"https:\/\/jinsuncarbon.com\/wp-content\/uploads\/2022\/12\/LOGO-1.png","width":207,"height":80,"caption":"Jinsun Carbon"},"image":{"@id":"https:\/\/jinsuncarbon.com\/#\/schema\/logo\/image\/"},"sameAs":["https:\/\/www.facebook.com\/Graphite-Electrode-109336238661595","https:\/\/x.com\/jinsuncarbon_","https:\/\/www.linkedin.com\/in\/jinsungraphite","https:\/\/www.youtube.com\/channel\/UCysDNyvyR5-3cCWEmpkVC0g"]}]}},"_links":{"self":[{"href":"https:\/\/jinsuncarbon.com\/fr\/wp-json\/wp\/v2\/product\/6950","targetHints":{"allow":["GET"]}}],"collection":[{"href":"https:\/\/jinsuncarbon.com\/fr\/wp-json\/wp\/v2\/product"}],"about":[{"href":"https:\/\/jinsuncarbon.com\/fr\/wp-json\/wp\/v2\/types\/product"}],"wp:featuredmedia":[{"embeddable":true,"href":"https:\/\/jinsuncarbon.com\/fr\/wp-json\/wp\/v2\/media\/6967"}],"wp:attachment":[{"href":"https:\/\/jinsuncarbon.com\/fr\/wp-json\/wp\/v2\/media?parent=6950"}],"wp:term":[{"taxonomy":"product_brand","embeddable":true,"href":"https:\/\/jinsuncarbon.com\/fr\/wp-json\/wp\/v2\/product_brand?post=6950"},{"taxonomy":"product_cat","embeddable":true,"href":"https:\/\/jinsuncarbon.com\/fr\/wp-json\/wp\/v2\/product_cat?post=6950"},{"taxonomy":"product_tag","embeddable":true,"href":"https:\/\/jinsuncarbon.com\/fr\/wp-json\/wp\/v2\/product_tag?post=6950"}],"curies":[{"name":"wp","href":"https:\/\/api.w.org\/{rel}","templated":true}]}}