{"id":6931,"date":"2024-12-05T15:02:51","date_gmt":"2024-12-05T15:02:51","guid":{"rendered":"https:\/\/jinsuncarbon.com\/?post_type=product&#038;p=6931"},"modified":"2024-12-09T14:53:40","modified_gmt":"2024-12-09T14:53:40","slug":"fibre-de-carbone","status":"publish","type":"product","link":"https:\/\/jinsuncarbon.com\/fr\/produit-2\/fibre-de-carbone\/","title":{"rendered":"Fibre de carbone"},"content":{"rendered":"<h2>Composition et propri\u00e9t\u00e9s des fibres de carbone<\/h2>\n<p>La fibre de carbone est une sorte de mat\u00e9riau fibreux \u00e0 haute performance dont l'\u00e9l\u00e9ment principal est le carbone.<\/p>\n<ul>\n<li>Haute r\u00e9sistance<\/li>\n<\/ul>\n<p>Cette r\u00e9sistance \u00e9lev\u00e9e est due \u00e0 sa microstructure unique. Sa structure serr\u00e9e lui permet de r\u00e9sister \u00e0 d'\u00e9normes forces externes sans se briser facilement. En termes de compression de la fibre de carbone, bien que ses performances en compression soient l\u00e9g\u00e8rement inf\u00e9rieures \u00e0 celles en traction, elle fait toujours preuve d'une bonne endurance, et la r\u00e9sistance \u00e0 la compression de la fibre de carbone compar\u00e9e \u00e0 celle de l'acier, dans la r\u00e9sistance sp\u00e9cifique (rapport r\u00e9sistance\/densit\u00e9) pr\u00e9sente un avantage significatif, dans l'a\u00e9rospatiale et dans d'autres domaines extr\u00eamement sensibles au poids du mat\u00e9riau, cette caract\u00e9ristique lui permet de se d\u00e9marquer.<\/p>\n<p>&nbsp;<\/p>\n<ul>\n<li>Faible densit\u00e9<\/li>\n<\/ul>\n<p>La densit\u00e9 de la fibre de carbone est d'environ 1,5-2,0 g\/cm\u00b3, soit seulement 1\/4-1\/5 de la densit\u00e9 de l'acier. La faible densit\u00e9 de la fibre de carbone est principalement due \u00e0 sa microstructure particuli\u00e8re. La fibre organique est carbonis\u00e9e \u00e0 haute temp\u00e9rature, ce qui permet d'\u00e9liminer un grand nombre d'\u00e9l\u00e9ments autres que le carbone, tels que l'hydrog\u00e8ne, l'oxyg\u00e8ne et l'azote, et de former des atomes de carbone. <a href=\"https:\/\/jinsuncarbon.com\/fr\/quest-ce-que-le-graphite-et-de-quoi-est-il-fait\/\">graphite<\/a>-Cette structure cristalline est dispos\u00e9e le long de l'axe de la fibre. Cette disposition conf\u00e8re \u00e0 la fibre de carbone \u00e0 la fois une grande r\u00e9sistance et une structure interne relativement l\u00e2che, avec un grand espacement entre les atomes et une majorit\u00e9 de fibres l\u00e9g\u00e8res. <a href=\"https:\/\/www.toppr.com\/guides\/chemistry\/carbon-and-its-compounds\/carbon\/#:~:text=The%20atomic%20number%20of%20carbon,to%20an%20almost%20unlimited%20degree.\" target=\"_blank\" rel=\"noopener\">atomes de carbone<\/a>La densit\u00e9 globale est donc faible.<\/p>\n<p>&nbsp;<\/p>\n<ul>\n<li>Bonne stabilit\u00e9 chimique<\/li>\n<\/ul>\n<p>La fibre de carbone a une bonne tol\u00e9rance aux produits chimiques g\u00e9n\u00e9raux, peut maintenir des performances stables dans une vari\u00e9t\u00e9 d'environnements chimiques tels que l'acide et l'alcali, et n'est pas facile \u00e0 provoquer des r\u00e9actions chimiques pour d\u00e9grader les performances, garantissant ainsi son travail fiable \u00e0 long terme dans des conditions complexes. Qu'il s'agisse d'un environnement marin humide ou d'un site industriel soumis \u00e0 la corrosion chimique, les produits en fibre de carbone peuvent conserver une int\u00e9grit\u00e9 structurelle et une stabilit\u00e9 de performance \u00e0 long terme.<\/p>\n<p>&nbsp;<\/p>\n<h2><strong>Fabrication de fibres de carbone<\/strong><\/h2>\n<p>Fibre de carbone<strong><b>\u00a0<\/b><\/strong>La fabrication est plus complexe et plus fine. La premi\u00e8re \u00e9tape est la pr\u00e9paration des mati\u00e8res premi\u00e8res, et les fibres de polyacrylonitrile (PAN) sont utilis\u00e9es comme pr\u00e9curseurs. Ensuite, un traitement de pr\u00e9-oxydation est effectu\u00e9, de sorte que la fibre est chauff\u00e9e dans l'air \u00e0 environ 200-300\u00b0C, formant une structure trap\u00e9zo\u00efdale stable \u00e0 la chaleur. Ensuite, on proc\u00e8de \u00e0 l'oxydation de la fibre. <a href=\"https:\/\/en.wikipedia.org\/wiki\/Carbonization\" target=\"_blank\" rel=\"noopener\">carbonisation<\/a> Dans le cadre de ce proc\u00e9d\u00e9, sous la protection d'un gaz inerte, la fibre pr\u00e9-oxyd\u00e9e est chauff\u00e9e \u00e0 1000-1500\u00b0C pour \u00e9liminer l'\u00e9l\u00e9ment carbone et former une fibre de carbone avec une teneur en carbone plus \u00e9lev\u00e9e. <a href=\"https:\/\/jinsuncarbon.com\/fr\/utilisations-du-carbone\/\">carbone<\/a> Il peut ensuite \u00eatre graphitis\u00e9 pour am\u00e9liorer encore la cristallinit\u00e9 et les propri\u00e9t\u00e9s des fibres. Il peut ensuite \u00eatre graphitis\u00e9 pour am\u00e9liorer encore la cristallinit\u00e9 et les propri\u00e9t\u00e9s des fibres.<\/p>\n<p>&nbsp;<\/p>\n<p>Au stade de la formation, le moulage par compression de la fibre de carbone est l'une des m\u00e9thodes couramment utilis\u00e9es, c'est-\u00e0-dire que la fibre de carbone, la r\u00e9sine et d'autres mat\u00e9riaux matriciels sont m\u00e9lang\u00e9s dans une certaine proportion, plac\u00e9s dans le moule et solidifi\u00e9s sous certaines conditions de pression et de temp\u00e9rature pour fabriquer des mat\u00e9riaux composites de diff\u00e9rentes formes, tels que des plaques, des tubes, etc. en fibre de carbone. Dans ce processus, le contr\u00f4le pr\u00e9cis de la pression, de la temp\u00e9rature, de la dur\u00e9e et d'autres param\u00e8tres est essentiel pour garantir la qualit\u00e9 du produit. Par cons\u00e9quent, lors de la s\u00e9lection de fibres de carbone de haute qualit\u00e9, les indicateurs de performance cl\u00e9s tels que la r\u00e9sistance \u00e0 la traction des fibres de carbone Mpa, la r\u00e9sistance \u00e0 la compression, le module d'\u00e9lasticit\u00e9 et la densit\u00e9 doivent \u00eatre pris en compte avec insistance.<\/p>\n<p>&nbsp;<\/p>\n<p>Si vous souhaitez en savoir plus sur la fibre de carbone, vos fournisseurs de fibre de carbone vous fourniront des explications et des conseils professionnels, ainsi qu'une multitude de conseils techniques. En outre, vous pouvez choisir parmi une large gamme de types de produits en fibre de carbone, tels que la fibre de carbone unidirectionnelle, la fibre de carbone tress\u00e9e, la fibre de carbone coup\u00e9e ou la fibre de carbone pr\u00e9impr\u00e9gn\u00e9e.<\/p>\n<p>&nbsp;<\/p>\n<p>&nbsp;<\/p>\n<h2>Applications des fibres de carbone<\/h2>\n<p>A\u00e9rospatiale<\/p>\n<p>La fibre de carbone peut \u00eatre utilis\u00e9e pour les ailes d'avion, les fuselages et d'autres composants structurels. Elle est l\u00e9g\u00e8re et tr\u00e8s r\u00e9sistante. Elle permet de r\u00e9duire le poids de l'avion, de r\u00e9pondre aux diverses exigences m\u00e9caniques pendant le vol, telles que la r\u00e9sistance \u00e0 la traction et \u00e0 la compression en vol, et d'am\u00e9liorer le rendement \u00e9nerg\u00e9tique.<\/p>\n<p>&nbsp;<\/p>\n<p>Industrie automobile<\/p>\n<p>La fibre de carbone peut \u00eatre utilis\u00e9e pour fabriquer des cadres de carrosserie, des composants, etc. L'utilisation de la fibre de carbone permet de r\u00e9duire efficacement le poids propre de la voiture, d'am\u00e9liorer les performances d'acc\u00e9l\u00e9ration et l'\u00e9conomie de carburant de la voiture, et lorsque le v\u00e9hicule est soumis \u00e0 des forces externes telles que des collisions, sa bonne r\u00e9sistance \u00e0 la compression peut fournir une certaine protection de s\u00e9curit\u00e9.<\/p>\n<p><strong><b>\u00a0<\/b><\/strong><\/p>\n<p>Articles de sport<\/p>\n<p>Le secteur des articles de sport est \u00e9galement indissociable de la fibre de carbone. Les raquettes de badminton, les raquettes de tennis et les clubs de golf haut de gamme sont fabriqu\u00e9s en fibre de carbone. La fibre de carbone offre une bonne r\u00e9sistance \u00e0 la traction et une bonne maniabilit\u00e9 aux \u00e9quipements sportifs, ce qui permet aux athl\u00e8tes de jouer \u00e0 un meilleur niveau pendant l'utilisation.<\/p>","protected":false},"excerpt":{"rendered":"<p>La fibre de carbone est fabriqu\u00e9e \u00e0 partir de fibres organiques (telles que les fibres de polyacrylonitrile, les fibres d'asphalte, etc.) par le biais d'une s\u00e9rie de processus complexes tels que la carbonisation \u00e0 haute temp\u00e9rature. Sa teneur en carbone est g\u00e9n\u00e9ralement sup\u00e9rieure \u00e0 90%. Elle pr\u00e9sente d'excellentes caract\u00e9ristiques telles qu'une grande solidit\u00e9, une faible densit\u00e9 et une r\u00e9sistance aux temp\u00e9ratures \u00e9lev\u00e9es, et joue un r\u00f4le cl\u00e9 dans de nombreux domaines de pointe.<\/p>\n<p>La fibre de carbone peut pr\u00e9senter une grande vari\u00e9t\u00e9 de formes. En fonction de vos besoins sp\u00e9cifiques, elles peuvent \u00eatre usin\u00e9es avec pr\u00e9cision pour s'adapter \u00e0 vos dimensions exactes.<\/p>","protected":false},"featured_media":6934,"template":"","meta":[],"product_brand":[],"product_cat":[39],"product_tag":[],"class_list":{"0":"post-6931","1":"product","2":"type-product","3":"status-publish","4":"has-post-thumbnail","6":"product_cat-carbon-products","8":"first","9":"instock","10":"shipping-taxable","11":"product-type-simple"},"yoast_head":"<!-- This site is optimized with the Yoast SEO Premium plugin v19.2.1 (Yoast SEO v25.3) - https:\/\/yoast.com\/wordpress\/plugins\/seo\/ -->\n<title>Carbon Fiber Manufacturer - Best Price| Jinsun Carbon<\/title>\n<meta name=\"description\" content=\"Carbon fiber manufacturer in China, carbon fiber best prices for sale.\" \/>\n<meta name=\"robots\" content=\"index, follow, max-snippet:-1, max-image-preview:large, max-video-preview:-1\" \/>\n<link rel=\"canonical\" href=\"https:\/\/jinsuncarbon.com\/fr\/produit-2\/fibre-de-carbone\/\" \/>\n<meta property=\"og:locale\" content=\"fr_FR\" \/>\n<meta property=\"og:type\" content=\"article\" \/>\n<meta property=\"og:title\" content=\"Carbon Fiber\" \/>\n<meta property=\"og:description\" content=\"Carbon fiber manufacturer in China, carbon fiber best prices for sale.\" \/>\n<meta property=\"og:url\" content=\"https:\/\/jinsuncarbon.com\/fr\/produit-2\/fibre-de-carbone\/\" \/>\n<meta property=\"og:site_name\" content=\"Jinsun Carbon\" \/>\n<meta property=\"article:publisher\" content=\"https:\/\/www.facebook.com\/Graphite-Electrode-109336238661595\" \/>\n<meta property=\"article:modified_time\" content=\"2024-12-09T14:53:40+00:00\" \/>\n<meta property=\"og:image\" content=\"https:\/\/jinsuncarbon.com\/wp-content\/uploads\/2024\/12\/Carbon-Fiber.jpg\" \/>\n\t<meta property=\"og:image:width\" content=\"1024\" \/>\n\t<meta property=\"og:image:height\" content=\"763\" \/>\n\t<meta property=\"og:image:type\" content=\"image\/jpeg\" \/>\n<meta name=\"twitter:card\" content=\"summary_large_image\" \/>\n<meta name=\"twitter:site\" content=\"@jinsuncarbon_\" \/>\n<meta name=\"twitter:label1\" content=\"Dur\u00e9e de lecture estim\u00e9e\" \/>\n\t<meta name=\"twitter:data1\" content=\"4 minutes\" \/>\n<script type=\"application\/ld+json\" class=\"yoast-schema-graph\">{\"@context\":\"https:\/\/schema.org\",\"@graph\":[{\"@type\":\"WebPage\",\"@id\":\"https:\/\/jinsuncarbon.com\/product\/carbon-fiber\/\",\"url\":\"https:\/\/jinsuncarbon.com\/product\/carbon-fiber\/\",\"name\":\"Carbon Fiber Manufacturer - Best Price| Jinsun Carbon\",\"isPartOf\":{\"@id\":\"https:\/\/jinsuncarbon.com\/#website\"},\"primaryImageOfPage\":{\"@id\":\"https:\/\/jinsuncarbon.com\/product\/carbon-fiber\/#primaryimage\"},\"image\":{\"@id\":\"https:\/\/jinsuncarbon.com\/product\/carbon-fiber\/#primaryimage\"},\"thumbnailUrl\":\"https:\/\/jinsuncarbon.com\/wp-content\/uploads\/2024\/12\/Carbon-Fiber.jpg\",\"datePublished\":\"2024-12-05T15:02:51+00:00\",\"dateModified\":\"2024-12-09T14:53:40+00:00\",\"description\":\"Carbon fiber manufacturer in China, carbon fiber best prices for sale.\",\"breadcrumb\":{\"@id\":\"https:\/\/jinsuncarbon.com\/product\/carbon-fiber\/#breadcrumb\"},\"inLanguage\":\"fr-FR\",\"potentialAction\":[{\"@type\":\"ReadAction\",\"target\":[\"https:\/\/jinsuncarbon.com\/product\/carbon-fiber\/\"]}]},{\"@type\":\"ImageObject\",\"inLanguage\":\"fr-FR\",\"@id\":\"https:\/\/jinsuncarbon.com\/product\/carbon-fiber\/#primaryimage\",\"url\":\"https:\/\/jinsuncarbon.com\/wp-content\/uploads\/2024\/12\/Carbon-Fiber.jpg\",\"contentUrl\":\"https:\/\/jinsuncarbon.com\/wp-content\/uploads\/2024\/12\/Carbon-Fiber.jpg\",\"width\":1024,\"height\":763,\"caption\":\"Carbon Fiber\"},{\"@type\":\"BreadcrumbList\",\"@id\":\"https:\/\/jinsuncarbon.com\/product\/carbon-fiber\/#breadcrumb\",\"itemListElement\":[{\"@type\":\"ListItem\",\"position\":1,\"name\":\"Home\",\"item\":\"https:\/\/jinsuncarbon.com\/\"},{\"@type\":\"ListItem\",\"position\":2,\"name\":\"Products\",\"item\":\"https:\/\/jinsuncarbon.com\/graphite-carbon\/\"},{\"@type\":\"ListItem\",\"position\":3,\"name\":\"Carbon Fiber\"}]},{\"@type\":\"WebSite\",\"@id\":\"https:\/\/jinsuncarbon.com\/#website\",\"url\":\"https:\/\/jinsuncarbon.com\/\",\"name\":\"Jinsun Carbon\",\"description\":\"We are the successful graphite electrode manufacturer in China\",\"publisher\":{\"@id\":\"https:\/\/jinsuncarbon.com\/#organization\"},\"potentialAction\":[{\"@type\":\"SearchAction\",\"target\":{\"@type\":\"EntryPoint\",\"urlTemplate\":\"https:\/\/jinsuncarbon.com\/?s={search_term_string}\"},\"query-input\":{\"@type\":\"PropertyValueSpecification\",\"valueRequired\":true,\"valueName\":\"search_term_string\"}}],\"inLanguage\":\"fr-FR\"},{\"@type\":\"Organization\",\"@id\":\"https:\/\/jinsuncarbon.com\/#organization\",\"name\":\"Jinsun Carbon\",\"alternateName\":\"Jinsun Carbon\",\"url\":\"https:\/\/jinsuncarbon.com\/\",\"logo\":{\"@type\":\"ImageObject\",\"inLanguage\":\"fr-FR\",\"@id\":\"https:\/\/jinsuncarbon.com\/#\/schema\/logo\/image\/\",\"url\":\"https:\/\/jinsuncarbon.com\/wp-content\/uploads\/2022\/12\/LOGO-1.png\",\"contentUrl\":\"https:\/\/jinsuncarbon.com\/wp-content\/uploads\/2022\/12\/LOGO-1.png\",\"width\":207,\"height\":80,\"caption\":\"Jinsun Carbon\"},\"image\":{\"@id\":\"https:\/\/jinsuncarbon.com\/#\/schema\/logo\/image\/\"},\"sameAs\":[\"https:\/\/www.facebook.com\/Graphite-Electrode-109336238661595\",\"https:\/\/x.com\/jinsuncarbon_\",\"https:\/\/www.linkedin.com\/in\/jinsungraphite\",\"https:\/\/www.youtube.com\/channel\/UCysDNyvyR5-3cCWEmpkVC0g\"]}]}<\/script>\n<!-- \/ Yoast SEO Premium plugin. -->","yoast_head_json":{"title":"Fabricant de fibres de carbone - Meilleur prix| Jinsun Carbon","description":"Fibre de carbone fabricant en Chine, fibre de carbone meilleurs prix pour la vente.","robots":{"index":"index","follow":"follow","max-snippet":"max-snippet:-1","max-image-preview":"max-image-preview:large","max-video-preview":"max-video-preview:-1"},"canonical":"https:\/\/jinsuncarbon.com\/fr\/produit-2\/fibre-de-carbone\/","og_locale":"fr_FR","og_type":"article","og_title":"Carbon Fiber","og_description":"Carbon fiber manufacturer in China, carbon fiber best prices for sale.","og_url":"https:\/\/jinsuncarbon.com\/fr\/produit-2\/fibre-de-carbone\/","og_site_name":"Jinsun Carbon","article_publisher":"https:\/\/www.facebook.com\/Graphite-Electrode-109336238661595","article_modified_time":"2024-12-09T14:53:40+00:00","og_image":[{"width":1024,"height":763,"url":"https:\/\/jinsuncarbon.com\/wp-content\/uploads\/2024\/12\/Carbon-Fiber.jpg","type":"image\/jpeg"}],"twitter_card":"summary_large_image","twitter_site":"@jinsuncarbon_","twitter_misc":{"Dur\u00e9e de lecture estim\u00e9e":"4 minutes"},"schema":{"@context":"https:\/\/schema.org","@graph":[{"@type":"WebPage","@id":"https:\/\/jinsuncarbon.com\/product\/carbon-fiber\/","url":"https:\/\/jinsuncarbon.com\/product\/carbon-fiber\/","name":"Fabricant de fibres de carbone - Meilleur prix| Jinsun Carbon","isPartOf":{"@id":"https:\/\/jinsuncarbon.com\/#website"},"primaryImageOfPage":{"@id":"https:\/\/jinsuncarbon.com\/product\/carbon-fiber\/#primaryimage"},"image":{"@id":"https:\/\/jinsuncarbon.com\/product\/carbon-fiber\/#primaryimage"},"thumbnailUrl":"https:\/\/jinsuncarbon.com\/wp-content\/uploads\/2024\/12\/Carbon-Fiber.jpg","datePublished":"2024-12-05T15:02:51+00:00","dateModified":"2024-12-09T14:53:40+00:00","description":"Fibre de carbone fabricant en Chine, fibre de carbone meilleurs prix pour la vente.","breadcrumb":{"@id":"https:\/\/jinsuncarbon.com\/product\/carbon-fiber\/#breadcrumb"},"inLanguage":"fr-FR","potentialAction":[{"@type":"ReadAction","target":["https:\/\/jinsuncarbon.com\/product\/carbon-fiber\/"]}]},{"@type":"ImageObject","inLanguage":"fr-FR","@id":"https:\/\/jinsuncarbon.com\/product\/carbon-fiber\/#primaryimage","url":"https:\/\/jinsuncarbon.com\/wp-content\/uploads\/2024\/12\/Carbon-Fiber.jpg","contentUrl":"https:\/\/jinsuncarbon.com\/wp-content\/uploads\/2024\/12\/Carbon-Fiber.jpg","width":1024,"height":763,"caption":"Carbon Fiber"},{"@type":"BreadcrumbList","@id":"https:\/\/jinsuncarbon.com\/product\/carbon-fiber\/#breadcrumb","itemListElement":[{"@type":"ListItem","position":1,"name":"Home","item":"https:\/\/jinsuncarbon.com\/"},{"@type":"ListItem","position":2,"name":"Products","item":"https:\/\/jinsuncarbon.com\/graphite-carbon\/"},{"@type":"ListItem","position":3,"name":"Carbon Fiber"}]},{"@type":"WebSite","@id":"https:\/\/jinsuncarbon.com\/#website","url":"https:\/\/jinsuncarbon.com\/","name":"Jinsun Carbon","description":"Nous sommes le fabricant d'\u00e9lectrodes en graphite le plus performant de Chine.","publisher":{"@id":"https:\/\/jinsuncarbon.com\/#organization"},"potentialAction":[{"@type":"SearchAction","target":{"@type":"EntryPoint","urlTemplate":"https:\/\/jinsuncarbon.com\/?s={search_term_string}"},"query-input":{"@type":"PropertyValueSpecification","valueRequired":true,"valueName":"search_term_string"}}],"inLanguage":"fr-FR"},{"@type":"Organization","@id":"https:\/\/jinsuncarbon.com\/#organization","name":"Jinsun Carbon","alternateName":"Jinsun Carbon","url":"https:\/\/jinsuncarbon.com\/","logo":{"@type":"ImageObject","inLanguage":"fr-FR","@id":"https:\/\/jinsuncarbon.com\/#\/schema\/logo\/image\/","url":"https:\/\/jinsuncarbon.com\/wp-content\/uploads\/2022\/12\/LOGO-1.png","contentUrl":"https:\/\/jinsuncarbon.com\/wp-content\/uploads\/2022\/12\/LOGO-1.png","width":207,"height":80,"caption":"Jinsun Carbon"},"image":{"@id":"https:\/\/jinsuncarbon.com\/#\/schema\/logo\/image\/"},"sameAs":["https:\/\/www.facebook.com\/Graphite-Electrode-109336238661595","https:\/\/x.com\/jinsuncarbon_","https:\/\/www.linkedin.com\/in\/jinsungraphite","https:\/\/www.youtube.com\/channel\/UCysDNyvyR5-3cCWEmpkVC0g"]}]}},"_links":{"self":[{"href":"https:\/\/jinsuncarbon.com\/fr\/wp-json\/wp\/v2\/product\/6931","targetHints":{"allow":["GET"]}}],"collection":[{"href":"https:\/\/jinsuncarbon.com\/fr\/wp-json\/wp\/v2\/product"}],"about":[{"href":"https:\/\/jinsuncarbon.com\/fr\/wp-json\/wp\/v2\/types\/product"}],"wp:featuredmedia":[{"embeddable":true,"href":"https:\/\/jinsuncarbon.com\/fr\/wp-json\/wp\/v2\/media\/6934"}],"wp:attachment":[{"href":"https:\/\/jinsuncarbon.com\/fr\/wp-json\/wp\/v2\/media?parent=6931"}],"wp:term":[{"taxonomy":"product_brand","embeddable":true,"href":"https:\/\/jinsuncarbon.com\/fr\/wp-json\/wp\/v2\/product_brand?post=6931"},{"taxonomy":"product_cat","embeddable":true,"href":"https:\/\/jinsuncarbon.com\/fr\/wp-json\/wp\/v2\/product_cat?post=6931"},{"taxonomy":"product_tag","embeddable":true,"href":"https:\/\/jinsuncarbon.com\/fr\/wp-json\/wp\/v2\/product_tag?post=6931"}],"curies":[{"name":"wp","href":"https:\/\/api.w.org\/{rel}","templated":true}]}}